{"id":20573,"date":"2023-02-06T11:49:45","date_gmt":"2023-02-06T11:49:45","guid":{"rendered":"https:\/\/allin1bitcoins.com\/?page_id=20573"},"modified":"2023-02-06T11:49:49","modified_gmt":"2023-02-06T11:49:49","slug":"australia","status":"publish","type":"page","link":"https:\/\/allin1bitcoins.com\/es\/crypto\/wrapped-ncg\/australia\/","title":{"rendered":"C\u00f3mo Comprar Wrapped NCG (WNCG) En Australia"},"content":{"rendered":"\n<h2 class=\"wp-block-heading\">En Australia, puedes comprar monedas Wrapped NCG siguiendo estos sencillos pasos:<\/h2>\n\n\n\n<ul><li>Encuentra una exchange de criptomonedas confiable que admita Wrapped NCG Coin.<br><br><\/li><li>Abre un perfil en la exchange.<br><br><\/li><li>Al proporcionar los detalles financieros y personales requeridos, puedes confirmar tu identificaci\u00f3n.<br><br><\/li><li>Usa una transferencia bancaria o tarjeta de cr\u00e9dito\/d\u00e9bito para agregar d\u00f3lares australianos a tu cuenta.<br><br><\/li><li>Usa tus d\u00f3lares australianos para buscar Wrapped NCG Coin y realizar una orden para comprarlo.<br><br><\/li><li>Retira Wrapped NCG Coin y col\u00f3calo en tu propia billetera de criptomonedas.<\/li><\/ul>\n\n\n\n<h2 class=\"wp-block-heading\">Resumen de las monedas Wrapped NCG<\/h2>\n\n\n\n<p>Un activo digital llamado Wrapped NCG Coin est\u00e1 basado en la blockchain de Ethereum. Es un tipo de token que representa una unidad de valor y se puede vender en sitios web que trabajan con criptomonedas. Wrapped NCG Coin es distintivo porque est\u00e1 &#8220;envuelto&#8221; en torno a NCG Coin, otra criptomoneda. Como resultado, el valor de Wrapped NCG Coin depende del valor de NCG Coin y est\u00e1 respaldado por una cierta cantidad de NCG Coin.<\/p>\n\n\n\n<p>Dado que NCG Coin no es nativo de Ethereum, se desarroll\u00f3 Wrapped NCG Coin para permitir que NCG Coin se use en la red de Ethereum. Ahora los usuarios pueden utilizar NCG Coin en plataformas basadas en Ethereum como intercambios descentralizados (DEXs) y aplicaciones de contratos inteligentes, ya que NCG Coin ha sido envuelto en una forma compatible con Ethereum.<\/p>\n\n\n\n<h2 class=\"wp-block-heading\">Ventajas de comprar monedas Wrapped NCG<\/h2>\n\n\n\n<p><strong>Es posible que est\u00e9 interesado en comprar Wrapped NCG Coin por los siguientes motivos:<\/strong><\/p>\n\n\n\n<ul><li><strong>Portabilidad: <\/strong>Wrapped NCG Coin es m\u00e1s portable que NCG Coin, que no es una moneda nativa de Ethereum, ya que se puede mover y comerciar con facilidad en plataformas basadas en Ethereum.<br><br><\/li><li><strong>Flexibilidad: <\/strong>Wrapped NCG Coin se puede usar de varias maneras en Ethereum, incluyendo participar en protocolos de finanzas descentralizadas (DeFi) y votar en decisiones administrativas. Wrapped NCG Coin es m\u00e1s l\u00edquido que NCG Coin porque es f\u00e1cil de comprar y vender en intercambios de criptomonedas.<\/li><\/ul>\n\n\n\n<h2 class=\"wp-block-heading\">Instrucciones detalladas sobre c\u00f3mo envolver monedas NCG en Australia<\/h2>\n\n\n\n<p><strong>A continuaci\u00f3n se proporciona una gu\u00eda paso a paso sobre c\u00f3mo comprar Wrapped NCG Coin en Australia:<\/strong><\/p>\n\n\n\n<ol><li>Encontrar una plataforma de intercambio de criptomonedas confiable que acepte Wrapped NCG Coin. Coinbase, Binance y Kraken son algunas opciones populares.<br><br><\/li><li>Abrir un perfil en la plataforma. Generalmente se requerir\u00e1n datos personales y financieros como nombre, direcci\u00f3n de correo electr\u00f3nico e identificaci\u00f3n emitida por el gobierno.<br><br><\/li><li>Confirmar tu identidad. Antes de comprar Wrapped NCG Coin, la mayor\u00eda de las plataformas requieren que confirmes tu identidad. La forma m\u00e1s com\u00fan de hacerlo es subir una copia de tu ID y un comprobante de direcci\u00f3n.<br><br><\/li><li>Agregar alguna moneda australiana a tu cuenta. Se puede hacer con una transferencia bancaria o una tarjeta de cr\u00e9dito\/d\u00e9bito. Usa tus d\u00f3lares australianos para buscar Wrapped NCG Coin y realizar una orden de compra. La plataforma realizar\u00e1 la transacci\u00f3n, conect\u00e1ndote instant\u00e1neamente con un vendedor.<br><br><\/li><li>Sacar el Wrapped NCG Coin y guardarlo en tu propia billetera de criptomonedas. Dado que las plataformas son susceptibles a hacking, es una buena idea guardar tus activos digitales en una billetera personal en lugar de en una plataforma.<\/li><\/ol>\n\n\n\n<figure class=\"wp-block-embed is-type-video is-provider-youtube wp-block-embed-youtube wp-embed-aspect-16-9 wp-has-aspect-ratio\"><div class=\"wp-block-embed__wrapper\">\n<iframe title=\"WNCG COIN TO THE MOON ! WRAPPED NCG PRICE PREDICTION $4,5 IS REAL\u2049\ufe0f\" width=\"800\" height=\"450\" src=\"https:\/\/www.youtube.com\/embed\/rRFXEpSzDJg?feature=oembed\" frameborder=\"0\" allow=\"accelerometer; autoplay; clipboard-write; encrypted-media; gyroscope; picture-in-picture; web-share\" allowfullscreen><\/iframe>\n<\/div><\/figure>\n\n\n\n<h2 class=\"wp-block-heading\">Impuesto en la compra de Wrapped NCG Coin en Australia<\/h2>\n\n\n\n<p>Dependiendo de c\u00f3mo lo uses, comprar Wrapped NCG Coin en Australia puede tener implicaciones fiscales.<\/p>\n\n\n\n<p>Es posible que tengas que pagar impuesto sobre ganancias de capital si compras Wrapped NCG Coin como una inversi\u00f3n y la guardas por mucho tiempo antes de venderla. La ganancia que obtienes cuando vendes un activo por m\u00e1s de lo que lo compraste est\u00e1 sujeta a impuesto sobre ganancias de capital. En Australia, se aplica un impuesto sobre ganancias de capital del 50% a la ganancia.<\/p>\n\n\n\n<p>Sin embargo, puedes estar sujeto a Impuesto sobre bienes y servicios si compras Wrapped NCG Coin con la intenci\u00f3n de usarlo como forma de pago, como para comprar bienes y servicios (GST). Esto se debe a que la Oficina de Impuestos de Australia (ATO) considera las transacciones con bitcoin como un suministro gravable.<\/p>\n\n\n\n<p>Es importante tener en cuenta que el tratamiento fiscal de Wrapped NCG Coin a\u00fan est\u00e1 evolucionando y puede variar dependiendo de tus circunstancias individuales. Para obtener m\u00e1s informaci\u00f3n, siempre es una buena idea hablar con un experto en impuestos o con la ATO.<\/p>\n\n\n\n<h2 class=\"wp-block-heading\">Conclusi\u00f3n<\/h2>\n\n\n\n<p>Siempre y cuando sigas las instrucciones proporcionadas en este post, la compra de monedas NCG envolventes en Australia es bastante sencilla. Puedes adquirir y poseer de manera segura Wrapped NCG Coin en Australia utilizando una exchange de criptomonedas de confianza, confirmando tu identidad y guardando tus monedas en una billetera personal. Tambi\u00e9n es importante considerar las posibles repercusiones fiscales de la compra y uso de Wrapped NCG Coin en Australia.<\/p>\n\n\n\n<!-- Page-list plugin v.5.9 wordpress.org\/plugins\/page-list\/ -->\n<ul class=\"page-list siblings-page-list \">\n<li class=\"page_item page-item-20717\"><a href=\"https:\/\/allin1bitcoins.com\/es\/crypto\/wrapped-ncg\/debit-card\/\">C\u00f3mo Comprar Wrapped NCG (WNCG) Con Una Tarjeta De D\u00e9bito<\/a><\/li>\n<li class=\"page_item page-item-20573\"><a href=\"https:\/\/allin1bitcoins.com\/es\/crypto\/wrapped-ncg\/australia\/\">C\u00f3mo Comprar Wrapped NCG (WNCG) En Australia<\/a><\/li>\n<li class=\"page_item page-item-20562\"><a href=\"https:\/\/allin1bitcoins.com\/es\/crypto\/wrapped-ncg\/canada\/\">C\u00f3mo Comprar Wrapped NCG (WNCG) En Canad\u00e1<\/a><\/li>\n<li class=\"page_item page-item-20552\"><a href=\"https:\/\/allin1bitcoins.com\/es\/crypto\/wrapped-ncg\/united-kingdom\/\">C\u00f3mo Comprar Wrapped NCG (WNCG) En El Reino Unido<\/a><\/li>\n<li class=\"page_item page-item-20596\"><a href=\"https:\/\/allin1bitcoins.com\/es\/crypto\/wrapped-ncg\/united-states\/\">C\u00f3mo Comprar Wrapped NCG (WNCG) En Los Estados Unidos<\/a><\/li>\n<li class=\"page_item page-item-20608\"><a href=\"https:\/\/allin1bitcoins.com\/es\/crypto\/wrapped-ncg\/paypal\/\">C\u00f3mo Comprar Wrapped-NCG (WNCG) Con PayPal<\/a><\/li>\n<li class=\"page_item page-item-20735\"><a href=\"https:\/\/allin1bitcoins.com\/es\/crypto\/wrapped-ncg\/bank-account\/\">C\u00f3mo Comprar Wrapped-NCG (WNCG) Con Una Cuenta Bancaria<\/a><\/li>\n<li class=\"page_item page-item-20684\"><a href=\"https:\/\/allin1bitcoins.com\/es\/crypto\/wrapped-ncg\/credit-card\/\">C\u00f3mo Comprar Wrapped-NCG (WNCG) Con Una Tarjeta De Cr\u00e9dito<\/a><\/li>\n\n<\/ul>\n","protected":false},"excerpt":{"rendered":"<p>En Australia, puedes comprar monedas Wrapped NCG siguiendo estos sencillos pasos: Encuentra una exchange de criptomonedas confiable que admita Wrapped NCG Coin. Abre un perfil en la exchange. Al proporcionar los detalles financieros y personales requeridos, puedes confirmar tu identificaci\u00f3n. Usa una transferencia bancaria o tarjeta de cr\u00e9dito\/d\u00e9bito para agregar d\u00f3lares australianos a tu cuenta&#8230;.<\/p>\n","protected":false},"author":5,"featured_media":20582,"parent":20509,"menu_order":0,"comment_status":"closed","ping_status":"closed","template":"","meta":{"cybocfi_hide_featured_image":"","footnotes":""},"acf":[],"yoast_head":"<!-- This site is optimized with the Yoast SEO plugin v21.7 - https:\/\/yoast.com\/wordpress\/plugins\/seo\/ -->\n<title>C\u00f3mo Comprar Wrapped NCG (WNCG) En Australia<\/title>\n<meta name=\"description\" content=\"En Australia, puedes comprar monedas NCG envueltas siguiendo estos sencillos pasos. Lee estos sencillos pasos para comprar WNCG en Australia.\" \/>\n<meta name=\"robots\" content=\"index, follow, max-snippet:-1, max-image-preview:large, max-video-preview:-1\" \/>\n<link rel=\"canonical\" href=\"https:\/\/allin1bitcoins.com\/es\/crypto\/wrapped-ncg\/australia\/\" \/>\n<meta property=\"og:locale\" content=\"es_ES\" \/>\n<meta property=\"og:type\" content=\"article\" \/>\n<meta property=\"og:title\" content=\"C\u00f3mo Comprar Wrapped NCG (WNCG) En Australia\" \/>\n<meta property=\"og:description\" content=\"En Australia, puedes comprar monedas NCG envueltas siguiendo estos sencillos pasos. Lee estos sencillos pasos para comprar WNCG en Australia.\" \/>\n<meta property=\"og:url\" content=\"https:\/\/allin1bitcoins.com\/es\/crypto\/wrapped-ncg\/australia\/\" \/>\n<meta property=\"og:site_name\" content=\"Allin1Bitcoins\" \/>\n<meta property=\"article:modified_time\" content=\"2023-02-06T11:49:49+00:00\" \/>\n<meta property=\"og:image\" content=\"https:\/\/allin1bitcoins.com\/wp-content\/uploads\/2023\/02\/pexels-mikhail-nilov-7735700.jpg\" \/>\n\t<meta property=\"og:image:width\" content=\"1280\" \/>\n\t<meta property=\"og:image:height\" content=\"934\" \/>\n\t<meta property=\"og:image:type\" content=\"image\/jpeg\" \/>\n<meta name=\"twitter:card\" content=\"summary_large_image\" \/>\n<meta name=\"twitter:label1\" content=\"Est. reading time\" \/>\n\t<meta name=\"twitter:data1\" content=\"4 minutes\" \/>\n<!-- \/ Yoast SEO plugin. -->","yoast_head_json":{"title":"C\u00f3mo Comprar Wrapped NCG (WNCG) En Australia","description":"En Australia, puedes comprar monedas NCG envueltas siguiendo estos sencillos pasos. Lee estos sencillos pasos para comprar WNCG en Australia.","robots":{"index":"index","follow":"follow","max-snippet":"max-snippet:-1","max-image-preview":"max-image-preview:large","max-video-preview":"max-video-preview:-1"},"canonical":"https:\/\/allin1bitcoins.com\/es\/crypto\/wrapped-ncg\/australia\/","og_locale":"es_ES","og_type":"article","og_title":"C\u00f3mo Comprar Wrapped NCG (WNCG) En Australia","og_description":"En Australia, puedes comprar monedas NCG envueltas siguiendo estos sencillos pasos. Lee estos sencillos pasos para comprar WNCG en Australia.","og_url":"https:\/\/allin1bitcoins.com\/es\/crypto\/wrapped-ncg\/australia\/","og_site_name":"Allin1Bitcoins","article_modified_time":"2023-02-06T11:49:49+00:00","og_image":[{"width":1280,"height":934,"url":"https:\/\/allin1bitcoins.com\/wp-content\/uploads\/2023\/02\/pexels-mikhail-nilov-7735700.jpg","type":"image\/jpeg"}],"twitter_card":"summary_large_image","twitter_misc":{"Est. reading time":"4 minutes"},"schema":{"@context":"https:\/\/schema.org","@graph":[{"@type":"WebPage","@id":"https:\/\/allin1bitcoins.com\/es\/crypto\/wrapped-ncg\/australia\/","url":"https:\/\/allin1bitcoins.com\/es\/crypto\/wrapped-ncg\/australia\/","name":"C\u00f3mo Comprar Wrapped NCG (WNCG) En Australia","isPartOf":{"@id":"https:\/\/allin1bitcoins.com\/es\/#website"},"datePublished":"2023-02-06T11:49:45+00:00","dateModified":"2023-02-06T11:49:49+00:00","description":"En Australia, puedes comprar monedas NCG envueltas siguiendo estos sencillos pasos. Lee estos sencillos pasos para comprar WNCG en Australia.","breadcrumb":{"@id":"https:\/\/allin1bitcoins.com\/es\/crypto\/wrapped-ncg\/australia\/#breadcrumb"},"inLanguage":"es","potentialAction":[{"@type":"ReadAction","target":["https:\/\/allin1bitcoins.com\/es\/crypto\/wrapped-ncg\/australia\/"]}]},{"@type":"BreadcrumbList","@id":"https:\/\/allin1bitcoins.com\/es\/crypto\/wrapped-ncg\/australia\/#breadcrumb","itemListElement":[{"@type":"ListItem","position":1,"name":"Home","item":"https:\/\/allin1bitcoins.com\/es\/"},{"@type":"ListItem","position":2,"name":"Cripto","item":"https:\/\/allin1bitcoins.com\/es\/crypto\/"},{"@type":"ListItem","position":3,"name":"C\u00f3mo Comprar Wrapped NCG (WNCG) &#8211; Gu\u00eda Paso a Paso 2023","item":"https:\/\/allin1bitcoins.com\/es\/crypto\/wrapped-ncg\/"},{"@type":"ListItem","position":4,"name":"C\u00f3mo Comprar Wrapped NCG (WNCG) En Australia"}]},{"@type":"WebSite","@id":"https:\/\/allin1bitcoins.com\/es\/#website","url":"https:\/\/allin1bitcoins.com\/es\/","name":"Allin1Bitcoins","description":"","publisher":{"@id":"https:\/\/allin1bitcoins.com\/es\/#organization"},"potentialAction":[{"@type":"SearchAction","target":{"@type":"EntryPoint","urlTemplate":"https:\/\/allin1bitcoins.com\/es\/?s={search_term_string}"},"query-input":"required name=search_term_string"}],"inLanguage":"es"},{"@type":"Organization","@id":"https:\/\/allin1bitcoins.com\/es\/#organization","name":"allin1bitcoins","url":"https:\/\/allin1bitcoins.com\/es\/","logo":{"@type":"ImageObject","inLanguage":"es","@id":"https:\/\/allin1bitcoins.com\/es\/#\/schema\/logo\/image\/","url":"https:\/\/allin1bitcoins.com\/wp-content\/uploads\/2019\/01\/logo-new.png","contentUrl":"https:\/\/allin1bitcoins.com\/wp-content\/uploads\/2019\/01\/logo-new.png","width":178,"height":71,"caption":"allin1bitcoins"},"image":{"@id":"https:\/\/allin1bitcoins.com\/es\/#\/schema\/logo\/image\/"}}]}},"_links":{"self":[{"href":"https:\/\/allin1bitcoins.com\/es\/wp-json\/wp\/v2\/pages\/20573"}],"collection":[{"href":"https:\/\/allin1bitcoins.com\/es\/wp-json\/wp\/v2\/pages"}],"about":[{"href":"https:\/\/allin1bitcoins.com\/es\/wp-json\/wp\/v2\/types\/page"}],"author":[{"embeddable":true,"href":"https:\/\/allin1bitcoins.com\/es\/wp-json\/wp\/v2\/users\/5"}],"replies":[{"embeddable":true,"href":"https:\/\/allin1bitcoins.com\/es\/wp-json\/wp\/v2\/comments?post=20573"}],"version-history":[{"count":1,"href":"https:\/\/allin1bitcoins.com\/es\/wp-json\/wp\/v2\/pages\/20573\/revisions"}],"predecessor-version":[{"id":20586,"href":"https:\/\/allin1bitcoins.com\/es\/wp-json\/wp\/v2\/pages\/20573\/revisions\/20586"}],"up":[{"embeddable":true,"href":"https:\/\/allin1bitcoins.com\/es\/wp-json\/wp\/v2\/pages\/20509"}],"wp:featuredmedia":[{"embeddable":true,"href":"https:\/\/allin1bitcoins.com\/es\/wp-json\/wp\/v2\/media\/20582"}],"wp:attachment":[{"href":"https:\/\/allin1bitcoins.com\/es\/wp-json\/wp\/v2\/media?parent=20573"}],"curies":[{"name":"wp","href":"https:\/\/api.w.org\/{rel}","templated":true}]}}