{"id":20596,"date":"2023-02-06T13:47:30","date_gmt":"2023-02-06T13:47:30","guid":{"rendered":"https:\/\/allin1bitcoins.com\/?page_id=20596"},"modified":"2023-02-06T13:47:33","modified_gmt":"2023-02-06T13:47:33","slug":"united-states","status":"publish","type":"page","link":"https:\/\/allin1bitcoins.com\/es\/crypto\/wrapped-ncg\/united-states\/","title":{"rendered":"C\u00f3mo Comprar Wrapped NCG (WNCG) En Los Estados Unidos"},"content":{"rendered":"\n<h2 class=\"wp-block-heading\">Puedes seguir estos procedimientos f\u00e1ciles para comprar Wrapped NCG Coin<\/h2>\n\n\n\n<ul><li>Se debe encontrar una criptomoneda de confianza que acepte Wrapped NCG Coin. Abre un perfil en la bolsa.<br><br><\/li><li>Al proporcionar los detalles financieros y personales requeridos, puedes confirmar tu identificaci\u00f3n.<br><br><\/li><li>Usa una transferencia bancaria o tarjeta de cr\u00e9dito\/d\u00e9bito para agregar fondos en d\u00f3lares estadounidenses a tu cuenta.<br><br><\/li><li>Usa tus d\u00f3lares estadounidenses para realizar una b\u00fasqueda de Wrapped NCG Coin y realizar un pedido para comprarlo.<br><br><\/li><li>Toma Wrapped NCG Coin y col\u00f3calo en tu propia billetera de criptomonedas.<\/li><\/ul>\n\n\n\n<h2 class=\"wp-block-heading\">Resumen de las monedas Wrapped NCG<\/h2>\n\n\n\n<p>Una activo digital llamado Wrapped NCG Coin se basa en la cadena de bloques Ethereum. Es un tipo de token que representa una unidad de valor y se puede vender en sitios web que tratan con criptomonedas. Wrapped NCG Coin es distintivo porque est\u00e1 &#8220;envuelto&#8221; alrededor de NCG Coin, otra criptomoneda. Como resultado, el valor de Wrapped NCG Coin depende del valor de NCG Coin y est\u00e1 respaldado por una cantidad determinada de NCG Coin.<\/p>\n\n\n\n<p>Dado que NCG Coin no es nativo de Ethereum, Wrapped NCG Coin se desarroll\u00f3 para permitir que NCG Coin se utilice en la red Ethereum. Ahora los usuarios pueden utilizar NCG Coin en plataformas basadas en Ethereum como intercambios descentralizados (DEXs) y aplicaciones de contratos inteligentes porque NCG Coin ha sido envuelto en una forma compatible con Ethereum.<\/p>\n\n\n\n<h2 class=\"wp-block-heading\">Ventajas de comprar monedas wrapped NCG<\/h2>\n\n\n\n<p><strong>Podr\u00edas estar interesado en comprar Wrapped NCG Coin por los siguientes motivos:<\/strong><\/p>\n\n\n\n<ul><li><strong>Portabilidad: <\/strong>Wrapped NCG Coin es m\u00e1s portable que NCG Coin, que no es una moneda nativa de Ethereum, ya que se puede mover y comerciar con facilidad en plataformas basadas en Ethereum.<br><br><\/li><li><strong>Flexibilidad: <\/strong>Wrapped NCG Coin se puede utilizar de varias maneras en Ethereum, incluido participar en protocolos de finanzas descentralizadas (DeFi) y votar por decisiones administrativas. Wrapped NCG Coin es m\u00e1s l\u00edquido que NCG Coin ya que es f\u00e1cil de comprar y vender en intercambios de criptomonedas.<\/li><\/ul>\n\n\n\n<h2 class=\"wp-block-heading\">Instrucciones detalladas sobre c\u00f3mo envolver las monedas NCG en los Estados Unidos<\/h2>\n\n\n\n<p><strong>Aqu\u00ed hay una gu\u00eda detallada sobre c\u00f3mo comprar monedas NCG envueltas en los EE. UU.:<\/strong><\/p>\n\n\n\n<ol><li>Debe encontrar una plataforma de cambio de criptomonedas confiable que acepte Wrapped NCG Coin. Coinbase, Binance y Kraken son algunas opciones populares.<br><br><\/li><li>Abre un perfil en la plataforma de intercambio. Generalmente se requieren detalles personales y financieros, como tu nombre, direcci\u00f3n de correo electr\u00f3nico e identificaci\u00f3n emitida por el gobierno.<br><br><\/li><li>Establece tu identidad. Antes de comprar Wrapped NCG Coin, la mayor\u00eda de las plataformas de intercambio exigen que confirmes tu identidad. La forma de hacer esto es subir una copia de tu ID y una prueba de direcci\u00f3n.<br><br><\/li><li>Ingresa dinero en tu cuenta en d\u00f3lares estadounidenses. Es posible hacer esto mediante una transferencia bancaria o una tarjeta de cr\u00e9dito \/ d\u00e9bito.<br><br><\/li><li>Usa tus d\u00f3lares estadounidenses para buscar Wrapped NCG Coin y realiza una orden para comprarlo. La plataforma de intercambio facilitar\u00e1 tu transacci\u00f3n, que instant\u00e1neamente te emparejar\u00e1 con un vendedor.<br><br><\/li><li>Toma Wrapped NCG Coin y col\u00f3calo en tu propia billetera de criptomonedas. Dado que las plataformas de intercambio son susceptibles a hackeos, es una buena idea almacenar tus activos digitales en una billetera personal en lugar de en una.<\/li><\/ol>\n\n\n\n<figure class=\"wp-block-embed is-type-video is-provider-youtube wp-block-embed-youtube wp-embed-aspect-16-9 wp-has-aspect-ratio\"><div class=\"wp-block-embed__wrapper\">\n<iframe title=\"How To Buy Wrapped NCG (WNCG) On KuCoin \ud83d\udc8e\" width=\"800\" height=\"450\" src=\"https:\/\/www.youtube.com\/embed\/QRDr00doQnc?feature=oembed\" frameborder=\"0\" allow=\"accelerometer; autoplay; clipboard-write; encrypted-media; gyroscope; picture-in-picture; web-share\" allowfullscreen><\/iframe>\n<\/div><\/figure>\n\n\n\n<h2 class=\"wp-block-heading\">Impuesto sobre la compra de Wrapped NCG Coin en los EE. UU.<\/h2>\n\n\n\n<p>Dependiendo de c\u00f3mo lo uses, comprar monedas NCG envueltas en los EE. UU. puede tener implicaciones fiscales.<\/p>\n\n\n\n<p>Es posible que tengas que pagar un impuesto sobre ganancias de capital si compras Wrapped NCG Coin como una inversi\u00f3n y la mantienes durante mucho tiempo antes de venderla. La ganancia que obtienes cuando vendes un activo por m\u00e1s de lo que lo compraste est\u00e1 sujeta a impuesto sobre ganancias de capital. Dependiendo de tu categor\u00eda de impuesto sobre la renta, el impuesto sobre ganancias de capital se determina en los EE. UU. a diferentes tasas.<\/p>\n\n\n\n<p>Las reglas del Servicio de Rentas Internas (IRS) para las transacciones de bienes tributables pueden aplicarse a ti si compras Wrapped NCG Coin con la intenci\u00f3n de usarlo como pago, como por ejemplo para bienes y servicios. Esto significa que podr\u00edan requerirte que incluyas la transacci\u00f3n en tu declaraci\u00f3n de impuestos y que pagues impuestos sobre cualquier ganancia.<\/p>\n\n\n\n<p>Es importante tener en cuenta que la clasificaci\u00f3n fiscal de las monedas NCG envueltas est\u00e1 en constante evoluci\u00f3n y puede cambiar dependiendo de tu situaci\u00f3n individual. Para obtener m\u00e1s informaci\u00f3n, siempre es una buena idea hablar con un representante del IRS o un experto en impuestos.<\/p>\n\n\n\n<h2 class=\"wp-block-heading\">Conclusi\u00f3n<\/h2>\n\n\n\n<p>Si sigues las instrucciones en este post, comprar monedas NCG envueltas en los EE. UU. es bastante sencillo. Puedes comprar y poseer de manera segura Wrapped NCG Coin en los EE. UU. eligiendo una plataforma de cambio de criptomonedas confiable, confirmando tu identificaci\u00f3n y manteniendo tus monedas en una billetera privada. Sin embargo, es crucial estar al tanto de cualquier posible implicaci\u00f3n fiscal asociada con la compra y uso de Wrapped NCG Coin en los EE. UU.<\/p>\n\n\n\n<!-- Page-list plugin v.5.9 wordpress.org\/plugins\/page-list\/ -->\n<ul class=\"page-list siblings-page-list \">\n<li class=\"page_item page-item-20717\"><a href=\"https:\/\/allin1bitcoins.com\/es\/crypto\/wrapped-ncg\/debit-card\/\">C\u00f3mo Comprar Wrapped NCG (WNCG) Con Una Tarjeta De D\u00e9bito<\/a><\/li>\n<li class=\"page_item page-item-20573\"><a href=\"https:\/\/allin1bitcoins.com\/es\/crypto\/wrapped-ncg\/australia\/\">C\u00f3mo Comprar Wrapped NCG (WNCG) En Australia<\/a><\/li>\n<li class=\"page_item page-item-20562\"><a href=\"https:\/\/allin1bitcoins.com\/es\/crypto\/wrapped-ncg\/canada\/\">C\u00f3mo Comprar Wrapped NCG (WNCG) En Canad\u00e1<\/a><\/li>\n<li class=\"page_item page-item-20552\"><a href=\"https:\/\/allin1bitcoins.com\/es\/crypto\/wrapped-ncg\/united-kingdom\/\">C\u00f3mo Comprar Wrapped NCG (WNCG) En El Reino Unido<\/a><\/li>\n<li class=\"page_item page-item-20596\"><a href=\"https:\/\/allin1bitcoins.com\/es\/crypto\/wrapped-ncg\/united-states\/\">C\u00f3mo Comprar Wrapped NCG (WNCG) En Los Estados Unidos<\/a><\/li>\n<li class=\"page_item page-item-20608\"><a href=\"https:\/\/allin1bitcoins.com\/es\/crypto\/wrapped-ncg\/paypal\/\">C\u00f3mo Comprar Wrapped-NCG (WNCG) Con PayPal<\/a><\/li>\n<li class=\"page_item page-item-20735\"><a href=\"https:\/\/allin1bitcoins.com\/es\/crypto\/wrapped-ncg\/bank-account\/\">C\u00f3mo Comprar Wrapped-NCG (WNCG) Con Una Cuenta Bancaria<\/a><\/li>\n<li class=\"page_item page-item-20684\"><a href=\"https:\/\/allin1bitcoins.com\/es\/crypto\/wrapped-ncg\/credit-card\/\">C\u00f3mo Comprar Wrapped-NCG (WNCG) Con Una Tarjeta De Cr\u00e9dito<\/a><\/li>\n\n<\/ul>\n","protected":false},"excerpt":{"rendered":"<p>Puedes seguir estos procedimientos f\u00e1ciles para comprar Wrapped NCG Coin Se debe encontrar una criptomoneda de confianza que acepte Wrapped NCG Coin. Abre un perfil en la bolsa. Al proporcionar los detalles financieros y personales requeridos, puedes confirmar tu identificaci\u00f3n. Usa una transferencia bancaria o tarjeta de cr\u00e9dito\/d\u00e9bito para agregar fondos en d\u00f3lares estadounidenses a&#8230;<\/p>\n","protected":false},"author":5,"featured_media":15843,"parent":20509,"menu_order":0,"comment_status":"closed","ping_status":"closed","template":"","meta":{"cybocfi_hide_featured_image":"","footnotes":""},"acf":[],"yoast_head":"<!-- This site is optimized with the Yoast SEO plugin v21.7 - https:\/\/yoast.com\/wordpress\/plugins\/seo\/ -->\n<title>C\u00f3mo Comprar Wrapped NCG (WNCG) En Los Estados Unidos<\/title>\n<meta name=\"description\" content=\"Puedes seguir estos sencillos procedimientos para comprar Wrapped NCG Coin en los Estados Unidos. Lee m\u00e1s para obtener m\u00e1s detalles.\" \/>\n<meta name=\"robots\" content=\"index, follow, max-snippet:-1, max-image-preview:large, max-video-preview:-1\" \/>\n<link rel=\"canonical\" href=\"https:\/\/allin1bitcoins.com\/es\/crypto\/wrapped-ncg\/united-states\/\" \/>\n<meta property=\"og:locale\" content=\"es_ES\" \/>\n<meta property=\"og:type\" content=\"article\" \/>\n<meta property=\"og:title\" content=\"C\u00f3mo Comprar Wrapped NCG (WNCG) En Los Estados Unidos\" \/>\n<meta property=\"og:description\" content=\"Puedes seguir estos sencillos procedimientos para comprar Wrapped NCG Coin en los Estados Unidos. Lee m\u00e1s para obtener m\u00e1s detalles.\" \/>\n<meta property=\"og:url\" content=\"https:\/\/allin1bitcoins.com\/es\/crypto\/wrapped-ncg\/united-states\/\" \/>\n<meta property=\"og:site_name\" content=\"Allin1Bitcoins\" \/>\n<meta property=\"article:modified_time\" content=\"2023-02-06T13:47:33+00:00\" \/>\n<meta property=\"og:image\" content=\"https:\/\/allin1bitcoins.com\/wp-content\/uploads\/2023\/01\/kelly-sikkema-2qoO6WnHubA-unsplash.jpg\" \/>\n\t<meta property=\"og:image:width\" content=\"1920\" \/>\n\t<meta property=\"og:image:height\" content=\"1134\" \/>\n\t<meta property=\"og:image:type\" content=\"image\/jpeg\" \/>\n<meta name=\"twitter:card\" content=\"summary_large_image\" \/>\n<meta name=\"twitter:label1\" content=\"Est. reading time\" \/>\n\t<meta name=\"twitter:data1\" content=\"4 minutes\" \/>\n<!-- \/ Yoast SEO plugin. -->","yoast_head_json":{"title":"C\u00f3mo Comprar Wrapped NCG (WNCG) En Los Estados Unidos","description":"Puedes seguir estos sencillos procedimientos para comprar Wrapped NCG Coin en los Estados Unidos. Lee m\u00e1s para obtener m\u00e1s detalles.","robots":{"index":"index","follow":"follow","max-snippet":"max-snippet:-1","max-image-preview":"max-image-preview:large","max-video-preview":"max-video-preview:-1"},"canonical":"https:\/\/allin1bitcoins.com\/es\/crypto\/wrapped-ncg\/united-states\/","og_locale":"es_ES","og_type":"article","og_title":"C\u00f3mo Comprar Wrapped NCG (WNCG) En Los Estados Unidos","og_description":"Puedes seguir estos sencillos procedimientos para comprar Wrapped NCG Coin en los Estados Unidos. Lee m\u00e1s para obtener m\u00e1s detalles.","og_url":"https:\/\/allin1bitcoins.com\/es\/crypto\/wrapped-ncg\/united-states\/","og_site_name":"Allin1Bitcoins","article_modified_time":"2023-02-06T13:47:33+00:00","og_image":[{"width":1920,"height":1134,"url":"https:\/\/allin1bitcoins.com\/wp-content\/uploads\/2023\/01\/kelly-sikkema-2qoO6WnHubA-unsplash.jpg","type":"image\/jpeg"}],"twitter_card":"summary_large_image","twitter_misc":{"Est. reading time":"4 minutes"},"schema":{"@context":"https:\/\/schema.org","@graph":[{"@type":"WebPage","@id":"https:\/\/allin1bitcoins.com\/es\/crypto\/wrapped-ncg\/united-states\/","url":"https:\/\/allin1bitcoins.com\/es\/crypto\/wrapped-ncg\/united-states\/","name":"C\u00f3mo Comprar Wrapped NCG (WNCG) En Los Estados Unidos","isPartOf":{"@id":"https:\/\/allin1bitcoins.com\/es\/#website"},"datePublished":"2023-02-06T13:47:30+00:00","dateModified":"2023-02-06T13:47:33+00:00","description":"Puedes seguir estos sencillos procedimientos para comprar Wrapped NCG Coin en los Estados Unidos. Lee m\u00e1s para obtener m\u00e1s detalles.","breadcrumb":{"@id":"https:\/\/allin1bitcoins.com\/es\/crypto\/wrapped-ncg\/united-states\/#breadcrumb"},"inLanguage":"es","potentialAction":[{"@type":"ReadAction","target":["https:\/\/allin1bitcoins.com\/es\/crypto\/wrapped-ncg\/united-states\/"]}]},{"@type":"BreadcrumbList","@id":"https:\/\/allin1bitcoins.com\/es\/crypto\/wrapped-ncg\/united-states\/#breadcrumb","itemListElement":[{"@type":"ListItem","position":1,"name":"Home","item":"https:\/\/allin1bitcoins.com\/es\/"},{"@type":"ListItem","position":2,"name":"Cripto","item":"https:\/\/allin1bitcoins.com\/es\/crypto\/"},{"@type":"ListItem","position":3,"name":"C\u00f3mo Comprar Wrapped NCG (WNCG) &#8211; Gu\u00eda Paso a Paso 2023","item":"https:\/\/allin1bitcoins.com\/es\/crypto\/wrapped-ncg\/"},{"@type":"ListItem","position":4,"name":"C\u00f3mo Comprar Wrapped NCG (WNCG) En Los Estados Unidos"}]},{"@type":"WebSite","@id":"https:\/\/allin1bitcoins.com\/es\/#website","url":"https:\/\/allin1bitcoins.com\/es\/","name":"Allin1Bitcoins","description":"","publisher":{"@id":"https:\/\/allin1bitcoins.com\/es\/#organization"},"potentialAction":[{"@type":"SearchAction","target":{"@type":"EntryPoint","urlTemplate":"https:\/\/allin1bitcoins.com\/es\/?s={search_term_string}"},"query-input":"required name=search_term_string"}],"inLanguage":"es"},{"@type":"Organization","@id":"https:\/\/allin1bitcoins.com\/es\/#organization","name":"allin1bitcoins","url":"https:\/\/allin1bitcoins.com\/es\/","logo":{"@type":"ImageObject","inLanguage":"es","@id":"https:\/\/allin1bitcoins.com\/es\/#\/schema\/logo\/image\/","url":"https:\/\/allin1bitcoins.com\/wp-content\/uploads\/2019\/01\/logo-new.png","contentUrl":"https:\/\/allin1bitcoins.com\/wp-content\/uploads\/2019\/01\/logo-new.png","width":178,"height":71,"caption":"allin1bitcoins"},"image":{"@id":"https:\/\/allin1bitcoins.com\/es\/#\/schema\/logo\/image\/"}}]}},"_links":{"self":[{"href":"https:\/\/allin1bitcoins.com\/es\/wp-json\/wp\/v2\/pages\/20596"}],"collection":[{"href":"https:\/\/allin1bitcoins.com\/es\/wp-json\/wp\/v2\/pages"}],"about":[{"href":"https:\/\/allin1bitcoins.com\/es\/wp-json\/wp\/v2\/types\/page"}],"author":[{"embeddable":true,"href":"https:\/\/allin1bitcoins.com\/es\/wp-json\/wp\/v2\/users\/5"}],"replies":[{"embeddable":true,"href":"https:\/\/allin1bitcoins.com\/es\/wp-json\/wp\/v2\/comments?post=20596"}],"version-history":[{"count":1,"href":"https:\/\/allin1bitcoins.com\/es\/wp-json\/wp\/v2\/pages\/20596\/revisions"}],"predecessor-version":[{"id":20600,"href":"https:\/\/allin1bitcoins.com\/es\/wp-json\/wp\/v2\/pages\/20596\/revisions\/20600"}],"up":[{"embeddable":true,"href":"https:\/\/allin1bitcoins.com\/es\/wp-json\/wp\/v2\/pages\/20509"}],"wp:featuredmedia":[{"embeddable":true,"href":"https:\/\/allin1bitcoins.com\/es\/wp-json\/wp\/v2\/media\/15843"}],"wp:attachment":[{"href":"https:\/\/allin1bitcoins.com\/es\/wp-json\/wp\/v2\/media?parent=20596"}],"curies":[{"name":"wp","href":"https:\/\/api.w.org\/{rel}","templated":true}]}}