{"id":20608,"date":"2023-02-06T14:43:13","date_gmt":"2023-02-06T14:43:13","guid":{"rendered":"https:\/\/allin1bitcoins.com\/?page_id=20608"},"modified":"2023-02-06T14:43:15","modified_gmt":"2023-02-06T14:43:15","slug":"paypal","status":"publish","type":"page","link":"https:\/\/allin1bitcoins.com\/es\/crypto\/wrapped-ncg\/paypal\/","title":{"rendered":"C\u00f3mo Comprar Wrapped-NCG (WNCG) Con PayPal"},"content":{"rendered":"\n<ul><li>Abre una cuenta en una plataforma de criptomonedas que acepte PayPal, como eToro o Paxful.<br><br><\/li><li>Verifica tu identidad subiendo los documentos requeridos y completando cualquier otro paso necesario.<br><br><\/li><li>Vincula tu cuenta de PayPal a tu cuenta en la plataforma.<br><br><\/li><li>Busca Wrapped NCG Coin y selecciona la opci\u00f3n &#8220;Comprar&#8221;.<br><br><\/li><li>Ingresa la cantidad de Wrapped NCG Coin que quieres comprar y completa la compra usando tu cuenta de PayPal vinculada.<\/li><\/ul>\n\n\n\n<h2 class=\"wp-block-heading\">Resumen de Wrapped NCG Coin<\/h2>\n\n\n\n<p>Wrapped NCG Coin es un activo digital basado en la cadena de bloques Ethereum. Es una versi\u00f3n del NCG Coin que ha sido &#8220;envolvente&#8221; en el est\u00e1ndar de token ERC-20 de Ethereum, lo que significa que se puede usar en la red Ethereum y se puede almacenar en cualquier billetera Ethereum.<\/p>\n\n\n\n<p>El prop\u00f3sito principal de Wrapped NCG Coin es permitir que los titulares de NCG Coin utilicen sus tokens en la red Ethereum y aprovechen las numerosas aplicaciones descentralizadas (dApps) que se construyen en Ethereum. Esto incluye la capacidad de participar en aplicaciones de finanzas descentralizadas (DeFi), como plataformas de pr\u00e9stamos y pr\u00e9stamos, as\u00ed como una amplia gama de otras dApps disponibles en la red Ethereum.<\/p>\n\n\n\n<h2 class=\"wp-block-heading\">Por qu\u00e9 querr\u00edas comprar Wrapped NCG Coin con PayPal<\/h2>\n\n\n\n<p><strong>Hay varias razones por las que podr\u00edas querer comprar Wrapped NCG Coin usando PayPal:<\/strong><\/p>\n\n\n\n<ul><li><strong>Comodidad: <\/strong>PayPal es un m\u00e9todo de pago ampliamente aceptado y conveniente que te permite realizar compras en l\u00ednea de manera r\u00e1pida y f\u00e1cil. Usar PayPal para comprar Wrapped NCG Coin puede ser especialmente \u00fatil si no tienes una cuenta bancaria o una tarjeta de cr\u00e9dito.<br><br><\/li><li><strong>Seguridad:<\/strong> PayPal es en general un m\u00e9todo de pago seguro, ya que ofrece protecci\u00f3n al comprador y protecci\u00f3n contra fraudes para ayudar a mantener segura tu informaci\u00f3n financiera.<br><br><\/li><li><strong>Familiaridad:<\/strong> Si ya est\u00e1s familiarizado con el uso de PayPal, puede ser una manera c\u00f3moda y familiar de comprar Wrapped NCG Coin.<\/li><\/ul>\n\n\n\n<figure class=\"wp-block-embed is-type-video is-provider-youtube wp-block-embed-youtube wp-embed-aspect-16-9 wp-has-aspect-ratio\"><div class=\"wp-block-embed__wrapper\">\n<iframe title=\"What are Wrapped Tokens? (Explained with Animations)\" width=\"800\" height=\"450\" src=\"https:\/\/www.youtube.com\/embed\/DuwQ6NuPQp4?feature=oembed\" frameborder=\"0\" allow=\"accelerometer; autoplay; clipboard-write; encrypted-media; gyroscope; picture-in-picture; web-share\" allowfullscreen><\/iframe>\n<\/div><\/figure>\n\n\n\n<h2 class=\"wp-block-heading\">Tutorial paso a paso sobre c\u00f3mo comprar Wrapped NCG Coin con PayPal<\/h2>\n\n\n\n<ol><li>Abre una cuenta en una plataforma de criptomonedas que admita PayPal. Algunas plataformas populares que admiten PayPal incluyen eToro y Paxful.<br><br><\/li><li>Verifica tu identidad subiendo los documentos requeridos y completando cualquier otro paso necesario. Esto generalmente se hace para cumplir con las regulaciones de prevenci\u00f3n de lavado de dinero y conocimiento de clientes (AML\/KYC).<br><br><\/li><li>Vincula tu cuenta de PayPal a tu cuenta en la plataforma. Esto generalmente se puede hacer proporcionando la informaci\u00f3n necesaria de inicio de sesi\u00f3n de PayPal.<br><br><\/li><li>Busca Wrapped NCG Coin y selecciona la opci\u00f3n &#8220;Comprar&#8221;.<br><br><\/li><li>Ingresa la cantidad de Wrapped NCG Coin que deseas comprar y completa la compra utilizando tu cuenta de PayPal vinculada.<\/li><\/ol>\n\n\n\n<h2 class=\"wp-block-heading\">Desventajas de comprar Wrapped NCG Coin con PayPal<\/h2>\n\n\n\n<p><strong>Hay algunas desventajas en la compra de Wrapped NCG Coin con PayPal:<\/strong><\/p>\n\n\n\n<ul><li><strong>Disponibilidad limitada:<\/strong> No todas las plataformas admiten PayPal como m\u00e9todo de pago, por lo que puedes tener un n\u00famero limitado de opciones si quieres comprar Wrapped NCG Coin con PayPal.<br><br><\/li><li><strong>Comisiones: <\/strong>PayPal cobra comisiones por sus servicios, lo que puede aumentar el costo total de la compra de Wrapped NCG Coin.<br><br><\/li><li><strong>Reversibilidad: <\/strong>Uno de los beneficuentos de usar PayPal es que te permite revertir una transacci\u00f3n si es necesario. Sin embargo, esto tambi\u00e9n puede ser una desventaja al comprar Wrapped NCG Coin, ya que significa que la transacci\u00f3n no es final y puede ser revertida por PayPal.<\/li><\/ul>\n\n\n\n<h2 class=\"wp-block-heading\">Conclusi\u00f3n<\/h2>\n\n\n\n<p>En conclusi\u00f3n, comprar Wrapped NCG Coin con PayPal puede ser una forma conveniente y segura de adquirir el activo digital. Es un m\u00e9todo de pago ampliamente aceptado y familiar que ofrece protecci\u00f3n al comprador y protecci\u00f3n contra fraude para ayudar a proteger tu informaci\u00f3n financiera. Sin embargo, es importante tener en cuenta que no todas las plataformas admiten PayPal y que puede haber comisiones asociadas con el uso del servicio de pago. Tambi\u00e9n es importante investigar cuidadosamente y comparar diferentes plataformas para encontrar la mejor para tus necesidades y seguir medidas de seguridad adecuadas para proteger tus fondos.<\/p>\n\n\n\n<!-- Page-list plugin v.5.9 wordpress.org\/plugins\/page-list\/ -->\n<ul class=\"page-list siblings-page-list \">\n<li class=\"page_item page-item-20717\"><a href=\"https:\/\/allin1bitcoins.com\/es\/crypto\/wrapped-ncg\/debit-card\/\">C\u00f3mo Comprar Wrapped NCG (WNCG) Con Una Tarjeta De D\u00e9bito<\/a><\/li>\n<li class=\"page_item page-item-20573\"><a href=\"https:\/\/allin1bitcoins.com\/es\/crypto\/wrapped-ncg\/australia\/\">C\u00f3mo Comprar Wrapped NCG (WNCG) En Australia<\/a><\/li>\n<li class=\"page_item page-item-20562\"><a href=\"https:\/\/allin1bitcoins.com\/es\/crypto\/wrapped-ncg\/canada\/\">C\u00f3mo Comprar Wrapped NCG (WNCG) En Canad\u00e1<\/a><\/li>\n<li class=\"page_item page-item-20552\"><a href=\"https:\/\/allin1bitcoins.com\/es\/crypto\/wrapped-ncg\/united-kingdom\/\">C\u00f3mo Comprar Wrapped NCG (WNCG) En El Reino Unido<\/a><\/li>\n<li class=\"page_item page-item-20596\"><a href=\"https:\/\/allin1bitcoins.com\/es\/crypto\/wrapped-ncg\/united-states\/\">C\u00f3mo Comprar Wrapped NCG (WNCG) En Los Estados Unidos<\/a><\/li>\n<li class=\"page_item page-item-20608\"><a href=\"https:\/\/allin1bitcoins.com\/es\/crypto\/wrapped-ncg\/paypal\/\">C\u00f3mo Comprar Wrapped-NCG (WNCG) Con PayPal<\/a><\/li>\n<li class=\"page_item page-item-20735\"><a href=\"https:\/\/allin1bitcoins.com\/es\/crypto\/wrapped-ncg\/bank-account\/\">C\u00f3mo Comprar Wrapped-NCG (WNCG) Con Una Cuenta Bancaria<\/a><\/li>\n<li class=\"page_item page-item-20684\"><a href=\"https:\/\/allin1bitcoins.com\/es\/crypto\/wrapped-ncg\/credit-card\/\">C\u00f3mo Comprar Wrapped-NCG (WNCG) Con Una Tarjeta De Cr\u00e9dito<\/a><\/li>\n\n<\/ul>\n","protected":false},"excerpt":{"rendered":"<p>Abre una cuenta en una plataforma de criptomonedas que acepte PayPal, como eToro o Paxful. Verifica tu identidad subiendo los documentos requeridos y completando cualquier otro paso necesario. Vincula tu cuenta de PayPal a tu cuenta en la plataforma. Busca Wrapped NCG Coin y selecciona la opci\u00f3n &#8220;Comprar&#8221;. Ingresa la cantidad de Wrapped NCG Coin&#8230;<\/p>\n","protected":false},"author":5,"featured_media":17023,"parent":20509,"menu_order":0,"comment_status":"closed","ping_status":"closed","template":"","meta":{"cybocfi_hide_featured_image":"","footnotes":""},"acf":[],"yoast_head":"<!-- This site is optimized with the Yoast SEO plugin v21.7 - https:\/\/yoast.com\/wordpress\/plugins\/seo\/ -->\n<title>C\u00f3mo Comprar Wrapped-NCG (WNCG) Con PayPal<\/title>\n<meta name=\"description\" content=\"Comprar Wrapped NCG Coin con PayPal puede ser una forma conveniente y segura de adquirir el activo digital. Siga leyendo.\" \/>\n<meta name=\"robots\" content=\"index, follow, max-snippet:-1, max-image-preview:large, max-video-preview:-1\" \/>\n<link rel=\"canonical\" href=\"https:\/\/allin1bitcoins.com\/es\/crypto\/wrapped-ncg\/paypal\/\" \/>\n<meta property=\"og:locale\" content=\"es_ES\" \/>\n<meta property=\"og:type\" content=\"article\" \/>\n<meta property=\"og:title\" content=\"C\u00f3mo Comprar Wrapped-NCG (WNCG) Con PayPal\" \/>\n<meta property=\"og:description\" content=\"Comprar Wrapped NCG Coin con PayPal puede ser una forma conveniente y segura de adquirir el activo digital. Siga leyendo.\" \/>\n<meta property=\"og:url\" content=\"https:\/\/allin1bitcoins.com\/es\/crypto\/wrapped-ncg\/paypal\/\" \/>\n<meta property=\"og:site_name\" content=\"Allin1Bitcoins\" \/>\n<meta property=\"article:modified_time\" content=\"2023-02-06T14:43:15+00:00\" \/>\n<meta property=\"og:image\" content=\"https:\/\/allin1bitcoins.com\/wp-content\/uploads\/2023\/01\/pexels-kindel-media-6774947.jpg\" \/>\n\t<meta property=\"og:image:width\" content=\"1280\" \/>\n\t<meta property=\"og:image:height\" content=\"960\" \/>\n\t<meta property=\"og:image:type\" content=\"image\/jpeg\" \/>\n<meta name=\"twitter:card\" content=\"summary_large_image\" \/>\n<meta name=\"twitter:label1\" content=\"Est. reading time\" \/>\n\t<meta name=\"twitter:data1\" content=\"3 minutes\" \/>\n<!-- \/ Yoast SEO plugin. -->","yoast_head_json":{"title":"C\u00f3mo Comprar Wrapped-NCG (WNCG) Con PayPal","description":"Comprar Wrapped NCG Coin con PayPal puede ser una forma conveniente y segura de adquirir el activo digital. Siga leyendo.","robots":{"index":"index","follow":"follow","max-snippet":"max-snippet:-1","max-image-preview":"max-image-preview:large","max-video-preview":"max-video-preview:-1"},"canonical":"https:\/\/allin1bitcoins.com\/es\/crypto\/wrapped-ncg\/paypal\/","og_locale":"es_ES","og_type":"article","og_title":"C\u00f3mo Comprar Wrapped-NCG (WNCG) Con PayPal","og_description":"Comprar Wrapped NCG Coin con PayPal puede ser una forma conveniente y segura de adquirir el activo digital. Siga leyendo.","og_url":"https:\/\/allin1bitcoins.com\/es\/crypto\/wrapped-ncg\/paypal\/","og_site_name":"Allin1Bitcoins","article_modified_time":"2023-02-06T14:43:15+00:00","og_image":[{"width":1280,"height":960,"url":"https:\/\/allin1bitcoins.com\/wp-content\/uploads\/2023\/01\/pexels-kindel-media-6774947.jpg","type":"image\/jpeg"}],"twitter_card":"summary_large_image","twitter_misc":{"Est. reading time":"3 minutes"},"schema":{"@context":"https:\/\/schema.org","@graph":[{"@type":"WebPage","@id":"https:\/\/allin1bitcoins.com\/es\/crypto\/wrapped-ncg\/paypal\/","url":"https:\/\/allin1bitcoins.com\/es\/crypto\/wrapped-ncg\/paypal\/","name":"C\u00f3mo Comprar Wrapped-NCG (WNCG) Con PayPal","isPartOf":{"@id":"https:\/\/allin1bitcoins.com\/es\/#website"},"datePublished":"2023-02-06T14:43:13+00:00","dateModified":"2023-02-06T14:43:15+00:00","description":"Comprar Wrapped NCG Coin con PayPal puede ser una forma conveniente y segura de adquirir el activo digital. Siga leyendo.","breadcrumb":{"@id":"https:\/\/allin1bitcoins.com\/es\/crypto\/wrapped-ncg\/paypal\/#breadcrumb"},"inLanguage":"es","potentialAction":[{"@type":"ReadAction","target":["https:\/\/allin1bitcoins.com\/es\/crypto\/wrapped-ncg\/paypal\/"]}]},{"@type":"BreadcrumbList","@id":"https:\/\/allin1bitcoins.com\/es\/crypto\/wrapped-ncg\/paypal\/#breadcrumb","itemListElement":[{"@type":"ListItem","position":1,"name":"Home","item":"https:\/\/allin1bitcoins.com\/es\/"},{"@type":"ListItem","position":2,"name":"Cripto","item":"https:\/\/allin1bitcoins.com\/es\/crypto\/"},{"@type":"ListItem","position":3,"name":"C\u00f3mo Comprar Wrapped NCG (WNCG) &#8211; Gu\u00eda Paso a Paso 2023","item":"https:\/\/allin1bitcoins.com\/es\/crypto\/wrapped-ncg\/"},{"@type":"ListItem","position":4,"name":"C\u00f3mo Comprar Wrapped-NCG (WNCG) Con PayPal"}]},{"@type":"WebSite","@id":"https:\/\/allin1bitcoins.com\/es\/#website","url":"https:\/\/allin1bitcoins.com\/es\/","name":"Allin1Bitcoins","description":"","publisher":{"@id":"https:\/\/allin1bitcoins.com\/es\/#organization"},"potentialAction":[{"@type":"SearchAction","target":{"@type":"EntryPoint","urlTemplate":"https:\/\/allin1bitcoins.com\/es\/?s={search_term_string}"},"query-input":"required name=search_term_string"}],"inLanguage":"es"},{"@type":"Organization","@id":"https:\/\/allin1bitcoins.com\/es\/#organization","name":"allin1bitcoins","url":"https:\/\/allin1bitcoins.com\/es\/","logo":{"@type":"ImageObject","inLanguage":"es","@id":"https:\/\/allin1bitcoins.com\/es\/#\/schema\/logo\/image\/","url":"https:\/\/allin1bitcoins.com\/wp-content\/uploads\/2019\/01\/logo-new.png","contentUrl":"https:\/\/allin1bitcoins.com\/wp-content\/uploads\/2019\/01\/logo-new.png","width":178,"height":71,"caption":"allin1bitcoins"},"image":{"@id":"https:\/\/allin1bitcoins.com\/es\/#\/schema\/logo\/image\/"}}]}},"_links":{"self":[{"href":"https:\/\/allin1bitcoins.com\/es\/wp-json\/wp\/v2\/pages\/20608"}],"collection":[{"href":"https:\/\/allin1bitcoins.com\/es\/wp-json\/wp\/v2\/pages"}],"about":[{"href":"https:\/\/allin1bitcoins.com\/es\/wp-json\/wp\/v2\/types\/page"}],"author":[{"embeddable":true,"href":"https:\/\/allin1bitcoins.com\/es\/wp-json\/wp\/v2\/users\/5"}],"replies":[{"embeddable":true,"href":"https:\/\/allin1bitcoins.com\/es\/wp-json\/wp\/v2\/comments?post=20608"}],"version-history":[{"count":1,"href":"https:\/\/allin1bitcoins.com\/es\/wp-json\/wp\/v2\/pages\/20608\/revisions"}],"predecessor-version":[{"id":20613,"href":"https:\/\/allin1bitcoins.com\/es\/wp-json\/wp\/v2\/pages\/20608\/revisions\/20613"}],"up":[{"embeddable":true,"href":"https:\/\/allin1bitcoins.com\/es\/wp-json\/wp\/v2\/pages\/20509"}],"wp:featuredmedia":[{"embeddable":true,"href":"https:\/\/allin1bitcoins.com\/es\/wp-json\/wp\/v2\/media\/17023"}],"wp:attachment":[{"href":"https:\/\/allin1bitcoins.com\/es\/wp-json\/wp\/v2\/media?parent=20608"}],"curies":[{"name":"wp","href":"https:\/\/api.w.org\/{rel}","templated":true}]}}