{"id":20758,"date":"2023-02-08T09:39:13","date_gmt":"2023-02-08T09:39:13","guid":{"rendered":"https:\/\/allin1bitcoins.com\/?page_id=20758"},"modified":"2023-02-08T09:44:41","modified_gmt":"2023-02-08T09:44:41","slug":"paypal","status":"publish","type":"page","link":"https:\/\/allin1bitcoins.com\/es\/crypto\/bittorrent-new\/paypal\/","title":{"rendered":"C\u00f3mo Comprar Bittorrent-New (BTT) Con PayPal"},"content":{"rendered":"\n<h2 class=\"wp-block-heading\">Respuesta corta: Puedes comprar la moneda Bittorrent-New utilizando PayPal.<\/h2>\n\n\n\n<p>Primero, debes encontrar una plataforma de criptomonedas que facilite la compra de Bittorrent-New Coin (BTT) y acepte PayPal como forma de pago si quieres comprar Bittorrent-New Coin (BTT) con PayPal. El siguiente paso es registrarse en la plataforma, confirmar su identificaci\u00f3n y vincular su cuenta de PayPal a la plataforma. A continuaci\u00f3n, puede hacer un pedido en la plataforma de trading de la plataforma para comprar BTT con PayPal. Es importante recordar que el procedimiento podr\u00eda cambiar ligeramente en funci\u00f3n de la plataforma que utilice.<\/p>\n\n\n\n<h2 class=\"wp-block-heading\">Resumen de la moneda Bittorrent-New <\/h2>\n\n\n\n<p>La Fundaci\u00f3n BitTorrent, un grupo sin fines de lucro que supervisa el desarrollo del protocolo BitTorrent y tecnolog\u00edas relacionadas, produjo la criptomoneda conocida como Bittorrent-New Coin (BTT). Durante la oferta inicial de monedas (ICO) que lanz\u00f3 BTT en 2019, los compradores pueden comprar tokens BTT con otras criptomonedas, incluyendo Bitcoin y Ethereum.<\/p>\n\n\n\n<p>BTT est\u00e1 construido en la cadena de bloques TRON, una plataforma descentralizada que permite el desarrollo y despliegue de aplicaciones descentralizadas, as\u00ed como la creaci\u00f3n y ejecuci\u00f3n de contratos inteligentes. En el ecosistema BitTorrent, BTT se pretende usar como un token de utilidad que permite a los usuarios pagar por cosas como tasas de descarga m\u00e1s r\u00e1pidas o acceso a contenido premium.<\/p>\n\n\n\n<h2 class=\"wp-block-heading\">\u00bfPor qu\u00e9 quieres usar PayPal para comprar Bittorrent-Nueva Moneda?<\/h2>\n\n\n\n<p>Es posible que desees comprar Bittorrent-Nueva Moneda con PayPal por varias razones. En primer lugar, PayPal es una opci\u00f3n de pago popular y pr\u00e1ctica que te permite realizar transacciones en l\u00ednea sin tener que proporcionar tus datos de tarjeta de cr\u00e9dito o cuenta bancaria. Si te preocupa tu seguridad o no quieres proporcionar informaci\u00f3n bancaria a un intercambio de criptomonedas, esto puede ser extremadamente \u00fatil.<\/p>\n\n\n\n<p>En segundo lugar, utilizar PayPal para comprar BTT puede ser m\u00e1s r\u00e1pido y sencillo que hacerlo a trav\u00e9s de transferencias bancarias o transferencias por cable. Los pagos pueden realizarse casi de forma instant\u00e1nea con PayPal, en lugar de transferencias bancarias, que pueden tardar varios d\u00edas en procesarse. Esto puede ser crucial si quieres comprar BTT lo m\u00e1s r\u00e1pido posible o si quieres aprovechar los cambios del mercado.<\/p>\n\n\n\n<h2 class=\"wp-block-heading\">C\u00f3mo comprar Bittorrent-Nueva Moneda con PayPal en detalle<\/h2>\n\n\n\n<p><strong>Los siguientes pasos te mostrar\u00e1n c\u00f3mo comprar Bittorrent-Nueva Moneda usando PayPal:<\/strong><\/p>\n\n\n\n<ol><li>Encuentra una plataforma de criptomonedas que permita la compra de BTT y acepte PayPal. Estas condiciones son cumplidas por varias plataformas, como Paxful, LocalBitcoins y eToro.<br><br><\/li><li>Abre un perfil en la plataforma. Normalmente, debes proporcionar tu direcci\u00f3n de correo electr\u00f3nico y generar una contrase\u00f1a. Es posible que sea necesario subir una identificaci\u00f3n emitida por el gobierno u otros documentos para autenticar tu identidad, lo cual puede ser otro requisito.<br><br><\/li><li>A\u00f1ade tu cuenta de PayPal a la transacci\u00f3n. Normalmente, para hacer esto, debes iniciar sesi\u00f3n en tu cuenta de PayPal y seguir las instrucciones para permitir que la plataforma tenga acceso a tu cuenta.<br><br><\/li><li>Usa PayPal para hacer un dep\u00f3sito en tu cuenta de la plataforma. En la mayor\u00eda de los casos, esto se puede lograr simplemente eligiendo PayPal como opci\u00f3n de pago y siguiendo las instrucciones en pantalla para completar la transacci\u00f3n.<br><br><\/li><li>Realiza una orden de compra para BTT. Puedes ir a la plataforma de trading de la plataforma y realizar una orden de compra de BTT una vez que el dinero haya sido depositado en tu cuenta de la plataforma. Debes ser espec\u00edfico sobre la cantidad de BTT que deseas comprar y tu rango de precios.<br><br><\/li><li>Espera el cumplimiento de tu orden. Despu\u00e9s de realizar tu orden, el BTT se depositar\u00e1 en tu cuenta de la plataforma y la orden ser\u00e1 coincidente con un vendedor. Dependiendo de la demanda de BTT, este proceso puede tardar un poco o mucho m\u00e1s.<\/li><\/ol>\n\n\n\n<figure class=\"wp-block-embed is-type-video is-provider-youtube wp-block-embed-youtube wp-embed-aspect-16-9 wp-has-aspect-ratio\"><div class=\"wp-block-embed__wrapper\">\n<iframe title=\"How to send BITTORRENT(BTT) from TRUST WALLET to BINANCE\" width=\"800\" height=\"450\" src=\"https:\/\/www.youtube.com\/embed\/qiS8CYHp-2o?feature=oembed\" frameborder=\"0\" allow=\"accelerometer; autoplay; clipboard-write; encrypted-media; gyroscope; picture-in-picture; web-share\" allowfullscreen><\/iframe>\n<\/div><\/figure>\n\n\n\n<h2 class=\"wp-block-heading\">Desventajas de usar PayPal para comprar Bittorrent-New Coin<\/h2>\n\n\n\n<ul><li>El uso de PayPal para comprar Bittorrent-New Coin tiene varios inconvenientes. En primer lugar, no todas las exchanges de criptomonedas admiten PayPal como forma de pago, por lo que sus opciones para comprar BTT pueden estar limitadas.<br><br><\/li><li>En segundo lugar, utilizar PayPal para comprar BTT puede ser m\u00e1s caro que hacerlo de otra manera. Las transacciones de PayPal pueden ser m\u00e1s caras en algunas exchanges y PayPal mismo puede imponer tarifas por conversi\u00f3n de monedas u otros servicios.<br><br><\/li><li>En tercer lugar, comprar BTT a trav\u00e9s de PayPal puede ser menos privado que hacerlo a trav\u00e9s de otro m\u00e9todo de pago. Al usar PayPal, debe proporcionar al exchange datos personales como su nombre y direcci\u00f3n de correo electr\u00f3nico. La exchange puede mantener estos datos y terceros pueden acceder a ellos.<\/li><\/ul>\n\n\n\n<h2 class=\"wp-block-heading\">Conclusi\u00f3n <\/h2>\n\n\n\n<p>Si ya tienes una cuenta de PayPal y no quieres proporcionar tu informaci\u00f3n financiera en una exchange de criptomonedas, comprar Bittorrent-New Coin usando PayPal puede ser una opci\u00f3n r\u00e1pida y f\u00e1cil para obtener BTT. Ten en cuenta, sin embargo, que no todas las exchanges aceptan PayPal y que podr\u00edas tener que pagar m\u00e1s por la posibilidad de usar esta opci\u00f3n de pago. Adem\u00e1s, comprar BTT a trav\u00e9s de PayPal puede ser menos privado que hacerlo a trav\u00e9s de otro m\u00e9todo de pago. Antes de tomar cualquier decisi\u00f3n financiera, es crucial realizar su investigaci\u00f3n y evaluar cuidadosamente sus opciones.<\/p>\n\n\n\n<!-- Page-list plugin v.5.9 wordpress.org\/plugins\/page-list\/ -->\n<ul class=\"page-list siblings-page-list \">\n<li class=\"page_item page-item-20758\"><a href=\"https:\/\/allin1bitcoins.com\/es\/crypto\/bittorrent-new\/paypal\/\">C\u00f3mo Comprar Bittorrent-New (BTT) Con PayPal<\/a><\/li>\n<li class=\"page_item page-item-20833\"><a href=\"https:\/\/allin1bitcoins.com\/es\/crypto\/bittorrent-new\/credit-card\/\">C\u00f3mo Comprar Bittorrent-New (BTT) Con Una Tarjeta De Cr\u00e9dito<\/a><\/li>\n<li class=\"page_item page-item-20845\"><a href=\"https:\/\/allin1bitcoins.com\/es\/crypto\/bittorrent-new\/debit-card\/\">C\u00f3mo Comprar Bittorrent-New (BTT) Con Una Tarjeta De D\u00e9bito<\/a><\/li>\n<li class=\"page_item page-item-20740\"><a href=\"https:\/\/allin1bitcoins.com\/es\/crypto\/bittorrent-new\/venmo\/\">C\u00f3mo Comprar Bittorrent-New (BTT) Con Venmo<\/a><\/li>\n<li class=\"page_item page-item-20792\"><a href=\"https:\/\/allin1bitcoins.com\/es\/crypto\/bittorrent-new\/germany\/\">C\u00f3mo Comprar Bittorrent-New (BTT) En Alemania<\/a><\/li>\n<li class=\"page_item page-item-20805\"><a href=\"https:\/\/allin1bitcoins.com\/es\/crypto\/bittorrent-new\/australia\/\">C\u00f3mo Comprar Bittorrent-New (BTT) En Australia<\/a><\/li>\n<li class=\"page_item page-item-20825\"><a href=\"https:\/\/allin1bitcoins.com\/es\/crypto\/bittorrent-new\/united-kingdom\/\">C\u00f3mo Comprar Bittorrent-New (BTT) En El Reino Unido<\/a><\/li>\n<li class=\"page_item page-item-20814\"><a href=\"https:\/\/allin1bitcoins.com\/es\/crypto\/bittorrent-new\/united-states\/\">C\u00f3mo Comprar Bittorrent-New (BTT) En Los Estados Unidos<\/a><\/li>\n\n<\/ul>\n","protected":false},"excerpt":{"rendered":"<p>Respuesta corta: Puedes comprar la moneda Bittorrent-New utilizando PayPal. Primero, debes encontrar una plataforma de criptomonedas que facilite la compra de Bittorrent-New Coin (BTT) y acepte PayPal como forma de pago si quieres comprar Bittorrent-New Coin (BTT) con PayPal. El siguiente paso es registrarse en la plataforma, confirmar su identificaci\u00f3n y vincular su cuenta de&#8230;<\/p>\n","protected":false},"author":5,"featured_media":20763,"parent":20750,"menu_order":0,"comment_status":"closed","ping_status":"closed","template":"","meta":{"cybocfi_hide_featured_image":"","footnotes":""},"acf":[],"yoast_head":"<!-- This site is optimized with the Yoast SEO plugin v21.7 - https:\/\/yoast.com\/wordpress\/plugins\/seo\/ -->\n<title>C\u00f3mo Comprar Bittorrent-New (BTT) Con PayPal - Allin1Bitcoins<\/title>\n<meta name=\"robots\" content=\"index, follow, max-snippet:-1, max-image-preview:large, max-video-preview:-1\" \/>\n<link rel=\"canonical\" href=\"https:\/\/allin1bitcoins.com\/es\/crypto\/bittorrent-new\/paypal\/\" \/>\n<meta property=\"og:locale\" content=\"es_ES\" \/>\n<meta property=\"og:type\" content=\"article\" \/>\n<meta property=\"og:title\" content=\"C\u00f3mo Comprar Bittorrent-New (BTT) Con PayPal - Allin1Bitcoins\" \/>\n<meta property=\"og:description\" content=\"Respuesta corta: Puedes comprar la moneda Bittorrent-New utilizando PayPal. Primero, debes encontrar una plataforma de criptomonedas que facilite la compra de Bittorrent-New Coin (BTT) y acepte PayPal como forma de pago si quieres comprar Bittorrent-New Coin (BTT) con PayPal. El siguiente paso es registrarse en la plataforma, confirmar su identificaci\u00f3n y vincular su cuenta de...\" \/>\n<meta property=\"og:url\" content=\"https:\/\/allin1bitcoins.com\/es\/crypto\/bittorrent-new\/paypal\/\" \/>\n<meta property=\"og:site_name\" content=\"Allin1Bitcoins\" \/>\n<meta property=\"article:modified_time\" content=\"2023-02-08T09:44:41+00:00\" \/>\n<meta property=\"og:image\" content=\"https:\/\/allin1bitcoins.com\/wp-content\/uploads\/2023\/02\/pexels-yan-krukau-7698884.jpg\" \/>\n\t<meta property=\"og:image:width\" content=\"1280\" \/>\n\t<meta property=\"og:image:height\" content=\"853\" \/>\n\t<meta property=\"og:image:type\" content=\"image\/jpeg\" \/>\n<meta name=\"twitter:card\" content=\"summary_large_image\" \/>\n<meta name=\"twitter:label1\" content=\"Est. reading time\" \/>\n\t<meta name=\"twitter:data1\" content=\"4 minutes\" \/>\n<!-- \/ Yoast SEO plugin. -->","yoast_head_json":{"title":"C\u00f3mo Comprar Bittorrent-New (BTT) Con PayPal - Allin1Bitcoins","robots":{"index":"index","follow":"follow","max-snippet":"max-snippet:-1","max-image-preview":"max-image-preview:large","max-video-preview":"max-video-preview:-1"},"canonical":"https:\/\/allin1bitcoins.com\/es\/crypto\/bittorrent-new\/paypal\/","og_locale":"es_ES","og_type":"article","og_title":"C\u00f3mo Comprar Bittorrent-New (BTT) Con PayPal - Allin1Bitcoins","og_description":"Respuesta corta: Puedes comprar la moneda Bittorrent-New utilizando PayPal. Primero, debes encontrar una plataforma de criptomonedas que facilite la compra de Bittorrent-New Coin (BTT) y acepte PayPal como forma de pago si quieres comprar Bittorrent-New Coin (BTT) con PayPal. El siguiente paso es registrarse en la plataforma, confirmar su identificaci\u00f3n y vincular su cuenta de...","og_url":"https:\/\/allin1bitcoins.com\/es\/crypto\/bittorrent-new\/paypal\/","og_site_name":"Allin1Bitcoins","article_modified_time":"2023-02-08T09:44:41+00:00","og_image":[{"width":1280,"height":853,"url":"https:\/\/allin1bitcoins.com\/wp-content\/uploads\/2023\/02\/pexels-yan-krukau-7698884.jpg","type":"image\/jpeg"}],"twitter_card":"summary_large_image","twitter_misc":{"Est. reading time":"4 minutes"},"schema":{"@context":"https:\/\/schema.org","@graph":[{"@type":"WebPage","@id":"https:\/\/allin1bitcoins.com\/es\/crypto\/bittorrent-new\/paypal\/","url":"https:\/\/allin1bitcoins.com\/es\/crypto\/bittorrent-new\/paypal\/","name":"C\u00f3mo Comprar Bittorrent-New (BTT) Con PayPal - Allin1Bitcoins","isPartOf":{"@id":"https:\/\/allin1bitcoins.com\/es\/#website"},"datePublished":"2023-02-08T09:39:13+00:00","dateModified":"2023-02-08T09:44:41+00:00","breadcrumb":{"@id":"https:\/\/allin1bitcoins.com\/es\/crypto\/bittorrent-new\/paypal\/#breadcrumb"},"inLanguage":"es","potentialAction":[{"@type":"ReadAction","target":["https:\/\/allin1bitcoins.com\/es\/crypto\/bittorrent-new\/paypal\/"]}]},{"@type":"BreadcrumbList","@id":"https:\/\/allin1bitcoins.com\/es\/crypto\/bittorrent-new\/paypal\/#breadcrumb","itemListElement":[{"@type":"ListItem","position":1,"name":"Home","item":"https:\/\/allin1bitcoins.com\/es\/"},{"@type":"ListItem","position":2,"name":"Cripto","item":"https:\/\/allin1bitcoins.com\/es\/crypto\/"},{"@type":"ListItem","position":3,"name":"C\u00f3mo Comprar Bittorrent-New (BTT) &#8211; Gu\u00eda Detallada 2023","item":"https:\/\/allin1bitcoins.com\/es\/crypto\/bittorrent-new\/"},{"@type":"ListItem","position":4,"name":"C\u00f3mo Comprar Bittorrent-New (BTT) Con PayPal"}]},{"@type":"WebSite","@id":"https:\/\/allin1bitcoins.com\/es\/#website","url":"https:\/\/allin1bitcoins.com\/es\/","name":"Allin1Bitcoins","description":"","publisher":{"@id":"https:\/\/allin1bitcoins.com\/es\/#organization"},"potentialAction":[{"@type":"SearchAction","target":{"@type":"EntryPoint","urlTemplate":"https:\/\/allin1bitcoins.com\/es\/?s={search_term_string}"},"query-input":"required name=search_term_string"}],"inLanguage":"es"},{"@type":"Organization","@id":"https:\/\/allin1bitcoins.com\/es\/#organization","name":"allin1bitcoins","url":"https:\/\/allin1bitcoins.com\/es\/","logo":{"@type":"ImageObject","inLanguage":"es","@id":"https:\/\/allin1bitcoins.com\/es\/#\/schema\/logo\/image\/","url":"https:\/\/allin1bitcoins.com\/wp-content\/uploads\/2019\/01\/logo-new.png","contentUrl":"https:\/\/allin1bitcoins.com\/wp-content\/uploads\/2019\/01\/logo-new.png","width":178,"height":71,"caption":"allin1bitcoins"},"image":{"@id":"https:\/\/allin1bitcoins.com\/es\/#\/schema\/logo\/image\/"}}]}},"_links":{"self":[{"href":"https:\/\/allin1bitcoins.com\/es\/wp-json\/wp\/v2\/pages\/20758"}],"collection":[{"href":"https:\/\/allin1bitcoins.com\/es\/wp-json\/wp\/v2\/pages"}],"about":[{"href":"https:\/\/allin1bitcoins.com\/es\/wp-json\/wp\/v2\/types\/page"}],"author":[{"embeddable":true,"href":"https:\/\/allin1bitcoins.com\/es\/wp-json\/wp\/v2\/users\/5"}],"replies":[{"embeddable":true,"href":"https:\/\/allin1bitcoins.com\/es\/wp-json\/wp\/v2\/comments?post=20758"}],"version-history":[{"count":1,"href":"https:\/\/allin1bitcoins.com\/es\/wp-json\/wp\/v2\/pages\/20758\/revisions"}],"predecessor-version":[{"id":20761,"href":"https:\/\/allin1bitcoins.com\/es\/wp-json\/wp\/v2\/pages\/20758\/revisions\/20761"}],"up":[{"embeddable":true,"href":"https:\/\/allin1bitcoins.com\/es\/wp-json\/wp\/v2\/pages\/20750"}],"wp:featuredmedia":[{"embeddable":true,"href":"https:\/\/allin1bitcoins.com\/es\/wp-json\/wp\/v2\/media\/20763"}],"wp:attachment":[{"href":"https:\/\/allin1bitcoins.com\/es\/wp-json\/wp\/v2\/media?parent=20758"}],"curies":[{"name":"wp","href":"https:\/\/api.w.org\/{rel}","templated":true}]}}