{"id":20814,"date":"2023-02-08T17:27:06","date_gmt":"2023-02-08T17:27:06","guid":{"rendered":"https:\/\/allin1bitcoins.com\/?page_id=20814"},"modified":"2023-02-08T17:27:09","modified_gmt":"2023-02-08T17:27:09","slug":"united-states","status":"publish","type":"page","link":"https:\/\/allin1bitcoins.com\/es\/crypto\/bittorrent-new\/united-states\/","title":{"rendered":"C\u00f3mo Comprar Bittorrent-New (BTT) En Los Estados Unidos"},"content":{"rendered":"\n<h2 class=\"wp-block-heading\">Explicaci\u00f3n breve de c\u00f3mo comprar Bittorrent-New Coin en los Estados Unidos<\/h2>\n\n\n\n<p><strong>Siga estos pasos para comprar Bittorrent-New Coin en los EE. UU.:<\/strong><\/p>\n\n\n\n<ul><li>Encuentre una casa de cambio de bitcoin confiable que funcione en los EE. UU.<br><br><\/li><li>Reg\u00edstrese para una cuenta en la casa de cambio y luego complete el proceso de verificaci\u00f3n.<br><br><\/li><li>Seleccione Bittorrent-New Coin en la p\u00e1gina &#8220;Comprar&#8221; o &#8220;Comercio&#8221; de la casa de cambio.<br><br><\/li><li>Elija su opci\u00f3n de pago deseada, como una tarjeta de d\u00e9bito, tarjeta de cr\u00e9dito o transferencia bancaria.<br><br><\/li><li>Para completar la compra, ingrese la cantidad de Bittorrent-New Coin que desea comprar y luego siga las instrucciones en pantalla.<\/li><\/ul>\n\n\n\n<h2 class=\"wp-block-heading\">Resumen de Bittorrent-New Coin<\/h2>\n\n\n\n<p>En la plataforma Bittorrent-New, las transacciones se facilitan por Bittorrent-New Coin, un activo digital. Se destina a ser usado como un almac\u00e9n de valor y como medio de intercambio para una variedad de productos y servicios. La base de Bittorrent-New Coin es una cadena de bloques, un sistema de registro descentralizado que permite la velocidad, seguridad y transparencia.<\/p>\n\n\n\n<h2 class=\"wp-block-heading\">Beneficios de comprar la nueva moneda de Bittorrent<\/h2>\n\n\n\n<p>Comprar Bittorrent-New Coin tiene una serie de ventajas. Una de las ventajas es que puede ser una forma r\u00e1pida y f\u00e1cil de hacer pagos en l\u00ednea. Sin tener que pasar por un banco u otra instituci\u00f3n financiera, Bittorrent-New Coin se puede utilizar para pagar bienes y servicios directamente. Adem\u00e1s, al realizar transacciones sin tener que pasar por bancos u otros intermediarios y sin incurrir en tarifas y retrasos, su uso puede ser m\u00e1s r\u00e1pido y econ\u00f3mico que utilizar los m\u00e9todos de pago est\u00e1ndar.<\/p>\n\n\n\n<p>Como inversi\u00f3n, Bittorrent-New Coin puede ofrecer algunas ventajas potenciales. El valor de Bittorrent-New Coin est\u00e1 sujeto a grandes oscilaciones, pero siempre existe la posibilidad de obtener ganancias si el valor de la moneda aumenta. Antes de invertir en cualquier criptomoneda, debe hacer su propia investigaci\u00f3n y comprender los riesgos. Como con cualquier inversi\u00f3n, diversificar su cartera siempre es una buena idea y nunca debe invertir m\u00e1s de lo que puede permitirse perder.<\/p>\n\n\n\n<h2 class=\"wp-block-heading\">C\u00f3mo comprar Bittorrent-New Coin en los Estados Unidos: Una gu\u00eda paso a paso:<\/h2>\n\n\n\n<ol><li>Localice una bolsa de bitcoin confiable que funcione en los Estados Unidos.<br><br><\/li><li>Binance, Coinbase y Kraken son algunas de las casas de cambio conocidas que pueden proporcionar Bittorrent-New Coin y que est\u00e1n basadas en los Estados Unidos.<br><br><\/li><li>Es crucial realizar su propia investigaci\u00f3n y elegir una casa de cambio confiable, segura y con un historial comprobado.<\/li><li>Reg\u00edstrese en una cuenta en la casa de cambio y luego complete el proceso de verificaci\u00f3n.<br><br><\/li><li>Para abrir una cuenta, la mayor\u00eda de las casas de cambio necesitar\u00e1n que proporcione alguna informaci\u00f3n personal y documentaci\u00f3n de identificaci\u00f3n.<br><br><\/li><li>Esta es una precauci\u00f3n de seguridad com\u00fan para protegerse contra el fraude y garantizar que se cumplan las reglas.<\/li><li>Seleccione Bittorrent-New Coin en la p\u00e1gina &#8220;Comprar&#8221; o &#8220;Comercio&#8221; de la casa de cambio.<br><br><\/li><li>Para comprar Bittorrent-New Coin utilizando su m\u00e9todo de pago preferido, como una transferencia bancaria, tarjeta de d\u00e9bito o tarjeta de cr\u00e9dito, busque la opci\u00f3n para hacerlo.<br><br><\/li><li>Para completar la compra, ingrese la cantidad de Bittorrent-New Coin que desea comprar y luego siga las instrucciones en pantalla.<br><br><\/li><li>Su pago ser\u00e1 procesado por la bolsa, y el Bittorrent-New Coin ser\u00e1 enviado a su cuenta.<\/li><\/ol>\n\n\n\n<figure class=\"wp-block-embed is-type-video is-provider-youtube wp-block-embed-youtube wp-embed-aspect-16-9 wp-has-aspect-ratio\"><div class=\"wp-block-embed__wrapper\">\n<iframe title=\"BitTorrent Chain Update | BTT Token Price Prediction\" width=\"800\" height=\"450\" src=\"https:\/\/www.youtube.com\/embed\/UIteYrc4mpg?feature=oembed\" frameborder=\"0\" allow=\"accelerometer; autoplay; clipboard-write; encrypted-media; gyroscope; picture-in-picture; web-share\" allowfullscreen><\/iframe>\n<\/div><\/figure>\n\n\n\n<h2 class=\"wp-block-heading\">La compra de Bittorrent-New Coin en los EE. UU. est\u00e1 sujeta a impuestos<\/h2>\n\n\n\n<p>El Servicio de Impuestos Internos (IRS) de los EE. UU. ha publicado directrices sobre la tributaci\u00f3n de las transacciones de bitcoin. Seg\u00fan el IRS, las criptomonedas se consideran propiedad para fines fiscales. Como resultado, si compra Bittorrent-New Coin como una inversi\u00f3n y la mantiene durante m\u00e1s de un a\u00f1o antes de venderla, es posible que est\u00e9 sujeto a un impuesto sobre ganancias de capital a largo plazo del 20%. Bittorrent-New Coin puede ser tributado como una ganancia de capital a corto plazo a su tasa de impuesto sobre la renta si lo vende dentro de un a\u00f1o de su compra.<\/p>\n\n\n\n<p>La compra de bienes o servicios con Bittorrent-New Coin puede estar sujeta a impuestos sobre las ventas. Los impuestos sobre las ventas es una tarifa impuesta por el estado o el gobierno local sobre la compra de bienes y servicios. La ubicaci\u00f3n de la venta y el tipo de productos o servicios que se est\u00e1n comprando afectan la tasa de impuestos sobre las ventas. Si su empresa permite a los clientes pagar con Bittorrent-New Coin, es posible que deba recaudar impuestos sobre las ventas de ellos y enviarlos a las autoridades fiscales adecuadas. Al comprar y vender Bittorrent-New Coin en los EE. UU., es crucial buscar asistencia de un experto en impuestos o del IRS para evaluar sus obligaciones fiscales. Las sanciones y multas pueden aplicarse si no se paga la cantidad correcta de impuestos.<\/p>\n\n\n\n<h2 class=\"wp-block-heading\">Conclusi\u00f3n<\/h2>\n\n\n\n<p>Una opci\u00f3n r\u00e1pida y efectiva para enviar dinero e incluso invertir en criptomonedas es comprar Bittorrent-New Coin en los EE. UU. Sin embargo, es crucial llevar a cabo su propia investigaci\u00f3n, elegir una bolsa de confianza, estar al tanto de cualquier tarifa o l\u00edmite y comprender los riesgos asociados con la inversi\u00f3n en bitcoin. Tambi\u00e9n es crucial estar al tanto de sus deberes fiscales y, si es necesario, obtener consejo de un experto en impuestos. Comprender los peligros y solo realizar inversiones que pueda permitirse perder es crucial al realizar cualquier.<br><\/p>\n\n\n\n<!-- Page-list plugin v.5.9 wordpress.org\/plugins\/page-list\/ -->\n<ul class=\"page-list siblings-page-list \">\n<li class=\"page_item page-item-20758\"><a href=\"https:\/\/allin1bitcoins.com\/es\/crypto\/bittorrent-new\/paypal\/\">C\u00f3mo Comprar Bittorrent-New (BTT) Con PayPal<\/a><\/li>\n<li class=\"page_item page-item-20833\"><a href=\"https:\/\/allin1bitcoins.com\/es\/crypto\/bittorrent-new\/credit-card\/\">C\u00f3mo Comprar Bittorrent-New (BTT) Con Una Tarjeta De Cr\u00e9dito<\/a><\/li>\n<li class=\"page_item page-item-20845\"><a href=\"https:\/\/allin1bitcoins.com\/es\/crypto\/bittorrent-new\/debit-card\/\">C\u00f3mo Comprar Bittorrent-New (BTT) Con Una Tarjeta De D\u00e9bito<\/a><\/li>\n<li class=\"page_item page-item-20740\"><a href=\"https:\/\/allin1bitcoins.com\/es\/crypto\/bittorrent-new\/venmo\/\">C\u00f3mo Comprar Bittorrent-New (BTT) Con Venmo<\/a><\/li>\n<li class=\"page_item page-item-20792\"><a href=\"https:\/\/allin1bitcoins.com\/es\/crypto\/bittorrent-new\/germany\/\">C\u00f3mo Comprar Bittorrent-New (BTT) En Alemania<\/a><\/li>\n<li class=\"page_item page-item-20805\"><a href=\"https:\/\/allin1bitcoins.com\/es\/crypto\/bittorrent-new\/australia\/\">C\u00f3mo Comprar Bittorrent-New (BTT) En Australia<\/a><\/li>\n<li class=\"page_item page-item-20825\"><a href=\"https:\/\/allin1bitcoins.com\/es\/crypto\/bittorrent-new\/united-kingdom\/\">C\u00f3mo Comprar Bittorrent-New (BTT) En El Reino Unido<\/a><\/li>\n<li class=\"page_item page-item-20814\"><a href=\"https:\/\/allin1bitcoins.com\/es\/crypto\/bittorrent-new\/united-states\/\">C\u00f3mo Comprar Bittorrent-New (BTT) En Los Estados Unidos<\/a><\/li>\n\n<\/ul>\n","protected":false},"excerpt":{"rendered":"<p>Explicaci\u00f3n breve de c\u00f3mo comprar Bittorrent-New Coin en los Estados Unidos Siga estos pasos para comprar Bittorrent-New Coin en los EE. UU.: Encuentre una casa de cambio de bitcoin confiable que funcione en los EE. UU. Reg\u00edstrese para una cuenta en la casa de cambio y luego complete el proceso de verificaci\u00f3n. Seleccione Bittorrent-New Coin&#8230;<\/p>\n","protected":false},"author":5,"featured_media":15294,"parent":20750,"menu_order":0,"comment_status":"closed","ping_status":"closed","template":"","meta":{"cybocfi_hide_featured_image":"","footnotes":""},"acf":[],"yoast_head":"<!-- This site is optimized with the Yoast SEO plugin v21.7 - https:\/\/yoast.com\/wordpress\/plugins\/seo\/ -->\n<title>C\u00f3mo Comprar Bittorrent-New (BTT) En Los Estados Unidos<\/title>\n<meta name=\"description\" content=\"Una opci\u00f3n r\u00e1pida y efectiva para enviar dinero y quiz\u00e1s incluso invertir en criptomonedas es comprar Bittorrent-Nueva Moneda en los EE. UU.\" \/>\n<meta name=\"robots\" content=\"index, follow, max-snippet:-1, max-image-preview:large, max-video-preview:-1\" \/>\n<link rel=\"canonical\" href=\"https:\/\/allin1bitcoins.com\/es\/crypto\/bittorrent-new\/united-states\/\" \/>\n<meta property=\"og:locale\" content=\"es_ES\" \/>\n<meta property=\"og:type\" content=\"article\" \/>\n<meta property=\"og:title\" content=\"C\u00f3mo Comprar Bittorrent-New (BTT) En Los Estados Unidos\" \/>\n<meta property=\"og:description\" content=\"Una opci\u00f3n r\u00e1pida y efectiva para enviar dinero y quiz\u00e1s incluso invertir en criptomonedas es comprar Bittorrent-Nueva Moneda en los EE. UU.\" \/>\n<meta property=\"og:url\" content=\"https:\/\/allin1bitcoins.com\/es\/crypto\/bittorrent-new\/united-states\/\" \/>\n<meta property=\"og:site_name\" content=\"Allin1Bitcoins\" \/>\n<meta property=\"article:modified_time\" content=\"2023-02-08T17:27:09+00:00\" \/>\n<meta property=\"og:image\" content=\"https:\/\/allin1bitcoins.com\/wp-content\/uploads\/2023\/01\/cristina-glebova-fYqQBr0EzkA-unsplash.jpg\" \/>\n\t<meta property=\"og:image:width\" content=\"1920\" \/>\n\t<meta property=\"og:image:height\" content=\"1317\" \/>\n\t<meta property=\"og:image:type\" content=\"image\/jpeg\" \/>\n<meta name=\"twitter:card\" content=\"summary_large_image\" \/>\n<meta name=\"twitter:label1\" content=\"Est. reading time\" \/>\n\t<meta name=\"twitter:data1\" content=\"4 minutes\" \/>\n<!-- \/ Yoast SEO plugin. -->","yoast_head_json":{"title":"C\u00f3mo Comprar Bittorrent-New (BTT) En Los Estados Unidos","description":"Una opci\u00f3n r\u00e1pida y efectiva para enviar dinero y quiz\u00e1s incluso invertir en criptomonedas es comprar Bittorrent-Nueva Moneda en los EE. UU.","robots":{"index":"index","follow":"follow","max-snippet":"max-snippet:-1","max-image-preview":"max-image-preview:large","max-video-preview":"max-video-preview:-1"},"canonical":"https:\/\/allin1bitcoins.com\/es\/crypto\/bittorrent-new\/united-states\/","og_locale":"es_ES","og_type":"article","og_title":"C\u00f3mo Comprar Bittorrent-New (BTT) En Los Estados Unidos","og_description":"Una opci\u00f3n r\u00e1pida y efectiva para enviar dinero y quiz\u00e1s incluso invertir en criptomonedas es comprar Bittorrent-Nueva Moneda en los EE. UU.","og_url":"https:\/\/allin1bitcoins.com\/es\/crypto\/bittorrent-new\/united-states\/","og_site_name":"Allin1Bitcoins","article_modified_time":"2023-02-08T17:27:09+00:00","og_image":[{"width":1920,"height":1317,"url":"https:\/\/allin1bitcoins.com\/wp-content\/uploads\/2023\/01\/cristina-glebova-fYqQBr0EzkA-unsplash.jpg","type":"image\/jpeg"}],"twitter_card":"summary_large_image","twitter_misc":{"Est. reading time":"4 minutes"},"schema":{"@context":"https:\/\/schema.org","@graph":[{"@type":"WebPage","@id":"https:\/\/allin1bitcoins.com\/es\/crypto\/bittorrent-new\/united-states\/","url":"https:\/\/allin1bitcoins.com\/es\/crypto\/bittorrent-new\/united-states\/","name":"C\u00f3mo Comprar Bittorrent-New (BTT) En Los Estados Unidos","isPartOf":{"@id":"https:\/\/allin1bitcoins.com\/es\/#website"},"datePublished":"2023-02-08T17:27:06+00:00","dateModified":"2023-02-08T17:27:09+00:00","description":"Una opci\u00f3n r\u00e1pida y efectiva para enviar dinero y quiz\u00e1s incluso invertir en criptomonedas es comprar Bittorrent-Nueva Moneda en los EE. UU.","breadcrumb":{"@id":"https:\/\/allin1bitcoins.com\/es\/crypto\/bittorrent-new\/united-states\/#breadcrumb"},"inLanguage":"es","potentialAction":[{"@type":"ReadAction","target":["https:\/\/allin1bitcoins.com\/es\/crypto\/bittorrent-new\/united-states\/"]}]},{"@type":"BreadcrumbList","@id":"https:\/\/allin1bitcoins.com\/es\/crypto\/bittorrent-new\/united-states\/#breadcrumb","itemListElement":[{"@type":"ListItem","position":1,"name":"Home","item":"https:\/\/allin1bitcoins.com\/es\/"},{"@type":"ListItem","position":2,"name":"Cripto","item":"https:\/\/allin1bitcoins.com\/es\/crypto\/"},{"@type":"ListItem","position":3,"name":"C\u00f3mo Comprar Bittorrent-New (BTT) &#8211; Gu\u00eda Detallada 2023","item":"https:\/\/allin1bitcoins.com\/es\/crypto\/bittorrent-new\/"},{"@type":"ListItem","position":4,"name":"C\u00f3mo Comprar Bittorrent-New (BTT) En Los Estados Unidos"}]},{"@type":"WebSite","@id":"https:\/\/allin1bitcoins.com\/es\/#website","url":"https:\/\/allin1bitcoins.com\/es\/","name":"Allin1Bitcoins","description":"","publisher":{"@id":"https:\/\/allin1bitcoins.com\/es\/#organization"},"potentialAction":[{"@type":"SearchAction","target":{"@type":"EntryPoint","urlTemplate":"https:\/\/allin1bitcoins.com\/es\/?s={search_term_string}"},"query-input":"required name=search_term_string"}],"inLanguage":"es"},{"@type":"Organization","@id":"https:\/\/allin1bitcoins.com\/es\/#organization","name":"allin1bitcoins","url":"https:\/\/allin1bitcoins.com\/es\/","logo":{"@type":"ImageObject","inLanguage":"es","@id":"https:\/\/allin1bitcoins.com\/es\/#\/schema\/logo\/image\/","url":"https:\/\/allin1bitcoins.com\/wp-content\/uploads\/2019\/01\/logo-new.png","contentUrl":"https:\/\/allin1bitcoins.com\/wp-content\/uploads\/2019\/01\/logo-new.png","width":178,"height":71,"caption":"allin1bitcoins"},"image":{"@id":"https:\/\/allin1bitcoins.com\/es\/#\/schema\/logo\/image\/"}}]}},"_links":{"self":[{"href":"https:\/\/allin1bitcoins.com\/es\/wp-json\/wp\/v2\/pages\/20814"}],"collection":[{"href":"https:\/\/allin1bitcoins.com\/es\/wp-json\/wp\/v2\/pages"}],"about":[{"href":"https:\/\/allin1bitcoins.com\/es\/wp-json\/wp\/v2\/types\/page"}],"author":[{"embeddable":true,"href":"https:\/\/allin1bitcoins.com\/es\/wp-json\/wp\/v2\/users\/5"}],"replies":[{"embeddable":true,"href":"https:\/\/allin1bitcoins.com\/es\/wp-json\/wp\/v2\/comments?post=20814"}],"version-history":[{"count":1,"href":"https:\/\/allin1bitcoins.com\/es\/wp-json\/wp\/v2\/pages\/20814\/revisions"}],"predecessor-version":[{"id":20815,"href":"https:\/\/allin1bitcoins.com\/es\/wp-json\/wp\/v2\/pages\/20814\/revisions\/20815"}],"up":[{"embeddable":true,"href":"https:\/\/allin1bitcoins.com\/es\/wp-json\/wp\/v2\/pages\/20750"}],"wp:featuredmedia":[{"embeddable":true,"href":"https:\/\/allin1bitcoins.com\/es\/wp-json\/wp\/v2\/media\/15294"}],"wp:attachment":[{"href":"https:\/\/allin1bitcoins.com\/es\/wp-json\/wp\/v2\/media?parent=20814"}],"curies":[{"name":"wp","href":"https:\/\/api.w.org\/{rel}","templated":true}]}}