{"id":20825,"date":"2023-02-08T19:22:59","date_gmt":"2023-02-08T19:22:59","guid":{"rendered":"https:\/\/allin1bitcoins.com\/?page_id=20825"},"modified":"2023-02-08T19:23:02","modified_gmt":"2023-02-08T19:23:02","slug":"united-kingdom","status":"publish","type":"page","link":"https:\/\/allin1bitcoins.com\/es\/crypto\/bittorrent-new\/united-kingdom\/","title":{"rendered":"C\u00f3mo Comprar Bittorrent-New (BTT) En El Reino Unido"},"content":{"rendered":"\n<h2 class=\"wp-block-heading\">Respuesta corta: Puedes comprar Bittorrent-New Coin en el Reino Unido.<\/h2>\n\n\n\n<p><strong>Siga estos procedimientos para comprar Bittorrent-New Coin en el Reino Unido:<\/strong><\/p>\n\n\n\n<ul><li>Encuentre una casa de cambio de bitcoin confiable que funcione en el Reino Unido.<br><br><\/li><li>Reg\u00edstrese en una cuenta de intercambio y luego complete el proceso de verificaci\u00f3n.<br><br><\/li><li>Seleccione Bittorrent-New Coin en la p\u00e1gina &#8220;Comprar&#8221; o &#8220;Comercio&#8221; de la casa de cambio.<br><br><br><\/li><li>Elija su opci\u00f3n de pago deseada, como una tarjeta de d\u00e9bito, tarjeta de cr\u00e9dito o transferencia bancaria.<br><br><\/li><li>Para completar la compra, ingrese la cantidad de Bittorrent-New Coin que desea comprar y luego siga las instrucciones en pantalla.<\/li><\/ul>\n\n\n\n<h2 class=\"wp-block-heading\">Resumen de Bittorrent-New Coin<\/h2>\n\n\n\n<p>En la plataforma Bittorrent-New, las transacciones se facilitan por Bittorrent-New Coin, un activo digital. Se pretende utilizar como un valor de almacenamiento y como un medio de intercambio para una variedad de productos y servicios. La base de Bittorrent-New Coin es una cadena de bloques, un sistema de libro de contabilidad descentralizado que permite velocidad, seguridad y transparencia.<\/p>\n\n\n\n<h2 class=\"wp-block-heading\">Ventajas de la compra de la nueva moneda Bittorrent<\/h2>\n\n\n\n<ul><li>Comprar Bittorrent-New Coin tiene una serie de ventajas.<br><br><\/li><li>Una ventaja es que puede ser una forma r\u00e1pida y f\u00e1cil de hacer pagos en l\u00ednea.<br><br><\/li><li>Sin pasar por un banco u otra instituci\u00f3n financiera, Bittorrent-New Coin puede utilizarse para pagar bienes y servicios directamente.<br><br><\/li><li>Adem\u00e1s, como Bittorrent-New Coin puede realizar transacciones sin pasar por bancos u otros intermediarios y sin incurrir en tarifas y retrasos, su utilizaci\u00f3n puede ser m\u00e1s r\u00e1pida y menos costosa que el uso de m\u00e9todos de pago est\u00e1ndar.<br><br><\/li><li>Como inversi\u00f3n, Bittorrent-New Coin puede ofrecer algunas ventajas potenciales.<br><br><\/li><li>El valor de Bittorrent-New Coin est\u00e1 sujeto a grandes oscilaciones, pero siempre hay una posibilidad de obtener ganancias si el valor de la moneda aumenta.<br><br><\/li><li>Antes de invertir en cualquier criptomoneda, debe hacer su propia investigaci\u00f3n y comprender los riesgos.<br><br><\/li><li>Como con cualquier inversi\u00f3n, diversificar su cartera siempre es una buena idea, y nunca debe invertir m\u00e1s de lo que puede perder.<\/li><\/ul>\n\n\n\n<figure class=\"wp-block-embed is-type-video is-provider-youtube wp-block-embed-youtube wp-embed-aspect-16-9 wp-has-aspect-ratio\"><div class=\"wp-block-embed__wrapper\">\n<iframe title=\"BitTorrent Price Prediction \ud83d\ude80 \ud83d\ude80  for 2025 and 2030 | Btt Price Target | BitTorrent Updates\" width=\"800\" height=\"450\" src=\"https:\/\/www.youtube.com\/embed\/BIPcIxgT9V8?feature=oembed\" frameborder=\"0\" allow=\"accelerometer; autoplay; clipboard-write; encrypted-media; gyroscope; picture-in-picture; web-share\" allowfullscreen><\/iframe>\n<\/div><\/figure>\n\n\n\n<h2 class=\"wp-block-heading\">C\u00f3mo comprar Bittorrent-New Coin en el Reino Unido: una gu\u00eda paso a paso<\/h2>\n\n\n\n<ol><li>Localiza un intercambio de Bitcoin confiable que funcione en el Reino Unido. Binance, Coinbase y Kraken son algunos intercambios conocidos que pueden brindar Bittorrent-New Coin y que est\u00e1n activos en el Reino Unido. Es crucial realizar su propia investigaci\u00f3n y elegir un intercambio confiable, seguro con un historial probado.<br><br><\/li><li>Reg\u00edstrate en una cuenta de intercambio y luego completa el proceso de verificaci\u00f3n. Para abrir una cuenta, la mayor\u00eda de los intercambios necesitar\u00e1n que proporcione alguna informaci\u00f3n personal e identificaci\u00f3n. Este es un com\u00fan precauci\u00f3n de seguridad para protegerse contra el fraude y asegurar que se cumplan las reglas.<br><br><\/li><li>Selecciona Bittorrent-New Coin en la p\u00e1gina &#8220;Comprar&#8221; o &#8220;Comercio&#8221; del intercambio. Para comprar Bittorrent-New Coin con su m\u00e9todo de pago preferido, como una transferencia bancaria, tarjeta de d\u00e9bito o tarjeta de cr\u00e9dito, busque la opci\u00f3n para hacerlo.<br><br><\/li><li>Para completar la compra, ingrese la cantidad de Bittorrent-New Coin que desea comprar y luego siga las instrucciones en pantalla. Su pago ser\u00e1 procesado por la bolsa, y el Bittorrent-New Coin ser\u00e1 enviado a su cuenta.\u00a0<br><br><\/li><li>Se recomienda mover el Bittorrent-New Coin a una billetera segura una vez que haya sido agregado a su cuenta para que pueda ser almacenado con seguridad. Una billetera es un pedazo de software que almacena y le da acceso a sus bitcoins. Las billeteras vienen en una amplia variedad de estilos, incluyendo billeteras de hardware, billeteras de software y billeteras de papel. Es crucial elegir una billetera que cumpla con sus demandas y sea segura.<\/li><\/ol>\n\n\n\n<h2 class=\"wp-block-heading\">Impuesto sobre las compras de Bittorrent-New Coin en el Reino Unido<\/h2>\n\n\n\n<ul><li>El estatus fiscal de las transacciones de criptomonedas est\u00e1 regulado por los hechos espec\u00edficos de cada caso en el Reino Unido. En general, determinar\u00e1 la ramificaci\u00f3n fiscal de comprar y venderlo si el Bittorrent-New Coin se utiliza como una inversi\u00f3n o como pago por bienes y servicios.<\/li><\/ul>\n\n\n\n<ul><li>Si el Bittorrent-New Coin se utiliza como una inversi\u00f3n, puede aplicar el impuesto sobre ganancias de capital. El beneficuento que obtiene cuando vende un art\u00edculo con un valor m\u00e1s alto est\u00e1 sujeto al impuesto sobre ganancias de capital. Es posible que tenga que pagar impuestos sobre ganancias de capital sobre la ganancia que obtiene si mantiene el Bittorrent-New Coin como una inversi\u00f3n y lo vende por una ganancia. Su escala fiscal y el tiempo que mantenga el activo afectar\u00e1n la tasa del impuesto sobre ganancias de capital.<br><br><\/li><li>Si utiliza Bittorrent-New Coin para realizar una compra de bienes o servicios, es posible que tenga que pagar el impuesto sobre el valor a\u00f1adido (IVA). El gobierno recolecta el IVA, un impuesto sobre la venta de bienes y servicios. Actualmente, la tasa del IVA en el Reino Unido es del 20%. Es posible que tenga que pagar IVA sobre los productos o servicios que compre usando Bittorrent-New Coin si lo utiliza como medio de cambio.<br><br><\/li><li>Es crucial recordar que la forma en que se gravan las transacciones de bitcoin todav\u00eda est\u00e1 en desarrollo y puede cambiar en el futuro. Si tienes alguna pregunta o inquietud sobre las consecuencias fiscales de la compra o venta de Bittorrent-New Coin en el Reino Unido, siempre es una buena idea hablar con un experto en impuestos o buscar orientaci\u00f3n del gobierno.<\/li><\/ul>\n\n\n\n<h2 class=\"wp-block-heading\">Conclusi\u00f3n<\/h2>\n\n\n\n<p>Comprar Bittorrent-New Coin en el Reino Unido podr\u00eda ser una manera r\u00e1pida y f\u00e1cil de enviar dinero en l\u00ednea y posiblemente ganar dinero con el valor de inversi\u00f3n de la moneda. Antes de comprar cualquier criptomoneda, es crucial hacer tu propia investigaci\u00f3n, entender los riesgos y tener en cuenta las consecuencias fiscales. Puedes comprar Bittorrent-New Coin en el Reino Unido con confianza siguiendo los pasos mencionados anteriormente, usando una plataforma de intercambio confiable y una billetera segura.<\/p>\n\n\n\n<!-- Page-list plugin v.5.9 wordpress.org\/plugins\/page-list\/ -->\n<ul class=\"page-list siblings-page-list \">\n<li class=\"page_item page-item-20758\"><a href=\"https:\/\/allin1bitcoins.com\/es\/crypto\/bittorrent-new\/paypal\/\">C\u00f3mo Comprar Bittorrent-New (BTT) Con PayPal<\/a><\/li>\n<li class=\"page_item page-item-20833\"><a href=\"https:\/\/allin1bitcoins.com\/es\/crypto\/bittorrent-new\/credit-card\/\">C\u00f3mo Comprar Bittorrent-New (BTT) Con Una Tarjeta De Cr\u00e9dito<\/a><\/li>\n<li class=\"page_item page-item-20845\"><a href=\"https:\/\/allin1bitcoins.com\/es\/crypto\/bittorrent-new\/debit-card\/\">C\u00f3mo Comprar Bittorrent-New (BTT) Con Una Tarjeta De D\u00e9bito<\/a><\/li>\n<li class=\"page_item page-item-20740\"><a href=\"https:\/\/allin1bitcoins.com\/es\/crypto\/bittorrent-new\/venmo\/\">C\u00f3mo Comprar Bittorrent-New (BTT) Con Venmo<\/a><\/li>\n<li class=\"page_item page-item-20792\"><a href=\"https:\/\/allin1bitcoins.com\/es\/crypto\/bittorrent-new\/germany\/\">C\u00f3mo Comprar Bittorrent-New (BTT) En Alemania<\/a><\/li>\n<li class=\"page_item page-item-20805\"><a href=\"https:\/\/allin1bitcoins.com\/es\/crypto\/bittorrent-new\/australia\/\">C\u00f3mo Comprar Bittorrent-New (BTT) En Australia<\/a><\/li>\n<li class=\"page_item page-item-20825\"><a href=\"https:\/\/allin1bitcoins.com\/es\/crypto\/bittorrent-new\/united-kingdom\/\">C\u00f3mo Comprar Bittorrent-New (BTT) En El Reino Unido<\/a><\/li>\n<li class=\"page_item page-item-20814\"><a href=\"https:\/\/allin1bitcoins.com\/es\/crypto\/bittorrent-new\/united-states\/\">C\u00f3mo Comprar Bittorrent-New (BTT) En Los Estados Unidos<\/a><\/li>\n\n<\/ul>\n","protected":false},"excerpt":{"rendered":"<p>Respuesta corta: Puedes comprar Bittorrent-New Coin en el Reino Unido. Siga estos procedimientos para comprar Bittorrent-New Coin en el Reino Unido: Encuentre una casa de cambio de bitcoin confiable que funcione en el Reino Unido. Reg\u00edstrese en una cuenta de intercambio y luego complete el proceso de verificaci\u00f3n. Seleccione Bittorrent-New Coin en la p\u00e1gina &#8220;Comprar&#8221;&#8230;<\/p>\n","protected":false},"author":5,"featured_media":15307,"parent":20750,"menu_order":0,"comment_status":"closed","ping_status":"closed","template":"","meta":{"cybocfi_hide_featured_image":"","footnotes":""},"acf":[],"yoast_head":"<!-- This site is optimized with the Yoast SEO plugin v21.7 - https:\/\/yoast.com\/wordpress\/plugins\/seo\/ -->\n<title>C\u00f3mo Comprar Bittorrent-New (BTT) En El Reino Unido<\/title>\n<meta name=\"description\" content=\"Puedes comprar Bittorrent-New Coin en el Reino Unido. Siga estos procedimientos para comprar Bittorrent-New Coin en el Reino Unido.\" \/>\n<meta name=\"robots\" content=\"index, follow, max-snippet:-1, max-image-preview:large, max-video-preview:-1\" \/>\n<link rel=\"canonical\" href=\"https:\/\/allin1bitcoins.com\/es\/crypto\/bittorrent-new\/united-kingdom\/\" \/>\n<meta property=\"og:locale\" content=\"es_ES\" \/>\n<meta property=\"og:type\" content=\"article\" \/>\n<meta property=\"og:title\" content=\"C\u00f3mo Comprar Bittorrent-New (BTT) En El Reino Unido\" \/>\n<meta property=\"og:description\" content=\"Puedes comprar Bittorrent-New Coin en el Reino Unido. Siga estos procedimientos para comprar Bittorrent-New Coin en el Reino Unido.\" \/>\n<meta property=\"og:url\" content=\"https:\/\/allin1bitcoins.com\/es\/crypto\/bittorrent-new\/united-kingdom\/\" \/>\n<meta property=\"og:site_name\" content=\"Allin1Bitcoins\" \/>\n<meta property=\"article:modified_time\" content=\"2023-02-08T19:23:02+00:00\" \/>\n<meta property=\"og:image\" content=\"https:\/\/allin1bitcoins.com\/wp-content\/uploads\/2023\/01\/pexels-liza-summer-6347729.jpg\" \/>\n\t<meta property=\"og:image:width\" content=\"1280\" \/>\n\t<meta property=\"og:image:height\" content=\"1920\" \/>\n\t<meta property=\"og:image:type\" content=\"image\/jpeg\" \/>\n<meta name=\"twitter:card\" content=\"summary_large_image\" \/>\n<meta name=\"twitter:label1\" content=\"Est. reading time\" \/>\n\t<meta name=\"twitter:data1\" content=\"5 minutes\" \/>\n<!-- \/ Yoast SEO plugin. -->","yoast_head_json":{"title":"C\u00f3mo Comprar Bittorrent-New (BTT) En El Reino Unido","description":"Puedes comprar Bittorrent-New Coin en el Reino Unido. Siga estos procedimientos para comprar Bittorrent-New Coin en el Reino Unido.","robots":{"index":"index","follow":"follow","max-snippet":"max-snippet:-1","max-image-preview":"max-image-preview:large","max-video-preview":"max-video-preview:-1"},"canonical":"https:\/\/allin1bitcoins.com\/es\/crypto\/bittorrent-new\/united-kingdom\/","og_locale":"es_ES","og_type":"article","og_title":"C\u00f3mo Comprar Bittorrent-New (BTT) En El Reino Unido","og_description":"Puedes comprar Bittorrent-New Coin en el Reino Unido. Siga estos procedimientos para comprar Bittorrent-New Coin en el Reino Unido.","og_url":"https:\/\/allin1bitcoins.com\/es\/crypto\/bittorrent-new\/united-kingdom\/","og_site_name":"Allin1Bitcoins","article_modified_time":"2023-02-08T19:23:02+00:00","og_image":[{"width":1280,"height":1920,"url":"https:\/\/allin1bitcoins.com\/wp-content\/uploads\/2023\/01\/pexels-liza-summer-6347729.jpg","type":"image\/jpeg"}],"twitter_card":"summary_large_image","twitter_misc":{"Est. reading time":"5 minutes"},"schema":{"@context":"https:\/\/schema.org","@graph":[{"@type":"WebPage","@id":"https:\/\/allin1bitcoins.com\/es\/crypto\/bittorrent-new\/united-kingdom\/","url":"https:\/\/allin1bitcoins.com\/es\/crypto\/bittorrent-new\/united-kingdom\/","name":"C\u00f3mo Comprar Bittorrent-New (BTT) En El Reino Unido","isPartOf":{"@id":"https:\/\/allin1bitcoins.com\/es\/#website"},"datePublished":"2023-02-08T19:22:59+00:00","dateModified":"2023-02-08T19:23:02+00:00","description":"Puedes comprar Bittorrent-New Coin en el Reino Unido. Siga estos procedimientos para comprar Bittorrent-New Coin en el Reino Unido.","breadcrumb":{"@id":"https:\/\/allin1bitcoins.com\/es\/crypto\/bittorrent-new\/united-kingdom\/#breadcrumb"},"inLanguage":"es","potentialAction":[{"@type":"ReadAction","target":["https:\/\/allin1bitcoins.com\/es\/crypto\/bittorrent-new\/united-kingdom\/"]}]},{"@type":"BreadcrumbList","@id":"https:\/\/allin1bitcoins.com\/es\/crypto\/bittorrent-new\/united-kingdom\/#breadcrumb","itemListElement":[{"@type":"ListItem","position":1,"name":"Home","item":"https:\/\/allin1bitcoins.com\/es\/"},{"@type":"ListItem","position":2,"name":"Cripto","item":"https:\/\/allin1bitcoins.com\/es\/crypto\/"},{"@type":"ListItem","position":3,"name":"C\u00f3mo Comprar Bittorrent-New (BTT) &#8211; Gu\u00eda Detallada 2023","item":"https:\/\/allin1bitcoins.com\/es\/crypto\/bittorrent-new\/"},{"@type":"ListItem","position":4,"name":"C\u00f3mo Comprar Bittorrent-New (BTT) En El Reino Unido"}]},{"@type":"WebSite","@id":"https:\/\/allin1bitcoins.com\/es\/#website","url":"https:\/\/allin1bitcoins.com\/es\/","name":"Allin1Bitcoins","description":"","publisher":{"@id":"https:\/\/allin1bitcoins.com\/es\/#organization"},"potentialAction":[{"@type":"SearchAction","target":{"@type":"EntryPoint","urlTemplate":"https:\/\/allin1bitcoins.com\/es\/?s={search_term_string}"},"query-input":"required name=search_term_string"}],"inLanguage":"es"},{"@type":"Organization","@id":"https:\/\/allin1bitcoins.com\/es\/#organization","name":"allin1bitcoins","url":"https:\/\/allin1bitcoins.com\/es\/","logo":{"@type":"ImageObject","inLanguage":"es","@id":"https:\/\/allin1bitcoins.com\/es\/#\/schema\/logo\/image\/","url":"https:\/\/allin1bitcoins.com\/wp-content\/uploads\/2019\/01\/logo-new.png","contentUrl":"https:\/\/allin1bitcoins.com\/wp-content\/uploads\/2019\/01\/logo-new.png","width":178,"height":71,"caption":"allin1bitcoins"},"image":{"@id":"https:\/\/allin1bitcoins.com\/es\/#\/schema\/logo\/image\/"}}]}},"_links":{"self":[{"href":"https:\/\/allin1bitcoins.com\/es\/wp-json\/wp\/v2\/pages\/20825"}],"collection":[{"href":"https:\/\/allin1bitcoins.com\/es\/wp-json\/wp\/v2\/pages"}],"about":[{"href":"https:\/\/allin1bitcoins.com\/es\/wp-json\/wp\/v2\/types\/page"}],"author":[{"embeddable":true,"href":"https:\/\/allin1bitcoins.com\/es\/wp-json\/wp\/v2\/users\/5"}],"replies":[{"embeddable":true,"href":"https:\/\/allin1bitcoins.com\/es\/wp-json\/wp\/v2\/comments?post=20825"}],"version-history":[{"count":1,"href":"https:\/\/allin1bitcoins.com\/es\/wp-json\/wp\/v2\/pages\/20825\/revisions"}],"predecessor-version":[{"id":20826,"href":"https:\/\/allin1bitcoins.com\/es\/wp-json\/wp\/v2\/pages\/20825\/revisions\/20826"}],"up":[{"embeddable":true,"href":"https:\/\/allin1bitcoins.com\/es\/wp-json\/wp\/v2\/pages\/20750"}],"wp:featuredmedia":[{"embeddable":true,"href":"https:\/\/allin1bitcoins.com\/es\/wp-json\/wp\/v2\/media\/15307"}],"wp:attachment":[{"href":"https:\/\/allin1bitcoins.com\/es\/wp-json\/wp\/v2\/media?parent=20825"}],"curies":[{"name":"wp","href":"https:\/\/api.w.org\/{rel}","templated":true}]}}