{"id":20833,"date":"2023-02-09T06:54:42","date_gmt":"2023-02-09T06:54:42","guid":{"rendered":"https:\/\/allin1bitcoins.com\/?page_id=20833"},"modified":"2023-02-09T06:54:45","modified_gmt":"2023-02-09T06:54:45","slug":"credit-card","status":"publish","type":"page","link":"https:\/\/allin1bitcoins.com\/es\/crypto\/bittorrent-new\/credit-card\/","title":{"rendered":"C\u00f3mo Comprar Bittorrent-New (BTT) Con Una Tarjeta De Cr\u00e9dito"},"content":{"rendered":"\n<h2 class=\"wp-block-heading\">Respuesta corta: Puede comprar Bittorrent-New Coin usando una tarjeta de cr\u00e9dito.<\/h2>\n\n\n\n<p><strong>Observe estos procedimientos para comprar Bittorrent-New Coin con una tarjeta de cr\u00e9dito:<\/strong><\/p>\n\n\n\n<ul><li>Una exchange de criptomonedas confiable que permita pagos con tarjeta de cr\u00e9dito debe ser encontrada.<br><br><\/li><li>Reg\u00edstrese en una cuenta de exchange y complete el proceso de verificaci\u00f3n.<br><br><\/li><li>Seleccione Bittorrent-New Coin en la p\u00e1gina &#8220;Comprar&#8221; o &#8220;Comercio&#8221; de la exchange.<br><br><\/li><li>Elija una tarjeta de cr\u00e9dito como su forma de pago.<br><br><\/li><li>Para completar la compra, ingrese la cantidad de Bittorrent-New Coin que desea comprar y luego siga las instrucciones en pantalla.<\/li><\/ul>\n\n\n\n<h2 class=\"wp-block-heading\">Resumen de Bittorrent-New Coin<\/h2>\n\n\n\n<p>En la plataforma Bittorrent-New, las transacciones son facilitadas por Bittorrent-New Coin, un activo digital. Se pretende que se utilice como un almac\u00e9n de valor y como un medio de intercambio para una variedad de bienes y servicios. La base de Bittorrent-New Coin es una blockchain, un sistema de registro descentralizado que permite velocidad, seguridad y transparencia.<\/p>\n\n\n\n<h2 class=\"wp-block-heading\">Por qu\u00e9 deseas usar una tarjeta de cr\u00e9dito para comprar Bittorrent-New Coin<\/h2>\n\n\n\n<ul><li>Podr\u00eda elegir usar una tarjeta de cr\u00e9dito para comprar Bittorrent-New Coin por una serie de factores.<br><br><\/li><li>Un beneficuento es que puede ser una forma r\u00e1pida y f\u00e1cil de comprar la moneda.<br><br><\/li><li>Las tarjetas de cr\u00e9dito son com\u00fanmente usadas y hacen que sea sencillo y r\u00e1pido completar la transacci\u00f3n.<br><br><\/li><li>Adem\u00e1s, usar una tarjeta de cr\u00e9dito podr\u00eda brindar una seguridad adicional porque puede desafiar la carga si la transacci\u00f3n no es como se esperaba.<\/li><\/ul>\n\n\n\n<figure class=\"wp-block-embed is-type-video is-provider-youtube wp-block-embed-youtube wp-embed-aspect-16-9 wp-has-aspect-ratio\"><div class=\"wp-block-embed__wrapper\">\n<iframe title=\"BitTorrent Price Prediction \ud83d\ude80 \ud83d\ude80  for 2025 and 2030 | Btt Price Target | BitTorrent Updates\" width=\"800\" height=\"450\" src=\"https:\/\/www.youtube.com\/embed\/BIPcIxgT9V8?feature=oembed\" frameborder=\"0\" allow=\"accelerometer; autoplay; clipboard-write; encrypted-media; gyroscope; picture-in-picture; web-share\" allowfullscreen><\/iframe>\n<\/div><\/figure>\n\n\n\n<h2 class=\"wp-block-heading\">C\u00f3mo comprar Bittorrent-New Coin con una tarjeta de cr\u00e9dito: Gu\u00eda paso a paso<\/h2>\n\n\n\n<ol><li>Se debe localizar una casa de cambio de criptomonedas confiable que permita pagos con tarjeta de cr\u00e9dito. Coinbase, Binance y Kraken son algunas de las casas de cambio bien conocidas que podr\u00edan ofrecer Bittorrent-New Coin y aceptar pagos con tarjeta de cr\u00e9dito. Es crucial realizar su propia investigaci\u00f3n y elegir una casa de cambio confiable y segura con un historial comprobado.<br><br><\/li><li>Registre una cuenta en la casa de cambio y luego complete el proceso de verificaci\u00f3n. Para abrir una cuenta, la mayor\u00eda de las casas de cambio le pedir\u00e1n que proporcione alguna informaci\u00f3n personal y documentaci\u00f3n de identificaci\u00f3n. Esto es una medida de seguridad com\u00fan para protegerse contra el fraude y garantizar el cumplimiento de las reglas.<br><br><\/li><li>Seleccione Bittorrent-New Coin en la p\u00e1gina &#8220;Comprar&#8221; o &#8220;Intercambiar&#8221; de la casa de cambio. Busque una opci\u00f3n de pago con tarjeta de cr\u00e9dito al comprar Bittorrent-New Coin.<br><br><\/li><li>Para completar la compra, ingrese la cantidad de Bittorrent-New Coin que desea comprar y luego siga las instrucciones en pantalla. Su pago ser\u00e1 procesado por la casa de cambio y el Bittorrent-New Coin ser\u00e1 enviado a su cuenta.<\/li><\/ol>\n\n\n\n<h2 class=\"wp-block-heading\">Contras de usar una tarjeta de cr\u00e9dito para comprar Bittorrent-New Coin<\/h2>\n\n\n\n<ul><li>Al comprar Bittorrent-New Coin con una tarjeta de cr\u00e9dito, hay algunas desventajas que deben tenerse en cuenta. Las tarifas asociadas con las transacciones con tarjeta de cr\u00e9dito es uno de estos problemas. Los pagos con tarjeta de cr\u00e9dito pueden incurrir en tarifas adicionales en algunos casas de cambio, aumentando el precio final de su compra. Adem\u00e1s, al usar una tarjeta de cr\u00e9dito para realizar la transacci\u00f3n, puede haber alg\u00fan riesgo financiero. Corre el riesgo de acumular intereses si no puede pagar la totalidad del saldo en su tarjeta de cr\u00e9dito cada mes.<br><br><\/li><li>El peligro de fraude o robo de identidad es otro posible inconveniente. Siempre existe la posibilidad de que se comprometa su informaci\u00f3n personal, aunque las casas de cambio respetables tomen precauciones para protegerla. Si este peligro le preocupa, puede considerar cambiar a otro m\u00e9todo de pago, como una transferencia bancaria o una billetera de criptomonedas.<\/li><\/ul>\n\n\n\n<h2 class=\"wp-block-heading\">Conclusi\u00f3n<\/h2>\n\n\n\n<p>Utilizar una tarjeta de cr\u00e9dito para comprar Bittorrent-New Coin puede ser un proceso r\u00e1pido y pr\u00e1ctico. Antes de avanzar, es crucial evaluar a fondo los costos y peligros relacionados con los pagos con tarjeta de cr\u00e9dito. Puede reducir estos peligros y comprar Bittorrent-New Coin con seguridad utilizando una casa de cambio confiable y siguiendo las mejores pr\u00e1cticas de la industria para la seguridad en l\u00ednea.<\/p>\n\n\n","protected":false},"excerpt":{"rendered":"<p>Respuesta corta: Puede comprar Bittorrent-New Coin usando una tarjeta de cr\u00e9dito. Observe estos procedimientos para comprar Bittorrent-New Coin con una tarjeta de cr\u00e9dito: Una exchange de criptomonedas confiable que permita pagos con tarjeta de cr\u00e9dito debe ser encontrada. Reg\u00edstrese en una cuenta de exchange y complete el proceso de verificaci\u00f3n. Seleccione Bittorrent-New Coin en la&#8230;<\/p>\n","protected":false},"author":5,"featured_media":15332,"parent":20750,"menu_order":0,"comment_status":"closed","ping_status":"closed","template":"","meta":{"cybocfi_hide_featured_image":"","footnotes":""},"acf":[],"yoast_head":"<!-- This site is optimized with the Yoast SEO plugin v21.7 - https:\/\/yoast.com\/wordpress\/plugins\/seo\/ -->\n<title>C\u00f3mo Comprar Bittorrent-New (BTT) Con Una Tarjeta De Cr\u00e9dito<\/title>\n<meta name=\"description\" content=\"Puedes comprar BTT utilizando una tarjeta de cr\u00e9dito. Siga estos procedimientos para comprar Bittorrent-New Coin con una tarjeta de cr\u00e9dito.\" \/>\n<meta name=\"robots\" content=\"index, follow, max-snippet:-1, max-image-preview:large, max-video-preview:-1\" \/>\n<link rel=\"canonical\" href=\"https:\/\/allin1bitcoins.com\/es\/crypto\/bittorrent-new\/credit-card\/\" \/>\n<meta property=\"og:locale\" content=\"es_ES\" \/>\n<meta property=\"og:type\" content=\"article\" \/>\n<meta property=\"og:title\" content=\"C\u00f3mo Comprar Bittorrent-New (BTT) Con Una Tarjeta De Cr\u00e9dito\" \/>\n<meta property=\"og:description\" content=\"Puedes comprar BTT utilizando una tarjeta de cr\u00e9dito. Siga estos procedimientos para comprar Bittorrent-New Coin con una tarjeta de cr\u00e9dito.\" \/>\n<meta property=\"og:url\" content=\"https:\/\/allin1bitcoins.com\/es\/crypto\/bittorrent-new\/credit-card\/\" \/>\n<meta property=\"og:site_name\" content=\"Allin1Bitcoins\" \/>\n<meta property=\"article:modified_time\" content=\"2023-02-09T06:54:45+00:00\" \/>\n<meta property=\"og:image\" content=\"https:\/\/allin1bitcoins.com\/wp-content\/uploads\/2023\/01\/Credit-2.jpg\" \/>\n\t<meta property=\"og:image:width\" content=\"1920\" \/>\n\t<meta property=\"og:image:height\" content=\"1280\" \/>\n\t<meta property=\"og:image:type\" content=\"image\/jpeg\" \/>\n<meta name=\"twitter:card\" content=\"summary_large_image\" \/>\n<meta name=\"twitter:label1\" content=\"Est. reading time\" \/>\n\t<meta name=\"twitter:data1\" content=\"3 minutes\" \/>\n<!-- \/ Yoast SEO plugin. -->","yoast_head_json":{"title":"C\u00f3mo Comprar Bittorrent-New (BTT) Con Una Tarjeta De Cr\u00e9dito","description":"Puedes comprar BTT utilizando una tarjeta de cr\u00e9dito. Siga estos procedimientos para comprar Bittorrent-New Coin con una tarjeta de cr\u00e9dito.","robots":{"index":"index","follow":"follow","max-snippet":"max-snippet:-1","max-image-preview":"max-image-preview:large","max-video-preview":"max-video-preview:-1"},"canonical":"https:\/\/allin1bitcoins.com\/es\/crypto\/bittorrent-new\/credit-card\/","og_locale":"es_ES","og_type":"article","og_title":"C\u00f3mo Comprar Bittorrent-New (BTT) Con Una Tarjeta De Cr\u00e9dito","og_description":"Puedes comprar BTT utilizando una tarjeta de cr\u00e9dito. Siga estos procedimientos para comprar Bittorrent-New Coin con una tarjeta de cr\u00e9dito.","og_url":"https:\/\/allin1bitcoins.com\/es\/crypto\/bittorrent-new\/credit-card\/","og_site_name":"Allin1Bitcoins","article_modified_time":"2023-02-09T06:54:45+00:00","og_image":[{"width":1920,"height":1280,"url":"https:\/\/allin1bitcoins.com\/wp-content\/uploads\/2023\/01\/Credit-2.jpg","type":"image\/jpeg"}],"twitter_card":"summary_large_image","twitter_misc":{"Est. reading time":"3 minutes"},"schema":{"@context":"https:\/\/schema.org","@graph":[{"@type":"WebPage","@id":"https:\/\/allin1bitcoins.com\/es\/crypto\/bittorrent-new\/credit-card\/","url":"https:\/\/allin1bitcoins.com\/es\/crypto\/bittorrent-new\/credit-card\/","name":"C\u00f3mo Comprar Bittorrent-New (BTT) Con Una Tarjeta De Cr\u00e9dito","isPartOf":{"@id":"https:\/\/allin1bitcoins.com\/es\/#website"},"datePublished":"2023-02-09T06:54:42+00:00","dateModified":"2023-02-09T06:54:45+00:00","description":"Puedes comprar BTT utilizando una tarjeta de cr\u00e9dito. Siga estos procedimientos para comprar Bittorrent-New Coin con una tarjeta de cr\u00e9dito.","breadcrumb":{"@id":"https:\/\/allin1bitcoins.com\/es\/crypto\/bittorrent-new\/credit-card\/#breadcrumb"},"inLanguage":"es","potentialAction":[{"@type":"ReadAction","target":["https:\/\/allin1bitcoins.com\/es\/crypto\/bittorrent-new\/credit-card\/"]}]},{"@type":"BreadcrumbList","@id":"https:\/\/allin1bitcoins.com\/es\/crypto\/bittorrent-new\/credit-card\/#breadcrumb","itemListElement":[{"@type":"ListItem","position":1,"name":"Home","item":"https:\/\/allin1bitcoins.com\/es\/"},{"@type":"ListItem","position":2,"name":"Cripto","item":"https:\/\/allin1bitcoins.com\/es\/crypto\/"},{"@type":"ListItem","position":3,"name":"C\u00f3mo Comprar Bittorrent-New (BTT) &#8211; Gu\u00eda Detallada 2023","item":"https:\/\/allin1bitcoins.com\/es\/crypto\/bittorrent-new\/"},{"@type":"ListItem","position":4,"name":"C\u00f3mo Comprar Bittorrent-New (BTT) Con Una Tarjeta De Cr\u00e9dito"}]},{"@type":"WebSite","@id":"https:\/\/allin1bitcoins.com\/es\/#website","url":"https:\/\/allin1bitcoins.com\/es\/","name":"Allin1Bitcoins","description":"","publisher":{"@id":"https:\/\/allin1bitcoins.com\/es\/#organization"},"potentialAction":[{"@type":"SearchAction","target":{"@type":"EntryPoint","urlTemplate":"https:\/\/allin1bitcoins.com\/es\/?s={search_term_string}"},"query-input":"required name=search_term_string"}],"inLanguage":"es"},{"@type":"Organization","@id":"https:\/\/allin1bitcoins.com\/es\/#organization","name":"allin1bitcoins","url":"https:\/\/allin1bitcoins.com\/es\/","logo":{"@type":"ImageObject","inLanguage":"es","@id":"https:\/\/allin1bitcoins.com\/es\/#\/schema\/logo\/image\/","url":"https:\/\/allin1bitcoins.com\/wp-content\/uploads\/2019\/01\/logo-new.png","contentUrl":"https:\/\/allin1bitcoins.com\/wp-content\/uploads\/2019\/01\/logo-new.png","width":178,"height":71,"caption":"allin1bitcoins"},"image":{"@id":"https:\/\/allin1bitcoins.com\/es\/#\/schema\/logo\/image\/"}}]}},"_links":{"self":[{"href":"https:\/\/allin1bitcoins.com\/es\/wp-json\/wp\/v2\/pages\/20833"}],"collection":[{"href":"https:\/\/allin1bitcoins.com\/es\/wp-json\/wp\/v2\/pages"}],"about":[{"href":"https:\/\/allin1bitcoins.com\/es\/wp-json\/wp\/v2\/types\/page"}],"author":[{"embeddable":true,"href":"https:\/\/allin1bitcoins.com\/es\/wp-json\/wp\/v2\/users\/5"}],"replies":[{"embeddable":true,"href":"https:\/\/allin1bitcoins.com\/es\/wp-json\/wp\/v2\/comments?post=20833"}],"version-history":[{"count":1,"href":"https:\/\/allin1bitcoins.com\/es\/wp-json\/wp\/v2\/pages\/20833\/revisions"}],"predecessor-version":[{"id":20834,"href":"https:\/\/allin1bitcoins.com\/es\/wp-json\/wp\/v2\/pages\/20833\/revisions\/20834"}],"up":[{"embeddable":true,"href":"https:\/\/allin1bitcoins.com\/es\/wp-json\/wp\/v2\/pages\/20750"}],"wp:featuredmedia":[{"embeddable":true,"href":"https:\/\/allin1bitcoins.com\/es\/wp-json\/wp\/v2\/media\/15332"}],"wp:attachment":[{"href":"https:\/\/allin1bitcoins.com\/es\/wp-json\/wp\/v2\/media?parent=20833"}],"curies":[{"name":"wp","href":"https:\/\/api.w.org\/{rel}","templated":true}]}}