{"id":20845,"date":"2023-02-09T11:22:26","date_gmt":"2023-02-09T11:22:26","guid":{"rendered":"https:\/\/allin1bitcoins.com\/?page_id=20845"},"modified":"2023-02-09T11:22:29","modified_gmt":"2023-02-09T11:22:29","slug":"debit-card","status":"publish","type":"page","link":"https:\/\/allin1bitcoins.com\/es\/crypto\/bittorrent-new\/debit-card\/","title":{"rendered":"C\u00f3mo Comprar Bittorrent-New (BTT) Con Una Tarjeta De D\u00e9bito"},"content":{"rendered":"\n<h2 class=\"wp-block-heading\">Respuesta Corta: Puedes comprar la moneda Bittorrent-New usando una tarjeta de d\u00e9bito.<\/h2>\n\n\n\n<p><strong>Observa estas instrucciones para comprar la moneda Bittorrent-New con una tarjeta de d\u00e9bito:<\/strong><\/p>\n\n\n\n<ul><li>Localiza un intercambio confiable que acepte pagos con tarjeta de d\u00e9bito para criptomonedas.<br><br><\/li><li>Reg\u00edstrate para una cuenta en el intercambio y completa el proceso de verificaci\u00f3n.<br><br><\/li><li>Selecciona la moneda Bittorrent-New en la p\u00e1gina &#8220;Comprar&#8221; o &#8220;Comercio&#8221; del intercambio.<br><br><\/li><li>La tarjeta de d\u00e9bito es la opci\u00f3n de pago preferida.<br><br><\/li><li>Para completar la compra, ingresa la cantidad de moneda Bittorrent-New que deseas comprar y luego sigue las instrucciones en pantalla.<\/li><\/ul>\n\n\n\n<h2 class=\"wp-block-heading\">Resumen de la moneda Bittorrent-New<\/h2>\n\n\n\n<p>En la plataforma Bittorrent-New, las transacciones se facilitan por la moneda Bittorrent-New, un activo digital. Se pretende usar como un valor de almacenamiento y tambi\u00e9n como medio de intercambio para una variedad de productos y servicios. La base de la moneda Bittorrent-New es un blockchain, un sistema de libro de contabilidad descentralizado que permite velocidad, seguridad y transparencia.<\/p>\n\n\n\n<h2 class=\"wp-block-heading\">Respuesta corta: Puedes comprar Bittorrent-New Coin utilizando una tarjeta de d\u00e9bito<\/h2>\n\n\n\n<ul><li>Podr\u00edas querer utilizar una tarjeta de d\u00e9bito para comprar Bittorrent-New Coin por una serie de factores. Una explicaci\u00f3n es que comprar la moneda de esta manera podr\u00eda ser sencillo y r\u00e1pido. Las tarjetas de d\u00e9bito se usan ampliamente y permiten una compleci\u00f3n r\u00e1pida y sencilla de la transacci\u00f3n. Utilizar una tarjeta de d\u00e9bito tambi\u00e9n puede brindar una mayor seguridad, ya que puedes desafiar la carga si hay alg\u00fan problema con la transacci\u00f3n.<br><br><\/li><li>Otra raz\u00f3n para considerar hacerlo es que puedes comprar Bittorrent-New Coin con una tarjeta de d\u00e9bito sin acumular m\u00e1s deuda. Cuando usas una tarjeta de cr\u00e9dito para hacer una compra, est\u00e1s prest\u00e1ndose dinero de la empresa de tarjetas de cr\u00e9dito. Corres el riesgo de acumular intereses si no puedes pagar el saldo completo en tu tarjeta de cr\u00e9dito cada mes. En lugar de pedir prestado dinero, tener una tarjeta de d\u00e9bito te permite acceder a los fondos que ya est\u00e1n en tu cuenta bancaria.<\/li><\/ul>\n\n\n\n<h2 class=\"wp-block-heading\">C\u00f3mo comprar Bittorrent-New Coin utilizando una tarjeta de d\u00e9bito: Gu\u00eda paso a paso<\/h2>\n\n\n\n<ol><li>Localiza una casa de cambio confiable que acepte pagos con tarjeta de d\u00e9bito para criptomonedas. Coinbase, Binance y Kraken son algunas casas de cambio conocidas que pueden proporcionar Bittorrent-New Coin y aceptar pagos con tarjeta de d\u00e9bito.<br><br><\/li><li>Es crucial realizar tu propia investigaci\u00f3n y elegir una casa de cambio confiable y segura con un historial comprobado.<br><br><\/li><li>Reg\u00edstrate para una cuenta en la casa de cambio, luego completa el proceso de verificaci\u00f3n. Para abrir una cuenta, la mayor\u00eda de las casas de cambio necesitar\u00e1n que proporciones alguna informaci\u00f3n personal e identificaci\u00f3n documental. Esta es una precauci\u00f3n de seguridad com\u00fan para proteger contra el fraude y garantizar que se sigan las reglas.<br><br><\/li><li>Selecciona Bittorrent-New Coin en la p\u00e1gina &#8220;Comprar&#8221; o &#8220;Comercio&#8221; de la casa de cambio. Puedes comenzar el proceso de compra de Bittorrent-New Coin cuando hayas identificado una casa de cambio que permita pagos con tarjeta de d\u00e9bito y hayas creado una cuenta.<br><br><br><\/li><li>Ve a la p\u00e1gina &#8220;Comprar&#8221; o &#8220;Comercio&#8221; de la casa de cambio y elige Bittorrent-New Coin de la lista de monedas disponibles.<br><br><\/li><li>La tarjeta de d\u00e9bito es la opci\u00f3n de pago preferida. Elige una tarjeta de d\u00e9bito como tu opci\u00f3n de pago en la p\u00e1gina de checkout. Debes ingresar los detalles de tu tarjeta de d\u00e9bito, incluyendo el n\u00famero, fecha de vencimiento y c\u00f3digo de seguridad.<br><br><\/li><li>Para completar la compra, ingresa la cantidad de Bittorrent-New Coin que deseas comprar y luego sigue las instrucciones en pantalla. Puedes ver los detalles de la transacci\u00f3n y aprobar la compra despu\u00e9s de ingresar la informaci\u00f3n de tu tarjeta de d\u00e9bito y la cantidad de Bittorrent-New Coin que deseas adquirir.<br><br><\/li><li>Deber\u00edas recibir tu Bittorrent-New Coin en unos minutos o horas despu\u00e9s de seguir las instrucciones para completar la transacci\u00f3n, dependiendo de la rapidez con la que la casa de cambio procese las transacciones.<\/li><\/ol>\n\n\n\n<figure class=\"wp-block-embed is-type-video is-provider-youtube wp-block-embed-youtube wp-embed-aspect-16-9 wp-has-aspect-ratio\"><div class=\"wp-block-embed__wrapper\">\n<iframe title=\"BITTORRENT IST HAPENNING X5000?? - BTT THE NEW YEARS LATEST PRICE PREDICTION AND TECHNICAL ANALYSIS\" width=\"800\" height=\"450\" src=\"https:\/\/www.youtube.com\/embed\/zGJ1wg05WsU?feature=oembed\" frameborder=\"0\" allow=\"accelerometer; autoplay; clipboard-write; encrypted-media; gyroscope; picture-in-picture; web-share\" allowfullscreen><\/iframe>\n<\/div><\/figure>\n\n\n\n<h2 class=\"wp-block-heading\">Desventajas de usar una tarjeta de d\u00e9bito para comprar Bittorrent-New Coin<\/h2>\n\n\n\n<ul><li>Aunque la compra de Bittorrent-New Coin con una tarjeta de d\u00e9bito puede ser un proceso r\u00e1pido y f\u00e1cil, hay algunos inconvenientes que debes tener en cuenta.<br><br><\/li><li>Las cargas asociadas con las transacciones con tarjeta de d\u00e9bito es uno de estos problemas.<br><br><\/li><li>Las pagos con tarjeta de d\u00e9bito pueden conllevar tarifas adicionales en algunos intercambiadores, lo que aumenta el precio final de tu art\u00edculo.<br><br><\/li><li>Por transacciones extranjeras o otras utilizaciones de tu tarjeta de d\u00e9bito, tu banco o proveedor de tarjeta de cr\u00e9dito tambi\u00e9n puede cobrarte una tarifa.<br><br><\/li><li>El peligro de fraude o robo de identidad es otro potencial inconveniente.<br><br><\/li><li>Siempre hay una posibilidad de que tu informaci\u00f3n personal pueda ser comprometida, incluso cuando los intercambios reputados toman precauciones para protegerla.<br><br><\/li><li>Si te preocupa este peligro, es posible que desees considerar cambiar a otro m\u00e9todo de pago, como una transferencia bancaria o una billetera de criptomonedas.<\/li><\/ul>\n\n\n\n<h2 class=\"wp-block-heading\">Conclusi\u00f3n<\/h2>\n\n\n\n<p>Usar una tarjeta de d\u00e9bito para comprar Bittorrent-New Coin puede ser un proceso r\u00e1pido y pr\u00e1ctico. Antes de avanzar, es crucial evaluar cuidadosamente los costos y los riesgos relacionados con los pagos con tarjeta de d\u00e9bito. Puedes reducir estos riesgos y comprar Bittorrent-New Coin con seguridad utilizando un intercambio confiable y siguiendo las mejores pr\u00e1cticas de la industria para la seguridad en l\u00ednea.<\/p>\n\n\n\n<!-- Page-list plugin v.5.9 wordpress.org\/plugins\/page-list\/ -->\n<ul class=\"page-list siblings-page-list \">\n<li class=\"page_item page-item-20758\"><a href=\"https:\/\/allin1bitcoins.com\/es\/crypto\/bittorrent-new\/paypal\/\">C\u00f3mo Comprar Bittorrent-New (BTT) Con PayPal<\/a><\/li>\n<li class=\"page_item page-item-20833\"><a href=\"https:\/\/allin1bitcoins.com\/es\/crypto\/bittorrent-new\/credit-card\/\">C\u00f3mo Comprar Bittorrent-New (BTT) Con Una Tarjeta De Cr\u00e9dito<\/a><\/li>\n<li class=\"page_item page-item-20845\"><a href=\"https:\/\/allin1bitcoins.com\/es\/crypto\/bittorrent-new\/debit-card\/\">C\u00f3mo Comprar Bittorrent-New (BTT) Con Una Tarjeta De D\u00e9bito<\/a><\/li>\n<li class=\"page_item page-item-20740\"><a href=\"https:\/\/allin1bitcoins.com\/es\/crypto\/bittorrent-new\/venmo\/\">C\u00f3mo Comprar Bittorrent-New (BTT) Con Venmo<\/a><\/li>\n<li class=\"page_item page-item-20792\"><a href=\"https:\/\/allin1bitcoins.com\/es\/crypto\/bittorrent-new\/germany\/\">C\u00f3mo Comprar Bittorrent-New (BTT) En Alemania<\/a><\/li>\n<li class=\"page_item page-item-20805\"><a href=\"https:\/\/allin1bitcoins.com\/es\/crypto\/bittorrent-new\/australia\/\">C\u00f3mo Comprar Bittorrent-New (BTT) En Australia<\/a><\/li>\n<li class=\"page_item page-item-20825\"><a href=\"https:\/\/allin1bitcoins.com\/es\/crypto\/bittorrent-new\/united-kingdom\/\">C\u00f3mo Comprar Bittorrent-New (BTT) En El Reino Unido<\/a><\/li>\n<li class=\"page_item page-item-20814\"><a href=\"https:\/\/allin1bitcoins.com\/es\/crypto\/bittorrent-new\/united-states\/\">C\u00f3mo Comprar Bittorrent-New (BTT) En Los Estados Unidos<\/a><\/li>\n\n<\/ul>\n","protected":false},"excerpt":{"rendered":"<p>Respuesta Corta: Puedes comprar la moneda Bittorrent-New usando una tarjeta de d\u00e9bito. Observa estas instrucciones para comprar la moneda Bittorrent-New con una tarjeta de d\u00e9bito: Localiza un intercambio confiable que acepte pagos con tarjeta de d\u00e9bito para criptomonedas. Reg\u00edstrate para una cuenta en el intercambio y completa el proceso de verificaci\u00f3n. Selecciona la moneda Bittorrent-New&#8230;<\/p>\n","protected":false},"author":5,"featured_media":15355,"parent":20750,"menu_order":0,"comment_status":"closed","ping_status":"closed","template":"","meta":{"cybocfi_hide_featured_image":"","footnotes":""},"acf":[],"yoast_head":"<!-- This site is optimized with the Yoast SEO plugin v21.7 - https:\/\/yoast.com\/wordpress\/plugins\/seo\/ -->\n<title>C\u00f3mo Comprar Bittorrent-New (BTT) Con Una Tarjeta De D\u00e9bito<\/title>\n<meta name=\"description\" content=\"Puedes comprar la moneda Bittorrent-New con una tarjeta de d\u00e9bito sin acumular m\u00e1s deuda, lo cual es otra raz\u00f3n para pensar en hacerlo.\" \/>\n<meta name=\"robots\" content=\"index, follow, max-snippet:-1, max-image-preview:large, max-video-preview:-1\" \/>\n<link rel=\"canonical\" href=\"https:\/\/allin1bitcoins.com\/es\/crypto\/bittorrent-new\/debit-card\/\" \/>\n<meta property=\"og:locale\" content=\"es_ES\" \/>\n<meta property=\"og:type\" content=\"article\" \/>\n<meta property=\"og:title\" content=\"C\u00f3mo Comprar Bittorrent-New (BTT) Con Una Tarjeta De D\u00e9bito\" \/>\n<meta property=\"og:description\" content=\"Puedes comprar la moneda Bittorrent-New con una tarjeta de d\u00e9bito sin acumular m\u00e1s deuda, lo cual es otra raz\u00f3n para pensar en hacerlo.\" \/>\n<meta property=\"og:url\" content=\"https:\/\/allin1bitcoins.com\/es\/crypto\/bittorrent-new\/debit-card\/\" \/>\n<meta property=\"og:site_name\" content=\"Allin1Bitcoins\" \/>\n<meta property=\"article:modified_time\" content=\"2023-02-09T11:22:29+00:00\" \/>\n<meta property=\"og:image\" content=\"https:\/\/allin1bitcoins.com\/wp-content\/uploads\/2023\/01\/Debit-2.jpg\" \/>\n\t<meta property=\"og:image:width\" content=\"1920\" \/>\n\t<meta property=\"og:image:height\" content=\"1280\" \/>\n\t<meta property=\"og:image:type\" content=\"image\/jpeg\" \/>\n<meta name=\"twitter:card\" content=\"summary_large_image\" \/>\n<meta name=\"twitter:label1\" content=\"Est. reading time\" \/>\n\t<meta name=\"twitter:data1\" content=\"4 minutes\" \/>\n<!-- \/ Yoast SEO plugin. -->","yoast_head_json":{"title":"C\u00f3mo Comprar Bittorrent-New (BTT) Con Una Tarjeta De D\u00e9bito","description":"Puedes comprar la moneda Bittorrent-New con una tarjeta de d\u00e9bito sin acumular m\u00e1s deuda, lo cual es otra raz\u00f3n para pensar en hacerlo.","robots":{"index":"index","follow":"follow","max-snippet":"max-snippet:-1","max-image-preview":"max-image-preview:large","max-video-preview":"max-video-preview:-1"},"canonical":"https:\/\/allin1bitcoins.com\/es\/crypto\/bittorrent-new\/debit-card\/","og_locale":"es_ES","og_type":"article","og_title":"C\u00f3mo Comprar Bittorrent-New (BTT) Con Una Tarjeta De D\u00e9bito","og_description":"Puedes comprar la moneda Bittorrent-New con una tarjeta de d\u00e9bito sin acumular m\u00e1s deuda, lo cual es otra raz\u00f3n para pensar en hacerlo.","og_url":"https:\/\/allin1bitcoins.com\/es\/crypto\/bittorrent-new\/debit-card\/","og_site_name":"Allin1Bitcoins","article_modified_time":"2023-02-09T11:22:29+00:00","og_image":[{"width":1920,"height":1280,"url":"https:\/\/allin1bitcoins.com\/wp-content\/uploads\/2023\/01\/Debit-2.jpg","type":"image\/jpeg"}],"twitter_card":"summary_large_image","twitter_misc":{"Est. reading time":"4 minutes"},"schema":{"@context":"https:\/\/schema.org","@graph":[{"@type":"WebPage","@id":"https:\/\/allin1bitcoins.com\/es\/crypto\/bittorrent-new\/debit-card\/","url":"https:\/\/allin1bitcoins.com\/es\/crypto\/bittorrent-new\/debit-card\/","name":"C\u00f3mo Comprar Bittorrent-New (BTT) Con Una Tarjeta De D\u00e9bito","isPartOf":{"@id":"https:\/\/allin1bitcoins.com\/es\/#website"},"datePublished":"2023-02-09T11:22:26+00:00","dateModified":"2023-02-09T11:22:29+00:00","description":"Puedes comprar la moneda Bittorrent-New con una tarjeta de d\u00e9bito sin acumular m\u00e1s deuda, lo cual es otra raz\u00f3n para pensar en hacerlo.","breadcrumb":{"@id":"https:\/\/allin1bitcoins.com\/es\/crypto\/bittorrent-new\/debit-card\/#breadcrumb"},"inLanguage":"es","potentialAction":[{"@type":"ReadAction","target":["https:\/\/allin1bitcoins.com\/es\/crypto\/bittorrent-new\/debit-card\/"]}]},{"@type":"BreadcrumbList","@id":"https:\/\/allin1bitcoins.com\/es\/crypto\/bittorrent-new\/debit-card\/#breadcrumb","itemListElement":[{"@type":"ListItem","position":1,"name":"Home","item":"https:\/\/allin1bitcoins.com\/es\/"},{"@type":"ListItem","position":2,"name":"Cripto","item":"https:\/\/allin1bitcoins.com\/es\/crypto\/"},{"@type":"ListItem","position":3,"name":"C\u00f3mo Comprar Bittorrent-New (BTT) &#8211; Gu\u00eda Detallada 2023","item":"https:\/\/allin1bitcoins.com\/es\/crypto\/bittorrent-new\/"},{"@type":"ListItem","position":4,"name":"C\u00f3mo Comprar Bittorrent-New (BTT) Con Una Tarjeta De D\u00e9bito"}]},{"@type":"WebSite","@id":"https:\/\/allin1bitcoins.com\/es\/#website","url":"https:\/\/allin1bitcoins.com\/es\/","name":"Allin1Bitcoins","description":"","publisher":{"@id":"https:\/\/allin1bitcoins.com\/es\/#organization"},"potentialAction":[{"@type":"SearchAction","target":{"@type":"EntryPoint","urlTemplate":"https:\/\/allin1bitcoins.com\/es\/?s={search_term_string}"},"query-input":"required name=search_term_string"}],"inLanguage":"es"},{"@type":"Organization","@id":"https:\/\/allin1bitcoins.com\/es\/#organization","name":"allin1bitcoins","url":"https:\/\/allin1bitcoins.com\/es\/","logo":{"@type":"ImageObject","inLanguage":"es","@id":"https:\/\/allin1bitcoins.com\/es\/#\/schema\/logo\/image\/","url":"https:\/\/allin1bitcoins.com\/wp-content\/uploads\/2019\/01\/logo-new.png","contentUrl":"https:\/\/allin1bitcoins.com\/wp-content\/uploads\/2019\/01\/logo-new.png","width":178,"height":71,"caption":"allin1bitcoins"},"image":{"@id":"https:\/\/allin1bitcoins.com\/es\/#\/schema\/logo\/image\/"}}]}},"_links":{"self":[{"href":"https:\/\/allin1bitcoins.com\/es\/wp-json\/wp\/v2\/pages\/20845"}],"collection":[{"href":"https:\/\/allin1bitcoins.com\/es\/wp-json\/wp\/v2\/pages"}],"about":[{"href":"https:\/\/allin1bitcoins.com\/es\/wp-json\/wp\/v2\/types\/page"}],"author":[{"embeddable":true,"href":"https:\/\/allin1bitcoins.com\/es\/wp-json\/wp\/v2\/users\/5"}],"replies":[{"embeddable":true,"href":"https:\/\/allin1bitcoins.com\/es\/wp-json\/wp\/v2\/comments?post=20845"}],"version-history":[{"count":2,"href":"https:\/\/allin1bitcoins.com\/es\/wp-json\/wp\/v2\/pages\/20845\/revisions"}],"predecessor-version":[{"id":20851,"href":"https:\/\/allin1bitcoins.com\/es\/wp-json\/wp\/v2\/pages\/20845\/revisions\/20851"}],"up":[{"embeddable":true,"href":"https:\/\/allin1bitcoins.com\/es\/wp-json\/wp\/v2\/pages\/20750"}],"wp:featuredmedia":[{"embeddable":true,"href":"https:\/\/allin1bitcoins.com\/es\/wp-json\/wp\/v2\/media\/15355"}],"wp:attachment":[{"href":"https:\/\/allin1bitcoins.com\/es\/wp-json\/wp\/v2\/media?parent=20845"}],"curies":[{"name":"wp","href":"https:\/\/api.w.org\/{rel}","templated":true}]}}