{"id":20876,"date":"2023-02-10T19:03:24","date_gmt":"2023-02-10T19:03:24","guid":{"rendered":"https:\/\/allin1bitcoins.com\/?page_id=20876"},"modified":"2023-02-10T19:03:27","modified_gmt":"2023-02-10T19:03:27","slug":"united-states","status":"publish","type":"page","link":"https:\/\/allin1bitcoins.com\/es\/crypto\/xen-crypto\/united-states\/","title":{"rendered":"C\u00f3mo Comprar XEN Crypto (XEN) En Los Estados Unidos"},"content":{"rendered":"\n<p>Hay algunas opciones disponibles para los estadounidenses que quieren comprar Xen Crypto. Una opci\u00f3n es comprar Xen Crypto directamente de una bolsa de criptomonedas que permita a los ciudadanos estadounidenses usar una tarjeta de cr\u00e9dito o d\u00e9bito. Coinbase, Kraken y Bitpanda son algunas bolsas que permiten a los ciudadanos estadounidenses usar una tarjeta de cr\u00e9dito o d\u00e9bito para comprar Xen Crypto. Otra opci\u00f3n es adquirir Bitcoin o Ethereum con una tarjeta de cr\u00e9dito o d\u00e9bito, y luego usar esas monedas para comprar Xen Crypto en una bolsa que las acepte.<\/p>\n\n\n\n<h2 class=\"wp-block-heading\">Resumen de Xen Crypto<\/h2>\n\n\n\n<p>Xen Crypto es un activo digital desarrollado en 2018 con el objetivo de facilitar transacciones en l\u00ednea r\u00e1pidas y seguras. Al estar construido en la cadena de bloques de Ethereum, es descentralizado y se ejecuta en una red peer-to-peer, lo que significa que ni la oferta ni la demanda de Xen Crypto est\u00e1n reguladas por una entidad central y todas las transacciones se verifican y registran en un registro distribuido conocido como la cadena de bloques.<\/p>\n\n\n\n<p>Al igual que con las monedas convencionales, Xen Crypto se puede usar para almacenar valor, as\u00ed como para comprar y vender productos y servicios en l\u00ednea. El valor de Xen Crypto se basa en factores del mercado, como la oferta y la demanda, y tiene una oferta finita de 100 millones de monedas.<\/p>\n\n\n\n<h2 class=\"wp-block-heading\">Ventajas de comprar Xen Crypto<\/h2>\n\n\n\n<p>La compra de Xen Crypto tiene varias ventajas. Al ser un activo digital descentralizado, es decir, que no est\u00e1 bajo la jurisdicci\u00f3n de una entidad centralizada como un banco o un gobierno, es una de sus ventajas clave. En comparaci\u00f3n con las monedas convencionales, que a menudo est\u00e1n expuestas a la inflaci\u00f3n y a la interferencia gubernamental, esto lo hace potencialmente una forma m\u00e1s segura y confiable de almacenar y transferir valor.<\/p>\n\n\n\n<p>La velocidad y efectividad de Xen Crypto es otra ventaja. A diferencia de las transacciones financieras convencionales, que normalmente tardan d\u00edas en liquidarse, las transacciones se pueden realizar en minutos o incluso segundos. Esto lo hace perfecto para su uso en transacciones en l\u00ednea y para enviar dinero al extranjero.<\/p>\n\n\n\n<p>Y por \u00faltimo, invertir en Xen Crypto puede ser muy rentable. Su valor se basa en factores del mercado, como la oferta y la demanda, por lo que si hay un aumento de inter\u00e9s en Xen Crypto, el valor de las monedas puede aumentar tambi\u00e9n. Esto implica que la compra de Xen Crypto podr\u00eda generar rendimientos sustanciales si el valor de la moneda aumenta con el tiempo.<\/p>\n\n\n\n<figure class=\"wp-block-embed is-type-video is-provider-youtube wp-block-embed-youtube wp-embed-aspect-16-9 wp-has-aspect-ratio\"><div class=\"wp-block-embed__wrapper\">\n<iframe title=\"Xen Crypto Price Prediction 2025\" width=\"800\" height=\"450\" src=\"https:\/\/www.youtube.com\/embed\/BrC_jfxqBgM?feature=oembed\" frameborder=\"0\" allow=\"accelerometer; autoplay; clipboard-write; encrypted-media; gyroscope; picture-in-picture; web-share\" allowfullscreen><\/iframe>\n<\/div><\/figure>\n\n\n\n<h2 class=\"wp-block-heading\">C\u00f3mo comprar Xen Crypto en los Estados Unidos: Una gu\u00eda paso a paso<\/h2>\n\n\n\n<p><strong>Aqu\u00ed hay una gu\u00eda paso a paso sobre c\u00f3mo comprar Xen Crypto si vives en los Estados Unidos y deseas:<\/strong><\/p>\n\n\n\n<ol><li>Xen Crypto se puede comprar con una tarjeta de cr\u00e9dito o d\u00e9bito en la mejor bolsa de criptomonedas para ciudadanos estadounidenses. Coinbase, Kraken y Bitpanda son algunas de las alternativas.<br><br><\/li><li>Al ingresar tu direcci\u00f3n de correo electr\u00f3nico y generar una contrase\u00f1a, puedes crear una cuenta en la bolsa. Tambi\u00e9n se te pedir\u00e1 que proporciones algunos datos privados, como tu nombre, direcci\u00f3n y n\u00famero de tel\u00e9fono.<br><br><\/li><li>Subir una identificaci\u00f3n emitida por el gobierno a tu cuenta servir\u00e1 como prueba de identidad. Tambi\u00e9n debes completar cualquier otro proceso de verificaci\u00f3n especificado por la bolsa.<br><br><\/li><li>Conecta la bolsa a tu tarjeta de cr\u00e9dito o d\u00e9bito. Por lo general, puedes hacer esto visitando la secci\u00f3n &#8220;M\u00e9todos de pago&#8221; de la bolsa y agregando tu tarjeta siguiendo las instrucciones en pantalla.<br><br><\/li><li>Despu\u00e9s de conectar tu tarjeta, puedes elegir Xen Crypto de la lista de activos disponibles en la secci\u00f3n &#8220;Comprar\/Vender&#8221; de la bolsa.<br><br><\/li><li>Cuando se te solicite, ingresa la cantidad de Xen Crypto que deseas comprar y haz clic en &#8220;Confirmar&#8221;. Las monedas se agregar\u00e1n a tu billetera en la bolsa, desde donde puedes retirarlas si lo deseas.<\/li><\/ol>\n\n\n\n<h2 class=\"wp-block-heading\">Impuesto sobre las compras de criptomoneda Xen en los EE. UU.<\/h2>\n\n\n\n<p>Si compra Xen Crypto y vive en los EE. UU., se le requerir\u00e1 pagar impuestos sobre cualquier ganancia que genere de la venta de las monedas. Si las ganancias son consideradas como una ganancia de capital o ingreso, determina cu\u00e1nto impuesto debe pagar.<\/p>\n\n\n\n<p>Las ganancias estar\u00e1n sujetas a impuesto sobre ganancias de capital si se consideran ganancias de capital. La ganancia que obtiene al vender un art\u00edculo con un valor m\u00e1s alto est\u00e1 sujeta a impuesto sobre ganancias de capital. La cantidad de impuesto sobre ganancias de capital que debe pagar se basa en su nivel de ingresos y el tiempo que posey\u00f3 el art\u00edculo antes de venderlo. Las ganancias de activos mantenidos durante un a\u00f1o o menos que se consideran ganancias de capital a corto plazo se tributan a su tarifa impositiva normal. Las ganancias en activos mantenidos durante m\u00e1s de un a\u00f1o se consideran ganancias de capital a largo plazo y se tributan a una tasa m\u00e1s baja. Dependiendo de su nivel de ingresos, las tasas actuales de impuestos sobre ganancias de capital a largo plazo son <strong>0%, 15% o 20%.<\/strong><\/p>\n\n\n\n<p>Las ganancias estar\u00e1n sujetas a impuestos sobre ingresos si se consideran ingresos. Sus ganancias de empleo, autoempleo e inversiones est\u00e1n sujetas a impuestos sobre ingresos. La cantidad de ingresos determina la tasa impositiva sobre ingresos que debe pagar. Actualmente, los Estados Unidos tienen tasas impositivas sobre ingresos de <strong>10%, 12%, 22%, 24%, 32%, 35% y 37%.<\/strong><\/p>\n\n\n\n<p>Es crucial tener en cuenta que estas leyes fiscales podr\u00edan alterarse o fluctuar seg\u00fan su situaci\u00f3n particular. Para obtener m\u00e1s informaci\u00f3n, debe hablar con un experto fiscal o visitar el sitio web del Servicio de Impuestos Internos (IRS).<\/p>\n\n\n\n<h2 class=\"wp-block-heading\">Conclusi\u00f3n<\/h2>\n\n\n\n<p>En conclusi\u00f3n, comprar Xen Crypto en los EE. UU. es un procedimiento bastante simple, pero es crucial investigar y elegir una bolsa confiable. Comprar y comerciar con Xen Crypto puede tener implicaciones fiscales, ya que las ganancias pueden estar sujetas a impuestos sobre ingresos o ganancias de capital. Es una buena idea solicitar la ayuda de un consejero financiero o experto fiscal si est\u00e1 pensando en comprar Xen Crypto.<\/p>\n\n\n\n<!-- Page-list plugin v.5.9 wordpress.org\/plugins\/page-list\/ -->\n<ul class=\"page-list siblings-page-list \">\n<li class=\"page_item page-item-20932\"><a href=\"https:\/\/allin1bitcoins.com\/es\/crypto\/xen-crypto\/paypal\/\">C\u00f3mo Comprar Criptomoneda XEN (XEN) Con PayPal<\/a><\/li>\n<li class=\"page_item page-item-20914\"><a href=\"https:\/\/allin1bitcoins.com\/es\/crypto\/xen-crypto\/credit-card\/\">C\u00f3mo Comprar Criptomoneda XEN (XEN) Con Una Tarjeta De Cr\u00e9dito<\/a><\/li>\n<li class=\"page_item page-item-20922\"><a href=\"https:\/\/allin1bitcoins.com\/es\/crypto\/xen-crypto\/debit-card\/\">C\u00f3mo Comprar Criptomoneda XEN (XEN) Con Una Tarjeta De D\u00e9bito<\/a><\/li>\n<li class=\"page_item page-item-20944\"><a href=\"https:\/\/allin1bitcoins.com\/es\/crypto\/xen-crypto\/bank-account\/\">C\u00f3mo Comprar XEN Crypto (XEN) Con Una Cuenta Bancaria<\/a><\/li>\n<li class=\"page_item page-item-20899\"><a href=\"https:\/\/allin1bitcoins.com\/es\/crypto\/xen-crypto\/australia\/\">C\u00f3mo Comprar XEN CRYPTO (XEN) En Australia<\/a><\/li>\n<li class=\"page_item page-item-20888\"><a href=\"https:\/\/allin1bitcoins.com\/es\/crypto\/xen-crypto\/canada\/\">C\u00f3mo Comprar XEN Crypto (XEN) En Canada<\/a><\/li>\n<li class=\"page_item page-item-20868\"><a href=\"https:\/\/allin1bitcoins.com\/es\/crypto\/xen-crypto\/united-kingdom\/\">C\u00f3mo Comprar Xen Crypto (XEN) En El Reino Unido<\/a><\/li>\n<li class=\"page_item page-item-20876\"><a href=\"https:\/\/allin1bitcoins.com\/es\/crypto\/xen-crypto\/united-states\/\">C\u00f3mo Comprar XEN Crypto (XEN) En Los Estados Unidos<\/a><\/li>\n\n<\/ul>\n","protected":false},"excerpt":{"rendered":"<p>Hay algunas opciones disponibles para los estadounidenses que quieren comprar Xen Crypto. Una opci\u00f3n es comprar Xen Crypto directamente de una bolsa de criptomonedas que permita a los ciudadanos estadounidenses usar una tarjeta de cr\u00e9dito o d\u00e9bito. Coinbase, Kraken y Bitpanda son algunas bolsas que permiten a los ciudadanos estadounidenses usar una tarjeta de cr\u00e9dito&#8230;<\/p>\n","protected":false},"author":5,"featured_media":16150,"parent":20855,"menu_order":0,"comment_status":"closed","ping_status":"closed","template":"","meta":{"cybocfi_hide_featured_image":"","footnotes":""},"acf":[],"yoast_head":"<!-- This site is optimized with the Yoast SEO plugin v21.7 - https:\/\/yoast.com\/wordpress\/plugins\/seo\/ -->\n<title>C\u00f3mo Comprar XEN Crypto (XEN) En Los Estados Unidos<\/title>\n<meta name=\"description\" content=\"Comprar XEN en los Estados Unidos es un proceso bastante sencillo, pero es crucial realizar una investigaci\u00f3n.\" \/>\n<meta name=\"robots\" content=\"index, follow, max-snippet:-1, max-image-preview:large, max-video-preview:-1\" \/>\n<link rel=\"canonical\" href=\"https:\/\/allin1bitcoins.com\/es\/crypto\/xen-crypto\/united-states\/\" \/>\n<meta property=\"og:locale\" content=\"es_ES\" \/>\n<meta property=\"og:type\" content=\"article\" \/>\n<meta property=\"og:title\" content=\"C\u00f3mo Comprar XEN Crypto (XEN) En Los Estados Unidos\" \/>\n<meta property=\"og:description\" content=\"Comprar XEN en los Estados Unidos es un proceso bastante sencillo, pero es crucial realizar una investigaci\u00f3n.\" \/>\n<meta property=\"og:url\" content=\"https:\/\/allin1bitcoins.com\/es\/crypto\/xen-crypto\/united-states\/\" \/>\n<meta property=\"og:site_name\" content=\"Allin1Bitcoins\" \/>\n<meta property=\"article:modified_time\" content=\"2023-02-10T19:03:27+00:00\" \/>\n<meta property=\"og:image\" content=\"https:\/\/allin1bitcoins.com\/wp-content\/uploads\/2023\/01\/denise-chan-KZ-pyx0KLS0-unsplash.jpg\" \/>\n\t<meta property=\"og:image:width\" content=\"1920\" \/>\n\t<meta property=\"og:image:height\" content=\"1440\" \/>\n\t<meta property=\"og:image:type\" content=\"image\/jpeg\" \/>\n<meta name=\"twitter:card\" content=\"summary_large_image\" \/>\n<meta name=\"twitter:label1\" content=\"Est. reading time\" \/>\n\t<meta name=\"twitter:data1\" content=\"5 minutes\" \/>\n<!-- \/ Yoast SEO plugin. -->","yoast_head_json":{"title":"C\u00f3mo Comprar XEN Crypto (XEN) En Los Estados Unidos","description":"Comprar XEN en los Estados Unidos es un proceso bastante sencillo, pero es crucial realizar una investigaci\u00f3n.","robots":{"index":"index","follow":"follow","max-snippet":"max-snippet:-1","max-image-preview":"max-image-preview:large","max-video-preview":"max-video-preview:-1"},"canonical":"https:\/\/allin1bitcoins.com\/es\/crypto\/xen-crypto\/united-states\/","og_locale":"es_ES","og_type":"article","og_title":"C\u00f3mo Comprar XEN Crypto (XEN) En Los Estados Unidos","og_description":"Comprar XEN en los Estados Unidos es un proceso bastante sencillo, pero es crucial realizar una investigaci\u00f3n.","og_url":"https:\/\/allin1bitcoins.com\/es\/crypto\/xen-crypto\/united-states\/","og_site_name":"Allin1Bitcoins","article_modified_time":"2023-02-10T19:03:27+00:00","og_image":[{"width":1920,"height":1440,"url":"https:\/\/allin1bitcoins.com\/wp-content\/uploads\/2023\/01\/denise-chan-KZ-pyx0KLS0-unsplash.jpg","type":"image\/jpeg"}],"twitter_card":"summary_large_image","twitter_misc":{"Est. reading time":"5 minutes"},"schema":{"@context":"https:\/\/schema.org","@graph":[{"@type":"WebPage","@id":"https:\/\/allin1bitcoins.com\/es\/crypto\/xen-crypto\/united-states\/","url":"https:\/\/allin1bitcoins.com\/es\/crypto\/xen-crypto\/united-states\/","name":"C\u00f3mo Comprar XEN Crypto (XEN) En Los Estados Unidos","isPartOf":{"@id":"https:\/\/allin1bitcoins.com\/es\/#website"},"datePublished":"2023-02-10T19:03:24+00:00","dateModified":"2023-02-10T19:03:27+00:00","description":"Comprar XEN en los Estados Unidos es un proceso bastante sencillo, pero es crucial realizar una investigaci\u00f3n.","breadcrumb":{"@id":"https:\/\/allin1bitcoins.com\/es\/crypto\/xen-crypto\/united-states\/#breadcrumb"},"inLanguage":"es","potentialAction":[{"@type":"ReadAction","target":["https:\/\/allin1bitcoins.com\/es\/crypto\/xen-crypto\/united-states\/"]}]},{"@type":"BreadcrumbList","@id":"https:\/\/allin1bitcoins.com\/es\/crypto\/xen-crypto\/united-states\/#breadcrumb","itemListElement":[{"@type":"ListItem","position":1,"name":"Home","item":"https:\/\/allin1bitcoins.com\/es\/"},{"@type":"ListItem","position":2,"name":"Cripto","item":"https:\/\/allin1bitcoins.com\/es\/crypto\/"},{"@type":"ListItem","position":3,"name":"C\u00f3mo Comprar Criptomoneda Xen (XEN) &#8211; Gu\u00eda Paso a Paso (2023)","item":"https:\/\/allin1bitcoins.com\/es\/crypto\/xen-crypto\/"},{"@type":"ListItem","position":4,"name":"C\u00f3mo Comprar XEN Crypto (XEN) En Los Estados Unidos"}]},{"@type":"WebSite","@id":"https:\/\/allin1bitcoins.com\/es\/#website","url":"https:\/\/allin1bitcoins.com\/es\/","name":"Allin1Bitcoins","description":"","publisher":{"@id":"https:\/\/allin1bitcoins.com\/es\/#organization"},"potentialAction":[{"@type":"SearchAction","target":{"@type":"EntryPoint","urlTemplate":"https:\/\/allin1bitcoins.com\/es\/?s={search_term_string}"},"query-input":"required name=search_term_string"}],"inLanguage":"es"},{"@type":"Organization","@id":"https:\/\/allin1bitcoins.com\/es\/#organization","name":"allin1bitcoins","url":"https:\/\/allin1bitcoins.com\/es\/","logo":{"@type":"ImageObject","inLanguage":"es","@id":"https:\/\/allin1bitcoins.com\/es\/#\/schema\/logo\/image\/","url":"https:\/\/allin1bitcoins.com\/wp-content\/uploads\/2019\/01\/logo-new.png","contentUrl":"https:\/\/allin1bitcoins.com\/wp-content\/uploads\/2019\/01\/logo-new.png","width":178,"height":71,"caption":"allin1bitcoins"},"image":{"@id":"https:\/\/allin1bitcoins.com\/es\/#\/schema\/logo\/image\/"}}]}},"_links":{"self":[{"href":"https:\/\/allin1bitcoins.com\/es\/wp-json\/wp\/v2\/pages\/20876"}],"collection":[{"href":"https:\/\/allin1bitcoins.com\/es\/wp-json\/wp\/v2\/pages"}],"about":[{"href":"https:\/\/allin1bitcoins.com\/es\/wp-json\/wp\/v2\/types\/page"}],"author":[{"embeddable":true,"href":"https:\/\/allin1bitcoins.com\/es\/wp-json\/wp\/v2\/users\/5"}],"replies":[{"embeddable":true,"href":"https:\/\/allin1bitcoins.com\/es\/wp-json\/wp\/v2\/comments?post=20876"}],"version-history":[{"count":1,"href":"https:\/\/allin1bitcoins.com\/es\/wp-json\/wp\/v2\/pages\/20876\/revisions"}],"predecessor-version":[{"id":20879,"href":"https:\/\/allin1bitcoins.com\/es\/wp-json\/wp\/v2\/pages\/20876\/revisions\/20879"}],"up":[{"embeddable":true,"href":"https:\/\/allin1bitcoins.com\/es\/wp-json\/wp\/v2\/pages\/20855"}],"wp:featuredmedia":[{"embeddable":true,"href":"https:\/\/allin1bitcoins.com\/es\/wp-json\/wp\/v2\/media\/16150"}],"wp:attachment":[{"href":"https:\/\/allin1bitcoins.com\/es\/wp-json\/wp\/v2\/media?parent=20876"}],"curies":[{"name":"wp","href":"https:\/\/api.w.org\/{rel}","templated":true}]}}