{"id":20932,"date":"2023-02-11T18:53:37","date_gmt":"2023-02-11T18:53:37","guid":{"rendered":"https:\/\/allin1bitcoins.com\/?page_id=20932"},"modified":"2023-02-11T18:53:41","modified_gmt":"2023-02-11T18:53:41","slug":"paypal","status":"publish","type":"page","link":"https:\/\/allin1bitcoins.com\/es\/crypto\/xen-crypto\/paypal\/","title":{"rendered":"C\u00f3mo Comprar Criptomoneda XEN (XEN) Con PayPal"},"content":{"rendered":"\n<h2 class=\"wp-block-heading\">Para comprar Xen Crypto usando PayPal, debes seguir las siguientes acciones:<\/h2>\n\n\n\n<ul><li>Busca una plataforma de criptomonedas que admita Xen Crypto y PayPal. <\/li><li>Reg\u00edstrate en una cuenta de la plataforma y autentica tu identidad. <\/li><li>Conecta tu cuenta en la plataforma con tu cuenta de PayPal. <\/li><li>Utiliza tu cuenta de PayPal para comprar Xen Crypto.<\/li><\/ul>\n\n\n\n<h2 class=\"wp-block-heading\">Resumen de Xen Crypto <\/h2>\n\n\n\n<p>Xen Crypto es una criptomoneda descentralizada y de c\u00f3digo abierto que fue desarrollada para ofrecer transacciones r\u00e1pidas y econ\u00f3micas, as\u00ed como privacidad. El tiempo de bloqueo de este m\u00e9todo proof-of-work, conocido como X11, es de 60 segundos. Xen Crypto usa un programa de reducci\u00f3n de recompensa por bloqueo similar a Bitcoin, y tiene una cantidad fija de 21 millones de monedas. <\/p>\n\n\n\n<h2 class=\"wp-block-heading\">Por qu\u00e9 PayPal es una buena opci\u00f3n para comprar Xen Crypto<\/h2>\n\n\n\n<p><strong>Puedes querer comprar Xen Crypto con PayPal por varias razones:<\/strong><\/p>\n\n\n\n<ul><li><strong>Comodidad: <\/strong>Comprar Xen Crypto usando PayPal es sencillo y c\u00f3modo, ya que PayPal es un m\u00e9todo de pago en l\u00ednea conocido y confiable.<br><br><br><\/li><li><strong>Rapidez:<\/strong> La compra de Xen Crypto a trav\u00e9s de PayPal es m\u00e1s r\u00e1pida que hacerlo a trav\u00e9s de una transferencia bancaria, que puede tardar varios d\u00edas.<br><br><\/li><li><strong>Amplia disponibilidad: <\/strong>Debido a que PayPal es aceptado por muchas plataformas, tienes muchas posibilidades.<\/li><\/ul>\n\n\n\n<figure class=\"wp-block-embed is-type-video is-provider-youtube wp-block-embed-youtube wp-embed-aspect-16-9 wp-has-aspect-ratio\"><div class=\"wp-block-embed__wrapper\">\n<iframe title=\"What is Xen Crypto? XEN token to the moon? (690000%)\" width=\"800\" height=\"450\" src=\"https:\/\/www.youtube.com\/embed\/NgToO3esr1k?feature=oembed\" frameborder=\"0\" allow=\"accelerometer; autoplay; clipboard-write; encrypted-media; gyroscope; picture-in-picture; web-share\" allowfullscreen><\/iframe>\n<\/div><\/figure>\n\n\n\n<h2 class=\"wp-block-heading\">C\u00f3mo comprar Xen Crypto con PayPal con detalle<\/h2>\n\n\n\n<ol><li>Busca una plataforma de criptomonedas que admita Xen Crypto y PayPal. Plataformas populares como Coinbase, Kraken y Binance ofrecen Xen Crypto y aceptan PayPal.<br><br><\/li><li>Reg\u00edstrate en una cuenta de la plataforma y autentica tu identidad. La mayor\u00eda de las plataformas te pedir\u00e1n informaci\u00f3n personal y quiz\u00e1s incluso una copia de tu ID emitido por el gobierno para verificar tu identidad.<br><br><\/li><li>Conecta tu cuenta en la plataforma con tu cuenta de PayPal. Sigue las instrucciones en el sitio web de la plataforma para vincular tu cuenta de PayPal a tu cuenta en la plataforma. Debes ingresar tus datos de inicio de sesi\u00f3n de PayPal.<br><br><\/li><li>Utilice su cuenta de PayPal para comprar Xen Crypto. Puede comprar Xen Crypto navegando a la p\u00e1gina de compra \/ venta de la plataforma de intercambio y seleccionando su cuenta de PayPal como m\u00e9todo de pago una vez que su cuenta de PayPal est\u00e9 vinculada a su cuenta de intercambio. Para finalizar la transacci\u00f3n, ingrese la cantidad de Xen Crypto que desea comprar.<\/li><\/ol>\n\n\n\n<h2 class=\"wp-block-heading\">Desventajas de usar PayPal para comprar la criptomoneda Xen<\/h2>\n\n\n\n<p><strong>Algunas desventajas de comprar Xen Crypto con PayPal incluyen:<\/strong><\/p>\n\n\n\n<ul><li><strong>Accesibilidad limitada: <\/strong>No todas las plataformas de intercambio aceptan PayPal y aquellas que lo hacen puede que no admitan todos los tipos de cuentas de PayPal. PayPal cobra una tarifa por cada transacci\u00f3n, por lo que antes de comprar, compara las tarifas en varias plataformas.<br><br><\/li><li><strong>Riesgo de reembolso: <\/strong>Si algo sale mal con su compra de Xen Crypto con PayPal y desea recuperar su dinero, es posible que pueda presentar un reembolso. Esto puede ser favorable para la protecci\u00f3n al consumidor, pero tambi\u00e9n puede poner en peligro a las empresas ya que pueden no querer lidiar con los reembolsos.<\/li><\/ul>\n\n\n\n<h2 class=\"wp-block-heading\">Conclusi\u00f3n<\/h2>\n\n\n\n<p>Una forma r\u00e1pida y f\u00e1cil de adquirir algo de Xen Crypto es compr\u00e1ndolo con PayPal. Solo aseg\u00farate de hacer tus investigaciones antes de comprar, comparar tarifas y seleccionar una plataforma confiable. Para mantener su Xen Crypto a salvo de riesgos como los piratas inform\u00e1ticos, es crucial almacenarlo de manera segura.<\/p>\n\n\n\n<!-- Page-list plugin v.5.9 wordpress.org\/plugins\/page-list\/ -->\n<ul class=\"page-list siblings-page-list \">\n<li class=\"page_item page-item-20932\"><a href=\"https:\/\/allin1bitcoins.com\/es\/crypto\/xen-crypto\/paypal\/\">C\u00f3mo Comprar Criptomoneda XEN (XEN) Con PayPal<\/a><\/li>\n<li class=\"page_item page-item-20914\"><a href=\"https:\/\/allin1bitcoins.com\/es\/crypto\/xen-crypto\/credit-card\/\">C\u00f3mo Comprar Criptomoneda XEN (XEN) Con Una Tarjeta De Cr\u00e9dito<\/a><\/li>\n<li class=\"page_item page-item-20922\"><a href=\"https:\/\/allin1bitcoins.com\/es\/crypto\/xen-crypto\/debit-card\/\">C\u00f3mo Comprar Criptomoneda XEN (XEN) Con Una Tarjeta De D\u00e9bito<\/a><\/li>\n<li class=\"page_item page-item-20944\"><a href=\"https:\/\/allin1bitcoins.com\/es\/crypto\/xen-crypto\/bank-account\/\">C\u00f3mo Comprar XEN Crypto (XEN) Con Una Cuenta Bancaria<\/a><\/li>\n<li class=\"page_item page-item-20899\"><a href=\"https:\/\/allin1bitcoins.com\/es\/crypto\/xen-crypto\/australia\/\">C\u00f3mo Comprar XEN CRYPTO (XEN) En Australia<\/a><\/li>\n<li class=\"page_item page-item-20888\"><a href=\"https:\/\/allin1bitcoins.com\/es\/crypto\/xen-crypto\/canada\/\">C\u00f3mo Comprar XEN Crypto (XEN) En Canada<\/a><\/li>\n<li class=\"page_item page-item-20868\"><a href=\"https:\/\/allin1bitcoins.com\/es\/crypto\/xen-crypto\/united-kingdom\/\">C\u00f3mo Comprar Xen Crypto (XEN) En El Reino Unido<\/a><\/li>\n<li class=\"page_item page-item-20876\"><a href=\"https:\/\/allin1bitcoins.com\/es\/crypto\/xen-crypto\/united-states\/\">C\u00f3mo Comprar XEN Crypto (XEN) En Los Estados Unidos<\/a><\/li>\n\n<\/ul>\n","protected":false},"excerpt":{"rendered":"<p>Para comprar Xen Crypto usando PayPal, debes seguir las siguientes acciones: Busca una plataforma de criptomonedas que admita Xen Crypto y PayPal. Reg\u00edstrate en una cuenta de la plataforma y autentica tu identidad. Conecta tu cuenta en la plataforma con tu cuenta de PayPal. Utiliza tu cuenta de PayPal para comprar Xen Crypto. Resumen de&#8230;<\/p>\n","protected":false},"author":5,"featured_media":16206,"parent":20855,"menu_order":0,"comment_status":"closed","ping_status":"closed","template":"","meta":{"cybocfi_hide_featured_image":"","footnotes":""},"acf":[],"yoast_head":"<!-- This site is optimized with the Yoast SEO plugin v21.7 - https:\/\/yoast.com\/wordpress\/plugins\/seo\/ -->\n<title>C\u00f3mo Comprar Criptomoneda XEN (XEN) Con PayPal<\/title>\n<meta name=\"description\" content=\"Una forma r\u00e1pida y f\u00e1cil de adquirir algo de Xen Crypto es compr\u00e1ndolo con PayPal. Siga estos pasos para una compra f\u00e1cil.\" \/>\n<meta name=\"robots\" content=\"index, follow, max-snippet:-1, max-image-preview:large, max-video-preview:-1\" \/>\n<link rel=\"canonical\" href=\"https:\/\/allin1bitcoins.com\/es\/crypto\/xen-crypto\/paypal\/\" \/>\n<meta property=\"og:locale\" content=\"es_ES\" \/>\n<meta property=\"og:type\" content=\"article\" \/>\n<meta property=\"og:title\" content=\"C\u00f3mo Comprar Criptomoneda XEN (XEN) Con PayPal\" \/>\n<meta property=\"og:description\" content=\"Una forma r\u00e1pida y f\u00e1cil de adquirir algo de Xen Crypto es compr\u00e1ndolo con PayPal. Siga estos pasos para una compra f\u00e1cil.\" \/>\n<meta property=\"og:url\" content=\"https:\/\/allin1bitcoins.com\/es\/crypto\/xen-crypto\/paypal\/\" \/>\n<meta property=\"og:site_name\" content=\"Allin1Bitcoins\" \/>\n<meta property=\"article:modified_time\" content=\"2023-02-11T18:53:41+00:00\" \/>\n<meta property=\"og:image\" content=\"https:\/\/allin1bitcoins.com\/wp-content\/uploads\/2023\/01\/shubham-s-web3-l0Ru6AtUmPU-unsplash.jpg\" \/>\n\t<meta property=\"og:image:width\" content=\"1920\" \/>\n\t<meta property=\"og:image:height\" content=\"1080\" \/>\n\t<meta property=\"og:image:type\" content=\"image\/jpeg\" \/>\n<meta name=\"twitter:card\" content=\"summary_large_image\" \/>\n<meta name=\"twitter:label1\" content=\"Est. reading time\" \/>\n\t<meta name=\"twitter:data1\" content=\"3 minutes\" \/>\n<!-- \/ Yoast SEO plugin. -->","yoast_head_json":{"title":"C\u00f3mo Comprar Criptomoneda XEN (XEN) Con PayPal","description":"Una forma r\u00e1pida y f\u00e1cil de adquirir algo de Xen Crypto es compr\u00e1ndolo con PayPal. Siga estos pasos para una compra f\u00e1cil.","robots":{"index":"index","follow":"follow","max-snippet":"max-snippet:-1","max-image-preview":"max-image-preview:large","max-video-preview":"max-video-preview:-1"},"canonical":"https:\/\/allin1bitcoins.com\/es\/crypto\/xen-crypto\/paypal\/","og_locale":"es_ES","og_type":"article","og_title":"C\u00f3mo Comprar Criptomoneda XEN (XEN) Con PayPal","og_description":"Una forma r\u00e1pida y f\u00e1cil de adquirir algo de Xen Crypto es compr\u00e1ndolo con PayPal. Siga estos pasos para una compra f\u00e1cil.","og_url":"https:\/\/allin1bitcoins.com\/es\/crypto\/xen-crypto\/paypal\/","og_site_name":"Allin1Bitcoins","article_modified_time":"2023-02-11T18:53:41+00:00","og_image":[{"width":1920,"height":1080,"url":"https:\/\/allin1bitcoins.com\/wp-content\/uploads\/2023\/01\/shubham-s-web3-l0Ru6AtUmPU-unsplash.jpg","type":"image\/jpeg"}],"twitter_card":"summary_large_image","twitter_misc":{"Est. reading time":"3 minutes"},"schema":{"@context":"https:\/\/schema.org","@graph":[{"@type":"WebPage","@id":"https:\/\/allin1bitcoins.com\/es\/crypto\/xen-crypto\/paypal\/","url":"https:\/\/allin1bitcoins.com\/es\/crypto\/xen-crypto\/paypal\/","name":"C\u00f3mo Comprar Criptomoneda XEN (XEN) Con PayPal","isPartOf":{"@id":"https:\/\/allin1bitcoins.com\/es\/#website"},"datePublished":"2023-02-11T18:53:37+00:00","dateModified":"2023-02-11T18:53:41+00:00","description":"Una forma r\u00e1pida y f\u00e1cil de adquirir algo de Xen Crypto es compr\u00e1ndolo con PayPal. Siga estos pasos para una compra f\u00e1cil.","breadcrumb":{"@id":"https:\/\/allin1bitcoins.com\/es\/crypto\/xen-crypto\/paypal\/#breadcrumb"},"inLanguage":"es","potentialAction":[{"@type":"ReadAction","target":["https:\/\/allin1bitcoins.com\/es\/crypto\/xen-crypto\/paypal\/"]}]},{"@type":"BreadcrumbList","@id":"https:\/\/allin1bitcoins.com\/es\/crypto\/xen-crypto\/paypal\/#breadcrumb","itemListElement":[{"@type":"ListItem","position":1,"name":"Home","item":"https:\/\/allin1bitcoins.com\/es\/"},{"@type":"ListItem","position":2,"name":"Cripto","item":"https:\/\/allin1bitcoins.com\/es\/crypto\/"},{"@type":"ListItem","position":3,"name":"C\u00f3mo Comprar Criptomoneda Xen (XEN) &#8211; Gu\u00eda Paso a Paso (2023)","item":"https:\/\/allin1bitcoins.com\/es\/crypto\/xen-crypto\/"},{"@type":"ListItem","position":4,"name":"C\u00f3mo Comprar Criptomoneda XEN (XEN) Con PayPal"}]},{"@type":"WebSite","@id":"https:\/\/allin1bitcoins.com\/es\/#website","url":"https:\/\/allin1bitcoins.com\/es\/","name":"Allin1Bitcoins","description":"","publisher":{"@id":"https:\/\/allin1bitcoins.com\/es\/#organization"},"potentialAction":[{"@type":"SearchAction","target":{"@type":"EntryPoint","urlTemplate":"https:\/\/allin1bitcoins.com\/es\/?s={search_term_string}"},"query-input":"required name=search_term_string"}],"inLanguage":"es"},{"@type":"Organization","@id":"https:\/\/allin1bitcoins.com\/es\/#organization","name":"allin1bitcoins","url":"https:\/\/allin1bitcoins.com\/es\/","logo":{"@type":"ImageObject","inLanguage":"es","@id":"https:\/\/allin1bitcoins.com\/es\/#\/schema\/logo\/image\/","url":"https:\/\/allin1bitcoins.com\/wp-content\/uploads\/2019\/01\/logo-new.png","contentUrl":"https:\/\/allin1bitcoins.com\/wp-content\/uploads\/2019\/01\/logo-new.png","width":178,"height":71,"caption":"allin1bitcoins"},"image":{"@id":"https:\/\/allin1bitcoins.com\/es\/#\/schema\/logo\/image\/"}}]}},"_links":{"self":[{"href":"https:\/\/allin1bitcoins.com\/es\/wp-json\/wp\/v2\/pages\/20932"}],"collection":[{"href":"https:\/\/allin1bitcoins.com\/es\/wp-json\/wp\/v2\/pages"}],"about":[{"href":"https:\/\/allin1bitcoins.com\/es\/wp-json\/wp\/v2\/types\/page"}],"author":[{"embeddable":true,"href":"https:\/\/allin1bitcoins.com\/es\/wp-json\/wp\/v2\/users\/5"}],"replies":[{"embeddable":true,"href":"https:\/\/allin1bitcoins.com\/es\/wp-json\/wp\/v2\/comments?post=20932"}],"version-history":[{"count":1,"href":"https:\/\/allin1bitcoins.com\/es\/wp-json\/wp\/v2\/pages\/20932\/revisions"}],"predecessor-version":[{"id":20935,"href":"https:\/\/allin1bitcoins.com\/es\/wp-json\/wp\/v2\/pages\/20932\/revisions\/20935"}],"up":[{"embeddable":true,"href":"https:\/\/allin1bitcoins.com\/es\/wp-json\/wp\/v2\/pages\/20855"}],"wp:featuredmedia":[{"embeddable":true,"href":"https:\/\/allin1bitcoins.com\/es\/wp-json\/wp\/v2\/media\/16206"}],"wp:attachment":[{"href":"https:\/\/allin1bitcoins.com\/es\/wp-json\/wp\/v2\/media?parent=20932"}],"curies":[{"name":"wp","href":"https:\/\/api.w.org\/{rel}","templated":true}]}}