{"id":20956,"date":"2023-02-11T20:12:39","date_gmt":"2023-02-11T20:12:39","guid":{"rendered":"https:\/\/allin1bitcoins.com\/?page_id=20956"},"modified":"2023-02-11T20:14:20","modified_gmt":"2023-02-11T20:14:20","slug":"tune-fm","status":"publish","type":"page","link":"https:\/\/allin1bitcoins.com\/es\/crypto\/tune-fm\/","title":{"rendered":"C\u00f3mo Comprar Tune.fm (JAM) \u2013 Gu\u00eda Paso A Paso (2023)"},"content":{"rendered":"\n<h2 class=\"wp-block-heading\">Para comprar la moneda Tune.fm, deber\u00e1s seguir estos pasos:<\/h2>\n\n\n\n<ul><li>Encuentra una bolsa que liste la moneda Tune.fm y crea una cuenta.<\/li><li>Deposita fondos en tu cuenta.<\/li><li>Haz una orden para comprar la moneda Tune.fm a tu precio deseado.<\/li><li>Espera a que se cumpla tu orden y se te acredite la moneda Tune.fm en tu cuenta.<\/li><\/ul>\n\n\n\n<h2 class=\"wp-block-heading\">Introducci\u00f3n de la moneda Tune.fm<\/h2>\n\n\n\n<p>La moneda Tune.fm es un activo digital creado para ser utilizado en la plataforma Tune.fm. Tune.fm es un servicio de transmisi\u00f3n de m\u00fasica que permite a los usuarios escuchar y descubrir nueva m\u00fasica. Es similar a otras plataformas populares de transmisi\u00f3n de m\u00fasica como Spotify y Apple Music.<\/p>\n\n\n\n<p>La moneda Tune.fm se utiliza como medio de pago en la plataforma. Se puede usar para comprar suscripciones premium, pagar a los artistas por su m\u00fasica y hacer otras transacciones dentro del ecosistema de Tune.fm. El valor de la moneda Tune.fm se determina por la oferta y la demanda en las bolsas de criptomonedas.<\/p>\n\n\n\n<h2 class=\"wp-block-heading\">Visi\u00f3n general del proceso para comprar la moneda Tune.fm<\/h2>\n\n\n\n<p>Para comprar la moneda Tune.fm, deber\u00e1s encontrar una bolsa de criptomonedas que liste la moneda y crear una cuenta con ellos. Hay muchas bolsas para elegir, y es importante hacer tu debida diligencia para encontrar una confiable y de buena reputaci\u00f3n. Algunos factores a considerar al elegir una bolsa incluyen sus tarifas, medidas de seguridad y opiniones de los usuarios.<\/p>\n\n\n\n<p>Una vez que tengas una cuenta, deber\u00e1s depositar fondos en ella. Esto se puede hacer transferir dinero desde tu cuenta bancaria o usando una tarjeta de d\u00e9bito o cr\u00e9dito. El m\u00e9todo espec\u00edfico depender\u00e1 de la bolsa y de tu ubicaci\u00f3n.<\/p>\n\n\n\n<p>Una vez que tu cuenta est\u00e9 financiada, puedes hacer una orden para comprar la moneda Tune.fm a tu precio deseado. La orden se colocar\u00e1 en el libro de \u00f3rdenes de la bolsa y se cumplir\u00e1 una vez que se encuentre un vendedor dispuesto a vender a tu precio especificado. Si el precio que especificas es m\u00e1s alto que el precio actual del mercado, tu orden puede no ser llenada inmediatamente y puede en su lugar ser colocada en una cola para ser llenada en un momento posterior cuando el precio del mercado alcance tu nivel especificado.<\/p>\n\n\n\n<h2 class=\"wp-block-heading\">Pasos para comprar la moneda Tune.fm<\/h2>\n\n\n\n<p><strong>Aqu\u00ed hay una gu\u00eda paso a paso para comprar la moneda Tune.fm:<\/strong><\/p>\n\n\n\n<ol><li>Encuentra una bolsa de cambio que incluya la moneda Tune.fm y crea una cuenta con ellos.<br><br><\/li><li>Deposita fondos en tu cuenta. Esto se puede hacer, en general, transfiriendo dinero desde tu cuenta bancaria o utilizando una tarjeta de d\u00e9bito o cr\u00e9dito.<br><br><\/li><li>Haz un pedido para comprar la moneda Tune.fm a tu precio deseado. Puedes elegir hacer una orden de mercado, que se llenar\u00e1 al precio actual del mercado, o una orden de l\u00edmite, que se llenar\u00e1 a un precio espec\u00edfico o mejor.<br><br><\/li><li>Espera a que se cumpla tu pedido. Si hiciste una orden de l\u00edmite, puede que tenga que pasar alg\u00fan tiempo para que el precio del mercado alcance tu nivel especificado.<br><br><\/li><li>Una vez que se cumpla tu orden, la moneda Tune.fm se acreditar\u00e1 en tu cuenta.<\/li><\/ol>\n\n\n\n<figure class=\"wp-block-embed is-type-video is-provider-youtube wp-block-embed-youtube wp-embed-aspect-16-9 wp-has-aspect-ratio\"><div class=\"wp-block-embed__wrapper\">\n<iframe title=\"Hedera HBAR Forum - Tune FM - Andrew Antar\" width=\"800\" height=\"450\" src=\"https:\/\/www.youtube.com\/embed\/4xyETV9UqH4?feature=oembed\" frameborder=\"0\" allow=\"accelerometer; autoplay; clipboard-write; encrypted-media; gyroscope; picture-in-picture; web-share\" allowfullscreen><\/iframe>\n<\/div><\/figure>\n\n\n\n<h2 class=\"wp-block-heading\">Ventajas de Comprar la Moneda Tune.fm<\/h2>\n\n\n\n<p><strong>Hay varias ventajas de comprar la moneda Tune.fm:<\/strong><\/p>\n\n\n\n<ul><li><strong>Uso en la plataforma Tune.fm: <\/strong>La principal ventaja de comprar la moneda Tune.fm es que se puede usar para comprar suscripciones premium y pagar a los artistas en la plataforma Tune.fm.<br><br><\/li><li><strong>Potencial de apreciaci\u00f3n del precio:<\/strong> Al igual que otras criptomonedas, el valor de la moneda Tune.fm se determina por la oferta y la demanda en las bolsas. Si la demanda de la moneda Tune.fm aumenta, el precio tambi\u00e9n puede aumentar.<br><br><\/li><li><strong>Bajas tarifas de transacci\u00f3n:<\/strong> Las transacciones realizadas con la moneda Tune.fm pueden tener tarifas m\u00e1s bajas en comparaci\u00f3n con otros m\u00e9todos de pago, ya que las transacciones de criptomonedas no suelen involucrar a instituciones financieras tradicionales, lo que puede ahorrar en tarifas de procesamiento.<br><br><\/li><li><strong>Seguridad: <\/strong>Las transacciones de criptomonedas est\u00e1n protegidas por t\u00e9cnicas avanzadas de encriptaci\u00f3n, lo que las puede hacer m\u00e1s seguras que otros m\u00e9todos de pago.<\/li><\/ul>\n\n\n\n<h2 class=\"wp-block-heading\">Conclusi\u00f3n<\/h2>\n\n\n\n<p>En conclusi\u00f3n, comprar la moneda Tune.fm es un proceso sencillo que implica encontrar una bolsa que liste la moneda, crear una cuenta, depositar fondos y realizar una orden de compra. La moneda Tune.fm se puede usar en la plataforma Tune.fm para comprar suscripciones premium y pagar a los artistas, y tambi\u00e9n tiene el potencial de apreciaci\u00f3n del precio. Adem\u00e1s, las transacciones realizadas con la moneda Tune.fm pueden tener tarifas m\u00e1s bajas y ofrecer una mayor seguridad en comparaci\u00f3n con otros m\u00e9todos de pago.<\/p>\n\n\n\n<!-- Page-list plugin v.5.9 wordpress.org\/plugins\/page-list\/ -->\n<ul class=\"page-list subpages-page-list \">\n<li class=\"page_item page-item-21018\"><a href=\"https:\/\/allin1bitcoins.com\/es\/crypto\/tune-fm\/australia\/\">C\u00f3mo Comprar Tune.fm (JAM) Con Australia<\/a><\/li>\n<li class=\"page_item page-item-20986\"><a href=\"https:\/\/allin1bitcoins.com\/es\/crypto\/tune-fm\/paypal\/\">C\u00f3mo Comprar Tune.fm (JAM) Con PayPal<\/a><\/li>\n<li class=\"page_item page-item-20978\"><a href=\"https:\/\/allin1bitcoins.com\/es\/crypto\/tune-fm\/bank-account\/\">C\u00f3mo Comprar Tune.fm (JAM) Con Una Cuenta Bancaria<\/a><\/li>\n<li class=\"page_item page-item-21007\"><a href=\"https:\/\/allin1bitcoins.com\/es\/crypto\/tune-fm\/credit-card\/\">C\u00f3mo Comprar Tune.fm (JAM) Con Una Tarjeta De Cr\u00e9dito<\/a><\/li>\n<li class=\"page_item page-item-20995\"><a href=\"https:\/\/allin1bitcoins.com\/es\/crypto\/tune-fm\/debit-card\/\">C\u00f3mo Comprar Tune.fm (JAM) Con Una Tarjeta De D\u00e9bito<\/a><\/li>\n<li class=\"page_item page-item-21037\"><a href=\"https:\/\/allin1bitcoins.com\/es\/crypto\/tune-fm\/canada\/\">C\u00f3mo Comprar Tune.fm (JAM) En Canad\u00e1<\/a><\/li>\n<li class=\"page_item page-item-20968\"><a href=\"https:\/\/allin1bitcoins.com\/es\/crypto\/tune-fm\/united-kingdom\/\">C\u00f3mo Comprar Tune.fm (JAM) En El Reino Unido<\/a><\/li>\n<li class=\"page_item page-item-21026\"><a href=\"https:\/\/allin1bitcoins.com\/es\/crypto\/tune-fm\/united-states\/\">C\u00f3mo Comprar Tune.fm (JAM) En Los Estados Unidos<\/a><\/li>\n\n<\/ul>\n","protected":false},"excerpt":{"rendered":"<p>Para comprar la moneda Tune.fm, deber\u00e1s seguir estos pasos: Encuentra una bolsa que liste la moneda Tune.fm y crea una cuenta. Deposita fondos en tu cuenta. Haz una orden para comprar la moneda Tune.fm a tu precio deseado. Espera a que se cumpla tu orden y se te acredite la moneda Tune.fm en tu cuenta&#8230;.<\/p>\n","protected":false},"author":5,"featured_media":16622,"parent":18924,"menu_order":0,"comment_status":"closed","ping_status":"closed","template":"","meta":{"cybocfi_hide_featured_image":"","footnotes":""},"acf":[],"yoast_head":"<!-- This site is optimized with the Yoast SEO plugin v21.7 - https:\/\/yoast.com\/wordpress\/plugins\/seo\/ -->\n<title>C\u00f3mo Comprar Tune.fm (JAM) \u2013 Gu\u00eda Paso A Paso (2023)<\/title>\n<meta name=\"description\" content=\"Comprar la moneda Tune.fm es un proceso simple que implica encontrar una bolsa que incluya la moneda, crear una cuenta, depositar fondos.\" \/>\n<meta name=\"robots\" content=\"index, follow, max-snippet:-1, max-image-preview:large, max-video-preview:-1\" \/>\n<link rel=\"canonical\" href=\"https:\/\/allin1bitcoins.com\/es\/crypto\/tune-fm\/\" \/>\n<meta property=\"og:locale\" content=\"es_ES\" \/>\n<meta property=\"og:type\" content=\"article\" \/>\n<meta property=\"og:title\" content=\"C\u00f3mo Comprar Tune.fm (JAM) \u2013 Gu\u00eda Paso A Paso (2023)\" \/>\n<meta property=\"og:description\" content=\"Comprar la moneda Tune.fm es un proceso simple que implica encontrar una bolsa que incluya la moneda, crear una cuenta, depositar fondos.\" \/>\n<meta property=\"og:url\" content=\"https:\/\/allin1bitcoins.com\/es\/crypto\/tune-fm\/\" \/>\n<meta property=\"og:site_name\" content=\"Allin1Bitcoins\" \/>\n<meta property=\"article:modified_time\" content=\"2023-02-11T20:14:20+00:00\" \/>\n<meta property=\"og:image\" content=\"https:\/\/allin1bitcoins.com\/wp-content\/uploads\/2023\/01\/stibits-X1ECk9H-eyI-unsplash.jpg\" \/>\n\t<meta property=\"og:image:width\" content=\"1920\" \/>\n\t<meta property=\"og:image:height\" content=\"1080\" \/>\n\t<meta property=\"og:image:type\" content=\"image\/jpeg\" \/>\n<meta name=\"twitter:card\" content=\"summary_large_image\" \/>\n<meta name=\"twitter:label1\" content=\"Est. reading time\" \/>\n\t<meta name=\"twitter:data1\" content=\"4 minutes\" \/>\n<!-- \/ Yoast SEO plugin. -->","yoast_head_json":{"title":"C\u00f3mo Comprar Tune.fm (JAM) \u2013 Gu\u00eda Paso A Paso (2023)","description":"Comprar la moneda Tune.fm es un proceso simple que implica encontrar una bolsa que incluya la moneda, crear una cuenta, depositar fondos.","robots":{"index":"index","follow":"follow","max-snippet":"max-snippet:-1","max-image-preview":"max-image-preview:large","max-video-preview":"max-video-preview:-1"},"canonical":"https:\/\/allin1bitcoins.com\/es\/crypto\/tune-fm\/","og_locale":"es_ES","og_type":"article","og_title":"C\u00f3mo Comprar Tune.fm (JAM) \u2013 Gu\u00eda Paso A Paso (2023)","og_description":"Comprar la moneda Tune.fm es un proceso simple que implica encontrar una bolsa que incluya la moneda, crear una cuenta, depositar fondos.","og_url":"https:\/\/allin1bitcoins.com\/es\/crypto\/tune-fm\/","og_site_name":"Allin1Bitcoins","article_modified_time":"2023-02-11T20:14:20+00:00","og_image":[{"width":1920,"height":1080,"url":"https:\/\/allin1bitcoins.com\/wp-content\/uploads\/2023\/01\/stibits-X1ECk9H-eyI-unsplash.jpg","type":"image\/jpeg"}],"twitter_card":"summary_large_image","twitter_misc":{"Est. reading time":"4 minutes"},"schema":{"@context":"https:\/\/schema.org","@graph":[{"@type":"WebPage","@id":"https:\/\/allin1bitcoins.com\/es\/crypto\/tune-fm\/","url":"https:\/\/allin1bitcoins.com\/es\/crypto\/tune-fm\/","name":"C\u00f3mo Comprar Tune.fm (JAM) \u2013 Gu\u00eda Paso A Paso (2023)","isPartOf":{"@id":"https:\/\/allin1bitcoins.com\/es\/#website"},"datePublished":"2023-02-11T20:12:39+00:00","dateModified":"2023-02-11T20:14:20+00:00","description":"Comprar la moneda Tune.fm es un proceso simple que implica encontrar una bolsa que incluya la moneda, crear una cuenta, depositar fondos.","breadcrumb":{"@id":"https:\/\/allin1bitcoins.com\/es\/crypto\/tune-fm\/#breadcrumb"},"inLanguage":"es","potentialAction":[{"@type":"ReadAction","target":["https:\/\/allin1bitcoins.com\/es\/crypto\/tune-fm\/"]}]},{"@type":"BreadcrumbList","@id":"https:\/\/allin1bitcoins.com\/es\/crypto\/tune-fm\/#breadcrumb","itemListElement":[{"@type":"ListItem","position":1,"name":"Home","item":"https:\/\/allin1bitcoins.com\/es\/"},{"@type":"ListItem","position":2,"name":"Cripto","item":"https:\/\/allin1bitcoins.com\/es\/crypto\/"},{"@type":"ListItem","position":3,"name":"C\u00f3mo Comprar Tune.fm (JAM) \u2013 Gu\u00eda Paso A Paso (2023)"}]},{"@type":"WebSite","@id":"https:\/\/allin1bitcoins.com\/es\/#website","url":"https:\/\/allin1bitcoins.com\/es\/","name":"Allin1Bitcoins","description":"","publisher":{"@id":"https:\/\/allin1bitcoins.com\/es\/#organization"},"potentialAction":[{"@type":"SearchAction","target":{"@type":"EntryPoint","urlTemplate":"https:\/\/allin1bitcoins.com\/es\/?s={search_term_string}"},"query-input":"required name=search_term_string"}],"inLanguage":"es"},{"@type":"Organization","@id":"https:\/\/allin1bitcoins.com\/es\/#organization","name":"allin1bitcoins","url":"https:\/\/allin1bitcoins.com\/es\/","logo":{"@type":"ImageObject","inLanguage":"es","@id":"https:\/\/allin1bitcoins.com\/es\/#\/schema\/logo\/image\/","url":"https:\/\/allin1bitcoins.com\/wp-content\/uploads\/2019\/01\/logo-new.png","contentUrl":"https:\/\/allin1bitcoins.com\/wp-content\/uploads\/2019\/01\/logo-new.png","width":178,"height":71,"caption":"allin1bitcoins"},"image":{"@id":"https:\/\/allin1bitcoins.com\/es\/#\/schema\/logo\/image\/"}}]}},"_links":{"self":[{"href":"https:\/\/allin1bitcoins.com\/es\/wp-json\/wp\/v2\/pages\/20956"}],"collection":[{"href":"https:\/\/allin1bitcoins.com\/es\/wp-json\/wp\/v2\/pages"}],"about":[{"href":"https:\/\/allin1bitcoins.com\/es\/wp-json\/wp\/v2\/types\/page"}],"author":[{"embeddable":true,"href":"https:\/\/allin1bitcoins.com\/es\/wp-json\/wp\/v2\/users\/5"}],"replies":[{"embeddable":true,"href":"https:\/\/allin1bitcoins.com\/es\/wp-json\/wp\/v2\/comments?post=20956"}],"version-history":[{"count":2,"href":"https:\/\/allin1bitcoins.com\/es\/wp-json\/wp\/v2\/pages\/20956\/revisions"}],"predecessor-version":[{"id":20960,"href":"https:\/\/allin1bitcoins.com\/es\/wp-json\/wp\/v2\/pages\/20956\/revisions\/20960"}],"up":[{"embeddable":true,"href":"https:\/\/allin1bitcoins.com\/es\/wp-json\/wp\/v2\/pages\/18924"}],"wp:featuredmedia":[{"embeddable":true,"href":"https:\/\/allin1bitcoins.com\/es\/wp-json\/wp\/v2\/media\/16622"}],"wp:attachment":[{"href":"https:\/\/allin1bitcoins.com\/es\/wp-json\/wp\/v2\/media?parent=20956"}],"curies":[{"name":"wp","href":"https:\/\/api.w.org\/{rel}","templated":true}]}}