{"id":20986,"date":"2023-02-12T05:10:47","date_gmt":"2023-02-12T05:10:47","guid":{"rendered":"https:\/\/allin1bitcoins.com\/?page_id=20986"},"modified":"2023-02-12T05:10:51","modified_gmt":"2023-02-12T05:10:51","slug":"paypal","status":"publish","type":"page","link":"https:\/\/allin1bitcoins.com\/es\/crypto\/tune-fm\/paypal\/","title":{"rendered":"C\u00f3mo Comprar Tune.fm (JAM) Con PayPal"},"content":{"rendered":"\n<h2 class=\"wp-block-heading\">Para comprar Tune.fm coin con PayPal, necesitar\u00e1s seguir estos pasos:<\/h2>\n\n\n\n<ul><li>Encuentra un intercambio de criptomonedas que te permita comprar Tune.fm coin con PayPal.<\/li><li>Crea una cuenta con el intercambio y verifica tu identidad.<\/li><li>Vincula tu cuenta de PayPal a tu cuenta de intercambio.<\/li><li>Realiza un pedido para comprar Tune.fm coin al precio que desees.<\/li><li>Espera a que se cumpla tu pedido y se acrediten tus Tune.fm coin en tu cuenta.<\/li><\/ul>\n\n\n\n<h2 class=\"wp-block-heading\">Resumen de Tune.fm coin<\/h2>\n\n\n\n<p>Tune.fm coin es un activo digital que se cre\u00f3 para ser utilizado en la plataforma Tune.fm. Tune.fm es un servicio de transmisi\u00f3n de m\u00fasica que permite a los usuarios escuchar y descubrir nueva m\u00fasica. Es similar a otras plataformas populares de transmisi\u00f3n de m\u00fasica como Spotify y Apple Music.<\/p>\n\n\n\n<p>Tune.fm coin se utiliza como medio de pago en la plataforma. Se puede utilizar para comprar suscripciones premium, pagar a los artistas por su m\u00fasica y realizar otras transacciones dentro del ecosistema de Tune.fm. El valor de Tune.fm coin se determina por la oferta y la demanda en los intercambios de criptomonedas.<\/p>\n\n\n\n<h2 class=\"wp-block-heading\">Por qu\u00e9 te gustar\u00eda comprar Tune.fm coin con PayPal<\/h2>\n\n\n\n<p><strong>Hay varias razones por las que es posible que desees comprar Tune.fm coin con PayPal:<\/strong><\/p>\n\n\n\n<ul><li><strong>Conveniencia: <\/strong>Comprar Tune.fm coin con PayPal es una forma r\u00e1pida y conveniente de adquirir la moneda. Te permite hacer una compra en l\u00ednea sin tener que transferir fondos desde tu cuenta bancaria o utilizar un m\u00e9todo de pago diferente.<br><br><\/li><li><strong>Seguridad:<\/strong> PayPal es una plataforma de pago en l\u00ednea bien conocida y confiable, por lo que usarla para comprar Tune.fm coin puede proporcionar una capa adicional de seguridad.<br><br><\/li><li><strong>Protecci\u00f3n del comprador:<\/strong> PayPal ofrece protecci\u00f3n al comprador para compras elegibles, lo que puede brindar tranquilidad al realizar una compra en l\u00ednea.<\/li><\/ul>\n\n\n\n<h2 class=\"wp-block-heading\">Aqu\u00ed hay un tutorial paso a paso sobre c\u00f3mo comprar moneda Tune.fm con PayPal<\/h2>\n\n\n\n<ul><li>Encuentra una plataforma de criptomonedas que te permita comprar moneda Tune.fm con PayPal. Algunas plataformas confiables a considerar son Coinbase, Binance y Kraken.<br><br><\/li><li>Crea una cuenta en la plataforma y verifica tu identidad. La mayor\u00eda de las plataformas requieren que proporciones informaci\u00f3n personal y pruebas de identidad antes de comenzar a negociar.<br><br><\/li><li>Enlaza tu cuenta de PayPal con tu cuenta en la plataforma. Deber\u00e1s proporcionar tu informaci\u00f3n de inicio de sesi\u00f3n de PayPal y es posible que debas completar un proceso de verificaci\u00f3n para garantizar que la cuenta sea v\u00e1lida y sea tuy.<br><br><\/li><li>Coloca una orden para comprar moneda Tune.fm a tu precio deseado. Puedes optar por colocar una orden de mercado, que se llenar\u00e1 al precio actual del mercado, o una orden de l\u00edmite, que se llenar\u00e1 a un precio espec\u00edfico o mejor.<br><br><\/li><li>Espera a que se cumpla tu orden. Si colocaste una orden de l\u00edmite, puede que lleve alg\u00fan tiempo para que el precio del mercado alcance tu nivel especificado.<br><br><\/li><li>Una vez que se complete tu orden, tu moneda Tune.fm ser\u00e1 acreditada en tu cuenta.<\/li><\/ul>\n\n\n\n<figure class=\"wp-block-embed is-type-video is-provider-youtube wp-block-embed-youtube wp-embed-aspect-16-9 wp-has-aspect-ratio\"><div class=\"wp-block-embed__wrapper\">\n<iframe title=\"Tune.FM Token is Going Up!!! 297% | JAM Coin News and Updates!! | Crypto News\" width=\"800\" height=\"450\" src=\"https:\/\/www.youtube.com\/embed\/n0gu5odY370?feature=oembed\" frameborder=\"0\" allow=\"accelerometer; autoplay; clipboard-write; encrypted-media; gyroscope; picture-in-picture; web-share\" allowfullscreen><\/iframe>\n<\/div><\/figure>\n\n\n\n<h2 class=\"wp-block-heading\">Desventajas de comprar Tune.fm coin con PayPal<\/h2>\n\n\n\n<p><strong>Hay algunas desventajas al comprar Tune.fm coin con PayPal:<\/strong><\/p>\n\n\n\n<ul><li><strong>Tarifas:<\/strong> Algunos intercambios cobran una tarifa m\u00e1s alta por las compras con PayPal, lo que puede aumentar el costo total de tus Tune.fm coin.<br><br><\/li><li><strong>Disponibilidad: <\/strong>No todos los intercambios de criptomonedas admiten la opci\u00f3n de comprar Tune.fm coin con PayPal, por lo que puedes tener opciones limitadas para adquirir la moneda.<br><br><\/li><li><strong>Devoluciones de cargo: <\/strong>PayPal permite a los usuarios presentar una devoluci\u00f3n de cargo en caso de disputa o transacci\u00f3n fraudulenta. Esto puede ser un riesgo para el vendedor, lo que puede resultar en tarifas m\u00e1s altas para el comprador.<\/li><\/ul>\n\n\n\n<h2 class=\"wp-block-heading\">Conclusi\u00f3n <\/h2>\n\n\n\n<p>En conclusi\u00f3n, comprar Tune.fm coin con PayPal es una forma conveniente y r\u00e1pida de adquirir la moneda. Te permite hacer una compra en l\u00ednea sin tener que transferir fondos desde tu cuenta bancaria y proporciona una capa adicional de seguridad y protecci\u00f3n del comprador. Sin embargo, tambi\u00e9n hay desventajas a considerar, como las tarifas, la disponibilidad y el riesgo de devoluciones de cargo. Es importante considerar cuidadosamente los pros y los contras de usar PayPal para comprar Tune.fm coin y asegurarte de utilizar un intercambio de buena reputaci\u00f3n.<\/p>\n\n\n\n<!-- Page-list plugin v.5.9 wordpress.org\/plugins\/page-list\/ -->\n<ul class=\"page-list siblings-page-list \">\n<li class=\"page_item page-item-21018\"><a href=\"https:\/\/allin1bitcoins.com\/es\/crypto\/tune-fm\/australia\/\">C\u00f3mo Comprar Tune.fm (JAM) Con Australia<\/a><\/li>\n<li class=\"page_item page-item-20986\"><a href=\"https:\/\/allin1bitcoins.com\/es\/crypto\/tune-fm\/paypal\/\">C\u00f3mo Comprar Tune.fm (JAM) Con PayPal<\/a><\/li>\n<li class=\"page_item page-item-20978\"><a href=\"https:\/\/allin1bitcoins.com\/es\/crypto\/tune-fm\/bank-account\/\">C\u00f3mo Comprar Tune.fm (JAM) Con Una Cuenta Bancaria<\/a><\/li>\n<li class=\"page_item page-item-21007\"><a href=\"https:\/\/allin1bitcoins.com\/es\/crypto\/tune-fm\/credit-card\/\">C\u00f3mo Comprar Tune.fm (JAM) Con Una Tarjeta De Cr\u00e9dito<\/a><\/li>\n<li class=\"page_item page-item-20995\"><a href=\"https:\/\/allin1bitcoins.com\/es\/crypto\/tune-fm\/debit-card\/\">C\u00f3mo Comprar Tune.fm (JAM) Con Una Tarjeta De D\u00e9bito<\/a><\/li>\n<li class=\"page_item page-item-21037\"><a href=\"https:\/\/allin1bitcoins.com\/es\/crypto\/tune-fm\/canada\/\">C\u00f3mo Comprar Tune.fm (JAM) En Canad\u00e1<\/a><\/li>\n<li class=\"page_item page-item-20968\"><a href=\"https:\/\/allin1bitcoins.com\/es\/crypto\/tune-fm\/united-kingdom\/\">C\u00f3mo Comprar Tune.fm (JAM) En El Reino Unido<\/a><\/li>\n<li class=\"page_item page-item-21026\"><a href=\"https:\/\/allin1bitcoins.com\/es\/crypto\/tune-fm\/united-states\/\">C\u00f3mo Comprar Tune.fm (JAM) En Los Estados Unidos<\/a><\/li>\n\n<\/ul>\n","protected":false},"excerpt":{"rendered":"<p>Para comprar Tune.fm coin con PayPal, necesitar\u00e1s seguir estos pasos: Encuentra un intercambio de criptomonedas que te permita comprar Tune.fm coin con PayPal. Crea una cuenta con el intercambio y verifica tu identidad. Vincula tu cuenta de PayPal a tu cuenta de intercambio. Realiza un pedido para comprar Tune.fm coin al precio que desees. Espera&#8230;<\/p>\n","protected":false},"author":5,"featured_media":16522,"parent":20956,"menu_order":0,"comment_status":"closed","ping_status":"closed","template":"","meta":{"cybocfi_hide_featured_image":"","footnotes":""},"acf":[],"yoast_head":"<!-- This site is optimized with the Yoast SEO plugin v21.7 - https:\/\/yoast.com\/wordpress\/plugins\/seo\/ -->\n<title>C\u00f3mo Comprar Tune.fm (JAM) Con PayPal<\/title>\n<meta name=\"description\" content=\"Comprar Tune.fm coin con PayPal es una forma conveniente y r\u00e1pida de adquirir la moneda. Sigue leyendo para conocer m\u00e1s detalles.\" \/>\n<meta name=\"robots\" content=\"index, follow, max-snippet:-1, max-image-preview:large, max-video-preview:-1\" \/>\n<link rel=\"canonical\" href=\"https:\/\/allin1bitcoins.com\/es\/crypto\/tune-fm\/paypal\/\" \/>\n<meta property=\"og:locale\" content=\"es_ES\" \/>\n<meta property=\"og:type\" content=\"article\" \/>\n<meta property=\"og:title\" content=\"C\u00f3mo Comprar Tune.fm (JAM) Con PayPal\" \/>\n<meta property=\"og:description\" content=\"Comprar Tune.fm coin con PayPal es una forma conveniente y r\u00e1pida de adquirir la moneda. Sigue leyendo para conocer m\u00e1s detalles.\" \/>\n<meta property=\"og:url\" content=\"https:\/\/allin1bitcoins.com\/es\/crypto\/tune-fm\/paypal\/\" \/>\n<meta property=\"og:site_name\" content=\"Allin1Bitcoins\" \/>\n<meta property=\"article:modified_time\" content=\"2023-02-12T05:10:51+00:00\" \/>\n<meta property=\"og:image\" content=\"https:\/\/allin1bitcoins.com\/wp-content\/uploads\/2023\/01\/viktor-forgacs-ep4yZx4taUY-unsplash.jpg\" \/>\n\t<meta property=\"og:image:width\" content=\"1920\" \/>\n\t<meta property=\"og:image:height\" content=\"1280\" \/>\n\t<meta property=\"og:image:type\" content=\"image\/jpeg\" \/>\n<meta name=\"twitter:card\" content=\"summary_large_image\" \/>\n<meta name=\"twitter:label1\" content=\"Est. reading time\" \/>\n\t<meta name=\"twitter:data1\" content=\"3 minutes\" \/>\n<!-- \/ Yoast SEO plugin. -->","yoast_head_json":{"title":"C\u00f3mo Comprar Tune.fm (JAM) Con PayPal","description":"Comprar Tune.fm coin con PayPal es una forma conveniente y r\u00e1pida de adquirir la moneda. Sigue leyendo para conocer m\u00e1s detalles.","robots":{"index":"index","follow":"follow","max-snippet":"max-snippet:-1","max-image-preview":"max-image-preview:large","max-video-preview":"max-video-preview:-1"},"canonical":"https:\/\/allin1bitcoins.com\/es\/crypto\/tune-fm\/paypal\/","og_locale":"es_ES","og_type":"article","og_title":"C\u00f3mo Comprar Tune.fm (JAM) Con PayPal","og_description":"Comprar Tune.fm coin con PayPal es una forma conveniente y r\u00e1pida de adquirir la moneda. Sigue leyendo para conocer m\u00e1s detalles.","og_url":"https:\/\/allin1bitcoins.com\/es\/crypto\/tune-fm\/paypal\/","og_site_name":"Allin1Bitcoins","article_modified_time":"2023-02-12T05:10:51+00:00","og_image":[{"width":1920,"height":1280,"url":"https:\/\/allin1bitcoins.com\/wp-content\/uploads\/2023\/01\/viktor-forgacs-ep4yZx4taUY-unsplash.jpg","type":"image\/jpeg"}],"twitter_card":"summary_large_image","twitter_misc":{"Est. reading time":"3 minutes"},"schema":{"@context":"https:\/\/schema.org","@graph":[{"@type":"WebPage","@id":"https:\/\/allin1bitcoins.com\/es\/crypto\/tune-fm\/paypal\/","url":"https:\/\/allin1bitcoins.com\/es\/crypto\/tune-fm\/paypal\/","name":"C\u00f3mo Comprar Tune.fm (JAM) Con PayPal","isPartOf":{"@id":"https:\/\/allin1bitcoins.com\/es\/#website"},"datePublished":"2023-02-12T05:10:47+00:00","dateModified":"2023-02-12T05:10:51+00:00","description":"Comprar Tune.fm coin con PayPal es una forma conveniente y r\u00e1pida de adquirir la moneda. Sigue leyendo para conocer m\u00e1s detalles.","breadcrumb":{"@id":"https:\/\/allin1bitcoins.com\/es\/crypto\/tune-fm\/paypal\/#breadcrumb"},"inLanguage":"es","potentialAction":[{"@type":"ReadAction","target":["https:\/\/allin1bitcoins.com\/es\/crypto\/tune-fm\/paypal\/"]}]},{"@type":"BreadcrumbList","@id":"https:\/\/allin1bitcoins.com\/es\/crypto\/tune-fm\/paypal\/#breadcrumb","itemListElement":[{"@type":"ListItem","position":1,"name":"Home","item":"https:\/\/allin1bitcoins.com\/es\/"},{"@type":"ListItem","position":2,"name":"Cripto","item":"https:\/\/allin1bitcoins.com\/es\/crypto\/"},{"@type":"ListItem","position":3,"name":"C\u00f3mo Comprar Tune.fm (JAM) \u2013 Gu\u00eda Paso A Paso (2023)","item":"https:\/\/allin1bitcoins.com\/es\/crypto\/tune-fm\/"},{"@type":"ListItem","position":4,"name":"C\u00f3mo Comprar Tune.fm (JAM) Con PayPal"}]},{"@type":"WebSite","@id":"https:\/\/allin1bitcoins.com\/es\/#website","url":"https:\/\/allin1bitcoins.com\/es\/","name":"Allin1Bitcoins","description":"","publisher":{"@id":"https:\/\/allin1bitcoins.com\/es\/#organization"},"potentialAction":[{"@type":"SearchAction","target":{"@type":"EntryPoint","urlTemplate":"https:\/\/allin1bitcoins.com\/es\/?s={search_term_string}"},"query-input":"required name=search_term_string"}],"inLanguage":"es"},{"@type":"Organization","@id":"https:\/\/allin1bitcoins.com\/es\/#organization","name":"allin1bitcoins","url":"https:\/\/allin1bitcoins.com\/es\/","logo":{"@type":"ImageObject","inLanguage":"es","@id":"https:\/\/allin1bitcoins.com\/es\/#\/schema\/logo\/image\/","url":"https:\/\/allin1bitcoins.com\/wp-content\/uploads\/2019\/01\/logo-new.png","contentUrl":"https:\/\/allin1bitcoins.com\/wp-content\/uploads\/2019\/01\/logo-new.png","width":178,"height":71,"caption":"allin1bitcoins"},"image":{"@id":"https:\/\/allin1bitcoins.com\/es\/#\/schema\/logo\/image\/"}}]}},"_links":{"self":[{"href":"https:\/\/allin1bitcoins.com\/es\/wp-json\/wp\/v2\/pages\/20986"}],"collection":[{"href":"https:\/\/allin1bitcoins.com\/es\/wp-json\/wp\/v2\/pages"}],"about":[{"href":"https:\/\/allin1bitcoins.com\/es\/wp-json\/wp\/v2\/types\/page"}],"author":[{"embeddable":true,"href":"https:\/\/allin1bitcoins.com\/es\/wp-json\/wp\/v2\/users\/5"}],"replies":[{"embeddable":true,"href":"https:\/\/allin1bitcoins.com\/es\/wp-json\/wp\/v2\/comments?post=20986"}],"version-history":[{"count":1,"href":"https:\/\/allin1bitcoins.com\/es\/wp-json\/wp\/v2\/pages\/20986\/revisions"}],"predecessor-version":[{"id":20987,"href":"https:\/\/allin1bitcoins.com\/es\/wp-json\/wp\/v2\/pages\/20986\/revisions\/20987"}],"up":[{"embeddable":true,"href":"https:\/\/allin1bitcoins.com\/es\/wp-json\/wp\/v2\/pages\/20956"}],"wp:featuredmedia":[{"embeddable":true,"href":"https:\/\/allin1bitcoins.com\/es\/wp-json\/wp\/v2\/media\/16522"}],"wp:attachment":[{"href":"https:\/\/allin1bitcoins.com\/es\/wp-json\/wp\/v2\/media?parent=20986"}],"curies":[{"name":"wp","href":"https:\/\/api.w.org\/{rel}","templated":true}]}}