{"id":21007,"date":"2023-02-12T05:53:17","date_gmt":"2023-02-12T05:53:17","guid":{"rendered":"https:\/\/allin1bitcoins.com\/?page_id=21007"},"modified":"2023-02-12T06:00:50","modified_gmt":"2023-02-12T06:00:50","slug":"credit-card","status":"publish","type":"page","link":"https:\/\/allin1bitcoins.com\/es\/crypto\/tune-fm\/credit-card\/","title":{"rendered":"C\u00f3mo Comprar Tune.fm (JAM) Con Una Tarjeta De Cr\u00e9dito"},"content":{"rendered":"\n<h2 class=\"wp-block-heading\">Debe tomar las siguientes acciones para comprar la moneda Tune.fm con una tarjeta de cr\u00e9dito:<\/h2>\n\n\n\n<ul><li>Encuentra una bolsa de criptomonedas que le permita usar una tarjeta de cr\u00e9dito para comprar la moneda Tune.fm.<\/li><li>Registre una cuenta en la bolsa e identif\u00edquese.<\/li><li>Conecte su cuenta y tarjeta de cr\u00e9dito.<\/li><li>Haga una orden para comprar moneda Tune.fm a el precio que desee.<\/li><li>Espera el cumplimiento de su pedido y el acreditamiento de su cuenta con su moneda Tune.fm.<\/li><\/ul>\n\n\n\n<h2 class=\"wp-block-heading\">Resumen de la moneda Tune.fm<\/h2>\n\n\n\n<p>Se desarroll\u00f3 un activo digital llamado moneda Tune.fm espec\u00edficamente para la plataforma Tune.fm. Los usuarios pueden escuchar y encontrar nuevas canciones a trav\u00e9s del servicio de transmisi\u00f3n de m\u00fasica Tune.fm. Es comparable a otros servicios de transmisi\u00f3n de m\u00fasica conocidos como Spotify y Apple Music.<\/p>\n\n\n\n<p>En el sitio web, los pagos se realizan con la moneda Tune.fm. Se puede usar para realizar diversas actividades financieras dentro del ecosistema de Tune.fm, incluyendo el pago de suscripciones premium y m\u00fasica de artistas. La oferta y demanda de la moneda Tune.fm en las bolsas de criptomonedas determina su valor.<\/p>\n\n\n\n<h2 class=\"wp-block-heading\">Por qu\u00e9 desea usar una tarjeta de cr\u00e9dito para comprar moneda Tune.fm<\/h2>\n\n\n\n<p><strong>Puede querer usar una tarjeta de cr\u00e9dito para comprar la moneda Tune.fm por varias razones:<\/strong><\/p>\n\n\n\n<ul><li><strong>Comodidad:<\/strong> Usar una tarjeta de cr\u00e9dito para comprar moneda Tune.fm es un proceso f\u00e1cil y r\u00e1pido. Le permite comprar cosas en l\u00ednea sin tener que utilizar un m\u00e9todo de pago diferente o transferir dinero desde su cuenta bancaria.<br><br><\/li><li><strong>Incentivos: <\/strong>Para las compras realizadas con una tarjeta de cr\u00e9dito, muchas ofrecen recompensas o reembolsos. Sus compras de monedas Tune.fm pueden calificarle para recompensas si tiene una tarjeta de cr\u00e9dito con recompensas. <br><br><\/li><li><strong>Cr\u00e9dito: <\/strong>Si no tiene el dinero en efectivo para comprar moneda Tune.fm en su totalidad, puede financiar su compra con una tarjeta de cr\u00e9dito y pagarlo poco a poco.<\/li><\/ul>\n\n\n\n<h2 class=\"wp-block-heading\">Instrucciones detalladas sobre c\u00f3mo utilizar una tarjeta de cr\u00e9dito para comprar monedas de Tune.fm <\/h2>\n\n\n\n<p><strong>Los siguientes pasos le mostrar\u00e1n c\u00f3mo comprar monedas de Tune.fm con una tarjeta de cr\u00e9dito:<\/strong><\/p>\n\n\n\n<ol><li>Encuentre un intercambio de criptomonedas que le permita utilizar una tarjeta de cr\u00e9dito para comprar monedas de Tune.fm. Algunos intercambios recomendables para considerar son Kraken, Coinbase y Binance.<br><br><\/li><li>Reg\u00edstrese para obtener una cuenta de intercambio, luego autentique su identidad. Antes de poder comenzar a operar, la mayor\u00eda de los intercambios requerir\u00e1n que proporcione informaci\u00f3n personal y documentaci\u00f3n de identificaci\u00f3n.<br><br><\/li><li>Conecte su cuenta y su tarjeta de cr\u00e9dito. Para asegurarse de que la tarjeta sea leg\u00edtima y sea suya, deber\u00e1 ingresar los detalles de su tarjeta de cr\u00e9dito y, posiblemente, pasar por un proceso de verificaci\u00f3n.<br><br><\/li><li>Realice un pedido para comprar monedas de Tune.fm al precio que desee. Tiene la opci\u00f3n de realizar un pedido a l\u00edmite, que se completar\u00e1 a un precio determinado o mejor, o un pedido de mercado, que se completar\u00e1 al precio de mercado actual.<br><br><\/li><li>Espere la entrega de su pedido. Si estableci\u00f3 un pedido a l\u00edmite, puede llevar alg\u00fan tiempo que el precio del mercado alcance su nivel deseado.<br><br><\/li><li>Una vez que se haya cumplido su pedido, se acreditar\u00e1n sus monedas de Tune.fm a su cuenta.<\/li><\/ol>\n\n\n\n<figure class=\"wp-block-embed is-type-video is-provider-youtube wp-block-embed-youtube wp-embed-aspect-16-9 wp-has-aspect-ratio\"><div class=\"wp-block-embed__wrapper\">\n<iframe title=\"Tune FM\ud83c\udfb6$42B Use Case Built On Hedera\ud83d\udc49100x Potential\" width=\"800\" height=\"450\" src=\"https:\/\/www.youtube.com\/embed\/qVNq17PUaDw?feature=oembed\" frameborder=\"0\" allow=\"accelerometer; autoplay; clipboard-write; encrypted-media; gyroscope; picture-in-picture; web-share\" allowfullscreen><\/iframe>\n<\/div><\/figure>\n\n\n\n<h2 class=\"wp-block-heading\">Desventajas de usar una tarjeta de cr\u00e9dito para comprar moneda Tune.fm<\/h2>\n\n\n\n<p><strong>Usar una tarjeta de cr\u00e9dito para comprar moneda Tune.fm tiene algunos inconvenientes.<\/strong><\/p>\n\n\n\n<ul><li><strong>Tarifas:<\/strong> Algunas exchanges tienen tarifas m\u00e1s altas por usar una tarjeta de cr\u00e9dito, lo que puede aumentar el precio de su moneda Tune.fm en general.<br><br><\/li><li><strong>Inter\u00e9s: <\/strong>Si no pagas la totalidad del saldo en su tarjeta de cr\u00e9dito cada mes, se agregar\u00e1 inter\u00e9s al saldo. Su costo total para comprar monedas Tune.fm puede aumentar como resultado.<br><br><\/li><li><strong>Puntuaci\u00f3n de cr\u00e9dito: <\/strong>Utilizar una tarjeta de cr\u00e9dito puede tener un efecto beneficidido o negativo en su puntuaci\u00f3n de cr\u00e9dito. Su puntuaci\u00f3n de cr\u00e9dito puede subir si paga todas sus facturas a tiempo y en su totalidad cada mes. Sin embargo, su puntuaci\u00f3n de cr\u00e9dito puede sufrir si salta pagos o tiene un gran saldo.<\/li><\/ul>\n\n\n\n<h2 class=\"wp-block-heading\">Conclusi\u00f3n <\/h2>\n\n\n\n<p>En conclusi\u00f3n, usar una tarjeta de cr\u00e9dito para comprar moneda Tune.fm es una forma pr\u00e1ctica y r\u00e1pida de hacerlo. Le permite comprar cosas en l\u00ednea sin tener que retirar dinero de su cuenta bancaria y tambi\u00e9n puede brindarle la oportunidad de obtener incentivos o reembolsos. Sin embargo, tambi\u00e9n hay desventajas que tener en cuenta, incluyendo costos, tasas de inter\u00e9s y el efecto en su puntuaci\u00f3n de cr\u00e9dito. Es crucial evaluar cuidadosamente las ventajas y desventajas de usar una tarjeta de cr\u00e9dito para comprar moneda Tune.fm y asegurarse de que pueda hacer todos los pagos necesarios de cualquier monto de manera oportuna y en su totalidad.<\/p>\n\n\n\n<!-- Page-list plugin v.5.9 wordpress.org\/plugins\/page-list\/ -->\n<ul class=\"page-list siblings-page-list \">\n<li class=\"page_item page-item-21018\"><a href=\"https:\/\/allin1bitcoins.com\/es\/crypto\/tune-fm\/australia\/\">C\u00f3mo Comprar Tune.fm (JAM) Con Australia<\/a><\/li>\n<li class=\"page_item page-item-20986\"><a href=\"https:\/\/allin1bitcoins.com\/es\/crypto\/tune-fm\/paypal\/\">C\u00f3mo Comprar Tune.fm (JAM) Con PayPal<\/a><\/li>\n<li class=\"page_item page-item-20978\"><a href=\"https:\/\/allin1bitcoins.com\/es\/crypto\/tune-fm\/bank-account\/\">C\u00f3mo Comprar Tune.fm (JAM) Con Una Cuenta Bancaria<\/a><\/li>\n<li class=\"page_item page-item-21007\"><a href=\"https:\/\/allin1bitcoins.com\/es\/crypto\/tune-fm\/credit-card\/\">C\u00f3mo Comprar Tune.fm (JAM) Con Una Tarjeta De Cr\u00e9dito<\/a><\/li>\n<li class=\"page_item page-item-20995\"><a href=\"https:\/\/allin1bitcoins.com\/es\/crypto\/tune-fm\/debit-card\/\">C\u00f3mo Comprar Tune.fm (JAM) Con Una Tarjeta De D\u00e9bito<\/a><\/li>\n<li class=\"page_item page-item-21037\"><a href=\"https:\/\/allin1bitcoins.com\/es\/crypto\/tune-fm\/canada\/\">C\u00f3mo Comprar Tune.fm (JAM) En Canad\u00e1<\/a><\/li>\n<li class=\"page_item page-item-20968\"><a href=\"https:\/\/allin1bitcoins.com\/es\/crypto\/tune-fm\/united-kingdom\/\">C\u00f3mo Comprar Tune.fm (JAM) En El Reino Unido<\/a><\/li>\n<li class=\"page_item page-item-21026\"><a href=\"https:\/\/allin1bitcoins.com\/es\/crypto\/tune-fm\/united-states\/\">C\u00f3mo Comprar Tune.fm (JAM) En Los Estados Unidos<\/a><\/li>\n\n<\/ul>\n","protected":false},"excerpt":{"rendered":"<p>Debe tomar las siguientes acciones para comprar la moneda Tune.fm con una tarjeta de cr\u00e9dito: Encuentra una bolsa de criptomonedas que le permita usar una tarjeta de cr\u00e9dito para comprar la moneda Tune.fm. Registre una cuenta en la bolsa e identif\u00edquese. Conecte su cuenta y tarjeta de cr\u00e9dito. Haga una orden para comprar moneda Tune.fm&#8230;<\/p>\n","protected":false},"author":5,"featured_media":16500,"parent":20956,"menu_order":0,"comment_status":"closed","ping_status":"closed","template":"","meta":{"cybocfi_hide_featured_image":"","footnotes":""},"acf":[],"yoast_head":"<!-- This site is optimized with the Yoast SEO plugin v21.7 - https:\/\/yoast.com\/wordpress\/plugins\/seo\/ -->\n<title>C\u00f3mo Comprar Tune.fm (JAM) Con Una Tarjeta De Cr\u00e9dito<\/title>\n<meta name=\"description\" content=\"Debe realizar las siguientes acciones para comprar la moneda Tune.fm con una tarjeta de cr\u00e9dito. Siga leyendo para obtener m\u00e1s informaci\u00f3n.\" \/>\n<meta name=\"robots\" content=\"index, follow, max-snippet:-1, max-image-preview:large, max-video-preview:-1\" \/>\n<link rel=\"canonical\" href=\"https:\/\/allin1bitcoins.com\/es\/crypto\/tune-fm\/credit-card\/\" \/>\n<meta property=\"og:locale\" content=\"es_ES\" \/>\n<meta property=\"og:type\" content=\"article\" \/>\n<meta property=\"og:title\" content=\"C\u00f3mo Comprar Tune.fm (JAM) Con Una Tarjeta De Cr\u00e9dito\" \/>\n<meta property=\"og:description\" content=\"Debe realizar las siguientes acciones para comprar la moneda Tune.fm con una tarjeta de cr\u00e9dito. Siga leyendo para obtener m\u00e1s informaci\u00f3n.\" \/>\n<meta property=\"og:url\" content=\"https:\/\/allin1bitcoins.com\/es\/crypto\/tune-fm\/credit-card\/\" \/>\n<meta property=\"og:site_name\" content=\"Allin1Bitcoins\" \/>\n<meta property=\"article:modified_time\" content=\"2023-02-12T06:00:50+00:00\" \/>\n<meta property=\"og:image\" content=\"https:\/\/allin1bitcoins.com\/wp-content\/uploads\/2023\/01\/towfiqu-barbhuiya-joqWSI9u_XM-unsplash.jpg\" \/>\n\t<meta property=\"og:image:width\" content=\"1920\" \/>\n\t<meta property=\"og:image:height\" content=\"1281\" \/>\n\t<meta property=\"og:image:type\" content=\"image\/jpeg\" \/>\n<meta name=\"twitter:card\" content=\"summary_large_image\" \/>\n<meta name=\"twitter:label1\" content=\"Est. reading time\" \/>\n\t<meta name=\"twitter:data1\" content=\"4 minutes\" \/>\n<!-- \/ Yoast SEO plugin. -->","yoast_head_json":{"title":"C\u00f3mo Comprar Tune.fm (JAM) Con Una Tarjeta De Cr\u00e9dito","description":"Debe realizar las siguientes acciones para comprar la moneda Tune.fm con una tarjeta de cr\u00e9dito. Siga leyendo para obtener m\u00e1s informaci\u00f3n.","robots":{"index":"index","follow":"follow","max-snippet":"max-snippet:-1","max-image-preview":"max-image-preview:large","max-video-preview":"max-video-preview:-1"},"canonical":"https:\/\/allin1bitcoins.com\/es\/crypto\/tune-fm\/credit-card\/","og_locale":"es_ES","og_type":"article","og_title":"C\u00f3mo Comprar Tune.fm (JAM) Con Una Tarjeta De Cr\u00e9dito","og_description":"Debe realizar las siguientes acciones para comprar la moneda Tune.fm con una tarjeta de cr\u00e9dito. Siga leyendo para obtener m\u00e1s informaci\u00f3n.","og_url":"https:\/\/allin1bitcoins.com\/es\/crypto\/tune-fm\/credit-card\/","og_site_name":"Allin1Bitcoins","article_modified_time":"2023-02-12T06:00:50+00:00","og_image":[{"width":1920,"height":1281,"url":"https:\/\/allin1bitcoins.com\/wp-content\/uploads\/2023\/01\/towfiqu-barbhuiya-joqWSI9u_XM-unsplash.jpg","type":"image\/jpeg"}],"twitter_card":"summary_large_image","twitter_misc":{"Est. reading time":"4 minutes"},"schema":{"@context":"https:\/\/schema.org","@graph":[{"@type":"WebPage","@id":"https:\/\/allin1bitcoins.com\/es\/crypto\/tune-fm\/credit-card\/","url":"https:\/\/allin1bitcoins.com\/es\/crypto\/tune-fm\/credit-card\/","name":"C\u00f3mo Comprar Tune.fm (JAM) Con Una Tarjeta De Cr\u00e9dito","isPartOf":{"@id":"https:\/\/allin1bitcoins.com\/es\/#website"},"datePublished":"2023-02-12T05:53:17+00:00","dateModified":"2023-02-12T06:00:50+00:00","description":"Debe realizar las siguientes acciones para comprar la moneda Tune.fm con una tarjeta de cr\u00e9dito. Siga leyendo para obtener m\u00e1s informaci\u00f3n.","breadcrumb":{"@id":"https:\/\/allin1bitcoins.com\/es\/crypto\/tune-fm\/credit-card\/#breadcrumb"},"inLanguage":"es","potentialAction":[{"@type":"ReadAction","target":["https:\/\/allin1bitcoins.com\/es\/crypto\/tune-fm\/credit-card\/"]}]},{"@type":"BreadcrumbList","@id":"https:\/\/allin1bitcoins.com\/es\/crypto\/tune-fm\/credit-card\/#breadcrumb","itemListElement":[{"@type":"ListItem","position":1,"name":"Home","item":"https:\/\/allin1bitcoins.com\/es\/"},{"@type":"ListItem","position":2,"name":"Cripto","item":"https:\/\/allin1bitcoins.com\/es\/crypto\/"},{"@type":"ListItem","position":3,"name":"C\u00f3mo Comprar Tune.fm (JAM) \u2013 Gu\u00eda Paso A Paso (2023)","item":"https:\/\/allin1bitcoins.com\/es\/crypto\/tune-fm\/"},{"@type":"ListItem","position":4,"name":"C\u00f3mo Comprar Tune.fm (JAM) Con Una Tarjeta De Cr\u00e9dito"}]},{"@type":"WebSite","@id":"https:\/\/allin1bitcoins.com\/es\/#website","url":"https:\/\/allin1bitcoins.com\/es\/","name":"Allin1Bitcoins","description":"","publisher":{"@id":"https:\/\/allin1bitcoins.com\/es\/#organization"},"potentialAction":[{"@type":"SearchAction","target":{"@type":"EntryPoint","urlTemplate":"https:\/\/allin1bitcoins.com\/es\/?s={search_term_string}"},"query-input":"required name=search_term_string"}],"inLanguage":"es"},{"@type":"Organization","@id":"https:\/\/allin1bitcoins.com\/es\/#organization","name":"allin1bitcoins","url":"https:\/\/allin1bitcoins.com\/es\/","logo":{"@type":"ImageObject","inLanguage":"es","@id":"https:\/\/allin1bitcoins.com\/es\/#\/schema\/logo\/image\/","url":"https:\/\/allin1bitcoins.com\/wp-content\/uploads\/2019\/01\/logo-new.png","contentUrl":"https:\/\/allin1bitcoins.com\/wp-content\/uploads\/2019\/01\/logo-new.png","width":178,"height":71,"caption":"allin1bitcoins"},"image":{"@id":"https:\/\/allin1bitcoins.com\/es\/#\/schema\/logo\/image\/"}}]}},"_links":{"self":[{"href":"https:\/\/allin1bitcoins.com\/es\/wp-json\/wp\/v2\/pages\/21007"}],"collection":[{"href":"https:\/\/allin1bitcoins.com\/es\/wp-json\/wp\/v2\/pages"}],"about":[{"href":"https:\/\/allin1bitcoins.com\/es\/wp-json\/wp\/v2\/types\/page"}],"author":[{"embeddable":true,"href":"https:\/\/allin1bitcoins.com\/es\/wp-json\/wp\/v2\/users\/5"}],"replies":[{"embeddable":true,"href":"https:\/\/allin1bitcoins.com\/es\/wp-json\/wp\/v2\/comments?post=21007"}],"version-history":[{"count":1,"href":"https:\/\/allin1bitcoins.com\/es\/wp-json\/wp\/v2\/pages\/21007\/revisions"}],"predecessor-version":[{"id":21008,"href":"https:\/\/allin1bitcoins.com\/es\/wp-json\/wp\/v2\/pages\/21007\/revisions\/21008"}],"up":[{"embeddable":true,"href":"https:\/\/allin1bitcoins.com\/es\/wp-json\/wp\/v2\/pages\/20956"}],"wp:featuredmedia":[{"embeddable":true,"href":"https:\/\/allin1bitcoins.com\/es\/wp-json\/wp\/v2\/media\/16500"}],"wp:attachment":[{"href":"https:\/\/allin1bitcoins.com\/es\/wp-json\/wp\/v2\/media?parent=21007"}],"curies":[{"name":"wp","href":"https:\/\/api.w.org\/{rel}","templated":true}]}}