{"id":21060,"date":"2023-02-12T09:43:09","date_gmt":"2023-02-12T09:43:09","guid":{"rendered":"https:\/\/allin1bitcoins.com\/?page_id=21060"},"modified":"2023-02-12T09:43:11","modified_gmt":"2023-02-12T09:43:11","slug":"credit-card","status":"publish","type":"page","link":"https:\/\/allin1bitcoins.com\/es\/crypto\/lox-network\/credit-card\/","title":{"rendered":"C\u00f3mo Comprar Lox Network (LOX) Con Una Tarjeta De Cr\u00e9dito"},"content":{"rendered":"\n<p>Se puede comprar Lox Network Coin con una tarjeta de cr\u00e9dito. Encontrar un intercambio de criptomonedas que admita Lox Network Coin y acepte pagos con tarjeta de cr\u00e9dito implica los siguientes pasos: configurar una cuenta en el intercambio, proporcionar pruebas de identificaci\u00f3n y comprar Lox Network Coin con su tarjeta de cr\u00e9dito.<\/p>\n\n\n\n<h2 class=\"wp-block-heading\">Resumen de Coin Lox Network<\/h2>\n\n\n\n<p>En 2021 se present\u00f3 una criptomoneda llamada Lox Network Coin. Utiliza el est\u00e1ndar de token ERC-20 y se basa en la cadena de bloques Ethereum. La Lox Network, un mercado descentralizado donde los usuarios pueden intercambiar Lox Network Coin por bienes y servicios, es donde se cre\u00f3 Lox Network Coin para ser utilizado como medio de intercambio.<\/p>\n\n\n\n<h2 class=\"wp-block-heading\">Por qu\u00e9 deber\u00edas usar una tarjeta de cr\u00e9dito para comprar Lox Network Coin <\/h2>\n\n\n\n<p><strong>Puede que desee utilizar una tarjeta de cr\u00e9dito para comprar Lox Network Coin por varias razones:<\/strong><\/p>\n\n\n\n<ul><li><strong>Conveniencia: <\/strong>Al comprar criptomonedas, utilizar una tarjeta de cr\u00e9dito es pr\u00e1ctico porque facilita la transferencia de dinero de su cuenta bancaria a su cuenta de intercambio.<br><br><\/li><li><strong>Recompensas: <\/strong>Varias tarjetas de cr\u00e9dito ofrecen sistemas de recompensa, como devoluci\u00f3n de efectivo o puntos que se pueden utilizar para comprar bienes, viajar u otros beneficios. Podr\u00eda ser capaz de obtener recompensas en sus compras pagando Lox Network Coin con su tarjeta de cr\u00e9dito.<br><br><\/li><li><strong>Protecciones de tarjeta de cr\u00e9dito: <\/strong>Algunas tarjetas de cr\u00e9dito tienen protecciones contra cargos no autorizados o fraude, lo que puede agregar una capa adicional de seguridad al comprar criptomonedas.<\/li><\/ul>\n\n\n\n<h2 class=\"wp-block-heading\">C\u00f3mo comprar Lox Network Coin con una tarjeta de cr\u00e9dito: una gu\u00eda paso a paso<\/h2>\n\n\n\n<ol><li><strong>Encuentre un intercambio de criptomonedas que admita Lox Network Coin y acepte tarjetas de cr\u00e9dito:<\/strong> Encontrar un intercambio de criptomonedas que admita Lox Network Coin y acepte tarjetas de cr\u00e9dito es el primer paso para comprarla con una tarjeta de cr\u00e9dito. Binance, Coinbase y Kraken son algunos intercambios conocidos que admiten Lox Network Coin y aceptan pagos con tarjeta de cr\u00e9dito.<br><br><\/li><li><strong>Cree una cuenta en el intercambio:<\/strong> Despu\u00e9s de localizar una plataforma que admita Lox Network Coin y acepte pagos con tarjeta de cr\u00e9dito, debe abrir una cuenta all\u00ed. Por lo general, esto implica dar su nombre, direcci\u00f3n de correo electr\u00f3nico y contrase\u00f1a.<br><br><\/li><li><strong>Valide su identificaci\u00f3n:<\/strong> Antes de poder comprar criptomonedas en la mayor\u00eda de los intercambios, debe verificar su identidad. Esto a menudo implica enviar una copia de su pasaporte o identificaci\u00f3n emitida por el gobierno, as\u00ed como posiblemente una selfie sosteniendo la identificaci\u00f3n.<br><br><\/li><li><strong>Ingrese los datos de su tarjeta de cr\u00e9dito: <\/strong>Una vez que se haya confirmado su identificaci\u00f3n, deber\u00e1 vincular su tarjeta de cr\u00e9dito a su cuenta para poder comprar Lox Network Coin. Normalmente se requieren su informaci\u00f3n de tarjeta de pago, fecha de vencimiento y c\u00f3digo de seguridad para esto.<br><br><\/li><li><strong>Compre Lox Network Coin:<\/strong> Despu\u00e9s de agregar su tarjeta de cr\u00e9dito a su cuenta, puede comprar Lox Network Coin yendo a la p\u00e1gina de negociaci\u00f3n de Lox Network Coin del intercambio y realizando un pedido. Debe especificar cu\u00e1nto Lox Network Coin desea comprar y su rango de precios.<\/li><\/ol>\n\n\n\n<figure class=\"wp-block-embed is-type-video is-provider-youtube wp-block-embed-youtube wp-embed-aspect-16-9 wp-has-aspect-ratio\"><div class=\"wp-block-embed__wrapper\">\n<iframe title=\"Lox Network Into video, LOX Network, SmartLOX and SmartNFT explainer video series\" width=\"800\" height=\"450\" src=\"https:\/\/www.youtube.com\/embed\/J5BTHrLuKb4?feature=oembed\" frameborder=\"0\" allow=\"accelerometer; autoplay; clipboard-write; encrypted-media; gyroscope; picture-in-picture; web-share\" allowfullscreen><\/iframe>\n<\/div><\/figure>\n\n\n\n<h2 class=\"wp-block-heading\">Contras de utilizar una tarjeta de cr\u00e9dito para comprar Lox Network Coin<\/h2>\n\n\n\n<p><strong>Utilizar una tarjeta de cr\u00e9dito para comprar Lox Network Coin tiene algunas desventajas.<\/strong><\/p>\n\n\n\n<ul><li><strong>Tarifas: <\/strong>En comparaci\u00f3n con las transferencias bancarias u otros m\u00e9todos de pago, algunos intercambios imponen mayores tarifas para las compras con tarjeta de cr\u00e9dito. Esto puede aumentar el precio total de la compra de Lox Network Coin.<br><br><\/li><li><strong>L\u00edmites de la tarjeta de cr\u00e9dito:<\/strong> Las cantidades diarias y mensuales que se pueden cargar con la tarjeta de cr\u00e9dito est\u00e1n normalmente limitadas. Si desea comprar una cantidad significativa de Lox Network Coin, puede ser necesario distribuir sus compras en varios d\u00edas o utilizar un m\u00e9todo de pago diferente.<br><br><\/li><li><strong>Deuda de tarjeta de cr\u00e9dito:<\/strong> Si utiliza su tarjeta de cr\u00e9dito para comprar Lox Network Coin y no puede pagar el saldo completo cada mes, esto podr\u00eda resultar en una deuda de tarjeta de cr\u00e9dito si no tiene cuidado. Aseg\u00farese de considerar seriamente su posici\u00f3n financiera antes de comprar Lox Network Coin con una tarjeta de cr\u00e9dito.<\/li><\/ul>\n\n\n\n<h2 class=\"wp-block-heading\">Conclusi\u00f3n <\/h2>\n\n\n\n<p>Aunque comprar Lox Network Coin con una tarjeta de cr\u00e9dito es una forma pr\u00e1ctica de pagar por sus transacciones de criptomonedas, es crucial ser consciente de los costos y riesgos que pueden existir. Puede tomar decisiones sabias y posiblemente obtener rendimientos significativos en su inversi\u00f3n al pesar cuidadosamente las ventajas y desventajas de utilizar una tarjeta de cr\u00e9dito para comprar Lox Network Coin.<\/p>\n\n\n\n<!-- Page-list plugin v.5.9 wordpress.org\/plugins\/page-list\/ -->\n<ul class=\"page-list siblings-page-list \">\n<li class=\"page_item page-item-21149\"><a href=\"https:\/\/allin1bitcoins.com\/es\/crypto\/lox-network\/switzerland\/\">C\u00f3mo Comprar La Moneda De La Red Lox (LOX) En Suiza<\/a><\/li>\n<li class=\"page_item page-item-21060\"><a href=\"https:\/\/allin1bitcoins.com\/es\/crypto\/lox-network\/credit-card\/\">C\u00f3mo Comprar Lox Network (LOX) Con Una Tarjeta De Cr\u00e9dito<\/a><\/li>\n<li class=\"page_item page-item-21137\"><a href=\"https:\/\/allin1bitcoins.com\/es\/crypto\/lox-network\/canada\/\">C\u00f3mo Comprar Lox Network (LOX) En Canada<\/a><\/li>\n<li class=\"page_item page-item-21116\"><a href=\"https:\/\/allin1bitcoins.com\/es\/crypto\/lox-network\/united-kingdom\/\">C\u00f3mo Comprar Lox Network (LOX) En El Reino Unido<\/a><\/li>\n<li class=\"page_item page-item-21126\"><a href=\"https:\/\/allin1bitcoins.com\/es\/crypto\/lox-network\/united-states\/\">C\u00f3mo Comprar Lox Network (LOX) En Los Estados Unidos<\/a><\/li>\n<li class=\"page_item page-item-21080\"><a href=\"https:\/\/allin1bitcoins.com\/es\/crypto\/lox-network\/american-express\/\">C\u00f3mo Comprar Lox Network Coin (LOX) Con American Express<\/a><\/li>\n<li class=\"page_item page-item-21107\"><a href=\"https:\/\/allin1bitcoins.com\/es\/crypto\/lox-network\/paypal\/\">C\u00f3mo Comprar Lox Network Coin (LOX) Con Paypal<\/a><\/li>\n<li class=\"page_item page-item-21094\"><a href=\"https:\/\/allin1bitcoins.com\/es\/crypto\/lox-network\/debit-card\/\">C\u00f3mo Comprar Lox Network Coin (LOX) Con Una Tarjeta De D\u00e9bito<\/a><\/li>\n\n<\/ul>\n","protected":false},"excerpt":{"rendered":"<p>Se puede comprar Lox Network Coin con una tarjeta de cr\u00e9dito. Encontrar un intercambio de criptomonedas que admita Lox Network Coin y acepte pagos con tarjeta de cr\u00e9dito implica los siguientes pasos: configurar una cuenta en el intercambio, proporcionar pruebas de identificaci\u00f3n y comprar Lox Network Coin con su tarjeta de cr\u00e9dito. Resumen de Coin&#8230;<\/p>\n","protected":false},"author":5,"featured_media":14231,"parent":21048,"menu_order":0,"comment_status":"closed","ping_status":"closed","template":"","meta":{"cybocfi_hide_featured_image":"","footnotes":""},"acf":[],"yoast_head":"<!-- This site is optimized with the Yoast SEO plugin v21.7 - https:\/\/yoast.com\/wordpress\/plugins\/seo\/ -->\n<title>C\u00f3mo Comprar Lox Network (LOX) Con Una Tarjeta De Cr\u00e9dito<\/title>\n<meta name=\"description\" content=\"Encontrar un intercambio de criptomonedas que admita Lox Network Coin y acepte pagos con tarjeta de cr\u00e9dito implica los siguientes pasos.\" \/>\n<meta name=\"robots\" content=\"index, follow, max-snippet:-1, max-image-preview:large, max-video-preview:-1\" \/>\n<link rel=\"canonical\" href=\"https:\/\/allin1bitcoins.com\/es\/crypto\/lox-network\/credit-card\/\" \/>\n<meta property=\"og:locale\" content=\"es_ES\" \/>\n<meta property=\"og:type\" content=\"article\" \/>\n<meta property=\"og:title\" content=\"C\u00f3mo Comprar Lox Network (LOX) Con Una Tarjeta De Cr\u00e9dito\" \/>\n<meta property=\"og:description\" content=\"Encontrar un intercambio de criptomonedas que admita Lox Network Coin y acepte pagos con tarjeta de cr\u00e9dito implica los siguientes pasos.\" \/>\n<meta property=\"og:url\" content=\"https:\/\/allin1bitcoins.com\/es\/crypto\/lox-network\/credit-card\/\" \/>\n<meta property=\"og:site_name\" content=\"Allin1Bitcoins\" \/>\n<meta property=\"article:modified_time\" content=\"2023-02-12T09:43:11+00:00\" \/>\n<meta property=\"og:image\" content=\"https:\/\/allin1bitcoins.com\/wp-content\/uploads\/2023\/01\/pexels-kindel-media-6994265.jpg\" \/>\n\t<meta property=\"og:image:width\" content=\"1280\" \/>\n\t<meta property=\"og:image:height\" content=\"721\" \/>\n\t<meta property=\"og:image:type\" content=\"image\/jpeg\" \/>\n<meta name=\"twitter:card\" content=\"summary_large_image\" \/>\n<meta name=\"twitter:label1\" content=\"Est. reading time\" \/>\n\t<meta name=\"twitter:data1\" content=\"4 minutes\" \/>\n<!-- \/ Yoast SEO plugin. -->","yoast_head_json":{"title":"C\u00f3mo Comprar Lox Network (LOX) Con Una Tarjeta De Cr\u00e9dito","description":"Encontrar un intercambio de criptomonedas que admita Lox Network Coin y acepte pagos con tarjeta de cr\u00e9dito implica los siguientes pasos.","robots":{"index":"index","follow":"follow","max-snippet":"max-snippet:-1","max-image-preview":"max-image-preview:large","max-video-preview":"max-video-preview:-1"},"canonical":"https:\/\/allin1bitcoins.com\/es\/crypto\/lox-network\/credit-card\/","og_locale":"es_ES","og_type":"article","og_title":"C\u00f3mo Comprar Lox Network (LOX) Con Una Tarjeta De Cr\u00e9dito","og_description":"Encontrar un intercambio de criptomonedas que admita Lox Network Coin y acepte pagos con tarjeta de cr\u00e9dito implica los siguientes pasos.","og_url":"https:\/\/allin1bitcoins.com\/es\/crypto\/lox-network\/credit-card\/","og_site_name":"Allin1Bitcoins","article_modified_time":"2023-02-12T09:43:11+00:00","og_image":[{"width":1280,"height":721,"url":"https:\/\/allin1bitcoins.com\/wp-content\/uploads\/2023\/01\/pexels-kindel-media-6994265.jpg","type":"image\/jpeg"}],"twitter_card":"summary_large_image","twitter_misc":{"Est. reading time":"4 minutes"},"schema":{"@context":"https:\/\/schema.org","@graph":[{"@type":"WebPage","@id":"https:\/\/allin1bitcoins.com\/es\/crypto\/lox-network\/credit-card\/","url":"https:\/\/allin1bitcoins.com\/es\/crypto\/lox-network\/credit-card\/","name":"C\u00f3mo Comprar Lox Network (LOX) Con Una Tarjeta De Cr\u00e9dito","isPartOf":{"@id":"https:\/\/allin1bitcoins.com\/es\/#website"},"datePublished":"2023-02-12T09:43:09+00:00","dateModified":"2023-02-12T09:43:11+00:00","description":"Encontrar un intercambio de criptomonedas que admita Lox Network Coin y acepte pagos con tarjeta de cr\u00e9dito implica los siguientes pasos.","breadcrumb":{"@id":"https:\/\/allin1bitcoins.com\/es\/crypto\/lox-network\/credit-card\/#breadcrumb"},"inLanguage":"es","potentialAction":[{"@type":"ReadAction","target":["https:\/\/allin1bitcoins.com\/es\/crypto\/lox-network\/credit-card\/"]}]},{"@type":"BreadcrumbList","@id":"https:\/\/allin1bitcoins.com\/es\/crypto\/lox-network\/credit-card\/#breadcrumb","itemListElement":[{"@type":"ListItem","position":1,"name":"Home","item":"https:\/\/allin1bitcoins.com\/es\/"},{"@type":"ListItem","position":2,"name":"Cripto","item":"https:\/\/allin1bitcoins.com\/es\/crypto\/"},{"@type":"ListItem","position":3,"name":"C\u00f3mo Comprar La Red Lox (LOX) &#8211; Gu\u00eda Paso A Paso De","item":"https:\/\/allin1bitcoins.com\/es\/crypto\/lox-network\/"},{"@type":"ListItem","position":4,"name":"C\u00f3mo Comprar Lox Network (LOX) Con Una Tarjeta De Cr\u00e9dito"}]},{"@type":"WebSite","@id":"https:\/\/allin1bitcoins.com\/es\/#website","url":"https:\/\/allin1bitcoins.com\/es\/","name":"Allin1Bitcoins","description":"","publisher":{"@id":"https:\/\/allin1bitcoins.com\/es\/#organization"},"potentialAction":[{"@type":"SearchAction","target":{"@type":"EntryPoint","urlTemplate":"https:\/\/allin1bitcoins.com\/es\/?s={search_term_string}"},"query-input":"required name=search_term_string"}],"inLanguage":"es"},{"@type":"Organization","@id":"https:\/\/allin1bitcoins.com\/es\/#organization","name":"allin1bitcoins","url":"https:\/\/allin1bitcoins.com\/es\/","logo":{"@type":"ImageObject","inLanguage":"es","@id":"https:\/\/allin1bitcoins.com\/es\/#\/schema\/logo\/image\/","url":"https:\/\/allin1bitcoins.com\/wp-content\/uploads\/2019\/01\/logo-new.png","contentUrl":"https:\/\/allin1bitcoins.com\/wp-content\/uploads\/2019\/01\/logo-new.png","width":178,"height":71,"caption":"allin1bitcoins"},"image":{"@id":"https:\/\/allin1bitcoins.com\/es\/#\/schema\/logo\/image\/"}}]}},"_links":{"self":[{"href":"https:\/\/allin1bitcoins.com\/es\/wp-json\/wp\/v2\/pages\/21060"}],"collection":[{"href":"https:\/\/allin1bitcoins.com\/es\/wp-json\/wp\/v2\/pages"}],"about":[{"href":"https:\/\/allin1bitcoins.com\/es\/wp-json\/wp\/v2\/types\/page"}],"author":[{"embeddable":true,"href":"https:\/\/allin1bitcoins.com\/es\/wp-json\/wp\/v2\/users\/5"}],"replies":[{"embeddable":true,"href":"https:\/\/allin1bitcoins.com\/es\/wp-json\/wp\/v2\/comments?post=21060"}],"version-history":[{"count":1,"href":"https:\/\/allin1bitcoins.com\/es\/wp-json\/wp\/v2\/pages\/21060\/revisions"}],"predecessor-version":[{"id":21063,"href":"https:\/\/allin1bitcoins.com\/es\/wp-json\/wp\/v2\/pages\/21060\/revisions\/21063"}],"up":[{"embeddable":true,"href":"https:\/\/allin1bitcoins.com\/es\/wp-json\/wp\/v2\/pages\/21048"}],"wp:featuredmedia":[{"embeddable":true,"href":"https:\/\/allin1bitcoins.com\/es\/wp-json\/wp\/v2\/media\/14231"}],"wp:attachment":[{"href":"https:\/\/allin1bitcoins.com\/es\/wp-json\/wp\/v2\/media?parent=21060"}],"curies":[{"name":"wp","href":"https:\/\/api.w.org\/{rel}","templated":true}]}}