{"id":21080,"date":"2023-02-12T16:50:48","date_gmt":"2023-02-12T16:50:48","guid":{"rendered":"https:\/\/allin1bitcoins.com\/?page_id=21080"},"modified":"2023-02-12T16:50:54","modified_gmt":"2023-02-12T16:50:54","slug":"american-express","status":"publish","type":"page","link":"https:\/\/allin1bitcoins.com\/es\/crypto\/lox-network\/american-express\/","title":{"rendered":"C\u00f3mo Comprar Lox Network Coin (LOX) Con American Express"},"content":{"rendered":"\n<p>Desafortunadamente, en la actualidad no es posible utilizar una tarjeta American Express para comprar directamente Lox Network Coin. Sin embargo, puedes utilizar tu tarjeta American Express para comprar Bitcoin u otra criptomoneda, y luego utilizar esa criptomoneda para comprar Lox Network Coin en un exchange que la acepte.<\/p>\n\n\n\n<h2 class=\"wp-block-heading\">Resumen de Lox Network Coin <\/h2>\n\n\n\n<p>El equipo de Lox Network cre\u00f3 la criptomoneda conocida como Lox Network Coin. La red descentralizada de Lox Network permite a las personas producir, distribuir y ganar dinero con sus propios podcasts, pel\u00edculas y m\u00fasica. Lox Network Coin, que se puede comprar, vender e intercambiar en una serie de exchanges, se utiliza para acelerar las transacciones en la red. <\/p>\n\n\n\n<h2 class=\"wp-block-heading\"> Razones para comprar Lox Network Coin con American Express <\/h2>\n\n\n\n<p>Puede haber varias razones por las que quieras comprar Lox Network Coin con una tarjeta American Express. En primer lugar, American Express es un proveedor de tarjetas de cr\u00e9dito confiable y respetado, por lo que puedes comprar con confianza. En segundo lugar, si prefieres utilizar tarjetas de cr\u00e9dito para las compras en l\u00ednea, comprar Lox Network Coin con una tarjeta American Express puede ser m\u00e1s f\u00e1cil para ti. Por \u00faltimo, utilizar una tarjeta American Express para comprar Lox Network Coin puede ser una decisi\u00f3n acertada para diversificar tu cartera de inversiones y posiblemente obtener beneficios a trav\u00e9s del trading o la retenci\u00f3n de la moneda. <\/p>\n\n\n\n<h2 class=\"wp-block-heading\">C\u00f3mo comprar Lox Network Coin usando American Express, instrucciones paso a paso<\/h2>\n\n\n\n<p><strong>Los siguientes pasos le mostrar\u00e1n c\u00f3mo comprar Lox Network Coin con una tarjeta American Express:<\/strong><\/p>\n\n\n\n<ol><li><strong>Encuentre un exchange de criptomonedas que acepte American Express: <\/strong>Coinbase y Bitpanda son solo un par de los exchanges que le permiten comprar Bitcoin u otras criptomonedas usando una tarjeta American Express. Sin embargo, es crucial que realice su propia investigaci\u00f3n y elija un exchange que satisfaga sus demandas y sea confiable y seguro.<br><br><\/li><li><strong>Cree un perfil: <\/strong>Cree una cuenta en el exchange de su elecci\u00f3n, luego siga las instrucciones para vincular su tarjeta American Express y verificar su identificaci\u00f3n.<br><br><\/li><li><strong>Compre Bitcoin u otra criptomoneda: <\/strong>Despu\u00e9s de configurar su cuenta, puede comprar Bitcoin o cualquier criptomoneda que el exchange admita con su tarjeta American Express.<br><br><\/li><li>Transfiera su criptomoneda a otro exchange: Debe transferir su Bitcoin u otra criptomoneda a un exchange que acepte Lox Network Coin para poder comprarlo. Lox Network Coin est\u00e1 disponible en varios exchanges, incluidos Binance y KuCoin.<br><br><\/li><li><strong>Compre Lox Network Coin: <\/strong>Despu\u00e9s de transferir su criptomoneda al exchange, puede usarla para solicitar Lox Network Coin a trav\u00e9s de la plataforma de negociaci\u00f3n del exchange.<\/li><\/ol>\n\n\n\n<figure class=\"wp-block-embed is-type-video is-provider-youtube wp-block-embed-youtube wp-embed-aspect-16-9 wp-has-aspect-ratio\"><div class=\"wp-block-embed__wrapper\">\n<iframe title=\"LOX (XRPL) NETWORK - UNITING THE WORLDS WIRLESS DEVICE INFRASTRUCTURE\" width=\"800\" height=\"450\" src=\"https:\/\/www.youtube.com\/embed\/iigwiKzFYgk?start=44&#038;feature=oembed\" frameborder=\"0\" allow=\"accelerometer; autoplay; clipboard-write; encrypted-media; gyroscope; picture-in-picture; web-share\" allowfullscreen><\/iframe>\n<\/div><\/figure>\n\n\n\n<h2 class=\"wp-block-heading\">Desventajas de utilizar una American Express para comprar Lox Network Coin<\/h2>\n\n\n\n<p>Aunque la compra de Lox Network Coin con una tarjeta American Express puede ser un proceso sencillo y seguro, hay ciertas desventajas a tener en cuenta. En primer lugar, sus opciones pueden ser limitadas ya que no todas las bolsas aceptan American Express. En segundo lugar, los costos asociados con el uso de American Express pueden aumentar el precio de compra de Lox Network Coin. Por \u00faltimo, los cambios futuros en las directrices de compra de criptomonedas de American Express pueden afectar a su capacidad para utilizar la tarjeta para comprar Lox Network Coin.<\/p>\n\n\n\n<h2 class=\"wp-block-heading\">Conclusi\u00f3n<\/h2>\n\n\n\n<p>En conclusi\u00f3n, aunque la compra directa de Lox Network Coin con una tarjeta American Express no est\u00e1 disponible actualmente, puede comprar Bitcoin u otra criptomoneda con su tarjeta American Express y luego utilizar esa criptomoneda para comprar Lox Network Coin en una bolsa que la acepte. Antes de realizar una compra, es crucial llevar a cabo una investigaci\u00f3n exhaustiva, evaluar las bolsas y tener en cuenta cualquier posible desventaja.<\/p>\n\n\n\n<!-- Page-list plugin v.5.9 wordpress.org\/plugins\/page-list\/ -->\n<ul class=\"page-list siblings-page-list \">\n<li class=\"page_item page-item-21149\"><a href=\"https:\/\/allin1bitcoins.com\/es\/crypto\/lox-network\/switzerland\/\">C\u00f3mo Comprar La Moneda De La Red Lox (LOX) En Suiza<\/a><\/li>\n<li class=\"page_item page-item-21060\"><a href=\"https:\/\/allin1bitcoins.com\/es\/crypto\/lox-network\/credit-card\/\">C\u00f3mo Comprar Lox Network (LOX) Con Una Tarjeta De Cr\u00e9dito<\/a><\/li>\n<li class=\"page_item page-item-21137\"><a href=\"https:\/\/allin1bitcoins.com\/es\/crypto\/lox-network\/canada\/\">C\u00f3mo Comprar Lox Network (LOX) En Canada<\/a><\/li>\n<li class=\"page_item page-item-21116\"><a href=\"https:\/\/allin1bitcoins.com\/es\/crypto\/lox-network\/united-kingdom\/\">C\u00f3mo Comprar Lox Network (LOX) En El Reino Unido<\/a><\/li>\n<li class=\"page_item page-item-21126\"><a href=\"https:\/\/allin1bitcoins.com\/es\/crypto\/lox-network\/united-states\/\">C\u00f3mo Comprar Lox Network (LOX) En Los Estados Unidos<\/a><\/li>\n<li class=\"page_item page-item-21080\"><a href=\"https:\/\/allin1bitcoins.com\/es\/crypto\/lox-network\/american-express\/\">C\u00f3mo Comprar Lox Network Coin (LOX) Con American Express<\/a><\/li>\n<li class=\"page_item page-item-21107\"><a href=\"https:\/\/allin1bitcoins.com\/es\/crypto\/lox-network\/paypal\/\">C\u00f3mo Comprar Lox Network Coin (LOX) Con Paypal<\/a><\/li>\n<li class=\"page_item page-item-21094\"><a href=\"https:\/\/allin1bitcoins.com\/es\/crypto\/lox-network\/debit-card\/\">C\u00f3mo Comprar Lox Network Coin (LOX) Con Una Tarjeta De D\u00e9bito<\/a><\/li>\n\n<\/ul>\n","protected":false},"excerpt":{"rendered":"<p>Desafortunadamente, en la actualidad no es posible utilizar una tarjeta American Express para comprar directamente Lox Network Coin. Sin embargo, puedes utilizar tu tarjeta American Express para comprar Bitcoin u otra criptomoneda, y luego utilizar esa criptomoneda para comprar Lox Network Coin en un exchange que la acepte. Resumen de Lox Network Coin El equipo&#8230;<\/p>\n","protected":false},"author":5,"featured_media":14244,"parent":21048,"menu_order":0,"comment_status":"closed","ping_status":"closed","template":"","meta":{"cybocfi_hide_featured_image":"","footnotes":""},"acf":[],"yoast_head":"<!-- This site is optimized with the Yoast SEO plugin v21.7 - https:\/\/yoast.com\/wordpress\/plugins\/seo\/ -->\n<title>C\u00f3mo Comprar Lox Network Coin (LOX) Con American Express<\/title>\n<meta name=\"description\" content=\"La red Lox es una red descentralizada que permite a las personas producir, distribuir y ganar dinero con sus propios podcasts.\" \/>\n<meta name=\"robots\" content=\"index, follow, max-snippet:-1, max-image-preview:large, max-video-preview:-1\" \/>\n<link rel=\"canonical\" href=\"https:\/\/allin1bitcoins.com\/es\/crypto\/lox-network\/american-express\/\" \/>\n<meta property=\"og:locale\" content=\"es_ES\" \/>\n<meta property=\"og:type\" content=\"article\" \/>\n<meta property=\"og:title\" content=\"C\u00f3mo Comprar Lox Network Coin (LOX) Con American Express\" \/>\n<meta property=\"og:description\" content=\"La red Lox es una red descentralizada que permite a las personas producir, distribuir y ganar dinero con sus propios podcasts.\" \/>\n<meta property=\"og:url\" content=\"https:\/\/allin1bitcoins.com\/es\/crypto\/lox-network\/american-express\/\" \/>\n<meta property=\"og:site_name\" content=\"Allin1Bitcoins\" \/>\n<meta property=\"article:modified_time\" content=\"2023-02-12T16:50:54+00:00\" \/>\n<meta property=\"og:image\" content=\"https:\/\/allin1bitcoins.com\/wp-content\/uploads\/2023\/01\/American_Express_Centurion_Card_front.jpg\" \/>\n\t<meta property=\"og:image:width\" content=\"1600\" \/>\n\t<meta property=\"og:image:height\" content=\"1200\" \/>\n\t<meta property=\"og:image:type\" content=\"image\/jpeg\" \/>\n<meta name=\"twitter:card\" content=\"summary_large_image\" \/>\n<meta name=\"twitter:label1\" content=\"Est. reading time\" \/>\n\t<meta name=\"twitter:data1\" content=\"3 minutes\" \/>\n<!-- \/ Yoast SEO plugin. -->","yoast_head_json":{"title":"C\u00f3mo Comprar Lox Network Coin (LOX) Con American Express","description":"La red Lox es una red descentralizada que permite a las personas producir, distribuir y ganar dinero con sus propios podcasts.","robots":{"index":"index","follow":"follow","max-snippet":"max-snippet:-1","max-image-preview":"max-image-preview:large","max-video-preview":"max-video-preview:-1"},"canonical":"https:\/\/allin1bitcoins.com\/es\/crypto\/lox-network\/american-express\/","og_locale":"es_ES","og_type":"article","og_title":"C\u00f3mo Comprar Lox Network Coin (LOX) Con American Express","og_description":"La red Lox es una red descentralizada que permite a las personas producir, distribuir y ganar dinero con sus propios podcasts.","og_url":"https:\/\/allin1bitcoins.com\/es\/crypto\/lox-network\/american-express\/","og_site_name":"Allin1Bitcoins","article_modified_time":"2023-02-12T16:50:54+00:00","og_image":[{"width":1600,"height":1200,"url":"https:\/\/allin1bitcoins.com\/wp-content\/uploads\/2023\/01\/American_Express_Centurion_Card_front.jpg","type":"image\/jpeg"}],"twitter_card":"summary_large_image","twitter_misc":{"Est. reading time":"3 minutes"},"schema":{"@context":"https:\/\/schema.org","@graph":[{"@type":"WebPage","@id":"https:\/\/allin1bitcoins.com\/es\/crypto\/lox-network\/american-express\/","url":"https:\/\/allin1bitcoins.com\/es\/crypto\/lox-network\/american-express\/","name":"C\u00f3mo Comprar Lox Network Coin (LOX) Con American Express","isPartOf":{"@id":"https:\/\/allin1bitcoins.com\/es\/#website"},"datePublished":"2023-02-12T16:50:48+00:00","dateModified":"2023-02-12T16:50:54+00:00","description":"La red Lox es una red descentralizada que permite a las personas producir, distribuir y ganar dinero con sus propios podcasts.","breadcrumb":{"@id":"https:\/\/allin1bitcoins.com\/es\/crypto\/lox-network\/american-express\/#breadcrumb"},"inLanguage":"es","potentialAction":[{"@type":"ReadAction","target":["https:\/\/allin1bitcoins.com\/es\/crypto\/lox-network\/american-express\/"]}]},{"@type":"BreadcrumbList","@id":"https:\/\/allin1bitcoins.com\/es\/crypto\/lox-network\/american-express\/#breadcrumb","itemListElement":[{"@type":"ListItem","position":1,"name":"Home","item":"https:\/\/allin1bitcoins.com\/es\/"},{"@type":"ListItem","position":2,"name":"Cripto","item":"https:\/\/allin1bitcoins.com\/es\/crypto\/"},{"@type":"ListItem","position":3,"name":"C\u00f3mo Comprar La Red Lox (LOX) &#8211; Gu\u00eda Paso A Paso De","item":"https:\/\/allin1bitcoins.com\/es\/crypto\/lox-network\/"},{"@type":"ListItem","position":4,"name":"C\u00f3mo Comprar Lox Network Coin (LOX) Con American Express"}]},{"@type":"WebSite","@id":"https:\/\/allin1bitcoins.com\/es\/#website","url":"https:\/\/allin1bitcoins.com\/es\/","name":"Allin1Bitcoins","description":"","publisher":{"@id":"https:\/\/allin1bitcoins.com\/es\/#organization"},"potentialAction":[{"@type":"SearchAction","target":{"@type":"EntryPoint","urlTemplate":"https:\/\/allin1bitcoins.com\/es\/?s={search_term_string}"},"query-input":"required name=search_term_string"}],"inLanguage":"es"},{"@type":"Organization","@id":"https:\/\/allin1bitcoins.com\/es\/#organization","name":"allin1bitcoins","url":"https:\/\/allin1bitcoins.com\/es\/","logo":{"@type":"ImageObject","inLanguage":"es","@id":"https:\/\/allin1bitcoins.com\/es\/#\/schema\/logo\/image\/","url":"https:\/\/allin1bitcoins.com\/wp-content\/uploads\/2019\/01\/logo-new.png","contentUrl":"https:\/\/allin1bitcoins.com\/wp-content\/uploads\/2019\/01\/logo-new.png","width":178,"height":71,"caption":"allin1bitcoins"},"image":{"@id":"https:\/\/allin1bitcoins.com\/es\/#\/schema\/logo\/image\/"}}]}},"_links":{"self":[{"href":"https:\/\/allin1bitcoins.com\/es\/wp-json\/wp\/v2\/pages\/21080"}],"collection":[{"href":"https:\/\/allin1bitcoins.com\/es\/wp-json\/wp\/v2\/pages"}],"about":[{"href":"https:\/\/allin1bitcoins.com\/es\/wp-json\/wp\/v2\/types\/page"}],"author":[{"embeddable":true,"href":"https:\/\/allin1bitcoins.com\/es\/wp-json\/wp\/v2\/users\/5"}],"replies":[{"embeddable":true,"href":"https:\/\/allin1bitcoins.com\/es\/wp-json\/wp\/v2\/comments?post=21080"}],"version-history":[{"count":1,"href":"https:\/\/allin1bitcoins.com\/es\/wp-json\/wp\/v2\/pages\/21080\/revisions"}],"predecessor-version":[{"id":21084,"href":"https:\/\/allin1bitcoins.com\/es\/wp-json\/wp\/v2\/pages\/21080\/revisions\/21084"}],"up":[{"embeddable":true,"href":"https:\/\/allin1bitcoins.com\/es\/wp-json\/wp\/v2\/pages\/21048"}],"wp:featuredmedia":[{"embeddable":true,"href":"https:\/\/allin1bitcoins.com\/es\/wp-json\/wp\/v2\/media\/14244"}],"wp:attachment":[{"href":"https:\/\/allin1bitcoins.com\/es\/wp-json\/wp\/v2\/media?parent=21080"}],"curies":[{"name":"wp","href":"https:\/\/api.w.org\/{rel}","templated":true}]}}