{"id":21107,"date":"2023-02-13T05:48:35","date_gmt":"2023-02-13T05:48:35","guid":{"rendered":"https:\/\/allin1bitcoins.com\/?page_id=21107"},"modified":"2023-02-13T05:48:37","modified_gmt":"2023-02-13T05:48:37","slug":"paypal","status":"publish","type":"page","link":"https:\/\/allin1bitcoins.com\/es\/crypto\/lox-network\/paypal\/","title":{"rendered":"C\u00f3mo Comprar Lox Network Coin (LOX) Con Paypal"},"content":{"rendered":"\n<p>Desafortunadamente, usar una cuenta de Paypal para comprar directamente Lox Network Coin no es una opci\u00f3n actualmente. Por otro lado, puede usar Paypal para comprar Bitcoin u otra criptomoneda, y luego usar esa criptomoneda para comprar Lox Network Coin en una bolsa que la acepte.<\/p>\n\n\n\n<h2 class=\"wp-block-heading\">Resumen de la moneda Lox Network<\/h2>\n\n\n\n<p>El equipo de Lox Network cre\u00f3 la criptomoneda conocida como Lox Network Coin. La Red Lox es una red descentralizada que permite a las personas producir, distribuir y ganar dinero con sus propios podcasts, pel\u00edculas y m\u00fasica. La moneda Lox Network, que se puede comprar, vender y intercambiar en varias bolsas, se utiliza para acelerar las transacciones en la red.<\/p>\n\n\n\n<h2 class=\"wp-block-heading\">Por qu\u00e9 querr\u00edas comprar Lox Network Coin usando Paypal<\/h2>\n\n\n\n<p>Podr\u00edas querer comprar Lox Network Coin usando una cuenta de Paypal por varias razones. En primer lugar, Paypal es una opci\u00f3n de pago popular y segura, lo que la hace una elecci\u00f3n deseable para aquellos que no est\u00e1n familiarizados con las criptomonedas o est\u00e1n buscando un medio pr\u00e1ctico para comprarlas. En segundo lugar, comprar Lox Network Coin a trav\u00e9s de Paypal te permite aprovechar cualquier promoci\u00f3n o oferta especial que la bolsa o el equipo de Lox Network puedan estar haciendo. Por \u00faltimo, pero no menos importante, comprar Lox Network Coin con Paypal puede ser una estrategia sabia para diversificar su cartera de inversiones y posiblemente ganar dinero vendiendo o reteniendo la moneda.<\/p>\n\n\n\n<figure class=\"wp-block-embed is-type-video is-provider-youtube wp-block-embed-youtube wp-embed-aspect-16-9 wp-has-aspect-ratio\"><div class=\"wp-block-embed__wrapper\">\n<iframe title=\"How to buy crypto with Paypal | Step by Step\" width=\"800\" height=\"450\" src=\"https:\/\/www.youtube.com\/embed\/TOBstLOcwlY?feature=oembed\" frameborder=\"0\" allow=\"accelerometer; autoplay; clipboard-write; encrypted-media; gyroscope; picture-in-picture; web-share\" allowfullscreen><\/iframe>\n<\/div><\/figure>\n\n\n\n<h2 class=\"wp-block-heading\">Instrucciones detalladas sobre c\u00f3mo comprar Lox Network Coin usando Paypal<\/h2>\n\n\n\n<p><strong>Lo siguiente describe c\u00f3mo comprar la moneda Lox Network usando una cuenta de Paypal paso a paso:<\/strong><\/p>\n\n\n\n<ol><li>Localizar un mercado que acepte PayPal: Puedes comprar Bitcoin y otras criptomonedas con Paypal en varios intercambios, incluyendo Coinbase y Paxful. Sin embargo, es crucial realizar tu propia investigaci\u00f3n y elegir un intercambio que satisfaga tus demandas al mismo tiempo que sea confiable y seguro.<br><br><\/li><li>Crear un perfil: Crea una cuenta en el intercambio de tu elecci\u00f3n, luego siga las instrucciones en pantalla para vincular tu cuenta de Paypal y probar tu identificaci\u00f3n.<br><br><\/li><li>Comprando bitcoins u otras criptomonedas: Despu\u00e9s de crear una cuenta, puedes usar Paypal para comprar Bitcoin u otra criptomoneda que el intercambio admita.<br><br><\/li><li>Transferir tu criptomoneda a un intercambio diferente: Debes transferir tu Bitcoin u otra criptomoneda a un intercambio que acepte Lox Network Coin para comprarla. La moneda Lox Network est\u00e1 disponible en varios intercambios, incluyendo Binance y KuCoin.<br><br><\/li><li>Compra de Lox Network Coin: Puedes usar tu criptomoneda para comprar Lox Network Coin colocando una orden en el sitio de comercio del intercambio despu\u00e9s de haberla transferido al intercambio.<\/li><\/ol>\n\n\n\n<h2 class=\"wp-block-heading\">Desventajas de usar Paypal para comprar Lox Network Coin<\/h2>\n\n\n\n<p>Sin embargo, puedes usar Paypal para comprar Bitcoin u otra criptomoneda, y luego usar esa criptomoneda para comprar Lox Network Coin en una bolsa de valores que la admita, aunque actualmente no sea posible comprar Lox Network Coin directamente con una cuenta de Paypal. Antes de realizar una compra, es crucial realizar una investigaci\u00f3n exhaustiva, evaluar las bolsas de valores y tener en cuenta cualquier desventaja potencial.<\/p>\n\n\n\n<h2 class=\"wp-block-heading\">Conclusi\u00f3n<\/h2>\n\n\n\n<p>Sin embargo, puedes usar Paypal para comprar Bitcoin o otra criptomoneda, y luego usar esa criptomoneda para comprar Lox Network Coin en una bolsa de valores que la admita, aunque actualmente no sea posible comprar Lox Network Coin directamente con una cuenta de Paypal. Antes de realizar una compra, es crucial realizar una investigaci\u00f3n exhaustiva, evaluar las bolsas de valores y tener en cuenta cualquier desventaja potencial.<\/p>\n\n\n\n<!-- Page-list plugin v.5.9 wordpress.org\/plugins\/page-list\/ -->\n<ul class=\"page-list siblings-page-list \">\n<li class=\"page_item page-item-21149\"><a href=\"https:\/\/allin1bitcoins.com\/es\/crypto\/lox-network\/switzerland\/\">C\u00f3mo Comprar La Moneda De La Red Lox (LOX) En Suiza<\/a><\/li>\n<li class=\"page_item page-item-21060\"><a href=\"https:\/\/allin1bitcoins.com\/es\/crypto\/lox-network\/credit-card\/\">C\u00f3mo Comprar Lox Network (LOX) Con Una Tarjeta De Cr\u00e9dito<\/a><\/li>\n<li class=\"page_item page-item-21137\"><a href=\"https:\/\/allin1bitcoins.com\/es\/crypto\/lox-network\/canada\/\">C\u00f3mo Comprar Lox Network (LOX) En Canada<\/a><\/li>\n<li class=\"page_item page-item-21116\"><a href=\"https:\/\/allin1bitcoins.com\/es\/crypto\/lox-network\/united-kingdom\/\">C\u00f3mo Comprar Lox Network (LOX) En El Reino Unido<\/a><\/li>\n<li class=\"page_item page-item-21126\"><a href=\"https:\/\/allin1bitcoins.com\/es\/crypto\/lox-network\/united-states\/\">C\u00f3mo Comprar Lox Network (LOX) En Los Estados Unidos<\/a><\/li>\n<li class=\"page_item page-item-21080\"><a href=\"https:\/\/allin1bitcoins.com\/es\/crypto\/lox-network\/american-express\/\">C\u00f3mo Comprar Lox Network Coin (LOX) Con American Express<\/a><\/li>\n<li class=\"page_item page-item-21107\"><a href=\"https:\/\/allin1bitcoins.com\/es\/crypto\/lox-network\/paypal\/\">C\u00f3mo Comprar Lox Network Coin (LOX) Con Paypal<\/a><\/li>\n<li class=\"page_item page-item-21094\"><a href=\"https:\/\/allin1bitcoins.com\/es\/crypto\/lox-network\/debit-card\/\">C\u00f3mo Comprar Lox Network Coin (LOX) Con Una Tarjeta De D\u00e9bito<\/a><\/li>\n\n<\/ul>\n","protected":false},"excerpt":{"rendered":"<p>Desafortunadamente, usar una cuenta de Paypal para comprar directamente Lox Network Coin no es una opci\u00f3n actualmente. Por otro lado, puede usar Paypal para comprar Bitcoin u otra criptomoneda, y luego usar esa criptomoneda para comprar Lox Network Coin en una bolsa que la acepte. Resumen de la moneda Lox Network El equipo de Lox&#8230;<\/p>\n","protected":false},"author":5,"featured_media":14382,"parent":21048,"menu_order":0,"comment_status":"closed","ping_status":"closed","template":"","meta":{"cybocfi_hide_featured_image":"","footnotes":""},"acf":[],"yoast_head":"<!-- This site is optimized with the Yoast SEO plugin v21.7 - https:\/\/yoast.com\/wordpress\/plugins\/seo\/ -->\n<title>C\u00f3mo Comprar Lox Network Coin (LOX) Con Paypal - Allin1Bitcoins<\/title>\n<meta name=\"description\" content=\"Utilice Paypal para comprar criptomoneda, luego use esa criptomoneda para comprar Lox Network Coin en una bolsa que lo acepte.\" \/>\n<meta name=\"robots\" content=\"index, follow, max-snippet:-1, max-image-preview:large, max-video-preview:-1\" \/>\n<link rel=\"canonical\" href=\"https:\/\/allin1bitcoins.com\/es\/crypto\/lox-network\/paypal\/\" \/>\n<meta property=\"og:locale\" content=\"es_ES\" \/>\n<meta property=\"og:type\" content=\"article\" \/>\n<meta property=\"og:title\" content=\"C\u00f3mo Comprar Lox Network Coin (LOX) Con Paypal - Allin1Bitcoins\" \/>\n<meta property=\"og:description\" content=\"Utilice Paypal para comprar criptomoneda, luego use esa criptomoneda para comprar Lox Network Coin en una bolsa que lo acepte.\" \/>\n<meta property=\"og:url\" content=\"https:\/\/allin1bitcoins.com\/es\/crypto\/lox-network\/paypal\/\" \/>\n<meta property=\"og:site_name\" content=\"Allin1Bitcoins\" \/>\n<meta property=\"article:modified_time\" content=\"2023-02-13T05:48:37+00:00\" \/>\n<meta property=\"og:image\" content=\"https:\/\/allin1bitcoins.com\/wp-content\/uploads\/2023\/01\/pppp.png\" \/>\n\t<meta property=\"og:image:width\" content=\"238\" \/>\n\t<meta property=\"og:image:height\" content=\"212\" \/>\n\t<meta property=\"og:image:type\" content=\"image\/png\" \/>\n<meta name=\"twitter:card\" content=\"summary_large_image\" \/>\n<meta name=\"twitter:label1\" content=\"Est. reading time\" \/>\n\t<meta name=\"twitter:data1\" content=\"3 minutes\" \/>\n<!-- \/ Yoast SEO plugin. -->","yoast_head_json":{"title":"C\u00f3mo Comprar Lox Network Coin (LOX) Con Paypal - Allin1Bitcoins","description":"Utilice Paypal para comprar criptomoneda, luego use esa criptomoneda para comprar Lox Network Coin en una bolsa que lo acepte.","robots":{"index":"index","follow":"follow","max-snippet":"max-snippet:-1","max-image-preview":"max-image-preview:large","max-video-preview":"max-video-preview:-1"},"canonical":"https:\/\/allin1bitcoins.com\/es\/crypto\/lox-network\/paypal\/","og_locale":"es_ES","og_type":"article","og_title":"C\u00f3mo Comprar Lox Network Coin (LOX) Con Paypal - Allin1Bitcoins","og_description":"Utilice Paypal para comprar criptomoneda, luego use esa criptomoneda para comprar Lox Network Coin en una bolsa que lo acepte.","og_url":"https:\/\/allin1bitcoins.com\/es\/crypto\/lox-network\/paypal\/","og_site_name":"Allin1Bitcoins","article_modified_time":"2023-02-13T05:48:37+00:00","og_image":[{"width":238,"height":212,"url":"https:\/\/allin1bitcoins.com\/wp-content\/uploads\/2023\/01\/pppp.png","type":"image\/png"}],"twitter_card":"summary_large_image","twitter_misc":{"Est. reading time":"3 minutes"},"schema":{"@context":"https:\/\/schema.org","@graph":[{"@type":"WebPage","@id":"https:\/\/allin1bitcoins.com\/es\/crypto\/lox-network\/paypal\/","url":"https:\/\/allin1bitcoins.com\/es\/crypto\/lox-network\/paypal\/","name":"C\u00f3mo Comprar Lox Network Coin (LOX) Con Paypal - Allin1Bitcoins","isPartOf":{"@id":"https:\/\/allin1bitcoins.com\/es\/#website"},"datePublished":"2023-02-13T05:48:35+00:00","dateModified":"2023-02-13T05:48:37+00:00","description":"Utilice Paypal para comprar criptomoneda, luego use esa criptomoneda para comprar Lox Network Coin en una bolsa que lo acepte.","breadcrumb":{"@id":"https:\/\/allin1bitcoins.com\/es\/crypto\/lox-network\/paypal\/#breadcrumb"},"inLanguage":"es","potentialAction":[{"@type":"ReadAction","target":["https:\/\/allin1bitcoins.com\/es\/crypto\/lox-network\/paypal\/"]}]},{"@type":"BreadcrumbList","@id":"https:\/\/allin1bitcoins.com\/es\/crypto\/lox-network\/paypal\/#breadcrumb","itemListElement":[{"@type":"ListItem","position":1,"name":"Home","item":"https:\/\/allin1bitcoins.com\/es\/"},{"@type":"ListItem","position":2,"name":"Cripto","item":"https:\/\/allin1bitcoins.com\/es\/crypto\/"},{"@type":"ListItem","position":3,"name":"C\u00f3mo Comprar La Red Lox (LOX) &#8211; Gu\u00eda Paso A Paso De","item":"https:\/\/allin1bitcoins.com\/es\/crypto\/lox-network\/"},{"@type":"ListItem","position":4,"name":"C\u00f3mo Comprar Lox Network Coin (LOX) Con Paypal"}]},{"@type":"WebSite","@id":"https:\/\/allin1bitcoins.com\/es\/#website","url":"https:\/\/allin1bitcoins.com\/es\/","name":"Allin1Bitcoins","description":"","publisher":{"@id":"https:\/\/allin1bitcoins.com\/es\/#organization"},"potentialAction":[{"@type":"SearchAction","target":{"@type":"EntryPoint","urlTemplate":"https:\/\/allin1bitcoins.com\/es\/?s={search_term_string}"},"query-input":"required name=search_term_string"}],"inLanguage":"es"},{"@type":"Organization","@id":"https:\/\/allin1bitcoins.com\/es\/#organization","name":"allin1bitcoins","url":"https:\/\/allin1bitcoins.com\/es\/","logo":{"@type":"ImageObject","inLanguage":"es","@id":"https:\/\/allin1bitcoins.com\/es\/#\/schema\/logo\/image\/","url":"https:\/\/allin1bitcoins.com\/wp-content\/uploads\/2019\/01\/logo-new.png","contentUrl":"https:\/\/allin1bitcoins.com\/wp-content\/uploads\/2019\/01\/logo-new.png","width":178,"height":71,"caption":"allin1bitcoins"},"image":{"@id":"https:\/\/allin1bitcoins.com\/es\/#\/schema\/logo\/image\/"}}]}},"_links":{"self":[{"href":"https:\/\/allin1bitcoins.com\/es\/wp-json\/wp\/v2\/pages\/21107"}],"collection":[{"href":"https:\/\/allin1bitcoins.com\/es\/wp-json\/wp\/v2\/pages"}],"about":[{"href":"https:\/\/allin1bitcoins.com\/es\/wp-json\/wp\/v2\/types\/page"}],"author":[{"embeddable":true,"href":"https:\/\/allin1bitcoins.com\/es\/wp-json\/wp\/v2\/users\/5"}],"replies":[{"embeddable":true,"href":"https:\/\/allin1bitcoins.com\/es\/wp-json\/wp\/v2\/comments?post=21107"}],"version-history":[{"count":1,"href":"https:\/\/allin1bitcoins.com\/es\/wp-json\/wp\/v2\/pages\/21107\/revisions"}],"predecessor-version":[{"id":21109,"href":"https:\/\/allin1bitcoins.com\/es\/wp-json\/wp\/v2\/pages\/21107\/revisions\/21109"}],"up":[{"embeddable":true,"href":"https:\/\/allin1bitcoins.com\/es\/wp-json\/wp\/v2\/pages\/21048"}],"wp:featuredmedia":[{"embeddable":true,"href":"https:\/\/allin1bitcoins.com\/es\/wp-json\/wp\/v2\/media\/14382"}],"wp:attachment":[{"href":"https:\/\/allin1bitcoins.com\/es\/wp-json\/wp\/v2\/media?parent=21107"}],"curies":[{"name":"wp","href":"https:\/\/api.w.org\/{rel}","templated":true}]}}