{"id":21137,"date":"2023-02-13T07:19:38","date_gmt":"2023-02-13T07:19:38","guid":{"rendered":"https:\/\/allin1bitcoins.com\/?page_id=21137"},"modified":"2023-02-13T07:19:41","modified_gmt":"2023-02-13T07:19:41","slug":"canada","status":"publish","type":"page","link":"https:\/\/allin1bitcoins.com\/es\/crypto\/lox-network\/canada\/","title":{"rendered":"C\u00f3mo Comprar Lox Network (LOX) En Canada"},"content":{"rendered":"\n<p>Si est\u00e1 buscando comprar la moneda Lox Network en Canad\u00e1, la forma m\u00e1s f\u00e1cil es usar una plataforma de criptomonedas que admita Lox Network Coin. El proceso implica crear una cuenta en la plataforma, verificar su identidad y luego comprar Lox Network Coin usando una tarjeta de cr\u00e9dito o transferencia bancaria.<\/p>\n\n\n\n<h2 class=\"wp-block-heading\">Resumen de la moneda Lox Network Coin<\/h2>\n\n\n\n<p>Lox Network Coin es una criptomoneda que fue lanzada en 2021. Se basa en la cadena de bloques Ethereum y utiliza el est\u00e1ndar de token ERC-20. Lox Network Coin se desarroll\u00f3 para ser utilizado como un medio de intercambio en la Red Lox, un mercado descentralizado que permite a los usuarios comprar y vender bienes y servicios usando Lox Network Coin.<\/p>\n\n\n\n<h2 class=\"wp-block-heading\">Beneficios de comprar Lox Network Coin<\/h2>\n\n\n\n<p><strong>Hay varios beneficuentos al comprar Lox Network Coin, incluyendo:<\/strong><\/p>\n\n\n\n<ul><li><strong>Descentralizaci\u00f3n: <\/strong>Lox Network Coin se basa en la cadena de bloques Ethereum, que es descentralizada, lo que significa que no es controlada por ninguna entidad \u00fanica. Esto lo hace resistente a la censura e interferencia, y le da a los usuarios m\u00e1s control sobre sus activos.<br><br><\/li><li><strong>Seguridad: <\/strong>La cadena de bloques Ethereum usa criptograf\u00eda avanzada para asegurar transacciones, lo que dificulta que los hackers roben fondos o manipulen la red.<br><br><\/li><li><strong>Bajas tarifas: <\/strong>Las transacciones con Lox Network Coin tienen tarifas bajas en comparaci\u00f3n con los m\u00e9todos de pago tradicionales, como tarjetas de cr\u00e9dito o transferencias bancarias.<br><br><\/li><li><strong>Acceso a la Red Lox:<\/strong> Al poseer Lox Network Coin, tendr\u00e1s acceso a la Red Lox y podr\u00e1s comprar y vender bienes y servicios usando la criptomoneda.<\/li><\/ul>\n\n\n\n<figure class=\"wp-block-embed is-type-video is-provider-youtube wp-block-embed-youtube wp-embed-aspect-16-9 wp-has-aspect-ratio\"><div class=\"wp-block-embed__wrapper\">\n<iframe title=\"LOX (XRPL) NETWORK - UNITING THE WORLDS WIRLESS DEVICE INFRASTRUCTURE\" width=\"800\" height=\"450\" src=\"https:\/\/www.youtube.com\/embed\/iigwiKzFYgk?feature=oembed\" frameborder=\"0\" allow=\"accelerometer; autoplay; clipboard-write; encrypted-media; gyroscope; picture-in-picture; web-share\" allowfullscreen><\/iframe>\n<\/div><\/figure>\n\n\n\n<p><br><\/p>\n\n\n\n<h2 class=\"wp-block-heading\">Comprar Lox Network Coin en Canad\u00e1: tutorial paso a paso<\/h2>\n\n\n\n<ol><li><strong>Encuentra una exchange de criptomonedas que admita Lox Network Coin: <\/strong>el primer paso para comprar Lox Network Coin es encontrar una exchange de criptomonedas que admita la moneda. Algunas exchanges populares que admiten Lox Network Coin incluyen Binance, Coinbase y Kraken.<br><br><\/li><li><strong>Crea una cuenta en la exchange: <\/strong>una vez que hayas encontrado una exchange que admita Lox Network Coin, necesitar\u00e1s crear una cuenta en la exchange. Esto generalmente implica proporcionar tu nombre, direcci\u00f3n de correo electr\u00f3nico y crear una contrase\u00f1a.<br><br><\/li><li><strong>Verifica tu identidad: <\/strong>la mayor\u00eda de las exchanges requieren que verifiques tu identidad antes de que puedas comprar criptomonedas. Esto generalmente implica subir una copia de tu identificaci\u00f3n o pasaporte emitido por el gobierno y potencialmente una selfie con la identificaci\u00f3n.<br><br><\/li><li><strong>Financia tu cuenta: <\/strong>una vez que tu identidad est\u00e9 verificada, necesitar\u00e1s financiar tu cuenta para poder comprar Lox Network Coin. Esto generalmente se puede hacer mediante una transferencia bancaria o una tarjeta de cr\u00e9dito.<br><br><\/li><li><strong>Compra Lox Network Coin:<\/strong> una vez que tu cuenta est\u00e9 financiada, puedes comprar Lox Network Coin navegando a la p\u00e1gina de negociaci\u00f3n de Lox Network Coin de la exchange y realizando una orden. Necesitar\u00e1s especificar la cantidad de Lox Network Coin que deseas comprar y el precio que est\u00e1s dispuesto a pagar.<\/li><\/ol>\n\n\n\n<h2 class=\"wp-block-heading\">Comprar Lox Network Coin en Canad\u00e1 y los impuestos<\/h2>\n\n\n\n<p><br>Si compras Lox Network Coin en Canad\u00e1, es posible que est\u00e9s sujeto a impuestos sobre tus ganancias. La Agencia de Ingresos de Canad\u00e1 (CRA) ha emitido orientaci\u00f3n sobre el tratamiento fiscal de las transacciones de criptomonedas, afirmando que pueden estar sujetas a impuestos sobre ganancias de capital. Las implicaciones fiscales espec\u00edficas depender\u00e1n de tus circunstancias individuales y pueden verse afectadas por factores como tu residencia fiscal, el tiempo que tengas Lox Network Coin y si est\u00e1s comprando la moneda para uso personal o empresarial. Se recomienda consultar con un profesional fiscal o con la CRA para obtener orientaci\u00f3n sobre tu situaci\u00f3n fiscal espec\u00edfica.<\/p>\n\n\n\n<h2 class=\"wp-block-heading\">Conclusi\u00f3n<\/h2>\n\n\n\n<p><br>Comprar Lox Network Coin en Canad\u00e1 es un proceso sencillo que se puede realizar a trav\u00e9s de una plataforma de criptomonedas siguiendo los pasos descritos en este art\u00edculo. Al crear una cuenta, verificar tu identidad y financiar tu cuenta, puedes comprar f\u00e1cilmente Lox Network Coin y comenzar a usarlo en la red Lox. Sin embargo, es importante tener en cuenta que la compra de Lox Network Coin en Canad\u00e1 puede tener implicaciones fiscales, y se recomienda consultar con un profesional fiscal o con la Agencia de Ingresos de Canad\u00e1 para obtener orientaci\u00f3n sobre tu situaci\u00f3n espec\u00edfica.<br>En conclusi\u00f3n, Lox Network Coin ofrece una forma \u00fanica y conveniente de comprar y vender bienes y servicios y puede ser una valiosa adici\u00f3n a tu cartera de inversiones. Aunque el proceso de comprar Lox Network Coin en Canad\u00e1 es relativamente sencillo, es importante considerar cuidadosamente las posibles implicaciones fiscales y buscar orientaci\u00f3n de un profesional fiscal antes de realizar cualquier compra. Al comprender los beneficuentos y los riesgos asociados con la compra de Lox Network Coin, puedes tomar decisiones informadas y potencialmente obtener rendimientos significativos en tu inversi\u00f3n.<\/p>\n\n\n\n<!-- Page-list plugin v.5.9 wordpress.org\/plugins\/page-list\/ -->\n<ul class=\"page-list siblings-page-list \">\n<li class=\"page_item page-item-21149\"><a href=\"https:\/\/allin1bitcoins.com\/es\/crypto\/lox-network\/switzerland\/\">C\u00f3mo Comprar La Moneda De La Red Lox (LOX) En Suiza<\/a><\/li>\n<li class=\"page_item page-item-21060\"><a href=\"https:\/\/allin1bitcoins.com\/es\/crypto\/lox-network\/credit-card\/\">C\u00f3mo Comprar Lox Network (LOX) Con Una Tarjeta De Cr\u00e9dito<\/a><\/li>\n<li class=\"page_item page-item-21137\"><a href=\"https:\/\/allin1bitcoins.com\/es\/crypto\/lox-network\/canada\/\">C\u00f3mo Comprar Lox Network (LOX) En Canada<\/a><\/li>\n<li class=\"page_item page-item-21116\"><a href=\"https:\/\/allin1bitcoins.com\/es\/crypto\/lox-network\/united-kingdom\/\">C\u00f3mo Comprar Lox Network (LOX) En El Reino Unido<\/a><\/li>\n<li class=\"page_item page-item-21126\"><a href=\"https:\/\/allin1bitcoins.com\/es\/crypto\/lox-network\/united-states\/\">C\u00f3mo Comprar Lox Network (LOX) En Los Estados Unidos<\/a><\/li>\n<li class=\"page_item page-item-21080\"><a href=\"https:\/\/allin1bitcoins.com\/es\/crypto\/lox-network\/american-express\/\">C\u00f3mo Comprar Lox Network Coin (LOX) Con American Express<\/a><\/li>\n<li class=\"page_item page-item-21107\"><a href=\"https:\/\/allin1bitcoins.com\/es\/crypto\/lox-network\/paypal\/\">C\u00f3mo Comprar Lox Network Coin (LOX) Con Paypal<\/a><\/li>\n<li class=\"page_item page-item-21094\"><a href=\"https:\/\/allin1bitcoins.com\/es\/crypto\/lox-network\/debit-card\/\">C\u00f3mo Comprar Lox Network Coin (LOX) Con Una Tarjeta De D\u00e9bito<\/a><\/li>\n\n<\/ul>\n","protected":false},"excerpt":{"rendered":"<p>Si est\u00e1 buscando comprar la moneda Lox Network en Canad\u00e1, la forma m\u00e1s f\u00e1cil es usar una plataforma de criptomonedas que admita Lox Network Coin. El proceso implica crear una cuenta en la plataforma, verificar su identidad y luego comprar Lox Network Coin usando una tarjeta de cr\u00e9dito o transferencia bancaria. Resumen de la moneda&#8230;<\/p>\n","protected":false},"author":5,"featured_media":14220,"parent":21048,"menu_order":0,"comment_status":"closed","ping_status":"closed","template":"","meta":{"cybocfi_hide_featured_image":"","footnotes":""},"acf":[],"yoast_head":"<!-- This site is optimized with the Yoast SEO plugin v21.7 - https:\/\/yoast.com\/wordpress\/plugins\/seo\/ -->\n<title>C\u00f3mo Comprar Lox Network (LOX) En Canada<\/title>\n<meta name=\"description\" content=\"Si est\u00e1s buscando comprar Lox Network Coin en Canad\u00e1, la forma m\u00e1s f\u00e1cil es usar una bolsa de criptomonedas que admita Lox Network Coin.\" \/>\n<meta name=\"robots\" content=\"index, follow, max-snippet:-1, max-image-preview:large, max-video-preview:-1\" \/>\n<link rel=\"canonical\" href=\"https:\/\/allin1bitcoins.com\/es\/crypto\/lox-network\/canada\/\" \/>\n<meta property=\"og:locale\" content=\"es_ES\" \/>\n<meta property=\"og:type\" content=\"article\" \/>\n<meta property=\"og:title\" content=\"C\u00f3mo Comprar Lox Network (LOX) En Canada\" \/>\n<meta property=\"og:description\" content=\"Si est\u00e1s buscando comprar Lox Network Coin en Canad\u00e1, la forma m\u00e1s f\u00e1cil es usar una bolsa de criptomonedas que admita Lox Network Coin.\" \/>\n<meta property=\"og:url\" content=\"https:\/\/allin1bitcoins.com\/es\/crypto\/lox-network\/canada\/\" \/>\n<meta property=\"og:site_name\" content=\"Allin1Bitcoins\" \/>\n<meta property=\"article:modified_time\" content=\"2023-02-13T07:19:41+00:00\" \/>\n<meta property=\"og:image\" content=\"https:\/\/allin1bitcoins.com\/wp-content\/uploads\/2023\/01\/praveen-kumar-nandagiri-O-1hOdIqQz0-unsplash.jpg\" \/>\n\t<meta property=\"og:image:width\" content=\"1920\" \/>\n\t<meta property=\"og:image:height\" content=\"1280\" \/>\n\t<meta property=\"og:image:type\" content=\"image\/jpeg\" \/>\n<meta name=\"twitter:card\" content=\"summary_large_image\" \/>\n<meta name=\"twitter:label1\" content=\"Est. reading time\" \/>\n\t<meta name=\"twitter:data1\" content=\"4 minutes\" \/>\n<!-- \/ Yoast SEO plugin. -->","yoast_head_json":{"title":"C\u00f3mo Comprar Lox Network (LOX) En Canada","description":"Si est\u00e1s buscando comprar Lox Network Coin en Canad\u00e1, la forma m\u00e1s f\u00e1cil es usar una bolsa de criptomonedas que admita Lox Network Coin.","robots":{"index":"index","follow":"follow","max-snippet":"max-snippet:-1","max-image-preview":"max-image-preview:large","max-video-preview":"max-video-preview:-1"},"canonical":"https:\/\/allin1bitcoins.com\/es\/crypto\/lox-network\/canada\/","og_locale":"es_ES","og_type":"article","og_title":"C\u00f3mo Comprar Lox Network (LOX) En Canada","og_description":"Si est\u00e1s buscando comprar Lox Network Coin en Canad\u00e1, la forma m\u00e1s f\u00e1cil es usar una bolsa de criptomonedas que admita Lox Network Coin.","og_url":"https:\/\/allin1bitcoins.com\/es\/crypto\/lox-network\/canada\/","og_site_name":"Allin1Bitcoins","article_modified_time":"2023-02-13T07:19:41+00:00","og_image":[{"width":1920,"height":1280,"url":"https:\/\/allin1bitcoins.com\/wp-content\/uploads\/2023\/01\/praveen-kumar-nandagiri-O-1hOdIqQz0-unsplash.jpg","type":"image\/jpeg"}],"twitter_card":"summary_large_image","twitter_misc":{"Est. reading time":"4 minutes"},"schema":{"@context":"https:\/\/schema.org","@graph":[{"@type":"WebPage","@id":"https:\/\/allin1bitcoins.com\/es\/crypto\/lox-network\/canada\/","url":"https:\/\/allin1bitcoins.com\/es\/crypto\/lox-network\/canada\/","name":"C\u00f3mo Comprar Lox Network (LOX) En Canada","isPartOf":{"@id":"https:\/\/allin1bitcoins.com\/es\/#website"},"datePublished":"2023-02-13T07:19:38+00:00","dateModified":"2023-02-13T07:19:41+00:00","description":"Si est\u00e1s buscando comprar Lox Network Coin en Canad\u00e1, la forma m\u00e1s f\u00e1cil es usar una bolsa de criptomonedas que admita Lox Network Coin.","breadcrumb":{"@id":"https:\/\/allin1bitcoins.com\/es\/crypto\/lox-network\/canada\/#breadcrumb"},"inLanguage":"es","potentialAction":[{"@type":"ReadAction","target":["https:\/\/allin1bitcoins.com\/es\/crypto\/lox-network\/canada\/"]}]},{"@type":"BreadcrumbList","@id":"https:\/\/allin1bitcoins.com\/es\/crypto\/lox-network\/canada\/#breadcrumb","itemListElement":[{"@type":"ListItem","position":1,"name":"Home","item":"https:\/\/allin1bitcoins.com\/es\/"},{"@type":"ListItem","position":2,"name":"Cripto","item":"https:\/\/allin1bitcoins.com\/es\/crypto\/"},{"@type":"ListItem","position":3,"name":"C\u00f3mo Comprar La Red Lox (LOX) &#8211; Gu\u00eda Paso A Paso De","item":"https:\/\/allin1bitcoins.com\/es\/crypto\/lox-network\/"},{"@type":"ListItem","position":4,"name":"C\u00f3mo Comprar Lox Network (LOX) En Canada"}]},{"@type":"WebSite","@id":"https:\/\/allin1bitcoins.com\/es\/#website","url":"https:\/\/allin1bitcoins.com\/es\/","name":"Allin1Bitcoins","description":"","publisher":{"@id":"https:\/\/allin1bitcoins.com\/es\/#organization"},"potentialAction":[{"@type":"SearchAction","target":{"@type":"EntryPoint","urlTemplate":"https:\/\/allin1bitcoins.com\/es\/?s={search_term_string}"},"query-input":"required name=search_term_string"}],"inLanguage":"es"},{"@type":"Organization","@id":"https:\/\/allin1bitcoins.com\/es\/#organization","name":"allin1bitcoins","url":"https:\/\/allin1bitcoins.com\/es\/","logo":{"@type":"ImageObject","inLanguage":"es","@id":"https:\/\/allin1bitcoins.com\/es\/#\/schema\/logo\/image\/","url":"https:\/\/allin1bitcoins.com\/wp-content\/uploads\/2019\/01\/logo-new.png","contentUrl":"https:\/\/allin1bitcoins.com\/wp-content\/uploads\/2019\/01\/logo-new.png","width":178,"height":71,"caption":"allin1bitcoins"},"image":{"@id":"https:\/\/allin1bitcoins.com\/es\/#\/schema\/logo\/image\/"}}]}},"_links":{"self":[{"href":"https:\/\/allin1bitcoins.com\/es\/wp-json\/wp\/v2\/pages\/21137"}],"collection":[{"href":"https:\/\/allin1bitcoins.com\/es\/wp-json\/wp\/v2\/pages"}],"about":[{"href":"https:\/\/allin1bitcoins.com\/es\/wp-json\/wp\/v2\/types\/page"}],"author":[{"embeddable":true,"href":"https:\/\/allin1bitcoins.com\/es\/wp-json\/wp\/v2\/users\/5"}],"replies":[{"embeddable":true,"href":"https:\/\/allin1bitcoins.com\/es\/wp-json\/wp\/v2\/comments?post=21137"}],"version-history":[{"count":1,"href":"https:\/\/allin1bitcoins.com\/es\/wp-json\/wp\/v2\/pages\/21137\/revisions"}],"predecessor-version":[{"id":21138,"href":"https:\/\/allin1bitcoins.com\/es\/wp-json\/wp\/v2\/pages\/21137\/revisions\/21138"}],"up":[{"embeddable":true,"href":"https:\/\/allin1bitcoins.com\/es\/wp-json\/wp\/v2\/pages\/21048"}],"wp:featuredmedia":[{"embeddable":true,"href":"https:\/\/allin1bitcoins.com\/es\/wp-json\/wp\/v2\/media\/14220"}],"wp:attachment":[{"href":"https:\/\/allin1bitcoins.com\/es\/wp-json\/wp\/v2\/media?parent=21137"}],"curies":[{"name":"wp","href":"https:\/\/api.w.org\/{rel}","templated":true}]}}