{"id":21166,"date":"2023-02-13T15:29:43","date_gmt":"2023-02-13T15:29:43","guid":{"rendered":"https:\/\/allin1bitcoins.com\/?page_id=21166"},"modified":"2023-02-13T15:29:46","modified_gmt":"2023-02-13T15:29:46","slug":"zedxion","status":"publish","type":"page","link":"https:\/\/allin1bitcoins.com\/es\/crypto\/zedxion\/","title":{"rendered":"Como Comprar Zedxion (ZEDXION) \u2013 Gu\u00eda detallada (2023)"},"content":{"rendered":"\n<h2 class=\"wp-block-heading\">Comprar la moneda Zedxion: una breve gu\u00eda<\/h2>\n\n\n\n<ul><li>El primer paso en la compra de la moneda Zedxion es localizar una bolsa de criptomonedas que maneje la moneda Zedxion.<\/li><li>La moneda Zedxion puede estar disponible en algunas bolsas conocidas como Binance, Coinbase y Kraken.<\/li><li>Una vez que haya localizado una bolsa que maneje la moneda Zedxion, debe registrarse para una cuenta y pasar por los pasos de verificaci\u00f3n necesarios.<\/li><li>Una vez creada su cuenta, puede agregar dinero a ella y usarlo para comprar moneda Zedxion.<\/li><\/ul>\n\n\n\n<h2 class=\"wp-block-heading\">Introducci\u00f3n a la moneda Zedxion<\/h2>\n\n\n\n<p>Un activo digital llamado moneda Zedxion se ha creado para ser utilizado en l\u00ednea como medio de intercambio.<br>Se basa en la tecnolog\u00eda de blockchain, un libro mayor distribuido que es descentralizado y registra todas las transacciones a trav\u00e9s de una red de computadoras.<br><br>La moneda Zedxion no tiene conexi\u00f3n directa con ning\u00fan activo real y no es emitida ni respaldada por ning\u00fan gobierno ni organizaci\u00f3n financiera. M\u00e1s bien, es respaldado por la seguridad y fiabilidad de la blockchain.<\/p>\n\n\n\n<h2 class=\"wp-block-heading\">Resumen del procedimiento de compra de Zedxion<\/h2>\n\n\n\n<p>El procedimiento para comprar Zedxion es el mismo que el de cualquier otra criptomoneda. Encontrar una plataforma de criptomonedas confiable que ofrezca moneda Zedxion es tu primer paso. La moneda Zedxion puede estar disponible en algunas plataformas conocidas como Binance, Coinbase y Kraken.<\/p>\n\n\n\n<p>Una vez que encuentres una plataforma que maneje la moneda Zedxion, debes registrarte para obtener una cuenta y seguir los pasos de verificaci\u00f3n necesarios. Se suelen requerir informaci\u00f3n personal y una forma de identificaci\u00f3n, como un pasaporte o un documento emitido por el gobierno.<\/p>\n\n\n\n<p>Cuando tu cuenta sea validada, debes depositar dinero en ella. Normalmente, puedes hacerlo mediante una transferencia de banco o con una tarjeta de d\u00e9bito o cr\u00e9dito. Puedes comprar moneda Zedxion con el dinero que hayas depositado.<\/p>\n\n\n\n<h2 class=\"wp-block-heading\">C\u00f3mo Comprar Zedxion<\/h2>\n\n\n\n<ol><li>Encuentra un intercambio de criptomonedas confiable que vende la moneda Zedxion. La moneda Zedxion puede estar disponible en algunos intercambios conocidos como Binance, Coinbase y Kraken.<br><br><\/li><li>Crea una cuenta en el intercambio y realiza los pasos de verificaci\u00f3n necesarios. Se requiere informaci\u00f3n personal y una forma de identificaci\u00f3n, como un pasaporte o una identificaci\u00f3n emitida por el gobierno.<br><br><\/li><li>Agrega dinero a tu cuenta. Normalmente, puedes hacerlo transfiriendo dinero desde una cuenta bancaria o usando una tarjeta de d\u00e9bito o cr\u00e9dito.<br><br><\/li><li>Encuentra el mercado de la moneda Zedxion en el intercambio, luego env\u00eda una orden de compra. Debes especificar cu\u00e1nta moneda Zedxion quieres comprar y cu\u00e1nto est\u00e1s dispuesto a gastar.<br><br><\/li><li>Espera a que se cumpla tu orden. Dependiendo de la liquidez del mercado y la demanda de la moneda Zedxion, esto puede tardar un poco o mucho m\u00e1s.<br><br><\/li><li>Una vez que se ha cumplido tu orden, la moneda Zedxion se agregar\u00e1 a tu cuenta de intercambio. Entonces, puedes retirar la moneda Zedxion a una billetera que controles, como una billetera de hardware o una billetera de software.<\/li><\/ol>\n\n\n\n<figure class=\"wp-block-embed is-type-video is-provider-youtube wp-block-embed-youtube wp-embed-aspect-16-9 wp-has-aspect-ratio\"><div class=\"wp-block-embed__wrapper\">\n<iframe title=\"Is ZEDXION a Scam? Checking Crypto Exchange for Fraud\" width=\"800\" height=\"450\" src=\"https:\/\/www.youtube.com\/embed\/VFA9Hffj44k?feature=oembed\" frameborder=\"0\" allow=\"accelerometer; autoplay; clipboard-write; encrypted-media; gyroscope; picture-in-picture; web-share\" allowfullscreen><\/iframe>\n<\/div><\/figure>\n\n\n\n<h2 class=\"wp-block-heading\">Ventajas de Comprar Zedxion<\/h2>\n\n\n\n<p><strong>Hay varias ventajas de comprar la moneda Zedxion:<\/strong><\/p>\n\n\n\n<ul><li><strong>Descentralizaci\u00f3n: <\/strong>la moneda Zedxion est\u00e1 basada en tecnolog\u00eda de blockchain, que es un libro mayor descentralizado y distribuido. Esto significa que no est\u00e1 controlado por ninguna entidad individual, como un gobierno o instituci\u00f3n financiera.<br><br><\/li><li><strong>Seguridad: <\/strong>el blockchain est\u00e1 protegido por criptograf\u00eda, lo que lo hace resistente a la fraude y el fraude. Esto hace que la moneda Zedxion sea una forma segura de almacenar y transferir valor.<br><br><\/li><li><strong>Tarifas bajas: <\/strong>Debido a que la moneda Zedxion est\u00e1 basada en tecnolog\u00eda de blockchain, permite transacciones r\u00e1pidas y baratas sin la necesidad de intermediarios. Esto puede hacer que sea una opci\u00f3n m\u00e1s asequible para enviar y recibir pagos en comparaci\u00f3n con los m\u00e9todos de pago tradicionales, que a menudo tienen tarifas m\u00e1s altas.<br><br><\/li><li><strong>Potencial de crecimiento:<\/strong> El valor de la moneda Zedxion, al igual que cualquier otra criptomoneda, est\u00e1 sujeto a fluctuaciones. Algunos inversores ven esto como una oportunidad de potencialmente ganar una ganancia comprando barato y vendiendo caro. Sin embargo, es importante tener en cuenta que el valor de cualquier criptomoneda, incluida la moneda Zedxion, tambi\u00e9n puede bajar as\u00ed como subir, y no hay garant\u00edas de ganancias.<\/li><\/ul>\n\n\n\n<h2 class=\"wp-block-heading\">Conclusi\u00f3n<\/h2>\n\n\n\n<p>Comprar la moneda Zedxion es un proceso relativamente simple, pero es importante hacer su debida diligencia y investigar cuidadosamente la bolsa y el monedero que usar\u00e1. Tambi\u00e9n es importante estar consciente de los riesgos asociados con invertir en cualquier criptomoneda, incluido el potencial de p\u00e9rdida de fondos. Con las precauciones adecuadas, sin embargo, comprar la moneda Zedxion puede ser una forma conveniente y potencialmente rentable de invertir en criptomonedas.<\/p>\n\n\n\n<!-- Page-list plugin v.5.9 wordpress.org\/plugins\/page-list\/ -->\n<ul class=\"page-list subpages-page-list \">\n<li class=\"page_item page-item-21193\"><a href=\"https:\/\/allin1bitcoins.com\/es\/crypto\/zedxion\/apple-pay\/\">C\u00f3mo Comprar Zedxion (ZEDXION) Con Apple Pay<\/a><\/li>\n<li class=\"page_item page-item-21218\"><a href=\"https:\/\/allin1bitcoins.com\/es\/crypto\/zedxion\/crypto-anonymously\/\">C\u00f3mo Comprar Zedxion (ZEDXION) Con Criptomoneda De Forma An\u00f3nima<\/a><\/li>\n<li class=\"page_item page-item-21235\"><a href=\"https:\/\/allin1bitcoins.com\/es\/crypto\/zedxion\/google-pay\/\">Como Comprar Zedxion (ZEDXION) Con Google Pay<\/a><\/li>\n<li class=\"page_item page-item-21176\"><a href=\"https:\/\/allin1bitcoins.com\/es\/crypto\/zedxion\/credit-card\/\">C\u00f3mo Comprar Zedxion (ZEDXION) Con Una Tarjeta De Cr\u00e9dito<\/a><\/li>\n<li class=\"page_item page-item-21206\"><a href=\"https:\/\/allin1bitcoins.com\/es\/crypto\/zedxion\/france\/\">C\u00f3mo Comprar Zedxion (ZEDXION) En Francia<\/a><\/li>\n<li class=\"page_item page-item-21245\"><a href=\"https:\/\/allin1bitcoins.com\/es\/crypto\/zedxion\/norway\/\">C\u00f3mo Comprar Zedxion (ZEDXION) En Noruega<\/a><\/li>\n<li class=\"page_item page-item-21254\"><a href=\"https:\/\/allin1bitcoins.com\/es\/crypto\/zedxion\/turkey\/\">C\u00f3mo Comprar Zedxion (ZEDXION) En Turqu\u00eda<\/a><\/li>\n\n<\/ul>\n","protected":false},"excerpt":{"rendered":"<p>Comprar la moneda Zedxion: una breve gu\u00eda El primer paso en la compra de la moneda Zedxion es localizar una bolsa de criptomonedas que maneje la moneda Zedxion. La moneda Zedxion puede estar disponible en algunas bolsas conocidas como Binance, Coinbase y Kraken. Una vez que haya localizado una bolsa que maneje la moneda Zedxion,&#8230;<\/p>\n","protected":false},"author":5,"featured_media":14524,"parent":18924,"menu_order":0,"comment_status":"closed","ping_status":"closed","template":"","meta":{"cybocfi_hide_featured_image":"","footnotes":""},"acf":[],"yoast_head":"<!-- This site is optimized with the Yoast SEO plugin v21.7 - https:\/\/yoast.com\/wordpress\/plugins\/seo\/ -->\n<title>Como Comprar Zedxion (ZEDXION) \u2013 Gu\u00eda detallada<\/title>\n<meta name=\"description\" content=\"El primer paso en la compra de la moneda Zedxion es localizar una bolsa de criptomonedas que maneje la moneda Zedxion.\" \/>\n<meta name=\"robots\" content=\"index, follow, max-snippet:-1, max-image-preview:large, max-video-preview:-1\" \/>\n<link rel=\"canonical\" href=\"https:\/\/allin1bitcoins.com\/es\/crypto\/zedxion\/\" \/>\n<meta property=\"og:locale\" content=\"es_ES\" \/>\n<meta property=\"og:type\" content=\"article\" \/>\n<meta property=\"og:title\" content=\"Como Comprar Zedxion (ZEDXION) \u2013 Gu\u00eda detallada\" \/>\n<meta property=\"og:description\" content=\"El primer paso en la compra de la moneda Zedxion es localizar una bolsa de criptomonedas que maneje la moneda Zedxion.\" \/>\n<meta property=\"og:url\" content=\"https:\/\/allin1bitcoins.com\/es\/crypto\/zedxion\/\" \/>\n<meta property=\"og:site_name\" content=\"Allin1Bitcoins\" \/>\n<meta property=\"article:modified_time\" content=\"2023-02-13T15:29:46+00:00\" \/>\n<meta property=\"og:image\" content=\"https:\/\/allin1bitcoins.com\/wp-content\/uploads\/2023\/01\/pexels-karolina-grabowska-5239804.jpg\" \/>\n\t<meta property=\"og:image:width\" content=\"640\" \/>\n\t<meta property=\"og:image:height\" content=\"960\" \/>\n\t<meta property=\"og:image:type\" content=\"image\/jpeg\" \/>\n<meta name=\"twitter:card\" content=\"summary_large_image\" \/>\n<meta name=\"twitter:label1\" content=\"Est. reading time\" \/>\n\t<meta name=\"twitter:data1\" content=\"4 minutes\" \/>\n<!-- \/ Yoast SEO plugin. -->","yoast_head_json":{"title":"Como Comprar Zedxion (ZEDXION) \u2013 Gu\u00eda detallada","description":"El primer paso en la compra de la moneda Zedxion es localizar una bolsa de criptomonedas que maneje la moneda Zedxion.","robots":{"index":"index","follow":"follow","max-snippet":"max-snippet:-1","max-image-preview":"max-image-preview:large","max-video-preview":"max-video-preview:-1"},"canonical":"https:\/\/allin1bitcoins.com\/es\/crypto\/zedxion\/","og_locale":"es_ES","og_type":"article","og_title":"Como Comprar Zedxion (ZEDXION) \u2013 Gu\u00eda detallada","og_description":"El primer paso en la compra de la moneda Zedxion es localizar una bolsa de criptomonedas que maneje la moneda Zedxion.","og_url":"https:\/\/allin1bitcoins.com\/es\/crypto\/zedxion\/","og_site_name":"Allin1Bitcoins","article_modified_time":"2023-02-13T15:29:46+00:00","og_image":[{"width":640,"height":960,"url":"https:\/\/allin1bitcoins.com\/wp-content\/uploads\/2023\/01\/pexels-karolina-grabowska-5239804.jpg","type":"image\/jpeg"}],"twitter_card":"summary_large_image","twitter_misc":{"Est. reading time":"4 minutes"},"schema":{"@context":"https:\/\/schema.org","@graph":[{"@type":"WebPage","@id":"https:\/\/allin1bitcoins.com\/es\/crypto\/zedxion\/","url":"https:\/\/allin1bitcoins.com\/es\/crypto\/zedxion\/","name":"Como Comprar Zedxion (ZEDXION) \u2013 Gu\u00eda detallada","isPartOf":{"@id":"https:\/\/allin1bitcoins.com\/es\/#website"},"datePublished":"2023-02-13T15:29:43+00:00","dateModified":"2023-02-13T15:29:46+00:00","description":"El primer paso en la compra de la moneda Zedxion es localizar una bolsa de criptomonedas que maneje la moneda Zedxion.","breadcrumb":{"@id":"https:\/\/allin1bitcoins.com\/es\/crypto\/zedxion\/#breadcrumb"},"inLanguage":"es","potentialAction":[{"@type":"ReadAction","target":["https:\/\/allin1bitcoins.com\/es\/crypto\/zedxion\/"]}]},{"@type":"BreadcrumbList","@id":"https:\/\/allin1bitcoins.com\/es\/crypto\/zedxion\/#breadcrumb","itemListElement":[{"@type":"ListItem","position":1,"name":"Home","item":"https:\/\/allin1bitcoins.com\/es\/"},{"@type":"ListItem","position":2,"name":"Cripto","item":"https:\/\/allin1bitcoins.com\/es\/crypto\/"},{"@type":"ListItem","position":3,"name":"Como Comprar Zedxion (ZEDXION) \u2013 Gu\u00eda detallada (2023)"}]},{"@type":"WebSite","@id":"https:\/\/allin1bitcoins.com\/es\/#website","url":"https:\/\/allin1bitcoins.com\/es\/","name":"Allin1Bitcoins","description":"","publisher":{"@id":"https:\/\/allin1bitcoins.com\/es\/#organization"},"potentialAction":[{"@type":"SearchAction","target":{"@type":"EntryPoint","urlTemplate":"https:\/\/allin1bitcoins.com\/es\/?s={search_term_string}"},"query-input":"required name=search_term_string"}],"inLanguage":"es"},{"@type":"Organization","@id":"https:\/\/allin1bitcoins.com\/es\/#organization","name":"allin1bitcoins","url":"https:\/\/allin1bitcoins.com\/es\/","logo":{"@type":"ImageObject","inLanguage":"es","@id":"https:\/\/allin1bitcoins.com\/es\/#\/schema\/logo\/image\/","url":"https:\/\/allin1bitcoins.com\/wp-content\/uploads\/2019\/01\/logo-new.png","contentUrl":"https:\/\/allin1bitcoins.com\/wp-content\/uploads\/2019\/01\/logo-new.png","width":178,"height":71,"caption":"allin1bitcoins"},"image":{"@id":"https:\/\/allin1bitcoins.com\/es\/#\/schema\/logo\/image\/"}}]}},"_links":{"self":[{"href":"https:\/\/allin1bitcoins.com\/es\/wp-json\/wp\/v2\/pages\/21166"}],"collection":[{"href":"https:\/\/allin1bitcoins.com\/es\/wp-json\/wp\/v2\/pages"}],"about":[{"href":"https:\/\/allin1bitcoins.com\/es\/wp-json\/wp\/v2\/types\/page"}],"author":[{"embeddable":true,"href":"https:\/\/allin1bitcoins.com\/es\/wp-json\/wp\/v2\/users\/5"}],"replies":[{"embeddable":true,"href":"https:\/\/allin1bitcoins.com\/es\/wp-json\/wp\/v2\/comments?post=21166"}],"version-history":[{"count":1,"href":"https:\/\/allin1bitcoins.com\/es\/wp-json\/wp\/v2\/pages\/21166\/revisions"}],"predecessor-version":[{"id":21167,"href":"https:\/\/allin1bitcoins.com\/es\/wp-json\/wp\/v2\/pages\/21166\/revisions\/21167"}],"up":[{"embeddable":true,"href":"https:\/\/allin1bitcoins.com\/es\/wp-json\/wp\/v2\/pages\/18924"}],"wp:featuredmedia":[{"embeddable":true,"href":"https:\/\/allin1bitcoins.com\/es\/wp-json\/wp\/v2\/media\/14524"}],"wp:attachment":[{"href":"https:\/\/allin1bitcoins.com\/es\/wp-json\/wp\/v2\/media?parent=21166"}],"curies":[{"name":"wp","href":"https:\/\/api.w.org\/{rel}","templated":true}]}}