{"id":21218,"date":"2023-02-13T21:10:03","date_gmt":"2023-02-13T21:10:03","guid":{"rendered":"https:\/\/allin1bitcoins.com\/?page_id=21218"},"modified":"2023-02-13T21:10:06","modified_gmt":"2023-02-13T21:10:06","slug":"crypto-anonymously","status":"publish","type":"page","link":"https:\/\/allin1bitcoins.com\/es\/crypto\/zedxion\/crypto-anonymously\/","title":{"rendered":"C\u00f3mo Comprar Zedxion (ZEDXION) Con Criptomoneda De Forma An\u00f3nima"},"content":{"rendered":"\n<h2 class=\"wp-block-heading\">Debes seguir los siguientes pasos para comprar la moneda Zedxion con criptomoneda de manera an\u00f3nima:<\/h2>\n\n\n\n<ul><li>Localiza una bolsa de bitcoin que permita la compra y venta an\u00f3nima.<\/li><li>Crea una cuenta en la bolsa con un nombre ficticio o seud\u00f3nimo.<\/li><li>Para ocultar tu direcci\u00f3n IP, usa una red privada virtual (VPN).<\/li><li>Conecta tu cuenta en la bolsa con tu monedero de criptomonedas.<\/li><li>Usando tu criptomoneda, haz una orden en la bolsa para comprar la moneda Zedxion.<\/li><\/ul>\n\n\n\n<h2 class=\"wp-block-heading\">Resumen de la moneda Zedxion<\/h2>\n\n\n\n<p>Una moneda digital llamada Zedxion se destina a ser utilizada en una plataforma descentralizada como medio de intercambio. No est\u00e1 controlada por un solo cuerpo central y utiliza una red de blockchain r\u00e1pida y segura para habilitar transacciones. Muchas personas utilizan la moneda Zedxion como alternativa al dinero fiat y pueden comprar y venderla en bolsas de criptomonedas.<\/p>\n\n\n\n<h2 class=\"wp-block-heading\">Por qu\u00e9 le gustar\u00eda comprar la moneda Zedxion de forma an\u00f3nima usando criptomoneda<\/h2>\n\n\n\n<p><strong>Hay varias razones por las que podr\u00eda querer comprar la moneda Zedxion de forma an\u00f3nima:<\/strong><\/p>\n\n\n\n<ul><li><strong>Privacidad: <\/strong>Al comprar la moneda Zedxion usando criptomoneda de forma an\u00f3nima, puede mantener su informaci\u00f3n financiera y personal privada.<br><br><\/li><li><strong>Seguridad: <\/strong>Al mantener su identidad en secreto, puede disminuir su riesgo de robo de identidad y otros tipos de fraude.<br><br><\/li><li><strong>Libertad: <\/strong>Al comprar Zedxion de forma an\u00f3nima, puede realizar compras de manera clandestina y sin ser observado.<\/li><\/ul>\n\n\n\n<h2 class=\"wp-block-heading\">C\u00f3mo comprar Zedxion Coin usando criptomoneda: Gu\u00eda paso a paso<\/h2>\n\n\n\n<ol><li>Localiza una casa de cambio de bitcoin que permita la compra y venta an\u00f3nima. Encontrar una casa de cambio de criptomoneda que permita la compra y venta an\u00f3nima es lo primero que debes lograr. Es posible que tengas que realizar alguna investigaci\u00f3n para encontrar una casa de cambio que se adapte a tus necesidades, ya que no todas ofrecen esta opci\u00f3n.<br><br><\/li><li>Crea una cuenta en la casa de cambio con un seud\u00f3nimo o nombre falso. Debes crear una cuenta en la casa de cambio que hayas elegido una vez que hayas comprobado que admite el comercio an\u00f3nimo. Debes crear tu cuenta con un nombre falso o seud\u00f3nimo para preservar tu anonimato.<br><br><\/li><li>Para ocultar tu direcci\u00f3n IP, utiliza una red privada virtual (VPN). Deber\u00edas utilizar una VPN para ocultar tu direcci\u00f3n IP con el fin de garantizar a\u00fan m\u00e1s tu privacidad. Con el uso de una VPN, puedes acceder a Internet a trav\u00e9s de una conexi\u00f3n privada y segura que dificulta que otros monitoreen tu comportamiento en l\u00ednea.<br><br><\/li><li>Conecta tu cuenta de la casa de cambio a tu billetera de criptomonedas. Debes vincular tu billetera de criptomonedas a tu cuenta de la casa de cambio una vez que hayas configurado tu VPN y tu cuenta de la casa de cambio. Al hacer esto, podr\u00e1s enviar tus criptomonedas a la casa de cambio y usarlas para comprar Zedxion coin.<br><br><\/li><li>Usando tus criptomonedas para comprar Zedxion Coin haciendo una orden en la casa de cambio. Puedes comprar Zedxion coin haciendo una orden en la casa de cambio una vez que tu billetera de criptomonedas est\u00e9 vinculada a tu cuenta de la casa de cambio. Para hacer esto, debes indicar cu\u00e1nto Zedxion coin deseas comprar y tu rango de precios. Despu\u00e9s de encontrar a un vendedor que pueda llenar tu orden, la casa de cambio llevar\u00e1 a cabo la transacci\u00f3n usando tus criptomonedas.<\/li><\/ol>\n\n\n\n<figure class=\"wp-block-embed is-type-video is-provider-youtube wp-block-embed-youtube wp-embed-aspect-16-9 wp-has-aspect-ratio\"><div class=\"wp-block-embed__wrapper\">\n<iframe title=\"How To Buy Cryptocurrency Using THIS 100% ANONYMOUS Debit Card!\" width=\"800\" height=\"450\" src=\"https:\/\/www.youtube.com\/embed\/tbl48l8pMaU?feature=oembed\" frameborder=\"0\" allow=\"accelerometer; autoplay; clipboard-write; encrypted-media; gyroscope; picture-in-picture; web-share\" allowfullscreen><\/iframe>\n<\/div><\/figure>\n\n\n\n<h2 class=\"wp-block-heading\">Desventajas de usar criptomonedas para comprar Zedxion Coin de forma an\u00f3nima<\/h2>\n\n\n\n<p><strong>Debe estar consciente de los siguientes inconvenientes al comprar Zedxion coin de forma an\u00f3nima con criptomonedas:<\/strong><\/p>\n\n\n\n<ul><li><strong>Disponibilidad limitada: <\/strong>Debido a que no todas las bolsas de criptomonedas respaldan el comercio an\u00f3nimo, sus opciones para comprar Zedxion coin pueden ser m\u00e1s reducidas.<br><br><\/li><li><strong>Comisiones: <\/strong>Su Zedxion coin puede costar m\u00e1s porque algunas bolsas cobran comisiones m\u00e1s altas por las operaciones realizadas de forma an\u00f3nima.<br><br><\/li><li><strong>Riesgo de fraude:<\/strong> Al comprar de forma an\u00f3nima, no hay manera de que pueda confirmar la identidad del vendedor, lo que aumenta la posibilidad de fraude.<\/li><\/ul>\n\n\n\n<h2 class=\"wp-block-heading\">Conclusi\u00f3n<\/h2>\n\n\n\n<p>En conclusi\u00f3n, comprar Zedxion coin con criptomonedas de forma an\u00f3nima le permite mantener su privacidad y seguridad. Antes de utilizar este enfoque, es crucial tener en cuenta la escasez de bolsas que brindan comercio an\u00f3nimo, cualquier posible tarifa y la posibilidad de fraude. Si decide comprar Zedxion coin de forma an\u00f3nima, aseg\u00farese de utilizar una bolsa confiable, proteger su identidad y reducir la posibilidad de problemas al utilizar una VPN y un seud\u00f3nimo.<\/p>\n\n\n\n<!-- Page-list plugin v.5.9 wordpress.org\/plugins\/page-list\/ -->\n<ul class=\"page-list siblings-page-list \">\n<li class=\"page_item page-item-21193\"><a href=\"https:\/\/allin1bitcoins.com\/es\/crypto\/zedxion\/apple-pay\/\">C\u00f3mo Comprar Zedxion (ZEDXION) Con Apple Pay<\/a><\/li>\n<li class=\"page_item page-item-21218\"><a href=\"https:\/\/allin1bitcoins.com\/es\/crypto\/zedxion\/crypto-anonymously\/\">C\u00f3mo Comprar Zedxion (ZEDXION) Con Criptomoneda De Forma An\u00f3nima<\/a><\/li>\n<li class=\"page_item page-item-21235\"><a href=\"https:\/\/allin1bitcoins.com\/es\/crypto\/zedxion\/google-pay\/\">Como Comprar Zedxion (ZEDXION) Con Google Pay<\/a><\/li>\n<li class=\"page_item page-item-21176\"><a href=\"https:\/\/allin1bitcoins.com\/es\/crypto\/zedxion\/credit-card\/\">C\u00f3mo Comprar Zedxion (ZEDXION) Con Una Tarjeta De Cr\u00e9dito<\/a><\/li>\n<li class=\"page_item page-item-21206\"><a href=\"https:\/\/allin1bitcoins.com\/es\/crypto\/zedxion\/france\/\">C\u00f3mo Comprar Zedxion (ZEDXION) En Francia<\/a><\/li>\n<li class=\"page_item page-item-21245\"><a href=\"https:\/\/allin1bitcoins.com\/es\/crypto\/zedxion\/norway\/\">C\u00f3mo Comprar Zedxion (ZEDXION) En Noruega<\/a><\/li>\n<li class=\"page_item page-item-21254\"><a href=\"https:\/\/allin1bitcoins.com\/es\/crypto\/zedxion\/turkey\/\">C\u00f3mo Comprar Zedxion (ZEDXION) En Turqu\u00eda<\/a><\/li>\n\n<\/ul>\n","protected":false},"excerpt":{"rendered":"<p>Debes seguir los siguientes pasos para comprar la moneda Zedxion con criptomoneda de manera an\u00f3nima: Localiza una bolsa de bitcoin que permita la compra y venta an\u00f3nima. Crea una cuenta en la bolsa con un nombre ficticio o seud\u00f3nimo. Para ocultar tu direcci\u00f3n IP, usa una red privada virtual (VPN). Conecta tu cuenta en la&#8230;<\/p>\n","protected":false},"author":5,"featured_media":14582,"parent":21166,"menu_order":0,"comment_status":"closed","ping_status":"closed","template":"","meta":{"cybocfi_hide_featured_image":"","footnotes":""},"acf":[],"yoast_head":"<!-- This site is optimized with the Yoast SEO plugin v21.7 - https:\/\/yoast.com\/wordpress\/plugins\/seo\/ -->\n<title>C\u00f3mo Comprar Zedxion (ZEDXION) Con Criptomoneda De Forma An\u00f3nima<\/title>\n<meta name=\"description\" content=\"Debes tomar las siguientes acciones para comprar moneda Zedxion con criptomoneda de manera an\u00f3nima. Lee m\u00e1s para obtener m\u00e1s detalles.\" \/>\n<meta name=\"robots\" content=\"index, follow, max-snippet:-1, max-image-preview:large, max-video-preview:-1\" \/>\n<link rel=\"canonical\" href=\"https:\/\/allin1bitcoins.com\/es\/crypto\/zedxion\/crypto-anonymously\/\" \/>\n<meta property=\"og:locale\" content=\"es_ES\" \/>\n<meta property=\"og:type\" content=\"article\" \/>\n<meta property=\"og:title\" content=\"C\u00f3mo Comprar Zedxion (ZEDXION) Con Criptomoneda De Forma An\u00f3nima\" \/>\n<meta property=\"og:description\" content=\"Debes tomar las siguientes acciones para comprar moneda Zedxion con criptomoneda de manera an\u00f3nima. Lee m\u00e1s para obtener m\u00e1s detalles.\" \/>\n<meta property=\"og:url\" content=\"https:\/\/allin1bitcoins.com\/es\/crypto\/zedxion\/crypto-anonymously\/\" \/>\n<meta property=\"og:site_name\" content=\"Allin1Bitcoins\" \/>\n<meta property=\"article:modified_time\" content=\"2023-02-13T21:10:06+00:00\" \/>\n<meta property=\"og:image\" content=\"https:\/\/allin1bitcoins.com\/wp-content\/uploads\/2023\/01\/kari-shea-1SAnrIxw5OY-unsplash.jpg\" \/>\n\t<meta property=\"og:image:width\" content=\"1920\" \/>\n\t<meta property=\"og:image:height\" content=\"1280\" \/>\n\t<meta property=\"og:image:type\" content=\"image\/jpeg\" \/>\n<meta name=\"twitter:card\" content=\"summary_large_image\" \/>\n<meta name=\"twitter:label1\" content=\"Est. reading time\" \/>\n\t<meta name=\"twitter:data1\" content=\"4 minutes\" \/>\n<!-- \/ Yoast SEO plugin. -->","yoast_head_json":{"title":"C\u00f3mo Comprar Zedxion (ZEDXION) Con Criptomoneda De Forma An\u00f3nima","description":"Debes tomar las siguientes acciones para comprar moneda Zedxion con criptomoneda de manera an\u00f3nima. Lee m\u00e1s para obtener m\u00e1s detalles.","robots":{"index":"index","follow":"follow","max-snippet":"max-snippet:-1","max-image-preview":"max-image-preview:large","max-video-preview":"max-video-preview:-1"},"canonical":"https:\/\/allin1bitcoins.com\/es\/crypto\/zedxion\/crypto-anonymously\/","og_locale":"es_ES","og_type":"article","og_title":"C\u00f3mo Comprar Zedxion (ZEDXION) Con Criptomoneda De Forma An\u00f3nima","og_description":"Debes tomar las siguientes acciones para comprar moneda Zedxion con criptomoneda de manera an\u00f3nima. Lee m\u00e1s para obtener m\u00e1s detalles.","og_url":"https:\/\/allin1bitcoins.com\/es\/crypto\/zedxion\/crypto-anonymously\/","og_site_name":"Allin1Bitcoins","article_modified_time":"2023-02-13T21:10:06+00:00","og_image":[{"width":1920,"height":1280,"url":"https:\/\/allin1bitcoins.com\/wp-content\/uploads\/2023\/01\/kari-shea-1SAnrIxw5OY-unsplash.jpg","type":"image\/jpeg"}],"twitter_card":"summary_large_image","twitter_misc":{"Est. reading time":"4 minutes"},"schema":{"@context":"https:\/\/schema.org","@graph":[{"@type":"WebPage","@id":"https:\/\/allin1bitcoins.com\/es\/crypto\/zedxion\/crypto-anonymously\/","url":"https:\/\/allin1bitcoins.com\/es\/crypto\/zedxion\/crypto-anonymously\/","name":"C\u00f3mo Comprar Zedxion (ZEDXION) Con Criptomoneda De Forma An\u00f3nima","isPartOf":{"@id":"https:\/\/allin1bitcoins.com\/es\/#website"},"datePublished":"2023-02-13T21:10:03+00:00","dateModified":"2023-02-13T21:10:06+00:00","description":"Debes tomar las siguientes acciones para comprar moneda Zedxion con criptomoneda de manera an\u00f3nima. Lee m\u00e1s para obtener m\u00e1s detalles.","breadcrumb":{"@id":"https:\/\/allin1bitcoins.com\/es\/crypto\/zedxion\/crypto-anonymously\/#breadcrumb"},"inLanguage":"es","potentialAction":[{"@type":"ReadAction","target":["https:\/\/allin1bitcoins.com\/es\/crypto\/zedxion\/crypto-anonymously\/"]}]},{"@type":"BreadcrumbList","@id":"https:\/\/allin1bitcoins.com\/es\/crypto\/zedxion\/crypto-anonymously\/#breadcrumb","itemListElement":[{"@type":"ListItem","position":1,"name":"Home","item":"https:\/\/allin1bitcoins.com\/es\/"},{"@type":"ListItem","position":2,"name":"Cripto","item":"https:\/\/allin1bitcoins.com\/es\/crypto\/"},{"@type":"ListItem","position":3,"name":"Como Comprar Zedxion (ZEDXION) \u2013 Gu\u00eda detallada (2023)","item":"https:\/\/allin1bitcoins.com\/es\/crypto\/zedxion\/"},{"@type":"ListItem","position":4,"name":"C\u00f3mo Comprar Zedxion (ZEDXION) Con Criptomoneda De Forma An\u00f3nima"}]},{"@type":"WebSite","@id":"https:\/\/allin1bitcoins.com\/es\/#website","url":"https:\/\/allin1bitcoins.com\/es\/","name":"Allin1Bitcoins","description":"","publisher":{"@id":"https:\/\/allin1bitcoins.com\/es\/#organization"},"potentialAction":[{"@type":"SearchAction","target":{"@type":"EntryPoint","urlTemplate":"https:\/\/allin1bitcoins.com\/es\/?s={search_term_string}"},"query-input":"required name=search_term_string"}],"inLanguage":"es"},{"@type":"Organization","@id":"https:\/\/allin1bitcoins.com\/es\/#organization","name":"allin1bitcoins","url":"https:\/\/allin1bitcoins.com\/es\/","logo":{"@type":"ImageObject","inLanguage":"es","@id":"https:\/\/allin1bitcoins.com\/es\/#\/schema\/logo\/image\/","url":"https:\/\/allin1bitcoins.com\/wp-content\/uploads\/2019\/01\/logo-new.png","contentUrl":"https:\/\/allin1bitcoins.com\/wp-content\/uploads\/2019\/01\/logo-new.png","width":178,"height":71,"caption":"allin1bitcoins"},"image":{"@id":"https:\/\/allin1bitcoins.com\/es\/#\/schema\/logo\/image\/"}}]}},"_links":{"self":[{"href":"https:\/\/allin1bitcoins.com\/es\/wp-json\/wp\/v2\/pages\/21218"}],"collection":[{"href":"https:\/\/allin1bitcoins.com\/es\/wp-json\/wp\/v2\/pages"}],"about":[{"href":"https:\/\/allin1bitcoins.com\/es\/wp-json\/wp\/v2\/types\/page"}],"author":[{"embeddable":true,"href":"https:\/\/allin1bitcoins.com\/es\/wp-json\/wp\/v2\/users\/5"}],"replies":[{"embeddable":true,"href":"https:\/\/allin1bitcoins.com\/es\/wp-json\/wp\/v2\/comments?post=21218"}],"version-history":[{"count":2,"href":"https:\/\/allin1bitcoins.com\/es\/wp-json\/wp\/v2\/pages\/21218\/revisions"}],"predecessor-version":[{"id":21230,"href":"https:\/\/allin1bitcoins.com\/es\/wp-json\/wp\/v2\/pages\/21218\/revisions\/21230"}],"up":[{"embeddable":true,"href":"https:\/\/allin1bitcoins.com\/es\/wp-json\/wp\/v2\/pages\/21166"}],"wp:featuredmedia":[{"embeddable":true,"href":"https:\/\/allin1bitcoins.com\/es\/wp-json\/wp\/v2\/media\/14582"}],"wp:attachment":[{"href":"https:\/\/allin1bitcoins.com\/es\/wp-json\/wp\/v2\/media?parent=21218"}],"curies":[{"name":"wp","href":"https:\/\/api.w.org\/{rel}","templated":true}]}}