{"id":21235,"date":"2023-02-13T21:35:09","date_gmt":"2023-02-13T21:35:09","guid":{"rendered":"https:\/\/allin1bitcoins.com\/?page_id=21235"},"modified":"2023-02-13T21:35:13","modified_gmt":"2023-02-13T21:35:13","slug":"google-pay","status":"publish","type":"page","link":"https:\/\/allin1bitcoins.com\/es\/crypto\/zedxion\/google-pay\/","title":{"rendered":"Como Comprar Zedxion (ZEDXION) Con Google Pay"},"content":{"rendered":"\n<h2 class=\"wp-block-heading\">Si desea comprar la moneda Zedxion con Google Pay, deber\u00e1 seguir estos pasos:<\/h2>\n\n\n\n<ul><li>Encuentre una bolsa de criptomonedas que admita Google Pay y ofrezca la moneda Zedxion. <\/li><li>Reg\u00edstrese para una cuenta en la bolsa. <\/li><li>Verifique su identidad, si es necesario. <\/li><li>Conecte su cuenta de Google Pay a su cuenta de bolsa. <\/li><li>Compre la moneda Zedxion con Google Pay al colocar una orden en la bolsa.<\/li><\/ul>\n\n\n\n<h2 class=\"wp-block-heading\">Resumen de la moneda Zedxion<\/h2>\n\n\n\n<p>La moneda Zedxion es un activo digital dise\u00f1ado para ser usado como medio de intercambio en una plataforma descentralizada. Utiliza una red de blockchain segura y r\u00e1pida para facilitar las transacciones y no est\u00e1 controlada por ninguna autoridad central. La moneda Zedxion se puede comprar y vender en bolsas de criptomonedas y es utilizada por muchas personas como una alternativa a las monedas tradicionales.<\/p>\n\n\n\n<h2 class=\"wp-block-heading\">Por qu\u00e9 le gustar\u00eda comprar la moneda Zedxion con Google Pay<\/h2>\n\n\n\n<p><strong>Hay varias razones por las que podr\u00eda querer comprar la moneda Zedxion con Google Pay:<\/strong><\/p>\n\n\n\n<ul><li><strong>Comodidad:<\/strong> Google Pay es una forma conveniente y segura de realizar compras en l\u00ednea, ya que no tiene que ingresar su informaci\u00f3n de tarjeta de cr\u00e9dito o cuenta bancaria cada vez que compra algo.<br><br><\/li><li><strong>Rapidez: <\/strong>Las transacciones de Google Pay suelen procesarse m\u00e1s r\u00e1pido que las transferencias de tarjeta de cr\u00e9dito o bancarias, por lo que puede obtener su moneda Zedxion m\u00e1s r\u00e1pido.<br><br><\/li><li><strong>Seguridad: <\/strong>Google Pay utiliza medidas de seguridad avanzadas para proteger su informaci\u00f3n financiera, por lo que puede sentirse confiado de que sus transacciones son seguras.<\/li><\/ul>\n\n\n\n<h2 class=\"wp-block-heading\">Tutorial paso a paso sobre c\u00f3mo comprar la moneda Zedxion con Google Pay<\/h2>\n\n\n\n<ol><li><strong>Encuentra una bolsa de criptomonedas que admita Google Pay y ofrezca Zedxion Coin: <\/strong>Lo primero que debes hacer es encontrar una bolsa de criptomonedas que admita Google Pay y ofrezca Zedxion Coin. Esto puede ser m\u00e1s desafiante que encontrar una bolsa que acepte pagos con tarjeta de cr\u00e9dito, ya que menos bolsas ofrecen esta opci\u00f3n.<br><br><\/li><li><strong>Reg\u00edstrate para una cuenta en la bolsa: <\/strong>Una vez que hayas encontrado una bolsa que cumpla tus necesidades, deber\u00e1s registrarte para una cuenta. Este proceso suele implicar proporcionar alguna informaci\u00f3n personal y crear un nombre de usuario y una contrase\u00f1a.<br><br><\/li><li><strong>Verifica tu identidad, si es necesario: <\/strong>Algunas bolsas pueden requerir que verifiques tu identidad antes de poder comenzar a comprar y vender Zedxion Coin. Esto se hace generalmente a trav\u00e9s de la presentaci\u00f3n de documentos de identificaci\u00f3n emitidos por el gobierno, como un pasaporte o una licencia de conducir.<br><br><\/li><li><strong>Conecta tu cuenta de Google Pay a tu cuenta en la bolsa: <\/strong>Una vez que se haya verificado tu identidad, deber\u00e1s conectar tu cuenta de Google Pay a tu cuenta en la bolsa. Esto se hace generalmente a trav\u00e9s del sitio web o la aplicaci\u00f3n m\u00f3vil de la bolsa. Deber\u00e1s seguir las instrucciones para vincular tu cuenta de Google Pay y autorizar la conexi\u00f3n.<br><br><\/li><li><strong>Compra Zedxion Coin con Google Pay colocando un pedido en la bolsa: <\/strong>Una vez que tu cuenta de Google Pay est\u00e9 conectada a tu cuenta en la bolsa, puedes comprar Zedxion Coin colocando un pedido en la bolsa. Para hacer esto, deber\u00e1s especificar la cantidad de Zedxion Coin que deseas comprar, as\u00ed como el precio que est\u00e1s dispuesto a pagar. La bolsa entonces emparejar\u00e1 tu pedido con un vendedor y completar\u00e1 la transacci\u00f3n utilizando tu cuenta de Google Pay vinculada.<\/li><\/ol>\n\n\n\n<figure class=\"wp-block-embed is-type-video is-provider-youtube wp-block-embed-youtube wp-embed-aspect-16-9 wp-has-aspect-ratio\"><div class=\"wp-block-embed__wrapper\">\n<iframe title=\"How to use Apple Pay, Google Pay, Samsung Pay with Crypto.com Visa Card, Plutus Card &amp; More\" width=\"800\" height=\"450\" src=\"https:\/\/www.youtube.com\/embed\/kdpG01g-fx4?feature=oembed\" frameborder=\"0\" allow=\"accelerometer; autoplay; clipboard-write; encrypted-media; gyroscope; picture-in-picture; web-share\" allowfullscreen><\/iframe>\n<\/div><\/figure>\n\n\n\n<h2 class=\"wp-block-heading\">Desventajas de comprar Zedxion Coin con Google Pay<\/h2>\n\n\n\n<p><strong>Hay algunas desventajas de comprar Zedxion Coin con Google Pay que debes conocer:<\/strong><\/p>\n\n\n\n<ul><li><strong>Disponibilidad limitada: <\/strong>No todas las casas de cambio de criptomonedas admiten Google Pay, por lo que puede tener menos opciones para comprar Zedxion Coin. <br><br><\/li><li><strong>Comisiones:<\/strong> Algunas casas de cambio cobran comisiones por transacciones con Google Pay, lo que puede aumentar el costo de su Zedxion Coin.<br><br><\/li><li><strong>Compatibilidad: <\/strong>Google Pay solo est\u00e1 disponible en ciertos dispositivos, por lo que es posible que no pueda usarlo si no tiene un tel\u00e9fono o tableta Android.<\/li><\/ul>\n\n\n\n<h2 class=\"wp-block-heading\">Conclusi\u00f3n<\/h2>\n\n\n\n<p>En conclusi\u00f3n, comprar Zedxion Coin con Google Pay es una forma conveniente y segura de comprar el activo digital. Sin embargo, es importante considerar la disponibilidad limitada de casas de cambio que admiten Google Pay, as\u00ed como cualquier comisi\u00f3n potencial, antes de usar este m\u00e9todo de pago. Si decides usar Google Pay para comprar Zedxion Coin, aseg\u00farate de elegir una casa de cambio respetable y proteger tu cuenta de Google Pay para reducir el riesgo de problemas.<\/p>\n\n\n\n<!-- Page-list plugin v.5.9 wordpress.org\/plugins\/page-list\/ -->\n<ul class=\"page-list siblings-page-list \">\n<li class=\"page_item page-item-21193\"><a href=\"https:\/\/allin1bitcoins.com\/es\/crypto\/zedxion\/apple-pay\/\">C\u00f3mo Comprar Zedxion (ZEDXION) Con Apple Pay<\/a><\/li>\n<li class=\"page_item page-item-21218\"><a href=\"https:\/\/allin1bitcoins.com\/es\/crypto\/zedxion\/crypto-anonymously\/\">C\u00f3mo Comprar Zedxion (ZEDXION) Con Criptomoneda De Forma An\u00f3nima<\/a><\/li>\n<li class=\"page_item page-item-21235\"><a href=\"https:\/\/allin1bitcoins.com\/es\/crypto\/zedxion\/google-pay\/\">Como Comprar Zedxion (ZEDXION) Con Google Pay<\/a><\/li>\n<li class=\"page_item page-item-21176\"><a href=\"https:\/\/allin1bitcoins.com\/es\/crypto\/zedxion\/credit-card\/\">C\u00f3mo Comprar Zedxion (ZEDXION) Con Una Tarjeta De Cr\u00e9dito<\/a><\/li>\n<li class=\"page_item page-item-21206\"><a href=\"https:\/\/allin1bitcoins.com\/es\/crypto\/zedxion\/france\/\">C\u00f3mo Comprar Zedxion (ZEDXION) En Francia<\/a><\/li>\n<li class=\"page_item page-item-21245\"><a href=\"https:\/\/allin1bitcoins.com\/es\/crypto\/zedxion\/norway\/\">C\u00f3mo Comprar Zedxion (ZEDXION) En Noruega<\/a><\/li>\n<li class=\"page_item page-item-21254\"><a href=\"https:\/\/allin1bitcoins.com\/es\/crypto\/zedxion\/turkey\/\">C\u00f3mo Comprar Zedxion (ZEDXION) En Turqu\u00eda<\/a><\/li>\n\n<\/ul>\n","protected":false},"excerpt":{"rendered":"<p>Si desea comprar la moneda Zedxion con Google Pay, deber\u00e1 seguir estos pasos: Encuentre una bolsa de criptomonedas que admita Google Pay y ofrezca la moneda Zedxion. Reg\u00edstrese para una cuenta en la bolsa. Verifique su identidad, si es necesario. Conecte su cuenta de Google Pay a su cuenta de bolsa. Compre la moneda Zedxion&#8230;<\/p>\n","protected":false},"author":5,"featured_media":14596,"parent":21166,"menu_order":0,"comment_status":"closed","ping_status":"closed","template":"","meta":{"cybocfi_hide_featured_image":"","footnotes":""},"acf":[],"yoast_head":"<!-- This site is optimized with the Yoast SEO plugin v21.7 - https:\/\/yoast.com\/wordpress\/plugins\/seo\/ -->\n<title>Como Comprar Zedxion (ZEDXION) Con Google Pay<\/title>\n<meta name=\"description\" content=\"Si quieres comprar moneda Zedxion con Google Pay, deber\u00e1s seguir estos pasos. Sigue leyendo para obtener m\u00e1s detalles.\" \/>\n<meta name=\"robots\" content=\"index, follow, max-snippet:-1, max-image-preview:large, max-video-preview:-1\" \/>\n<link rel=\"canonical\" href=\"https:\/\/allin1bitcoins.com\/es\/crypto\/zedxion\/google-pay\/\" \/>\n<meta property=\"og:locale\" content=\"es_ES\" \/>\n<meta property=\"og:type\" content=\"article\" \/>\n<meta property=\"og:title\" content=\"Como Comprar Zedxion (ZEDXION) Con Google Pay\" \/>\n<meta property=\"og:description\" content=\"Si quieres comprar moneda Zedxion con Google Pay, deber\u00e1s seguir estos pasos. Sigue leyendo para obtener m\u00e1s detalles.\" \/>\n<meta property=\"og:url\" content=\"https:\/\/allin1bitcoins.com\/es\/crypto\/zedxion\/google-pay\/\" \/>\n<meta property=\"og:site_name\" content=\"Allin1Bitcoins\" \/>\n<meta property=\"article:modified_time\" content=\"2023-02-13T21:35:13+00:00\" \/>\n<meta property=\"og:image\" content=\"https:\/\/allin1bitcoins.com\/wp-content\/uploads\/2023\/01\/thisisengineering-raeng-f4pUuCc3M0g-unsplash.jpg\" \/>\n\t<meta property=\"og:image:width\" content=\"1920\" \/>\n\t<meta property=\"og:image:height\" content=\"1281\" \/>\n\t<meta property=\"og:image:type\" content=\"image\/jpeg\" \/>\n<meta name=\"twitter:card\" content=\"summary_large_image\" \/>\n<meta name=\"twitter:label1\" content=\"Est. reading time\" \/>\n\t<meta name=\"twitter:data1\" content=\"4 minutes\" \/>\n<!-- \/ Yoast SEO plugin. -->","yoast_head_json":{"title":"Como Comprar Zedxion (ZEDXION) Con Google Pay","description":"Si quieres comprar moneda Zedxion con Google Pay, deber\u00e1s seguir estos pasos. Sigue leyendo para obtener m\u00e1s detalles.","robots":{"index":"index","follow":"follow","max-snippet":"max-snippet:-1","max-image-preview":"max-image-preview:large","max-video-preview":"max-video-preview:-1"},"canonical":"https:\/\/allin1bitcoins.com\/es\/crypto\/zedxion\/google-pay\/","og_locale":"es_ES","og_type":"article","og_title":"Como Comprar Zedxion (ZEDXION) Con Google Pay","og_description":"Si quieres comprar moneda Zedxion con Google Pay, deber\u00e1s seguir estos pasos. Sigue leyendo para obtener m\u00e1s detalles.","og_url":"https:\/\/allin1bitcoins.com\/es\/crypto\/zedxion\/google-pay\/","og_site_name":"Allin1Bitcoins","article_modified_time":"2023-02-13T21:35:13+00:00","og_image":[{"width":1920,"height":1281,"url":"https:\/\/allin1bitcoins.com\/wp-content\/uploads\/2023\/01\/thisisengineering-raeng-f4pUuCc3M0g-unsplash.jpg","type":"image\/jpeg"}],"twitter_card":"summary_large_image","twitter_misc":{"Est. reading time":"4 minutes"},"schema":{"@context":"https:\/\/schema.org","@graph":[{"@type":"WebPage","@id":"https:\/\/allin1bitcoins.com\/es\/crypto\/zedxion\/google-pay\/","url":"https:\/\/allin1bitcoins.com\/es\/crypto\/zedxion\/google-pay\/","name":"Como Comprar Zedxion (ZEDXION) Con Google Pay","isPartOf":{"@id":"https:\/\/allin1bitcoins.com\/es\/#website"},"datePublished":"2023-02-13T21:35:09+00:00","dateModified":"2023-02-13T21:35:13+00:00","description":"Si quieres comprar moneda Zedxion con Google Pay, deber\u00e1s seguir estos pasos. Sigue leyendo para obtener m\u00e1s detalles.","breadcrumb":{"@id":"https:\/\/allin1bitcoins.com\/es\/crypto\/zedxion\/google-pay\/#breadcrumb"},"inLanguage":"es","potentialAction":[{"@type":"ReadAction","target":["https:\/\/allin1bitcoins.com\/es\/crypto\/zedxion\/google-pay\/"]}]},{"@type":"BreadcrumbList","@id":"https:\/\/allin1bitcoins.com\/es\/crypto\/zedxion\/google-pay\/#breadcrumb","itemListElement":[{"@type":"ListItem","position":1,"name":"Home","item":"https:\/\/allin1bitcoins.com\/es\/"},{"@type":"ListItem","position":2,"name":"Cripto","item":"https:\/\/allin1bitcoins.com\/es\/crypto\/"},{"@type":"ListItem","position":3,"name":"Como Comprar Zedxion (ZEDXION) \u2013 Gu\u00eda detallada (2023)","item":"https:\/\/allin1bitcoins.com\/es\/crypto\/zedxion\/"},{"@type":"ListItem","position":4,"name":"Como Comprar Zedxion (ZEDXION) Con Google Pay"}]},{"@type":"WebSite","@id":"https:\/\/allin1bitcoins.com\/es\/#website","url":"https:\/\/allin1bitcoins.com\/es\/","name":"Allin1Bitcoins","description":"","publisher":{"@id":"https:\/\/allin1bitcoins.com\/es\/#organization"},"potentialAction":[{"@type":"SearchAction","target":{"@type":"EntryPoint","urlTemplate":"https:\/\/allin1bitcoins.com\/es\/?s={search_term_string}"},"query-input":"required name=search_term_string"}],"inLanguage":"es"},{"@type":"Organization","@id":"https:\/\/allin1bitcoins.com\/es\/#organization","name":"allin1bitcoins","url":"https:\/\/allin1bitcoins.com\/es\/","logo":{"@type":"ImageObject","inLanguage":"es","@id":"https:\/\/allin1bitcoins.com\/es\/#\/schema\/logo\/image\/","url":"https:\/\/allin1bitcoins.com\/wp-content\/uploads\/2019\/01\/logo-new.png","contentUrl":"https:\/\/allin1bitcoins.com\/wp-content\/uploads\/2019\/01\/logo-new.png","width":178,"height":71,"caption":"allin1bitcoins"},"image":{"@id":"https:\/\/allin1bitcoins.com\/es\/#\/schema\/logo\/image\/"}}]}},"_links":{"self":[{"href":"https:\/\/allin1bitcoins.com\/es\/wp-json\/wp\/v2\/pages\/21235"}],"collection":[{"href":"https:\/\/allin1bitcoins.com\/es\/wp-json\/wp\/v2\/pages"}],"about":[{"href":"https:\/\/allin1bitcoins.com\/es\/wp-json\/wp\/v2\/types\/page"}],"author":[{"embeddable":true,"href":"https:\/\/allin1bitcoins.com\/es\/wp-json\/wp\/v2\/users\/5"}],"replies":[{"embeddable":true,"href":"https:\/\/allin1bitcoins.com\/es\/wp-json\/wp\/v2\/comments?post=21235"}],"version-history":[{"count":1,"href":"https:\/\/allin1bitcoins.com\/es\/wp-json\/wp\/v2\/pages\/21235\/revisions"}],"predecessor-version":[{"id":21237,"href":"https:\/\/allin1bitcoins.com\/es\/wp-json\/wp\/v2\/pages\/21235\/revisions\/21237"}],"up":[{"embeddable":true,"href":"https:\/\/allin1bitcoins.com\/es\/wp-json\/wp\/v2\/pages\/21166"}],"wp:featuredmedia":[{"embeddable":true,"href":"https:\/\/allin1bitcoins.com\/es\/wp-json\/wp\/v2\/media\/14596"}],"wp:attachment":[{"href":"https:\/\/allin1bitcoins.com\/es\/wp-json\/wp\/v2\/media?parent=21235"}],"curies":[{"name":"wp","href":"https:\/\/api.w.org\/{rel}","templated":true}]}}