{"id":21254,"date":"2023-02-14T06:46:53","date_gmt":"2023-02-14T06:46:53","guid":{"rendered":"https:\/\/allin1bitcoins.com\/?page_id=21254"},"modified":"2023-02-14T06:46:56","modified_gmt":"2023-02-14T06:46:56","slug":"turkey","status":"publish","type":"page","link":"https:\/\/allin1bitcoins.com\/es\/crypto\/zedxion\/turkey\/","title":{"rendered":"C\u00f3mo Comprar Zedxion (ZEDXION) En Turqu\u00eda"},"content":{"rendered":"\n<h2 class=\"wp-block-heading\">Debe seguir los siguientes pasos para comprar monedas Zedxion en Turqu\u00eda:<\/h2>\n\n\n\n<ul><li>Localice un intercambio de criptomonedas turco donde pueda comprar y vender monedas Zedxion.<\/li><li>Cree un perfil en el intercambio.<\/li><li>Compruebe su identificaci\u00f3n si es necesario.<\/li><li>Se debe transferir dinero a su cuenta de intercambio.<\/li><li>Haga un pedido para comprar moneda Zedxion en el intercambio.<\/li><\/ul>\n\n\n\n<h2 class=\"wp-block-heading\">Resumen de Zedxion <\/h2>\n\n\n\n<p>Un activo digital llamado moneda Zedxion est\u00e1 destinado a ser utilizado en una plataforma descentralizada como medio de comercio. No est\u00e1 gobernado por un solo cuerpo central y utiliza una red de blockchain r\u00e1pida y segura para permitir transacciones. Muchas personas utilizan la moneda Zedxion como alternativa al dinero fiduciario y pueden comprar y vender en intercambios de criptomonedas.<\/p>\n\n\n\n<h2 class=\"wp-block-heading\">Ventajas de comprar Zedxion Comprar monedas Zedxion ofrece las siguientes ventajas:<\/h2>\n\n\n\n<ul><li><strong>Descentralizaci\u00f3n:<\/strong> dado que la moneda Zedxion no est\u00e1 bajo el control de una sola entidad, es menos probable que ocurran interferencias o manipulaciones.<br><br><\/li><li><strong>Seguridad: <\/strong>la moneda Zedxion utiliza una tecnolog\u00eda de blockchain altamente segura, lo que dificulta que los ladrones se lleven su dinero.<br><br><\/li><li><strong>Tarifas de transacci\u00f3n m\u00e1s bajas: <\/strong>en comparaci\u00f3n con otras opciones de pago, las transacciones de monedas Zedxion suelen tener tarifas de transacci\u00f3n m\u00e1s bajas.<\/li><\/ul>\n\n\n\n<figure class=\"wp-block-embed is-type-video is-provider-youtube wp-block-embed-youtube wp-embed-aspect-16-9 wp-has-aspect-ratio\"><div class=\"wp-block-embed__wrapper\">\n<iframe title=\"How to buy crypto currency in turkey using binance with peer to peer.\" width=\"800\" height=\"450\" src=\"https:\/\/www.youtube.com\/embed\/QcQTKiD9AGg?feature=oembed\" frameborder=\"0\" allow=\"accelerometer; autoplay; clipboard-write; encrypted-media; gyroscope; picture-in-picture; web-share\" allowfullscreen><\/iframe>\n<\/div><\/figure>\n\n\n\n<h2 class=\"wp-block-heading\">Instrucciones paso a paso sobre c\u00f3mo comprar la moneda Zedxion en Turqu\u00eda:<\/h2>\n\n\n\n<ol><li>Encuentra un intercambio de criptomonedas turco donde puedas comprar y vender la moneda Zedxion. Encontrar un intercambio de criptomonedas que te permita comprar y vender la moneda Zedxion en Turqu\u00eda deber\u00eda ser el primer paso. <br><br>Deber\u00edas ser capaz de encontrar un intercambio que se adapte a tus necesidades, ya que hay muchos que ofrecen esta opci\u00f3n.<\/li><li>Crea una cuenta de usuario en el intercambio. Debes crear una cuenta una vez que hayas localizado un intercambio que te permita comprar la moneda Zedxion en Turqu\u00eda. Normalmente, este procedimiento implica proporcionar algunos datos personales y generar un nombre de usuario y una contrase\u00f1a.<br><br><\/li><li>Verifica tu identidad, si es necesario. Antes de que puedas empezar a comprar y vender monedas Zedxion, algunos intercambios pueden pedirte que verifiques tu identidad. Esto se suele hacer mediante la presentaci\u00f3n de documentos de identificaci\u00f3n emitidos por el gobierno, como un pasaporte o una tarjeta de identidad nacional.<br><br><\/li><li>Transfiere dinero a tu cuenta de intercambio. El siguiente paso es enviar dinero a tu cuenta de intercambio despu\u00e9s de que se haya confirmado tu identidad. Se pueden utilizar varias t\u00e9cnicas, como una transferencia bancaria o el pago con tarjeta de cr\u00e9dito, para hacer esto.<br><br><\/li><li>Comprueba la moneda Zedxion realizando un pedido en el intercambio. Puedes comprar la moneda Zedxion realizando un pedido en el intercambio despu\u00e9s de financiar tu cuenta de intercambio. Tendr\u00e1s que hacer esto indicando cu\u00e1nta moneda Zedxion deseas comprar y tu rango de precios. Una vez que se haya encontrado un vendedor y se haya emparejado tu pedido, el intercambio utilizar\u00e1 tus fondos para finalizar la transacci\u00f3n.<\/li><\/ol>\n\n\n\n<h2 class=\"wp-block-heading\">Impuesto sobre la compra de Zedxion Coin en Turqu\u00eda<\/h2>\n\n\n\n<p>Dependiendo de los detalles de su compra, Zedxion coin puede estar sujeto o no a diferentes tratamientos fiscales en Turqu\u00eda. En general, puede aplicarse un impuesto sobre las ganancias de capital a cualquier ingreso o ganancia de la venta de Zedxion coin. Para obtener informaci\u00f3n adicional sobre el estado fiscal de Zedxion coin en Turqu\u00eda, debe hablar con un experto en impuestos o revisar las regulaciones de la Administraci\u00f3n de Ingresos de Turqu\u00eda.<\/p>\n\n\n\n<h2 class=\"wp-block-heading\">Conclusi\u00f3n<\/h2>\n\n\n\n<p>En conclusi\u00f3n, la compra de la moneda Zedxion en Turqu\u00eda es un proceso simple y seguro. Antes de utilizar este m\u00e9todo de pago, es crucial considerar los posibles costos y las implicaciones fiscales de su transacci\u00f3n. Si decide comprar Zedxion coin en Turqu\u00eda, aseg\u00farese de hacerlo en un intercambio confiable y cumplir con todas las regulaciones de informes fiscales aplicables.<\/p>\n\n\n\n<!-- Page-list plugin v.5.9 wordpress.org\/plugins\/page-list\/ -->\n<ul class=\"page-list siblings-page-list \">\n<li class=\"page_item page-item-21193\"><a href=\"https:\/\/allin1bitcoins.com\/es\/crypto\/zedxion\/apple-pay\/\">C\u00f3mo Comprar Zedxion (ZEDXION) Con Apple Pay<\/a><\/li>\n<li class=\"page_item page-item-21218\"><a href=\"https:\/\/allin1bitcoins.com\/es\/crypto\/zedxion\/crypto-anonymously\/\">C\u00f3mo Comprar Zedxion (ZEDXION) Con Criptomoneda De Forma An\u00f3nima<\/a><\/li>\n<li class=\"page_item page-item-21235\"><a href=\"https:\/\/allin1bitcoins.com\/es\/crypto\/zedxion\/google-pay\/\">Como Comprar Zedxion (ZEDXION) Con Google Pay<\/a><\/li>\n<li class=\"page_item page-item-21176\"><a href=\"https:\/\/allin1bitcoins.com\/es\/crypto\/zedxion\/credit-card\/\">C\u00f3mo Comprar Zedxion (ZEDXION) Con Una Tarjeta De Cr\u00e9dito<\/a><\/li>\n<li class=\"page_item page-item-21206\"><a href=\"https:\/\/allin1bitcoins.com\/es\/crypto\/zedxion\/france\/\">C\u00f3mo Comprar Zedxion (ZEDXION) En Francia<\/a><\/li>\n<li class=\"page_item page-item-21245\"><a href=\"https:\/\/allin1bitcoins.com\/es\/crypto\/zedxion\/norway\/\">C\u00f3mo Comprar Zedxion (ZEDXION) En Noruega<\/a><\/li>\n<li class=\"page_item page-item-21254\"><a href=\"https:\/\/allin1bitcoins.com\/es\/crypto\/zedxion\/turkey\/\">C\u00f3mo Comprar Zedxion (ZEDXION) En Turqu\u00eda<\/a><\/li>\n\n<\/ul>\n","protected":false},"excerpt":{"rendered":"<p>Debe seguir los siguientes pasos para comprar monedas Zedxion en Turqu\u00eda: Localice un intercambio de criptomonedas turco donde pueda comprar y vender monedas Zedxion. Cree un perfil en el intercambio. Compruebe su identificaci\u00f3n si es necesario. Se debe transferir dinero a su cuenta de intercambio. Haga un pedido para comprar moneda Zedxion en el intercambio&#8230;.<\/p>\n","protected":false},"author":5,"featured_media":14572,"parent":21166,"menu_order":0,"comment_status":"closed","ping_status":"closed","template":"","meta":{"cybocfi_hide_featured_image":"","footnotes":""},"acf":[],"yoast_head":"<!-- This site is optimized with the Yoast SEO plugin v21.7 - https:\/\/yoast.com\/wordpress\/plugins\/seo\/ -->\n<title>C\u00f3mo Comprar Zedxion (ZEDXION) En Turqu\u00eda<\/title>\n<meta name=\"description\" content=\"Debes tomar las siguientes acciones para comprar Zedxion en Turqu\u00eda. Sigue leyendo para m\u00e1s detalles sobre el proceso.\" \/>\n<meta name=\"robots\" content=\"index, follow, max-snippet:-1, max-image-preview:large, max-video-preview:-1\" \/>\n<link rel=\"canonical\" href=\"https:\/\/allin1bitcoins.com\/es\/crypto\/zedxion\/turkey\/\" \/>\n<meta property=\"og:locale\" content=\"es_ES\" \/>\n<meta property=\"og:type\" content=\"article\" \/>\n<meta property=\"og:title\" content=\"C\u00f3mo Comprar Zedxion (ZEDXION) En Turqu\u00eda\" \/>\n<meta property=\"og:description\" content=\"Debes tomar las siguientes acciones para comprar Zedxion en Turqu\u00eda. Sigue leyendo para m\u00e1s detalles sobre el proceso.\" \/>\n<meta property=\"og:url\" content=\"https:\/\/allin1bitcoins.com\/es\/crypto\/zedxion\/turkey\/\" \/>\n<meta property=\"og:site_name\" content=\"Allin1Bitcoins\" \/>\n<meta property=\"article:modified_time\" content=\"2023-02-14T06:46:56+00:00\" \/>\n<meta property=\"og:image\" content=\"https:\/\/allin1bitcoins.com\/wp-content\/uploads\/2023\/01\/pexels-alesia-kozik-6781273.jpg\" \/>\n\t<meta property=\"og:image:width\" content=\"1279\" \/>\n\t<meta property=\"og:image:height\" content=\"853\" \/>\n\t<meta property=\"og:image:type\" content=\"image\/jpeg\" \/>\n<meta name=\"twitter:card\" content=\"summary_large_image\" \/>\n<meta name=\"twitter:label1\" content=\"Est. reading time\" \/>\n\t<meta name=\"twitter:data1\" content=\"3 minutes\" \/>\n<!-- \/ Yoast SEO plugin. -->","yoast_head_json":{"title":"C\u00f3mo Comprar Zedxion (ZEDXION) En Turqu\u00eda","description":"Debes tomar las siguientes acciones para comprar Zedxion en Turqu\u00eda. Sigue leyendo para m\u00e1s detalles sobre el proceso.","robots":{"index":"index","follow":"follow","max-snippet":"max-snippet:-1","max-image-preview":"max-image-preview:large","max-video-preview":"max-video-preview:-1"},"canonical":"https:\/\/allin1bitcoins.com\/es\/crypto\/zedxion\/turkey\/","og_locale":"es_ES","og_type":"article","og_title":"C\u00f3mo Comprar Zedxion (ZEDXION) En Turqu\u00eda","og_description":"Debes tomar las siguientes acciones para comprar Zedxion en Turqu\u00eda. Sigue leyendo para m\u00e1s detalles sobre el proceso.","og_url":"https:\/\/allin1bitcoins.com\/es\/crypto\/zedxion\/turkey\/","og_site_name":"Allin1Bitcoins","article_modified_time":"2023-02-14T06:46:56+00:00","og_image":[{"width":1279,"height":853,"url":"https:\/\/allin1bitcoins.com\/wp-content\/uploads\/2023\/01\/pexels-alesia-kozik-6781273.jpg","type":"image\/jpeg"}],"twitter_card":"summary_large_image","twitter_misc":{"Est. reading time":"3 minutes"},"schema":{"@context":"https:\/\/schema.org","@graph":[{"@type":"WebPage","@id":"https:\/\/allin1bitcoins.com\/es\/crypto\/zedxion\/turkey\/","url":"https:\/\/allin1bitcoins.com\/es\/crypto\/zedxion\/turkey\/","name":"C\u00f3mo Comprar Zedxion (ZEDXION) En Turqu\u00eda","isPartOf":{"@id":"https:\/\/allin1bitcoins.com\/es\/#website"},"datePublished":"2023-02-14T06:46:53+00:00","dateModified":"2023-02-14T06:46:56+00:00","description":"Debes tomar las siguientes acciones para comprar Zedxion en Turqu\u00eda. Sigue leyendo para m\u00e1s detalles sobre el proceso.","breadcrumb":{"@id":"https:\/\/allin1bitcoins.com\/es\/crypto\/zedxion\/turkey\/#breadcrumb"},"inLanguage":"es","potentialAction":[{"@type":"ReadAction","target":["https:\/\/allin1bitcoins.com\/es\/crypto\/zedxion\/turkey\/"]}]},{"@type":"BreadcrumbList","@id":"https:\/\/allin1bitcoins.com\/es\/crypto\/zedxion\/turkey\/#breadcrumb","itemListElement":[{"@type":"ListItem","position":1,"name":"Home","item":"https:\/\/allin1bitcoins.com\/es\/"},{"@type":"ListItem","position":2,"name":"Cripto","item":"https:\/\/allin1bitcoins.com\/es\/crypto\/"},{"@type":"ListItem","position":3,"name":"Como Comprar Zedxion (ZEDXION) \u2013 Gu\u00eda detallada (2023)","item":"https:\/\/allin1bitcoins.com\/es\/crypto\/zedxion\/"},{"@type":"ListItem","position":4,"name":"C\u00f3mo Comprar Zedxion (ZEDXION) En Turqu\u00eda"}]},{"@type":"WebSite","@id":"https:\/\/allin1bitcoins.com\/es\/#website","url":"https:\/\/allin1bitcoins.com\/es\/","name":"Allin1Bitcoins","description":"","publisher":{"@id":"https:\/\/allin1bitcoins.com\/es\/#organization"},"potentialAction":[{"@type":"SearchAction","target":{"@type":"EntryPoint","urlTemplate":"https:\/\/allin1bitcoins.com\/es\/?s={search_term_string}"},"query-input":"required name=search_term_string"}],"inLanguage":"es"},{"@type":"Organization","@id":"https:\/\/allin1bitcoins.com\/es\/#organization","name":"allin1bitcoins","url":"https:\/\/allin1bitcoins.com\/es\/","logo":{"@type":"ImageObject","inLanguage":"es","@id":"https:\/\/allin1bitcoins.com\/es\/#\/schema\/logo\/image\/","url":"https:\/\/allin1bitcoins.com\/wp-content\/uploads\/2019\/01\/logo-new.png","contentUrl":"https:\/\/allin1bitcoins.com\/wp-content\/uploads\/2019\/01\/logo-new.png","width":178,"height":71,"caption":"allin1bitcoins"},"image":{"@id":"https:\/\/allin1bitcoins.com\/es\/#\/schema\/logo\/image\/"}}]}},"_links":{"self":[{"href":"https:\/\/allin1bitcoins.com\/es\/wp-json\/wp\/v2\/pages\/21254"}],"collection":[{"href":"https:\/\/allin1bitcoins.com\/es\/wp-json\/wp\/v2\/pages"}],"about":[{"href":"https:\/\/allin1bitcoins.com\/es\/wp-json\/wp\/v2\/types\/page"}],"author":[{"embeddable":true,"href":"https:\/\/allin1bitcoins.com\/es\/wp-json\/wp\/v2\/users\/5"}],"replies":[{"embeddable":true,"href":"https:\/\/allin1bitcoins.com\/es\/wp-json\/wp\/v2\/comments?post=21254"}],"version-history":[{"count":1,"href":"https:\/\/allin1bitcoins.com\/es\/wp-json\/wp\/v2\/pages\/21254\/revisions"}],"predecessor-version":[{"id":21257,"href":"https:\/\/allin1bitcoins.com\/es\/wp-json\/wp\/v2\/pages\/21254\/revisions\/21257"}],"up":[{"embeddable":true,"href":"https:\/\/allin1bitcoins.com\/es\/wp-json\/wp\/v2\/pages\/21166"}],"wp:featuredmedia":[{"embeddable":true,"href":"https:\/\/allin1bitcoins.com\/es\/wp-json\/wp\/v2\/media\/14572"}],"wp:attachment":[{"href":"https:\/\/allin1bitcoins.com\/es\/wp-json\/wp\/v2\/media?parent=21254"}],"curies":[{"name":"wp","href":"https:\/\/api.w.org\/{rel}","templated":true}]}}