{"id":21342,"date":"2023-02-16T06:33:51","date_gmt":"2023-02-16T06:33:51","guid":{"rendered":"https:\/\/allin1bitcoins.com\/?page_id=21342"},"modified":"2023-02-16T06:33:54","modified_gmt":"2023-02-16T06:33:54","slug":"credit-card","status":"publish","type":"page","link":"https:\/\/allin1bitcoins.com\/es\/crypto\/move-network\/credit-card\/","title":{"rendered":"C\u00f3mo Comprar Move Network (MOVD) Con Tarjeta De Cr\u00e9dito"},"content":{"rendered":"\n<p>Debes buscar un exchange de criptomonedas que permita pagos con tarjeta de cr\u00e9dito si quieres comprar Move Network coin usando una tarjeta de cr\u00e9dito. Binance, Bitfinex y Kraken son algunos exchanges conocidos que aceptan pagos con tarjeta de cr\u00e9dito para el token de Move Network. Una vez que hayas encontrado un exchange que cumpla con estos requisitos, deber\u00e1s registrarte, verificar tu identidad y asociar tu tarjeta de cr\u00e9dito como forma de pago. Una vez que se haya creado tu cuenta y se haya confirmado tu identidad, podr\u00e1s comprar Move Network coin con tu tarjeta de cr\u00e9dito.<\/p>\n\n\n\n<h2 class=\"wp-block-heading\">Descripci\u00f3n de la moneda <\/h2>\n\n\n\n<p>Move Network La criptomoneda llamada Move Network coin est\u00e1 basada en la red Ethereum. Fue producida por el equipo de Dapper Labs, que tambi\u00e9n desarroll\u00f3 el conocido juego de blockchain CryptoKitties. Con un enfoque en la escalabilidad y la seguridad, Move Network coin pretende ser una versi\u00f3n m\u00e1s adaptable y f\u00e1cil de usar de Ethereum. Para hacerla m\u00e1s ecol\u00f3gica, tambi\u00e9n se pretende que sea m\u00e1s eficiente en t\u00e9rminos de energ\u00eda que Ethereum.<\/p>\n\n\n\n<h2 class=\"wp-block-heading\">Por qu\u00e9 querr\u00edas utilizar una tarjeta de cr\u00e9dito para comprar monedas <\/h2>\n\n\n\n<p><strong>Move Network Podr\u00edas querer comprar Move Network coin usando una tarjeta de cr\u00e9dito por varias razones, como:<\/strong><\/p>\n\n\n\n<ul><li><strong>Conveniencia: <\/strong>Comprar Move Network coin en l\u00ednea es f\u00e1cil gracias a la disponibilidad y aceptaci\u00f3n de las tarjetas de cr\u00e9dito como forma de pago.<br><br><\/li><li><strong>Recompensas: <\/strong>Muchas tarjetas de cr\u00e9dito ofrecen incentivos por hacer compras, como dinero en efectivo o puntos que se pueden utilizar para comprar cosas como viajes o productos. <br><br><\/li><li><strong>Flexibilidad:<\/strong> Las tarjetas de cr\u00e9dito ofrecen m\u00e1s flexibilidad que otros m\u00e9todos de pago, como transferencias bancarias o tarjetas de d\u00e9bito, ya que te permiten pedir prestado dinero y pagarlo a lo largo del tiempo (asumiendo que pagues tu saldo completo cada mes). Esto puede ser \u00fatil si no tienes suficiente efectivo a mano para comprar Move Network coin de una sola vez.<\/li><\/ul>\n\n\n\n<h2 class=\"wp-block-heading\">Tutorial paso a paso sobre c\u00f3mo comprar Move Network coin con una tarjeta de cr\u00e9dito <\/h2>\n\n\n\n<p><strong>Aqu\u00ed hay un tutorial paso a paso sobre c\u00f3mo comprar Move Network coin con una tarjeta de cr\u00e9dito:<\/strong><\/p>\n\n\n\n<ol><li>Encuentra un intercambio de criptomonedas que ofrezca Move Network coin y acepte pagos con tarjeta de cr\u00e9dito. Algunos intercambios populares que cumplen con estos criterios incluyen Binance, Bitfinex y Kraken.<br><br><\/li><li>Crea una cuenta en el intercambio. Esto generalmente implicar\u00e1 proporcionar informaci\u00f3n personal y verificar tu identidad.<br><br><br><\/li><li>Vincula tu tarjeta de cr\u00e9dito como m\u00e9todo de pago. Esto generalmente implicar\u00e1 ingresar la informaci\u00f3n de tu tarjeta de cr\u00e9dito y verificar que es tuya.<br><br><\/li><li>Compra Move Network coin. Una vez que tu cuenta est\u00e9 configurada y tu tarjeta de cr\u00e9dito est\u00e9 vinculada, puedes comprar Move Network coin usando tu tarjeta de cr\u00e9dito. El proceso exacto para comprar Move Network coin variar\u00e1 seg\u00fan el intercambio que est\u00e9s usando, as\u00ed que aseg\u00farate de seguir las instrucciones proporcionadas por el intercambio.<br><br><\/li><li>Almacena de manera segura tu Move Network coin. Despu\u00e9s de haber comprado Move Network coin, es importante almacenarlo de manera segura. Esto se puede hacer transfiri\u00e9ndolo a una billetera de hardware (como un Ledger Nano o Trezor) o dej\u00e1ndolo en la billetera en l\u00ednea del intercambio (aunque esto generalmente es menos seguro).<\/li><\/ol>\n\n\n\n<figure class=\"wp-block-embed is-type-video is-provider-youtube wp-block-embed-youtube wp-embed-aspect-16-9 wp-has-aspect-ratio\"><div class=\"wp-block-embed__wrapper\">\n<iframe title=\"HOW TO DEPOSIT ON BINANCE USING CREDIT OR DEBIT CARD!!BUY CRYPTO USING A CREDIT OR DEBIT CARD\" width=\"800\" height=\"450\" src=\"https:\/\/www.youtube.com\/embed\/8vwU3N5QOGs?feature=oembed\" frameborder=\"0\" allow=\"accelerometer; autoplay; clipboard-write; encrypted-media; gyroscope; picture-in-picture; web-share\" allowfullscreen><\/iframe>\n<\/div><\/figure>\n\n\n\n<h2 class=\"wp-block-heading\">Desventajas de comprar Move Network coin con una tarjeta de cr\u00e9dito <\/h2>\n\n\n\n<p><strong>Hay algunas desventajas a considerar al comprar Move Network coin con una tarjeta de cr\u00e9dito, incluyendo:<\/strong><\/p>\n\n\n\n<ul><li><strong>Tarifas:<\/strong> Algunos intercambios de criptomonedas cobran tarifas por pagos con tarjeta de cr\u00e9dito, lo que puede aumentar el costo total de su compra. Aseg\u00farese de verificar las tarifas cobradas por el intercambio antes de comprar Move Network coin con una tarjeta de cr\u00e9dito.<br><br><\/li><li><strong>Intereses:<\/strong> Si no paga el saldo de su tarjeta de cr\u00e9dito en su totalidad cada mes, acumular\u00e1 intereses sobre su saldo impago. Esto puede aumentar significativamente el costo de su compra de Move Network coin con el tiempo.<br><br><\/li><li><strong>Riesgo de fraude: <\/strong>El fraude con tarjetas de cr\u00e9dito es un riesgo con cualquier compra en l\u00ednea, incluida la compra de Move Network coin. Para protegerse, es importante usar su tarjeta de cr\u00e9dito solo en sitios web seguros y monitorear su cuenta en busca de actividad sospechosa.<\/li><\/ul>\n\n\n\n<h2 class=\"wp-block-heading\">Conclusi\u00f3n <\/h2>\n\n\n\n<p>En conclusi\u00f3n, comprar Move Network coin con una tarjeta de cr\u00e9dito es una forma conveniente y flexible de comprar la criptomoneda. Sin embargo, es importante tener en cuenta las tarifas e intereses que pueden estar asociados con las compras con tarjeta de cr\u00e9dito, as\u00ed como el riesgo de fraude. Siguiendo los pasos descritos en este tutorial y tomando las precauciones adecuadas, deber\u00eda poder comprar Move Network coin con una tarjeta de cr\u00e9dito de manera f\u00e1cil y segura. Como con cualquier inversi\u00f3n, siempre es buena idea investigar y invertir sabiamente.<\/p>\n\n\n\n<!-- Page-list plugin v.5.9 wordpress.org\/plugins\/page-list\/ -->\n<ul class=\"page-list siblings-page-list \">\n<li class=\"page_item page-item-21315\"><a href=\"https:\/\/allin1bitcoins.com\/es\/crypto\/move-network\/norway\/\">C\u00f3mo Comprar Move Netwok (MOVD) En Noruega<\/a><\/li>\n<li class=\"page_item page-item-21359\"><a href=\"https:\/\/allin1bitcoins.com\/es\/crypto\/move-network\/paypal\/\">C\u00f3mo Comprar Move Network (MOVD) Con PayPal<\/a><\/li>\n<li class=\"page_item page-item-21342\"><a href=\"https:\/\/allin1bitcoins.com\/es\/crypto\/move-network\/credit-card\/\">C\u00f3mo Comprar Move Network (MOVD) Con Tarjeta De Cr\u00e9dito<\/a><\/li>\n<li class=\"page_item page-item-21304\"><a href=\"https:\/\/allin1bitcoins.com\/es\/crypto\/move-network\/crypto-anonymously\/\">C\u00f3mo Comprar Move Network (MOVD) Con Una Criptomoneda De Forma an\u00f3nima<\/a><\/li>\n<li class=\"page_item page-item-21350\"><a href=\"https:\/\/allin1bitcoins.com\/es\/crypto\/move-network\/debit-card\/\">C\u00f3mo Comprar Move Network (MOVD) Con Una Tarjeta De D\u00e9bito<\/a><\/li>\n<li class=\"page_item page-item-21323\"><a href=\"https:\/\/allin1bitcoins.com\/es\/crypto\/move-network\/denmark\/\">C\u00f3mo Comprar Move Network (MOVD) En Dinamarca<\/a><\/li>\n<li class=\"page_item page-item-21293\"><a href=\"https:\/\/allin1bitcoins.com\/es\/crypto\/move-network\/united-kingdom\/\">C\u00f3mo Comprar Move Network (MOVD) En El Reino Unido<\/a><\/li>\n<li class=\"page_item page-item-21331\"><a href=\"https:\/\/allin1bitcoins.com\/es\/crypto\/move-network\/vietnam\/\">C\u00f3mo Comprar Move Network (MOVD) En Vietnam<\/a><\/li>\n\n<\/ul>\n","protected":false},"excerpt":{"rendered":"<p>Debes buscar un exchange de criptomonedas que permita pagos con tarjeta de cr\u00e9dito si quieres comprar Move Network coin usando una tarjeta de cr\u00e9dito. Binance, Bitfinex y Kraken son algunos exchanges conocidos que aceptan pagos con tarjeta de cr\u00e9dito para el token de Move Network. Una vez que hayas encontrado un exchange que cumpla con&#8230;<\/p>\n","protected":false},"author":5,"featured_media":14919,"parent":21280,"menu_order":0,"comment_status":"closed","ping_status":"closed","template":"","meta":{"cybocfi_hide_featured_image":"","footnotes":""},"acf":[],"yoast_head":"<!-- This site is optimized with the Yoast SEO plugin v21.7 - https:\/\/yoast.com\/wordpress\/plugins\/seo\/ -->\n<title>C\u00f3mo Comprar Move Network (MOVD) Con Tarjeta De Cr\u00e9dito - Allin1Bitcoins<\/title>\n<meta name=\"description\" content=\"Debes buscar un intercambio de criptomonedas que permita pagos con tarjeta de cr\u00e9dito si deseas comprar Move Network coin utilizando una tarjeta de cr\u00e9dito.\" \/>\n<meta name=\"robots\" content=\"index, follow, max-snippet:-1, max-image-preview:large, max-video-preview:-1\" \/>\n<link rel=\"canonical\" href=\"https:\/\/allin1bitcoins.com\/es\/crypto\/move-network\/credit-card\/\" \/>\n<meta property=\"og:locale\" content=\"es_ES\" \/>\n<meta property=\"og:type\" content=\"article\" \/>\n<meta property=\"og:title\" content=\"C\u00f3mo Comprar Move Network (MOVD) Con Tarjeta De Cr\u00e9dito - Allin1Bitcoins\" \/>\n<meta property=\"og:description\" content=\"Debes buscar un intercambio de criptomonedas que permita pagos con tarjeta de cr\u00e9dito si deseas comprar Move Network coin utilizando una tarjeta de cr\u00e9dito.\" \/>\n<meta property=\"og:url\" content=\"https:\/\/allin1bitcoins.com\/es\/crypto\/move-network\/credit-card\/\" \/>\n<meta property=\"og:site_name\" content=\"Allin1Bitcoins\" \/>\n<meta property=\"article:modified_time\" content=\"2023-02-16T06:33:54+00:00\" \/>\n<meta property=\"og:image\" content=\"https:\/\/allin1bitcoins.com\/wp-content\/uploads\/2023\/01\/pexels-pixabay-164571.jpg\" \/>\n\t<meta property=\"og:image:width\" content=\"1280\" \/>\n\t<meta property=\"og:image:height\" content=\"853\" \/>\n\t<meta property=\"og:image:type\" content=\"image\/jpeg\" \/>\n<meta name=\"twitter:card\" content=\"summary_large_image\" \/>\n<meta name=\"twitter:label1\" content=\"Est. reading time\" \/>\n\t<meta name=\"twitter:data1\" content=\"4 minutes\" \/>\n<!-- \/ Yoast SEO plugin. -->","yoast_head_json":{"title":"C\u00f3mo Comprar Move Network (MOVD) Con Tarjeta De Cr\u00e9dito - Allin1Bitcoins","description":"Debes buscar un intercambio de criptomonedas que permita pagos con tarjeta de cr\u00e9dito si deseas comprar Move Network coin utilizando una tarjeta de cr\u00e9dito.","robots":{"index":"index","follow":"follow","max-snippet":"max-snippet:-1","max-image-preview":"max-image-preview:large","max-video-preview":"max-video-preview:-1"},"canonical":"https:\/\/allin1bitcoins.com\/es\/crypto\/move-network\/credit-card\/","og_locale":"es_ES","og_type":"article","og_title":"C\u00f3mo Comprar Move Network (MOVD) Con Tarjeta De Cr\u00e9dito - Allin1Bitcoins","og_description":"Debes buscar un intercambio de criptomonedas que permita pagos con tarjeta de cr\u00e9dito si deseas comprar Move Network coin utilizando una tarjeta de cr\u00e9dito.","og_url":"https:\/\/allin1bitcoins.com\/es\/crypto\/move-network\/credit-card\/","og_site_name":"Allin1Bitcoins","article_modified_time":"2023-02-16T06:33:54+00:00","og_image":[{"width":1280,"height":853,"url":"https:\/\/allin1bitcoins.com\/wp-content\/uploads\/2023\/01\/pexels-pixabay-164571.jpg","type":"image\/jpeg"}],"twitter_card":"summary_large_image","twitter_misc":{"Est. reading time":"4 minutes"},"schema":{"@context":"https:\/\/schema.org","@graph":[{"@type":"WebPage","@id":"https:\/\/allin1bitcoins.com\/es\/crypto\/move-network\/credit-card\/","url":"https:\/\/allin1bitcoins.com\/es\/crypto\/move-network\/credit-card\/","name":"C\u00f3mo Comprar Move Network (MOVD) Con Tarjeta De Cr\u00e9dito - Allin1Bitcoins","isPartOf":{"@id":"https:\/\/allin1bitcoins.com\/es\/#website"},"datePublished":"2023-02-16T06:33:51+00:00","dateModified":"2023-02-16T06:33:54+00:00","description":"Debes buscar un intercambio de criptomonedas que permita pagos con tarjeta de cr\u00e9dito si deseas comprar Move Network coin utilizando una tarjeta de cr\u00e9dito.","breadcrumb":{"@id":"https:\/\/allin1bitcoins.com\/es\/crypto\/move-network\/credit-card\/#breadcrumb"},"inLanguage":"es","potentialAction":[{"@type":"ReadAction","target":["https:\/\/allin1bitcoins.com\/es\/crypto\/move-network\/credit-card\/"]}]},{"@type":"BreadcrumbList","@id":"https:\/\/allin1bitcoins.com\/es\/crypto\/move-network\/credit-card\/#breadcrumb","itemListElement":[{"@type":"ListItem","position":1,"name":"Home","item":"https:\/\/allin1bitcoins.com\/es\/"},{"@type":"ListItem","position":2,"name":"Cripto","item":"https:\/\/allin1bitcoins.com\/es\/crypto\/"},{"@type":"ListItem","position":3,"name":"C\u00f3mo Comprar Move Network (Gu\u00eda Paso A Paso 2023)","item":"https:\/\/allin1bitcoins.com\/es\/crypto\/move-network\/"},{"@type":"ListItem","position":4,"name":"C\u00f3mo Comprar Move Network (MOVD) Con Tarjeta De Cr\u00e9dito"}]},{"@type":"WebSite","@id":"https:\/\/allin1bitcoins.com\/es\/#website","url":"https:\/\/allin1bitcoins.com\/es\/","name":"Allin1Bitcoins","description":"","publisher":{"@id":"https:\/\/allin1bitcoins.com\/es\/#organization"},"potentialAction":[{"@type":"SearchAction","target":{"@type":"EntryPoint","urlTemplate":"https:\/\/allin1bitcoins.com\/es\/?s={search_term_string}"},"query-input":"required name=search_term_string"}],"inLanguage":"es"},{"@type":"Organization","@id":"https:\/\/allin1bitcoins.com\/es\/#organization","name":"allin1bitcoins","url":"https:\/\/allin1bitcoins.com\/es\/","logo":{"@type":"ImageObject","inLanguage":"es","@id":"https:\/\/allin1bitcoins.com\/es\/#\/schema\/logo\/image\/","url":"https:\/\/allin1bitcoins.com\/wp-content\/uploads\/2019\/01\/logo-new.png","contentUrl":"https:\/\/allin1bitcoins.com\/wp-content\/uploads\/2019\/01\/logo-new.png","width":178,"height":71,"caption":"allin1bitcoins"},"image":{"@id":"https:\/\/allin1bitcoins.com\/es\/#\/schema\/logo\/image\/"}}]}},"_links":{"self":[{"href":"https:\/\/allin1bitcoins.com\/es\/wp-json\/wp\/v2\/pages\/21342"}],"collection":[{"href":"https:\/\/allin1bitcoins.com\/es\/wp-json\/wp\/v2\/pages"}],"about":[{"href":"https:\/\/allin1bitcoins.com\/es\/wp-json\/wp\/v2\/types\/page"}],"author":[{"embeddable":true,"href":"https:\/\/allin1bitcoins.com\/es\/wp-json\/wp\/v2\/users\/5"}],"replies":[{"embeddable":true,"href":"https:\/\/allin1bitcoins.com\/es\/wp-json\/wp\/v2\/comments?post=21342"}],"version-history":[{"count":1,"href":"https:\/\/allin1bitcoins.com\/es\/wp-json\/wp\/v2\/pages\/21342\/revisions"}],"predecessor-version":[{"id":21346,"href":"https:\/\/allin1bitcoins.com\/es\/wp-json\/wp\/v2\/pages\/21342\/revisions\/21346"}],"up":[{"embeddable":true,"href":"https:\/\/allin1bitcoins.com\/es\/wp-json\/wp\/v2\/pages\/21280"}],"wp:featuredmedia":[{"embeddable":true,"href":"https:\/\/allin1bitcoins.com\/es\/wp-json\/wp\/v2\/media\/14919"}],"wp:attachment":[{"href":"https:\/\/allin1bitcoins.com\/es\/wp-json\/wp\/v2\/media?parent=21342"}],"curies":[{"name":"wp","href":"https:\/\/api.w.org\/{rel}","templated":true}]}}