{"id":21359,"date":"2023-02-16T10:58:27","date_gmt":"2023-02-16T10:58:27","guid":{"rendered":"https:\/\/allin1bitcoins.com\/?page_id=21359"},"modified":"2023-02-16T10:58:33","modified_gmt":"2023-02-16T10:58:33","slug":"paypal","status":"publish","type":"page","link":"https:\/\/allin1bitcoins.com\/es\/crypto\/move-network\/paypal\/","title":{"rendered":"C\u00f3mo Comprar Move Network (MOVD) Con PayPal"},"content":{"rendered":"\n<p>Si desea comprar monedas de Move Network con PayPal, deber\u00e1 encontrar un intercambio de criptomonedas que acepte pagos con PayPal. Algunos intercambios populares que aceptan pagos con PayPal para las monedas de Move Network incluyen eToro, Paxful y LocalBitcoins. Una vez que haya encontrado un intercambio que cumpla con estos criterios, deber\u00e1 crear una cuenta, verificar su identidad y vincular su cuenta de PayPal como m\u00e9todo de pago. Despu\u00e9s de configurar su cuenta y verificar su identidad, podr\u00e1 comprar monedas de Move Network con su cuenta de PayPal.<\/p>\n\n\n\n<h2 class=\"wp-block-heading\">Visi\u00f3n general de la moneda de Move Network <\/h2>\n\n\n\n<p>La moneda de Move Network es una criptomoneda que se construye en la cadena de bloques de Ethereum. Fue creada por el equipo de Dapper Labs, la compa\u00f1\u00eda detr\u00e1s del popular juego de blockchain CryptoKitties. La moneda de Move Network est\u00e1 dise\u00f1ada para ser una versi\u00f3n m\u00e1s flexible y f\u00e1cil de usar de Ethereum, con un enfoque en la escalabilidad y la seguridad. Tambi\u00e9n est\u00e1 dise\u00f1ada para ser m\u00e1s eficiente en energ\u00eda que Ethereum, con el objetivo de hacerla m\u00e1s respetuosa con el medio ambiente.<\/p>\n\n\n\n<h2 class=\"wp-block-heading\">Por qu\u00e9 le gustar\u00eda comprar monedas de Move Network con PayPal <\/h2>\n\n\n\n<p><strong>Hay varias razones por las que podr\u00eda querer comprar monedas de Move Network con PayPal, incluyendo:<\/strong><\/p>\n\n\n\n<ul><li><strong>Conveniencia: <\/strong>PayPal es un m\u00e9todo de pago conveniente y ampliamente aceptado, lo que facilita la compra de monedas de Move Network en l\u00ednea.<br><br><\/li><li><strong>Seguridad:<\/strong> PayPal ofrece protecci\u00f3n al comprador y otras medidas de seguridad para proteger contra el fraude, lo que puede ser \u00fatil al comprar criptomonedas en l\u00ednea.<br><br><\/li><li><strong>Procesamiento r\u00e1pido:<\/strong> las transacciones de PayPal se procesan r\u00e1pidamente en general, lo que puede ser beneficioso si desea comprar monedas de Move Network lo antes posible.<\/li><\/ul>\n\n\n\n<h2 class=\"wp-block-heading\">Tutorial paso a paso sobre c\u00f3mo comprar Move Network coin con PayPal<\/h2>\n\n\n\n<p><strong>Aqu\u00ed hay un tutorial paso a paso sobre c\u00f3mo comprar Move Network coin con PayPal:<\/strong><\/p>\n\n\n\n<ol><li>Encuentra un intercambio de criptomonedas que ofrezca Move Network coin y acepte pagos con PayPal. Algunos intercambios populares que cumplen con estos criterios incluyen eToro, Paxful y LocalBitcoins.<br><br><\/li><li>Crea una cuenta en el intercambio. Esto generalmente implicar\u00e1 proporcionar cierta informaci\u00f3n personal y verificar tu identidad.<br><br><\/li><li>Vincula tu cuenta de PayPal como m\u00e9todo de pago. Esto generalmente implicar\u00e1 iniciar sesi\u00f3n en tu cuenta de PayPal y autorizar al intercambio a acceder a tu cuenta.<br><br><\/li><li>Compra Move Network coin. Una vez que tu cuenta est\u00e9 configurada y tu cuenta de PayPal est\u00e9 vinculada, puedes comprar Move Network coin usando tu cuenta de PayPal. El proceso exacto para comprar Move Network coin variar\u00e1 seg\u00fan el intercambio que est\u00e9s utilizando, as\u00ed que aseg\u00farate de seguir las instrucciones proporcionadas por el intercambio.<br><br><\/li><li>Almacena tu Move Network coin de manera segura. Despu\u00e9s de comprar Move Network coin, es importante almacenarlo de manera segura. Esto se puede hacer transfiri\u00e9ndolo a una billetera de hardware (como Ledger Nano o Trezor) o dej\u00e1ndolo en la billetera en l\u00ednea del intercambio (aunque esto generalmente es menos seguro).<\/li><\/ol>\n\n\n\n<figure class=\"wp-block-embed is-type-video is-provider-youtube wp-block-embed-youtube wp-embed-aspect-16-9 wp-has-aspect-ratio\"><div class=\"wp-block-embed__wrapper\">\n<iframe title=\"PayPal Crypto: Pros &amp; Cons Of Buying Cryptocurrency With PayPal Crypto\" width=\"800\" height=\"450\" src=\"https:\/\/www.youtube.com\/embed\/TK2ph9WD3Js?feature=oembed\" frameborder=\"0\" allow=\"accelerometer; autoplay; clipboard-write; encrypted-media; gyroscope; picture-in-picture; web-share\" allowfullscreen><\/iframe>\n<\/div><\/figure>\n\n\n\n<h2 class=\"wp-block-heading\">Desventajas de comprar la criptomoneda Move Network con PayPal<\/h2>\n\n\n\n<p><strong>Hay algunas desventajas a considerar al comprar la criptomoneda Move Network con PayPal, que incluyen:<\/strong><\/p>\n\n\n\n<p>Tarifas: Algunos exchanges de criptomonedas cobran tarifas por pagos con PayPal, lo que puede aumentar el costo total de tu compra. Aseg\u00farate de revisar las tarifas cobradas por el exchange antes de comprar Move Network con PayPal. Disponibilidad limitada: No todos los exchanges de criptomonedas aceptan pagos con PayPal, por lo que puede ser m\u00e1s dif\u00edcil encontrar un exchange que ofrezca esta opci\u00f3n de pago.<\/p>\n\n\n\n<p>Riesgo de devoluciones de cargo: PayPal permite a los usuarios iniciar devoluciones de cargo si creen que han sido v\u00edctimas de fraude. Si bien esto puede ser una medida de seguridad \u00fatil, tambi\u00e9n puede ser riesgoso para los vendedores de criptomonedas, ya que las devoluciones de cargo pueden resultar en la reversi\u00f3n de una transacci\u00f3n completada. Esto puede hacer que algunos exchanges duden en aceptar PayPal como m\u00e9todo de pago para Move Network.<\/p>\n\n\n\n<h2 class=\"wp-block-heading\">Conclusi\u00f3n<\/h2>\n\n\n\n<p>En conclusi\u00f3n, comprar Move Network con PayPal es una forma conveniente y segura de adquirir la criptomoneda. Sin embargo, es importante tener en cuenta las tarifas y los posibles problemas de disponibilidad que pueden estar asociados con los pagos de PayPal, as\u00ed como el riesgo de devoluciones de cargo. Siguiendo los pasos descritos en este tutorial y tomando las precauciones adecuadas, deber\u00edas poder comprar Move Network con PayPal de manera f\u00e1cil y segura. Como con cualquier inversi\u00f3n, siempre es buena idea hacer tu propia investigaci\u00f3n e invertir sabiamente.<\/p>\n\n\n\n<!-- Page-list plugin v.5.9 wordpress.org\/plugins\/page-list\/ -->\n<ul class=\"page-list siblings-page-list \">\n<li class=\"page_item page-item-21315\"><a href=\"https:\/\/allin1bitcoins.com\/es\/crypto\/move-network\/norway\/\">C\u00f3mo Comprar Move Netwok (MOVD) En Noruega<\/a><\/li>\n<li class=\"page_item page-item-21359\"><a href=\"https:\/\/allin1bitcoins.com\/es\/crypto\/move-network\/paypal\/\">C\u00f3mo Comprar Move Network (MOVD) Con PayPal<\/a><\/li>\n<li class=\"page_item page-item-21342\"><a href=\"https:\/\/allin1bitcoins.com\/es\/crypto\/move-network\/credit-card\/\">C\u00f3mo Comprar Move Network (MOVD) Con Tarjeta De Cr\u00e9dito<\/a><\/li>\n<li class=\"page_item page-item-21304\"><a href=\"https:\/\/allin1bitcoins.com\/es\/crypto\/move-network\/crypto-anonymously\/\">C\u00f3mo Comprar Move Network (MOVD) Con Una Criptomoneda De Forma an\u00f3nima<\/a><\/li>\n<li class=\"page_item page-item-21350\"><a href=\"https:\/\/allin1bitcoins.com\/es\/crypto\/move-network\/debit-card\/\">C\u00f3mo Comprar Move Network (MOVD) Con Una Tarjeta De D\u00e9bito<\/a><\/li>\n<li class=\"page_item page-item-21323\"><a href=\"https:\/\/allin1bitcoins.com\/es\/crypto\/move-network\/denmark\/\">C\u00f3mo Comprar Move Network (MOVD) En Dinamarca<\/a><\/li>\n<li class=\"page_item page-item-21293\"><a href=\"https:\/\/allin1bitcoins.com\/es\/crypto\/move-network\/united-kingdom\/\">C\u00f3mo Comprar Move Network (MOVD) En El Reino Unido<\/a><\/li>\n<li class=\"page_item page-item-21331\"><a href=\"https:\/\/allin1bitcoins.com\/es\/crypto\/move-network\/vietnam\/\">C\u00f3mo Comprar Move Network (MOVD) En Vietnam<\/a><\/li>\n\n<\/ul>\n","protected":false},"excerpt":{"rendered":"<p>Si desea comprar monedas de Move Network con PayPal, deber\u00e1 encontrar un intercambio de criptomonedas que acepte pagos con PayPal. Algunos intercambios populares que aceptan pagos con PayPal para las monedas de Move Network incluyen eToro, Paxful y LocalBitcoins. Una vez que haya encontrado un intercambio que cumpla con estos criterios, deber\u00e1 crear una cuenta,&#8230;<\/p>\n","protected":false},"author":5,"featured_media":14952,"parent":21280,"menu_order":0,"comment_status":"closed","ping_status":"closed","template":"","meta":{"cybocfi_hide_featured_image":"","footnotes":""},"acf":[],"yoast_head":"<!-- This site is optimized with the Yoast SEO plugin v21.7 - https:\/\/yoast.com\/wordpress\/plugins\/seo\/ -->\n<title>C\u00f3mo Comprar Move Network (MOVD) Con PayPal<\/title>\n<meta name=\"description\" content=\"Si quieres comprar la moneda Move Network con PayPal, necesitar\u00e1s encontrar un intercambio de criptomonedas que acepte pagos de PayPal.\" \/>\n<meta name=\"robots\" content=\"index, follow, max-snippet:-1, max-image-preview:large, max-video-preview:-1\" \/>\n<link rel=\"canonical\" href=\"https:\/\/allin1bitcoins.com\/es\/crypto\/move-network\/paypal\/\" \/>\n<meta property=\"og:locale\" content=\"es_ES\" \/>\n<meta property=\"og:type\" content=\"article\" \/>\n<meta property=\"og:title\" content=\"C\u00f3mo Comprar Move Network (MOVD) Con PayPal\" \/>\n<meta property=\"og:description\" content=\"Si quieres comprar la moneda Move Network con PayPal, necesitar\u00e1s encontrar un intercambio de criptomonedas que acepte pagos de PayPal.\" \/>\n<meta property=\"og:url\" content=\"https:\/\/allin1bitcoins.com\/es\/crypto\/move-network\/paypal\/\" \/>\n<meta property=\"og:site_name\" content=\"Allin1Bitcoins\" \/>\n<meta property=\"article:modified_time\" content=\"2023-02-16T10:58:33+00:00\" \/>\n<meta property=\"og:image\" content=\"https:\/\/allin1bitcoins.com\/wp-content\/uploads\/2023\/01\/pexels-rodnae-productions-8370775.jpg\" \/>\n\t<meta property=\"og:image:width\" content=\"1280\" \/>\n\t<meta property=\"og:image:height\" content=\"1920\" \/>\n\t<meta property=\"og:image:type\" content=\"image\/jpeg\" \/>\n<meta name=\"twitter:card\" content=\"summary_large_image\" \/>\n<meta name=\"twitter:label1\" content=\"Est. reading time\" \/>\n\t<meta name=\"twitter:data1\" content=\"4 minutes\" \/>\n<!-- \/ Yoast SEO plugin. -->","yoast_head_json":{"title":"C\u00f3mo Comprar Move Network (MOVD) Con PayPal","description":"Si quieres comprar la moneda Move Network con PayPal, necesitar\u00e1s encontrar un intercambio de criptomonedas que acepte pagos de PayPal.","robots":{"index":"index","follow":"follow","max-snippet":"max-snippet:-1","max-image-preview":"max-image-preview:large","max-video-preview":"max-video-preview:-1"},"canonical":"https:\/\/allin1bitcoins.com\/es\/crypto\/move-network\/paypal\/","og_locale":"es_ES","og_type":"article","og_title":"C\u00f3mo Comprar Move Network (MOVD) Con PayPal","og_description":"Si quieres comprar la moneda Move Network con PayPal, necesitar\u00e1s encontrar un intercambio de criptomonedas que acepte pagos de PayPal.","og_url":"https:\/\/allin1bitcoins.com\/es\/crypto\/move-network\/paypal\/","og_site_name":"Allin1Bitcoins","article_modified_time":"2023-02-16T10:58:33+00:00","og_image":[{"width":1280,"height":1920,"url":"https:\/\/allin1bitcoins.com\/wp-content\/uploads\/2023\/01\/pexels-rodnae-productions-8370775.jpg","type":"image\/jpeg"}],"twitter_card":"summary_large_image","twitter_misc":{"Est. reading time":"4 minutes"},"schema":{"@context":"https:\/\/schema.org","@graph":[{"@type":"WebPage","@id":"https:\/\/allin1bitcoins.com\/es\/crypto\/move-network\/paypal\/","url":"https:\/\/allin1bitcoins.com\/es\/crypto\/move-network\/paypal\/","name":"C\u00f3mo Comprar Move Network (MOVD) Con PayPal","isPartOf":{"@id":"https:\/\/allin1bitcoins.com\/es\/#website"},"datePublished":"2023-02-16T10:58:27+00:00","dateModified":"2023-02-16T10:58:33+00:00","description":"Si quieres comprar la moneda Move Network con PayPal, necesitar\u00e1s encontrar un intercambio de criptomonedas que acepte pagos de PayPal.","breadcrumb":{"@id":"https:\/\/allin1bitcoins.com\/es\/crypto\/move-network\/paypal\/#breadcrumb"},"inLanguage":"es","potentialAction":[{"@type":"ReadAction","target":["https:\/\/allin1bitcoins.com\/es\/crypto\/move-network\/paypal\/"]}]},{"@type":"BreadcrumbList","@id":"https:\/\/allin1bitcoins.com\/es\/crypto\/move-network\/paypal\/#breadcrumb","itemListElement":[{"@type":"ListItem","position":1,"name":"Home","item":"https:\/\/allin1bitcoins.com\/es\/"},{"@type":"ListItem","position":2,"name":"Cripto","item":"https:\/\/allin1bitcoins.com\/es\/crypto\/"},{"@type":"ListItem","position":3,"name":"C\u00f3mo Comprar Move Network (Gu\u00eda Paso A Paso 2023)","item":"https:\/\/allin1bitcoins.com\/es\/crypto\/move-network\/"},{"@type":"ListItem","position":4,"name":"C\u00f3mo Comprar Move Network (MOVD) Con PayPal"}]},{"@type":"WebSite","@id":"https:\/\/allin1bitcoins.com\/es\/#website","url":"https:\/\/allin1bitcoins.com\/es\/","name":"Allin1Bitcoins","description":"","publisher":{"@id":"https:\/\/allin1bitcoins.com\/es\/#organization"},"potentialAction":[{"@type":"SearchAction","target":{"@type":"EntryPoint","urlTemplate":"https:\/\/allin1bitcoins.com\/es\/?s={search_term_string}"},"query-input":"required name=search_term_string"}],"inLanguage":"es"},{"@type":"Organization","@id":"https:\/\/allin1bitcoins.com\/es\/#organization","name":"allin1bitcoins","url":"https:\/\/allin1bitcoins.com\/es\/","logo":{"@type":"ImageObject","inLanguage":"es","@id":"https:\/\/allin1bitcoins.com\/es\/#\/schema\/logo\/image\/","url":"https:\/\/allin1bitcoins.com\/wp-content\/uploads\/2019\/01\/logo-new.png","contentUrl":"https:\/\/allin1bitcoins.com\/wp-content\/uploads\/2019\/01\/logo-new.png","width":178,"height":71,"caption":"allin1bitcoins"},"image":{"@id":"https:\/\/allin1bitcoins.com\/es\/#\/schema\/logo\/image\/"}}]}},"_links":{"self":[{"href":"https:\/\/allin1bitcoins.com\/es\/wp-json\/wp\/v2\/pages\/21359"}],"collection":[{"href":"https:\/\/allin1bitcoins.com\/es\/wp-json\/wp\/v2\/pages"}],"about":[{"href":"https:\/\/allin1bitcoins.com\/es\/wp-json\/wp\/v2\/types\/page"}],"author":[{"embeddable":true,"href":"https:\/\/allin1bitcoins.com\/es\/wp-json\/wp\/v2\/users\/5"}],"replies":[{"embeddable":true,"href":"https:\/\/allin1bitcoins.com\/es\/wp-json\/wp\/v2\/comments?post=21359"}],"version-history":[{"count":2,"href":"https:\/\/allin1bitcoins.com\/es\/wp-json\/wp\/v2\/pages\/21359\/revisions"}],"predecessor-version":[{"id":21365,"href":"https:\/\/allin1bitcoins.com\/es\/wp-json\/wp\/v2\/pages\/21359\/revisions\/21365"}],"up":[{"embeddable":true,"href":"https:\/\/allin1bitcoins.com\/es\/wp-json\/wp\/v2\/pages\/21280"}],"wp:featuredmedia":[{"embeddable":true,"href":"https:\/\/allin1bitcoins.com\/es\/wp-json\/wp\/v2\/media\/14952"}],"wp:attachment":[{"href":"https:\/\/allin1bitcoins.com\/es\/wp-json\/wp\/v2\/media?parent=21359"}],"curies":[{"name":"wp","href":"https:\/\/api.w.org\/{rel}","templated":true}]}}