{"id":21372,"date":"2023-02-16T15:46:28","date_gmt":"2023-02-16T15:46:28","guid":{"rendered":"https:\/\/allin1bitcoins.com\/?page_id=21372"},"modified":"2023-02-16T15:46:30","modified_gmt":"2023-02-16T15:46:30","slug":"bobcoin","status":"publish","type":"page","link":"https:\/\/allin1bitcoins.com\/es\/crypto\/bobcoin\/","title":{"rendered":"C\u00f3mo Comprar Bobcoin (BOBC) &#8211; Gu\u00eda Paso A Paso"},"content":{"rendered":"\n<h2 class=\"wp-block-heading\">Comprando Bobcoin: una breve respuesta<\/h2>\n\n\n\n<p>Bobcoin es una moneda digital que se puede utilizar para transacciones en l\u00ednea. Para comprar Bobcoin, debes crear una billetera digital y registrarte en un intercambio de criptomonedas que ofrezca Bobcoin. Despu\u00e9s de eso, puedes comprar Bobcoin utilizando varias opciones de pago diferentes, como una tarjeta de cr\u00e9dito, una transferencia bancaria o incluso efectivo.<\/p>\n\n\n\n<h2 class=\"wp-block-heading\">Introducci\u00f3n a la moneda Bobcoin<\/h2>\n\n\n\n<p>Con Bobcoin, los usuarios pueden enviar y recibir dinero sin necesidad de un intermediario, ya que es una moneda digital descentralizada que funciona en una red peer-to-peer. En 2009, &#8220;Satoshi Nakamoto&#8221;, una persona o grupo pseud\u00f3nimo, invent\u00f3 la criptomoneda btc. El dinero estaba destinado a ser un reemplazo m\u00e1s confiable y efectivo para las monedas fiat convencionales como el d\u00f3lar estadounidense o el euro.<\/p>\n\n\n\n<p>Una de las caracter\u00edsticas distintivas de Bobcoin es su oferta limitada. Solo habr\u00e1 21 millones de Bobcoins en circulaci\u00f3n; a enero de 2021, ya exist\u00edan m\u00e1s de 18,6 millones. El valor de Bobcoin ha aumentado significativamente con el tiempo como resultado de la oferta limitada de la moneda y la creciente demanda.<\/p>\n\n\n\n<h2 class=\"wp-block-heading\">Descripci\u00f3n general del procedimiento de compra de Bobcoin<\/h2>\n\n\n\n<p>Configurar una billetera digital es el primer paso que debes tomar si deseas comprar Bobcoin. Una billetera digital es un software que te permite enviar, recibir y almacenar Bobcoins. Las billeteras digitales vienen en varias formas, como billeteras de software que puedes configurar en tu computadora o dispositivo m\u00f3vil y billeteras de hardware que mantienen tus Bobcoins en un objeto tangible como una unidad USB.<\/p>\n\n\n\n<p>Despu\u00e9s de configurar una billetera digital, debes registrarte en un intercambio de criptomonedas que acepte Bobcoin. Un mercado en l\u00ednea donde puedes comprar, vender e intercambiar diferentes tipos de monedas digitales se conoce como un intercambio de criptomonedas. Los intercambios de criptomonedas populares como Coinbase, Binance y Kraken admiten todos Bobcoin.<\/p>\n\n\n\n<figure class=\"wp-block-embed is-type-video is-provider-youtube wp-block-embed-youtube wp-embed-aspect-16-9 wp-has-aspect-ratio\"><div class=\"wp-block-embed__wrapper\">\n<iframe title=\"Bob Eco | Bobcoin - Fan film &#039;Everything you need to know about Bobcoin&#039;\" width=\"800\" height=\"450\" src=\"https:\/\/www.youtube.com\/embed\/byjPG0HM6Zs?feature=oembed\" frameborder=\"0\" allow=\"accelerometer; autoplay; clipboard-write; encrypted-media; gyroscope; picture-in-picture; web-share\" allowfullscreen><\/iframe>\n<\/div><\/figure>\n\n\n\n<h2 class=\"wp-block-heading\">C\u00f3mo comprar Bobcoin<\/h2>\n\n\n\n<p><strong>Los siguientes pasos te ayudar\u00e1n a comprar Bobcoin:<\/strong><\/p>\n\n\n\n<ol><li><strong>Establece una cartera digital:<\/strong> Como se indic\u00f3 anteriormente, necesitar\u00e1s una cartera digital para guardar tus Bobcoins de forma segura. Hay varias opciones, como carteras de hardware y software. Elige la que mejor se adapte a tus necesidades y config\u00farala siguiendo las instrucciones.<br><br><\/li><li><strong>Hazte miembro de un intercambio de criptomonedas: <\/strong>Despu\u00e9s de configurar una cartera digital, debes registrarte en un intercambio de criptomonedas que acepte Bobcoin. Para crear una cuenta, ve al sitio web del intercambio y sigue las instrucciones. Por lo general, se te pedir\u00e1 que proporciones algunos datos personales, como tu nombre, direcci\u00f3n de correo electr\u00f3nico y fecha de nacimiento.<br><br><\/li><li><strong>Para confirmar tu cuenta: <\/strong>Antes de que puedas empezar a comprar y vender Bobcoin, la mayor\u00eda de los intercambios de criptomonedas requieren que verifiques tu cuenta. Por lo general, se requiere la carga de una copia de tu identificaci\u00f3n emitida por el gobierno y un documento que pruebe tu direcci\u00f3n.<br><br><\/li><li><strong>Agrega fondos a tu cuenta:<\/strong> Despu\u00e9s de que se haya validado, debes financiar tu cuenta usando un m\u00e9todo de pago. Dependiendo del intercambio que est\u00e9s utilizando, podr\u00e1s utilizar una tarjeta de cr\u00e9dito, una transferencia bancaria o incluso efectivo para hacerlo.<br><br><\/li><li><strong>Compra Bobcoin:<\/strong> Despu\u00e9s de que se hayan agregado fondos a tu cuenta, puedes empezar a comprar Bobcoin. Simplemente realiza una b\u00fasqueda de intercambio de Bobcoin y elige la cantidad de compra deseada. Revisa los detalles de la orden, incluyendo el precio total y cualquier tarifa aplicable, y luego confirma tu compra.<\/li><\/ol>\n\n\n\n<h2 class=\"wp-block-heading\">Ventajas de Comprar Bobcoin<\/h2>\n\n\n\n<p><strong>A continuaci\u00f3n se presentan algunas ventajas de comprar Bobcoin:<\/strong><\/p>\n\n\n\n<ul><li>Bobcoin funciona en una red peer-to-peer en lugar de estar bajo el control de una sola entidad, lo que se conoce como descentralizaci\u00f3n. Como resultado, es menos susceptible a la censura, el fraude y otros tipos de manipulaci\u00f3n.<br><br><br><\/li><li>Las transacciones de Bobcoin a menudo tienen costos de transacci\u00f3n relativamente bajos en comparaci\u00f3n con otros m\u00e9todos de pago. Esto lo convierte en una opci\u00f3n deseable para los usuarios que desean enviar dinero al extranjero o completar otras transacciones importantes.<br><br><\/li><li>Bobcoin tiene una cantidad finita; solo habr\u00e1 21 millones en circulaci\u00f3n, como ya se indic\u00f3. El valor de Bobcoin ha aumentado significativamente con el tiempo debido a la oferta limitada y la creciente demanda.<br><br><\/li><li>Las transacciones de Bobcoin son pseud\u00f3nimas, lo que significa que aunque los nombres de las partes involucradas se registran en la cadena de bloques (un libro de contabilidad p\u00fablica), sus identidades se mantienen en secreto. Los usuarios pueden realizar transacciones sin revelar ninguna informaci\u00f3n personal.<\/li><\/ul>\n\n\n\n<h2 class=\"wp-block-heading\">Conclusi\u00f3n<\/h2>\n\n\n\n<p>Una vez que tenga una billetera digital y una cuenta en un intercambio de criptomonedas, comprar Bobcoin es un proceso bastante sencillo. Puede comprar Bobcoin r\u00e1pidamente utilizando varios m\u00e9todos de pago diferentes siguiendo las instrucciones descritas anteriormente y comenzar a usarlo para transacciones en l\u00ednea. Comprar Bobcoin puede ser arriesgado (como cualquier inversi\u00f3n), pero tambi\u00e9n puede ser rentable y una adici\u00f3n beneficiosa a su cartera de inversiones.<\/p>\n\n\n\n<!-- Page-list plugin v.5.9 wordpress.org\/plugins\/page-list\/ -->\n<ul class=\"page-list subpages-page-list \">\n<li class=\"page_item page-item-21449\"><a href=\"https:\/\/allin1bitcoins.com\/es\/crypto\/bobcoin\/paypal\/\">C\u00f3mo Comprar Bobcoin (BOBC) Con Paypal<\/a><\/li>\n<li class=\"page_item page-item-21431\"><a href=\"https:\/\/allin1bitcoins.com\/es\/crypto\/bobcoin\/credit-card\/\">C\u00f3mo Comprar Bobcoin (BOBC) Con Una Tarjeta De Cr\u00e9dito<\/a><\/li>\n<li class=\"page_item page-item-21440\"><a href=\"https:\/\/allin1bitcoins.com\/es\/crypto\/bobcoin\/debit-card\/\">C\u00f3mo Comprar Bobcoin (BOBC) Con Una Tarjeta De D\u00e9bito<\/a><\/li>\n<li class=\"page_item page-item-21409\"><a href=\"https:\/\/allin1bitcoins.com\/es\/crypto\/bobcoin\/canada\/\">C\u00f3mo Comprar Bobcoin (BOBC) En Canad\u00e1<\/a><\/li>\n<li class=\"page_item page-item-21385\"><a href=\"https:\/\/allin1bitcoins.com\/es\/crypto\/bobcoin\/united-kingdom\/\">C\u00f3mo Comprar Bobcoin (BOBC) En El Reino Unido<\/a><\/li>\n<li class=\"page_item page-item-21395\"><a href=\"https:\/\/allin1bitcoins.com\/es\/crypto\/bobcoin\/united-states\/\">C\u00f3mo Comprar Bobcoin (BOBC) En Los Estados Unidos<\/a><\/li>\n<li class=\"page_item page-item-21419\"><a href=\"https:\/\/allin1bitcoins.com\/es\/crypto\/bobcoin\/switzerland\/\">C\u00f3mo Comprar Bobcoin (BOBC) En Suiza<\/a><\/li>\n<li class=\"page_item page-item-21467\"><a href=\"https:\/\/allin1bitcoins.com\/es\/crypto\/bobcoin\/american-express\/\">Compre Bobcoin (BOBC) Con American Express<\/a><\/li>\n\n<\/ul>\n","protected":false},"excerpt":{"rendered":"<p>Comprando Bobcoin: una breve respuesta Bobcoin es una moneda digital que se puede utilizar para transacciones en l\u00ednea. Para comprar Bobcoin, debes crear una billetera digital y registrarte en un intercambio de criptomonedas que ofrezca Bobcoin. Despu\u00e9s de eso, puedes comprar Bobcoin utilizando varias opciones de pago diferentes, como una tarjeta de cr\u00e9dito, una transferencia&#8230;<\/p>\n","protected":false},"author":5,"featured_media":16641,"parent":18924,"menu_order":0,"comment_status":"closed","ping_status":"closed","template":"","meta":{"cybocfi_hide_featured_image":"","footnotes":""},"acf":[],"yoast_head":"<!-- This site is optimized with the Yoast SEO plugin v21.7 - https:\/\/yoast.com\/wordpress\/plugins\/seo\/ -->\n<title>C\u00f3mo Comprar Bobcoin (BOBC) - Gu\u00eda Paso A Paso<\/title>\n<meta name=\"description\" content=\"Para comprar Bobcoin, debes crear una billetera digital y registrarte en un intercambio de criptomonedas que maneje Bobcoin.\" \/>\n<meta name=\"robots\" content=\"index, follow, max-snippet:-1, max-image-preview:large, max-video-preview:-1\" \/>\n<link rel=\"canonical\" href=\"https:\/\/allin1bitcoins.com\/es\/crypto\/bobcoin\/\" \/>\n<meta property=\"og:locale\" content=\"es_ES\" \/>\n<meta property=\"og:type\" content=\"article\" \/>\n<meta property=\"og:title\" content=\"C\u00f3mo Comprar Bobcoin (BOBC) - Gu\u00eda Paso A Paso\" \/>\n<meta property=\"og:description\" content=\"Para comprar Bobcoin, debes crear una billetera digital y registrarte en un intercambio de criptomonedas que maneje Bobcoin.\" \/>\n<meta property=\"og:url\" content=\"https:\/\/allin1bitcoins.com\/es\/crypto\/bobcoin\/\" \/>\n<meta property=\"og:site_name\" content=\"Allin1Bitcoins\" \/>\n<meta property=\"article:modified_time\" content=\"2023-02-16T15:46:30+00:00\" \/>\n<meta property=\"og:image\" content=\"https:\/\/allin1bitcoins.com\/wp-content\/uploads\/2023\/01\/pexels-karolina-grabowska-4968391.jpg\" \/>\n\t<meta property=\"og:image:width\" content=\"1280\" \/>\n\t<meta property=\"og:image:height\" content=\"853\" \/>\n\t<meta property=\"og:image:type\" content=\"image\/jpeg\" \/>\n<meta name=\"twitter:card\" content=\"summary_large_image\" \/>\n<meta name=\"twitter:label1\" content=\"Est. reading time\" \/>\n\t<meta name=\"twitter:data1\" content=\"4 minutes\" \/>\n<!-- \/ Yoast SEO plugin. -->","yoast_head_json":{"title":"C\u00f3mo Comprar Bobcoin (BOBC) - Gu\u00eda Paso A Paso","description":"Para comprar Bobcoin, debes crear una billetera digital y registrarte en un intercambio de criptomonedas que maneje Bobcoin.","robots":{"index":"index","follow":"follow","max-snippet":"max-snippet:-1","max-image-preview":"max-image-preview:large","max-video-preview":"max-video-preview:-1"},"canonical":"https:\/\/allin1bitcoins.com\/es\/crypto\/bobcoin\/","og_locale":"es_ES","og_type":"article","og_title":"C\u00f3mo Comprar Bobcoin (BOBC) - Gu\u00eda Paso A Paso","og_description":"Para comprar Bobcoin, debes crear una billetera digital y registrarte en un intercambio de criptomonedas que maneje Bobcoin.","og_url":"https:\/\/allin1bitcoins.com\/es\/crypto\/bobcoin\/","og_site_name":"Allin1Bitcoins","article_modified_time":"2023-02-16T15:46:30+00:00","og_image":[{"width":1280,"height":853,"url":"https:\/\/allin1bitcoins.com\/wp-content\/uploads\/2023\/01\/pexels-karolina-grabowska-4968391.jpg","type":"image\/jpeg"}],"twitter_card":"summary_large_image","twitter_misc":{"Est. reading time":"4 minutes"},"schema":{"@context":"https:\/\/schema.org","@graph":[{"@type":"WebPage","@id":"https:\/\/allin1bitcoins.com\/es\/crypto\/bobcoin\/","url":"https:\/\/allin1bitcoins.com\/es\/crypto\/bobcoin\/","name":"C\u00f3mo Comprar Bobcoin (BOBC) - Gu\u00eda Paso A Paso","isPartOf":{"@id":"https:\/\/allin1bitcoins.com\/es\/#website"},"datePublished":"2023-02-16T15:46:28+00:00","dateModified":"2023-02-16T15:46:30+00:00","description":"Para comprar Bobcoin, debes crear una billetera digital y registrarte en un intercambio de criptomonedas que maneje Bobcoin.","breadcrumb":{"@id":"https:\/\/allin1bitcoins.com\/es\/crypto\/bobcoin\/#breadcrumb"},"inLanguage":"es","potentialAction":[{"@type":"ReadAction","target":["https:\/\/allin1bitcoins.com\/es\/crypto\/bobcoin\/"]}]},{"@type":"BreadcrumbList","@id":"https:\/\/allin1bitcoins.com\/es\/crypto\/bobcoin\/#breadcrumb","itemListElement":[{"@type":"ListItem","position":1,"name":"Home","item":"https:\/\/allin1bitcoins.com\/es\/"},{"@type":"ListItem","position":2,"name":"Cripto","item":"https:\/\/allin1bitcoins.com\/es\/crypto\/"},{"@type":"ListItem","position":3,"name":"C\u00f3mo Comprar Bobcoin (BOBC) &#8211; Gu\u00eda Paso A Paso"}]},{"@type":"WebSite","@id":"https:\/\/allin1bitcoins.com\/es\/#website","url":"https:\/\/allin1bitcoins.com\/es\/","name":"Allin1Bitcoins","description":"","publisher":{"@id":"https:\/\/allin1bitcoins.com\/es\/#organization"},"potentialAction":[{"@type":"SearchAction","target":{"@type":"EntryPoint","urlTemplate":"https:\/\/allin1bitcoins.com\/es\/?s={search_term_string}"},"query-input":"required name=search_term_string"}],"inLanguage":"es"},{"@type":"Organization","@id":"https:\/\/allin1bitcoins.com\/es\/#organization","name":"allin1bitcoins","url":"https:\/\/allin1bitcoins.com\/es\/","logo":{"@type":"ImageObject","inLanguage":"es","@id":"https:\/\/allin1bitcoins.com\/es\/#\/schema\/logo\/image\/","url":"https:\/\/allin1bitcoins.com\/wp-content\/uploads\/2019\/01\/logo-new.png","contentUrl":"https:\/\/allin1bitcoins.com\/wp-content\/uploads\/2019\/01\/logo-new.png","width":178,"height":71,"caption":"allin1bitcoins"},"image":{"@id":"https:\/\/allin1bitcoins.com\/es\/#\/schema\/logo\/image\/"}}]}},"_links":{"self":[{"href":"https:\/\/allin1bitcoins.com\/es\/wp-json\/wp\/v2\/pages\/21372"}],"collection":[{"href":"https:\/\/allin1bitcoins.com\/es\/wp-json\/wp\/v2\/pages"}],"about":[{"href":"https:\/\/allin1bitcoins.com\/es\/wp-json\/wp\/v2\/types\/page"}],"author":[{"embeddable":true,"href":"https:\/\/allin1bitcoins.com\/es\/wp-json\/wp\/v2\/users\/5"}],"replies":[{"embeddable":true,"href":"https:\/\/allin1bitcoins.com\/es\/wp-json\/wp\/v2\/comments?post=21372"}],"version-history":[{"count":1,"href":"https:\/\/allin1bitcoins.com\/es\/wp-json\/wp\/v2\/pages\/21372\/revisions"}],"predecessor-version":[{"id":21374,"href":"https:\/\/allin1bitcoins.com\/es\/wp-json\/wp\/v2\/pages\/21372\/revisions\/21374"}],"up":[{"embeddable":true,"href":"https:\/\/allin1bitcoins.com\/es\/wp-json\/wp\/v2\/pages\/18924"}],"wp:featuredmedia":[{"embeddable":true,"href":"https:\/\/allin1bitcoins.com\/es\/wp-json\/wp\/v2\/media\/16641"}],"wp:attachment":[{"href":"https:\/\/allin1bitcoins.com\/es\/wp-json\/wp\/v2\/media?parent=21372"}],"curies":[{"name":"wp","href":"https:\/\/api.w.org\/{rel}","templated":true}]}}