{"id":21409,"date":"2023-02-17T04:23:46","date_gmt":"2023-02-17T04:23:46","guid":{"rendered":"https:\/\/allin1bitcoins.com\/?page_id=21409"},"modified":"2023-02-17T04:23:48","modified_gmt":"2023-02-17T04:23:48","slug":"canada","status":"publish","type":"page","link":"https:\/\/allin1bitcoins.com\/es\/crypto\/bobcoin\/canada\/","title":{"rendered":"C\u00f3mo Comprar Bobcoin (BOBC) En Canad\u00e1"},"content":{"rendered":"\n<p>Tienes algunas opciones si deseas comprar Bobcoin y vives en Canad\u00e1. Comprar Bobcoin a trav\u00e9s de un intercambio de criptomonedas confiable como Coinbase o Bitbuy es una de las formas m\u00e1s simples de hacerlo. Estos intercambios incluyen una variedad de opciones de pago, como tarjetas de cr\u00e9dito y d\u00e9bito, transferencias bancarias, PayPal e incluso la posibilidad de comprar Bobcoin con d\u00f3lares canadienses.<\/p>\n\n\n\n<p>Otra opci\u00f3n es comprar Bobcoin utilizando un sitio de igual a igual (P2P) como LocalBitcoins, donde puedes hacerlo pagando en efectivo, transferencias bancarias o incluso tarjetas de regalo directamente a otra persona.<\/p>\n\n\n\n<p>Para guardar tu Bobcoin, primero debes crear una billetera digital antes de comprarlo. Las billeteras digitales vienen en varias formas, como billeteras de software, billeteras de hardware y billeteras web. Es crucial elegir una billetera que sea segura y f\u00e1cil de usar.<\/p>\n\n\n\n<h2 class=\"wp-block-heading\">Resumen de Bobcoin<\/h2>\n\n\n\n<p>Se desarroll\u00f3 en 2009 una criptomoneda descentralizada y de c\u00f3digo abierto llamada Bobcoin. Se basa en la tecnolog\u00eda blockchain, un libro de contabilidad descentralizado que permite transferencias de valor entre usuarios sin la ayuda de intermediarios como bancos o procesadores de pago.<\/p>\n\n\n\n<p>Una caracter\u00edstica distintiva de Bobcoin es su cantidad finita de 21 millones de monedas, que se agotar\u00e1 en el a\u00f1o 2140. Debido a su disponibilidad limitada y la creciente demanda, muchas personas consideran que Bobcoin es una opci\u00f3n de inversi\u00f3n viable.<\/p>\n\n\n\n<h2 class=\"wp-block-heading\">Ventajas de comprar Bobcoin<\/h2>\n\n\n\n<p><strong>Comprar Bobcoin tiene varias ventajas, incluyendo:<\/strong><\/p>\n\n\n\n<ul><li><strong>Descentralizaci\u00f3n:<\/strong> Debido a que Bobcoin es descentralizado, ning\u00fan gobierno o instituci\u00f3n financiera tiene autoridad sobre \u00e9l. Esto lo hace menos vulnerable a la censura o manipulaci\u00f3n.<br><br><\/li><li><strong>Bajas tarifas de transacci\u00f3n: <\/strong>Bobcoin es una opci\u00f3n popular para transmitir peque\u00f1as sumas de dinero internacionalmente o dentro del pa\u00eds. El uso de Bobcoin de m\u00e9todos criptogr\u00e1ficos de vanguardia para proteger las transacciones lo hace menos susceptible al fraude y la pirater\u00eda.<br><br><\/li><li><strong>Alto potencial de apreciaci\u00f3n:<\/strong> El precio de Bobcoin tiene el potencial de aumentar a medida que aumenta la demanda. Bobcoin se ve con frecuencia como un potencial de inversi\u00f3n a largo plazo.<\/li><\/ul>\n\n\n\n<figure class=\"wp-block-embed is-type-video is-provider-youtube wp-block-embed-youtube wp-embed-aspect-16-9 wp-has-aspect-ratio\"><div class=\"wp-block-embed__wrapper\">\n<iframe title=\"How to buy Bobcoins (BOBC) on the UnitEx exchange\" width=\"800\" height=\"450\" src=\"https:\/\/www.youtube.com\/embed\/T97-ucurmgw?feature=oembed\" frameborder=\"0\" allow=\"accelerometer; autoplay; clipboard-write; encrypted-media; gyroscope; picture-in-picture; web-share\" allowfullscreen><\/iframe>\n<\/div><\/figure>\n\n\n\n<h2 class=\"wp-block-heading\">Instrucciones detalladas sobre c\u00f3mo comprar bobcoin en Canad\u00e1<\/h2>\n\n\n\n<ul><li><strong>Monedero Digital: <\/strong>Para guardar tus bobcoin, primero debes crear un monedero digital. Este es el primer paso para comprar bobcoin. Los monederos digitales vienen en diversas formas, como monederos de software, monederos f\u00edsicos y monederos web. Es crucial elegir un monedero que sea seguro y f\u00e1cil de usar.<br><br><\/li><li><strong>Elige el intercambio: <\/strong>El siguiente paso es seleccionar un intercambio de criptomonedas confiable que te permita comprar bobcoin con d\u00f3lares canadienses. Coinbase y Bitbuy son algunas de las opciones m\u00e1s populares.<br><br><\/li><li><strong>Crea un perfil: <\/strong>Despu\u00e9s de seleccionar un intercambio, debes crear una cuenta proporcionando tu informaci\u00f3n personal y financiera. Esto puede incluir tu nombre, direcci\u00f3n de correo electr\u00f3nico, n\u00famero de tel\u00e9fono e identificaci\u00f3n oficial.<br><br><\/li><li><strong>Agrega una opci\u00f3n de pago: <\/strong>El siguiente paso es agregar una opci\u00f3n de pago a tu cuenta. Puede ser una cuenta de PayPal, transferencia bancaria, tarjeta de cr\u00e9dito o d\u00e9bito.<br><br><\/li><li><strong>Compra bobcoin: <\/strong>Al hacer un pedido en el intercambio despu\u00e9s de crear tu cuenta y agregar tu m\u00e9todo de pago, puedes comprar bobcoin. Puedes especificar tanto la cantidad de bobcoin que deseas comprar como el precio de venta.<br><br><\/li><li><strong>Guarda tus bobcoin en tu monedero: <\/strong>Una vez que se complete tu pedido, tus bobcoin se agregar\u00e1n a tu monedero digital. Es crucial mantener la seguridad de tu monedero digital.<\/li><\/ul>\n\n\n\n<h2 class=\"wp-block-heading\">Impuestos por comprar bitcoin en Canad\u00e1<\/h2>\n\n\n\n<p>Es crucial tener en cuenta que comprar bobcoin en Canad\u00e1 puede tener repercusiones fiscales. Cualquier ganancia o p\u00e9rdida por la venta de bobcoin se considera ingreso gravable por la Agencia de Ingresos de Canad\u00e1 (CRA). Esto significa que es posible que debas revelar tus ganancias o p\u00e9rdidas de bobcoin y pagar impuestos sobre ellas.<\/p>\n\n\n\n<p>Seg\u00fan la CRA, el bobcoin y otras criptomonedas no se consideran moneda legal en Canad\u00e1 y en su lugar se consideran &#8220;aventuras especulativas&#8221;. Como resultado, deben divulgarse como tales en tu declaraci\u00f3n de impuestos y est\u00e1n sujetos a impuestos sobre ganancias de capital. Si tienes la intenci\u00f3n de comprar y vender bobcoin como inversi\u00f3n, lleva un registro de tus transacciones de bobcoin y busca el consejo de un experto en impuestos para asegurarte de informar adecuadamente tus ganancias y p\u00e9rdidas.<\/p>\n\n\n\n<h2 class=\"wp-block-heading\">Conclusi\u00f3n <\/h2>\n\n\n\n<p>Aunque comprar bobcoin en Canad\u00e1 es un proceso muy sencillo, es crucial realizar una investigaci\u00f3n adecuada y seleccionar un intercambio o plataforma confiable. Adem\u00e1s, es crucial considerar las repercusiones financieras de comprar y vender bobcoin y, si es necesario, buscar asesoramiento fiscal profesional. Antes de tomar cualquier decisi\u00f3n financiera, es crucial tener precauci\u00f3n y diligencia debida, al igual que con cualquier inversi\u00f3n.<\/p>\n\n\n\n<!-- Page-list plugin v.5.9 wordpress.org\/plugins\/page-list\/ -->\n<ul class=\"page-list siblings-page-list \">\n<li class=\"page_item page-item-21449\"><a href=\"https:\/\/allin1bitcoins.com\/es\/crypto\/bobcoin\/paypal\/\">C\u00f3mo Comprar Bobcoin (BOBC) Con Paypal<\/a><\/li>\n<li class=\"page_item page-item-21431\"><a href=\"https:\/\/allin1bitcoins.com\/es\/crypto\/bobcoin\/credit-card\/\">C\u00f3mo Comprar Bobcoin (BOBC) Con Una Tarjeta De Cr\u00e9dito<\/a><\/li>\n<li class=\"page_item page-item-21440\"><a href=\"https:\/\/allin1bitcoins.com\/es\/crypto\/bobcoin\/debit-card\/\">C\u00f3mo Comprar Bobcoin (BOBC) Con Una Tarjeta De D\u00e9bito<\/a><\/li>\n<li class=\"page_item page-item-21409\"><a href=\"https:\/\/allin1bitcoins.com\/es\/crypto\/bobcoin\/canada\/\">C\u00f3mo Comprar Bobcoin (BOBC) En Canad\u00e1<\/a><\/li>\n<li class=\"page_item page-item-21385\"><a href=\"https:\/\/allin1bitcoins.com\/es\/crypto\/bobcoin\/united-kingdom\/\">C\u00f3mo Comprar Bobcoin (BOBC) En El Reino Unido<\/a><\/li>\n<li class=\"page_item page-item-21395\"><a href=\"https:\/\/allin1bitcoins.com\/es\/crypto\/bobcoin\/united-states\/\">C\u00f3mo Comprar Bobcoin (BOBC) En Los Estados Unidos<\/a><\/li>\n<li class=\"page_item page-item-21419\"><a href=\"https:\/\/allin1bitcoins.com\/es\/crypto\/bobcoin\/switzerland\/\">C\u00f3mo Comprar Bobcoin (BOBC) En Suiza<\/a><\/li>\n<li class=\"page_item page-item-21467\"><a href=\"https:\/\/allin1bitcoins.com\/es\/crypto\/bobcoin\/american-express\/\">Compre Bobcoin (BOBC) Con American Express<\/a><\/li>\n\n<\/ul>\n","protected":false},"excerpt":{"rendered":"<p>Tienes algunas opciones si deseas comprar Bobcoin y vives en Canad\u00e1. Comprar Bobcoin a trav\u00e9s de un intercambio de criptomonedas confiable como Coinbase o Bitbuy es una de las formas m\u00e1s simples de hacerlo. Estos intercambios incluyen una variedad de opciones de pago, como tarjetas de cr\u00e9dito y d\u00e9bito, transferencias bancarias, PayPal e incluso la&#8230;<\/p>\n","protected":false},"author":5,"featured_media":17113,"parent":21372,"menu_order":0,"comment_status":"closed","ping_status":"closed","template":"","meta":{"cybocfi_hide_featured_image":"","footnotes":""},"acf":[],"yoast_head":"<!-- This site is optimized with the Yoast SEO plugin v21.7 - https:\/\/yoast.com\/wordpress\/plugins\/seo\/ -->\n<title>C\u00f3mo Comprar Bobcoin (BOBC) En Canad\u00e1<\/title>\n<meta name=\"description\" content=\"Comprar BOBC en Canad\u00e1 es un proceso muy simple, pero es crucial realizar una investigaci\u00f3n adecuada y seleccionar un intercambio confiable.\" \/>\n<meta name=\"robots\" content=\"index, follow, max-snippet:-1, max-image-preview:large, max-video-preview:-1\" \/>\n<link rel=\"canonical\" href=\"https:\/\/allin1bitcoins.com\/es\/crypto\/bobcoin\/canada\/\" \/>\n<meta property=\"og:locale\" content=\"es_ES\" \/>\n<meta property=\"og:type\" content=\"article\" \/>\n<meta property=\"og:title\" content=\"C\u00f3mo Comprar Bobcoin (BOBC) En Canad\u00e1\" \/>\n<meta property=\"og:description\" content=\"Comprar BOBC en Canad\u00e1 es un proceso muy simple, pero es crucial realizar una investigaci\u00f3n adecuada y seleccionar un intercambio confiable.\" \/>\n<meta property=\"og:url\" content=\"https:\/\/allin1bitcoins.com\/es\/crypto\/bobcoin\/canada\/\" \/>\n<meta property=\"og:site_name\" content=\"Allin1Bitcoins\" \/>\n<meta property=\"article:modified_time\" content=\"2023-02-17T04:23:48+00:00\" \/>\n<meta property=\"og:image\" content=\"https:\/\/allin1bitcoins.com\/wp-content\/uploads\/2023\/01\/pexels-alesia-kozik-7069278.jpg\" \/>\n\t<meta property=\"og:image:width\" content=\"1280\" \/>\n\t<meta property=\"og:image:height\" content=\"853\" \/>\n\t<meta property=\"og:image:type\" content=\"image\/jpeg\" \/>\n<meta name=\"twitter:card\" content=\"summary_large_image\" \/>\n<meta name=\"twitter:label1\" content=\"Est. reading time\" \/>\n\t<meta name=\"twitter:data1\" content=\"4 minutes\" \/>\n<!-- \/ Yoast SEO plugin. -->","yoast_head_json":{"title":"C\u00f3mo Comprar Bobcoin (BOBC) En Canad\u00e1","description":"Comprar BOBC en Canad\u00e1 es un proceso muy simple, pero es crucial realizar una investigaci\u00f3n adecuada y seleccionar un intercambio confiable.","robots":{"index":"index","follow":"follow","max-snippet":"max-snippet:-1","max-image-preview":"max-image-preview:large","max-video-preview":"max-video-preview:-1"},"canonical":"https:\/\/allin1bitcoins.com\/es\/crypto\/bobcoin\/canada\/","og_locale":"es_ES","og_type":"article","og_title":"C\u00f3mo Comprar Bobcoin (BOBC) En Canad\u00e1","og_description":"Comprar BOBC en Canad\u00e1 es un proceso muy simple, pero es crucial realizar una investigaci\u00f3n adecuada y seleccionar un intercambio confiable.","og_url":"https:\/\/allin1bitcoins.com\/es\/crypto\/bobcoin\/canada\/","og_site_name":"Allin1Bitcoins","article_modified_time":"2023-02-17T04:23:48+00:00","og_image":[{"width":1280,"height":853,"url":"https:\/\/allin1bitcoins.com\/wp-content\/uploads\/2023\/01\/pexels-alesia-kozik-7069278.jpg","type":"image\/jpeg"}],"twitter_card":"summary_large_image","twitter_misc":{"Est. reading time":"4 minutes"},"schema":{"@context":"https:\/\/schema.org","@graph":[{"@type":"WebPage","@id":"https:\/\/allin1bitcoins.com\/es\/crypto\/bobcoin\/canada\/","url":"https:\/\/allin1bitcoins.com\/es\/crypto\/bobcoin\/canada\/","name":"C\u00f3mo Comprar Bobcoin (BOBC) En Canad\u00e1","isPartOf":{"@id":"https:\/\/allin1bitcoins.com\/es\/#website"},"datePublished":"2023-02-17T04:23:46+00:00","dateModified":"2023-02-17T04:23:48+00:00","description":"Comprar BOBC en Canad\u00e1 es un proceso muy simple, pero es crucial realizar una investigaci\u00f3n adecuada y seleccionar un intercambio confiable.","breadcrumb":{"@id":"https:\/\/allin1bitcoins.com\/es\/crypto\/bobcoin\/canada\/#breadcrumb"},"inLanguage":"es","potentialAction":[{"@type":"ReadAction","target":["https:\/\/allin1bitcoins.com\/es\/crypto\/bobcoin\/canada\/"]}]},{"@type":"BreadcrumbList","@id":"https:\/\/allin1bitcoins.com\/es\/crypto\/bobcoin\/canada\/#breadcrumb","itemListElement":[{"@type":"ListItem","position":1,"name":"Home","item":"https:\/\/allin1bitcoins.com\/es\/"},{"@type":"ListItem","position":2,"name":"Cripto","item":"https:\/\/allin1bitcoins.com\/es\/crypto\/"},{"@type":"ListItem","position":3,"name":"C\u00f3mo Comprar Bobcoin (BOBC) &#8211; Gu\u00eda Paso A Paso","item":"https:\/\/allin1bitcoins.com\/es\/crypto\/bobcoin\/"},{"@type":"ListItem","position":4,"name":"C\u00f3mo Comprar Bobcoin (BOBC) En Canad\u00e1"}]},{"@type":"WebSite","@id":"https:\/\/allin1bitcoins.com\/es\/#website","url":"https:\/\/allin1bitcoins.com\/es\/","name":"Allin1Bitcoins","description":"","publisher":{"@id":"https:\/\/allin1bitcoins.com\/es\/#organization"},"potentialAction":[{"@type":"SearchAction","target":{"@type":"EntryPoint","urlTemplate":"https:\/\/allin1bitcoins.com\/es\/?s={search_term_string}"},"query-input":"required name=search_term_string"}],"inLanguage":"es"},{"@type":"Organization","@id":"https:\/\/allin1bitcoins.com\/es\/#organization","name":"allin1bitcoins","url":"https:\/\/allin1bitcoins.com\/es\/","logo":{"@type":"ImageObject","inLanguage":"es","@id":"https:\/\/allin1bitcoins.com\/es\/#\/schema\/logo\/image\/","url":"https:\/\/allin1bitcoins.com\/wp-content\/uploads\/2019\/01\/logo-new.png","contentUrl":"https:\/\/allin1bitcoins.com\/wp-content\/uploads\/2019\/01\/logo-new.png","width":178,"height":71,"caption":"allin1bitcoins"},"image":{"@id":"https:\/\/allin1bitcoins.com\/es\/#\/schema\/logo\/image\/"}}]}},"_links":{"self":[{"href":"https:\/\/allin1bitcoins.com\/es\/wp-json\/wp\/v2\/pages\/21409"}],"collection":[{"href":"https:\/\/allin1bitcoins.com\/es\/wp-json\/wp\/v2\/pages"}],"about":[{"href":"https:\/\/allin1bitcoins.com\/es\/wp-json\/wp\/v2\/types\/page"}],"author":[{"embeddable":true,"href":"https:\/\/allin1bitcoins.com\/es\/wp-json\/wp\/v2\/users\/5"}],"replies":[{"embeddable":true,"href":"https:\/\/allin1bitcoins.com\/es\/wp-json\/wp\/v2\/comments?post=21409"}],"version-history":[{"count":1,"href":"https:\/\/allin1bitcoins.com\/es\/wp-json\/wp\/v2\/pages\/21409\/revisions"}],"predecessor-version":[{"id":21411,"href":"https:\/\/allin1bitcoins.com\/es\/wp-json\/wp\/v2\/pages\/21409\/revisions\/21411"}],"up":[{"embeddable":true,"href":"https:\/\/allin1bitcoins.com\/es\/wp-json\/wp\/v2\/pages\/21372"}],"wp:featuredmedia":[{"embeddable":true,"href":"https:\/\/allin1bitcoins.com\/es\/wp-json\/wp\/v2\/media\/17113"}],"wp:attachment":[{"href":"https:\/\/allin1bitcoins.com\/es\/wp-json\/wp\/v2\/media?parent=21409"}],"curies":[{"name":"wp","href":"https:\/\/api.w.org\/{rel}","templated":true}]}}