{"id":21467,"date":"2023-02-17T16:40:02","date_gmt":"2023-02-17T16:40:02","guid":{"rendered":"https:\/\/allin1bitcoins.com\/?page_id=21467"},"modified":"2023-02-17T16:40:05","modified_gmt":"2023-02-17T16:40:05","slug":"american-express","status":"publish","type":"page","link":"https:\/\/allin1bitcoins.com\/es\/crypto\/bobcoin\/american-express\/","title":{"rendered":"Compre Bobcoin (BOBC) Con American Express"},"content":{"rendered":"\n<p>Desafortunadamente, American Express no puede utilizarse actualmente para hacer compras directas de Bobcoin. La compra de Bobcoin no es compatible con ninguna bolsa de criptomonedas, aunque algunas de ellas podr\u00edan permitir American Express como forma de pago. Primero debes comprar una criptomoneda m\u00e1s conocida, como Bitcoin o Ethereum, con American Express para poder comprar Bobcoin y luego intercambiar esa criptomoneda por Bobcoin en una bolsa que acepte el comercio de Bobcoin.<\/p>\n\n\n\n<h2 class=\"wp-block-heading\">Resumen de Bobcoin<\/h2>\n\n\n\n<p>Para fines de esta ilustraci\u00f3n, se estableci\u00f3 una criptomoneda ficticia llamada Bobcoin. No se puede comprar ni comerciar porque no es una criptomoneda genuina.<\/p>\n\n\n\n<h2 class=\"wp-block-heading\">Por qu\u00e9 quieres usar American Express para comprar Bobcoin<\/h2>\n\n\n\n<p>Podr\u00eda haber varios factores que influyan en tu decisi\u00f3n de comprar Bobcoin con American Express. Puedes simplemente hacer compras en l\u00ednea gracias a la comodidad y amplia aceptaci\u00f3n de American Express como forma de pago. Adem\u00e1s, comprar Bobcoin con una tarjeta American Express puede ser una buena opci\u00f3n si quieres invertir en criptomonedas y tienes una de estas tarjetas.<\/p>\n\n\n\n<h2 class=\"wp-block-heading\">C\u00f3mo comprar Bobcoin con American Express en detalle<\/h2>\n\n\n\n<ol><li>Encontrar una bolsa de criptomonedas que acepte American Express como forma de pago es el primer paso. Coinbase y Bitpanda son dos ejemplos de bolsas que podr\u00edan aceptar American Express.<br><br><\/li><li>Cuando hayas encontrado una que acepte American Express, debes registrarte para obtener una cuenta en la bolsa y pasar por el proceso de verificaci\u00f3n. Proporcionar documentaci\u00f3n de identificaci\u00f3n y datos personales puede estar incluido en esta categor\u00eda.<br><br><\/li><li>Una vez que se ha validado tu cuenta, puedes conectar tu tarjeta American Express a la bolsa. Luego podr\u00e1s financiar tu cuenta de intercambio con American Express.<br><br><\/li><li>Despu\u00e9s de vincular tu tarjeta American Express, puedes usarla para comprar una criptomoneda m\u00e1s conocida como Bitcoin o Ethereum.<br><br><\/li><li>Despu\u00e9s de comprar Bitcoin o Ethereum con American Express, puedes intercambiar esas monedas por Bobcoin en una bolsa de criptomonedas que permita el comercio de Bobcoin. Binance y Kraken son algunos ejemplos de bolsas que permiten el comercio de Bobcoin.<br><br><\/li><li>Para completar el intercambio y recibir tu Bobcoin, sigue las instrucciones de la bolsa.<\/li><\/ol>\n\n\n\n<figure class=\"wp-block-embed is-type-video is-provider-youtube wp-block-embed-youtube wp-embed-aspect-16-9 wp-has-aspect-ratio\"><div class=\"wp-block-embed__wrapper\">\n<iframe title=\"Bob Eco | Bobcoin - Business Concept\" width=\"800\" height=\"450\" src=\"https:\/\/www.youtube.com\/embed\/t7JOifvQjms?feature=oembed\" frameborder=\"0\" allow=\"accelerometer; autoplay; clipboard-write; encrypted-media; gyroscope; picture-in-picture; web-share\" allowfullscreen><\/iframe>\n<\/div><\/figure>\n\n\n\n<h2 class=\"wp-block-heading\">Desventajas de utilizar American Express para comprar Bobcoin<\/h2>\n\n\n\n<p>El hecho de que utilizar American Express para adquirir Bobcoin no sea un proceso directo es una desventaja. Tomar\u00e1 tiempo y posiblemente cargos adicionales para intercambiar una criptomoneda m\u00e1s ampliamente utilizada por Bobcoin. Primero debes comprar esa criptomoneda usando American Express. Adem\u00e1s, no todas las casas de cambio pueden aceptar American Express como forma de pago, y aquellas que lo hacen pueden tener restricciones en la cantidad que se puede comprar o pueden cobrar cargos adicionales por compras con American Express.<\/p>\n\n\n\n<h2 class=\"wp-block-heading\">Conclusi\u00f3n<\/h2>\n\n\n\n<p>Se puede utilizar American Express para adquirir una criptomoneda m\u00e1s popular como Bitcoin o Ethereum, que luego se puede intercambiar por Bobcoin en una casa de cambio de criptomonedas, aunque actualmente no es factible comprar directamente Bobcoin utilizando American Express. Sin embargo, este proceso podr\u00eda llevar tiempo y venir con costos y restricciones adicionales. Antes de realizar una compra, es crucial realizar una investigaci\u00f3n exhaustiva, evaluar varias casas de cambio y tener en cuenta las tarifas y riesgos relacionados con el uso de American Express.<\/p>\n\n\n\n<!-- Page-list plugin v.5.9 wordpress.org\/plugins\/page-list\/ -->\n<ul class=\"page-list siblings-page-list \">\n<li class=\"page_item page-item-21449\"><a href=\"https:\/\/allin1bitcoins.com\/es\/crypto\/bobcoin\/paypal\/\">C\u00f3mo Comprar Bobcoin (BOBC) Con Paypal<\/a><\/li>\n<li class=\"page_item page-item-21431\"><a href=\"https:\/\/allin1bitcoins.com\/es\/crypto\/bobcoin\/credit-card\/\">C\u00f3mo Comprar Bobcoin (BOBC) Con Una Tarjeta De Cr\u00e9dito<\/a><\/li>\n<li class=\"page_item page-item-21440\"><a href=\"https:\/\/allin1bitcoins.com\/es\/crypto\/bobcoin\/debit-card\/\">C\u00f3mo Comprar Bobcoin (BOBC) Con Una Tarjeta De D\u00e9bito<\/a><\/li>\n<li class=\"page_item page-item-21409\"><a href=\"https:\/\/allin1bitcoins.com\/es\/crypto\/bobcoin\/canada\/\">C\u00f3mo Comprar Bobcoin (BOBC) En Canad\u00e1<\/a><\/li>\n<li class=\"page_item page-item-21385\"><a href=\"https:\/\/allin1bitcoins.com\/es\/crypto\/bobcoin\/united-kingdom\/\">C\u00f3mo Comprar Bobcoin (BOBC) En El Reino Unido<\/a><\/li>\n<li class=\"page_item page-item-21395\"><a href=\"https:\/\/allin1bitcoins.com\/es\/crypto\/bobcoin\/united-states\/\">C\u00f3mo Comprar Bobcoin (BOBC) En Los Estados Unidos<\/a><\/li>\n<li class=\"page_item page-item-21419\"><a href=\"https:\/\/allin1bitcoins.com\/es\/crypto\/bobcoin\/switzerland\/\">C\u00f3mo Comprar Bobcoin (BOBC) En Suiza<\/a><\/li>\n<li class=\"page_item page-item-21467\"><a href=\"https:\/\/allin1bitcoins.com\/es\/crypto\/bobcoin\/american-express\/\">Compre Bobcoin (BOBC) Con American Express<\/a><\/li>\n\n<\/ul>\n","protected":false},"excerpt":{"rendered":"<p>Desafortunadamente, American Express no puede utilizarse actualmente para hacer compras directas de Bobcoin. La compra de Bobcoin no es compatible con ninguna bolsa de criptomonedas, aunque algunas de ellas podr\u00edan permitir American Express como forma de pago. Primero debes comprar una criptomoneda m\u00e1s conocida, como Bitcoin o Ethereum, con American Express para poder comprar Bobcoin&#8230;<\/p>\n","protected":false},"author":5,"featured_media":17168,"parent":21372,"menu_order":0,"comment_status":"closed","ping_status":"closed","template":"","meta":{"cybocfi_hide_featured_image":"","footnotes":""},"acf":[],"yoast_head":"<!-- This site is optimized with the Yoast SEO plugin v21.7 - https:\/\/yoast.com\/wordpress\/plugins\/seo\/ -->\n<title>Compre Bobcoin (BOBC) Con American Express<\/title>\n<meta name=\"description\" content=\"American Express no se puede utilizar para hacer compras directas de Bobcoin y no es compatible con ninguna casa de cambio de criptomonedas.\" \/>\n<meta name=\"robots\" content=\"index, follow, max-snippet:-1, max-image-preview:large, max-video-preview:-1\" \/>\n<link rel=\"canonical\" href=\"https:\/\/allin1bitcoins.com\/es\/crypto\/bobcoin\/american-express\/\" \/>\n<meta property=\"og:locale\" content=\"es_ES\" \/>\n<meta property=\"og:type\" content=\"article\" \/>\n<meta property=\"og:title\" content=\"Compre Bobcoin (BOBC) Con American Express\" \/>\n<meta property=\"og:description\" content=\"American Express no se puede utilizar para hacer compras directas de Bobcoin y no es compatible con ninguna casa de cambio de criptomonedas.\" \/>\n<meta property=\"og:url\" content=\"https:\/\/allin1bitcoins.com\/es\/crypto\/bobcoin\/american-express\/\" \/>\n<meta property=\"og:site_name\" content=\"Allin1Bitcoins\" \/>\n<meta property=\"article:modified_time\" content=\"2023-02-17T16:40:05+00:00\" \/>\n<meta property=\"og:image\" content=\"https:\/\/allin1bitcoins.com\/wp-content\/uploads\/2023\/01\/pexels-ivan-samkov-7621348.jpg\" \/>\n\t<meta property=\"og:image:width\" content=\"1280\" \/>\n\t<meta property=\"og:image:height\" content=\"1920\" \/>\n\t<meta property=\"og:image:type\" content=\"image\/jpeg\" \/>\n<meta name=\"twitter:card\" content=\"summary_large_image\" \/>\n<meta name=\"twitter:label1\" content=\"Est. reading time\" \/>\n\t<meta name=\"twitter:data1\" content=\"3 minutes\" \/>\n<!-- \/ Yoast SEO plugin. -->","yoast_head_json":{"title":"Compre Bobcoin (BOBC) Con American Express","description":"American Express no se puede utilizar para hacer compras directas de Bobcoin y no es compatible con ninguna casa de cambio de criptomonedas.","robots":{"index":"index","follow":"follow","max-snippet":"max-snippet:-1","max-image-preview":"max-image-preview:large","max-video-preview":"max-video-preview:-1"},"canonical":"https:\/\/allin1bitcoins.com\/es\/crypto\/bobcoin\/american-express\/","og_locale":"es_ES","og_type":"article","og_title":"Compre Bobcoin (BOBC) Con American Express","og_description":"American Express no se puede utilizar para hacer compras directas de Bobcoin y no es compatible con ninguna casa de cambio de criptomonedas.","og_url":"https:\/\/allin1bitcoins.com\/es\/crypto\/bobcoin\/american-express\/","og_site_name":"Allin1Bitcoins","article_modified_time":"2023-02-17T16:40:05+00:00","og_image":[{"width":1280,"height":1920,"url":"https:\/\/allin1bitcoins.com\/wp-content\/uploads\/2023\/01\/pexels-ivan-samkov-7621348.jpg","type":"image\/jpeg"}],"twitter_card":"summary_large_image","twitter_misc":{"Est. reading time":"3 minutes"},"schema":{"@context":"https:\/\/schema.org","@graph":[{"@type":"WebPage","@id":"https:\/\/allin1bitcoins.com\/es\/crypto\/bobcoin\/american-express\/","url":"https:\/\/allin1bitcoins.com\/es\/crypto\/bobcoin\/american-express\/","name":"Compre Bobcoin (BOBC) Con American Express","isPartOf":{"@id":"https:\/\/allin1bitcoins.com\/es\/#website"},"datePublished":"2023-02-17T16:40:02+00:00","dateModified":"2023-02-17T16:40:05+00:00","description":"American Express no se puede utilizar para hacer compras directas de Bobcoin y no es compatible con ninguna casa de cambio de criptomonedas.","breadcrumb":{"@id":"https:\/\/allin1bitcoins.com\/es\/crypto\/bobcoin\/american-express\/#breadcrumb"},"inLanguage":"es","potentialAction":[{"@type":"ReadAction","target":["https:\/\/allin1bitcoins.com\/es\/crypto\/bobcoin\/american-express\/"]}]},{"@type":"BreadcrumbList","@id":"https:\/\/allin1bitcoins.com\/es\/crypto\/bobcoin\/american-express\/#breadcrumb","itemListElement":[{"@type":"ListItem","position":1,"name":"Home","item":"https:\/\/allin1bitcoins.com\/es\/"},{"@type":"ListItem","position":2,"name":"Cripto","item":"https:\/\/allin1bitcoins.com\/es\/crypto\/"},{"@type":"ListItem","position":3,"name":"C\u00f3mo Comprar Bobcoin (BOBC) &#8211; Gu\u00eda Paso A Paso","item":"https:\/\/allin1bitcoins.com\/es\/crypto\/bobcoin\/"},{"@type":"ListItem","position":4,"name":"Compre Bobcoin (BOBC) Con American Express"}]},{"@type":"WebSite","@id":"https:\/\/allin1bitcoins.com\/es\/#website","url":"https:\/\/allin1bitcoins.com\/es\/","name":"Allin1Bitcoins","description":"","publisher":{"@id":"https:\/\/allin1bitcoins.com\/es\/#organization"},"potentialAction":[{"@type":"SearchAction","target":{"@type":"EntryPoint","urlTemplate":"https:\/\/allin1bitcoins.com\/es\/?s={search_term_string}"},"query-input":"required name=search_term_string"}],"inLanguage":"es"},{"@type":"Organization","@id":"https:\/\/allin1bitcoins.com\/es\/#organization","name":"allin1bitcoins","url":"https:\/\/allin1bitcoins.com\/es\/","logo":{"@type":"ImageObject","inLanguage":"es","@id":"https:\/\/allin1bitcoins.com\/es\/#\/schema\/logo\/image\/","url":"https:\/\/allin1bitcoins.com\/wp-content\/uploads\/2019\/01\/logo-new.png","contentUrl":"https:\/\/allin1bitcoins.com\/wp-content\/uploads\/2019\/01\/logo-new.png","width":178,"height":71,"caption":"allin1bitcoins"},"image":{"@id":"https:\/\/allin1bitcoins.com\/es\/#\/schema\/logo\/image\/"}}]}},"_links":{"self":[{"href":"https:\/\/allin1bitcoins.com\/es\/wp-json\/wp\/v2\/pages\/21467"}],"collection":[{"href":"https:\/\/allin1bitcoins.com\/es\/wp-json\/wp\/v2\/pages"}],"about":[{"href":"https:\/\/allin1bitcoins.com\/es\/wp-json\/wp\/v2\/types\/page"}],"author":[{"embeddable":true,"href":"https:\/\/allin1bitcoins.com\/es\/wp-json\/wp\/v2\/users\/5"}],"replies":[{"embeddable":true,"href":"https:\/\/allin1bitcoins.com\/es\/wp-json\/wp\/v2\/comments?post=21467"}],"version-history":[{"count":1,"href":"https:\/\/allin1bitcoins.com\/es\/wp-json\/wp\/v2\/pages\/21467\/revisions"}],"predecessor-version":[{"id":21468,"href":"https:\/\/allin1bitcoins.com\/es\/wp-json\/wp\/v2\/pages\/21467\/revisions\/21468"}],"up":[{"embeddable":true,"href":"https:\/\/allin1bitcoins.com\/es\/wp-json\/wp\/v2\/pages\/21372"}],"wp:featuredmedia":[{"embeddable":true,"href":"https:\/\/allin1bitcoins.com\/es\/wp-json\/wp\/v2\/media\/17168"}],"wp:attachment":[{"href":"https:\/\/allin1bitcoins.com\/es\/wp-json\/wp\/v2\/media?parent=21467"}],"curies":[{"name":"wp","href":"https:\/\/api.w.org\/{rel}","templated":true}]}}