{"id":21499,"date":"2023-02-18T06:01:20","date_gmt":"2023-02-18T06:01:20","guid":{"rendered":"https:\/\/allin1bitcoins.com\/?page_id=21499"},"modified":"2023-02-18T06:01:27","modified_gmt":"2023-02-18T06:01:27","slug":"united-states","status":"publish","type":"page","link":"https:\/\/allin1bitcoins.com\/es\/crypto\/kunci\/united-states\/","title":{"rendered":"C\u00f3mo Comprar Kunci Coin (KUNCI) En Los Estados Unidos"},"content":{"rendered":"\n<h2 class=\"wp-block-heading\">Respuesta corta: Puedes comprar Kunci Coin en los Estados Unidos.<\/h2>\n\n\n\n<p>La compra de Kunci Coin en los Estados Unidos es un proceso bastante sencillo que se puede dividir en algunos componentes esenciales. El primer paso es encontrar un intercambio de criptomonedas confiable que permita la negociaci\u00f3n con Kunci Coin en los Estados Unidos. El siguiente paso es registrarse en el intercambio y proporcionar identificaci\u00f3n. Despu\u00e9s de configurar su cuenta, puede agregar dinero en d\u00f3lares estadounidenses (USD) u otra moneda reconocida. Puede comprar Kunci Coin con el dinero en su cuenta una vez que se hayan acreditado sus fondos.<\/p>\n\n\n\n<h2 class=\"wp-block-heading\">Descripci\u00f3n general de Kunci Coin<\/h2>\n\n\n\n<p>El proyecto Kunci cre\u00f3 la criptomoneda conocida como Kunci Coin. El proyecto Kunci busca proporcionar una plataforma descentralizada donde los usuarios puedan compartir y acceder al conocimiento de manera segura y privada. Los usuarios del sitio pueden acceder a un registro descentralizado e inmutable de conocimientos e informaci\u00f3n gracias a la tecnolog\u00eda blockchain. El token nativo de la plataforma Kunci, Kunci Coin, se utiliza para recompensar a los usuarios que comparten y agregan conocimientos valiosos a la red.<\/p>\n\n\n\n<h2 class=\"wp-block-heading\">Ventajas de comprar Kunci Coin<\/h2>\n\n\n\n<p>Hay varias ventajas de comprar Kunci Coin. En primer lugar, tener Kunci Coin le da acceso al proyecto Kunci y al ecosistema para el intercambio de conocimientos. Al respaldarse en el valor de la plataforma Kunci, poseer Kunci Coin tambi\u00e9n puede actuar como un cobertura contra la volatilidad de otras criptomonedas. Adem\u00e1s, la propiedad de Kunci Coin da derecho a los usuarios al acceso a contenido premium, as\u00ed como a premios por compartir conocimientos interesantes en la plataforma.<\/p>\n\n\n\n<figure class=\"wp-block-embed is-type-video is-provider-youtube wp-block-embed-youtube wp-embed-aspect-16-9 wp-has-aspect-ratio\"><div class=\"wp-block-embed__wrapper\">\n<iframe title=\"Kunci Coin KUNCI HODLERS\u26a0\ufe0f WARNING \ud83d\udea8ANONYMOUS\ud83d\udea8\" width=\"800\" height=\"450\" src=\"https:\/\/www.youtube.com\/embed\/tcZvorx7yEI?feature=oembed\" frameborder=\"0\" allow=\"accelerometer; autoplay; clipboard-write; encrypted-media; gyroscope; picture-in-picture; web-share\" allowfullscreen><\/iframe>\n<\/div><\/figure>\n\n\n\n<h2 class=\"wp-block-heading\">Instrucciones detalladas sobre c\u00f3mo comprar Kunci Coin en los Estados Unidos<\/h2>\n\n\n\n<p><strong>Paso 1: <\/strong>Decide sobre un intercambio de criptomonedas confiable que permita la negociaci\u00f3n con Kunci Coin en los Estados Unidos. Coinbase, Kraken y Binance US son algunas opciones bien valoradas.<br><\/p>\n\n\n\n<p><strong>Paso 2: <\/strong>Reg\u00edstrese para obtener una cuenta en el intercambio de su elecci\u00f3n y realice los procedimientos de verificaci\u00f3n requeridos.<br><\/p>\n\n\n\n<p><strong>Paso 3: <\/strong>Agregue dinero a su cuenta en d\u00f3lares estadounidenses (USD) o una moneda diferente que sea aceptada.<br><\/p>\n\n\n\n<p><strong>Paso 4:<\/strong> Encuentre el par de negociaci\u00f3n Kunci Coin\/USD en la p\u00e1gina de negociaci\u00f3n del intercambio navegando all\u00ed.<br><\/p>\n\n\n\n<p><strong>Paso 5:<\/strong> Realice una orden de compra por la cantidad de Kunci Coin que desea comprar.<br><\/p>\n\n\n\n<p><strong>Paso 6:<\/strong> Los Kunci Coins se acreditar\u00e1n en su billetera de intercambio una vez que se haya cumplido su pedido.<\/p>\n\n\n\n<h2 class=\"wp-block-heading\">Impuesto de compra de Kunci Coin en los Estados Unidos<\/h2>\n\n\n\n<p>La compra de Kunci Coin est\u00e1 sujeta a impuestos, al igual que cualquier otra transacci\u00f3n financiera en los Estados Unidos. Su situaci\u00f3n \u00fanica y cualquier normativa tributaria relevante en su pa\u00eds determinar\u00e1n las repercusiones fiscales precisas de comprar y poseer Kunci Coin. Si vende o intercambia Kunci Coins, es posible que deba declarar cualquier ganancia o p\u00e9rdida de capital en su declaraci\u00f3n de impuestos federales sobre la renta, ya que el IRS considera la criptomoneda como una forma de propiedad a efectos fiscales. Se debe consultar a un experto en impuestos antes de tomar decisiones financieras significativas, como la compra de Kunci Coin.<\/p>\n\n\n\n<h2 class=\"wp-block-heading\">Conclusi\u00f3n<\/h2>\n\n\n\n<p>En resumen, la compra de Kunci Coin en los Estados Unidos es un proceso sencillo que se puede realizar localizando un intercambio de criptomonedas confiable que admita el comercio de Kunci Coin, configurando una cuenta y financi\u00e1ndola. Puede obtener m\u00e1s informaci\u00f3n sobre el proyecto Kunci y participar en el ecosistema de intercambio de informaci\u00f3n mediante la propiedad de Kunci Coin. Antes de tomar decisiones financieras, es crucial comprender las ramificaciones fiscales y buscar asesoramiento profesional. Siempre investigue por su cuenta y aseg\u00farese de estar consciente de los peligros involucrados antes de comprar cualquier criptomoneda.<\/p>\n\n\n\n<!-- Page-list plugin v.5.9 wordpress.org\/plugins\/page-list\/ -->\n<ul class=\"page-list siblings-page-list \">\n<li class=\"page_item page-item-21510\"><a href=\"https:\/\/allin1bitcoins.com\/es\/crypto\/kunci\/american-express\/\">C\u00f3mo Comprar Kunci Coin (KUNCI) Con American Express<\/a><\/li>\n<li class=\"page_item page-item-21522\"><a href=\"https:\/\/allin1bitcoins.com\/es\/crypto\/kunci\/paypal\/\">C\u00f3mo Comprar Kunci Coin (KUNCI) Con PayPal<\/a><\/li>\n<li class=\"page_item page-item-21541\"><a href=\"https:\/\/allin1bitcoins.com\/es\/crypto\/kunci\/credit-card\/\">C\u00f3mo Comprar Kunci Coin (KUNCI) Con Tarjeta De Cr\u00e9dito<\/a><\/li>\n<li class=\"page_item page-item-21531\"><a href=\"https:\/\/allin1bitcoins.com\/es\/crypto\/kunci\/debit-card\/\">C\u00f3mo Comprar Kunci Coin (KUNCI) Con Tarjeta De D\u00e9bito<\/a><\/li>\n<li class=\"page_item page-item-21564\"><a href=\"https:\/\/allin1bitcoins.com\/es\/crypto\/kunci\/canada\/\">C\u00f3mo Comprar Kunci Coin (KUNCI) En Canad\u00e1<\/a><\/li>\n<li class=\"page_item page-item-21488\"><a href=\"https:\/\/allin1bitcoins.com\/es\/crypto\/kunci\/united-kingdom\/\">C\u00f3mo Comprar Kunci Coin (KUNCI) En El Reino Unido<\/a><\/li>\n<li class=\"page_item page-item-21499\"><a href=\"https:\/\/allin1bitcoins.com\/es\/crypto\/kunci\/united-states\/\">C\u00f3mo Comprar Kunci Coin (KUNCI) En Los Estados Unidos<\/a><\/li>\n<li class=\"page_item page-item-21554\"><a href=\"https:\/\/allin1bitcoins.com\/es\/crypto\/kunci\/switzerland\/\">C\u00f3mo Comprar La Moneda Kunci (KUNCI) En Suiza<\/a><\/li>\n\n<\/ul>\n","protected":false},"excerpt":{"rendered":"<p>Respuesta corta: Puedes comprar Kunci Coin en los Estados Unidos. La compra de Kunci Coin en los Estados Unidos es un proceso bastante sencillo que se puede dividir en algunos componentes esenciales. El primer paso es encontrar un intercambio de criptomonedas confiable que permita la negociaci\u00f3n con Kunci Coin en los Estados Unidos. El siguiente&#8230;<\/p>\n","protected":false},"author":5,"featured_media":16887,"parent":21473,"menu_order":0,"comment_status":"closed","ping_status":"closed","template":"","meta":{"cybocfi_hide_featured_image":"","footnotes":""},"acf":[],"yoast_head":"<!-- This site is optimized with the Yoast SEO plugin v21.7 - https:\/\/yoast.com\/wordpress\/plugins\/seo\/ -->\n<title>C\u00f3mo Comprar Kunci Coin (KUNCI) En Los Estados Unidos<\/title>\n<meta name=\"description\" content=\"Comprar Kunci Coin en los Estados Unidos es un proceso bastante sencillo que se puede dividir en algunos componentes esenciales.\" \/>\n<meta name=\"robots\" content=\"index, follow, max-snippet:-1, max-image-preview:large, max-video-preview:-1\" \/>\n<link rel=\"canonical\" href=\"https:\/\/allin1bitcoins.com\/es\/crypto\/kunci\/united-states\/\" \/>\n<meta property=\"og:locale\" content=\"es_ES\" \/>\n<meta property=\"og:type\" content=\"article\" \/>\n<meta property=\"og:title\" content=\"C\u00f3mo Comprar Kunci Coin (KUNCI) En Los Estados Unidos\" \/>\n<meta property=\"og:description\" content=\"Comprar Kunci Coin en los Estados Unidos es un proceso bastante sencillo que se puede dividir en algunos componentes esenciales.\" \/>\n<meta property=\"og:url\" content=\"https:\/\/allin1bitcoins.com\/es\/crypto\/kunci\/united-states\/\" \/>\n<meta property=\"og:site_name\" content=\"Allin1Bitcoins\" \/>\n<meta property=\"article:modified_time\" content=\"2023-02-18T06:01:27+00:00\" \/>\n<meta property=\"og:image\" content=\"https:\/\/allin1bitcoins.com\/wp-content\/uploads\/2023\/01\/andrew-ruiz-vJAhnIlhtk0-unsplash.jpg\" \/>\n\t<meta property=\"og:image:width\" content=\"640\" \/>\n\t<meta property=\"og:image:height\" content=\"963\" \/>\n\t<meta property=\"og:image:type\" content=\"image\/jpeg\" \/>\n<meta name=\"twitter:card\" content=\"summary_large_image\" \/>\n<meta name=\"twitter:label1\" content=\"Est. reading time\" \/>\n\t<meta name=\"twitter:data1\" content=\"3 minutes\" \/>\n<!-- \/ Yoast SEO plugin. -->","yoast_head_json":{"title":"C\u00f3mo Comprar Kunci Coin (KUNCI) En Los Estados Unidos","description":"Comprar Kunci Coin en los Estados Unidos es un proceso bastante sencillo que se puede dividir en algunos componentes esenciales.","robots":{"index":"index","follow":"follow","max-snippet":"max-snippet:-1","max-image-preview":"max-image-preview:large","max-video-preview":"max-video-preview:-1"},"canonical":"https:\/\/allin1bitcoins.com\/es\/crypto\/kunci\/united-states\/","og_locale":"es_ES","og_type":"article","og_title":"C\u00f3mo Comprar Kunci Coin (KUNCI) En Los Estados Unidos","og_description":"Comprar Kunci Coin en los Estados Unidos es un proceso bastante sencillo que se puede dividir en algunos componentes esenciales.","og_url":"https:\/\/allin1bitcoins.com\/es\/crypto\/kunci\/united-states\/","og_site_name":"Allin1Bitcoins","article_modified_time":"2023-02-18T06:01:27+00:00","og_image":[{"width":640,"height":963,"url":"https:\/\/allin1bitcoins.com\/wp-content\/uploads\/2023\/01\/andrew-ruiz-vJAhnIlhtk0-unsplash.jpg","type":"image\/jpeg"}],"twitter_card":"summary_large_image","twitter_misc":{"Est. reading time":"3 minutes"},"schema":{"@context":"https:\/\/schema.org","@graph":[{"@type":"WebPage","@id":"https:\/\/allin1bitcoins.com\/es\/crypto\/kunci\/united-states\/","url":"https:\/\/allin1bitcoins.com\/es\/crypto\/kunci\/united-states\/","name":"C\u00f3mo Comprar Kunci Coin (KUNCI) En Los Estados Unidos","isPartOf":{"@id":"https:\/\/allin1bitcoins.com\/es\/#website"},"datePublished":"2023-02-18T06:01:20+00:00","dateModified":"2023-02-18T06:01:27+00:00","description":"Comprar Kunci Coin en los Estados Unidos es un proceso bastante sencillo que se puede dividir en algunos componentes esenciales.","breadcrumb":{"@id":"https:\/\/allin1bitcoins.com\/es\/crypto\/kunci\/united-states\/#breadcrumb"},"inLanguage":"es","potentialAction":[{"@type":"ReadAction","target":["https:\/\/allin1bitcoins.com\/es\/crypto\/kunci\/united-states\/"]}]},{"@type":"BreadcrumbList","@id":"https:\/\/allin1bitcoins.com\/es\/crypto\/kunci\/united-states\/#breadcrumb","itemListElement":[{"@type":"ListItem","position":1,"name":"Home","item":"https:\/\/allin1bitcoins.com\/es\/"},{"@type":"ListItem","position":2,"name":"Cripto","item":"https:\/\/allin1bitcoins.com\/es\/crypto\/"},{"@type":"ListItem","position":3,"name":"C\u00f3mo Comprar Kunci Coin (KUNCI) &#8211; Gu\u00eda Paso A Paso 2023","item":"https:\/\/allin1bitcoins.com\/es\/crypto\/kunci\/"},{"@type":"ListItem","position":4,"name":"C\u00f3mo Comprar Kunci Coin (KUNCI) En Los Estados Unidos"}]},{"@type":"WebSite","@id":"https:\/\/allin1bitcoins.com\/es\/#website","url":"https:\/\/allin1bitcoins.com\/es\/","name":"Allin1Bitcoins","description":"","publisher":{"@id":"https:\/\/allin1bitcoins.com\/es\/#organization"},"potentialAction":[{"@type":"SearchAction","target":{"@type":"EntryPoint","urlTemplate":"https:\/\/allin1bitcoins.com\/es\/?s={search_term_string}"},"query-input":"required name=search_term_string"}],"inLanguage":"es"},{"@type":"Organization","@id":"https:\/\/allin1bitcoins.com\/es\/#organization","name":"allin1bitcoins","url":"https:\/\/allin1bitcoins.com\/es\/","logo":{"@type":"ImageObject","inLanguage":"es","@id":"https:\/\/allin1bitcoins.com\/es\/#\/schema\/logo\/image\/","url":"https:\/\/allin1bitcoins.com\/wp-content\/uploads\/2019\/01\/logo-new.png","contentUrl":"https:\/\/allin1bitcoins.com\/wp-content\/uploads\/2019\/01\/logo-new.png","width":178,"height":71,"caption":"allin1bitcoins"},"image":{"@id":"https:\/\/allin1bitcoins.com\/es\/#\/schema\/logo\/image\/"}}]}},"_links":{"self":[{"href":"https:\/\/allin1bitcoins.com\/es\/wp-json\/wp\/v2\/pages\/21499"}],"collection":[{"href":"https:\/\/allin1bitcoins.com\/es\/wp-json\/wp\/v2\/pages"}],"about":[{"href":"https:\/\/allin1bitcoins.com\/es\/wp-json\/wp\/v2\/types\/page"}],"author":[{"embeddable":true,"href":"https:\/\/allin1bitcoins.com\/es\/wp-json\/wp\/v2\/users\/5"}],"replies":[{"embeddable":true,"href":"https:\/\/allin1bitcoins.com\/es\/wp-json\/wp\/v2\/comments?post=21499"}],"version-history":[{"count":1,"href":"https:\/\/allin1bitcoins.com\/es\/wp-json\/wp\/v2\/pages\/21499\/revisions"}],"predecessor-version":[{"id":21500,"href":"https:\/\/allin1bitcoins.com\/es\/wp-json\/wp\/v2\/pages\/21499\/revisions\/21500"}],"up":[{"embeddable":true,"href":"https:\/\/allin1bitcoins.com\/es\/wp-json\/wp\/v2\/pages\/21473"}],"wp:featuredmedia":[{"embeddable":true,"href":"https:\/\/allin1bitcoins.com\/es\/wp-json\/wp\/v2\/media\/16887"}],"wp:attachment":[{"href":"https:\/\/allin1bitcoins.com\/es\/wp-json\/wp\/v2\/media?parent=21499"}],"curies":[{"name":"wp","href":"https:\/\/api.w.org\/{rel}","templated":true}]}}