{"id":21531,"date":"2023-02-18T08:05:51","date_gmt":"2023-02-18T08:05:51","guid":{"rendered":"https:\/\/allin1bitcoins.com\/?page_id=21531"},"modified":"2023-02-18T08:05:54","modified_gmt":"2023-02-18T08:05:54","slug":"debit-card","status":"publish","type":"page","link":"https:\/\/allin1bitcoins.com\/es\/crypto\/kunci\/debit-card\/","title":{"rendered":"C\u00f3mo Comprar Kunci Coin (KUNCI) Con Tarjeta De D\u00e9bito"},"content":{"rendered":"\n<p>La tecnolog\u00eda blockchain es utilizada por la moneda digital Kunci Coin para permitir transacciones seguras y r\u00e1pidas. En este art\u00edculo, repasaremos c\u00f3mo comprar Kunci Coin utilizando una tarjeta de d\u00e9bito, junto con una breve explicaci\u00f3n, una descripci\u00f3n de la moneda, algunas razones por las que podr\u00edas querer hacerlo y una gu\u00eda paso a paso. Para tu beneficio, tambi\u00e9n mencionaremos ciertas desventajas de comprar Kunci Coin con una tarjeta de d\u00e9bito.<\/p>\n\n\n\n<h2 class=\"wp-block-heading\">Puedes comprar Kunci Coin con una tarjeta de d\u00e9bito<\/h2>\n\n\n\n<p>Al igual que con la compra de Kunci Coin con una tarjeta de cr\u00e9dito, tambi\u00e9n se puede hacer con una tarjeta de d\u00e9bito. El primer paso es encontrar un intercambio de criptomonedas confiable que acepte pagos con tarjeta de d\u00e9bito. El siguiente paso es registrarte en una cuenta de intercambio, confirmar tu identidad y vincular tu tarjeta de d\u00e9bito. Una vez creada tu cuenta y conectada tu tarjeta de d\u00e9bito, puedes comprar Kunci Coin realizando un pedido e indicando la cantidad que deseas adquirir.<\/p>\n\n\n\n<h2 class=\"wp-block-heading\">Resumen de Kunci Coin<\/h2>\n\n\n\n<p>Kunci Coin es una criptomoneda peer-to-peer descentralizada que asegura su blockchain mediante un mecanismo de prueba de trabajo. La moneda, que fue lanzada por primera vez en 2016, permite transacciones r\u00e1pidas y econ\u00f3micas. Los micropagos, las transferencias y las transacciones en l\u00ednea son solo algunos de los usos de Kunci Coin.<\/p>\n\n\n\n<h2 class=\"wp-block-heading\">Por qu\u00e9 querr\u00edas comprar Kunci Coin con una tarjeta de d\u00e9bito<\/h2>\n\n\n\n<p>Existen varias razones por las que utilizar una tarjeta de d\u00e9bito para comprar Kunci Coin puede ser ventajoso. Una de las principales ventajas es la rapidez y facilidad para realizar las compras. A diferencia de las transferencias bancarias, que pueden tardar varios d\u00edas en procesarse, las transacciones con tarjeta de d\u00e9bito suelen realizarse en cuesti\u00f3n de minutos. Las tarjetas de d\u00e9bito tambi\u00e9n son ampliamente aceptadas y se pueden utilizar en diversas plataformas para comprar criptomonedas. Para las personas que desean evitar el uso de una tarjeta de cr\u00e9dito o que tienen un l\u00edmite de cr\u00e9dito m\u00e1s bajo, la compra de criptomonedas con una tarjeta de d\u00e9bito tambi\u00e9n puede ser una opci\u00f3n viable.<\/p>\n\n\n\n<h2 class=\"wp-block-heading\">C\u00f3mo comprar Kunci Coin con una tarjeta de d\u00e9bito, en detalle:<\/h2>\n\n\n\n<ol><li>En primer lugar, encuentra un intercambio de bitcoins confiable que acepte pagos con tarjeta de d\u00e9bito. Algunos ejemplos son Binance, Coinbase y Kraken.<br><br><\/li><li>El siguiente paso es registrarte en una cuenta en el intercambio y verificar tu identificaci\u00f3n mediante la presentaci\u00f3n de un documento emitido por el gobierno.<br><br><\/li><li>Despu\u00e9s de crear tu cuenta, debes proporcionar el n\u00famero de tu tarjeta de d\u00e9bito, la fecha de vencimiento y el c\u00f3digo de seguridad para vincular tu tarjeta de d\u00e9bito.<br><br><\/li><li>Una vez vinculada tu tarjeta de d\u00e9bito, puedes comprar Kunci Coin realizando un pedido e indicando la cantidad que deseas adquirir.<br><br><\/li><li>Una vez que se complete tu pedido, tu Kunci Coin se depositar\u00e1 en tu billetera de intercambio, donde puedes mantenerla, intercambiarla o transferirla a otra billetera que administres.<\/li><\/ol>\n\n\n\n<figure class=\"wp-block-embed is-type-video is-provider-youtube wp-block-embed-youtube wp-embed-aspect-16-9 wp-has-aspect-ratio\"><div class=\"wp-block-embed__wrapper\">\n<iframe title=\"Light the #KUNCICOINONTORCH for a better transparency \ud83d\udd25\" width=\"800\" height=\"450\" src=\"https:\/\/www.youtube.com\/embed\/uOUzVCSujPY?feature=oembed\" frameborder=\"0\" allow=\"accelerometer; autoplay; clipboard-write; encrypted-media; gyroscope; picture-in-picture; web-share\" allowfullscreen><\/iframe>\n<\/div><\/figure>\n\n\n\n<h2 class=\"wp-block-heading\">C\u00f3mo comprar Kunci Coin (KUNCI) con tarjeta de d\u00e9bito<\/h2>\n\n\n\n<p>Con algunas excepciones, comprar Kunci Coin con una tarjeta de d\u00e9bito es comparable a hacerlo con una tarjeta de cr\u00e9dito. Dado que tu informaci\u00f3n personal y financiera est\u00e1 vinculada a tu tarjeta de d\u00e9bito, una de las principales desventajas de usar una tarjeta de d\u00e9bito para comprar Kunci Coin es que puede ser menos privado que otras opciones. Adem\u00e1s, usar una tarjeta de d\u00e9bito para comprar Bitcoin puede incurrir en una tarifa m\u00e1s alta que usar una transferencia bancaria u otro m\u00e9todo. Otra desventaja de usar una tarjeta de d\u00e9bito para compras es la posibilidad de l\u00edmites de gastos y l\u00edmites diarios o mensuales de retiro.<\/p>\n\n\n\n<h2 class=\"wp-block-heading\">Conclusi\u00f3n<\/h2>\n\n\n\n<p>En conclusi\u00f3n, comprar Kunci Coin con una tarjeta de d\u00e9bito es un procedimiento sencillo que permite compras r\u00e1pidas y simples. Es importante ser consciente de posibles desventajas, como el mayor costo y la necesidad de proporcionar datos personales y financieros al intercambio.<\/p>\n\n\n\n<p>Un recordatorio de que Kunci Coin y otras criptomonedas son activos extremadamente especulativos, nuevos y vol\u00e1tiles. Diversificar tu cartera e invertir solo lo que puedes permitirte perder siempre es una buena idea. Debido a que ha habido incidentes de hacking y fraude en el campo de las criptomonedas, tambi\u00e9n debes asegurarte de que el intercambio que uses sea confiable y seguro. Comprar Kunci Coin con una tarjeta de d\u00e9bito puede ser una opci\u00f3n pr\u00e1ctica para las personas que desean invertir en criptomonedas r\u00e1pidamente, pero es importante considerar los beneficios y las desventajas antes de hacerlo. Puedes comprar Kunci Coin con una tarjeta de d\u00e9bito siguiendo las instrucciones proporcionadas en este art\u00edculo. Al hacerlo, podr\u00e1s tomar una decisi\u00f3n informada que sea la mejor para ti. Antes de tomar cualquier decisi\u00f3n de inversi\u00f3n, como siempre, realiza tu propia investigaci\u00f3n y ten en cuenta tus circunstancias financieras.<\/p>\n\n\n\n<!-- Page-list plugin v.5.9 wordpress.org\/plugins\/page-list\/ -->\n<ul class=\"page-list siblings-page-list \">\n<li class=\"page_item page-item-21510\"><a href=\"https:\/\/allin1bitcoins.com\/es\/crypto\/kunci\/american-express\/\">C\u00f3mo Comprar Kunci Coin (KUNCI) Con American Express<\/a><\/li>\n<li class=\"page_item page-item-21522\"><a href=\"https:\/\/allin1bitcoins.com\/es\/crypto\/kunci\/paypal\/\">C\u00f3mo Comprar Kunci Coin (KUNCI) Con PayPal<\/a><\/li>\n<li class=\"page_item page-item-21541\"><a href=\"https:\/\/allin1bitcoins.com\/es\/crypto\/kunci\/credit-card\/\">C\u00f3mo Comprar Kunci Coin (KUNCI) Con Tarjeta De Cr\u00e9dito<\/a><\/li>\n<li class=\"page_item page-item-21531\"><a href=\"https:\/\/allin1bitcoins.com\/es\/crypto\/kunci\/debit-card\/\">C\u00f3mo Comprar Kunci Coin (KUNCI) Con Tarjeta De D\u00e9bito<\/a><\/li>\n<li class=\"page_item page-item-21564\"><a href=\"https:\/\/allin1bitcoins.com\/es\/crypto\/kunci\/canada\/\">C\u00f3mo Comprar Kunci Coin (KUNCI) En Canad\u00e1<\/a><\/li>\n<li class=\"page_item page-item-21488\"><a href=\"https:\/\/allin1bitcoins.com\/es\/crypto\/kunci\/united-kingdom\/\">C\u00f3mo Comprar Kunci Coin (KUNCI) En El Reino Unido<\/a><\/li>\n<li class=\"page_item page-item-21499\"><a href=\"https:\/\/allin1bitcoins.com\/es\/crypto\/kunci\/united-states\/\">C\u00f3mo Comprar Kunci Coin (KUNCI) En Los Estados Unidos<\/a><\/li>\n<li class=\"page_item page-item-21554\"><a href=\"https:\/\/allin1bitcoins.com\/es\/crypto\/kunci\/switzerland\/\">C\u00f3mo Comprar La Moneda Kunci (KUNCI) En Suiza<\/a><\/li>\n\n<\/ul>\n","protected":false},"excerpt":{"rendered":"<p>La tecnolog\u00eda blockchain es utilizada por la moneda digital Kunci Coin para permitir transacciones seguras y r\u00e1pidas. En este art\u00edculo, repasaremos c\u00f3mo comprar Kunci Coin utilizando una tarjeta de d\u00e9bito, junto con una breve explicaci\u00f3n, una descripci\u00f3n de la moneda, algunas razones por las que podr\u00edas querer hacerlo y una gu\u00eda paso a paso. Para&#8230;<\/p>\n","protected":false},"author":5,"featured_media":16897,"parent":21473,"menu_order":0,"comment_status":"closed","ping_status":"closed","template":"","meta":{"cybocfi_hide_featured_image":"","footnotes":""},"acf":[],"yoast_head":"<!-- This site is optimized with the Yoast SEO plugin v21.7 - https:\/\/yoast.com\/wordpress\/plugins\/seo\/ -->\n<title>C\u00f3mo Comprar Kunci Coin (KUNCI) Con Tarjeta De D\u00e9bito<\/title>\n<meta name=\"description\" content=\"Igual que al comprar Kunci con tarjeta de cr\u00e9dito, tambi\u00e9n se puede hacer con una tarjeta de d\u00e9bito. Sigue leyendo para conocer m\u00e1s detalles.\" \/>\n<meta name=\"robots\" content=\"index, follow, max-snippet:-1, max-image-preview:large, max-video-preview:-1\" \/>\n<link rel=\"canonical\" href=\"https:\/\/allin1bitcoins.com\/es\/crypto\/kunci\/debit-card\/\" \/>\n<meta property=\"og:locale\" content=\"es_ES\" \/>\n<meta property=\"og:type\" content=\"article\" \/>\n<meta property=\"og:title\" content=\"C\u00f3mo Comprar Kunci Coin (KUNCI) Con Tarjeta De D\u00e9bito\" \/>\n<meta property=\"og:description\" content=\"Igual que al comprar Kunci con tarjeta de cr\u00e9dito, tambi\u00e9n se puede hacer con una tarjeta de d\u00e9bito. Sigue leyendo para conocer m\u00e1s detalles.\" \/>\n<meta property=\"og:url\" content=\"https:\/\/allin1bitcoins.com\/es\/crypto\/kunci\/debit-card\/\" \/>\n<meta property=\"og:site_name\" content=\"Allin1Bitcoins\" \/>\n<meta property=\"article:modified_time\" content=\"2023-02-18T08:05:54+00:00\" \/>\n<meta property=\"og:image\" content=\"https:\/\/allin1bitcoins.com\/wp-content\/uploads\/2023\/01\/nathana-reboucas-3YSDTzqnVtQ-unsplash.jpg\" \/>\n\t<meta property=\"og:image:width\" content=\"1920\" \/>\n\t<meta property=\"og:image:height\" content=\"1280\" \/>\n\t<meta property=\"og:image:type\" content=\"image\/jpeg\" \/>\n<meta name=\"twitter:card\" content=\"summary_large_image\" \/>\n<meta name=\"twitter:label1\" content=\"Est. reading time\" \/>\n\t<meta name=\"twitter:data1\" content=\"4 minutes\" \/>\n<!-- \/ Yoast SEO plugin. -->","yoast_head_json":{"title":"C\u00f3mo Comprar Kunci Coin (KUNCI) Con Tarjeta De D\u00e9bito","description":"Igual que al comprar Kunci con tarjeta de cr\u00e9dito, tambi\u00e9n se puede hacer con una tarjeta de d\u00e9bito. Sigue leyendo para conocer m\u00e1s detalles.","robots":{"index":"index","follow":"follow","max-snippet":"max-snippet:-1","max-image-preview":"max-image-preview:large","max-video-preview":"max-video-preview:-1"},"canonical":"https:\/\/allin1bitcoins.com\/es\/crypto\/kunci\/debit-card\/","og_locale":"es_ES","og_type":"article","og_title":"C\u00f3mo Comprar Kunci Coin (KUNCI) Con Tarjeta De D\u00e9bito","og_description":"Igual que al comprar Kunci con tarjeta de cr\u00e9dito, tambi\u00e9n se puede hacer con una tarjeta de d\u00e9bito. Sigue leyendo para conocer m\u00e1s detalles.","og_url":"https:\/\/allin1bitcoins.com\/es\/crypto\/kunci\/debit-card\/","og_site_name":"Allin1Bitcoins","article_modified_time":"2023-02-18T08:05:54+00:00","og_image":[{"width":1920,"height":1280,"url":"https:\/\/allin1bitcoins.com\/wp-content\/uploads\/2023\/01\/nathana-reboucas-3YSDTzqnVtQ-unsplash.jpg","type":"image\/jpeg"}],"twitter_card":"summary_large_image","twitter_misc":{"Est. reading time":"4 minutes"},"schema":{"@context":"https:\/\/schema.org","@graph":[{"@type":"WebPage","@id":"https:\/\/allin1bitcoins.com\/es\/crypto\/kunci\/debit-card\/","url":"https:\/\/allin1bitcoins.com\/es\/crypto\/kunci\/debit-card\/","name":"C\u00f3mo Comprar Kunci Coin (KUNCI) Con Tarjeta De D\u00e9bito","isPartOf":{"@id":"https:\/\/allin1bitcoins.com\/es\/#website"},"datePublished":"2023-02-18T08:05:51+00:00","dateModified":"2023-02-18T08:05:54+00:00","description":"Igual que al comprar Kunci con tarjeta de cr\u00e9dito, tambi\u00e9n se puede hacer con una tarjeta de d\u00e9bito. Sigue leyendo para conocer m\u00e1s detalles.","breadcrumb":{"@id":"https:\/\/allin1bitcoins.com\/es\/crypto\/kunci\/debit-card\/#breadcrumb"},"inLanguage":"es","potentialAction":[{"@type":"ReadAction","target":["https:\/\/allin1bitcoins.com\/es\/crypto\/kunci\/debit-card\/"]}]},{"@type":"BreadcrumbList","@id":"https:\/\/allin1bitcoins.com\/es\/crypto\/kunci\/debit-card\/#breadcrumb","itemListElement":[{"@type":"ListItem","position":1,"name":"Home","item":"https:\/\/allin1bitcoins.com\/es\/"},{"@type":"ListItem","position":2,"name":"Cripto","item":"https:\/\/allin1bitcoins.com\/es\/crypto\/"},{"@type":"ListItem","position":3,"name":"C\u00f3mo Comprar Kunci Coin (KUNCI) &#8211; Gu\u00eda Paso A Paso 2023","item":"https:\/\/allin1bitcoins.com\/es\/crypto\/kunci\/"},{"@type":"ListItem","position":4,"name":"C\u00f3mo Comprar Kunci Coin (KUNCI) Con Tarjeta De D\u00e9bito"}]},{"@type":"WebSite","@id":"https:\/\/allin1bitcoins.com\/es\/#website","url":"https:\/\/allin1bitcoins.com\/es\/","name":"Allin1Bitcoins","description":"","publisher":{"@id":"https:\/\/allin1bitcoins.com\/es\/#organization"},"potentialAction":[{"@type":"SearchAction","target":{"@type":"EntryPoint","urlTemplate":"https:\/\/allin1bitcoins.com\/es\/?s={search_term_string}"},"query-input":"required name=search_term_string"}],"inLanguage":"es"},{"@type":"Organization","@id":"https:\/\/allin1bitcoins.com\/es\/#organization","name":"allin1bitcoins","url":"https:\/\/allin1bitcoins.com\/es\/","logo":{"@type":"ImageObject","inLanguage":"es","@id":"https:\/\/allin1bitcoins.com\/es\/#\/schema\/logo\/image\/","url":"https:\/\/allin1bitcoins.com\/wp-content\/uploads\/2019\/01\/logo-new.png","contentUrl":"https:\/\/allin1bitcoins.com\/wp-content\/uploads\/2019\/01\/logo-new.png","width":178,"height":71,"caption":"allin1bitcoins"},"image":{"@id":"https:\/\/allin1bitcoins.com\/es\/#\/schema\/logo\/image\/"}}]}},"_links":{"self":[{"href":"https:\/\/allin1bitcoins.com\/es\/wp-json\/wp\/v2\/pages\/21531"}],"collection":[{"href":"https:\/\/allin1bitcoins.com\/es\/wp-json\/wp\/v2\/pages"}],"about":[{"href":"https:\/\/allin1bitcoins.com\/es\/wp-json\/wp\/v2\/types\/page"}],"author":[{"embeddable":true,"href":"https:\/\/allin1bitcoins.com\/es\/wp-json\/wp\/v2\/users\/5"}],"replies":[{"embeddable":true,"href":"https:\/\/allin1bitcoins.com\/es\/wp-json\/wp\/v2\/comments?post=21531"}],"version-history":[{"count":1,"href":"https:\/\/allin1bitcoins.com\/es\/wp-json\/wp\/v2\/pages\/21531\/revisions"}],"predecessor-version":[{"id":21532,"href":"https:\/\/allin1bitcoins.com\/es\/wp-json\/wp\/v2\/pages\/21531\/revisions\/21532"}],"up":[{"embeddable":true,"href":"https:\/\/allin1bitcoins.com\/es\/wp-json\/wp\/v2\/pages\/21473"}],"wp:featuredmedia":[{"embeddable":true,"href":"https:\/\/allin1bitcoins.com\/es\/wp-json\/wp\/v2\/media\/16897"}],"wp:attachment":[{"href":"https:\/\/allin1bitcoins.com\/es\/wp-json\/wp\/v2\/media?parent=21531"}],"curies":[{"name":"wp","href":"https:\/\/api.w.org\/{rel}","templated":true}]}}