{"id":21564,"date":"2023-02-18T18:48:22","date_gmt":"2023-02-18T18:48:22","guid":{"rendered":"https:\/\/allin1bitcoins.com\/?page_id=21564"},"modified":"2023-02-18T18:48:25","modified_gmt":"2023-02-18T18:48:25","slug":"canada","status":"publish","type":"page","link":"https:\/\/allin1bitcoins.com\/es\/crypto\/kunci\/canada\/","title":{"rendered":"C\u00f3mo Comprar Kunci Coin (KUNCI) En Canad\u00e1"},"content":{"rendered":"\n<h2 class=\"wp-block-heading\">Respuesta breve: Puede comprar Kunci Coin en Canad\u00e1.<\/h2>\n\n\n\n<p>El procedimiento para comprar Kunci Coin en Canad\u00e1 se puede dividir en unos pocos pasos simples. El primer paso es encontrar un intercambio de criptomonedas confiable que permita el comercio de Kunci Coin en Canad\u00e1. El siguiente paso es registrarse para obtener una cuenta en el intercambio y proporcionar una identificaci\u00f3n. Despu\u00e9s de configurar su cuenta, puede agregar dinero en d\u00f3lares canadienses (CAD) o otra moneda admitida. Puede comprar Kunci Coin con el dinero en su cuenta despu\u00e9s de que se haya acreditado con sus fondos.<\/p>\n\n\n\n<h2 class=\"wp-block-heading\">Visi\u00f3n general de Kunci Coin<\/h2>\n\n\n\n<p>El proyecto Kunci cre\u00f3 la criptomoneda conocida como Kunci Coin. El proyecto Kunci busca proporcionar una plataforma descentralizada donde los usuarios puedan compartir y acceder al conocimiento de manera segura y privada. Los usuarios del sitio pueden acceder a un registro descentralizado e inmutable de conocimiento e informaci\u00f3n gracias a la tecnolog\u00eda blockchain. El token nativo de la plataforma Kunci, Kunci Coin, se utiliza para recompensar a los usuarios que comparten y agregan conocimiento valioso a la red.<\/p>\n\n\n\n<h2 class=\"wp-block-heading\">Ventajas de comprar Kunci Coin<\/h2>\n\n\n\n<p>Hay varias ventajas al comprar Kunci Coin. En primer lugar, tener Kunci Coin le da acceso al proyecto Kunci y al ecosistema de intercambio de conocimiento. Al respaldarse con el valor de la plataforma Kunci, ser propietario de Kunci Coin tambi\u00e9n puede actuar como una cobertura contra la volatilidad de otras criptomonedas. Adem\u00e1s, ser due\u00f1o de Kunci Coin otorga a los usuarios acceso a contenido premium, as\u00ed como premios por compartir conocimientos perspicaces en la plataforma.<\/p>\n\n\n\n<figure class=\"wp-block-embed is-type-video is-provider-youtube wp-block-embed-youtube wp-embed-aspect-16-9 wp-has-aspect-ratio\"><div class=\"wp-block-embed__wrapper\">\n<iframe title=\"KunciCoin Achievement Overview\" width=\"800\" height=\"450\" src=\"https:\/\/www.youtube.com\/embed\/HKe2xGJj0ms?feature=oembed\" frameborder=\"0\" allow=\"accelerometer; autoplay; clipboard-write; encrypted-media; gyroscope; picture-in-picture; web-share\" allowfullscreen><\/iframe>\n<\/div><\/figure>\n\n\n\n<h2 class=\"wp-block-heading\">Instrucciones detalladas sobre c\u00f3mo comprar Kunci Coin en Canad\u00e1<\/h2>\n\n\n\n<p><strong>Paso 1: <\/strong>Elija un intercambio de criptomonedas confiable que permita el comercio de Kunci Coin en Canad\u00e1. Binance, KuCoin y Bitbuy son algunas opciones populares.<br><\/p>\n\n\n\n<p><strong>Paso 2: <\/strong>Reg\u00edstrese para obtener una cuenta en el intercambio de su elecci\u00f3n y lleve a cabo los procedimientos de verificaci\u00f3n necesarios.<br><\/p>\n\n\n\n<p><strong>Paso 3: <\/strong>Agregue dinero a su cuenta en d\u00f3lares canadienses (CAD) o en otra moneda aceptada.<br><\/p>\n\n\n\n<p><strong>Paso 4:<\/strong> Encuentre el par de negociaci\u00f3n Kunci Coin\/CAD yendo a la p\u00e1gina de negociaci\u00f3n del intercambio.<br><\/p>\n\n\n\n<p><strong>Paso 5:<\/strong> Coloque una orden de compra por la cantidad de Kunci Coin que desee comprar.<br><\/p>\n\n\n\n<p><strong>Paso 6:<\/strong> Una vez que se haya cumplido su orden, los Kunci Coins se acreditar\u00e1n en su billetera del intercambio.<\/p>\n\n\n\n<h2 class=\"wp-block-heading\">Impuestos sobre la compra de Kunci Coin en Canad\u00e1<\/h2>\n\n\n\n<p>La compra de Kunci Coin est\u00e1 sujeta a impuestos, al igual que cualquier otra transacci\u00f3n financiera en Canad\u00e1. Su situaci\u00f3n \u00fanica y cualquier regla y regulaci\u00f3n fiscal relevante en su pa\u00eds determinar\u00e1n las repercusiones fiscales precisas de la compra y tenencia de Kunci Coin. Las criptomonedas son consideradas por la Agencia de Ingresos de Canad\u00e1 (CRA) como productos b\u00e1sicos y, como tales, est\u00e1n sujetas a regulaciones fiscales de ganancias de capital. Se debe consultar a un experto fiscal antes de tomar cualquier decisi\u00f3n financiera importante, como la compra de Kunci Coin.<\/p>\n\n\n\n<h2 class=\"wp-block-heading\">Conclusi\u00f3n<\/h2>\n\n\n\n<p>En conclusi\u00f3n, la compra de Kunci Coin en Canad\u00e1 es un proceso sencillo que se puede llevar a cabo mediante la ubicaci\u00f3n de un intercambio de criptomonedas confiable que admita el comercio de Kunci Coin, la creaci\u00f3n de una cuenta y su financiamiento. Puede obtener m\u00e1s informaci\u00f3n sobre el proyecto Kunci y participar en el ecosistema de intercambio de informaci\u00f3n siendo due\u00f1o de Kunci Coin. Antes de tomar cualquier decisi\u00f3n financiera, es crucial comprender las implicaciones fiscales y buscar consejo profesional. Siempre realice su propia investigaci\u00f3n y aseg\u00farese de estar consciente de los riesgos involucrados antes de comprar cualquier criptomoneda.<\/p>\n\n\n\n<!-- Page-list plugin v.5.9 wordpress.org\/plugins\/page-list\/ -->\n<ul class=\"page-list siblings-page-list \">\n<li class=\"page_item page-item-21510\"><a href=\"https:\/\/allin1bitcoins.com\/es\/crypto\/kunci\/american-express\/\">C\u00f3mo Comprar Kunci Coin (KUNCI) Con American Express<\/a><\/li>\n<li class=\"page_item page-item-21522\"><a href=\"https:\/\/allin1bitcoins.com\/es\/crypto\/kunci\/paypal\/\">C\u00f3mo Comprar Kunci Coin (KUNCI) Con PayPal<\/a><\/li>\n<li class=\"page_item page-item-21541\"><a href=\"https:\/\/allin1bitcoins.com\/es\/crypto\/kunci\/credit-card\/\">C\u00f3mo Comprar Kunci Coin (KUNCI) Con Tarjeta De Cr\u00e9dito<\/a><\/li>\n<li class=\"page_item page-item-21531\"><a href=\"https:\/\/allin1bitcoins.com\/es\/crypto\/kunci\/debit-card\/\">C\u00f3mo Comprar Kunci Coin (KUNCI) Con Tarjeta De D\u00e9bito<\/a><\/li>\n<li class=\"page_item page-item-21564\"><a href=\"https:\/\/allin1bitcoins.com\/es\/crypto\/kunci\/canada\/\">C\u00f3mo Comprar Kunci Coin (KUNCI) En Canad\u00e1<\/a><\/li>\n<li class=\"page_item page-item-21488\"><a href=\"https:\/\/allin1bitcoins.com\/es\/crypto\/kunci\/united-kingdom\/\">C\u00f3mo Comprar Kunci Coin (KUNCI) En El Reino Unido<\/a><\/li>\n<li class=\"page_item page-item-21499\"><a href=\"https:\/\/allin1bitcoins.com\/es\/crypto\/kunci\/united-states\/\">C\u00f3mo Comprar Kunci Coin (KUNCI) En Los Estados Unidos<\/a><\/li>\n<li class=\"page_item page-item-21554\"><a href=\"https:\/\/allin1bitcoins.com\/es\/crypto\/kunci\/switzerland\/\">C\u00f3mo Comprar La Moneda Kunci (KUNCI) En Suiza<\/a><\/li>\n\n<\/ul>\n","protected":false},"excerpt":{"rendered":"<p>Respuesta breve: Puede comprar Kunci Coin en Canad\u00e1. El procedimiento para comprar Kunci Coin en Canad\u00e1 se puede dividir en unos pocos pasos simples. El primer paso es encontrar un intercambio de criptomonedas confiable que permita el comercio de Kunci Coin en Canad\u00e1. El siguiente paso es registrarse para obtener una cuenta en el intercambio&#8230;<\/p>\n","protected":false},"author":5,"featured_media":16917,"parent":21473,"menu_order":0,"comment_status":"closed","ping_status":"closed","template":"","meta":{"cybocfi_hide_featured_image":"","footnotes":""},"acf":[],"yoast_head":"<!-- This site is optimized with the Yoast SEO plugin v21.7 - https:\/\/yoast.com\/wordpress\/plugins\/seo\/ -->\n<title>C\u00f3mo Comprar Kunci Coin (KUNCI) En Canad\u00e1<\/title>\n<meta name=\"description\" content=\"El proyecto Kunci busca proporcionar una plataforma descentralizada donde los usuarios puedan compartir y acceder al conocimiento.\" \/>\n<meta name=\"robots\" content=\"index, follow, max-snippet:-1, max-image-preview:large, max-video-preview:-1\" \/>\n<link rel=\"canonical\" href=\"https:\/\/allin1bitcoins.com\/es\/crypto\/kunci\/canada\/\" \/>\n<meta property=\"og:locale\" content=\"es_ES\" \/>\n<meta property=\"og:type\" content=\"article\" \/>\n<meta property=\"og:title\" content=\"C\u00f3mo Comprar Kunci Coin (KUNCI) En Canad\u00e1\" \/>\n<meta property=\"og:description\" content=\"El proyecto Kunci busca proporcionar una plataforma descentralizada donde los usuarios puedan compartir y acceder al conocimiento.\" \/>\n<meta property=\"og:url\" content=\"https:\/\/allin1bitcoins.com\/es\/crypto\/kunci\/canada\/\" \/>\n<meta property=\"og:site_name\" content=\"Allin1Bitcoins\" \/>\n<meta property=\"article:modified_time\" content=\"2023-02-18T18:48:25+00:00\" \/>\n<meta property=\"og:image\" content=\"https:\/\/allin1bitcoins.com\/wp-content\/uploads\/2023\/01\/sasan-hezarkhani-3x1B3b5gXo-unsplash.jpg\" \/>\n\t<meta property=\"og:image:width\" content=\"1920\" \/>\n\t<meta property=\"og:image:height\" content=\"1272\" \/>\n\t<meta property=\"og:image:type\" content=\"image\/jpeg\" \/>\n<meta name=\"twitter:card\" content=\"summary_large_image\" \/>\n<meta name=\"twitter:label1\" content=\"Est. reading time\" \/>\n\t<meta name=\"twitter:data1\" content=\"3 minutes\" \/>\n<!-- \/ Yoast SEO plugin. -->","yoast_head_json":{"title":"C\u00f3mo Comprar Kunci Coin (KUNCI) En Canad\u00e1","description":"El proyecto Kunci busca proporcionar una plataforma descentralizada donde los usuarios puedan compartir y acceder al conocimiento.","robots":{"index":"index","follow":"follow","max-snippet":"max-snippet:-1","max-image-preview":"max-image-preview:large","max-video-preview":"max-video-preview:-1"},"canonical":"https:\/\/allin1bitcoins.com\/es\/crypto\/kunci\/canada\/","og_locale":"es_ES","og_type":"article","og_title":"C\u00f3mo Comprar Kunci Coin (KUNCI) En Canad\u00e1","og_description":"El proyecto Kunci busca proporcionar una plataforma descentralizada donde los usuarios puedan compartir y acceder al conocimiento.","og_url":"https:\/\/allin1bitcoins.com\/es\/crypto\/kunci\/canada\/","og_site_name":"Allin1Bitcoins","article_modified_time":"2023-02-18T18:48:25+00:00","og_image":[{"width":1920,"height":1272,"url":"https:\/\/allin1bitcoins.com\/wp-content\/uploads\/2023\/01\/sasan-hezarkhani-3x1B3b5gXo-unsplash.jpg","type":"image\/jpeg"}],"twitter_card":"summary_large_image","twitter_misc":{"Est. reading time":"3 minutes"},"schema":{"@context":"https:\/\/schema.org","@graph":[{"@type":"WebPage","@id":"https:\/\/allin1bitcoins.com\/es\/crypto\/kunci\/canada\/","url":"https:\/\/allin1bitcoins.com\/es\/crypto\/kunci\/canada\/","name":"C\u00f3mo Comprar Kunci Coin (KUNCI) En Canad\u00e1","isPartOf":{"@id":"https:\/\/allin1bitcoins.com\/es\/#website"},"datePublished":"2023-02-18T18:48:22+00:00","dateModified":"2023-02-18T18:48:25+00:00","description":"El proyecto Kunci busca proporcionar una plataforma descentralizada donde los usuarios puedan compartir y acceder al conocimiento.","breadcrumb":{"@id":"https:\/\/allin1bitcoins.com\/es\/crypto\/kunci\/canada\/#breadcrumb"},"inLanguage":"es","potentialAction":[{"@type":"ReadAction","target":["https:\/\/allin1bitcoins.com\/es\/crypto\/kunci\/canada\/"]}]},{"@type":"BreadcrumbList","@id":"https:\/\/allin1bitcoins.com\/es\/crypto\/kunci\/canada\/#breadcrumb","itemListElement":[{"@type":"ListItem","position":1,"name":"Home","item":"https:\/\/allin1bitcoins.com\/es\/"},{"@type":"ListItem","position":2,"name":"Cripto","item":"https:\/\/allin1bitcoins.com\/es\/crypto\/"},{"@type":"ListItem","position":3,"name":"C\u00f3mo Comprar Kunci Coin (KUNCI) &#8211; Gu\u00eda Paso A Paso 2023","item":"https:\/\/allin1bitcoins.com\/es\/crypto\/kunci\/"},{"@type":"ListItem","position":4,"name":"C\u00f3mo Comprar Kunci Coin (KUNCI) En Canad\u00e1"}]},{"@type":"WebSite","@id":"https:\/\/allin1bitcoins.com\/es\/#website","url":"https:\/\/allin1bitcoins.com\/es\/","name":"Allin1Bitcoins","description":"","publisher":{"@id":"https:\/\/allin1bitcoins.com\/es\/#organization"},"potentialAction":[{"@type":"SearchAction","target":{"@type":"EntryPoint","urlTemplate":"https:\/\/allin1bitcoins.com\/es\/?s={search_term_string}"},"query-input":"required name=search_term_string"}],"inLanguage":"es"},{"@type":"Organization","@id":"https:\/\/allin1bitcoins.com\/es\/#organization","name":"allin1bitcoins","url":"https:\/\/allin1bitcoins.com\/es\/","logo":{"@type":"ImageObject","inLanguage":"es","@id":"https:\/\/allin1bitcoins.com\/es\/#\/schema\/logo\/image\/","url":"https:\/\/allin1bitcoins.com\/wp-content\/uploads\/2019\/01\/logo-new.png","contentUrl":"https:\/\/allin1bitcoins.com\/wp-content\/uploads\/2019\/01\/logo-new.png","width":178,"height":71,"caption":"allin1bitcoins"},"image":{"@id":"https:\/\/allin1bitcoins.com\/es\/#\/schema\/logo\/image\/"}}]}},"_links":{"self":[{"href":"https:\/\/allin1bitcoins.com\/es\/wp-json\/wp\/v2\/pages\/21564"}],"collection":[{"href":"https:\/\/allin1bitcoins.com\/es\/wp-json\/wp\/v2\/pages"}],"about":[{"href":"https:\/\/allin1bitcoins.com\/es\/wp-json\/wp\/v2\/types\/page"}],"author":[{"embeddable":true,"href":"https:\/\/allin1bitcoins.com\/es\/wp-json\/wp\/v2\/users\/5"}],"replies":[{"embeddable":true,"href":"https:\/\/allin1bitcoins.com\/es\/wp-json\/wp\/v2\/comments?post=21564"}],"version-history":[{"count":1,"href":"https:\/\/allin1bitcoins.com\/es\/wp-json\/wp\/v2\/pages\/21564\/revisions"}],"predecessor-version":[{"id":21565,"href":"https:\/\/allin1bitcoins.com\/es\/wp-json\/wp\/v2\/pages\/21564\/revisions\/21565"}],"up":[{"embeddable":true,"href":"https:\/\/allin1bitcoins.com\/es\/wp-json\/wp\/v2\/pages\/21473"}],"wp:featuredmedia":[{"embeddable":true,"href":"https:\/\/allin1bitcoins.com\/es\/wp-json\/wp\/v2\/media\/16917"}],"wp:attachment":[{"href":"https:\/\/allin1bitcoins.com\/es\/wp-json\/wp\/v2\/media?parent=21564"}],"curies":[{"name":"wp","href":"https:\/\/api.w.org\/{rel}","templated":true}]}}