{"id":21587,"date":"2023-02-18T19:31:05","date_gmt":"2023-02-18T19:31:05","guid":{"rendered":"https:\/\/allin1bitcoins.com\/?page_id=21587"},"modified":"2023-02-18T19:33:55","modified_gmt":"2023-02-18T19:33:55","slug":"united-states","status":"publish","type":"page","link":"https:\/\/allin1bitcoins.com\/es\/crypto\/radiocaca\/united-states\/","title":{"rendered":"C\u00f3mo Comprar Radiocaca Coin (RACA) En Los Estados Unidos"},"content":{"rendered":"\n<h2 class=\"wp-block-heading\">Si deseas comprar Radiocaca Coin en los Estados Unidos, debes seguir los siguientes pasos:<\/h2>\n\n\n\n<p><strong>Encontrar un exchange de criptomonedas confiable que acepte Radiocaca Coin.<\/strong><\/p>\n\n\n\n<ul><li>Registrarse en la plataforma y completar el proceso de verificaci\u00f3n.<\/li><li>Agregar fondos a la cuenta mediante una tarjeta de cr\u00e9dito\/d\u00e9bito o transferencia bancaria.<\/li><li>Buscar Radiocaca Coin en la plataforma y seleccionarlo.<\/li><li>Ingresar la cantidad de Radiocaca Coin que deseas comprar y ver el precio final.<\/li><li>Esperar a que se complete la orden despu\u00e9s de haberla realizado<\/li><\/ul>\n\n\n\n<h2 class=\"wp-block-heading\">Resumen de Coin Radiocaca<\/h2>\n\n\n\n<p>Se ha creado un activo digital llamado Radiocaca Coin para ser utilizado como medio de intercambio en Internet. La tecnolog\u00eda blockchain se utiliza para registrar transacciones de forma segura y evitar el fraude. Como Radiocaca Coin es descentralizado, ning\u00fan organismo gubernamental o financiero tiene autoridad sobre \u00e9l.<\/p>\n\n\n\n<p>Radiocaca Coin funciona de manera similar a las monedas convencionales como el d\u00f3lar estadounidense o el euro, ya que se puede utilizar para hacer compras en l\u00ednea de bienes y servicios, as\u00ed como para mantener su valor. Tambi\u00e9n se puede comprar, vender e intercambiar por otros activos digitales, as\u00ed como por dinero fiduciario en intercambios de criptomonedas.<\/p>\n\n\n\n<h2 class=\"wp-block-heading\">Ventajas de comprar Radiocaca Coin<\/h2>\n\n\n\n<p><strong>A continuaci\u00f3n se presentan algunas ventajas de comprar Radiocaca Coin:<\/strong><\/p>\n\n\n\n<ul><li><strong>Costos de transacci\u00f3n m\u00ednimos:<\/strong> en comparaci\u00f3n con las transacciones en las instituciones financieras convencionales, las transacciones de Radiocaca Coin suelen tener tarifas relativamente bajas.<br><br><\/li><li><strong>Descentralizaci\u00f3n: <\/strong>como se mencion\u00f3 anteriormente, Radiocaca Coin es descentralizado, lo que significa que no est\u00e1 gobernado por una sola entidad. Como resultado, los usuarios tienen m\u00e1s control sobre su dinero y las transacciones est\u00e1n protegidas contra la censura y reversi\u00f3n de terceros.<br><br><\/li><li><strong>Seguridad:<\/strong> Radiocaca Coin utiliza la tecnolog\u00eda de cadena de bloques altamente segura y resistente al fraude. Las transacciones se registran en un libro mayor p\u00fablico y se confirman mediante una red de computadoras, lo que dificulta que los hackers las manipulen.<br><br><\/li><li><strong>Aceptaci\u00f3n global:<\/strong> Radiocaca Coin est\u00e1 siendo cada vez m\u00e1s aceptado por empresas e individuos en todo el mundo, lo que lo convierte en un medio de comercio pr\u00e1ctico y adaptable.<\/li><\/ul>\n\n\n\n<figure class=\"wp-block-embed is-type-video is-provider-youtube wp-block-embed-youtube wp-embed-aspect-16-9 wp-has-aspect-ratio\"><div class=\"wp-block-embed__wrapper\">\n<iframe title=\"Radiocaca - 7500% Gains - newtonswave.com\" width=\"800\" height=\"450\" src=\"https:\/\/www.youtube.com\/embed\/SBTlyX9pFZ4?feature=oembed\" frameborder=\"0\" allow=\"accelerometer; autoplay; clipboard-write; encrypted-media; gyroscope; picture-in-picture; web-share\" allowfullscreen><\/iframe>\n<\/div><\/figure>\n\n\n\n<h2 class=\"wp-block-heading\">C\u00f3mo comprar Radiocaca Coin en Estados Unidos: una gu\u00eda paso a paso<\/h2>\n\n\n\n<ol><li><strong>Para encontrar un intercambio de criptomonedas que acepte Radiocaca Coin:<\/strong> Encontrar un intercambio de criptomonedas confiable que acepte Radiocaca Coin es el primer paso para comprar el activo. Hay varios intercambios para elegir, por lo que es crucial hacer su tarea y elegir uno que sea confiable y tenga un historial exitoso.<br><br><\/li><li><strong>Reg\u00edstrese para obtener una cuenta de intercambio y luego finalice el proceso de verificaci\u00f3n: <\/strong>Despu\u00e9s de seleccionar un intercambio, debe establecer una cuenta y finalizar el proceso de verificaci\u00f3n. Esto podr\u00eda implicar proporcionar informaci\u00f3n personal y una copia de identificaci\u00f3n, as\u00ed como completar una serie de controles de seguridad para proteger su cuenta.<br><br><\/li><li><strong>Deposite dinero en su cuenta:<\/strong> Antes de poder comprar Radiocaca Coin, primero debe depositar dinero en su cuenta. Por lo general, se puede usar una transferencia bancaria o una tarjeta de cr\u00e9dito \/ d\u00e9bito para esto. Dependiendo del intercambio que utilice, habr\u00e1 diferencias en el procedimiento preciso y los costos.<br><br><\/li><li><strong>En el intercambio, busque Radiocaca Coin y elija la opci\u00f3n: <\/strong>Cuando tenga dinero en su cuenta, puede buscar y seleccionar Radiocaca Coin en el intercambio.<br><br><\/li><li><strong>Seleccione la cantidad: <\/strong>Despu\u00e9s de elegir Radiocaca Coin, ingrese la cantidad que desea comprar y verifique el precio total. El precio incluir\u00e1 el costo de Radiocaca Coin, as\u00ed como cualquier costo relacionado con la transacci\u00f3n.<br><br><\/li><li><strong>Realizar pedido:<\/strong> Cuando est\u00e9 satisfecho con su compra y haya le\u00eddo el costo total, puede realizar el pedido y esperar a que se complete. El pedido se ingresar\u00e1 en el libro de \u00f3rdenes del intercambio y se completar\u00e1 una vez que se encuentre un vendedor. La duraci\u00f3n de este proceso depender\u00e1 del estado del mercado.<\/li><\/ol>\n\n\n\n<h2 class=\"wp-block-heading\">Compra de Radiocaca Coin impuestos en los Estados Unidos<\/h2>\n\n\n\n<p>Es importante saber que comprar Radiocaca Coin en los Estados Unidos puede tener repercusiones fiscales. Las transacciones con moneda virtual est\u00e1n legalmente gravadas, seg\u00fan la reciente gu\u00eda del IRS. Esto significa que puede que tengas que declarar en tu declaraci\u00f3n de impuestos cualquier ganancia o p\u00e9rdida proveniente de la compra y venta de Radiocaca Coin.<\/p>\n\n\n\n<p>Al comprar Radiocaca Coin en los Estados Unidos, se recomienda hablar con un experto en impuestos o revisar las directrices del IRS sobre monedas virtuales para comprender plenamente sus responsabilidades fiscales.<\/p>\n\n\n\n<h2 class=\"wp-block-heading\">Conclusi\u00f3n<\/h2>\n\n\n\n<p>Es f\u00e1cil comprar Radiocaca Coin en los Estados Unidos, pero debe seleccionar cuidadosamente el intercambio que utilice y estar al tanto de cualquier posible repercusi\u00f3n fiscal. Puede comprar Radiocaca Coin en los Estados Unidos de manera segura y protegida mediante la realizaci\u00f3n de su investigaci\u00f3n y el uso de los procedimientos indicados anteriormente.<\/p>\n\n\n\n<!-- Page-list plugin v.5.9 wordpress.org\/plugins\/page-list\/ -->\n<ul class=\"page-list siblings-page-list \">\n<li class=\"page_item page-item-21648\"><a href=\"https:\/\/allin1bitcoins.com\/es\/crypto\/radiocaca\/germany\/\">C\u00f3mo Comprar La Moneda Radiocaca (RACA) En Alemania<\/a><\/li>\n<li class=\"page_item page-item-21614\"><a href=\"https:\/\/allin1bitcoins.com\/es\/crypto\/radiocaca\/apple-pay\/\">C\u00f3mo Comprar Radiocaca (RACA) Con Apple Pay<\/a><\/li>\n<li class=\"page_item page-item-21637\"><a href=\"https:\/\/allin1bitcoins.com\/es\/crypto\/radiocaca\/paypal\/\">C\u00f3mo Comprar Radiocaca (RACA) Con PayPal<\/a><\/li>\n<li class=\"page_item page-item-21668\"><a href=\"https:\/\/allin1bitcoins.com\/es\/crypto\/radiocaca\/credit-card\/\">C\u00f3mo Comprar Radiocaca (RACA) Con Una Tarjeta De Cr\u00e9dito<\/a><\/li>\n<li class=\"page_item page-item-21680\"><a href=\"https:\/\/allin1bitcoins.com\/es\/crypto\/radiocaca\/debit-card\/\">C\u00f3mo Comprar Radiocaca (RACA) Con Una Tarjeta De D\u00e9bito<\/a><\/li>\n<li class=\"page_item page-item-21659\"><a href=\"https:\/\/allin1bitcoins.com\/es\/crypto\/radiocaca\/australia\/\">C\u00f3mo Comprar Radiocaca (RACA) En Australia<\/a><\/li>\n<li class=\"page_item page-item-21611\"><a href=\"https:\/\/allin1bitcoins.com\/es\/crypto\/radiocaca\/united-kingdom\/\">C\u00f3mo Comprar Radiocaca (RACA) En El Reino Unido<\/a><\/li>\n<li class=\"page_item page-item-21587\"><a href=\"https:\/\/allin1bitcoins.com\/es\/crypto\/radiocaca\/united-states\/\">C\u00f3mo Comprar Radiocaca Coin (RACA) En Los Estados Unidos<\/a><\/li>\n\n<\/ul>\n","protected":false},"excerpt":{"rendered":"<p>Si deseas comprar Radiocaca Coin en los Estados Unidos, debes seguir los siguientes pasos: Encontrar un exchange de criptomonedas confiable que acepte Radiocaca Coin. Registrarse en la plataforma y completar el proceso de verificaci\u00f3n. Agregar fondos a la cuenta mediante una tarjeta de cr\u00e9dito\/d\u00e9bito o transferencia bancaria. Buscar Radiocaca Coin en la plataforma y seleccionarlo&#8230;.<\/p>\n","protected":false},"author":5,"featured_media":21593,"parent":21573,"menu_order":0,"comment_status":"closed","ping_status":"closed","template":"","meta":{"cybocfi_hide_featured_image":"","footnotes":""},"acf":[],"yoast_head":"<!-- This site is optimized with the Yoast SEO plugin v21.7 - https:\/\/yoast.com\/wordpress\/plugins\/seo\/ -->\n<title>C\u00f3mo Comprar Radiocaca Coin (RACA) En Los Estados Unidos<\/title>\n<meta name=\"description\" content=\"Debes tomar las siguientes acciones si quieres comprar Radiocaca Coin en EE. UU. Lee esta gu\u00eda para saber m\u00e1s.\" \/>\n<meta name=\"robots\" content=\"index, follow, max-snippet:-1, max-image-preview:large, max-video-preview:-1\" \/>\n<link rel=\"canonical\" href=\"https:\/\/allin1bitcoins.com\/es\/crypto\/radiocaca\/united-states\/\" \/>\n<meta property=\"og:locale\" content=\"es_ES\" \/>\n<meta property=\"og:type\" content=\"article\" \/>\n<meta property=\"og:title\" content=\"C\u00f3mo Comprar Radiocaca Coin (RACA) En Los Estados Unidos\" \/>\n<meta property=\"og:description\" content=\"Debes tomar las siguientes acciones si quieres comprar Radiocaca Coin en EE. UU. Lee esta gu\u00eda para saber m\u00e1s.\" \/>\n<meta property=\"og:url\" content=\"https:\/\/allin1bitcoins.com\/es\/crypto\/radiocaca\/united-states\/\" \/>\n<meta property=\"og:site_name\" content=\"Allin1Bitcoins\" \/>\n<meta property=\"article:modified_time\" content=\"2023-02-18T19:33:55+00:00\" \/>\n<meta property=\"og:image\" content=\"https:\/\/allin1bitcoins.com\/wp-content\/uploads\/2023\/02\/pexels-alphatradezone-5831526.jpg\" \/>\n\t<meta property=\"og:image:width\" content=\"1279\" \/>\n\t<meta property=\"og:image:height\" content=\"854\" \/>\n\t<meta property=\"og:image:type\" content=\"image\/jpeg\" \/>\n<meta name=\"twitter:card\" content=\"summary_large_image\" \/>\n<meta name=\"twitter:label1\" content=\"Est. reading time\" \/>\n\t<meta name=\"twitter:data1\" content=\"4 minutes\" \/>\n<!-- \/ Yoast SEO plugin. -->","yoast_head_json":{"title":"C\u00f3mo Comprar Radiocaca Coin (RACA) En Los Estados Unidos","description":"Debes tomar las siguientes acciones si quieres comprar Radiocaca Coin en EE. UU. Lee esta gu\u00eda para saber m\u00e1s.","robots":{"index":"index","follow":"follow","max-snippet":"max-snippet:-1","max-image-preview":"max-image-preview:large","max-video-preview":"max-video-preview:-1"},"canonical":"https:\/\/allin1bitcoins.com\/es\/crypto\/radiocaca\/united-states\/","og_locale":"es_ES","og_type":"article","og_title":"C\u00f3mo Comprar Radiocaca Coin (RACA) En Los Estados Unidos","og_description":"Debes tomar las siguientes acciones si quieres comprar Radiocaca Coin en EE. UU. Lee esta gu\u00eda para saber m\u00e1s.","og_url":"https:\/\/allin1bitcoins.com\/es\/crypto\/radiocaca\/united-states\/","og_site_name":"Allin1Bitcoins","article_modified_time":"2023-02-18T19:33:55+00:00","og_image":[{"width":1279,"height":854,"url":"https:\/\/allin1bitcoins.com\/wp-content\/uploads\/2023\/02\/pexels-alphatradezone-5831526.jpg","type":"image\/jpeg"}],"twitter_card":"summary_large_image","twitter_misc":{"Est. reading time":"4 minutes"},"schema":{"@context":"https:\/\/schema.org","@graph":[{"@type":"WebPage","@id":"https:\/\/allin1bitcoins.com\/es\/crypto\/radiocaca\/united-states\/","url":"https:\/\/allin1bitcoins.com\/es\/crypto\/radiocaca\/united-states\/","name":"C\u00f3mo Comprar Radiocaca Coin (RACA) En Los Estados Unidos","isPartOf":{"@id":"https:\/\/allin1bitcoins.com\/es\/#website"},"datePublished":"2023-02-18T19:31:05+00:00","dateModified":"2023-02-18T19:33:55+00:00","description":"Debes tomar las siguientes acciones si quieres comprar Radiocaca Coin en EE. UU. Lee esta gu\u00eda para saber m\u00e1s.","breadcrumb":{"@id":"https:\/\/allin1bitcoins.com\/es\/crypto\/radiocaca\/united-states\/#breadcrumb"},"inLanguage":"es","potentialAction":[{"@type":"ReadAction","target":["https:\/\/allin1bitcoins.com\/es\/crypto\/radiocaca\/united-states\/"]}]},{"@type":"BreadcrumbList","@id":"https:\/\/allin1bitcoins.com\/es\/crypto\/radiocaca\/united-states\/#breadcrumb","itemListElement":[{"@type":"ListItem","position":1,"name":"Home","item":"https:\/\/allin1bitcoins.com\/es\/"},{"@type":"ListItem","position":2,"name":"Cripto","item":"https:\/\/allin1bitcoins.com\/es\/crypto\/"},{"@type":"ListItem","position":3,"name":"C\u00f3mo Comprar Radiocaca (RACA) &#8211; Gu\u00eda Paso A Paso","item":"https:\/\/allin1bitcoins.com\/es\/crypto\/radiocaca\/"},{"@type":"ListItem","position":4,"name":"C\u00f3mo Comprar Radiocaca Coin (RACA) En Los Estados Unidos"}]},{"@type":"WebSite","@id":"https:\/\/allin1bitcoins.com\/es\/#website","url":"https:\/\/allin1bitcoins.com\/es\/","name":"Allin1Bitcoins","description":"","publisher":{"@id":"https:\/\/allin1bitcoins.com\/es\/#organization"},"potentialAction":[{"@type":"SearchAction","target":{"@type":"EntryPoint","urlTemplate":"https:\/\/allin1bitcoins.com\/es\/?s={search_term_string}"},"query-input":"required name=search_term_string"}],"inLanguage":"es"},{"@type":"Organization","@id":"https:\/\/allin1bitcoins.com\/es\/#organization","name":"allin1bitcoins","url":"https:\/\/allin1bitcoins.com\/es\/","logo":{"@type":"ImageObject","inLanguage":"es","@id":"https:\/\/allin1bitcoins.com\/es\/#\/schema\/logo\/image\/","url":"https:\/\/allin1bitcoins.com\/wp-content\/uploads\/2019\/01\/logo-new.png","contentUrl":"https:\/\/allin1bitcoins.com\/wp-content\/uploads\/2019\/01\/logo-new.png","width":178,"height":71,"caption":"allin1bitcoins"},"image":{"@id":"https:\/\/allin1bitcoins.com\/es\/#\/schema\/logo\/image\/"}}]}},"_links":{"self":[{"href":"https:\/\/allin1bitcoins.com\/es\/wp-json\/wp\/v2\/pages\/21587"}],"collection":[{"href":"https:\/\/allin1bitcoins.com\/es\/wp-json\/wp\/v2\/pages"}],"about":[{"href":"https:\/\/allin1bitcoins.com\/es\/wp-json\/wp\/v2\/types\/page"}],"author":[{"embeddable":true,"href":"https:\/\/allin1bitcoins.com\/es\/wp-json\/wp\/v2\/users\/5"}],"replies":[{"embeddable":true,"href":"https:\/\/allin1bitcoins.com\/es\/wp-json\/wp\/v2\/comments?post=21587"}],"version-history":[{"count":2,"href":"https:\/\/allin1bitcoins.com\/es\/wp-json\/wp\/v2\/pages\/21587\/revisions"}],"predecessor-version":[{"id":21602,"href":"https:\/\/allin1bitcoins.com\/es\/wp-json\/wp\/v2\/pages\/21587\/revisions\/21602"}],"up":[{"embeddable":true,"href":"https:\/\/allin1bitcoins.com\/es\/wp-json\/wp\/v2\/pages\/21573"}],"wp:featuredmedia":[{"embeddable":true,"href":"https:\/\/allin1bitcoins.com\/es\/wp-json\/wp\/v2\/media\/21593"}],"wp:attachment":[{"href":"https:\/\/allin1bitcoins.com\/es\/wp-json\/wp\/v2\/media?parent=21587"}],"curies":[{"name":"wp","href":"https:\/\/api.w.org\/{rel}","templated":true}]}}