{"id":21648,"date":"2023-02-18T21:16:11","date_gmt":"2023-02-18T21:16:11","guid":{"rendered":"https:\/\/allin1bitcoins.com\/?page_id=21648"},"modified":"2023-02-18T21:16:13","modified_gmt":"2023-02-18T21:16:13","slug":"germany","status":"publish","type":"page","link":"https:\/\/allin1bitcoins.com\/es\/crypto\/radiocaca\/germany\/","title":{"rendered":"C\u00f3mo Comprar La Moneda Radiocaca (RACA) En Alemania"},"content":{"rendered":"\n<p>Para comprar Radiocaca coin en Alemania, deber\u00e1s encontrar un intercambio o corredor de criptomonedas que acepte clientes alemanes y permita comprar Radiocaca coin utilizando un m\u00e9todo de pago admitido. Despu\u00e9s de crear una cuenta, verificar tu identidad y depositar fondos, podr\u00e1s buscar el par de negociaci\u00f3n de Radiocaca coin y hacer un pedido de compra. El proceso espec\u00edfico variar\u00e1 dependiendo del intercambio o corredor que elijas, pero la mayor\u00eda sigue un conjunto similar de pasos.<\/p>\n\n\n\n<h2 class=\"wp-block-heading\">Visi\u00f3n general de Radiocaca coin<\/h2>\n\n\n\n<p>Radiocaca coin es un activo digital dise\u00f1ado para funcionar como un medio de intercambio utilizando la criptograf\u00eda para asegurar transacciones financieras, controlar la creaci\u00f3n de unidades adicionales y verificar la transferencia de activos. Es descentralizado, lo que significa que no est\u00e1 controlado por ning\u00fan gobierno, banco u otra autoridad central. En su lugar, se basa en una red de computadoras para validar transacciones y agregarlas a un registro p\u00fablico y descentralizado llamado blockchain.<\/p>\n\n\n\n<h2 class=\"wp-block-heading\">Beneficios de comprar la moneda Radiocaca<\/h2>\n\n\n\n<p><strong>Hay varios beneficios al comprar Radiocaca coin, incluyendo:<\/strong><\/p>\n\n\n\n<ul><li><strong>Potencial de apreciaci\u00f3n de precio:<\/strong> Radiocaca coin, al igual que otras criptomonedas, es altamente vol\u00e1til y el precio puede fluctuar significativamente en per\u00edodos cortos de tiempo. Esto significa que hay potencial de apreciaci\u00f3n de precio si compras Radiocaca coin a un precio bajo y lo vendes a un precio m\u00e1s alto m\u00e1s tarde. Sin embargo, es importante tener en cuenta que tambi\u00e9n hay potencial de depreciaci\u00f3n de precio, y invertir en criptomonedas conlleva riesgos inherentes.<br><br><\/li><li><strong>Naturaleza descentralizada:<\/strong> Debido a que Radiocaca coin es descentralizada, no est\u00e1 controlada por ning\u00fan gobierno, banco u otra autoridad central. Esto significa que no est\u00e1 sujeta a las mismas regulaciones y pol\u00edticas que los sistemas financieros tradicionales, lo que puede ofrecer mayor libertad y flexibilidad.<br><br><\/li><li><strong>Seguridad: <\/strong>Las criptomonedas utilizan caracter\u00edsticas de seguridad avanzadas, como la criptograf\u00eda y la tecnolog\u00eda de registro descentralizado, para proteger su informaci\u00f3n financiera y reducir el riesgo de fraude.<\/li><\/ul>\n\n\n\n<figure class=\"wp-block-embed is-type-video is-provider-youtube wp-block-embed-youtube wp-embed-aspect-16-9 wp-has-aspect-ratio\"><div class=\"wp-block-embed__wrapper\">\n<iframe title=\"Radio Caca Price prediction 2025 &quot;What Experts Said&quot; | raca coin | raca token\" width=\"800\" height=\"450\" src=\"https:\/\/www.youtube.com\/embed\/xTmE_XYtGL8?feature=oembed\" frameborder=\"0\" allow=\"accelerometer; autoplay; clipboard-write; encrypted-media; gyroscope; picture-in-picture; web-share\" allowfullscreen><\/iframe>\n<\/div><\/figure>\n\n\n\n<h2 class=\"wp-block-heading\">Tutorial paso a paso sobre c\u00f3mo comprar Radiocaca coin en Alemania:<\/h2>\n\n\n\n<ol><li>Encuentra un exchange o corredor de criptomonedas que acepte clientes alemanes y te permita comprar Radiocaca coin utilizando un m\u00e9todo de pago admitido. Algunas opciones populares incluyen Coinbase, Binance y Bitpanda.<br><br><\/li><li>Crea una cuenta en el exchange o corredor. Esto normalmente implicar\u00e1 proporcionar tu nombre, direcci\u00f3n de correo electr\u00f3nico y crear una contrase\u00f1a. Es posible que tambi\u00e9n debas verificar tu identidad mediante la carga de una copia de tu identificaci\u00f3n emitida por el gobierno.<br><br><\/li><li>Deposita fondos en tu cuenta utilizando un m\u00e9todo de pago admitido. La mayor\u00eda de los exchanges y corredores te permitir\u00e1n depositar fondos utilizando una transferencia bancaria, tarjeta de d\u00e9bito, tarjeta de cr\u00e9dito u otro m\u00e9todo de pago. Consulta el sitio web del exchange o corredor para ver qu\u00e9 m\u00e9todos de pago est\u00e1n disponibles.<br><br><\/li><li>Encuentra el par de negociaci\u00f3n de Radiocaca coin. Una vez que se hayan depositado tus fondos, puedes comenzar a buscar el par de negociaci\u00f3n de Radiocaca coin en el exchange o corredor. Este es el tipo de cambio al que puedes comprar Radiocaca coin utilizando una criptomoneda o moneda fiduciaria diferente, como euros.<br><br><\/li><li>Realiza una orden para comprar Radiocaca coin utilizando tu m\u00e9todo de pago elegido. Para comprar Radiocaca coin, deber\u00e1s utilizar la interfaz de negociaci\u00f3n del exchange o corredor para realizar una orden. Puedes colocar una orden de mercado, que ejecutar\u00e1 la operaci\u00f3n al precio actual del mercado, o una orden l\u00edmite, que solo se ejecutar\u00e1 si el precio alcanza un cierto nivel. Aseg\u00farate de seleccionar tu m\u00e9todo de pago elegido como fuente de fondos.<br><br><\/li><li>Monitoriza tu orden y espera a que se ejecute. Una vez que hayas realizado tu orden, se agregar\u00e1 al libro de \u00f3rdenes del exchange o corredor. Si colocaste una orden de mercado, se ejecutar\u00e1 casi inmediatamente al precio actual del mercado. Si colocaste una orden l\u00edmite, solo se ejecutar\u00e1 si el precio alcanza el nivel que especificaste. Puedes monitorizar el estado de tu orden y el precio de Radiocaca coin utilizando la interfaz de negociaci\u00f3n del exchange o corredor o un sitio web de seguimiento de precios de terceros.<br><br><\/li><li>Retira tus Radiocaca coin a una billetera segura. Una vez que se haya ejecutado tu orden y los fondos se hayan acreditado en tu cuenta, deber\u00e1s retirar tus Radiocaca coin a una billetera segura. Esto es importante porque los exchanges y corredores de criptomonedas son vulnerables a ataques de piratas inform\u00e1ticos y otras amenazas de seguridad, y deseas asegurarte de que tus monedas est\u00e9n seguras. Hay muchos tipos diferentes de billeteras disponibles, incluidas billeteras en l\u00ednea, de escritorio y de hardware. Elige una billetera que sea adecuada para tus necesidades y sigue las instrucciones para transferir tus Radiocaca coin desde el exchange o corredor a la billetera.<\/li><\/ol>\n\n\n\n<h2 class=\"wp-block-heading\">Comprar Radiocaca coin en Alemania &#8211; Impuestos<\/h2>\n\n\n\n<p>El tratamiento fiscal de las transacciones con criptomonedas en Alemania puede ser complejo, por lo que es importante consultar a un profesional fiscal o a las autoridades fiscales alemanas para obtener orientaci\u00f3n. En general, las transacciones con criptomonedas est\u00e1n sujetas al IVA si se consideran una oferta de bienes o servicios. Sin embargo, existen excepciones para transacciones por debajo de cierto umbral y para transacciones que se consideran transacciones de inversi\u00f3n. Si compra Radiocaca coin como inversi\u00f3n, con la intenci\u00f3n de venderla con fines de lucro, puede estar sujeto a impuestos sobre las ganancias de capital sobre las ganancias obtenidas.<\/p>\n\n\n\n<h2 class=\"wp-block-heading\">Conclusi\u00f3n<\/h2>\n\n\n\n<p>Comprar Radiocaca coin en Alemania es un proceso relativamente simple que implica encontrar un intercambio o corredor de criptomonedas que acepte clientes alemanes y le permita comprar Radiocaca coin utilizando un m\u00e9todo de pago compatible, crear una cuenta, depositar fondos y realizar una orden de compra. Si bien existen muchos beneficios al comprar Radiocaca coin, como el potencial de apreciaci\u00f3n del precio y la seguridad, es importante ser consciente de los riesgos y las implicaciones fiscales de las transacciones con criptomonedas. Aseg\u00farese de sopesar cuidadosamente los pros y los contras antes de decidir si la compra de Radiocaca coin es adecuada para usted.<\/p>\n\n\n\n<!-- Page-list plugin v.5.9 wordpress.org\/plugins\/page-list\/ -->\n<ul class=\"page-list siblings-page-list \">\n<li class=\"page_item page-item-21648\"><a href=\"https:\/\/allin1bitcoins.com\/es\/crypto\/radiocaca\/germany\/\">C\u00f3mo Comprar La Moneda Radiocaca (RACA) En Alemania<\/a><\/li>\n<li class=\"page_item page-item-21614\"><a href=\"https:\/\/allin1bitcoins.com\/es\/crypto\/radiocaca\/apple-pay\/\">C\u00f3mo Comprar Radiocaca (RACA) Con Apple Pay<\/a><\/li>\n<li class=\"page_item page-item-21637\"><a href=\"https:\/\/allin1bitcoins.com\/es\/crypto\/radiocaca\/paypal\/\">C\u00f3mo Comprar Radiocaca (RACA) Con PayPal<\/a><\/li>\n<li class=\"page_item page-item-21668\"><a href=\"https:\/\/allin1bitcoins.com\/es\/crypto\/radiocaca\/credit-card\/\">C\u00f3mo Comprar Radiocaca (RACA) Con Una Tarjeta De Cr\u00e9dito<\/a><\/li>\n<li class=\"page_item page-item-21680\"><a href=\"https:\/\/allin1bitcoins.com\/es\/crypto\/radiocaca\/debit-card\/\">C\u00f3mo Comprar Radiocaca (RACA) Con Una Tarjeta De D\u00e9bito<\/a><\/li>\n<li class=\"page_item page-item-21659\"><a href=\"https:\/\/allin1bitcoins.com\/es\/crypto\/radiocaca\/australia\/\">C\u00f3mo Comprar Radiocaca (RACA) En Australia<\/a><\/li>\n<li class=\"page_item page-item-21611\"><a href=\"https:\/\/allin1bitcoins.com\/es\/crypto\/radiocaca\/united-kingdom\/\">C\u00f3mo Comprar Radiocaca (RACA) En El Reino Unido<\/a><\/li>\n<li class=\"page_item page-item-21587\"><a href=\"https:\/\/allin1bitcoins.com\/es\/crypto\/radiocaca\/united-states\/\">C\u00f3mo Comprar Radiocaca Coin (RACA) En Los Estados Unidos<\/a><\/li>\n\n<\/ul>\n","protected":false},"excerpt":{"rendered":"<p>Para comprar Radiocaca coin en Alemania, deber\u00e1s encontrar un intercambio o corredor de criptomonedas que acepte clientes alemanes y permita comprar Radiocaca coin utilizando un m\u00e9todo de pago admitido. Despu\u00e9s de crear una cuenta, verificar tu identidad y depositar fondos, podr\u00e1s buscar el par de negociaci\u00f3n de Radiocaca coin y hacer un pedido de compra&#8230;.<\/p>\n","protected":false},"author":5,"featured_media":14706,"parent":21573,"menu_order":0,"comment_status":"closed","ping_status":"closed","template":"","meta":{"cybocfi_hide_featured_image":"","footnotes":""},"acf":[],"yoast_head":"<!-- This site is optimized with the Yoast SEO plugin v21.7 - https:\/\/yoast.com\/wordpress\/plugins\/seo\/ -->\n<title>C\u00f3mo Comprar La Moneda Radiocaca (RACA) En Alemania<\/title>\n<meta name=\"description\" content=\"Encuentra un exchange o broker de criptomonedas que acepte clientes alemanes y permita comprar Radiocaca usando un m\u00e9todo de pago admitido.\" \/>\n<meta name=\"robots\" content=\"index, follow, max-snippet:-1, max-image-preview:large, max-video-preview:-1\" \/>\n<link rel=\"canonical\" href=\"https:\/\/allin1bitcoins.com\/es\/crypto\/radiocaca\/germany\/\" \/>\n<meta property=\"og:locale\" content=\"es_ES\" \/>\n<meta property=\"og:type\" content=\"article\" \/>\n<meta property=\"og:title\" content=\"C\u00f3mo Comprar La Moneda Radiocaca (RACA) En Alemania\" \/>\n<meta property=\"og:description\" content=\"Encuentra un exchange o broker de criptomonedas que acepte clientes alemanes y permita comprar Radiocaca usando un m\u00e9todo de pago admitido.\" \/>\n<meta property=\"og:url\" content=\"https:\/\/allin1bitcoins.com\/es\/crypto\/radiocaca\/germany\/\" \/>\n<meta property=\"og:site_name\" content=\"Allin1Bitcoins\" \/>\n<meta property=\"article:modified_time\" content=\"2023-02-18T21:16:13+00:00\" \/>\n<meta property=\"og:image\" content=\"https:\/\/allin1bitcoins.com\/wp-content\/uploads\/2023\/01\/pexels-tima-miroshnichenko-7567591.jpg\" \/>\n\t<meta property=\"og:image:width\" content=\"1280\" \/>\n\t<meta property=\"og:image:height\" content=\"853\" \/>\n\t<meta property=\"og:image:type\" content=\"image\/jpeg\" \/>\n<meta name=\"twitter:card\" content=\"summary_large_image\" \/>\n<meta name=\"twitter:label1\" content=\"Est. reading time\" \/>\n\t<meta name=\"twitter:data1\" content=\"5 minutes\" \/>\n<!-- \/ Yoast SEO plugin. -->","yoast_head_json":{"title":"C\u00f3mo Comprar La Moneda Radiocaca (RACA) En Alemania","description":"Encuentra un exchange o broker de criptomonedas que acepte clientes alemanes y permita comprar Radiocaca usando un m\u00e9todo de pago admitido.","robots":{"index":"index","follow":"follow","max-snippet":"max-snippet:-1","max-image-preview":"max-image-preview:large","max-video-preview":"max-video-preview:-1"},"canonical":"https:\/\/allin1bitcoins.com\/es\/crypto\/radiocaca\/germany\/","og_locale":"es_ES","og_type":"article","og_title":"C\u00f3mo Comprar La Moneda Radiocaca (RACA) En Alemania","og_description":"Encuentra un exchange o broker de criptomonedas que acepte clientes alemanes y permita comprar Radiocaca usando un m\u00e9todo de pago admitido.","og_url":"https:\/\/allin1bitcoins.com\/es\/crypto\/radiocaca\/germany\/","og_site_name":"Allin1Bitcoins","article_modified_time":"2023-02-18T21:16:13+00:00","og_image":[{"width":1280,"height":853,"url":"https:\/\/allin1bitcoins.com\/wp-content\/uploads\/2023\/01\/pexels-tima-miroshnichenko-7567591.jpg","type":"image\/jpeg"}],"twitter_card":"summary_large_image","twitter_misc":{"Est. reading time":"5 minutes"},"schema":{"@context":"https:\/\/schema.org","@graph":[{"@type":"WebPage","@id":"https:\/\/allin1bitcoins.com\/es\/crypto\/radiocaca\/germany\/","url":"https:\/\/allin1bitcoins.com\/es\/crypto\/radiocaca\/germany\/","name":"C\u00f3mo Comprar La Moneda Radiocaca (RACA) En Alemania","isPartOf":{"@id":"https:\/\/allin1bitcoins.com\/es\/#website"},"datePublished":"2023-02-18T21:16:11+00:00","dateModified":"2023-02-18T21:16:13+00:00","description":"Encuentra un exchange o broker de criptomonedas que acepte clientes alemanes y permita comprar Radiocaca usando un m\u00e9todo de pago admitido.","breadcrumb":{"@id":"https:\/\/allin1bitcoins.com\/es\/crypto\/radiocaca\/germany\/#breadcrumb"},"inLanguage":"es","potentialAction":[{"@type":"ReadAction","target":["https:\/\/allin1bitcoins.com\/es\/crypto\/radiocaca\/germany\/"]}]},{"@type":"BreadcrumbList","@id":"https:\/\/allin1bitcoins.com\/es\/crypto\/radiocaca\/germany\/#breadcrumb","itemListElement":[{"@type":"ListItem","position":1,"name":"Home","item":"https:\/\/allin1bitcoins.com\/es\/"},{"@type":"ListItem","position":2,"name":"Cripto","item":"https:\/\/allin1bitcoins.com\/es\/crypto\/"},{"@type":"ListItem","position":3,"name":"C\u00f3mo Comprar Radiocaca (RACA) &#8211; Gu\u00eda Paso A Paso","item":"https:\/\/allin1bitcoins.com\/es\/crypto\/radiocaca\/"},{"@type":"ListItem","position":4,"name":"C\u00f3mo Comprar La Moneda Radiocaca (RACA) En Alemania"}]},{"@type":"WebSite","@id":"https:\/\/allin1bitcoins.com\/es\/#website","url":"https:\/\/allin1bitcoins.com\/es\/","name":"Allin1Bitcoins","description":"","publisher":{"@id":"https:\/\/allin1bitcoins.com\/es\/#organization"},"potentialAction":[{"@type":"SearchAction","target":{"@type":"EntryPoint","urlTemplate":"https:\/\/allin1bitcoins.com\/es\/?s={search_term_string}"},"query-input":"required name=search_term_string"}],"inLanguage":"es"},{"@type":"Organization","@id":"https:\/\/allin1bitcoins.com\/es\/#organization","name":"allin1bitcoins","url":"https:\/\/allin1bitcoins.com\/es\/","logo":{"@type":"ImageObject","inLanguage":"es","@id":"https:\/\/allin1bitcoins.com\/es\/#\/schema\/logo\/image\/","url":"https:\/\/allin1bitcoins.com\/wp-content\/uploads\/2019\/01\/logo-new.png","contentUrl":"https:\/\/allin1bitcoins.com\/wp-content\/uploads\/2019\/01\/logo-new.png","width":178,"height":71,"caption":"allin1bitcoins"},"image":{"@id":"https:\/\/allin1bitcoins.com\/es\/#\/schema\/logo\/image\/"}}]}},"_links":{"self":[{"href":"https:\/\/allin1bitcoins.com\/es\/wp-json\/wp\/v2\/pages\/21648"}],"collection":[{"href":"https:\/\/allin1bitcoins.com\/es\/wp-json\/wp\/v2\/pages"}],"about":[{"href":"https:\/\/allin1bitcoins.com\/es\/wp-json\/wp\/v2\/types\/page"}],"author":[{"embeddable":true,"href":"https:\/\/allin1bitcoins.com\/es\/wp-json\/wp\/v2\/users\/5"}],"replies":[{"embeddable":true,"href":"https:\/\/allin1bitcoins.com\/es\/wp-json\/wp\/v2\/comments?post=21648"}],"version-history":[{"count":1,"href":"https:\/\/allin1bitcoins.com\/es\/wp-json\/wp\/v2\/pages\/21648\/revisions"}],"predecessor-version":[{"id":21649,"href":"https:\/\/allin1bitcoins.com\/es\/wp-json\/wp\/v2\/pages\/21648\/revisions\/21649"}],"up":[{"embeddable":true,"href":"https:\/\/allin1bitcoins.com\/es\/wp-json\/wp\/v2\/pages\/21573"}],"wp:featuredmedia":[{"embeddable":true,"href":"https:\/\/allin1bitcoins.com\/es\/wp-json\/wp\/v2\/media\/14706"}],"wp:attachment":[{"href":"https:\/\/allin1bitcoins.com\/es\/wp-json\/wp\/v2\/media?parent=21648"}],"curies":[{"name":"wp","href":"https:\/\/api.w.org\/{rel}","templated":true}]}}