{"id":21691,"date":"2023-02-18T23:02:43","date_gmt":"2023-02-18T23:02:43","guid":{"rendered":"https:\/\/allin1bitcoins.com\/?page_id=21691"},"modified":"2023-02-18T23:03:34","modified_gmt":"2023-02-18T23:03:34","slug":"pancake-games","status":"publish","type":"page","link":"https:\/\/allin1bitcoins.com\/es\/crypto\/pancake-games\/","title":{"rendered":"C\u00f3mo Comprar Pancake Games Coin (GCAKE) &#8211; Gu\u00eda Paso A Paso"},"content":{"rendered":"\n<h2 class=\"wp-block-heading\">Compra de monedas para Pancake Games &#8211; Respuesta r\u00e1pida<\/h2>\n\n\n\n<p>Dependiendo del intercambio o la plataforma que utilices, el procedimiento para comprar Pancake Games Coin, una criptomoneda utilizada en la plataforma de juegos Pancake Games, puede ser diferente. Sin embargo, en t\u00e9rminos generales, debes registrarte para obtener una cuenta en un intercambio o plataforma de criptomonedas que acepte Pancake Games Coin, confirmar tu identidad y luego comprar Pancake Games Coin utilizando un m\u00e9todo de pago compatible, como Bitcoin o Ethereum.<\/p>\n\n\n\n<h2 class=\"wp-block-heading\">Introducci\u00f3n a Pancake Games con Coins<\/h2>\n\n\n\n<p>Una criptomoneda llamada Pancake Games Coin fue creada por Pancake Games, una plataforma de juegos descentralizada que utiliza Binance Smart Chain (BSC) y paga a los creadores y jugadores de juegos por su trabajo. La plataforma utiliza el token como medio de intercambio, y los usuarios pueden utilizarlo para apoyar el desarrollo de juegos, participar en torneos y comprar cosas dentro del juego.<\/p>\n\n\n\n<h2 class=\"wp-block-heading\">Resumen del proceso de compra de Pancake Games Coin<\/h2>\n\n\n\n<p>El procedimiento para comprar Pancake Games Coin puede diferir dependiendo del intercambio o plataforma que uses, pero en general, implica abrir una cuenta en una plataforma o intercambio de criptomonedas que admita Pancake Games Coin, confirmar tu identidad y luego comprar Pancake Games Coin utilizando un m\u00e9todo de pago compatible, como Bitcoin o Ethereum.<\/p>\n\n\n\n<figure class=\"wp-block-embed is-type-video is-provider-youtube wp-block-embed-youtube wp-embed-aspect-16-9 wp-has-aspect-ratio\"><div class=\"wp-block-embed__wrapper\">\n<iframe title=\"$GCAKE - PANCAKE GAMES TOKEN - GCAKE CRYPTO COIN ALTCOIN HOW TO BUY NFT NFTS BSC ETH BTC NEW SWAP\" width=\"800\" height=\"450\" src=\"https:\/\/www.youtube.com\/embed\/nZEIMmsfmJI?feature=oembed\" frameborder=\"0\" allow=\"accelerometer; autoplay; clipboard-write; encrypted-media; gyroscope; picture-in-picture; web-share\" allowfullscreen><\/iframe>\n<\/div><\/figure>\n\n\n\n<h2 class=\"wp-block-heading\">C\u00f3mo comprar Pancake Games Coin<\/h2>\n\n\n\n<ol><li>En primer lugar, encuentra un intercambio o plataforma de criptomonedas confiable que acepte Pancake Games Coin. Un intercambio descentralizado (DEX) que acepta el token es PancakeSwap.<br><br><\/li><li>El siguiente paso es registrarte para obtener una cuenta en el intercambio o plataforma y proporcionar identificaci\u00f3n. Dar una identificaci\u00f3n emitida por el gobierno y completar una verificaci\u00f3n Know Your Customer (KYC) puede ser parte de este procedimiento.<br><br><\/li><li>Una vez configurada tu cuenta, tendr\u00e1s que comprar Bitcoin o Ethereum. Para lograr esto, puedes comprarlo en un intercambio regulado como Binance o ganarlo mediante miner\u00eda o staking.<br><br><\/li><li>Despu\u00e9s de comprar Bitcoin o Ethereum, env\u00edalo a la plataforma o intercambio que acepta Pancake Games Coin.<br><br><\/li><li>Cuando tus fondos se hayan acreditado en tu cuenta en ese intercambio o plataforma, coloca una orden para comprar Pancake Games Coin con tu Bitcoin o Ethereum. El intercambio o plataforma calcular\u00e1 el costo total en Bitcoin o Ethereum cuando ingreses la cantidad de Pancake Games Coin que deseas adquirir.<br><br><\/li><li>Una vez que se complete tu orden, tu Pancake Games Coin se colocar\u00e1 en tu billetera de plataforma o cuenta de intercambio, donde podr\u00e1s mantenerlo, comerciar o utilizarlo en la plataforma de Pancake Games.<\/li><\/ol>\n\n\n\n<h2 class=\"wp-block-heading\">Beneficios de la compra de Pancake Games Coin<\/h2>\n\n\n\n<p>La compra de Pancake Games Coin tiene varias ventajas. En primer lugar, permite a los jugadores acceder a objetos virtuales exclusivos, competiciones y otros beneficios al participar en la plataforma Pancake Games. Adem\u00e1s, la compra de Pancake Games Coin puede ser una forma de ayudar en la expansi\u00f3n y el desarrollo de la plataforma Pancake Games. El valor de Pancake Games Coin puede aumentar a medida que la plataforma se expanda y gane popularidad, lo que podr\u00eda generar ganancias para los propietarios.<\/p>\n\n\n\n<h2 class=\"wp-block-heading\">Conclusi\u00f3n<\/h2>\n\n\n\n<p>En conclusi\u00f3n, la compra de Pancake Games Coin permite a los usuarios participar en la plataforma Pancake Games, obtener acceso a servicios premium y apoyar el crecimiento de la plataforma. El procedimiento para comprar Pancake Games Coin puede variar seg\u00fan la plataforma o el exchange que se utilice, pero en general implica abrir una cuenta, confirmar la identidad y pagar por Pancake Games Coin utilizando un m\u00e9todo de pago permitido, como Bitcoin o Ethereum. Antes de invertir, al igual que con cualquier otra inversi\u00f3n, es crucial investigar por cuenta propia y considerar sus finanzas personales.<\/p>\n\n\n\n<!-- Page-list plugin v.5.9 wordpress.org\/plugins\/page-list\/ -->\n<ul class=\"page-list subpages-page-list \">\n<li class=\"page_item page-item-21703\"><a href=\"https:\/\/allin1bitcoins.com\/es\/crypto\/pancake-games\/american-express\/\">C\u00f3mo Comprar Pancake Games Coin (GCAKE) Con American Express<\/a><\/li>\n<li class=\"page_item page-item-21713\"><a href=\"https:\/\/allin1bitcoins.com\/es\/crypto\/pancake-games\/paypal\/\">C\u00f3mo Comprar Pancake Games Coin (GCAKE) Con Paypal<\/a><\/li>\n<li class=\"page_item page-item-21737\"><a href=\"https:\/\/allin1bitcoins.com\/es\/crypto\/pancake-games\/credit-card\/\">C\u00f3mo Comprar Pancake Games Coin (GCAKE) Con Tarjeta De Cr\u00e9dito<\/a><\/li>\n<li class=\"page_item page-item-21725\"><a href=\"https:\/\/allin1bitcoins.com\/es\/crypto\/pancake-games\/debit-card\/\">C\u00f3mo Comprar Pancake Games Coin (GCAKE) Con Tarjeta De D\u00e9bito<\/a><\/li>\n\n<\/ul>\n","protected":false},"excerpt":{"rendered":"<p>Compra de monedas para Pancake Games &#8211; Respuesta r\u00e1pida Dependiendo del intercambio o la plataforma que utilices, el procedimiento para comprar Pancake Games Coin, una criptomoneda utilizada en la plataforma de juegos Pancake Games, puede ser diferente. Sin embargo, en t\u00e9rminos generales, debes registrarte para obtener una cuenta en un intercambio o plataforma de criptomonedas&#8230;<\/p>\n","protected":false},"author":5,"featured_media":16945,"parent":18924,"menu_order":0,"comment_status":"closed","ping_status":"closed","template":"","meta":{"cybocfi_hide_featured_image":"","footnotes":""},"acf":[],"yoast_head":"<!-- This site is optimized with the Yoast SEO plugin v21.7 - https:\/\/yoast.com\/wordpress\/plugins\/seo\/ -->\n<title>C\u00f3mo Comprar Pancake Games Coin (GCAKE) - Gu\u00eda Paso A Paso<\/title>\n<meta name=\"description\" content=\"El procedimiento para comprar Pancake Games Coin puede variar seg\u00fan el intercambio o la plataforma que utilice. \u00a1Sigue leyendo!\" \/>\n<meta name=\"robots\" content=\"index, follow, max-snippet:-1, max-image-preview:large, max-video-preview:-1\" \/>\n<link rel=\"canonical\" href=\"https:\/\/allin1bitcoins.com\/es\/crypto\/pancake-games\/\" \/>\n<meta property=\"og:locale\" content=\"es_ES\" \/>\n<meta property=\"og:type\" content=\"article\" \/>\n<meta property=\"og:title\" content=\"C\u00f3mo Comprar Pancake Games Coin (GCAKE) - Gu\u00eda Paso A Paso\" \/>\n<meta property=\"og:description\" content=\"El procedimiento para comprar Pancake Games Coin puede variar seg\u00fan el intercambio o la plataforma que utilice. \u00a1Sigue leyendo!\" \/>\n<meta property=\"og:url\" content=\"https:\/\/allin1bitcoins.com\/es\/crypto\/pancake-games\/\" \/>\n<meta property=\"og:site_name\" content=\"Allin1Bitcoins\" \/>\n<meta property=\"article:modified_time\" content=\"2023-02-18T23:03:34+00:00\" \/>\n<meta property=\"og:image\" content=\"https:\/\/allin1bitcoins.com\/wp-content\/uploads\/2023\/01\/pexels-alesia-kozik-6770610.jpg\" \/>\n\t<meta property=\"og:image:width\" content=\"1280\" \/>\n\t<meta property=\"og:image:height\" content=\"853\" \/>\n\t<meta property=\"og:image:type\" content=\"image\/jpeg\" \/>\n<meta name=\"twitter:card\" content=\"summary_large_image\" \/>\n<meta name=\"twitter:label1\" content=\"Est. reading time\" \/>\n\t<meta name=\"twitter:data1\" content=\"3 minutes\" \/>\n<!-- \/ Yoast SEO plugin. -->","yoast_head_json":{"title":"C\u00f3mo Comprar Pancake Games Coin (GCAKE) - Gu\u00eda Paso A Paso","description":"El procedimiento para comprar Pancake Games Coin puede variar seg\u00fan el intercambio o la plataforma que utilice. \u00a1Sigue leyendo!","robots":{"index":"index","follow":"follow","max-snippet":"max-snippet:-1","max-image-preview":"max-image-preview:large","max-video-preview":"max-video-preview:-1"},"canonical":"https:\/\/allin1bitcoins.com\/es\/crypto\/pancake-games\/","og_locale":"es_ES","og_type":"article","og_title":"C\u00f3mo Comprar Pancake Games Coin (GCAKE) - Gu\u00eda Paso A Paso","og_description":"El procedimiento para comprar Pancake Games Coin puede variar seg\u00fan el intercambio o la plataforma que utilice. \u00a1Sigue leyendo!","og_url":"https:\/\/allin1bitcoins.com\/es\/crypto\/pancake-games\/","og_site_name":"Allin1Bitcoins","article_modified_time":"2023-02-18T23:03:34+00:00","og_image":[{"width":1280,"height":853,"url":"https:\/\/allin1bitcoins.com\/wp-content\/uploads\/2023\/01\/pexels-alesia-kozik-6770610.jpg","type":"image\/jpeg"}],"twitter_card":"summary_large_image","twitter_misc":{"Est. reading time":"3 minutes"},"schema":{"@context":"https:\/\/schema.org","@graph":[{"@type":"WebPage","@id":"https:\/\/allin1bitcoins.com\/es\/crypto\/pancake-games\/","url":"https:\/\/allin1bitcoins.com\/es\/crypto\/pancake-games\/","name":"C\u00f3mo Comprar Pancake Games Coin (GCAKE) - Gu\u00eda Paso A Paso","isPartOf":{"@id":"https:\/\/allin1bitcoins.com\/es\/#website"},"datePublished":"2023-02-18T23:02:43+00:00","dateModified":"2023-02-18T23:03:34+00:00","description":"El procedimiento para comprar Pancake Games Coin puede variar seg\u00fan el intercambio o la plataforma que utilice. \u00a1Sigue leyendo!","breadcrumb":{"@id":"https:\/\/allin1bitcoins.com\/es\/crypto\/pancake-games\/#breadcrumb"},"inLanguage":"es","potentialAction":[{"@type":"ReadAction","target":["https:\/\/allin1bitcoins.com\/es\/crypto\/pancake-games\/"]}]},{"@type":"BreadcrumbList","@id":"https:\/\/allin1bitcoins.com\/es\/crypto\/pancake-games\/#breadcrumb","itemListElement":[{"@type":"ListItem","position":1,"name":"Home","item":"https:\/\/allin1bitcoins.com\/es\/"},{"@type":"ListItem","position":2,"name":"Cripto","item":"https:\/\/allin1bitcoins.com\/es\/crypto\/"},{"@type":"ListItem","position":3,"name":"C\u00f3mo Comprar Pancake Games Coin (GCAKE) &#8211; Gu\u00eda Paso A Paso"}]},{"@type":"WebSite","@id":"https:\/\/allin1bitcoins.com\/es\/#website","url":"https:\/\/allin1bitcoins.com\/es\/","name":"Allin1Bitcoins","description":"","publisher":{"@id":"https:\/\/allin1bitcoins.com\/es\/#organization"},"potentialAction":[{"@type":"SearchAction","target":{"@type":"EntryPoint","urlTemplate":"https:\/\/allin1bitcoins.com\/es\/?s={search_term_string}"},"query-input":"required name=search_term_string"}],"inLanguage":"es"},{"@type":"Organization","@id":"https:\/\/allin1bitcoins.com\/es\/#organization","name":"allin1bitcoins","url":"https:\/\/allin1bitcoins.com\/es\/","logo":{"@type":"ImageObject","inLanguage":"es","@id":"https:\/\/allin1bitcoins.com\/es\/#\/schema\/logo\/image\/","url":"https:\/\/allin1bitcoins.com\/wp-content\/uploads\/2019\/01\/logo-new.png","contentUrl":"https:\/\/allin1bitcoins.com\/wp-content\/uploads\/2019\/01\/logo-new.png","width":178,"height":71,"caption":"allin1bitcoins"},"image":{"@id":"https:\/\/allin1bitcoins.com\/es\/#\/schema\/logo\/image\/"}}]}},"_links":{"self":[{"href":"https:\/\/allin1bitcoins.com\/es\/wp-json\/wp\/v2\/pages\/21691"}],"collection":[{"href":"https:\/\/allin1bitcoins.com\/es\/wp-json\/wp\/v2\/pages"}],"about":[{"href":"https:\/\/allin1bitcoins.com\/es\/wp-json\/wp\/v2\/types\/page"}],"author":[{"embeddable":true,"href":"https:\/\/allin1bitcoins.com\/es\/wp-json\/wp\/v2\/users\/5"}],"replies":[{"embeddable":true,"href":"https:\/\/allin1bitcoins.com\/es\/wp-json\/wp\/v2\/comments?post=21691"}],"version-history":[{"count":2,"href":"https:\/\/allin1bitcoins.com\/es\/wp-json\/wp\/v2\/pages\/21691\/revisions"}],"predecessor-version":[{"id":21694,"href":"https:\/\/allin1bitcoins.com\/es\/wp-json\/wp\/v2\/pages\/21691\/revisions\/21694"}],"up":[{"embeddable":true,"href":"https:\/\/allin1bitcoins.com\/es\/wp-json\/wp\/v2\/pages\/18924"}],"wp:featuredmedia":[{"embeddable":true,"href":"https:\/\/allin1bitcoins.com\/es\/wp-json\/wp\/v2\/media\/16945"}],"wp:attachment":[{"href":"https:\/\/allin1bitcoins.com\/es\/wp-json\/wp\/v2\/media?parent=21691"}],"curies":[{"name":"wp","href":"https:\/\/api.w.org\/{rel}","templated":true}]}}