{"id":21703,"date":"2023-02-19T06:48:04","date_gmt":"2023-02-19T06:48:04","guid":{"rendered":"https:\/\/allin1bitcoins.com\/?page_id=21703"},"modified":"2023-02-19T06:48:06","modified_gmt":"2023-02-19T06:48:06","slug":"american-express","status":"publish","type":"page","link":"https:\/\/allin1bitcoins.com\/es\/crypto\/pancake-games\/american-express\/","title":{"rendered":"C\u00f3mo Comprar Pancake Games Coin (GCAKE) Con American Express"},"content":{"rendered":"\n<h2 class=\"wp-block-heading\">Respuesta corta: Puede comprar Pancake Games Coins con American Express.<\/h2>\n\n\n\n<p>El procedimiento es bastante sencillo si desea comprar Pancake Games Coin con American Express. El primer paso es encontrar un intercambio de criptomonedas que acepte American Express como modo de pago. El siguiente paso es crear una cuenta en el intercambio y completar los procedimientos de verificaci\u00f3n de identidad requeridos. Una vez creada y verificada su cuenta, puede utilizar su tarjeta American Express para depositar dinero, y luego usar ese dinero para comprar Pancake Games Coin.<\/p>\n\n\n\n<h2 class=\"wp-block-heading\">Descripci\u00f3n general de Pancake Games Coin<\/h2>\n\n\n\n<p>Dentro del ecosistema de Pancake Games, Pancake Games Coin es una criptomoneda que se puede utilizar para pagar bienes y servicios dentro del juego. Se puede almacenar y controlar utilizando cualquier billetera Ethereum, ya que est\u00e1 construida en la cadena de bloques Ethereum. Los titulares de Pancake Games Coin pueden votar en decisiones importantes de la plataforma y sugerir nuevas caracter\u00edsticas. Esta criptomoneda tambi\u00e9n se utiliza para administrar la plataforma Pancake Games.<\/p>\n\n\n\n<h2 class=\"wp-block-heading\">Por qu\u00e9 desea utilizar American Express para comprar Pancake Games<\/h2>\n\n\n\n<p>Es posible que desee comprar Pancake Games Coin con American Express por varias razones. En primer lugar, American Express es una opci\u00f3n conveniente para muchas personas, ya que es un medio de pago frecuentemente utilizado y de buena reputaci\u00f3n. Adem\u00e1s, porque American Express ofrece protecci\u00f3n contra el fraude y los pagos fraudulentos, el uso de esa tarjeta de cr\u00e9dito para comprar Pancake Games Coin puede agregar una capa adicional de seguridad.<\/p>\n\n\n\n<figure class=\"wp-block-embed is-type-video is-provider-youtube wp-block-embed-youtube wp-embed-aspect-4-3 wp-has-aspect-ratio\"><div class=\"wp-block-embed__wrapper\">\n<iframe title=\"Pancake Games Token All Details - New NFT Games Platform\" width=\"800\" height=\"600\" src=\"https:\/\/www.youtube.com\/embed\/6HWK9W5ycQI?feature=oembed\" frameborder=\"0\" allow=\"accelerometer; autoplay; clipboard-write; encrypted-media; gyroscope; picture-in-picture; web-share\" allowfullscreen><\/iframe>\n<\/div><\/figure>\n\n\n\n<h2 class=\"wp-block-heading\">C\u00f3mo comprar Pancake Games con American Express en detalle<\/h2>\n\n\n\n<ol><li>Elige un intercambio de bitcoin que acepte American Express. Gemini y Binance son dos opciones populares.<br><br><\/li><li>Crea un perfil en el intercambio. Junto con la informaci\u00f3n de su tarjeta American Express, deber\u00e1 enviar detalles personales como su nombre, direcci\u00f3n y fecha de nacimiento.<br><br><\/li><li>Identif\u00edquese utilizando el intercambio. Puede ser necesario un documento de identidad emitido por el gobierno y una prueba de domicilio para esto.<br><br><\/li><li>Use su tarjeta American Express para hacer dep\u00f3sitos en su cuenta una vez que se haya creado y confirmado.<br><br><\/li><li>Use el dinero que se ha depositado para comprar Pancake Games Coin en el mercado. Normalmente, para hacer esto, uno navegar\u00eda hasta el par de trading para Pancake Games Coin y realizar\u00eda un pedido al precio que se est\u00e1 ofreciendo.<br><br><\/li><li>La Pancake Games Coin se agregar\u00e1 a su billetera de intercambio despu\u00e9s de que se complete la transacci\u00f3n.<\/li><\/ol>\n\n\n\n<h2 class=\"wp-block-heading\">Desventajas de usar American Express para pagar por Pancake Games<\/h2>\n\n\n\n<p>Una desventaja de usar American Express para comprar Pancake Games Coins es el potencial de costos adicionales. Los costos de transacci\u00f3n m\u00e1s altos que American Express suele cobrar en comparaci\u00f3n con otras redes de tarjetas pueden ser trasladados al cliente al comprar criptomonedas. Adem\u00e1s, si paga con American Express, los intercambios de bitcoin pueden cobrarle tarifas adicionales.<\/p>\n\n\n\n<p>Los contracargos son otra desventaja de usar American Express para comprar Pancake Games. Debido a que las transacciones con criptomonedas son irreversibles, el uso de American Express para realizar una compra puede proporcionar menos seguridad en caso de fraude o estafas.<\/p>\n\n\n\n<h2 class=\"wp-block-heading\">Conclusi\u00f3n<\/h2>\n\n\n\n<p>En resumen, comprar Pancake Games Coin con American Express es un proceso simple que brinda la comodidad y seguridad de utilizar una opci\u00f3n de pago conocida. Al usar American Express, es crucial estar al tanto de posibles costos y la ausencia de transacciones reversibles. Antes de depositar dinero, tambi\u00e9n es fundamental realizar una investigaci\u00f3n exhaustiva sobre el intercambio de criptomonedas y asegurarse de que sea confiable y seguro. Gracias a esto, su inversi\u00f3n en Pancake Games Coin ser\u00e1 m\u00e1s segura y protegida.<\/p>\n\n\n\n<!-- Page-list plugin v.5.9 wordpress.org\/plugins\/page-list\/ -->\n<ul class=\"page-list siblings-page-list \">\n<li class=\"page_item page-item-21703\"><a href=\"https:\/\/allin1bitcoins.com\/es\/crypto\/pancake-games\/american-express\/\">C\u00f3mo Comprar Pancake Games Coin (GCAKE) Con American Express<\/a><\/li>\n<li class=\"page_item page-item-21713\"><a href=\"https:\/\/allin1bitcoins.com\/es\/crypto\/pancake-games\/paypal\/\">C\u00f3mo Comprar Pancake Games Coin (GCAKE) Con Paypal<\/a><\/li>\n<li class=\"page_item page-item-21737\"><a href=\"https:\/\/allin1bitcoins.com\/es\/crypto\/pancake-games\/credit-card\/\">C\u00f3mo Comprar Pancake Games Coin (GCAKE) Con Tarjeta De Cr\u00e9dito<\/a><\/li>\n<li class=\"page_item page-item-21725\"><a href=\"https:\/\/allin1bitcoins.com\/es\/crypto\/pancake-games\/debit-card\/\">C\u00f3mo Comprar Pancake Games Coin (GCAKE) Con Tarjeta De D\u00e9bito<\/a><\/li>\n\n<\/ul>\n","protected":false},"excerpt":{"rendered":"<p>Respuesta corta: Puede comprar Pancake Games Coins con American Express. El procedimiento es bastante sencillo si desea comprar Pancake Games Coin con American Express. El primer paso es encontrar un intercambio de criptomonedas que acepte American Express como modo de pago. El siguiente paso es crear una cuenta en el intercambio y completar los procedimientos&#8230;<\/p>\n","protected":false},"author":5,"featured_media":16955,"parent":21691,"menu_order":0,"comment_status":"closed","ping_status":"closed","template":"","meta":{"cybocfi_hide_featured_image":"","footnotes":""},"acf":[],"yoast_head":"<!-- This site is optimized with the Yoast SEO plugin v21.7 - https:\/\/yoast.com\/wordpress\/plugins\/seo\/ -->\n<title>C\u00f3mo Comprar Pancake Games Coin (GCAKE) Con American Express<\/title>\n<meta name=\"description\" content=\"El procedimiento es bastante sencillo si desea comprar Pancake Games Coin con American Express. Sigue leyendo para saber m\u00e1s.\" \/>\n<meta name=\"robots\" content=\"index, follow, max-snippet:-1, max-image-preview:large, max-video-preview:-1\" \/>\n<link rel=\"canonical\" href=\"https:\/\/allin1bitcoins.com\/es\/crypto\/pancake-games\/american-express\/\" \/>\n<meta property=\"og:locale\" content=\"es_ES\" \/>\n<meta property=\"og:type\" content=\"article\" \/>\n<meta property=\"og:title\" content=\"C\u00f3mo Comprar Pancake Games Coin (GCAKE) Con American Express\" \/>\n<meta property=\"og:description\" content=\"El procedimiento es bastante sencillo si desea comprar Pancake Games Coin con American Express. Sigue leyendo para saber m\u00e1s.\" \/>\n<meta property=\"og:url\" content=\"https:\/\/allin1bitcoins.com\/es\/crypto\/pancake-games\/american-express\/\" \/>\n<meta property=\"og:site_name\" content=\"Allin1Bitcoins\" \/>\n<meta property=\"article:modified_time\" content=\"2023-02-19T06:48:06+00:00\" \/>\n<meta property=\"og:image\" content=\"https:\/\/allin1bitcoins.com\/wp-content\/uploads\/2023\/01\/pexels-anna-nekrashevich-68016471.jpg\" \/>\n\t<meta property=\"og:image:width\" content=\"1279\" \/>\n\t<meta property=\"og:image:height\" content=\"918\" \/>\n\t<meta property=\"og:image:type\" content=\"image\/jpeg\" \/>\n<meta name=\"twitter:card\" content=\"summary_large_image\" \/>\n<meta name=\"twitter:label1\" content=\"Est. reading time\" \/>\n\t<meta name=\"twitter:data1\" content=\"3 minutes\" \/>\n<!-- \/ Yoast SEO plugin. -->","yoast_head_json":{"title":"C\u00f3mo Comprar Pancake Games Coin (GCAKE) Con American Express","description":"El procedimiento es bastante sencillo si desea comprar Pancake Games Coin con American Express. Sigue leyendo para saber m\u00e1s.","robots":{"index":"index","follow":"follow","max-snippet":"max-snippet:-1","max-image-preview":"max-image-preview:large","max-video-preview":"max-video-preview:-1"},"canonical":"https:\/\/allin1bitcoins.com\/es\/crypto\/pancake-games\/american-express\/","og_locale":"es_ES","og_type":"article","og_title":"C\u00f3mo Comprar Pancake Games Coin (GCAKE) Con American Express","og_description":"El procedimiento es bastante sencillo si desea comprar Pancake Games Coin con American Express. Sigue leyendo para saber m\u00e1s.","og_url":"https:\/\/allin1bitcoins.com\/es\/crypto\/pancake-games\/american-express\/","og_site_name":"Allin1Bitcoins","article_modified_time":"2023-02-19T06:48:06+00:00","og_image":[{"width":1279,"height":918,"url":"https:\/\/allin1bitcoins.com\/wp-content\/uploads\/2023\/01\/pexels-anna-nekrashevich-68016471.jpg","type":"image\/jpeg"}],"twitter_card":"summary_large_image","twitter_misc":{"Est. reading time":"3 minutes"},"schema":{"@context":"https:\/\/schema.org","@graph":[{"@type":"WebPage","@id":"https:\/\/allin1bitcoins.com\/es\/crypto\/pancake-games\/american-express\/","url":"https:\/\/allin1bitcoins.com\/es\/crypto\/pancake-games\/american-express\/","name":"C\u00f3mo Comprar Pancake Games Coin (GCAKE) Con American Express","isPartOf":{"@id":"https:\/\/allin1bitcoins.com\/es\/#website"},"datePublished":"2023-02-19T06:48:04+00:00","dateModified":"2023-02-19T06:48:06+00:00","description":"El procedimiento es bastante sencillo si desea comprar Pancake Games Coin con American Express. Sigue leyendo para saber m\u00e1s.","breadcrumb":{"@id":"https:\/\/allin1bitcoins.com\/es\/crypto\/pancake-games\/american-express\/#breadcrumb"},"inLanguage":"es","potentialAction":[{"@type":"ReadAction","target":["https:\/\/allin1bitcoins.com\/es\/crypto\/pancake-games\/american-express\/"]}]},{"@type":"BreadcrumbList","@id":"https:\/\/allin1bitcoins.com\/es\/crypto\/pancake-games\/american-express\/#breadcrumb","itemListElement":[{"@type":"ListItem","position":1,"name":"Home","item":"https:\/\/allin1bitcoins.com\/es\/"},{"@type":"ListItem","position":2,"name":"Cripto","item":"https:\/\/allin1bitcoins.com\/es\/crypto\/"},{"@type":"ListItem","position":3,"name":"C\u00f3mo Comprar Pancake Games Coin (GCAKE) &#8211; Gu\u00eda Paso A Paso","item":"https:\/\/allin1bitcoins.com\/es\/crypto\/pancake-games\/"},{"@type":"ListItem","position":4,"name":"C\u00f3mo Comprar Pancake Games Coin (GCAKE) Con American Express"}]},{"@type":"WebSite","@id":"https:\/\/allin1bitcoins.com\/es\/#website","url":"https:\/\/allin1bitcoins.com\/es\/","name":"Allin1Bitcoins","description":"","publisher":{"@id":"https:\/\/allin1bitcoins.com\/es\/#organization"},"potentialAction":[{"@type":"SearchAction","target":{"@type":"EntryPoint","urlTemplate":"https:\/\/allin1bitcoins.com\/es\/?s={search_term_string}"},"query-input":"required name=search_term_string"}],"inLanguage":"es"},{"@type":"Organization","@id":"https:\/\/allin1bitcoins.com\/es\/#organization","name":"allin1bitcoins","url":"https:\/\/allin1bitcoins.com\/es\/","logo":{"@type":"ImageObject","inLanguage":"es","@id":"https:\/\/allin1bitcoins.com\/es\/#\/schema\/logo\/image\/","url":"https:\/\/allin1bitcoins.com\/wp-content\/uploads\/2019\/01\/logo-new.png","contentUrl":"https:\/\/allin1bitcoins.com\/wp-content\/uploads\/2019\/01\/logo-new.png","width":178,"height":71,"caption":"allin1bitcoins"},"image":{"@id":"https:\/\/allin1bitcoins.com\/es\/#\/schema\/logo\/image\/"}}]}},"_links":{"self":[{"href":"https:\/\/allin1bitcoins.com\/es\/wp-json\/wp\/v2\/pages\/21703"}],"collection":[{"href":"https:\/\/allin1bitcoins.com\/es\/wp-json\/wp\/v2\/pages"}],"about":[{"href":"https:\/\/allin1bitcoins.com\/es\/wp-json\/wp\/v2\/types\/page"}],"author":[{"embeddable":true,"href":"https:\/\/allin1bitcoins.com\/es\/wp-json\/wp\/v2\/users\/5"}],"replies":[{"embeddable":true,"href":"https:\/\/allin1bitcoins.com\/es\/wp-json\/wp\/v2\/comments?post=21703"}],"version-history":[{"count":1,"href":"https:\/\/allin1bitcoins.com\/es\/wp-json\/wp\/v2\/pages\/21703\/revisions"}],"predecessor-version":[{"id":21704,"href":"https:\/\/allin1bitcoins.com\/es\/wp-json\/wp\/v2\/pages\/21703\/revisions\/21704"}],"up":[{"embeddable":true,"href":"https:\/\/allin1bitcoins.com\/es\/wp-json\/wp\/v2\/pages\/21691"}],"wp:featuredmedia":[{"embeddable":true,"href":"https:\/\/allin1bitcoins.com\/es\/wp-json\/wp\/v2\/media\/16955"}],"wp:attachment":[{"href":"https:\/\/allin1bitcoins.com\/es\/wp-json\/wp\/v2\/media?parent=21703"}],"curies":[{"name":"wp","href":"https:\/\/api.w.org\/{rel}","templated":true}]}}