{"id":21725,"date":"2023-02-19T07:52:36","date_gmt":"2023-02-19T07:52:36","guid":{"rendered":"https:\/\/allin1bitcoins.com\/?page_id=21725"},"modified":"2023-02-19T07:52:38","modified_gmt":"2023-02-19T07:52:38","slug":"debit-card","status":"publish","type":"page","link":"https:\/\/allin1bitcoins.com\/es\/crypto\/pancake-games\/debit-card\/","title":{"rendered":"C\u00f3mo Comprar Pancake Games Coin (GCAKE) Con Tarjeta De D\u00e9bito"},"content":{"rendered":"\n<p>En el conocido juego PancakeSwap, Pancake Games Coin es una moneda virtual que se puede utilizar para comprar objetos, aspectos y otros activos virtuales dentro del juego. Puede ser adquirido y vendido como otras criptomonedas, incluso con una tarjeta de d\u00e9bito, ya que es un token ERC-20 en la red Ethereum.<\/p>\n\n\n\n<h2 class=\"wp-block-heading\">Respuesta corta: Puedes comprar Pancake Games Coin con una tarjeta de d\u00e9bito.<\/h2>\n\n\n\n<p>Usar una tarjeta de d\u00e9bito para comprar Pancake Games Coin es un m\u00e9todo sencillo que solo requiere unos pocos pasos r\u00e1pidos. En primer lugar, debes registrarte en una bolsa de criptomonedas que permita compras de Pancake Games Coin con tarjeta de d\u00e9bito. El siguiente paso es vincular tu tarjeta de d\u00e9bito a tu cuenta y confirmar que es v\u00e1lida. Despu\u00e9s de que se haya confirmado tu tarjeta, puedes comprar Pancake Games Coin con ella.<\/p>\n\n\n\n<h2 class=\"wp-block-heading\">Resumen de Pancake Games Coin<\/h2>\n\n\n\n<p>El token Pancake se utiliza para gobernar y proporcionar liquidez, y los proveedores de liquidez pueden ganar comisiones de negociaci\u00f3n y tokens CAKE por proporcionar liquidez. Tambi\u00e9n puedes utilizar CAKE para votar por futuros desarrollos y caracter\u00edsticas de la plataforma y participar en la miner\u00eda de liquidez. PancakeSwap es un exchange descentralizado (DEX) construido en el protocolo Binance Smart Chain (BSC). Es un fork de Uniswap.<\/p>\n\n\n\n<figure class=\"wp-block-embed is-type-video is-provider-youtube wp-block-embed-youtube wp-embed-aspect-16-9 wp-has-aspect-ratio\"><div class=\"wp-block-embed__wrapper\">\n<iframe title=\"Pancake Games Snapshot Bsc Gem\" width=\"800\" height=\"450\" src=\"https:\/\/www.youtube.com\/embed\/VWJ_D_ZoIGE?feature=oembed\" frameborder=\"0\" allow=\"accelerometer; autoplay; clipboard-write; encrypted-media; gyroscope; picture-in-picture; web-share\" allowfullscreen><\/iframe>\n<\/div><\/figure>\n\n\n\n<h2 class=\"wp-block-heading\">Por qu\u00e9 quieres usar una tarjeta de d\u00e9bito para comprar Pancake Games<\/h2>\n\n\n\n<p>Hay numerosas ventajas en usar una tarjeta de d\u00e9bito para comprar Pancake Games Coin. Una de las principales ventajas es que permite una compra r\u00e1pida y sencilla, ya que no es necesario esperar a que se confirmen las transacciones bancarias o configurar una cuenta bancaria. Adem\u00e1s, el uso de una tarjeta de d\u00e9bito garantiza un mayor nivel de anonimato, ya que la bolsa de criptomonedas no necesitar\u00e1 conocer tus datos personales.<\/p>\n\n\n\n<h2 class=\"wp-block-heading\">C\u00f3mo comprar Pancake Games con una tarjeta de d\u00e9bito: Una gu\u00eda paso a paso<\/h2>\n\n\n\n<ol><li>Crea una cuenta en una bolsa de criptomonedas, como PancakeSwap, que permita compras de Pancake Games Coin con tarjeta de d\u00e9bito.<br><br><\/li><li>Proporciona la informaci\u00f3n necesaria y vincula tu tarjeta de d\u00e9bito a tu cuenta para demostrar tu identidad.<br><br><\/li><li>Utiliza tu tarjeta de d\u00e9bito para hacer un pedido para comprar Pancake Games Coin.<br><br><\/li><li>Espera a que se acredite Pancake Games Coin en tu cuenta despu\u00e9s de que se haya procesado la transacci\u00f3n.<\/li><\/ol>\n\n\n\n<h2 class=\"wp-block-heading\">Desventajas de usar una tarjeta de d\u00e9bito para comprar Pancake Games<\/h2>\n\n\n\n<p>El uso de una tarjeta de d\u00e9bito para comprar Pancake Games Coin tiene algunas desventajas. Una de las mayores desventajas es que las bolsas de criptomonedas pueden cobrar mayores comisiones por transacciones con tarjeta de d\u00e9bito, lo que puede resultar m\u00e1s caro que otros m\u00e9todos de pago. Adem\u00e1s, algunos pa\u00edses pueden prohibir el uso de tarjetas de d\u00e9bito para comprar criptomonedas, lo que podr\u00eda dificultar la compra de Pancake Games Coin en esos pa\u00edses.<\/p>\n\n\n\n<h2 class=\"wp-block-heading\">Conclusi\u00f3n<\/h2>\n\n\n\n<p>Finalmente, comprar Pancake Games Coin con una tarjeta de d\u00e9bito es un m\u00e9todo r\u00e1pido y sencillo para comenzar a utilizar la criptomoneda para pagar otros bienes digitales en PancakeSwap y en el juego. Es crucial tener en cuenta que puede ser m\u00e1s costoso que otras opciones de pago, y que algunos pa\u00edses pueden imponer limitaciones en el uso de tarjetas de d\u00e9bito para comprar criptomonedas. Antes de realizar su compra, aseg\u00farese de investigar y confirmar que el intercambio de criptomonedas que seleccione sea confiable, seguro y proporcione las mejores tarifas y condiciones para usted.<\/p>\n\n\n\n<!-- Page-list plugin v.5.9 wordpress.org\/plugins\/page-list\/ -->\n<ul class=\"page-list siblings-page-list \">\n<li class=\"page_item page-item-21703\"><a href=\"https:\/\/allin1bitcoins.com\/es\/crypto\/pancake-games\/american-express\/\">C\u00f3mo Comprar Pancake Games Coin (GCAKE) Con American Express<\/a><\/li>\n<li class=\"page_item page-item-21713\"><a href=\"https:\/\/allin1bitcoins.com\/es\/crypto\/pancake-games\/paypal\/\">C\u00f3mo Comprar Pancake Games Coin (GCAKE) Con Paypal<\/a><\/li>\n<li class=\"page_item page-item-21737\"><a href=\"https:\/\/allin1bitcoins.com\/es\/crypto\/pancake-games\/credit-card\/\">C\u00f3mo Comprar Pancake Games Coin (GCAKE) Con Tarjeta De Cr\u00e9dito<\/a><\/li>\n<li class=\"page_item page-item-21725\"><a href=\"https:\/\/allin1bitcoins.com\/es\/crypto\/pancake-games\/debit-card\/\">C\u00f3mo Comprar Pancake Games Coin (GCAKE) Con Tarjeta De D\u00e9bito<\/a><\/li>\n\n<\/ul>\n","protected":false},"excerpt":{"rendered":"<p>En el conocido juego PancakeSwap, Pancake Games Coin es una moneda virtual que se puede utilizar para comprar objetos, aspectos y otros activos virtuales dentro del juego. Puede ser adquirido y vendido como otras criptomonedas, incluso con una tarjeta de d\u00e9bito, ya que es un token ERC-20 en la red Ethereum. Respuesta corta: Puedes comprar&#8230;<\/p>\n","protected":false},"author":3,"featured_media":16978,"parent":21691,"menu_order":0,"comment_status":"closed","ping_status":"closed","template":"","meta":{"cybocfi_hide_featured_image":"","footnotes":""},"acf":[],"yoast_head":"<!-- This site is optimized with the Yoast SEO plugin v21.7 - https:\/\/yoast.com\/wordpress\/plugins\/seo\/ -->\n<title>C\u00f3mo Comprar Pancake Games Coin (GCAKE) Con Tarjeta De D\u00e9bito<\/title>\n<meta name=\"description\" content=\"Usar una tarjeta de d\u00e9bito para comprar Pancake Games Coin es un m\u00e9todo sencillo que solo requiere unos pocos pasos r\u00e1pidos.\" \/>\n<meta name=\"robots\" content=\"index, follow, max-snippet:-1, max-image-preview:large, max-video-preview:-1\" \/>\n<link rel=\"canonical\" href=\"https:\/\/allin1bitcoins.com\/es\/crypto\/pancake-games\/debit-card\/\" \/>\n<meta property=\"og:locale\" content=\"es_ES\" \/>\n<meta property=\"og:type\" content=\"article\" \/>\n<meta property=\"og:title\" content=\"C\u00f3mo Comprar Pancake Games Coin (GCAKE) Con Tarjeta De D\u00e9bito\" \/>\n<meta property=\"og:description\" content=\"Usar una tarjeta de d\u00e9bito para comprar Pancake Games Coin es un m\u00e9todo sencillo que solo requiere unos pocos pasos r\u00e1pidos.\" \/>\n<meta property=\"og:url\" content=\"https:\/\/allin1bitcoins.com\/es\/crypto\/pancake-games\/debit-card\/\" \/>\n<meta property=\"og:site_name\" content=\"Allin1Bitcoins\" \/>\n<meta property=\"article:modified_time\" content=\"2023-02-19T07:52:38+00:00\" \/>\n<meta property=\"og:image\" content=\"https:\/\/allin1bitcoins.com\/wp-content\/uploads\/2023\/01\/pexels-anna-nekrashevich-6801650.jpg\" \/>\n\t<meta property=\"og:image:width\" content=\"1280\" \/>\n\t<meta property=\"og:image:height\" content=\"1920\" \/>\n\t<meta property=\"og:image:type\" content=\"image\/jpeg\" \/>\n<meta name=\"twitter:card\" content=\"summary_large_image\" \/>\n<meta name=\"twitter:label1\" content=\"Est. reading time\" \/>\n\t<meta name=\"twitter:data1\" content=\"3 minutes\" \/>\n<!-- \/ Yoast SEO plugin. -->","yoast_head_json":{"title":"C\u00f3mo Comprar Pancake Games Coin (GCAKE) Con Tarjeta De D\u00e9bito","description":"Usar una tarjeta de d\u00e9bito para comprar Pancake Games Coin es un m\u00e9todo sencillo que solo requiere unos pocos pasos r\u00e1pidos.","robots":{"index":"index","follow":"follow","max-snippet":"max-snippet:-1","max-image-preview":"max-image-preview:large","max-video-preview":"max-video-preview:-1"},"canonical":"https:\/\/allin1bitcoins.com\/es\/crypto\/pancake-games\/debit-card\/","og_locale":"es_ES","og_type":"article","og_title":"C\u00f3mo Comprar Pancake Games Coin (GCAKE) Con Tarjeta De D\u00e9bito","og_description":"Usar una tarjeta de d\u00e9bito para comprar Pancake Games Coin es un m\u00e9todo sencillo que solo requiere unos pocos pasos r\u00e1pidos.","og_url":"https:\/\/allin1bitcoins.com\/es\/crypto\/pancake-games\/debit-card\/","og_site_name":"Allin1Bitcoins","article_modified_time":"2023-02-19T07:52:38+00:00","og_image":[{"width":1280,"height":1920,"url":"https:\/\/allin1bitcoins.com\/wp-content\/uploads\/2023\/01\/pexels-anna-nekrashevich-6801650.jpg","type":"image\/jpeg"}],"twitter_card":"summary_large_image","twitter_misc":{"Est. reading time":"3 minutes"},"schema":{"@context":"https:\/\/schema.org","@graph":[{"@type":"WebPage","@id":"https:\/\/allin1bitcoins.com\/es\/crypto\/pancake-games\/debit-card\/","url":"https:\/\/allin1bitcoins.com\/es\/crypto\/pancake-games\/debit-card\/","name":"C\u00f3mo Comprar Pancake Games Coin (GCAKE) Con Tarjeta De D\u00e9bito","isPartOf":{"@id":"https:\/\/allin1bitcoins.com\/es\/#website"},"datePublished":"2023-02-19T07:52:36+00:00","dateModified":"2023-02-19T07:52:38+00:00","description":"Usar una tarjeta de d\u00e9bito para comprar Pancake Games Coin es un m\u00e9todo sencillo que solo requiere unos pocos pasos r\u00e1pidos.","breadcrumb":{"@id":"https:\/\/allin1bitcoins.com\/es\/crypto\/pancake-games\/debit-card\/#breadcrumb"},"inLanguage":"es","potentialAction":[{"@type":"ReadAction","target":["https:\/\/allin1bitcoins.com\/es\/crypto\/pancake-games\/debit-card\/"]}]},{"@type":"BreadcrumbList","@id":"https:\/\/allin1bitcoins.com\/es\/crypto\/pancake-games\/debit-card\/#breadcrumb","itemListElement":[{"@type":"ListItem","position":1,"name":"Home","item":"https:\/\/allin1bitcoins.com\/es\/"},{"@type":"ListItem","position":2,"name":"Cripto","item":"https:\/\/allin1bitcoins.com\/es\/crypto\/"},{"@type":"ListItem","position":3,"name":"C\u00f3mo Comprar Pancake Games Coin (GCAKE) &#8211; Gu\u00eda Paso A Paso","item":"https:\/\/allin1bitcoins.com\/es\/crypto\/pancake-games\/"},{"@type":"ListItem","position":4,"name":"C\u00f3mo Comprar Pancake Games Coin (GCAKE) Con Tarjeta De D\u00e9bito"}]},{"@type":"WebSite","@id":"https:\/\/allin1bitcoins.com\/es\/#website","url":"https:\/\/allin1bitcoins.com\/es\/","name":"Allin1Bitcoins","description":"","publisher":{"@id":"https:\/\/allin1bitcoins.com\/es\/#organization"},"potentialAction":[{"@type":"SearchAction","target":{"@type":"EntryPoint","urlTemplate":"https:\/\/allin1bitcoins.com\/es\/?s={search_term_string}"},"query-input":"required name=search_term_string"}],"inLanguage":"es"},{"@type":"Organization","@id":"https:\/\/allin1bitcoins.com\/es\/#organization","name":"allin1bitcoins","url":"https:\/\/allin1bitcoins.com\/es\/","logo":{"@type":"ImageObject","inLanguage":"es","@id":"https:\/\/allin1bitcoins.com\/es\/#\/schema\/logo\/image\/","url":"https:\/\/allin1bitcoins.com\/wp-content\/uploads\/2019\/01\/logo-new.png","contentUrl":"https:\/\/allin1bitcoins.com\/wp-content\/uploads\/2019\/01\/logo-new.png","width":178,"height":71,"caption":"allin1bitcoins"},"image":{"@id":"https:\/\/allin1bitcoins.com\/es\/#\/schema\/logo\/image\/"}}]}},"_links":{"self":[{"href":"https:\/\/allin1bitcoins.com\/es\/wp-json\/wp\/v2\/pages\/21725"}],"collection":[{"href":"https:\/\/allin1bitcoins.com\/es\/wp-json\/wp\/v2\/pages"}],"about":[{"href":"https:\/\/allin1bitcoins.com\/es\/wp-json\/wp\/v2\/types\/page"}],"author":[{"embeddable":true,"href":"https:\/\/allin1bitcoins.com\/es\/wp-json\/wp\/v2\/users\/3"}],"replies":[{"embeddable":true,"href":"https:\/\/allin1bitcoins.com\/es\/wp-json\/wp\/v2\/comments?post=21725"}],"version-history":[{"count":1,"href":"https:\/\/allin1bitcoins.com\/es\/wp-json\/wp\/v2\/pages\/21725\/revisions"}],"predecessor-version":[{"id":21727,"href":"https:\/\/allin1bitcoins.com\/es\/wp-json\/wp\/v2\/pages\/21725\/revisions\/21727"}],"up":[{"embeddable":true,"href":"https:\/\/allin1bitcoins.com\/es\/wp-json\/wp\/v2\/pages\/21691"}],"wp:featuredmedia":[{"embeddable":true,"href":"https:\/\/allin1bitcoins.com\/es\/wp-json\/wp\/v2\/media\/16978"}],"wp:attachment":[{"href":"https:\/\/allin1bitcoins.com\/es\/wp-json\/wp\/v2\/media?parent=21725"}],"curies":[{"name":"wp","href":"https:\/\/api.w.org\/{rel}","templated":true}]}}