{"id":21737,"date":"2023-02-19T08:20:58","date_gmt":"2023-02-19T08:20:58","guid":{"rendered":"https:\/\/allin1bitcoins.com\/?page_id=21737"},"modified":"2023-02-19T08:21:01","modified_gmt":"2023-02-19T08:21:01","slug":"credit-card","status":"publish","type":"page","link":"https:\/\/allin1bitcoins.com\/es\/crypto\/pancake-games\/credit-card\/","title":{"rendered":"C\u00f3mo Comprar Pancake Games Coin (GCAKE) Con Tarjeta De Cr\u00e9dito"},"content":{"rendered":"\n<p>El popular juego PancakeSwap permite a los jugadores comprar objetos en el juego, skins y otros activos digitales con Pancake Games Coin, m\u00e1s conocido como CAKE. Puede ser adquirido e intercambiado como otras criptomonedas, incluyendo con una tarjeta de cr\u00e9dito, ya que es un token ERC-20 en la red Ethereum.<\/p>\n\n\n\n<h2 class=\"wp-block-heading\">Respuesta corta: puedes adquirir Pancake Games Coin con una tarjeta de cr\u00e9dito.<\/h2>\n\n\n\n<p>Usar una tarjeta de cr\u00e9dito para comprar Pancake Games Coin es un proceso sencillo que solo requiere algunos pasos r\u00e1pidos. Primero debes registrarte en una plataforma de intercambio de criptomonedas que permita pagos con tarjeta de cr\u00e9dito para Pancake Games Coin. El siguiente paso es vincular tu tarjeta de cr\u00e9dito a tu cuenta y confirmar que es v\u00e1lida. Una vez que tu tarjeta de cr\u00e9dito ha sido aprobada, puedes utilizarla para comprar Pancake Games Coin.<\/p>\n\n\n\n<h2 class=\"wp-block-heading\">Descripci\u00f3n general de Pancake Games Coin:<\/h2>\n\n\n\n<p>El token Pancake se utiliza para la gobernanza y la provisi\u00f3n de liquidez, y los proveedores de liquidez pueden ganar comisiones de negociaci\u00f3n y tokens CAKE por proporcionar liquidez. Tambi\u00e9n puedes utilizar CAKE para votar por futuros desarrollos y caracter\u00edsticas de la plataforma y participar en miner\u00eda de liquidez. PancakeSwap es un intercambio descentralizado (DEX) construido sobre el protocolo Binance Smart Chain (BSC). Es un fork de Uniswap.<\/p>\n\n\n\n<h2 class=\"wp-block-heading\">Por qu\u00e9 querr\u00edas usar una tarjeta de cr\u00e9dito para obtener Pancake Games Coin:<\/h2>\n\n\n\n<p>Hay numerosas justificaciones para utilizar una tarjeta de cr\u00e9dito para comprar Pancake Games Coin. La opci\u00f3n de comprarla al instante, lo que elimina la necesidad de esperar a que se liquiden las transferencias bancarias u otros m\u00e9todos de financiaci\u00f3n, es una de las principales ventajas. Adem\u00e1s, utilizar una tarjeta de cr\u00e9dito para hacer una compra puede otorgar al comprador una mayor libertad financiera porque puede realizar compras m\u00e1s grandes o utilizar el financiamiento con tarjeta de cr\u00e9dito para distribuir el gasto de una compra a lo largo del tiempo.<\/p>\n\n\n\n<figure class=\"wp-block-embed is-type-video is-provider-youtube wp-block-embed-youtube wp-embed-aspect-16-9 wp-has-aspect-ratio\"><div class=\"wp-block-embed__wrapper\">\n<iframe title=\"Pancake Games Review - Leading you to the world of Blockchain Game\" width=\"800\" height=\"450\" src=\"https:\/\/www.youtube.com\/embed\/A_LIZqgS8Bg?feature=oembed\" frameborder=\"0\" allow=\"accelerometer; autoplay; clipboard-write; encrypted-media; gyroscope; picture-in-picture; web-share\" allowfullscreen><\/iframe>\n<\/div><\/figure>\n\n\n\n<h2 class=\"wp-block-heading\">C\u00f3mo comprar Pancake Games Coin con una tarjeta de cr\u00e9dito: Una gu\u00eda paso a paso:<\/h2>\n\n\n\n<ul><li>Crea una cuenta en una plataforma de intercambio de criptomonedas, como PancakeSwap, que permita compras con tarjeta de cr\u00e9dito de Pancake Games Coin.<br><br><\/li><li>Al suministrar la informaci\u00f3n necesaria y vincular tu tarjeta de cr\u00e9dito a tu cuenta, podr\u00e1s demostrar tu identidad.<br><br><\/li><li>Utiliza tu tarjeta de cr\u00e9dito para hacer un pedido para comprar Pancake Games Coin.<br><br><\/li><li>Espera a que Pancake Games Coin sea depositado en tu cuenta despu\u00e9s de que se haya procesado la transacci\u00f3n.<\/li><\/ul>\n\n\n\n<h2 class=\"wp-block-heading\">Desventajas de usar una tarjeta de cr\u00e9dito para comprar Pancake Games Coin.<\/h2>\n\n\n\n<p>Existen varias desventajas al comprar Pancake Games Coin con una tarjeta de cr\u00e9dito, a pesar de las ventajas. Debido a los costos adicionales que algunas casas de cambio de criptomonedas cobran por las compras con tarjeta de cr\u00e9dito, este m\u00e9todo de pago puede ser m\u00e1s caro que otros. Adem\u00e1s, el uso de una tarjeta de cr\u00e9dito para comprar Pancake Games Coin conlleva el peligro de fraude o transacciones ilegales, as\u00ed como el potencial de deuda adicional si no se maneja adecuadamente. Adem\u00e1s, el uso de una tarjeta de cr\u00e9dito puede dificultar la compra de grandes cantidades de CAKE, ya que los emisores de tarjetas pueden establecer l\u00edmites diarios sobre cu\u00e1nto se puede gastar o cobrar una tasa de inter\u00e9s m\u00e1s alta que otras opciones de pago.<\/p>\n\n\n\n<h2 class=\"wp-block-heading\">Conclusi\u00f3n<\/h2>\n\n\n\n<p>En conclusi\u00f3n, la compra de Pancake Games Coin con una tarjeta de cr\u00e9dito es un m\u00e9todo r\u00e1pido y sencillo para comenzar a utilizar la criptomoneda para pagar otros bienes digitales en PancakeSwap y art\u00edculos de juegos. Sin embargo, es crucial tener en cuenta las desventajas, como los mayores costos y el potencial de aumento de la deuda si no se maneja adecuadamente. Antes de comprar Pancake Games Coin con una tarjeta de cr\u00e9dito, es importante evaluar detenidamente los beneficios y las desventajas. Tambi\u00e9n se debe elegir una casa de cambio de criptomonedas confiable, segura y fiable. Adem\u00e1s, es crucial recordar que el uso de una tarjeta de cr\u00e9dito para comprar bitcoin es una forma de endeudamiento, por lo que solo debe hacerse si se puede pagar el saldo de la tarjeta de cr\u00e9dito en su totalidad y a tiempo. Tambi\u00e9n es importante ser consciente del l\u00edmite de cr\u00e9dito de su tarjeta de cr\u00e9dito y asegurarse de que la compra de Pancake Games Coin no lo sobrepase. Siempre es una buena idea verificar con su proveedor de tarjeta de cr\u00e9dito para asegurarse de que su tarjeta se pueda usar para compras de bitcoin y preguntar acerca de cualquier cargo o l\u00edmite que pueda aplicarse para evitar posibles problemas.<\/p>\n\n\n\n<!-- Page-list plugin v.5.9 wordpress.org\/plugins\/page-list\/ -->\n<ul class=\"page-list siblings-page-list \">\n<li class=\"page_item page-item-21703\"><a href=\"https:\/\/allin1bitcoins.com\/es\/crypto\/pancake-games\/american-express\/\">C\u00f3mo Comprar Pancake Games Coin (GCAKE) Con American Express<\/a><\/li>\n<li class=\"page_item page-item-21713\"><a href=\"https:\/\/allin1bitcoins.com\/es\/crypto\/pancake-games\/paypal\/\">C\u00f3mo Comprar Pancake Games Coin (GCAKE) Con Paypal<\/a><\/li>\n<li class=\"page_item page-item-21737\"><a href=\"https:\/\/allin1bitcoins.com\/es\/crypto\/pancake-games\/credit-card\/\">C\u00f3mo Comprar Pancake Games Coin (GCAKE) Con Tarjeta De Cr\u00e9dito<\/a><\/li>\n<li class=\"page_item page-item-21725\"><a href=\"https:\/\/allin1bitcoins.com\/es\/crypto\/pancake-games\/debit-card\/\">C\u00f3mo Comprar Pancake Games Coin (GCAKE) Con Tarjeta De D\u00e9bito<\/a><\/li>\n\n<\/ul>\n","protected":false},"excerpt":{"rendered":"<p>El popular juego PancakeSwap permite a los jugadores comprar objetos en el juego, skins y otros activos digitales con Pancake Games Coin, m\u00e1s conocido como CAKE. Puede ser adquirido e intercambiado como otras criptomonedas, incluyendo con una tarjeta de cr\u00e9dito, ya que es un token ERC-20 en la red Ethereum. Respuesta corta: puedes adquirir Pancake&#8230;<\/p>\n","protected":false},"author":5,"featured_media":16988,"parent":21691,"menu_order":0,"comment_status":"closed","ping_status":"closed","template":"","meta":{"cybocfi_hide_featured_image":"","footnotes":""},"acf":[],"yoast_head":"<!-- This site is optimized with the Yoast SEO plugin v21.7 - https:\/\/yoast.com\/wordpress\/plugins\/seo\/ -->\n<title>C\u00f3mo Comprar Pancake Games Coin (GCAKE) Con Tarjeta De Cr\u00e9dito<\/title>\n<meta name=\"description\" content=\"Utilizar una tarjeta de cr\u00e9dito para comprar Pancake Games Coin es un proceso sencillo que solo requiere algunos pasos r\u00e1pidos.\" \/>\n<meta name=\"robots\" content=\"index, follow, max-snippet:-1, max-image-preview:large, max-video-preview:-1\" \/>\n<link rel=\"canonical\" href=\"https:\/\/allin1bitcoins.com\/es\/crypto\/pancake-games\/credit-card\/\" \/>\n<meta property=\"og:locale\" content=\"es_ES\" \/>\n<meta property=\"og:type\" content=\"article\" \/>\n<meta property=\"og:title\" content=\"C\u00f3mo Comprar Pancake Games Coin (GCAKE) Con Tarjeta De Cr\u00e9dito\" \/>\n<meta property=\"og:description\" content=\"Utilizar una tarjeta de cr\u00e9dito para comprar Pancake Games Coin es un proceso sencillo que solo requiere algunos pasos r\u00e1pidos.\" \/>\n<meta property=\"og:url\" content=\"https:\/\/allin1bitcoins.com\/es\/crypto\/pancake-games\/credit-card\/\" \/>\n<meta property=\"og:site_name\" content=\"Allin1Bitcoins\" \/>\n<meta property=\"article:modified_time\" content=\"2023-02-19T08:21:01+00:00\" \/>\n<meta property=\"og:image\" content=\"https:\/\/allin1bitcoins.com\/wp-content\/uploads\/2023\/01\/pexels-aukid-phumsirichat-4691471.jpg\" \/>\n\t<meta property=\"og:image:width\" content=\"1280\" \/>\n\t<meta property=\"og:image:height\" content=\"852\" \/>\n\t<meta property=\"og:image:type\" content=\"image\/jpeg\" \/>\n<meta name=\"twitter:card\" content=\"summary_large_image\" \/>\n<meta name=\"twitter:label1\" content=\"Est. reading time\" \/>\n\t<meta name=\"twitter:data1\" content=\"4 minutes\" \/>\n<!-- \/ Yoast SEO plugin. -->","yoast_head_json":{"title":"C\u00f3mo Comprar Pancake Games Coin (GCAKE) Con Tarjeta De Cr\u00e9dito","description":"Utilizar una tarjeta de cr\u00e9dito para comprar Pancake Games Coin es un proceso sencillo que solo requiere algunos pasos r\u00e1pidos.","robots":{"index":"index","follow":"follow","max-snippet":"max-snippet:-1","max-image-preview":"max-image-preview:large","max-video-preview":"max-video-preview:-1"},"canonical":"https:\/\/allin1bitcoins.com\/es\/crypto\/pancake-games\/credit-card\/","og_locale":"es_ES","og_type":"article","og_title":"C\u00f3mo Comprar Pancake Games Coin (GCAKE) Con Tarjeta De Cr\u00e9dito","og_description":"Utilizar una tarjeta de cr\u00e9dito para comprar Pancake Games Coin es un proceso sencillo que solo requiere algunos pasos r\u00e1pidos.","og_url":"https:\/\/allin1bitcoins.com\/es\/crypto\/pancake-games\/credit-card\/","og_site_name":"Allin1Bitcoins","article_modified_time":"2023-02-19T08:21:01+00:00","og_image":[{"width":1280,"height":852,"url":"https:\/\/allin1bitcoins.com\/wp-content\/uploads\/2023\/01\/pexels-aukid-phumsirichat-4691471.jpg","type":"image\/jpeg"}],"twitter_card":"summary_large_image","twitter_misc":{"Est. reading time":"4 minutes"},"schema":{"@context":"https:\/\/schema.org","@graph":[{"@type":"WebPage","@id":"https:\/\/allin1bitcoins.com\/es\/crypto\/pancake-games\/credit-card\/","url":"https:\/\/allin1bitcoins.com\/es\/crypto\/pancake-games\/credit-card\/","name":"C\u00f3mo Comprar Pancake Games Coin (GCAKE) Con Tarjeta De Cr\u00e9dito","isPartOf":{"@id":"https:\/\/allin1bitcoins.com\/es\/#website"},"datePublished":"2023-02-19T08:20:58+00:00","dateModified":"2023-02-19T08:21:01+00:00","description":"Utilizar una tarjeta de cr\u00e9dito para comprar Pancake Games Coin es un proceso sencillo que solo requiere algunos pasos r\u00e1pidos.","breadcrumb":{"@id":"https:\/\/allin1bitcoins.com\/es\/crypto\/pancake-games\/credit-card\/#breadcrumb"},"inLanguage":"es","potentialAction":[{"@type":"ReadAction","target":["https:\/\/allin1bitcoins.com\/es\/crypto\/pancake-games\/credit-card\/"]}]},{"@type":"BreadcrumbList","@id":"https:\/\/allin1bitcoins.com\/es\/crypto\/pancake-games\/credit-card\/#breadcrumb","itemListElement":[{"@type":"ListItem","position":1,"name":"Home","item":"https:\/\/allin1bitcoins.com\/es\/"},{"@type":"ListItem","position":2,"name":"Cripto","item":"https:\/\/allin1bitcoins.com\/es\/crypto\/"},{"@type":"ListItem","position":3,"name":"C\u00f3mo Comprar Pancake Games Coin (GCAKE) &#8211; Gu\u00eda Paso A Paso","item":"https:\/\/allin1bitcoins.com\/es\/crypto\/pancake-games\/"},{"@type":"ListItem","position":4,"name":"C\u00f3mo Comprar Pancake Games Coin (GCAKE) Con Tarjeta De Cr\u00e9dito"}]},{"@type":"WebSite","@id":"https:\/\/allin1bitcoins.com\/es\/#website","url":"https:\/\/allin1bitcoins.com\/es\/","name":"Allin1Bitcoins","description":"","publisher":{"@id":"https:\/\/allin1bitcoins.com\/es\/#organization"},"potentialAction":[{"@type":"SearchAction","target":{"@type":"EntryPoint","urlTemplate":"https:\/\/allin1bitcoins.com\/es\/?s={search_term_string}"},"query-input":"required name=search_term_string"}],"inLanguage":"es"},{"@type":"Organization","@id":"https:\/\/allin1bitcoins.com\/es\/#organization","name":"allin1bitcoins","url":"https:\/\/allin1bitcoins.com\/es\/","logo":{"@type":"ImageObject","inLanguage":"es","@id":"https:\/\/allin1bitcoins.com\/es\/#\/schema\/logo\/image\/","url":"https:\/\/allin1bitcoins.com\/wp-content\/uploads\/2019\/01\/logo-new.png","contentUrl":"https:\/\/allin1bitcoins.com\/wp-content\/uploads\/2019\/01\/logo-new.png","width":178,"height":71,"caption":"allin1bitcoins"},"image":{"@id":"https:\/\/allin1bitcoins.com\/es\/#\/schema\/logo\/image\/"}}]}},"_links":{"self":[{"href":"https:\/\/allin1bitcoins.com\/es\/wp-json\/wp\/v2\/pages\/21737"}],"collection":[{"href":"https:\/\/allin1bitcoins.com\/es\/wp-json\/wp\/v2\/pages"}],"about":[{"href":"https:\/\/allin1bitcoins.com\/es\/wp-json\/wp\/v2\/types\/page"}],"author":[{"embeddable":true,"href":"https:\/\/allin1bitcoins.com\/es\/wp-json\/wp\/v2\/users\/5"}],"replies":[{"embeddable":true,"href":"https:\/\/allin1bitcoins.com\/es\/wp-json\/wp\/v2\/comments?post=21737"}],"version-history":[{"count":1,"href":"https:\/\/allin1bitcoins.com\/es\/wp-json\/wp\/v2\/pages\/21737\/revisions"}],"predecessor-version":[{"id":21739,"href":"https:\/\/allin1bitcoins.com\/es\/wp-json\/wp\/v2\/pages\/21737\/revisions\/21739"}],"up":[{"embeddable":true,"href":"https:\/\/allin1bitcoins.com\/es\/wp-json\/wp\/v2\/pages\/21691"}],"wp:featuredmedia":[{"embeddable":true,"href":"https:\/\/allin1bitcoins.com\/es\/wp-json\/wp\/v2\/media\/16988"}],"wp:attachment":[{"href":"https:\/\/allin1bitcoins.com\/es\/wp-json\/wp\/v2\/media?parent=21737"}],"curies":[{"name":"wp","href":"https:\/\/api.w.org\/{rel}","templated":true}]}}