{"id":21748,"date":"2023-02-19T09:54:01","date_gmt":"2023-02-19T09:54:01","guid":{"rendered":"https:\/\/allin1bitcoins.com\/?page_id=21748"},"modified":"2023-02-19T09:55:14","modified_gmt":"2023-02-19T09:55:14","slug":"samoyedcoin","status":"publish","type":"page","link":"https:\/\/allin1bitcoins.com\/es\/crypto\/samoyedcoin\/","title":{"rendered":"C\u00f3mo Comprar Samoyedcoin (SAMO) &#8211; Gu\u00eda Paso A Paso 2023"},"content":{"rendered":"\n<h2 class=\"wp-block-heading\">Compra de Samoyedcoin: Una breve descripci\u00f3n<\/h2>\n\n\n\n<p>Para comprar Samoyedcoin, debes ubicar un corredor o intercambio de criptomonedas que te permita hacerlo con un m\u00e9todo de pago compatible. Luego, puedes buscar el par de trading de Samoyedcoin y realizar un pedido para comprar despu\u00e9s de crear una cuenta, confirmar tu identidad y depositar fondos. Dependiendo del intercambio o corredor que selecciones, el procedimiento preciso puede diferir, pero la mayor\u00eda sigue un conjunto similar de procedimientos.<\/p>\n\n\n\n<h2 class=\"wp-block-heading\">Introducci\u00f3n a Samoyedcoin<\/h2>\n\n\n\n<p>Samoyedcoin es una moneda digital que utiliza cifrado para proteger las transacciones financieras, limitar la creaci\u00f3n de nuevas unidades y confirmar la transferencia de activos. Est\u00e1 destinada a funcionar como un medio de intercambio. Es descentralizada ya que ning\u00fan banco, gobierno u otra organizaci\u00f3n central tiene control sobre ella. En su lugar, utiliza una red de computadoras para verificar transacciones y agregarlas a la cadena de bloques, un registro p\u00fablico y descentralizado.<\/p>\n\n\n\n<h2 class=\"wp-block-heading\">Resumen del proceso de compra de Samoyedcoin<\/h2>\n\n\n\n<p><strong>Los siguientes procedimientos se pueden utilizar para desglosar la compra de Samoyedcoin:<\/strong><\/p>\n\n\n\n<ol><li>Busca un corredor o intercambio que te permita comprar Samoyedcoin con un m\u00e9todo de pago compatible. Coinbase, Binance y Bitpanda son algunas opciones populares.<br><br><\/li><li>Abre un perfil en el corredor o intercambio. Por lo general, esto implica suministrar tu nombre, direcci\u00f3n de correo electr\u00f3nico y contrase\u00f1a. Tambi\u00e9n se te puede requerir subir una copia de tu identificaci\u00f3n emitida por el gobierno para demostrar tu identidad.<br><br><\/li><li>Agregar dinero a tu cuenta es tan simple como utilizar un m\u00e9todo de pago compatible. Por lo general, puedes depositar dinero a trav\u00e9s de transferencia bancaria, tarjeta de d\u00e9bito, tarjeta de cr\u00e9dito u otro m\u00e9todo de pago en intercambios y corredores. Las opciones de pago se enumeran en el sitio web del intercambio o corredor.<br><br><\/li><li>Ubica el par de trading de Samoyedcoin. Puedes comenzar a buscar el par de trading de Samoyedcoin en el intercambio o corredor una vez que se hayan depositado tus fondos. Este es el precio al que se puede comprar Samoyedcoin utilizando otra criptomoneda o moneda fiduciaria, como d\u00f3lares estadounidenses.<br><br><\/li><li>Coloca una orden de compra para Samoyedcoin utilizando el m\u00e9todo de pago de tu elecci\u00f3n. Debes utilizar la interfaz de trading del intercambio o corredor para realizar un pedido de compra de Samoyedcoin. Puedes establecer una orden l\u00edmite, que solo ejecutar\u00e1 el intercambio si el precio alcanza un nivel espec\u00edfico, o una orden de mercado, que ejecutar\u00e1 el trato al precio actual del mercado. Aseg\u00farate de elegir la fuente de fondos como tu opci\u00f3n de pago preferida.<br><br><\/li><li>Mant\u00e9n un ojo en tu orden mientras se ejecuta. Tu orden se registrar\u00e1 en el libro de \u00f3rdenes del intercambio o del corredor despu\u00e9s de haber sido colocada. Una orden de mercado se llevar\u00e1 a cabo casi instant\u00e1neamente al precio actual del mercado. Una orden l\u00edmite no se llevar\u00e1 a cabo a menos que el precio alcance el nivel que estableciste, si lo hiciste. Utilizando la interfaz de negociaci\u00f3n del intercambio o corredor o un sitio web de seguimiento de precios de terceros, puedes estar al tanto del progreso de tu orden y el precio de Samoyedcoin.<br><br><\/li><li>Saca tu Samoyedcoin y col\u00f3calo en una billetera segura. Debes retirar tu Samoyedcoin a una billetera segura una vez que se haya cumplido tu orden y el dinero se haya a\u00f1adido a tu cuenta. Esto es crucial porque quieres asegurarte de que tus monedas est\u00e9n seguras, ya que los corredores y los intercambios de criptomonedas son susceptibles a hackeos y otros riesgos de seguridad. Las billeteras en l\u00ednea, las billeteras de escritorio y las billeteras de hardware son solo algunos de los varios tipos de billeteras que se ofrecen. Para mover tu Samoyedcoin del intercambio o corredor a la billetera, elige una billetera que se adapte a tus necesidades y luego sigue las instrucciones.<\/li><\/ol>\n\n\n\n<figure class=\"wp-block-embed is-type-video is-provider-youtube wp-block-embed-youtube wp-embed-aspect-16-9 wp-has-aspect-ratio\"><div class=\"wp-block-embed__wrapper\">\n<iframe title=\"Samoyedcoin - Hidden 100x Gem (explained)\" width=\"800\" height=\"450\" src=\"https:\/\/www.youtube.com\/embed\/E85aRfcPXB8?feature=oembed\" frameborder=\"0\" allow=\"accelerometer; autoplay; clipboard-write; encrypted-media; gyroscope; picture-in-picture; web-share\" allowfullscreen><\/iframe>\n<\/div><\/figure>\n\n\n\n<h2 class=\"wp-block-heading\">Ventajas de comprar Samoyedcoin<\/h2>\n\n\n\n<p><strong>Comprar Samoyedcoin tiene varias ventajas, incluyendo:<\/strong><\/p>\n\n\n\n<ul><li><strong>Posibilidad de crecimiento de precios: <\/strong>Samoyedcoin, como otras criptomonedas, es bastante vol\u00e1til y su valor puede cambiar dr\u00e1sticamente en poco tiempo. Esto indica que hay una oportunidad para la apreciaci\u00f3n del precio si compras Samoyedcoin con descuento y luego lo vendes por una suma mayor. Es importante recordar que invertir en criptomonedas conlleva riesgos inherentes y que existe la posibilidad de depreciaci\u00f3n de precios.<br><br><\/li><li><strong>Naturaleza descentralizada:<\/strong> Dado que Samoyedcoin es descentralizado, ning\u00fan gobierno, banco u otra autoridad central tiene influencia sobre \u00e9l. Como resultado, no tiene que seguir las mismas reglas y directrices que los sistemas financieros convencionales, lo que puede proporcionar m\u00e1s libertad y flexibilidad.<br><br><\/li><li><strong>Seguridad: <\/strong>Para proteger tu informaci\u00f3n financiera y reducir el riesgo de fraude, las criptomonedas utilizan caracter\u00edsticas de seguridad de vanguardia como la criptograf\u00eda y la tecnolog\u00eda de libro de contabilidad distribuida.<\/li><\/ul>\n\n\n\n<h2 class=\"wp-block-heading\">Conclusi\u00f3n<\/h2>\n\n\n\n<p>Encontrar un intercambio o corredor de criptomonedas que acepte un m\u00e9todo de pago compatible, abrir una cuenta, financiarla con fondos y enviar una orden de compra son los \u00fanicos pasos necesarios para comprar Samoyedcoin. Si bien la compra de Samoyedcoin tiene numerosas ventajas, incluyendo la posibilidad de crecimiento de precios y seguridad, es importante ser consciente de los riesgos asociados con la inversi\u00f3n en criptomonedas. Antes de determinar si la compra de Samoyedcoin es la mejor opci\u00f3n para ti, aseg\u00farate de considerar cuidadosamente las ventajas y desventajas.<\/p>\n\n\n\n<!-- Page-list plugin v.5.9 wordpress.org\/plugins\/page-list\/ -->\n<ul class=\"page-list subpages-page-list \">\n<li class=\"page_item page-item-21826\"><a href=\"https:\/\/allin1bitcoins.com\/es\/crypto\/samoyedcoin\/paypal\/\">C\u00f3mo Comprar Samoyedcoin (SAMO) Con PayPal<\/a><\/li>\n<li class=\"page_item page-item-21786\"><a href=\"https:\/\/allin1bitcoins.com\/es\/crypto\/samoyedcoin\/paysafecard\/\">C\u00f3mo Comprar Samoyedcoin (SAMO) Con Paysafecard<\/a><\/li>\n<li class=\"page_item page-item-21812\"><a href=\"https:\/\/allin1bitcoins.com\/es\/crypto\/samoyedcoin\/credit-card\/\">C\u00f3mo Comprar Samoyedcoin (SAMO) Con Tarjeta De Cr\u00e9dito<\/a><\/li>\n<li class=\"page_item page-item-21849\"><a href=\"https:\/\/allin1bitcoins.com\/es\/crypto\/samoyedcoin\/debit-card\/\">C\u00f3mo Comprar Samoyedcoin (SAMO) Con Tarjeta De D\u00e9bito<\/a><\/li>\n<li class=\"page_item page-item-21792\"><a href=\"https:\/\/allin1bitcoins.com\/es\/crypto\/samoyedcoin\/australia\/\">C\u00f3mo Comprar Samoyedcoin (SAMO) En Australia<\/a><\/li>\n<li class=\"page_item page-item-21802\"><a href=\"https:\/\/allin1bitcoins.com\/es\/crypto\/samoyedcoin\/canada\/\">C\u00f3mo Comprar Samoyedcoin (SAMO) En Canad\u00e1<\/a><\/li>\n<li class=\"page_item page-item-21765\"><a href=\"https:\/\/allin1bitcoins.com\/es\/crypto\/samoyedcoin\/united-kingdom\/\">C\u00f3mo Comprar Samoyedcoin (SAMO) En El Reino Unido<\/a><\/li>\n<li class=\"page_item page-item-21776\"><a href=\"https:\/\/allin1bitcoins.com\/es\/crypto\/samoyedcoin\/united-states\/\">C\u00f3mo Comprar Samoyedcoin (SAMO) En Los Estados Unidos<\/a><\/li>\n\n<\/ul>\n","protected":false},"excerpt":{"rendered":"<p>Compra de Samoyedcoin: Una breve descripci\u00f3n Para comprar Samoyedcoin, debes ubicar un corredor o intercambio de criptomonedas que te permita hacerlo con un m\u00e9todo de pago compatible. Luego, puedes buscar el par de trading de Samoyedcoin y realizar un pedido para comprar despu\u00e9s de crear una cuenta, confirmar tu identidad y depositar fondos. Dependiendo del&#8230;<\/p>\n","protected":false},"author":5,"featured_media":15209,"parent":18924,"menu_order":0,"comment_status":"closed","ping_status":"closed","template":"","meta":{"cybocfi_hide_featured_image":"","footnotes":""},"acf":[],"yoast_head":"<!-- This site is optimized with the Yoast SEO plugin v21.7 - https:\/\/yoast.com\/wordpress\/plugins\/seo\/ -->\n<title>C\u00f3mo Comprar Samoyedcoin (SAMO) - Gu\u00eda Paso A Paso<\/title>\n<meta name=\"description\" content=\"Para comprar Samoyedcoin, debes encontrar un corredor o una bolsa de intercambio que te permita hacerlo con un m\u00e9todo de pago admitido.\" \/>\n<meta name=\"robots\" content=\"index, follow, max-snippet:-1, max-image-preview:large, max-video-preview:-1\" \/>\n<link rel=\"canonical\" href=\"https:\/\/allin1bitcoins.com\/es\/crypto\/samoyedcoin\/\" \/>\n<meta property=\"og:locale\" content=\"es_ES\" \/>\n<meta property=\"og:type\" content=\"article\" \/>\n<meta property=\"og:title\" content=\"C\u00f3mo Comprar Samoyedcoin (SAMO) - Gu\u00eda Paso A Paso\" \/>\n<meta property=\"og:description\" content=\"Para comprar Samoyedcoin, debes encontrar un corredor o una bolsa de intercambio que te permita hacerlo con un m\u00e9todo de pago admitido.\" \/>\n<meta property=\"og:url\" content=\"https:\/\/allin1bitcoins.com\/es\/crypto\/samoyedcoin\/\" \/>\n<meta property=\"og:site_name\" content=\"Allin1Bitcoins\" \/>\n<meta property=\"article:modified_time\" content=\"2023-02-19T09:55:14+00:00\" \/>\n<meta property=\"og:image\" content=\"https:\/\/allin1bitcoins.com\/wp-content\/uploads\/2023\/01\/pexels-anna-nekrashevich-6801869.jpg\" \/>\n\t<meta property=\"og:image:width\" content=\"640\" \/>\n\t<meta property=\"og:image:height\" content=\"1138\" \/>\n\t<meta property=\"og:image:type\" content=\"image\/jpeg\" \/>\n<meta name=\"twitter:card\" content=\"summary_large_image\" \/>\n<meta name=\"twitter:label1\" content=\"Est. reading time\" \/>\n\t<meta name=\"twitter:data1\" content=\"4 minutes\" \/>\n<!-- \/ Yoast SEO plugin. -->","yoast_head_json":{"title":"C\u00f3mo Comprar Samoyedcoin (SAMO) - Gu\u00eda Paso A Paso","description":"Para comprar Samoyedcoin, debes encontrar un corredor o una bolsa de intercambio que te permita hacerlo con un m\u00e9todo de pago admitido.","robots":{"index":"index","follow":"follow","max-snippet":"max-snippet:-1","max-image-preview":"max-image-preview:large","max-video-preview":"max-video-preview:-1"},"canonical":"https:\/\/allin1bitcoins.com\/es\/crypto\/samoyedcoin\/","og_locale":"es_ES","og_type":"article","og_title":"C\u00f3mo Comprar Samoyedcoin (SAMO) - Gu\u00eda Paso A Paso","og_description":"Para comprar Samoyedcoin, debes encontrar un corredor o una bolsa de intercambio que te permita hacerlo con un m\u00e9todo de pago admitido.","og_url":"https:\/\/allin1bitcoins.com\/es\/crypto\/samoyedcoin\/","og_site_name":"Allin1Bitcoins","article_modified_time":"2023-02-19T09:55:14+00:00","og_image":[{"width":640,"height":1138,"url":"https:\/\/allin1bitcoins.com\/wp-content\/uploads\/2023\/01\/pexels-anna-nekrashevich-6801869.jpg","type":"image\/jpeg"}],"twitter_card":"summary_large_image","twitter_misc":{"Est. reading time":"4 minutes"},"schema":{"@context":"https:\/\/schema.org","@graph":[{"@type":"WebPage","@id":"https:\/\/allin1bitcoins.com\/es\/crypto\/samoyedcoin\/","url":"https:\/\/allin1bitcoins.com\/es\/crypto\/samoyedcoin\/","name":"C\u00f3mo Comprar Samoyedcoin (SAMO) - Gu\u00eda Paso A Paso","isPartOf":{"@id":"https:\/\/allin1bitcoins.com\/es\/#website"},"datePublished":"2023-02-19T09:54:01+00:00","dateModified":"2023-02-19T09:55:14+00:00","description":"Para comprar Samoyedcoin, debes encontrar un corredor o una bolsa de intercambio que te permita hacerlo con un m\u00e9todo de pago admitido.","breadcrumb":{"@id":"https:\/\/allin1bitcoins.com\/es\/crypto\/samoyedcoin\/#breadcrumb"},"inLanguage":"es","potentialAction":[{"@type":"ReadAction","target":["https:\/\/allin1bitcoins.com\/es\/crypto\/samoyedcoin\/"]}]},{"@type":"BreadcrumbList","@id":"https:\/\/allin1bitcoins.com\/es\/crypto\/samoyedcoin\/#breadcrumb","itemListElement":[{"@type":"ListItem","position":1,"name":"Home","item":"https:\/\/allin1bitcoins.com\/es\/"},{"@type":"ListItem","position":2,"name":"Cripto","item":"https:\/\/allin1bitcoins.com\/es\/crypto\/"},{"@type":"ListItem","position":3,"name":"C\u00f3mo Comprar Samoyedcoin (SAMO) &#8211; Gu\u00eda Paso A Paso 2023"}]},{"@type":"WebSite","@id":"https:\/\/allin1bitcoins.com\/es\/#website","url":"https:\/\/allin1bitcoins.com\/es\/","name":"Allin1Bitcoins","description":"","publisher":{"@id":"https:\/\/allin1bitcoins.com\/es\/#organization"},"potentialAction":[{"@type":"SearchAction","target":{"@type":"EntryPoint","urlTemplate":"https:\/\/allin1bitcoins.com\/es\/?s={search_term_string}"},"query-input":"required name=search_term_string"}],"inLanguage":"es"},{"@type":"Organization","@id":"https:\/\/allin1bitcoins.com\/es\/#organization","name":"allin1bitcoins","url":"https:\/\/allin1bitcoins.com\/es\/","logo":{"@type":"ImageObject","inLanguage":"es","@id":"https:\/\/allin1bitcoins.com\/es\/#\/schema\/logo\/image\/","url":"https:\/\/allin1bitcoins.com\/wp-content\/uploads\/2019\/01\/logo-new.png","contentUrl":"https:\/\/allin1bitcoins.com\/wp-content\/uploads\/2019\/01\/logo-new.png","width":178,"height":71,"caption":"allin1bitcoins"},"image":{"@id":"https:\/\/allin1bitcoins.com\/es\/#\/schema\/logo\/image\/"}}]}},"_links":{"self":[{"href":"https:\/\/allin1bitcoins.com\/es\/wp-json\/wp\/v2\/pages\/21748"}],"collection":[{"href":"https:\/\/allin1bitcoins.com\/es\/wp-json\/wp\/v2\/pages"}],"about":[{"href":"https:\/\/allin1bitcoins.com\/es\/wp-json\/wp\/v2\/types\/page"}],"author":[{"embeddable":true,"href":"https:\/\/allin1bitcoins.com\/es\/wp-json\/wp\/v2\/users\/5"}],"replies":[{"embeddable":true,"href":"https:\/\/allin1bitcoins.com\/es\/wp-json\/wp\/v2\/comments?post=21748"}],"version-history":[{"count":5,"href":"https:\/\/allin1bitcoins.com\/es\/wp-json\/wp\/v2\/pages\/21748\/revisions"}],"predecessor-version":[{"id":21760,"href":"https:\/\/allin1bitcoins.com\/es\/wp-json\/wp\/v2\/pages\/21748\/revisions\/21760"}],"up":[{"embeddable":true,"href":"https:\/\/allin1bitcoins.com\/es\/wp-json\/wp\/v2\/pages\/18924"}],"wp:featuredmedia":[{"embeddable":true,"href":"https:\/\/allin1bitcoins.com\/es\/wp-json\/wp\/v2\/media\/15209"}],"wp:attachment":[{"href":"https:\/\/allin1bitcoins.com\/es\/wp-json\/wp\/v2\/media?parent=21748"}],"curies":[{"name":"wp","href":"https:\/\/api.w.org\/{rel}","templated":true}]}}