{"id":21776,"date":"2023-02-19T11:10:53","date_gmt":"2023-02-19T11:10:53","guid":{"rendered":"https:\/\/allin1bitcoins.com\/?page_id=21776"},"modified":"2023-02-19T11:10:56","modified_gmt":"2023-02-19T11:10:56","slug":"united-states","status":"publish","type":"page","link":"https:\/\/allin1bitcoins.com\/es\/crypto\/samoyedcoin\/united-states\/","title":{"rendered":"C\u00f3mo Comprar Samoyedcoin (SAMO) En Los Estados Unidos"},"content":{"rendered":"\n<h2 class=\"wp-block-heading\">C\u00f3mo comprar Samoyedcoin en Estados Unidos &#8211; Respuesta breve<\/h2>\n\n\n\n<p>Para comprar Samoyedcoin en Estados Unidos, necesitar\u00e1s encontrar un exchange o broker de criptomonedas que te permita comprar Samoyedcoin utilizando un m\u00e9todo de pago admitido, como una transferencia bancaria o una tarjeta de d\u00e9bito. Despu\u00e9s de crear una cuenta, verificar tu identidad y depositar fondos, podr\u00e1s buscar el par de trading de Samoyedcoin y hacer una orden de compra. El proceso espec\u00edfico variar\u00e1 seg\u00fan el exchange o broker que elijas, pero la mayor\u00eda sigue un conjunto similar de pasos.<\/p>\n\n\n\n<h2 class=\"wp-block-heading\">Descripci\u00f3n de Samoyedcoin<\/h2>\n\n\n\n<p>Samoyedcoin es un activo digital dise\u00f1ado para funcionar como medio de intercambio utilizando criptograf\u00eda para asegurar transacciones financieras, controlar la creaci\u00f3n de unidades adicionales y verificar la transferencia de activos. Es descentralizado, lo que significa que no est\u00e1 controlado por ning\u00fan gobierno, banco u otra autoridad central. En su lugar, se basa en una red de computadoras para validar transacciones y agregarlas a un registro p\u00fablico y descentralizado llamado blockchain.<\/p>\n\n\n\n<h2 class=\"wp-block-heading\">Beneficios de comprar Samoyedcoin<\/h2>\n\n\n\n<p><strong>Existen varios beneficios al comprar Samoyedcoin, incluyendo:<\/strong><\/p>\n\n\n\n<ul><li><strong>Potencial de apreciaci\u00f3n de precio:<\/strong> Samoyedcoin, como otras criptomonedas, es altamente vol\u00e1til y el precio puede fluctuar significativamente en per\u00edodos cortos de tiempo. Esto significa que existe el potencial de apreciaci\u00f3n de precio si compras Samoyedcoin a un precio bajo y lo vendes a un precio m\u00e1s alto m\u00e1s tarde. Sin embargo, es importante tener en cuenta que tambi\u00e9n existe el potencial de depreciaci\u00f3n de precio, e invertir en criptomonedas conlleva riesgos inherentes.<br><br><\/li><li><strong>Naturaleza descentralizada:<\/strong> Como Samoyedcoin es descentralizado, no est\u00e1 controlado por ning\u00fan gobierno, banco u otra autoridad central. Esto significa que no est\u00e1 sujeto a las mismas regulaciones y pol\u00edticas que los sistemas financieros tradicionales, lo que puede ofrecer una mayor libertad y flexibilidad.<br><br><\/li><li><strong>Seguridad: <\/strong>Las criptomonedas utilizan caracter\u00edsticas de seguridad avanzadas, como criptograf\u00eda y tecnolog\u00eda de registro descentralizado, para proteger tu informaci\u00f3n financiera y reducir el riesgo de fraude.<\/li><\/ul>\n\n\n\n<figure class=\"wp-block-embed is-type-video is-provider-youtube wp-block-embed-youtube wp-embed-aspect-16-9 wp-has-aspect-ratio\"><div class=\"wp-block-embed__wrapper\">\n<iframe title=\"What is Samoyedcoin? Samoyedcoin for Absolute Beginners\" width=\"800\" height=\"450\" src=\"https:\/\/www.youtube.com\/embed\/OfA2eTLcMRo?feature=oembed\" frameborder=\"0\" allow=\"accelerometer; autoplay; clipboard-write; encrypted-media; gyroscope; picture-in-picture; web-share\" allowfullscreen><\/iframe>\n<\/div><\/figure>\n\n\n\n<h2 class=\"wp-block-heading\">El proceso de comprar Samoyedcoin en los <\/h2>\n\n\n\n<p><strong>Estados Unidos se puede desglosar en los siguientes pasos:<\/strong><\/p>\n\n\n\n<ol><li>Encuentra un intercambio o corredor de criptomonedas que te permita comprar Samoyedcoin utilizando un m\u00e9todo de pago admitido. Algunas opciones populares incluyen Coinbase, Binance y Bitpanda. Aseg\u00farate de verificar que el intercambio o corredor acepte clientes de los Estados Unidos y admita un m\u00e9todo de pago que te resulte c\u00f3modo.<br><br><\/li><li>Crea una cuenta en el intercambio o corredor. Esto normalmente implicar\u00e1 proporcionar tu nombre, direcci\u00f3n de correo electr\u00f3nico y crear una contrase\u00f1a. Es posible que tambi\u00e9n debas verificar tu identidad subiendo una copia de tu identificaci\u00f3n emitida por el gobierno.<br><br><\/li><li>Deposita fondos en tu cuenta utilizando un m\u00e9todo de pago admitido. La mayor\u00eda de los intercambios y corredores te permitir\u00e1n depositar fondos mediante transferencia bancaria, tarjeta de d\u00e9bito, tarjeta de cr\u00e9dito u otro m\u00e9todo de pago. Consulta el sitio web del intercambio o corredor para ver qu\u00e9 m\u00e9todos de pago est\u00e1n disponibles y sigue las instrucciones para realizar un dep\u00f3sito.<br><br><\/li><li>Encuentra el par de intercambio de Samoyedcoin. Una vez que se hayan depositado tus fondos, puedes comenzar a buscar el par de intercambio de Samoyedcoin en el intercambio o corredor. Este es el tipo de cambio al que puedes comprar Samoyedcoin utilizando una criptomoneda o moneda fiduciaria diferente, como los d\u00f3lares estadounidenses.<br><br><\/li><li>Coloca una orden para comprar Samoyedcoin utilizando tu m\u00e9todo de pago elegido. Para comprar Samoyedcoin, deber\u00e1s utilizar la interfaz de negociaci\u00f3n del intercambio o corredor para colocar una orden. Puedes colocar una orden de mercado, que ejecutar\u00e1 el intercambio al precio de mercado actual, o una orden l\u00edmite, que solo ejecutar\u00e1 el intercambio si el precio alcanza un cierto nivel. Aseg\u00farate de seleccionar tu m\u00e9todo de pago elegido como fuente de fondos.<br><br><\/li><li>Monitorea tu orden y espera a que se ejecute. Una vez que hayas realizado tu pedido, se agregar\u00e1 al libro de pedidos del intercambio o corredor. Si colocaste una orden de mercado, se ejecutar\u00e1 casi de inmediato al precio de mercado actual. Si colocaste una orden l\u00edmite, solo se ejecutar\u00e1 si el precio alcanza el nivel que especificaste. Puedes monitorear el estado de tu orden y el precio de Samoyedcoin utilizando la interfaz de negociaci\u00f3n del intercambio o corredor o un sitio web de seguimiento de precios de terceros.<br><br><\/li><li>Retira tus Samoyedcoin a una billetera segura. Una vez que se haya ejecutado tu pedido y los fondos se hayan acreditado en tu cuenta, tendr\u00e1s que retirar tus Samoyedcoin a una billetera segura. Esto es importante porque los intercambios y corredores de criptomonedas son vulnerables a los hacks y otras amenazas de seguridad, y querr\u00e1s asegurarte de que tus monedas est\u00e9n a salvo. Hay muchos tipos diferentes de billeteras disponibles, incluyendo billeteras en l\u00ednea, billeteras de escritorio y billeteras de hardware. Elige una billetera que sea adecuada para tus necesidades y sigue las instrucciones para transferir tus Samoyedcoin desde el intercambio o corredor a la billetera.<\/li><\/ol>\n\n\n\n<h2 class=\"wp-block-heading\">Impuestos sobre la compra de Samoyedcoin en Estados Unidos<\/h2>\n\n\n\n<p>En Estados Unidos, el Servicio de Impuestos Internos (IRS) ha emitido orientaci\u00f3n que establece que las transacciones de criptomonedas son gravables por ley. Esto significa que estar\u00e1s obligado a pagar impuestos sobre cualquier ganancia que obtengas al comprar y vender Samoyedcoin. Las implicaciones fiscales espec\u00edficas depender\u00e1n de si se te clasifica como &#8220;distribuidor&#8221; o &#8220;inversor&#8221; y de la duraci\u00f3n de tu per\u00edodo de retenci\u00f3n. Si compras Samoyedcoin como inversi\u00f3n y lo mantienes durante m\u00e1s de un a\u00f1o, estar\u00e1s sujeto al impuesto sobre ganancias de capital en cualquier ganancia que obtengas. Si lo mantienes durante menos de un a\u00f1o, estar\u00e1s sujeto a las tasas impositivas ordinarias. Si se te clasifica como distribuidor, estar\u00e1s obligado a pagar impuestos sobre tus ganancias netas de la compra y venta de Samoyedcoin como ingreso ordinario. Es importante consultar con un profesional de impuestos para comprender tus obligaciones fiscales espec\u00edficas al comprar y vender Samoyedcoin.<\/p>\n\n\n\n<h2 class=\"wp-block-heading\">Conclusi\u00f3n<\/h2>\n\n\n\n<p>Comprar Samoyedcoin en Estados Unidos es un proceso relativamente simple que implica encontrar un intercambio o corredor de criptomonedas que acepte clientes de Estados Unidos y te permita comprar Samoyedcoin utilizando un m\u00e9todo de pago compatible, crear una cuenta, depositar fondos y realizar un pedido para comprar. Si bien hay muchos beneficios al comprar Samoyedcoin, como el potencial de apreciaci\u00f3n del precio y la seguridad, es importante ser consciente de los riesgos y las implicaciones fiscales. Aseg\u00farate de hacer tu debida diligencia e investigar el intercambio o corredor que est\u00e1s considerando usar, y consulta con un asesor financiero o un profesional de impuestos antes de tomar cualquier decisi\u00f3n de inversi\u00f3n.<\/p>\n\n\n\n<!-- Page-list plugin v.5.9 wordpress.org\/plugins\/page-list\/ -->\n<ul class=\"page-list siblings-page-list \">\n<li class=\"page_item page-item-21826\"><a href=\"https:\/\/allin1bitcoins.com\/es\/crypto\/samoyedcoin\/paypal\/\">C\u00f3mo Comprar Samoyedcoin (SAMO) Con PayPal<\/a><\/li>\n<li class=\"page_item page-item-21786\"><a href=\"https:\/\/allin1bitcoins.com\/es\/crypto\/samoyedcoin\/paysafecard\/\">C\u00f3mo Comprar Samoyedcoin (SAMO) Con Paysafecard<\/a><\/li>\n<li class=\"page_item page-item-21812\"><a href=\"https:\/\/allin1bitcoins.com\/es\/crypto\/samoyedcoin\/credit-card\/\">C\u00f3mo Comprar Samoyedcoin (SAMO) Con Tarjeta De Cr\u00e9dito<\/a><\/li>\n<li class=\"page_item page-item-21849\"><a href=\"https:\/\/allin1bitcoins.com\/es\/crypto\/samoyedcoin\/debit-card\/\">C\u00f3mo Comprar Samoyedcoin (SAMO) Con Tarjeta De D\u00e9bito<\/a><\/li>\n<li class=\"page_item page-item-21792\"><a href=\"https:\/\/allin1bitcoins.com\/es\/crypto\/samoyedcoin\/australia\/\">C\u00f3mo Comprar Samoyedcoin (SAMO) En Australia<\/a><\/li>\n<li class=\"page_item page-item-21802\"><a href=\"https:\/\/allin1bitcoins.com\/es\/crypto\/samoyedcoin\/canada\/\">C\u00f3mo Comprar Samoyedcoin (SAMO) En Canad\u00e1<\/a><\/li>\n<li class=\"page_item page-item-21765\"><a href=\"https:\/\/allin1bitcoins.com\/es\/crypto\/samoyedcoin\/united-kingdom\/\">C\u00f3mo Comprar Samoyedcoin (SAMO) En El Reino Unido<\/a><\/li>\n<li class=\"page_item page-item-21776\"><a href=\"https:\/\/allin1bitcoins.com\/es\/crypto\/samoyedcoin\/united-states\/\">C\u00f3mo Comprar Samoyedcoin (SAMO) En Los Estados Unidos<\/a><\/li>\n\n<\/ul>\n","protected":false},"excerpt":{"rendered":"<p>C\u00f3mo comprar Samoyedcoin en Estados Unidos &#8211; Respuesta breve Para comprar Samoyedcoin en Estados Unidos, necesitar\u00e1s encontrar un exchange o broker de criptomonedas que te permita comprar Samoyedcoin utilizando un m\u00e9todo de pago admitido, como una transferencia bancaria o una tarjeta de d\u00e9bito. Despu\u00e9s de crear una cuenta, verificar tu identidad y depositar fondos, podr\u00e1s&#8230;<\/p>\n","protected":false},"author":5,"featured_media":15232,"parent":21748,"menu_order":0,"comment_status":"closed","ping_status":"closed","template":"","meta":{"cybocfi_hide_featured_image":"","footnotes":""},"acf":[],"yoast_head":"<!-- This site is optimized with the Yoast SEO plugin v21.7 - https:\/\/yoast.com\/wordpress\/plugins\/seo\/ -->\n<title>C\u00f3mo Comprar Samoyedcoin (SAMO) En Los Estados Unidos<\/title>\n<meta name=\"description\" content=\"Encontrar un intercambio o corredor de criptomonedas que acepte compradores de los Estados Unidos y le permita comprar Samoyedcoin.\" \/>\n<meta name=\"robots\" content=\"index, follow, max-snippet:-1, max-image-preview:large, max-video-preview:-1\" \/>\n<link rel=\"canonical\" href=\"https:\/\/allin1bitcoins.com\/es\/crypto\/samoyedcoin\/united-states\/\" \/>\n<meta property=\"og:locale\" content=\"es_ES\" \/>\n<meta property=\"og:type\" content=\"article\" \/>\n<meta property=\"og:title\" content=\"C\u00f3mo Comprar Samoyedcoin (SAMO) En Los Estados Unidos\" \/>\n<meta property=\"og:description\" content=\"Encontrar un intercambio o corredor de criptomonedas que acepte compradores de los Estados Unidos y le permita comprar Samoyedcoin.\" \/>\n<meta property=\"og:url\" content=\"https:\/\/allin1bitcoins.com\/es\/crypto\/samoyedcoin\/united-states\/\" \/>\n<meta property=\"og:site_name\" content=\"Allin1Bitcoins\" \/>\n<meta property=\"article:modified_time\" content=\"2023-02-19T11:10:56+00:00\" \/>\n<meta property=\"og:image\" content=\"https:\/\/allin1bitcoins.com\/wp-content\/uploads\/2023\/01\/Untitled-design1.png\" \/>\n\t<meta property=\"og:image:width\" content=\"940\" \/>\n\t<meta property=\"og:image:height\" content=\"788\" \/>\n\t<meta property=\"og:image:type\" content=\"image\/png\" \/>\n<meta name=\"twitter:card\" content=\"summary_large_image\" \/>\n<meta name=\"twitter:label1\" content=\"Est. reading time\" \/>\n\t<meta name=\"twitter:data1\" content=\"5 minutes\" \/>\n<!-- \/ Yoast SEO plugin. -->","yoast_head_json":{"title":"C\u00f3mo Comprar Samoyedcoin (SAMO) En Los Estados Unidos","description":"Encontrar un intercambio o corredor de criptomonedas que acepte compradores de los Estados Unidos y le permita comprar Samoyedcoin.","robots":{"index":"index","follow":"follow","max-snippet":"max-snippet:-1","max-image-preview":"max-image-preview:large","max-video-preview":"max-video-preview:-1"},"canonical":"https:\/\/allin1bitcoins.com\/es\/crypto\/samoyedcoin\/united-states\/","og_locale":"es_ES","og_type":"article","og_title":"C\u00f3mo Comprar Samoyedcoin (SAMO) En Los Estados Unidos","og_description":"Encontrar un intercambio o corredor de criptomonedas que acepte compradores de los Estados Unidos y le permita comprar Samoyedcoin.","og_url":"https:\/\/allin1bitcoins.com\/es\/crypto\/samoyedcoin\/united-states\/","og_site_name":"Allin1Bitcoins","article_modified_time":"2023-02-19T11:10:56+00:00","og_image":[{"width":940,"height":788,"url":"https:\/\/allin1bitcoins.com\/wp-content\/uploads\/2023\/01\/Untitled-design1.png","type":"image\/png"}],"twitter_card":"summary_large_image","twitter_misc":{"Est. reading time":"5 minutes"},"schema":{"@context":"https:\/\/schema.org","@graph":[{"@type":"WebPage","@id":"https:\/\/allin1bitcoins.com\/es\/crypto\/samoyedcoin\/united-states\/","url":"https:\/\/allin1bitcoins.com\/es\/crypto\/samoyedcoin\/united-states\/","name":"C\u00f3mo Comprar Samoyedcoin (SAMO) En Los Estados Unidos","isPartOf":{"@id":"https:\/\/allin1bitcoins.com\/es\/#website"},"datePublished":"2023-02-19T11:10:53+00:00","dateModified":"2023-02-19T11:10:56+00:00","description":"Encontrar un intercambio o corredor de criptomonedas que acepte compradores de los Estados Unidos y le permita comprar Samoyedcoin.","breadcrumb":{"@id":"https:\/\/allin1bitcoins.com\/es\/crypto\/samoyedcoin\/united-states\/#breadcrumb"},"inLanguage":"es","potentialAction":[{"@type":"ReadAction","target":["https:\/\/allin1bitcoins.com\/es\/crypto\/samoyedcoin\/united-states\/"]}]},{"@type":"BreadcrumbList","@id":"https:\/\/allin1bitcoins.com\/es\/crypto\/samoyedcoin\/united-states\/#breadcrumb","itemListElement":[{"@type":"ListItem","position":1,"name":"Home","item":"https:\/\/allin1bitcoins.com\/es\/"},{"@type":"ListItem","position":2,"name":"Cripto","item":"https:\/\/allin1bitcoins.com\/es\/crypto\/"},{"@type":"ListItem","position":3,"name":"C\u00f3mo Comprar Samoyedcoin (SAMO) &#8211; Gu\u00eda Paso A Paso 2023","item":"https:\/\/allin1bitcoins.com\/es\/crypto\/samoyedcoin\/"},{"@type":"ListItem","position":4,"name":"C\u00f3mo Comprar Samoyedcoin (SAMO) En Los Estados Unidos"}]},{"@type":"WebSite","@id":"https:\/\/allin1bitcoins.com\/es\/#website","url":"https:\/\/allin1bitcoins.com\/es\/","name":"Allin1Bitcoins","description":"","publisher":{"@id":"https:\/\/allin1bitcoins.com\/es\/#organization"},"potentialAction":[{"@type":"SearchAction","target":{"@type":"EntryPoint","urlTemplate":"https:\/\/allin1bitcoins.com\/es\/?s={search_term_string}"},"query-input":"required name=search_term_string"}],"inLanguage":"es"},{"@type":"Organization","@id":"https:\/\/allin1bitcoins.com\/es\/#organization","name":"allin1bitcoins","url":"https:\/\/allin1bitcoins.com\/es\/","logo":{"@type":"ImageObject","inLanguage":"es","@id":"https:\/\/allin1bitcoins.com\/es\/#\/schema\/logo\/image\/","url":"https:\/\/allin1bitcoins.com\/wp-content\/uploads\/2019\/01\/logo-new.png","contentUrl":"https:\/\/allin1bitcoins.com\/wp-content\/uploads\/2019\/01\/logo-new.png","width":178,"height":71,"caption":"allin1bitcoins"},"image":{"@id":"https:\/\/allin1bitcoins.com\/es\/#\/schema\/logo\/image\/"}}]}},"_links":{"self":[{"href":"https:\/\/allin1bitcoins.com\/es\/wp-json\/wp\/v2\/pages\/21776"}],"collection":[{"href":"https:\/\/allin1bitcoins.com\/es\/wp-json\/wp\/v2\/pages"}],"about":[{"href":"https:\/\/allin1bitcoins.com\/es\/wp-json\/wp\/v2\/types\/page"}],"author":[{"embeddable":true,"href":"https:\/\/allin1bitcoins.com\/es\/wp-json\/wp\/v2\/users\/5"}],"replies":[{"embeddable":true,"href":"https:\/\/allin1bitcoins.com\/es\/wp-json\/wp\/v2\/comments?post=21776"}],"version-history":[{"count":1,"href":"https:\/\/allin1bitcoins.com\/es\/wp-json\/wp\/v2\/pages\/21776\/revisions"}],"predecessor-version":[{"id":21777,"href":"https:\/\/allin1bitcoins.com\/es\/wp-json\/wp\/v2\/pages\/21776\/revisions\/21777"}],"up":[{"embeddable":true,"href":"https:\/\/allin1bitcoins.com\/es\/wp-json\/wp\/v2\/pages\/21748"}],"wp:featuredmedia":[{"embeddable":true,"href":"https:\/\/allin1bitcoins.com\/es\/wp-json\/wp\/v2\/media\/15232"}],"wp:attachment":[{"href":"https:\/\/allin1bitcoins.com\/es\/wp-json\/wp\/v2\/media?parent=21776"}],"curies":[{"name":"wp","href":"https:\/\/api.w.org\/{rel}","templated":true}]}}