{"id":21786,"date":"2023-02-20T06:16:56","date_gmt":"2023-02-20T06:16:56","guid":{"rendered":"https:\/\/allin1bitcoins.com\/?page_id=21786"},"modified":"2023-02-20T06:18:15","modified_gmt":"2023-02-20T06:18:15","slug":"paysafecard","status":"publish","type":"page","link":"https:\/\/allin1bitcoins.com\/es\/crypto\/samoyedcoin\/paysafecard\/","title":{"rendered":"C\u00f3mo Comprar Samoyedcoin (SAMO) Con Paysafecard"},"content":{"rendered":"\n<h2 class=\"wp-block-heading\">Respuesta breve: Puedes comprar Samoyedcoin utilizando Paysafecard.<\/h2>\n\n\n\n<p>Para comprar Samoyedcoin con esta opci\u00f3n de pago, debes ubicar un intercambio o corredor de criptomonedas que acepte Paysafecard. Puedes usar Paysafecard, una tarjeta prepaga, para hacer compras en l\u00ednea sin necesidad de tener una tarjeta de cr\u00e9dito o una cuenta bancaria.<\/p>\n\n\n\n<h2 class=\"wp-block-heading\">Descripci\u00f3n general de Samoyedcoin<\/h2>\n\n\n\n<p>Samoyedcoin es una red de pago descentralizada y peer-to-peer que fue establecida en 2021. Es descentralizada, lo que significa que no est\u00e1 bajo la jurisdicci\u00f3n de un banco o gobierno, y utiliza cifrado para proteger y autenticar las transacciones. Samoyedcoin puede ser comprada y vendida en intercambios de criptomonedas, as\u00ed como utilizada para hacer compras en negocios que la acepten en l\u00ednea o en persona.<\/p>\n\n\n\n<h2 class=\"wp-block-heading\">Por qu\u00e9 Paysafecard es una buena opci\u00f3n para comprar Samoyedcoin<\/h2>\n\n\n\n<p><strong>Es posible que desees comprar Samoyedcoin con Paysafecard por las siguientes razones:<\/strong><\/p>\n\n\n\n<ul><li><strong>Paysafecard<\/strong> es una tarjeta prepaga que no requiere que reveles ning\u00fan detalle financiero o personal. Si deseas comprar Samoyedcoin sin dejar un rastro de papel o revelar tu informaci\u00f3n personal en l\u00ednea, esto puede ser de ayuda.<br><br><\/li><li><strong>Conveniencia:<\/strong> Si no tienes una cuenta bancaria o una tarjeta de cr\u00e9dito, Paysafecard es una opci\u00f3n pr\u00e1ctica porque est\u00e1 f\u00e1cilmente disponible en tiendas minoristas.<br><br><\/li><li><strong>Rapidez:<\/strong> Las transacciones de Paysafecard suelen ser procesadas r\u00e1pidamente, por lo que puedes comprar Samoyedcoin y tenerlo depositado en tu cuenta en tan solo unos minutos.<\/li><\/ul>\n\n\n\n<figure class=\"wp-block-embed is-type-video is-provider-youtube wp-block-embed-youtube wp-embed-aspect-16-9 wp-has-aspect-ratio\"><div class=\"wp-block-embed__wrapper\">\n<iframe title=\"How to buy Samo - Samoyedcoin EASY and CHEAP\" width=\"800\" height=\"450\" src=\"https:\/\/www.youtube.com\/embed\/PBbsaH2rhPw?feature=oembed\" frameborder=\"0\" allow=\"accelerometer; autoplay; clipboard-write; encrypted-media; gyroscope; picture-in-picture; web-share\" allowfullscreen><\/iframe>\n<\/div><\/figure>\n\n\n\n<h2 class=\"wp-block-heading\">C\u00f3mo comprar Samoyedcoin utilizando Paysafecard en detalle<\/h2>\n\n\n\n<p><strong>Siguiendo estos procedimientos, puedes encontrar un intercambio o corredor que acepte Paysafecard:<\/strong><\/p>\n\n\n\n<ol><li>Compra una Paysafecard. Varias tiendas minoristas, incluyendo estaciones de servicio, supermercados y tiendas de conveniencia, venden Paysafecards. Utilizar\u00e1s el PIN de 16 d\u00edgitos que viene con la tarjeta para hacer compras en l\u00ednea.<br><br><\/li><li>Busca un corredor o intercambio que acepte Paysafecard como forma de pago para criptomonedas. Hay algunos corredores e intercambios que aceptan Paysafecard como forma de pago, aunque la disponibilidad var\u00eda seg\u00fan la regi\u00f3n. Para seleccionar la opci\u00f3n ideal para ti, aseg\u00farate de revisar los costos y las opiniones.<br><br><\/li><li>Abre un perfil con el corredor o intercambio. Para abrir una cuenta con el intercambio o corredor, debes proporcionar cierta informaci\u00f3n personal y generar un nombre de usuario y contrase\u00f1a.<br><br><\/li><li>Revisa tu cuenta. Antes de comprar Samoyedcoin, algunos intercambios y corredores pueden requerir que pruebes tu identidad. Puede ser necesario cargar una copia de tu identificaci\u00f3n emitida por el gobierno u otros documentos de respaldo para lograr esto.<br><br><\/li><li>Elige Paysafecard como tu modo de pago. Cuando est\u00e9s listo para comprar Samoyedcoin, elige Paysafecard como tu forma de pago e ingresa tu PIN de 16 d\u00edgitos.<br><br><\/li><li>Env\u00eda tu orden. Debes ser espec\u00edfico sobre cu\u00e1nto Samoyedcoin deseas comprar y tambi\u00e9n sobre tu rango de precios. Cuando el precio sea adecuado, la orden de un vendedor se emparejar\u00e1 con la tuya despu\u00e9s de haber sido ingresada en el libro de \u00f3rdenes del intercambio o corredor. En la plataforma del intercambio o corredor, puedes seguir el progreso de tu orden y el precio actual del mercado.<br><br><\/li><li>Toma tu Samoyedcoin y depos\u00edtalo en tu billetera personal. Debes retirar tu Samoyedcoin a una billetera privada que t\u00fa controles cuando tu orden se haya completado y se haya acreditado en tu cuenta. Esto es crucial por razones de seguridad, ya que te permite mantener el control sobre tus monedas en lugar de dejarlas en la plataforma de un corredor o intercambio.<\/li><\/ol>\n\n\n\n<h2 class=\"wp-block-heading\">Desventajas de utilizar Paysafecard para comprar Samoyedcoin<\/h2>\n\n\n\n<p><strong>Se deben tener en cuenta las siguientes desventajas al comprar Samoyedcoin con Paysafecard:<\/strong><\/p>\n\n\n\n<ul><li><strong>Disponibilidad limitada: <\/strong>Como no todos los intercambios y corredores admiten Paysafecard como opci\u00f3n de pago, tus opciones para comprar Samoyedcoin pueden ser limitadas.<br><br><\/li><li><strong>Tarifas:<\/strong> El uso de Paysafecard como m\u00e9todo de pago puede incurrir en tarifas por parte de algunos intercambios y corredores, lo que aumentar\u00e1 el precio final de tu compra.<br><br><\/li><li><strong>Compra limitada por transacci\u00f3n: <\/strong>Paysafecard tiene l\u00edmites de gastos y transacciones, por lo que es posible que no puedas comprar una cantidad significativa de Samoyedcoin en una sola transacci\u00f3n.<\/li><\/ul>\n\n\n\n<h2 class=\"wp-block-heading\">Conclusi\u00f3n<\/h2>\n\n\n\n<p>Paysafecard es una excelente opci\u00f3n si deseas comprar Samoyedcoin y utilizar un m\u00e9todo de pago seguro y privado. Aseg\u00farate de investigar, encontrar un intercambio o corredor confiable que acepte Paysafecard, y estar al tanto de cualquier tarifa o limitaci\u00f3n que pueda ser necesaria. Antes de hacer una compra, es crucial realizar tu propia investigaci\u00f3n y comprender los riesgos asociados con la inversi\u00f3n en criptomonedas.<\/p>\n\n\n\n<!-- Page-list plugin v.5.9 wordpress.org\/plugins\/page-list\/ -->\n<ul class=\"page-list siblings-page-list \">\n<li class=\"page_item page-item-21826\"><a href=\"https:\/\/allin1bitcoins.com\/es\/crypto\/samoyedcoin\/paypal\/\">C\u00f3mo Comprar Samoyedcoin (SAMO) Con PayPal<\/a><\/li>\n<li class=\"page_item page-item-21786\"><a href=\"https:\/\/allin1bitcoins.com\/es\/crypto\/samoyedcoin\/paysafecard\/\">C\u00f3mo Comprar Samoyedcoin (SAMO) Con Paysafecard<\/a><\/li>\n<li class=\"page_item page-item-21812\"><a href=\"https:\/\/allin1bitcoins.com\/es\/crypto\/samoyedcoin\/credit-card\/\">C\u00f3mo Comprar Samoyedcoin (SAMO) Con Tarjeta De Cr\u00e9dito<\/a><\/li>\n<li class=\"page_item page-item-21849\"><a href=\"https:\/\/allin1bitcoins.com\/es\/crypto\/samoyedcoin\/debit-card\/\">C\u00f3mo Comprar Samoyedcoin (SAMO) Con Tarjeta De D\u00e9bito<\/a><\/li>\n<li class=\"page_item page-item-21792\"><a href=\"https:\/\/allin1bitcoins.com\/es\/crypto\/samoyedcoin\/australia\/\">C\u00f3mo Comprar Samoyedcoin (SAMO) En Australia<\/a><\/li>\n<li class=\"page_item page-item-21802\"><a href=\"https:\/\/allin1bitcoins.com\/es\/crypto\/samoyedcoin\/canada\/\">C\u00f3mo Comprar Samoyedcoin (SAMO) En Canad\u00e1<\/a><\/li>\n<li class=\"page_item page-item-21765\"><a href=\"https:\/\/allin1bitcoins.com\/es\/crypto\/samoyedcoin\/united-kingdom\/\">C\u00f3mo Comprar Samoyedcoin (SAMO) En El Reino Unido<\/a><\/li>\n<li class=\"page_item page-item-21776\"><a href=\"https:\/\/allin1bitcoins.com\/es\/crypto\/samoyedcoin\/united-states\/\">C\u00f3mo Comprar Samoyedcoin (SAMO) En Los Estados Unidos<\/a><\/li>\n\n<\/ul>\n","protected":false},"excerpt":{"rendered":"<p>Respuesta breve: Puedes comprar Samoyedcoin utilizando Paysafecard. Para comprar Samoyedcoin con esta opci\u00f3n de pago, debes ubicar un intercambio o corredor de criptomonedas que acepte Paysafecard. Puedes usar Paysafecard, una tarjeta prepaga, para hacer compras en l\u00ednea sin necesidad de tener una tarjeta de cr\u00e9dito o una cuenta bancaria. Descripci\u00f3n general de Samoyedcoin Samoyedcoin es&#8230;<\/p>\n","protected":false},"author":5,"featured_media":15606,"parent":21748,"menu_order":0,"comment_status":"closed","ping_status":"closed","template":"","meta":{"cybocfi_hide_featured_image":"","footnotes":""},"acf":[],"yoast_head":"<!-- This site is optimized with the Yoast SEO plugin v21.7 - https:\/\/yoast.com\/wordpress\/plugins\/seo\/ -->\n<title>C\u00f3mo Comprar Samoyedcoin (SAMO) Con Paysafecard<\/title>\n<meta name=\"description\" content=\"Paysafecard es una opci\u00f3n maravillosa si quieres comprar Samoyedcoin y utilizar un m\u00e9todo de pago seguro y privado.\" \/>\n<meta name=\"robots\" content=\"index, follow, max-snippet:-1, max-image-preview:large, max-video-preview:-1\" \/>\n<link rel=\"canonical\" href=\"https:\/\/allin1bitcoins.com\/es\/crypto\/samoyedcoin\/paysafecard\/\" \/>\n<meta property=\"og:locale\" content=\"es_ES\" \/>\n<meta property=\"og:type\" content=\"article\" \/>\n<meta property=\"og:title\" content=\"C\u00f3mo Comprar Samoyedcoin (SAMO) Con Paysafecard\" \/>\n<meta property=\"og:description\" content=\"Paysafecard es una opci\u00f3n maravillosa si quieres comprar Samoyedcoin y utilizar un m\u00e9todo de pago seguro y privado.\" \/>\n<meta property=\"og:url\" content=\"https:\/\/allin1bitcoins.com\/es\/crypto\/samoyedcoin\/paysafecard\/\" \/>\n<meta property=\"og:site_name\" content=\"Allin1Bitcoins\" \/>\n<meta property=\"article:modified_time\" content=\"2023-02-20T06:18:15+00:00\" \/>\n<meta property=\"og:image\" content=\"https:\/\/allin1bitcoins.com\/wp-content\/uploads\/2023\/01\/pexels-liza-summer-6347719.jpg\" \/>\n\t<meta property=\"og:image:width\" content=\"1280\" \/>\n\t<meta property=\"og:image:height\" content=\"853\" \/>\n\t<meta property=\"og:image:type\" content=\"image\/jpeg\" \/>\n<meta name=\"twitter:card\" content=\"summary_large_image\" \/>\n<meta name=\"twitter:label1\" content=\"Est. reading time\" \/>\n\t<meta name=\"twitter:data1\" content=\"4 minutes\" \/>\n<!-- \/ Yoast SEO plugin. -->","yoast_head_json":{"title":"C\u00f3mo Comprar Samoyedcoin (SAMO) Con Paysafecard","description":"Paysafecard es una opci\u00f3n maravillosa si quieres comprar Samoyedcoin y utilizar un m\u00e9todo de pago seguro y privado.","robots":{"index":"index","follow":"follow","max-snippet":"max-snippet:-1","max-image-preview":"max-image-preview:large","max-video-preview":"max-video-preview:-1"},"canonical":"https:\/\/allin1bitcoins.com\/es\/crypto\/samoyedcoin\/paysafecard\/","og_locale":"es_ES","og_type":"article","og_title":"C\u00f3mo Comprar Samoyedcoin (SAMO) Con Paysafecard","og_description":"Paysafecard es una opci\u00f3n maravillosa si quieres comprar Samoyedcoin y utilizar un m\u00e9todo de pago seguro y privado.","og_url":"https:\/\/allin1bitcoins.com\/es\/crypto\/samoyedcoin\/paysafecard\/","og_site_name":"Allin1Bitcoins","article_modified_time":"2023-02-20T06:18:15+00:00","og_image":[{"width":1280,"height":853,"url":"https:\/\/allin1bitcoins.com\/wp-content\/uploads\/2023\/01\/pexels-liza-summer-6347719.jpg","type":"image\/jpeg"}],"twitter_card":"summary_large_image","twitter_misc":{"Est. reading time":"4 minutes"},"schema":{"@context":"https:\/\/schema.org","@graph":[{"@type":"WebPage","@id":"https:\/\/allin1bitcoins.com\/es\/crypto\/samoyedcoin\/paysafecard\/","url":"https:\/\/allin1bitcoins.com\/es\/crypto\/samoyedcoin\/paysafecard\/","name":"C\u00f3mo Comprar Samoyedcoin (SAMO) Con Paysafecard","isPartOf":{"@id":"https:\/\/allin1bitcoins.com\/es\/#website"},"datePublished":"2023-02-20T06:16:56+00:00","dateModified":"2023-02-20T06:18:15+00:00","description":"Paysafecard es una opci\u00f3n maravillosa si quieres comprar Samoyedcoin y utilizar un m\u00e9todo de pago seguro y privado.","breadcrumb":{"@id":"https:\/\/allin1bitcoins.com\/es\/crypto\/samoyedcoin\/paysafecard\/#breadcrumb"},"inLanguage":"es","potentialAction":[{"@type":"ReadAction","target":["https:\/\/allin1bitcoins.com\/es\/crypto\/samoyedcoin\/paysafecard\/"]}]},{"@type":"BreadcrumbList","@id":"https:\/\/allin1bitcoins.com\/es\/crypto\/samoyedcoin\/paysafecard\/#breadcrumb","itemListElement":[{"@type":"ListItem","position":1,"name":"Home","item":"https:\/\/allin1bitcoins.com\/es\/"},{"@type":"ListItem","position":2,"name":"Cripto","item":"https:\/\/allin1bitcoins.com\/es\/crypto\/"},{"@type":"ListItem","position":3,"name":"C\u00f3mo Comprar Samoyedcoin (SAMO) &#8211; Gu\u00eda Paso A Paso 2023","item":"https:\/\/allin1bitcoins.com\/es\/crypto\/samoyedcoin\/"},{"@type":"ListItem","position":4,"name":"C\u00f3mo Comprar Samoyedcoin (SAMO) Con Paysafecard"}]},{"@type":"WebSite","@id":"https:\/\/allin1bitcoins.com\/es\/#website","url":"https:\/\/allin1bitcoins.com\/es\/","name":"Allin1Bitcoins","description":"","publisher":{"@id":"https:\/\/allin1bitcoins.com\/es\/#organization"},"potentialAction":[{"@type":"SearchAction","target":{"@type":"EntryPoint","urlTemplate":"https:\/\/allin1bitcoins.com\/es\/?s={search_term_string}"},"query-input":"required name=search_term_string"}],"inLanguage":"es"},{"@type":"Organization","@id":"https:\/\/allin1bitcoins.com\/es\/#organization","name":"allin1bitcoins","url":"https:\/\/allin1bitcoins.com\/es\/","logo":{"@type":"ImageObject","inLanguage":"es","@id":"https:\/\/allin1bitcoins.com\/es\/#\/schema\/logo\/image\/","url":"https:\/\/allin1bitcoins.com\/wp-content\/uploads\/2019\/01\/logo-new.png","contentUrl":"https:\/\/allin1bitcoins.com\/wp-content\/uploads\/2019\/01\/logo-new.png","width":178,"height":71,"caption":"allin1bitcoins"},"image":{"@id":"https:\/\/allin1bitcoins.com\/es\/#\/schema\/logo\/image\/"}}]}},"_links":{"self":[{"href":"https:\/\/allin1bitcoins.com\/es\/wp-json\/wp\/v2\/pages\/21786"}],"collection":[{"href":"https:\/\/allin1bitcoins.com\/es\/wp-json\/wp\/v2\/pages"}],"about":[{"href":"https:\/\/allin1bitcoins.com\/es\/wp-json\/wp\/v2\/types\/page"}],"author":[{"embeddable":true,"href":"https:\/\/allin1bitcoins.com\/es\/wp-json\/wp\/v2\/users\/5"}],"replies":[{"embeddable":true,"href":"https:\/\/allin1bitcoins.com\/es\/wp-json\/wp\/v2\/comments?post=21786"}],"version-history":[{"count":3,"href":"https:\/\/allin1bitcoins.com\/es\/wp-json\/wp\/v2\/pages\/21786\/revisions"}],"predecessor-version":[{"id":21840,"href":"https:\/\/allin1bitcoins.com\/es\/wp-json\/wp\/v2\/pages\/21786\/revisions\/21840"}],"up":[{"embeddable":true,"href":"https:\/\/allin1bitcoins.com\/es\/wp-json\/wp\/v2\/pages\/21748"}],"wp:featuredmedia":[{"embeddable":true,"href":"https:\/\/allin1bitcoins.com\/es\/wp-json\/wp\/v2\/media\/15606"}],"wp:attachment":[{"href":"https:\/\/allin1bitcoins.com\/es\/wp-json\/wp\/v2\/media?parent=21786"}],"curies":[{"name":"wp","href":"https:\/\/api.w.org\/{rel}","templated":true}]}}