{"id":21792,"date":"2023-02-19T15:46:01","date_gmt":"2023-02-19T15:46:01","guid":{"rendered":"https:\/\/allin1bitcoins.com\/?page_id=21792"},"modified":"2023-02-19T15:46:04","modified_gmt":"2023-02-19T15:46:04","slug":"australia","status":"publish","type":"page","link":"https:\/\/allin1bitcoins.com\/es\/crypto\/samoyedcoin\/australia\/","title":{"rendered":"C\u00f3mo Comprar Samoyedcoin (SAMO) En Australia"},"content":{"rendered":"\n<h2 class=\"wp-block-heading\">R\u00e9ponse courte : Vous pouvez acheter Samoyedcoin en Australie.<\/h2>\n\n\n\n<p>Il est n\u00e9cessaire de trouver une plateforme d&#8217;\u00e9change ou un courtier en crypto-monnaie qui accepte une m\u00e9thode de paiement prise en charge, telle qu&#8217;un virement bancaire ou une carte de d\u00e9bit, pour acheter Samoyedcoin en Australie. Vous pouvez ensuite rechercher la paire de trading Samoyedcoin et passer une commande apr\u00e8s avoir cr\u00e9\u00e9 un compte, confirm\u00e9 votre identification et d\u00e9pos\u00e9 des fonds. En fonction de la plateforme d&#8217;\u00e9change ou du courtier que vous choisissez, la proc\u00e9dure pr\u00e9cise peut diff\u00e9rer, mais la plupart suivent un ensemble de proc\u00e9dures similaires.<\/p>\n\n\n\n<h2 class=\"wp-block-heading\">Aper\u00e7u de Samoyedcoin<\/h2>\n\n\n\n<p>Samoyedcoin est une monnaie num\u00e9rique qui utilise le chiffrement pour prot\u00e9ger les transactions financi\u00e8res, limiter la cr\u00e9ation de nouvelles unit\u00e9s et confirmer le transfert d&#8217;actifs. Elle est destin\u00e9e \u00e0 fonctionner comme moyen d&#8217;\u00e9change. Elle est d\u00e9centralis\u00e9e car aucune banque, aucun gouvernement ou autre organisation centrale n&#8217;en a le contr\u00f4le. Elle utilise plut\u00f4t un r\u00e9seau d&#8217;ordinateurs pour v\u00e9rifier les transactions et les ajouter \u00e0 la blockchain, un registre public et d\u00e9centralis\u00e9.<\/p>\n\n\n\n<h2 class=\"wp-block-heading\">Avantages de l&#8217;achat de Samoyedcoin<\/h2>\n\n\n\n<p><strong>L&#8217;achat de Samoyedcoin pr\u00e9sente plusieurs avantages, notamment :<\/strong><\/p>\n\n\n\n<ul><li><strong>Possibilit\u00e9 de croissance des prix :<\/strong> Samoyedcoin, comme d&#8217;autres crypto-monnaies, est assez volatile, et sa valeur peut changer radicalement en peu de temps. Cela indique qu&#8217;il y a une chance d&#8217;appr\u00e9ciation des prix si vous achetez Samoyedcoin \u00e0 prix r\u00e9duit et le vendez ensuite pour une somme plus importante. Il est crucial de se rappeler que l&#8217;investissement dans les crypto-monnaies comporte des risques inh\u00e9rents et qu&#8217;il y a une chance de d\u00e9pr\u00e9ciation des prix.<br><br><\/li><li><strong>Nature d\u00e9centralis\u00e9e: <\/strong>Comme Samoyedcoin est d\u00e9centralis\u00e9, aucun gouvernement, aucune banque ou autre autorit\u00e9 centrale n&#8217;a d&#8217;influence dessus. Par cons\u00e9quent, il n&#8217;a pas \u00e0 suivre les m\u00eames r\u00e8gles et directives que les syst\u00e8mes financiers conventionnels, ce qui peut offrir plus de libert\u00e9 et de flexibilit\u00e9.<br><br><\/li><li><strong>S\u00e9curit\u00e9:<\/strong> Les crypto-monnaies utilisent des fonctionnalit\u00e9s de s\u00e9curit\u00e9 avanc\u00e9es, telles que la cryptographie et la technologie de registre d\u00e9centralis\u00e9, pour prot\u00e9ger vos informations financi\u00e8res et r\u00e9duire le risque de fraude.<\/li><\/ul>\n\n\n\n<figure class=\"wp-block-embed is-type-video is-provider-youtube wp-block-embed-youtube wp-embed-aspect-16-9 wp-has-aspect-ratio\"><div class=\"wp-block-embed__wrapper\">\n<iframe title=\"SamoyedCoin 2022: Reasons to BUY SAMO Coin RIGHT NOW !!!\" width=\"800\" height=\"450\" src=\"https:\/\/www.youtube.com\/embed\/0-sOWY8UY84?feature=oembed\" frameborder=\"0\" allow=\"accelerometer; autoplay; clipboard-write; encrypted-media; gyroscope; picture-in-picture; web-share\" allowfullscreen><\/iframe>\n<\/div><\/figure>\n\n\n\n<h2 class=\"wp-block-heading\">Tutorial paso a paso sobre c\u00f3mo comprar Samoyedcoin en Australia<\/h2>\n\n\n\n<p><strong>El proceso de comprar Samoyedcoin en Australia se puede desglosar en los siguientes pasos:<\/strong><\/p>\n\n\n\n<ol><li>Encuentra un intercambio o corredor de criptomonedas que te permita comprar Samoyedcoin utilizando un m\u00e9todo de pago admitido. Algunas opciones populares en Australia incluyen Coinbase, Binance y Bitpanda. Aseg\u00farate de verificar que el intercambio o corredor acepte clientes de Australia y admita un m\u00e9todo de pago con el que te sientas c\u00f3modo.<br><br><\/li><li>Crea una cuenta en el intercambio o corredor. Esto generalmente implicar\u00e1 proporcionar tu nombre, direcci\u00f3n de correo electr\u00f3nico y crear una contrase\u00f1a. Es posible que tambi\u00e9n debas verificar tu identidad cargando una copia de tu identificaci\u00f3n emitida por el gobierno.<br><br><\/li><li>Deposita fondos en tu cuenta utilizando un m\u00e9todo de pago admitido. La mayor\u00eda de los intercambios y corredores te permitir\u00e1n depositar fondos utilizando una transferencia bancaria, tarjeta de d\u00e9bito, tarjeta de cr\u00e9dito u otro m\u00e9todo de pago. Verifica en el sitio web del intercambio o corredor qu\u00e9 m\u00e9todos de pago est\u00e1n disponibles y sigue las instrucciones para hacer un dep\u00f3sito.<br><br><\/li><li>Encuentra el par de negociaci\u00f3n de Samoyedcoin. Una vez que se hayan depositado tus fondos, puedes comenzar a buscar el par de negociaci\u00f3n de Samoyedcoin en el intercambio o corredor. Este es el tipo de cambio al que puedes comprar Samoyedcoin utilizando una criptomoneda o moneda fiduciaria diferente, como los d\u00f3lares australianos.<br><br><\/li><li>Realiza un pedido para comprar Samoyedcoin utilizando tu m\u00e9todo de pago elegido. Para comprar Samoyedcoin, deber\u00e1s utilizar la interfaz de negociaci\u00f3n del intercambio o corredor para realizar un pedido. Puedes realizar un pedido de mercado, que ejecutar\u00e1 la operaci\u00f3n al precio de mercado actual, o un pedido limitado, que solo ejecutar\u00e1 la operaci\u00f3n si el precio alcanza un cierto nivel. Aseg\u00farate de seleccionar tu m\u00e9todo de pago elegido como fuente de fondos.<br><br><\/li><li>Monitorea tu pedido y espera a que se ejecute. Una vez que hayas realizado tu pedido, se agregar\u00e1 al libro de pedidos del intercambio o corredor. Si realizaste un pedido de mercado, se ejecutar\u00e1 casi de inmediato al precio de mercado actual. Si realizaste un pedido limitado, solo se ejecutar\u00e1 si el precio alcanza el nivel que especificaste. Puedes monitorear el estado de tu pedido y el precio de Samoyedcoin utilizando la interfaz de negociaci\u00f3n del intercambio o corredor o un sitio web de seguimiento de precios de terceros.<br><br><br><\/li><li>Retira tus Samoyedcoin a una billetera segura. Una vez que se haya ejecutado tu orden y los fondos se hayan acreditado en tu cuenta, necesitar\u00e1s retirar tus Samoyedcoin a una billetera segura. Esto es importante porque los intercambios y corredores de criptomonedas son vulnerables a hackeos y otras amenazas de seguridad, y quieres asegurarte de que tus monedas est\u00e9n seguras. Hay muchos tipos diferentes de billeteras disponibles, incluyendo billeteras en l\u00ednea, billeteras de escritorio y billeteras de hardware. Elige una billetera que sea apropiada para tus necesidades y sigue las instrucciones para transferir tus Samoyedcoin desde el intercambio o corredor a la billetera.<\/li><\/ol>\n\n\n\n<h2 class=\"wp-block-heading\">Impuestos de compra de Samoyedcoin en Australia<\/h2>\n\n\n\n<p>En Australia, la Oficina de Impuestos de Australia (ATO) ha emitido una gu\u00eda que establece que las transacciones con criptomonedas son imponibles por ley. Esto significa que deber\u00e1s pagar impuestos sobre cualquier beneficio que obtengas al comprar y vender Samoyedcoin. Las implicaciones fiscales espec\u00edficas depender\u00e1n de si eres clasificado como &#8220;comerciante&#8221; o &#8220;inversor&#8221; y de la duraci\u00f3n de tu per\u00edodo de tenencia. Si compras Samoyedcoin como inversi\u00f3n y lo mantienes por m\u00e1s de un a\u00f1o, estar\u00e1s sujeto a impuestos sobre las ganancias de capital en cualquier beneficio que obtengas. Si lo mantienes por menos de un a\u00f1o, estar\u00e1s sujeto a las tasas de impuestos sobre ingresos ordinarios. Si eres clasificado como comerciante, deber\u00e1s pagar impuestos sobre tus beneficios netos al comprar y vender Samoyedcoin como ingreso ordinario. Es importante consultar con un profesional en impuestos para entender tus obligaciones fiscales espec\u00edficas al comprar y vender Samoyedcoin.<\/p>\n\n\n\n<h2 class=\"wp-block-heading\">Conclusi\u00f3n<\/h2>\n\n\n\n<p>Comprar Samoyedcoin en Australia es un proceso relativamente simple que implica encontrar un intercambio o corredor de criptomonedas que acepte clientes de Australia y que te permita comprar Samoyedcoin usando un m\u00e9todo de pago admitido, crear una cuenta, depositar fondos y realizar una orden de compra. Aunque hay muchos beneficios al comprar Samoyedcoin, como el potencial de apreciaci\u00f3n de precios y seguridad, es importante ser consciente de los riesgos y las implicaciones fiscales. Aseg\u00farate de hacer tu debida diligencia e investigar el intercambio o corredor que est\u00e1s considerando utilizar, y consulta con un asesor financiero o profesional en impuestos antes de tomar cualquier decisi\u00f3n de inversi\u00f3n.<\/p>\n\n\n\n<!-- Page-list plugin v.5.9 wordpress.org\/plugins\/page-list\/ -->\n<ul class=\"page-list siblings-page-list \">\n<li class=\"page_item page-item-21826\"><a href=\"https:\/\/allin1bitcoins.com\/es\/crypto\/samoyedcoin\/paypal\/\">C\u00f3mo Comprar Samoyedcoin (SAMO) Con PayPal<\/a><\/li>\n<li class=\"page_item page-item-21786\"><a href=\"https:\/\/allin1bitcoins.com\/es\/crypto\/samoyedcoin\/paysafecard\/\">C\u00f3mo Comprar Samoyedcoin (SAMO) Con Paysafecard<\/a><\/li>\n<li class=\"page_item page-item-21812\"><a href=\"https:\/\/allin1bitcoins.com\/es\/crypto\/samoyedcoin\/credit-card\/\">C\u00f3mo Comprar Samoyedcoin (SAMO) Con Tarjeta De Cr\u00e9dito<\/a><\/li>\n<li class=\"page_item page-item-21849\"><a href=\"https:\/\/allin1bitcoins.com\/es\/crypto\/samoyedcoin\/debit-card\/\">C\u00f3mo Comprar Samoyedcoin (SAMO) Con Tarjeta De D\u00e9bito<\/a><\/li>\n<li class=\"page_item page-item-21792\"><a href=\"https:\/\/allin1bitcoins.com\/es\/crypto\/samoyedcoin\/australia\/\">C\u00f3mo Comprar Samoyedcoin (SAMO) En Australia<\/a><\/li>\n<li class=\"page_item page-item-21802\"><a href=\"https:\/\/allin1bitcoins.com\/es\/crypto\/samoyedcoin\/canada\/\">C\u00f3mo Comprar Samoyedcoin (SAMO) En Canad\u00e1<\/a><\/li>\n<li class=\"page_item page-item-21765\"><a href=\"https:\/\/allin1bitcoins.com\/es\/crypto\/samoyedcoin\/united-kingdom\/\">C\u00f3mo Comprar Samoyedcoin (SAMO) En El Reino Unido<\/a><\/li>\n<li class=\"page_item page-item-21776\"><a href=\"https:\/\/allin1bitcoins.com\/es\/crypto\/samoyedcoin\/united-states\/\">C\u00f3mo Comprar Samoyedcoin (SAMO) En Los Estados Unidos<\/a><\/li>\n\n<\/ul>\n","protected":false},"excerpt":{"rendered":"<p>R\u00e9ponse courte : Vous pouvez acheter Samoyedcoin en Australie. Il est n\u00e9cessaire de trouver une plateforme d&#8217;\u00e9change ou un courtier en crypto-monnaie qui accepte une m\u00e9thode de paiement prise en charge, telle qu&#8217;un virement bancaire ou une carte de d\u00e9bit, pour acheter Samoyedcoin en Australie. Vous pouvez ensuite rechercher la paire de trading Samoyedcoin et&#8230;<\/p>\n","protected":false},"author":4,"featured_media":15243,"parent":21748,"menu_order":0,"comment_status":"closed","ping_status":"closed","template":"","meta":{"cybocfi_hide_featured_image":"","footnotes":""},"acf":[],"yoast_head":"<!-- This site is optimized with the Yoast SEO plugin v21.7 - https:\/\/yoast.com\/wordpress\/plugins\/seo\/ -->\n<title>C\u00f3mo Comprar Samoyedcoin (SAMO) En Australia<\/title>\n<meta name=\"description\" content=\"En Australia, la Oficina de Impuestos (ATO) ha emitido una gu\u00eda que establece que las transacciones con criptomonedas son imponibles por ley.\" \/>\n<meta name=\"robots\" content=\"index, follow, max-snippet:-1, max-image-preview:large, max-video-preview:-1\" \/>\n<link rel=\"canonical\" href=\"https:\/\/allin1bitcoins.com\/es\/crypto\/samoyedcoin\/australia\/\" \/>\n<meta property=\"og:locale\" content=\"es_ES\" \/>\n<meta property=\"og:type\" content=\"article\" \/>\n<meta property=\"og:title\" content=\"C\u00f3mo Comprar Samoyedcoin (SAMO) En Australia\" \/>\n<meta property=\"og:description\" content=\"En Australia, la Oficina de Impuestos (ATO) ha emitido una gu\u00eda que establece que las transacciones con criptomonedas son imponibles por ley.\" \/>\n<meta property=\"og:url\" content=\"https:\/\/allin1bitcoins.com\/es\/crypto\/samoyedcoin\/australia\/\" \/>\n<meta property=\"og:site_name\" content=\"Allin1Bitcoins\" \/>\n<meta property=\"article:modified_time\" content=\"2023-02-19T15:46:04+00:00\" \/>\n<meta property=\"og:image\" content=\"https:\/\/allin1bitcoins.com\/wp-content\/uploads\/2023\/01\/Samoyed-Coin.png\" \/>\n\t<meta property=\"og:image:width\" content=\"940\" \/>\n\t<meta property=\"og:image:height\" content=\"788\" \/>\n\t<meta property=\"og:image:type\" content=\"image\/png\" \/>\n<meta name=\"twitter:card\" content=\"summary_large_image\" \/>\n<meta name=\"twitter:label1\" content=\"Est. reading time\" \/>\n\t<meta name=\"twitter:data1\" content=\"5 minutes\" \/>\n<!-- \/ Yoast SEO plugin. -->","yoast_head_json":{"title":"C\u00f3mo Comprar Samoyedcoin (SAMO) En Australia","description":"En Australia, la Oficina de Impuestos (ATO) ha emitido una gu\u00eda que establece que las transacciones con criptomonedas son imponibles por ley.","robots":{"index":"index","follow":"follow","max-snippet":"max-snippet:-1","max-image-preview":"max-image-preview:large","max-video-preview":"max-video-preview:-1"},"canonical":"https:\/\/allin1bitcoins.com\/es\/crypto\/samoyedcoin\/australia\/","og_locale":"es_ES","og_type":"article","og_title":"C\u00f3mo Comprar Samoyedcoin (SAMO) En Australia","og_description":"En Australia, la Oficina de Impuestos (ATO) ha emitido una gu\u00eda que establece que las transacciones con criptomonedas son imponibles por ley.","og_url":"https:\/\/allin1bitcoins.com\/es\/crypto\/samoyedcoin\/australia\/","og_site_name":"Allin1Bitcoins","article_modified_time":"2023-02-19T15:46:04+00:00","og_image":[{"width":940,"height":788,"url":"https:\/\/allin1bitcoins.com\/wp-content\/uploads\/2023\/01\/Samoyed-Coin.png","type":"image\/png"}],"twitter_card":"summary_large_image","twitter_misc":{"Est. reading time":"5 minutes"},"schema":{"@context":"https:\/\/schema.org","@graph":[{"@type":"WebPage","@id":"https:\/\/allin1bitcoins.com\/es\/crypto\/samoyedcoin\/australia\/","url":"https:\/\/allin1bitcoins.com\/es\/crypto\/samoyedcoin\/australia\/","name":"C\u00f3mo Comprar Samoyedcoin (SAMO) En Australia","isPartOf":{"@id":"https:\/\/allin1bitcoins.com\/es\/#website"},"datePublished":"2023-02-19T15:46:01+00:00","dateModified":"2023-02-19T15:46:04+00:00","description":"En Australia, la Oficina de Impuestos (ATO) ha emitido una gu\u00eda que establece que las transacciones con criptomonedas son imponibles por ley.","breadcrumb":{"@id":"https:\/\/allin1bitcoins.com\/es\/crypto\/samoyedcoin\/australia\/#breadcrumb"},"inLanguage":"es","potentialAction":[{"@type":"ReadAction","target":["https:\/\/allin1bitcoins.com\/es\/crypto\/samoyedcoin\/australia\/"]}]},{"@type":"BreadcrumbList","@id":"https:\/\/allin1bitcoins.com\/es\/crypto\/samoyedcoin\/australia\/#breadcrumb","itemListElement":[{"@type":"ListItem","position":1,"name":"Home","item":"https:\/\/allin1bitcoins.com\/es\/"},{"@type":"ListItem","position":2,"name":"Cripto","item":"https:\/\/allin1bitcoins.com\/es\/crypto\/"},{"@type":"ListItem","position":3,"name":"C\u00f3mo Comprar Samoyedcoin (SAMO) &#8211; Gu\u00eda Paso A Paso 2023","item":"https:\/\/allin1bitcoins.com\/es\/crypto\/samoyedcoin\/"},{"@type":"ListItem","position":4,"name":"C\u00f3mo Comprar Samoyedcoin (SAMO) En Australia"}]},{"@type":"WebSite","@id":"https:\/\/allin1bitcoins.com\/es\/#website","url":"https:\/\/allin1bitcoins.com\/es\/","name":"Allin1Bitcoins","description":"","publisher":{"@id":"https:\/\/allin1bitcoins.com\/es\/#organization"},"potentialAction":[{"@type":"SearchAction","target":{"@type":"EntryPoint","urlTemplate":"https:\/\/allin1bitcoins.com\/es\/?s={search_term_string}"},"query-input":"required name=search_term_string"}],"inLanguage":"es"},{"@type":"Organization","@id":"https:\/\/allin1bitcoins.com\/es\/#organization","name":"allin1bitcoins","url":"https:\/\/allin1bitcoins.com\/es\/","logo":{"@type":"ImageObject","inLanguage":"es","@id":"https:\/\/allin1bitcoins.com\/es\/#\/schema\/logo\/image\/","url":"https:\/\/allin1bitcoins.com\/wp-content\/uploads\/2019\/01\/logo-new.png","contentUrl":"https:\/\/allin1bitcoins.com\/wp-content\/uploads\/2019\/01\/logo-new.png","width":178,"height":71,"caption":"allin1bitcoins"},"image":{"@id":"https:\/\/allin1bitcoins.com\/es\/#\/schema\/logo\/image\/"}}]}},"_links":{"self":[{"href":"https:\/\/allin1bitcoins.com\/es\/wp-json\/wp\/v2\/pages\/21792"}],"collection":[{"href":"https:\/\/allin1bitcoins.com\/es\/wp-json\/wp\/v2\/pages"}],"about":[{"href":"https:\/\/allin1bitcoins.com\/es\/wp-json\/wp\/v2\/types\/page"}],"author":[{"embeddable":true,"href":"https:\/\/allin1bitcoins.com\/es\/wp-json\/wp\/v2\/users\/4"}],"replies":[{"embeddable":true,"href":"https:\/\/allin1bitcoins.com\/es\/wp-json\/wp\/v2\/comments?post=21792"}],"version-history":[{"count":1,"href":"https:\/\/allin1bitcoins.com\/es\/wp-json\/wp\/v2\/pages\/21792\/revisions"}],"predecessor-version":[{"id":21793,"href":"https:\/\/allin1bitcoins.com\/es\/wp-json\/wp\/v2\/pages\/21792\/revisions\/21793"}],"up":[{"embeddable":true,"href":"https:\/\/allin1bitcoins.com\/es\/wp-json\/wp\/v2\/pages\/21748"}],"wp:featuredmedia":[{"embeddable":true,"href":"https:\/\/allin1bitcoins.com\/es\/wp-json\/wp\/v2\/media\/15243"}],"wp:attachment":[{"href":"https:\/\/allin1bitcoins.com\/es\/wp-json\/wp\/v2\/media?parent=21792"}],"curies":[{"name":"wp","href":"https:\/\/api.w.org\/{rel}","templated":true}]}}