{"id":21802,"date":"2023-02-19T16:37:31","date_gmt":"2023-02-19T16:37:31","guid":{"rendered":"https:\/\/allin1bitcoins.com\/?page_id=21802"},"modified":"2023-02-19T16:43:13","modified_gmt":"2023-02-19T16:43:13","slug":"canada","status":"publish","type":"page","link":"https:\/\/allin1bitcoins.com\/es\/crypto\/samoyedcoin\/canada\/","title":{"rendered":"C\u00f3mo Comprar Samoyedcoin (SAMO) En Canad\u00e1"},"content":{"rendered":"\n<h2 class=\"wp-block-heading\">Respuesta corta: Puedes comprar Samoyedcoin en Canad\u00e1<\/h2>\n\n\n\n<p>Es necesario encontrar un intercambio o corredor de criptomonedas que acepte un m\u00e9todo de pago compatible, como una transferencia bancaria o una tarjeta de d\u00e9bito, para comprar Samoyedcoin en Canad\u00e1. Luego, puedes buscar el par de negociaci\u00f3n de Samoyedcoin y realizar un pedido para comprar despu\u00e9s de crear una cuenta, confirmar tu identificaci\u00f3n y depositar fondos. Dependiendo del intercambio o corredor que elijas, el procedimiento preciso puede diferir, pero la mayor\u00eda sigue un conjunto similar de procedimientos.<\/p>\n\n\n\n<h2 class=\"wp-block-heading\">Resumen de Samoyedcoin<\/h2>\n\n\n\n<p>Samoyedcoin es una moneda digital que utiliza la encriptaci\u00f3n para proteger las transacciones financieras, limitar la creaci\u00f3n de nuevas unidades y confirmar la transferencia de activos. Est\u00e1 destinada a funcionar como un medio de intercambio. Es descentralizada ya que ning\u00fan banco, gobierno u otra organizaci\u00f3n central tiene control sobre ella. En su lugar, utiliza una red de computadoras para verificar transacciones y agregarlas al blockchain, un registro p\u00fablico y descentralizado.<\/p>\n\n\n\n<h2 class=\"wp-block-heading\">Ventajas de comprar Samoyedcoin<\/h2>\n\n\n\n<p><strong>La compra de Samoyedcoin tiene varias ventajas, incluyendo:<\/strong><\/p>\n\n\n\n<ul><li><strong>Posibilidad de crecimiento de precio:<\/strong> Samoyedcoin, al igual que otras criptomonedas, es bastante vol\u00e1til y su valor puede cambiar dr\u00e1sticamente en poco tiempo. Esto indica que hay una oportunidad para la apreciaci\u00f3n del precio si compras Samoyedcoin con descuento y luego lo vendes por una suma mayor. Es importante recordar que invertir en criptomonedas conlleva riesgos inherentes y que hay una posibilidad de depreciaci\u00f3n del precio.<br><br><\/li><li><strong>Naturaleza descentralizada:<\/strong> Dado que Samoyedcoin es descentralizada, ning\u00fan gobierno, banco u otra autoridad central tiene influencia sobre ella. Como resultado, no tiene que seguir las mismas reglas y directrices que los sistemas financieros convencionales, lo que puede brindar m\u00e1s libertad y flexibilidad.<br><br><\/li><li><strong>Seguridad:<\/strong> Para proteger tu informaci\u00f3n financiera y reducir el riesgo de fraude, las criptomonedas utilizan funciones de seguridad de vanguardia como la criptograf\u00eda y la tecnolog\u00eda de registro distribuido.<\/li><\/ul>\n\n\n\n<figure class=\"wp-block-embed is-type-video is-provider-youtube wp-block-embed-youtube wp-embed-aspect-16-9 wp-has-aspect-ratio\"><div class=\"wp-block-embed__wrapper\">\n<iframe title=\"Best Canadian Crypto Exchange 2022 | Get $40 bonus!\" width=\"800\" height=\"450\" src=\"https:\/\/www.youtube.com\/embed\/Ev8frcibSfU?feature=oembed\" frameborder=\"0\" allow=\"accelerometer; autoplay; clipboard-write; encrypted-media; gyroscope; picture-in-picture; web-share\" allowfullscreen><\/iframe>\n<\/div><\/figure>\n\n\n\n<h2 class=\"wp-block-heading\">Tutorial sobre c\u00f3mo comprar Samoyedcoin en Canad\u00e1 en pasos<\/h2>\n\n\n\n<p><strong>Los siguientes pasos se pueden utilizar para desglosar la compra de Samoyedcoin en Canad\u00e1:<\/strong><\/p>\n\n\n\n<ol><li>Busca un corredor o intercambio que te permita comprar Samoyedcoin con un m\u00e9todo de pago compatible. Coinbase, Binance y Bitbuy son algunas de las opciones populares en Canad\u00e1. Verifica si el corredor o intercambio permite clientes canadienses y ofrece una opci\u00f3n de pago que te sientas c\u00f3modo utilizando.<br><br><\/li><li>Abre un perfil en el corredor o intercambio. Por lo general, esto implica proporcionar tu nombre, direcci\u00f3n de correo electr\u00f3nico y contrase\u00f1a. Tambi\u00e9n es posible que se te solicite que cargues una copia de tu identificaci\u00f3n emitida por el gobierno para comprobar tu identificaci\u00f3n.<br><br><\/li><li>gregar dinero a su cuenta es tan simple como utilizar un m\u00e9todo de pago compatible. Por lo general, puede depositar dinero a trav\u00e9s de transferencia bancaria, tarjeta de d\u00e9bito, tarjeta de cr\u00e9dito u otro m\u00e9todo de pago en exchanges y brokers. Para conocer las opciones de pago ofrecidas, visite el sitio web del exchange o broker y luego siga los pasos para depositar dinero.<br><br><\/li><li>Localice el par de trading de Samoyedcoin. Una vez que se hayan depositado sus fondos, puede comenzar a buscar el par de trading de Samoyedcoin en el exchange o broker. La tasa a la que puede comprar Samoyedcoin utilizando otra criptomoneda o dinero fiduciario, como d\u00f3lares canadienses, se muestra a continuaci\u00f3n.<br><br><\/li><li>Ingrese una orden de compra de Samoyedcoin utilizando el m\u00e9todo de pago de su elecci\u00f3n. Debe utilizar la interfaz de trading del exchange o broker para realizar una orden de compra de Samoyedcoin. Puede establecer una orden l\u00edmite, que solo ejecutar\u00e1 el intercambio si el precio alcanza un nivel espec\u00edfico, o una orden de mercado, que ejecutar\u00e1 el intercambio al precio actual del mercado. Aseg\u00farese de elegir la fuente de fondos como su opci\u00f3n de pago preferida.<br><br><\/li><li>Mant\u00e9n un ojo en tu orden mientras se ejecuta. Tu orden se registrar\u00e1 en el libro de \u00f3rdenes del intercambio o corredor una vez que se haya colocado. Una orden de mercado se ejecutar\u00e1 casi instant\u00e1neamente al precio actual del mercado. Una orden l\u00edmite no se ejecutar\u00e1 a menos que el precio alcance el nivel que estableciste, si lo hiciste. Usando la interfaz de trading del intercambio o corredor o un sitio web de seguimiento de precios de terceros, puedes mantener un ojo en el progreso de tu orden y el precio de Samoyedcoin.<br><br><\/li><li>Saca tu Samoyedcoin y col\u00f3cala en una billetera segura. Debes retirar tus Samoyedcoin a una billetera segura cuando se haya completado tu pedido y el dinero se haya agregado a tu cuenta. Esto es crucial porque deseas asegurarte de que tus monedas est\u00e9n seguras ya que los corredores y los intercambios de criptomonedas son susceptibles a pirater\u00eda y otros riesgos de seguridad. Las billeteras en l\u00ednea, las billeteras de escritorio y las billeteras de hardware son solo algunos de los numerosos tipos de billeteras que se ofrecen. Para mover tus Samoyedcoin del intercambio o corredor a la billetera, elige una billetera que se adapte a tus necesidades y luego sigue las instrucciones.<\/li><\/ol>\n\n\n\n<h2 class=\"wp-block-heading\">Impuesto de compra de Samoyedcoin en Canad\u00e1<\/h2>\n\n\n\n<p>La Agencia de Ingresos de Canad\u00e1 (CRA) ha publicado directrices en Canad\u00e1 que dicen que las transacciones de Bitcoin est\u00e1n legalmente sujetas a impuestos. Esto significa que cualquier ganancia que obtengas al comprar y vender Samoyedcoin estar\u00e1 sujeta a impuestos. Si te clasifican como &#8220;comerciante&#8221; o &#8220;inversor&#8221; y la duraci\u00f3n de tu per\u00edodo de retenci\u00f3n determinar\u00e1 las repercusiones fiscales exactas. Debes pagar impuestos sobre las ganancias de capital en cualquier ganancia que generes si compras Samoyedcoin como inversi\u00f3n y lo retienes por m\u00e1s de un a\u00f1o. Se aplicar\u00e1n las tasas de impuestos sobre el ingreso ordinario si lo mantienes por menos de un a\u00f1o. Si se te considera un comerciante, deber\u00e1s pagar impuestos sobre el ingreso ordinario sobre las ganancias netas de la compra y venta de Samoyedcoin. Es crucial hablar con un experto en impuestos para comprender tus responsabilidades fiscales precisas al comprar y vender Samoyedcoin.<\/p>\n\n\n\n<h2 class=\"wp-block-heading\">Conclusi\u00f3n<\/h2>\n\n\n\n<p>Encontrar un corredor o intercambio de criptomonedas que acoja a clientes canadienses y te permita comprar Samoyedcoin utilizando un m\u00e9todo de pago admitido, abrir una cuenta, financiarla con fondos y presentar un pedido de compra son los \u00fanicos pasos necesarios para comprar Samoyedcoin en Canad\u00e1. Si bien la compra de Samoyedcoin tiene numerosas ventajas, como la posibilidad de un aumento de precio y la seguridad, es crucial estar al tanto de los riesgos y posibles repercusiones fiscales. Antes de tomar cualquier decisi\u00f3n de inversi\u00f3n, aseg\u00farate de realizar una debida diligencia, estudiar el intercambio o corredor que est\u00e1s considerando utilizar y hablar con un asesor financiero o un experto en impuestos.<\/p>\n\n\n\n<!-- Page-list plugin v.5.9 wordpress.org\/plugins\/page-list\/ -->\n<ul class=\"page-list siblings-page-list \">\n<li class=\"page_item page-item-21826\"><a href=\"https:\/\/allin1bitcoins.com\/es\/crypto\/samoyedcoin\/paypal\/\">C\u00f3mo Comprar Samoyedcoin (SAMO) Con PayPal<\/a><\/li>\n<li class=\"page_item page-item-21786\"><a href=\"https:\/\/allin1bitcoins.com\/es\/crypto\/samoyedcoin\/paysafecard\/\">C\u00f3mo Comprar Samoyedcoin (SAMO) Con Paysafecard<\/a><\/li>\n<li class=\"page_item page-item-21812\"><a href=\"https:\/\/allin1bitcoins.com\/es\/crypto\/samoyedcoin\/credit-card\/\">C\u00f3mo Comprar Samoyedcoin (SAMO) Con Tarjeta De Cr\u00e9dito<\/a><\/li>\n<li class=\"page_item page-item-21849\"><a href=\"https:\/\/allin1bitcoins.com\/es\/crypto\/samoyedcoin\/debit-card\/\">C\u00f3mo Comprar Samoyedcoin (SAMO) Con Tarjeta De D\u00e9bito<\/a><\/li>\n<li class=\"page_item page-item-21792\"><a href=\"https:\/\/allin1bitcoins.com\/es\/crypto\/samoyedcoin\/australia\/\">C\u00f3mo Comprar Samoyedcoin (SAMO) En Australia<\/a><\/li>\n<li class=\"page_item page-item-21802\"><a href=\"https:\/\/allin1bitcoins.com\/es\/crypto\/samoyedcoin\/canada\/\">C\u00f3mo Comprar Samoyedcoin (SAMO) En Canad\u00e1<\/a><\/li>\n<li class=\"page_item page-item-21765\"><a href=\"https:\/\/allin1bitcoins.com\/es\/crypto\/samoyedcoin\/united-kingdom\/\">C\u00f3mo Comprar Samoyedcoin (SAMO) En El Reino Unido<\/a><\/li>\n<li class=\"page_item page-item-21776\"><a href=\"https:\/\/allin1bitcoins.com\/es\/crypto\/samoyedcoin\/united-states\/\">C\u00f3mo Comprar Samoyedcoin (SAMO) En Los Estados Unidos<\/a><\/li>\n\n<\/ul>\n","protected":false},"excerpt":{"rendered":"<p>Respuesta corta: Puedes comprar Samoyedcoin en Canad\u00e1 Es necesario encontrar un intercambio o corredor de criptomonedas que acepte un m\u00e9todo de pago compatible, como una transferencia bancaria o una tarjeta de d\u00e9bito, para comprar Samoyedcoin en Canad\u00e1. Luego, puedes buscar el par de negociaci\u00f3n de Samoyedcoin y realizar un pedido para comprar despu\u00e9s de crear&#8230;<\/p>\n","protected":false},"author":5,"featured_media":15616,"parent":21748,"menu_order":0,"comment_status":"closed","ping_status":"closed","template":"","meta":{"cybocfi_hide_featured_image":"","footnotes":""},"acf":[],"yoast_head":"<!-- This site is optimized with the Yoast SEO plugin v21.7 - https:\/\/yoast.com\/wordpress\/plugins\/seo\/ -->\n<title>C\u00f3mo Comprar Samoyedcoin (SAMO) En Canad\u00e1<\/title>\n<meta name=\"description\" content=\"uieres comprar Samoyed Coin en Canad\u00e1? Si es as\u00ed, lee esta gu\u00eda para conocer en detalle los pasos para una compra sin complicaciones.\" \/>\n<meta name=\"robots\" content=\"index, follow, max-snippet:-1, max-image-preview:large, max-video-preview:-1\" \/>\n<link rel=\"canonical\" href=\"https:\/\/allin1bitcoins.com\/es\/crypto\/samoyedcoin\/canada\/\" \/>\n<meta property=\"og:locale\" content=\"es_ES\" \/>\n<meta property=\"og:type\" content=\"article\" \/>\n<meta property=\"og:title\" content=\"C\u00f3mo Comprar Samoyedcoin (SAMO) En Canad\u00e1\" \/>\n<meta property=\"og:description\" content=\"uieres comprar Samoyed Coin en Canad\u00e1? Si es as\u00ed, lee esta gu\u00eda para conocer en detalle los pasos para una compra sin complicaciones.\" \/>\n<meta property=\"og:url\" content=\"https:\/\/allin1bitcoins.com\/es\/crypto\/samoyedcoin\/canada\/\" \/>\n<meta property=\"og:site_name\" content=\"Allin1Bitcoins\" \/>\n<meta property=\"article:modified_time\" content=\"2023-02-19T16:43:13+00:00\" \/>\n<meta property=\"og:image\" content=\"https:\/\/allin1bitcoins.com\/wp-content\/uploads\/2023\/01\/jason-hafso-C2keINMOhIE-unsplash.jpg\" \/>\n\t<meta property=\"og:image:width\" content=\"1920\" \/>\n\t<meta property=\"og:image:height\" content=\"1127\" \/>\n\t<meta property=\"og:image:type\" content=\"image\/jpeg\" \/>\n<meta name=\"twitter:card\" content=\"summary_large_image\" \/>\n<meta name=\"twitter:label1\" content=\"Est. reading time\" \/>\n\t<meta name=\"twitter:data1\" content=\"5 minutes\" \/>\n<!-- \/ Yoast SEO plugin. -->","yoast_head_json":{"title":"C\u00f3mo Comprar Samoyedcoin (SAMO) En Canad\u00e1","description":"uieres comprar Samoyed Coin en Canad\u00e1? Si es as\u00ed, lee esta gu\u00eda para conocer en detalle los pasos para una compra sin complicaciones.","robots":{"index":"index","follow":"follow","max-snippet":"max-snippet:-1","max-image-preview":"max-image-preview:large","max-video-preview":"max-video-preview:-1"},"canonical":"https:\/\/allin1bitcoins.com\/es\/crypto\/samoyedcoin\/canada\/","og_locale":"es_ES","og_type":"article","og_title":"C\u00f3mo Comprar Samoyedcoin (SAMO) En Canad\u00e1","og_description":"uieres comprar Samoyed Coin en Canad\u00e1? Si es as\u00ed, lee esta gu\u00eda para conocer en detalle los pasos para una compra sin complicaciones.","og_url":"https:\/\/allin1bitcoins.com\/es\/crypto\/samoyedcoin\/canada\/","og_site_name":"Allin1Bitcoins","article_modified_time":"2023-02-19T16:43:13+00:00","og_image":[{"width":1920,"height":1127,"url":"https:\/\/allin1bitcoins.com\/wp-content\/uploads\/2023\/01\/jason-hafso-C2keINMOhIE-unsplash.jpg","type":"image\/jpeg"}],"twitter_card":"summary_large_image","twitter_misc":{"Est. reading time":"5 minutes"},"schema":{"@context":"https:\/\/schema.org","@graph":[{"@type":"WebPage","@id":"https:\/\/allin1bitcoins.com\/es\/crypto\/samoyedcoin\/canada\/","url":"https:\/\/allin1bitcoins.com\/es\/crypto\/samoyedcoin\/canada\/","name":"C\u00f3mo Comprar Samoyedcoin (SAMO) En Canad\u00e1","isPartOf":{"@id":"https:\/\/allin1bitcoins.com\/es\/#website"},"datePublished":"2023-02-19T16:37:31+00:00","dateModified":"2023-02-19T16:43:13+00:00","description":"uieres comprar Samoyed Coin en Canad\u00e1? Si es as\u00ed, lee esta gu\u00eda para conocer en detalle los pasos para una compra sin complicaciones.","breadcrumb":{"@id":"https:\/\/allin1bitcoins.com\/es\/crypto\/samoyedcoin\/canada\/#breadcrumb"},"inLanguage":"es","potentialAction":[{"@type":"ReadAction","target":["https:\/\/allin1bitcoins.com\/es\/crypto\/samoyedcoin\/canada\/"]}]},{"@type":"BreadcrumbList","@id":"https:\/\/allin1bitcoins.com\/es\/crypto\/samoyedcoin\/canada\/#breadcrumb","itemListElement":[{"@type":"ListItem","position":1,"name":"Home","item":"https:\/\/allin1bitcoins.com\/es\/"},{"@type":"ListItem","position":2,"name":"Cripto","item":"https:\/\/allin1bitcoins.com\/es\/crypto\/"},{"@type":"ListItem","position":3,"name":"C\u00f3mo Comprar Samoyedcoin (SAMO) &#8211; Gu\u00eda Paso A Paso 2023","item":"https:\/\/allin1bitcoins.com\/es\/crypto\/samoyedcoin\/"},{"@type":"ListItem","position":4,"name":"C\u00f3mo Comprar Samoyedcoin (SAMO) En Canad\u00e1"}]},{"@type":"WebSite","@id":"https:\/\/allin1bitcoins.com\/es\/#website","url":"https:\/\/allin1bitcoins.com\/es\/","name":"Allin1Bitcoins","description":"","publisher":{"@id":"https:\/\/allin1bitcoins.com\/es\/#organization"},"potentialAction":[{"@type":"SearchAction","target":{"@type":"EntryPoint","urlTemplate":"https:\/\/allin1bitcoins.com\/es\/?s={search_term_string}"},"query-input":"required name=search_term_string"}],"inLanguage":"es"},{"@type":"Organization","@id":"https:\/\/allin1bitcoins.com\/es\/#organization","name":"allin1bitcoins","url":"https:\/\/allin1bitcoins.com\/es\/","logo":{"@type":"ImageObject","inLanguage":"es","@id":"https:\/\/allin1bitcoins.com\/es\/#\/schema\/logo\/image\/","url":"https:\/\/allin1bitcoins.com\/wp-content\/uploads\/2019\/01\/logo-new.png","contentUrl":"https:\/\/allin1bitcoins.com\/wp-content\/uploads\/2019\/01\/logo-new.png","width":178,"height":71,"caption":"allin1bitcoins"},"image":{"@id":"https:\/\/allin1bitcoins.com\/es\/#\/schema\/logo\/image\/"}}]}},"_links":{"self":[{"href":"https:\/\/allin1bitcoins.com\/es\/wp-json\/wp\/v2\/pages\/21802"}],"collection":[{"href":"https:\/\/allin1bitcoins.com\/es\/wp-json\/wp\/v2\/pages"}],"about":[{"href":"https:\/\/allin1bitcoins.com\/es\/wp-json\/wp\/v2\/types\/page"}],"author":[{"embeddable":true,"href":"https:\/\/allin1bitcoins.com\/es\/wp-json\/wp\/v2\/users\/5"}],"replies":[{"embeddable":true,"href":"https:\/\/allin1bitcoins.com\/es\/wp-json\/wp\/v2\/comments?post=21802"}],"version-history":[{"count":2,"href":"https:\/\/allin1bitcoins.com\/es\/wp-json\/wp\/v2\/pages\/21802\/revisions"}],"predecessor-version":[{"id":21805,"href":"https:\/\/allin1bitcoins.com\/es\/wp-json\/wp\/v2\/pages\/21802\/revisions\/21805"}],"up":[{"embeddable":true,"href":"https:\/\/allin1bitcoins.com\/es\/wp-json\/wp\/v2\/pages\/21748"}],"wp:featuredmedia":[{"embeddable":true,"href":"https:\/\/allin1bitcoins.com\/es\/wp-json\/wp\/v2\/media\/15616"}],"wp:attachment":[{"href":"https:\/\/allin1bitcoins.com\/es\/wp-json\/wp\/v2\/media?parent=21802"}],"curies":[{"name":"wp","href":"https:\/\/api.w.org\/{rel}","templated":true}]}}