{"id":21849,"date":"2023-02-20T06:45:33","date_gmt":"2023-02-20T06:45:33","guid":{"rendered":"https:\/\/allin1bitcoins.com\/?page_id=21849"},"modified":"2023-02-20T06:45:35","modified_gmt":"2023-02-20T06:45:35","slug":"debit-card","status":"publish","type":"page","link":"https:\/\/allin1bitcoins.com\/es\/crypto\/samoyedcoin\/debit-card\/","title":{"rendered":"C\u00f3mo Comprar Samoyedcoin (SAMO) Con Tarjeta De D\u00e9bito"},"content":{"rendered":"\n<h2 class=\"wp-block-heading\">C\u00f3mo comprar Samoyedcoin con una tarjeta de d\u00e9bito &#8211; Respuesta corta<\/h2>\n\n\n\n<p>Para comprar Samoyedcoin con una tarjeta de d\u00e9bito, necesitar\u00e1s encontrar un intercambio o corredor de criptomonedas que te permita comprar Samoyedcoin usando una tarjeta de d\u00e9bito como m\u00e9todo de pago. Despu\u00e9s de crear una cuenta, verificar tu identidad y vincular tu tarjeta de d\u00e9bito, puedes buscar el par de negociaci\u00f3n de Samoyedcoin y hacer un pedido para comprar. El proceso espec\u00edfico variar\u00e1 dependiendo del intercambio o corredor que elijas, pero la mayor\u00eda sigue un conjunto similar de pasos.<\/p>\n\n\n\n<h2 class=\"wp-block-heading\">Descripci\u00f3n general de Samoyedcoin<\/h2>\n\n\n\n<p>Samoyedcoin es un activo digital dise\u00f1ado para funcionar como medio de intercambio utilizando la criptograf\u00eda para asegurar las transacciones financieras, controlar la creaci\u00f3n de unidades adicionales y verificar la transferencia de activos. Es descentralizado, lo que significa que no est\u00e1 controlado por ning\u00fan gobierno, banco u otra autoridad central. En su lugar, se basa en una red de computadoras para validar transacciones y agregarlas a un libro mayor p\u00fablico y descentralizado llamado blockchain.<\/p>\n\n\n\n<h2 class=\"wp-block-heading\">Por qu\u00e9 querr\u00edas comprar Samoyedcoin con una tarjeta de d\u00e9bito<\/h2>\n\n\n\n<p><strong>Hay varias razones por las que es posible que desees comprar Samoyedcoin con una tarjeta de d\u00e9bito, incluyendo:<\/strong><\/p>\n\n\n\n<ul><li><strong>Conveniencia:<\/strong> Las tarjetas de d\u00e9bito son un m\u00e9todo de pago ampliamente aceptado y conveniente, y muchas personas ya tienen una tarjeta de d\u00e9bito que pueden usar para hacer compras en l\u00ednea.<br><br><\/li><li><strong>Velocidad: <\/strong>Comprar Samoyedcoin con una tarjeta de d\u00e9bito suele ser m\u00e1s r\u00e1pido que usar una transferencia bancaria u otro m\u00e9todo de pago, ya que no requiere que esperes a que se liquiden los fondos.<br><br><\/li><li><strong>Bajos costos: <\/strong>Las tarjetas de d\u00e9bito suelen tener tarifas m\u00e1s bajas que las tarjetas de cr\u00e9dito, lo que significa que puedes ahorrar dinero en tarifas al comprar Samoyedcoin con una tarjeta de d\u00e9bito.<\/li><\/ul>\n\n\n\n<figure class=\"wp-block-embed is-type-video is-provider-youtube wp-block-embed-youtube wp-embed-aspect-16-9 wp-has-aspect-ratio\"><div class=\"wp-block-embed__wrapper\">\n<iframe title=\"Bought Samoyedcoin (SAMO) | What To Buy #9 #wtb\" width=\"800\" height=\"450\" src=\"https:\/\/www.youtube.com\/embed\/ZoDV1dS3HZs?feature=oembed\" frameborder=\"0\" allow=\"accelerometer; autoplay; clipboard-write; encrypted-media; gyroscope; picture-in-picture; web-share\" allowfullscreen><\/iframe>\n<\/div><\/figure>\n\n\n\n<h2 class=\"wp-block-heading\">Tutorial paso a paso sobre c\u00f3mo comprar Samoyedcoin con una tarjeta de d\u00e9bito<\/h2>\n\n\n\n<p><strong>El proceso de compra de Samoyedcoin con una tarjeta de d\u00e9bito se puede dividir en los siguientes pasos:<\/strong><\/p>\n\n\n\n<ol><li>Selecciona un mercado de criptomonedas confiable que acepte Samoyedcoin. Binance, Coinbase y Kraken son algunas opciones populares.<br><br><\/li><li>Reg\u00edstrate en el intercambio y lleva a cabo los pasos de verificaci\u00f3n de identificaci\u00f3n necesarios. Esto puede incluir proporcionar tu nombre, direcci\u00f3n y un documento de identidad gubernamental.<br><br><\/li><li>Una vez que se haya validado tu cuenta, ve al \u00e1rea de dep\u00f3sito y elige la opci\u00f3n de tarjeta de d\u00e9bito para depositar dinero.<br><br><\/li><li>Para completar la transacci\u00f3n, introduce la cantidad de dinero que deseas depositar y sigue las instrucciones en pantalla. Cabe destacar que algunos intercambios podr\u00edan cobrar una tarifa por los dep\u00f3sitos con tarjeta de d\u00e9bito.<br><br><\/li><li>Despu\u00e9s de depositar tu dinero, ve a la secci\u00f3n de trading y busca el par de trading SAMO. Por ejemplo, si depositaste USD, buscar\u00edas el par de trading SAMO\/USD.<br><br><\/li><li>Revisa la informaci\u00f3n de la orden e introduce la cantidad de SAMO que deseas comprar. Para finalizar la transacci\u00f3n, confirma la orden si todo parece estar en orden.<br><br><\/li><li>Tu monedero de intercambio recibir\u00e1 tu dep\u00f3sito de SAMO, que puedes almacenar o retirar a otro monedero.<\/li><\/ol>\n\n\n\n<h2 class=\"wp-block-heading\">Desventajas de usar una tarjeta de d\u00e9bito para comprar Samoyedcoin (SAMO)<\/h2>\n\n\n\n<p><strong>Si bien la compra de Samoyedcoin (SAMO) con una tarjeta de d\u00e9bito es una forma simple y pr\u00e1ctica de hacerlo, hay varias desventajas a considerar:<\/strong><\/p>\n\n\n\n<ul><li><strong>Tarifas:<\/strong> Usar una tarjeta de d\u00e9bito para comprar Bitcoin conlleva a menudo m\u00e1s costos que hacerlo a trav\u00e9s de una transferencia bancaria u otro medio de pago. Estos cargos pueden acumularse, especialmente para aquellos que hacen trading con frecuencia.<br><br><\/li><li><strong>Limitaciones: <\/strong>Algunos intercambios pueden establecer restricciones sobre cu\u00e1nta criptomoneda puedes comprar con una tarjeta de d\u00e9bito. Si deseas invertir una cantidad significativa de dinero, esto puede ser frustrante.<br><br><\/li><li><strong>Seguridad:<\/strong> Debido a que las tarjetas de d\u00e9bito est\u00e1n directamente vinculadas a tu cuenta bancaria, podr\u00edan ser objeto de fraude o intentos de hackers. Elige un intercambio confiable que tenga s\u00f3lidas medidas de seguridad en su lugar para proteger tu dinero.<br><br><\/li><li><strong>Volatilidad:<\/strong> Samoyedcoin y otras criptomonedas son conocidas por su alta volatilidad. Debido al potencial de cambio r\u00e1pido y extremo del precio, es dif\u00edcil estimar cu\u00e1nto valdr\u00e1 tu inversi\u00f3n. Antes de hacer una inversi\u00f3n en Bitcoin, es crucial hacer tu tarea y comprender los riesgos.<\/li><\/ul>\n\n\n\n<h2 class=\"wp-block-heading\">Conclusi\u00f3n<\/h2>\n\n\n\n<p>Comprar Samoyedcoin con una tarjeta de d\u00e9bito puede ser una forma conveniente y r\u00e1pida de adquirir algunas criptomonedas, pero es importante tener en cuenta los posibles riesgos y desventajas. Aseg\u00farate de investigar el intercambio o corredor que est\u00e1s utilizando, comparar las tarifas y monitorear de cerca tu cuenta y estado de cuenta de tu tarjeta para protegerte de fraudes y cargos no autorizados.<\/p>\n\n\n\n<!-- Page-list plugin v.5.9 wordpress.org\/plugins\/page-list\/ -->\n<ul class=\"page-list siblings-page-list \">\n<li class=\"page_item page-item-21826\"><a href=\"https:\/\/allin1bitcoins.com\/es\/crypto\/samoyedcoin\/paypal\/\">C\u00f3mo Comprar Samoyedcoin (SAMO) Con PayPal<\/a><\/li>\n<li class=\"page_item page-item-21786\"><a href=\"https:\/\/allin1bitcoins.com\/es\/crypto\/samoyedcoin\/paysafecard\/\">C\u00f3mo Comprar Samoyedcoin (SAMO) Con Paysafecard<\/a><\/li>\n<li class=\"page_item page-item-21812\"><a href=\"https:\/\/allin1bitcoins.com\/es\/crypto\/samoyedcoin\/credit-card\/\">C\u00f3mo Comprar Samoyedcoin (SAMO) Con Tarjeta De Cr\u00e9dito<\/a><\/li>\n<li class=\"page_item page-item-21849\"><a href=\"https:\/\/allin1bitcoins.com\/es\/crypto\/samoyedcoin\/debit-card\/\">C\u00f3mo Comprar Samoyedcoin (SAMO) Con Tarjeta De D\u00e9bito<\/a><\/li>\n<li class=\"page_item page-item-21792\"><a href=\"https:\/\/allin1bitcoins.com\/es\/crypto\/samoyedcoin\/australia\/\">C\u00f3mo Comprar Samoyedcoin (SAMO) En Australia<\/a><\/li>\n<li class=\"page_item page-item-21802\"><a href=\"https:\/\/allin1bitcoins.com\/es\/crypto\/samoyedcoin\/canada\/\">C\u00f3mo Comprar Samoyedcoin (SAMO) En Canad\u00e1<\/a><\/li>\n<li class=\"page_item page-item-21765\"><a href=\"https:\/\/allin1bitcoins.com\/es\/crypto\/samoyedcoin\/united-kingdom\/\">C\u00f3mo Comprar Samoyedcoin (SAMO) En El Reino Unido<\/a><\/li>\n<li class=\"page_item page-item-21776\"><a href=\"https:\/\/allin1bitcoins.com\/es\/crypto\/samoyedcoin\/united-states\/\">C\u00f3mo Comprar Samoyedcoin (SAMO) En Los Estados Unidos<\/a><\/li>\n\n<\/ul>\n","protected":false},"excerpt":{"rendered":"<p>C\u00f3mo comprar Samoyedcoin con una tarjeta de d\u00e9bito &#8211; Respuesta corta Para comprar Samoyedcoin con una tarjeta de d\u00e9bito, necesitar\u00e1s encontrar un intercambio o corredor de criptomonedas que te permita comprar Samoyedcoin usando una tarjeta de d\u00e9bito como m\u00e9todo de pago. Despu\u00e9s de crear una cuenta, verificar tu identidad y vincular tu tarjeta de d\u00e9bito,&#8230;<\/p>\n","protected":false},"author":5,"featured_media":15584,"parent":21748,"menu_order":0,"comment_status":"closed","ping_status":"closed","template":"","meta":{"cybocfi_hide_featured_image":"","footnotes":""},"acf":[],"yoast_head":"<!-- This site is optimized with the Yoast SEO plugin v21.7 - https:\/\/yoast.com\/wordpress\/plugins\/seo\/ -->\n<title>C\u00f3mo Comprar Samoyedcoin (SAMO) Con Tarjeta De D\u00e9bito<\/title>\n<meta name=\"description\" content=\"Comprar Samoyedcoin con tarjeta de d\u00e9bito es un proceso simple y f\u00e1cil. Encuentra un intercambio de criptomonedas y compra tu moneda favorita\" \/>\n<meta name=\"robots\" content=\"index, follow, max-snippet:-1, max-image-preview:large, max-video-preview:-1\" \/>\n<link rel=\"canonical\" href=\"https:\/\/allin1bitcoins.com\/es\/crypto\/samoyedcoin\/debit-card\/\" \/>\n<meta property=\"og:locale\" content=\"es_ES\" \/>\n<meta property=\"og:type\" content=\"article\" \/>\n<meta property=\"og:title\" content=\"C\u00f3mo Comprar Samoyedcoin (SAMO) Con Tarjeta De D\u00e9bito\" \/>\n<meta property=\"og:description\" content=\"Comprar Samoyedcoin con tarjeta de d\u00e9bito es un proceso simple y f\u00e1cil. Encuentra un intercambio de criptomonedas y compra tu moneda favorita\" \/>\n<meta property=\"og:url\" content=\"https:\/\/allin1bitcoins.com\/es\/crypto\/samoyedcoin\/debit-card\/\" \/>\n<meta property=\"og:site_name\" content=\"Allin1Bitcoins\" \/>\n<meta property=\"article:modified_time\" content=\"2023-02-20T06:45:35+00:00\" \/>\n<meta property=\"og:image\" content=\"https:\/\/allin1bitcoins.com\/wp-content\/uploads\/2023\/01\/pexels-cottonbro-studio-3944405.jpg\" \/>\n\t<meta property=\"og:image:width\" content=\"1280\" \/>\n\t<meta property=\"og:image:height\" content=\"853\" \/>\n\t<meta property=\"og:image:type\" content=\"image\/jpeg\" \/>\n<meta name=\"twitter:card\" content=\"summary_large_image\" \/>\n<meta name=\"twitter:label1\" content=\"Est. reading time\" \/>\n\t<meta name=\"twitter:data1\" content=\"4 minutes\" \/>\n<!-- \/ Yoast SEO plugin. -->","yoast_head_json":{"title":"C\u00f3mo Comprar Samoyedcoin (SAMO) Con Tarjeta De D\u00e9bito","description":"Comprar Samoyedcoin con tarjeta de d\u00e9bito es un proceso simple y f\u00e1cil. Encuentra un intercambio de criptomonedas y compra tu moneda favorita","robots":{"index":"index","follow":"follow","max-snippet":"max-snippet:-1","max-image-preview":"max-image-preview:large","max-video-preview":"max-video-preview:-1"},"canonical":"https:\/\/allin1bitcoins.com\/es\/crypto\/samoyedcoin\/debit-card\/","og_locale":"es_ES","og_type":"article","og_title":"C\u00f3mo Comprar Samoyedcoin (SAMO) Con Tarjeta De D\u00e9bito","og_description":"Comprar Samoyedcoin con tarjeta de d\u00e9bito es un proceso simple y f\u00e1cil. Encuentra un intercambio de criptomonedas y compra tu moneda favorita","og_url":"https:\/\/allin1bitcoins.com\/es\/crypto\/samoyedcoin\/debit-card\/","og_site_name":"Allin1Bitcoins","article_modified_time":"2023-02-20T06:45:35+00:00","og_image":[{"width":1280,"height":853,"url":"https:\/\/allin1bitcoins.com\/wp-content\/uploads\/2023\/01\/pexels-cottonbro-studio-3944405.jpg","type":"image\/jpeg"}],"twitter_card":"summary_large_image","twitter_misc":{"Est. reading time":"4 minutes"},"schema":{"@context":"https:\/\/schema.org","@graph":[{"@type":"WebPage","@id":"https:\/\/allin1bitcoins.com\/es\/crypto\/samoyedcoin\/debit-card\/","url":"https:\/\/allin1bitcoins.com\/es\/crypto\/samoyedcoin\/debit-card\/","name":"C\u00f3mo Comprar Samoyedcoin (SAMO) Con Tarjeta De D\u00e9bito","isPartOf":{"@id":"https:\/\/allin1bitcoins.com\/es\/#website"},"datePublished":"2023-02-20T06:45:33+00:00","dateModified":"2023-02-20T06:45:35+00:00","description":"Comprar Samoyedcoin con tarjeta de d\u00e9bito es un proceso simple y f\u00e1cil. Encuentra un intercambio de criptomonedas y compra tu moneda favorita","breadcrumb":{"@id":"https:\/\/allin1bitcoins.com\/es\/crypto\/samoyedcoin\/debit-card\/#breadcrumb"},"inLanguage":"es","potentialAction":[{"@type":"ReadAction","target":["https:\/\/allin1bitcoins.com\/es\/crypto\/samoyedcoin\/debit-card\/"]}]},{"@type":"BreadcrumbList","@id":"https:\/\/allin1bitcoins.com\/es\/crypto\/samoyedcoin\/debit-card\/#breadcrumb","itemListElement":[{"@type":"ListItem","position":1,"name":"Home","item":"https:\/\/allin1bitcoins.com\/es\/"},{"@type":"ListItem","position":2,"name":"Cripto","item":"https:\/\/allin1bitcoins.com\/es\/crypto\/"},{"@type":"ListItem","position":3,"name":"C\u00f3mo Comprar Samoyedcoin (SAMO) &#8211; Gu\u00eda Paso A Paso 2023","item":"https:\/\/allin1bitcoins.com\/es\/crypto\/samoyedcoin\/"},{"@type":"ListItem","position":4,"name":"C\u00f3mo Comprar Samoyedcoin (SAMO) Con Tarjeta De D\u00e9bito"}]},{"@type":"WebSite","@id":"https:\/\/allin1bitcoins.com\/es\/#website","url":"https:\/\/allin1bitcoins.com\/es\/","name":"Allin1Bitcoins","description":"","publisher":{"@id":"https:\/\/allin1bitcoins.com\/es\/#organization"},"potentialAction":[{"@type":"SearchAction","target":{"@type":"EntryPoint","urlTemplate":"https:\/\/allin1bitcoins.com\/es\/?s={search_term_string}"},"query-input":"required name=search_term_string"}],"inLanguage":"es"},{"@type":"Organization","@id":"https:\/\/allin1bitcoins.com\/es\/#organization","name":"allin1bitcoins","url":"https:\/\/allin1bitcoins.com\/es\/","logo":{"@type":"ImageObject","inLanguage":"es","@id":"https:\/\/allin1bitcoins.com\/es\/#\/schema\/logo\/image\/","url":"https:\/\/allin1bitcoins.com\/wp-content\/uploads\/2019\/01\/logo-new.png","contentUrl":"https:\/\/allin1bitcoins.com\/wp-content\/uploads\/2019\/01\/logo-new.png","width":178,"height":71,"caption":"allin1bitcoins"},"image":{"@id":"https:\/\/allin1bitcoins.com\/es\/#\/schema\/logo\/image\/"}}]}},"_links":{"self":[{"href":"https:\/\/allin1bitcoins.com\/es\/wp-json\/wp\/v2\/pages\/21849"}],"collection":[{"href":"https:\/\/allin1bitcoins.com\/es\/wp-json\/wp\/v2\/pages"}],"about":[{"href":"https:\/\/allin1bitcoins.com\/es\/wp-json\/wp\/v2\/types\/page"}],"author":[{"embeddable":true,"href":"https:\/\/allin1bitcoins.com\/es\/wp-json\/wp\/v2\/users\/5"}],"replies":[{"embeddable":true,"href":"https:\/\/allin1bitcoins.com\/es\/wp-json\/wp\/v2\/comments?post=21849"}],"version-history":[{"count":1,"href":"https:\/\/allin1bitcoins.com\/es\/wp-json\/wp\/v2\/pages\/21849\/revisions"}],"predecessor-version":[{"id":21854,"href":"https:\/\/allin1bitcoins.com\/es\/wp-json\/wp\/v2\/pages\/21849\/revisions\/21854"}],"up":[{"embeddable":true,"href":"https:\/\/allin1bitcoins.com\/es\/wp-json\/wp\/v2\/pages\/21748"}],"wp:featuredmedia":[{"embeddable":true,"href":"https:\/\/allin1bitcoins.com\/es\/wp-json\/wp\/v2\/media\/15584"}],"wp:attachment":[{"href":"https:\/\/allin1bitcoins.com\/es\/wp-json\/wp\/v2\/media?parent=21849"}],"curies":[{"name":"wp","href":"https:\/\/api.w.org\/{rel}","templated":true}]}}