{"id":21952,"date":"2023-02-21T06:47:33","date_gmt":"2023-02-21T06:47:33","guid":{"rendered":"https:\/\/allin1bitcoins.com\/?page_id=21952"},"modified":"2023-02-21T07:04:28","modified_gmt":"2023-02-21T07:04:28","slug":"netherlands","status":"publish","type":"page","link":"https:\/\/allin1bitcoins.com\/es\/crypto\/shentu\/netherlands\/","title":{"rendered":"C\u00f3mo Comprar Shentu (CTK) En Los Pa\u00edses Bajos"},"content":{"rendered":"\n<h2 class=\"wp-block-heading\">Respuesta breve: Puedes comprar Shentu Coin en los Pa\u00edses Bajos.<\/h2>\n\n\n\n<p>Debes usar un intercambio de criptomonedas que permita comprar activos digitales con euros para adquirir Shentu Coin en los Pa\u00edses Bajos. Esta funci\u00f3n la proporcionan varios intercambios conocidos, incluyendo Coinbase, Binance y Bitfinex. Debes registrarte en una cuenta en uno de estos intercambios, confirmar tu identificaci\u00f3n y agregar dinero a tu cuenta mediante una transferencia bancaria o tarjeta de d\u00e9bito\/cr\u00e9dito para comprar Shentu Coin en los Pa\u00edses Bajos. Puedes comprar Shentu Coin una vez que se reciba el dinero.<\/p>\n\n\n\n<h2 class=\"wp-block-heading\">Visi\u00f3n general de Shentu Coin<\/h2>\n\n\n\n<p>En la cadena de bloques de Shentu, Shentu Coin es un activo digital que sirve como medio de comercio. Es una criptomoneda descentralizada y de c\u00f3digo abierto, r\u00e1pida y segura para transferir dinero por Internet. Shentu Coin asegura la red y verifica las transacciones mediante un proceso de consenso de prueba de trabajo.<\/p>\n\n\n\n<h2 class=\"wp-block-heading\">Ventajas de comprar Shentu Coin<\/h2>\n\n\n\n<p>La compra de Shentu Coin tiene varias ventajas. En primer lugar, Shentu Coin es un activo altamente l\u00edquido y f\u00e1cil de comprar y vender en los intercambios. Por esta raz\u00f3n, es una opci\u00f3n deseable para los inversores que desean diversificar sus tenencias. Tambi\u00e9n puedes utilizar Shentu Coin para realizar compras en l\u00ednea o en tiendas f\u00edsicas, ya que es una forma de pago ampliamente aceptada. Por \u00faltimo, pero no menos importante, Shentu Coin es una opci\u00f3n popular para enviar y recibir pagos debido a su r\u00e1pida velocidad de transacci\u00f3n y tarifas asequibles.<\/p>\n\n\n\n<h2 class=\"wp-block-heading\">C\u00f3mo comprar Shentu Coin en los Pa\u00edses Bajos: Gu\u00eda paso a paso<\/h2>\n\n\n\n<p><strong>Se proporciona a continuaci\u00f3n una gu\u00eda paso a paso sobre c\u00f3mo comprar Shentu Coin en los Pa\u00edses Bajos:<\/strong><\/p>\n\n\n\n<ol><li>Selecciona un mercado de criptomonedas que te permita comprar Shentu Coin con euros. Coinbase, Binance y Bitfinex son algunas opciones populares.<br><br><\/li><li>Reg\u00edstrate en una cuenta de intercambio y luego autentica tu identidad. Por lo general, se requiere cargar un ID emitido por el gobierno y una prueba de direcci\u00f3n para este proceso.<br><br><\/li><li>Usa una tarjeta de d\u00e9bito\/cr\u00e9dito o una transferencia bancaria para agregar dinero a tu cuenta. Por lo general, puedes hacerlo a trav\u00e9s del sitio web o la aplicaci\u00f3n m\u00f3vil de tu intercambio.<br><br><\/li><li>Puedes comprar Shentu Coin con el dinero una vez que se haya depositado en tu cuenta. Selecciona Shentu Coin de la lista de activos disponibles yendo a la secci\u00f3n &#8220;Comprar&#8221; del intercambio.<br><br><\/li><li>Realiza tu pedido ingresando la cantidad de Shentu Coin que deseas comprar.<br><br><\/li><li>Una vez que se complete la transacci\u00f3n, tu cuenta de intercambio se acreditar\u00e1 con tus Shentu Coin. Impuesto de compra de Shentu Coin en los Pa\u00edses Bajos<br><br><\/li><li>La forma en que uses Shentu Coin determinar\u00e1 c\u00f3mo se gravar\u00e1 en los Pa\u00edses Bajos. Si lo compras como inversi\u00f3n, es posible que debas pagar impuestos sobre las ganancias de capital cuando vendas Shentu Coin.<br><br><\/li><li>Es posible que deba pagar el IVA si utiliza Shentu Coin para pagar productos o servicios. Si tiene preocupaciones sobre las repercusiones fiscales de comprar Shentu Coin en los Pa\u00edses Bajos, es crucial hablar con un experto en impuestos.<\/li><\/ol>\n\n\n\n<figure class=\"wp-block-embed is-type-video is-provider-youtube wp-block-embed-youtube wp-embed-aspect-16-9 wp-has-aspect-ratio\"><div class=\"wp-block-embed__wrapper\">\n<iframe title=\"Why I am buying #CTK Coin Again || Reason Explain\" width=\"800\" height=\"450\" src=\"https:\/\/www.youtube.com\/embed\/Plcj2FENAvU?feature=oembed\" frameborder=\"0\" allow=\"accelerometer; autoplay; clipboard-write; encrypted-media; gyroscope; picture-in-picture; web-share\" allowfullscreen><\/iframe>\n<\/div><\/figure>\n\n\n\n<h2 class=\"wp-block-heading\">Comprando Shentu Coin en Los Pa\u00edses Bajos &#8211; Impuestos<\/h2>\n\n\n\n<p>Al comprar Shentu Coin en los Pa\u00edses Bajos, es importante tener en cuenta las implicaciones fiscales de su compra. El uso de Shentu Coin para transacciones determinar\u00e1 c\u00f3mo se le gravar\u00e1 fiscalmente en los Pa\u00edses Bajos. Si se compra Shentu Coin como inversi\u00f3n y se vende con beneficios, es posible que deba pagar impuestos sobre las ganancias de capital. Adem\u00e1s, si se utiliza Shentu Coin para pagar bienes o servicios, puede ser necesario el pago de impuesto sobre el valor a\u00f1adido (IVA). Es importante buscar el consejo de un experto en impuestos si tiene preocupaciones acerca de las implicaciones fiscales de comprar Shentu Coin en los Pa\u00edses Bajos.<\/p>\n\n\n\n<h2 class=\"wp-block-heading\">Conclusi\u00f3n<\/h2>\n\n\n\n<p>Es f\u00e1cil comprar Shentu Coin en los Pa\u00edses Bajos a trav\u00e9s de un exchange de criptomonedas confiable. Puede adquirir Shentu Coin utilizando Euros siguiendo las instrucciones de esta gu\u00eda. Es importante recordar que el tratamiento fiscal de Shentu Coin puede cambiar seg\u00fan la forma en que lo use, por lo que si tiene alguna pregunta, es posible que desee hablar con un experto en impuestos.<\/p>\n\n\n\n<!-- Page-list plugin v.5.9 wordpress.org\/plugins\/page-list\/ -->\n<ul class=\"page-list siblings-page-list \">\n<li class=\"page_item page-item-21878\"><a href=\"https:\/\/allin1bitcoins.com\/es\/crypto\/shentu\/apple-pay\/\">C\u00f3mo Comprar Shentu (CTK) Con Apple Pay<\/a><\/li>\n<li class=\"page_item page-item-21935\"><a href=\"https:\/\/allin1bitcoins.com\/es\/crypto\/shentu\/google-pay\/\">C\u00f3mo Comprar Shentu (CTK) Con Google Pay<\/a><\/li>\n<li class=\"page_item page-item-21885\"><a href=\"https:\/\/allin1bitcoins.com\/es\/crypto\/shentu\/credit-card\/\">C\u00f3mo Comprar Shentu (CTK) Con Una Tarjeta De Cr\u00e9dito<\/a><\/li>\n<li class=\"page_item page-item-21923\"><a href=\"https:\/\/allin1bitcoins.com\/es\/crypto\/shentu\/bank-account\/\">C\u00f3mo Comprar Shentu (CTK) Con Una Tarjeta De Cr\u00e9dito<\/a><\/li>\n<li class=\"page_item page-item-21965\"><a href=\"https:\/\/allin1bitcoins.com\/es\/crypto\/shentu\/australia\/\">C\u00f3mo Comprar Shentu (CTK) En Australia<\/a><\/li>\n<li class=\"page_item page-item-21983\"><a href=\"https:\/\/allin1bitcoins.com\/es\/crypto\/shentu\/austria\/\">C\u00f3mo Comprar Shentu (CTK) En Austria<\/a><\/li>\n<li class=\"page_item page-item-21943\"><a href=\"https:\/\/allin1bitcoins.com\/es\/crypto\/shentu\/united-kingdom\/\">C\u00f3mo Comprar Shentu (CTK) En El Reino Unido<\/a><\/li>\n<li class=\"page_item page-item-21952\"><a href=\"https:\/\/allin1bitcoins.com\/es\/crypto\/shentu\/netherlands\/\">C\u00f3mo Comprar Shentu (CTK) En Los Pa\u00edses Bajos<\/a><\/li>\n\n<\/ul>\n","protected":false},"excerpt":{"rendered":"<p>Respuesta breve: Puedes comprar Shentu Coin en los Pa\u00edses Bajos. Debes usar un intercambio de criptomonedas que permita comprar activos digitales con euros para adquirir Shentu Coin en los Pa\u00edses Bajos. Esta funci\u00f3n la proporcionan varios intercambios conocidos, incluyendo Coinbase, Binance y Bitfinex. Debes registrarte en una cuenta en uno de estos intercambios, confirmar tu&#8230;<\/p>\n","protected":false},"author":5,"featured_media":14154,"parent":21867,"menu_order":0,"comment_status":"closed","ping_status":"closed","template":"","meta":{"cybocfi_hide_featured_image":"","footnotes":""},"acf":[],"yoast_head":"<!-- This site is optimized with the Yoast SEO plugin v21.7 - https:\/\/yoast.com\/wordpress\/plugins\/seo\/ -->\n<title>C\u00f3mo Comprar Shentu (CTK) En Los Pa\u00edses Bajos<\/title>\n<meta name=\"description\" content=\"Debes utilizar un exchange de criptomonedas que te permita comprar activos digitales con euros para poder adquirir Shentu en los Pa\u00edses Bajos\" \/>\n<meta name=\"robots\" content=\"index, follow, max-snippet:-1, max-image-preview:large, max-video-preview:-1\" \/>\n<link rel=\"canonical\" href=\"https:\/\/allin1bitcoins.com\/es\/crypto\/shentu\/netherlands\/\" \/>\n<meta property=\"og:locale\" content=\"es_ES\" \/>\n<meta property=\"og:type\" content=\"article\" \/>\n<meta property=\"og:title\" content=\"C\u00f3mo Comprar Shentu (CTK) En Los Pa\u00edses Bajos\" \/>\n<meta property=\"og:description\" content=\"Debes utilizar un exchange de criptomonedas que te permita comprar activos digitales con euros para poder adquirir Shentu en los Pa\u00edses Bajos\" \/>\n<meta property=\"og:url\" content=\"https:\/\/allin1bitcoins.com\/es\/crypto\/shentu\/netherlands\/\" \/>\n<meta property=\"og:site_name\" content=\"Allin1Bitcoins\" \/>\n<meta property=\"article:modified_time\" content=\"2023-02-21T07:04:28+00:00\" \/>\n<meta property=\"og:image\" content=\"https:\/\/allin1bitcoins.com\/wp-content\/uploads\/2023\/01\/adrien-olichon-6Q0rW3gZ1F4-unsplash.jpg\" \/>\n\t<meta property=\"og:image:width\" content=\"640\" \/>\n\t<meta property=\"og:image:height\" content=\"427\" \/>\n\t<meta property=\"og:image:type\" content=\"image\/jpeg\" \/>\n<meta name=\"twitter:card\" content=\"summary_large_image\" \/>\n<meta name=\"twitter:label1\" content=\"Est. reading time\" \/>\n\t<meta name=\"twitter:data1\" content=\"4 minutes\" \/>\n<!-- \/ Yoast SEO plugin. -->","yoast_head_json":{"title":"C\u00f3mo Comprar Shentu (CTK) En Los Pa\u00edses Bajos","description":"Debes utilizar un exchange de criptomonedas que te permita comprar activos digitales con euros para poder adquirir Shentu en los Pa\u00edses Bajos","robots":{"index":"index","follow":"follow","max-snippet":"max-snippet:-1","max-image-preview":"max-image-preview:large","max-video-preview":"max-video-preview:-1"},"canonical":"https:\/\/allin1bitcoins.com\/es\/crypto\/shentu\/netherlands\/","og_locale":"es_ES","og_type":"article","og_title":"C\u00f3mo Comprar Shentu (CTK) En Los Pa\u00edses Bajos","og_description":"Debes utilizar un exchange de criptomonedas que te permita comprar activos digitales con euros para poder adquirir Shentu en los Pa\u00edses Bajos","og_url":"https:\/\/allin1bitcoins.com\/es\/crypto\/shentu\/netherlands\/","og_site_name":"Allin1Bitcoins","article_modified_time":"2023-02-21T07:04:28+00:00","og_image":[{"width":640,"height":427,"url":"https:\/\/allin1bitcoins.com\/wp-content\/uploads\/2023\/01\/adrien-olichon-6Q0rW3gZ1F4-unsplash.jpg","type":"image\/jpeg"}],"twitter_card":"summary_large_image","twitter_misc":{"Est. reading time":"4 minutes"},"schema":{"@context":"https:\/\/schema.org","@graph":[{"@type":"WebPage","@id":"https:\/\/allin1bitcoins.com\/es\/crypto\/shentu\/netherlands\/","url":"https:\/\/allin1bitcoins.com\/es\/crypto\/shentu\/netherlands\/","name":"C\u00f3mo Comprar Shentu (CTK) En Los Pa\u00edses Bajos","isPartOf":{"@id":"https:\/\/allin1bitcoins.com\/es\/#website"},"datePublished":"2023-02-21T06:47:33+00:00","dateModified":"2023-02-21T07:04:28+00:00","description":"Debes utilizar un exchange de criptomonedas que te permita comprar activos digitales con euros para poder adquirir Shentu en los Pa\u00edses Bajos","breadcrumb":{"@id":"https:\/\/allin1bitcoins.com\/es\/crypto\/shentu\/netherlands\/#breadcrumb"},"inLanguage":"es","potentialAction":[{"@type":"ReadAction","target":["https:\/\/allin1bitcoins.com\/es\/crypto\/shentu\/netherlands\/"]}]},{"@type":"BreadcrumbList","@id":"https:\/\/allin1bitcoins.com\/es\/crypto\/shentu\/netherlands\/#breadcrumb","itemListElement":[{"@type":"ListItem","position":1,"name":"Home","item":"https:\/\/allin1bitcoins.com\/es\/"},{"@type":"ListItem","position":2,"name":"Cripto","item":"https:\/\/allin1bitcoins.com\/es\/crypto\/"},{"@type":"ListItem","position":3,"name":"C\u00f3mo Comprar Shentu (CTK) En El &#8211; Gu\u00eda Paso A Paso De (2023)","item":"https:\/\/allin1bitcoins.com\/es\/crypto\/shentu\/"},{"@type":"ListItem","position":4,"name":"C\u00f3mo Comprar Shentu (CTK) En Los Pa\u00edses Bajos"}]},{"@type":"WebSite","@id":"https:\/\/allin1bitcoins.com\/es\/#website","url":"https:\/\/allin1bitcoins.com\/es\/","name":"Allin1Bitcoins","description":"","publisher":{"@id":"https:\/\/allin1bitcoins.com\/es\/#organization"},"potentialAction":[{"@type":"SearchAction","target":{"@type":"EntryPoint","urlTemplate":"https:\/\/allin1bitcoins.com\/es\/?s={search_term_string}"},"query-input":"required name=search_term_string"}],"inLanguage":"es"},{"@type":"Organization","@id":"https:\/\/allin1bitcoins.com\/es\/#organization","name":"allin1bitcoins","url":"https:\/\/allin1bitcoins.com\/es\/","logo":{"@type":"ImageObject","inLanguage":"es","@id":"https:\/\/allin1bitcoins.com\/es\/#\/schema\/logo\/image\/","url":"https:\/\/allin1bitcoins.com\/wp-content\/uploads\/2019\/01\/logo-new.png","contentUrl":"https:\/\/allin1bitcoins.com\/wp-content\/uploads\/2019\/01\/logo-new.png","width":178,"height":71,"caption":"allin1bitcoins"},"image":{"@id":"https:\/\/allin1bitcoins.com\/es\/#\/schema\/logo\/image\/"}}]}},"_links":{"self":[{"href":"https:\/\/allin1bitcoins.com\/es\/wp-json\/wp\/v2\/pages\/21952"}],"collection":[{"href":"https:\/\/allin1bitcoins.com\/es\/wp-json\/wp\/v2\/pages"}],"about":[{"href":"https:\/\/allin1bitcoins.com\/es\/wp-json\/wp\/v2\/types\/page"}],"author":[{"embeddable":true,"href":"https:\/\/allin1bitcoins.com\/es\/wp-json\/wp\/v2\/users\/5"}],"replies":[{"embeddable":true,"href":"https:\/\/allin1bitcoins.com\/es\/wp-json\/wp\/v2\/comments?post=21952"}],"version-history":[{"count":1,"href":"https:\/\/allin1bitcoins.com\/es\/wp-json\/wp\/v2\/pages\/21952\/revisions"}],"predecessor-version":[{"id":21955,"href":"https:\/\/allin1bitcoins.com\/es\/wp-json\/wp\/v2\/pages\/21952\/revisions\/21955"}],"up":[{"embeddable":true,"href":"https:\/\/allin1bitcoins.com\/es\/wp-json\/wp\/v2\/pages\/21867"}],"wp:featuredmedia":[{"embeddable":true,"href":"https:\/\/allin1bitcoins.com\/es\/wp-json\/wp\/v2\/media\/14154"}],"wp:attachment":[{"href":"https:\/\/allin1bitcoins.com\/es\/wp-json\/wp\/v2\/media?parent=21952"}],"curies":[{"name":"wp","href":"https:\/\/api.w.org\/{rel}","templated":true}]}}