{"id":22092,"date":"2023-02-24T07:24:45","date_gmt":"2023-02-24T07:24:45","guid":{"rendered":"https:\/\/allin1bitcoins.com\/?page_id=22092"},"modified":"2023-02-24T07:24:49","modified_gmt":"2023-02-24T07:24:49","slug":"lingose","status":"publish","type":"page","link":"https:\/\/allin1bitcoins.com\/es\/crypto\/lingose\/","title":{"rendered":"C\u00f3mo Comprar Lingose (LING) &#8211; Gu\u00eda Paso A Paso"},"content":{"rendered":"\n<h2 class=\"wp-block-heading\">Comprar la moneda Lingose (LING) &#8211; Respuesta corta <\/h2>\n\n\n\n<p>Lingose (LING) es una criptomoneda que puede comprarse en diversas plataformas en l\u00ednea. Para comprar Lingose, necesitas elegir una plataforma, crear una cuenta, financiarla, comprar Lingose y, posiblemente, retirarlo a una billetera personal. Este proceso es bastante sencillo y consta de algunos pasos clave que cubriremos con m\u00e1s detalle a continuaci\u00f3n.<\/p>\n\n\n\n<h2 class=\"wp-block-heading\">Introducci\u00f3n a la moneda Lingose (LING) <\/h2>\n\n\n\n<p>Lingose (LING) es una criptomoneda relativamente nueva que tiene como objetivo proporcionar una soluci\u00f3n de pago segura y eficiente para empresas e individuos. Fue creada con el objetivo de mejorar las criptomonedas existentes abordando sus problemas de escalabilidad, seguridad y eficiencia.<\/p>\n\n\n\n<p>Una de las caracter\u00edsticas clave de Lingose es su uso del mecanismo de consenso Proof-of-Stake (PoS). Esto contrasta con el mecanismo Proof-of-Work (PoW) de Bitcoin, que se considera menos eficiente en t\u00e9rminos de energ\u00eda y m\u00e1s vulnerable a ataques.<\/p>\n\n\n\n<h2 class=\"wp-block-heading\">Resumen del procedimiento de compra de la moneda Lingose <\/h2>\n\n\n\n<p>La compra de la moneda Lingose sigue un procedimiento similar al de otras criptomonedas como Bitcoin o Ethereum. El primer paso es hacer una cuenta en una plataforma de criptomonedas confiable que acepte la moneda Lingose. Una vez que tienes una cuenta, puedes comprar Lingose utilizando varias opciones de pago, como tarjeta de cr\u00e9dito, tarjeta de d\u00e9bito o transferencia bancaria. Antes de seleccionar una plataforma, es crucial realizar su propia investigaci\u00f3n y debida diligencia. Hay varias cosas a tener en cuenta, como los costos, la seguridad y la reputaci\u00f3n de la plataforma.<\/p>\n\n\n\n<figure class=\"wp-block-embed is-type-video is-provider-youtube wp-block-embed-youtube wp-embed-aspect-16-9 wp-has-aspect-ratio\"><div class=\"wp-block-embed__wrapper\">\n<iframe title=\"\ud83d\ude80 TO THE MOON \ud83d\ude80 LINGOSE [HOT]\ud83d\ude80 ALIENCRYPTO REVIEW\" width=\"800\" height=\"450\" src=\"https:\/\/www.youtube.com\/embed\/FSN-V-d9pyg?feature=oembed\" frameborder=\"0\" allow=\"accelerometer; autoplay; clipboard-write; encrypted-media; gyroscope; picture-in-picture; web-share\" allowfullscreen><\/iframe>\n<\/div><\/figure>\n\n\n\n<h2 class=\"wp-block-heading\">C\u00f3mo comprar la moneda Lingose <\/h2>\n\n\n\n<h2 class=\"wp-block-heading\">Se deben seguir los siguientes procedimientos para comprar la moneda Lingose:<\/h2>\n\n\n\n<ol><li>El primer paso para comprar la moneda Lingose es elegir una plataforma. Aseg\u00farate de que la plataforma que elijas admita la moneda. Binance, Coinbase y Bitstamp son algunas opciones populares. Antes de tomar una decisi\u00f3n, es crucial realizar su propia investigaci\u00f3n y evaluar los costos, la seguridad y la reputaci\u00f3n de varias plataformas.<br><br><\/li><li>Despu\u00e9s de elegir una plataforma, debes registrarte ingresando algunos datos personales, como tu nombre, direcci\u00f3n de correo electr\u00f3nico y n\u00famero de tel\u00e9fono. Tambi\u00e9n se puede necesitar una copia de tu identificaci\u00f3n emitida por el gobierno para demostrar tu identidad.<br><br><\/li><li>Despu\u00e9s de crear una cuenta, debes vincular un m\u00e9todo de pago, como una tarjeta de cr\u00e9dito, tarjeta de d\u00e9bito o cuenta bancaria, para pagar tus compras. Dependiendo de la plataforma que est\u00e9s usando, pueden ser necesarios diferentes pasos para vincular un m\u00e9todo de pago.<br><br><\/li><li>Usando la plataforma de negociaci\u00f3n de la plataforma, puedes comprar la moneda Lingose despu\u00e9s de conectar un m\u00e9todo de pago. Puedes indicar la cantidad de moneda Lingose que deseas comprar y tu rango de precios. Una vez que se haya emparejado tu pedido con un vendedor, se procesar\u00e1.<br><br><\/li><li>Despu\u00e9s de comprar Lingose coin, debes mantenerlo seguro guard\u00e1ndolo en una billetera segura. Las billeteras vienen en una variedad de formas, como billeteras de software, billeteras de hardware y billeteras de papel. Es crucial elegir una billetera que satisfaga tus demandas y sea segura.<\/li><\/ol>\n\n\n\n<h2 class=\"wp-block-heading\">Ventajas de comprar Lingose Coin <\/h2>\n\n\n\n<p><strong>Comprar Lingose coin tiene varios beneficios, entre ellos:<\/strong><\/p>\n\n\n\n<ul><li>Lingose coin es descentralizado, lo que significa que no est\u00e1 controlado por una sola organizaci\u00f3n como un gobierno o una instituci\u00f3n financiera. Los usuarios pueden beneficiarse de m\u00e1s seguridad y autonom\u00eda como resultado.<br><br><\/li><li>Transacciones r\u00e1pidas y econ\u00f3micas: debido a que las transacciones de Lingose coin no incluyen corredores ni otras tarifas costosas, suelen ser m\u00e1s r\u00e1pidas y menos costosas que las transacciones financieras tradicionales.<br><br><\/li><li>Lingose coin tiene el potencial de aumentar su valor con el tiempo, al igual que otras criptomonedas. Para las personas que compran la moneda, esto puede resultar en un posible retorno de inversi\u00f3n.<\/li><\/ul>\n\n\n\n<h2 class=\"wp-block-heading\">Conclusi\u00f3n <\/h2>\n\n\n\n<p>El procedimiento de compra de Lingose coin es bastante sencillo y est\u00e1 disponible en varias bolsas en l\u00ednea. Ofrece las ventajas de la descentralizaci\u00f3n, transacciones r\u00e1pidas y econ\u00f3micas y potencial de apreciaci\u00f3n. Antes de comprar Lingose coin, debes realizar tu propia investigaci\u00f3n y debida diligencia, ya que el mercado de criptomonedas es arriesgado y extremadamente vol\u00e1til. Debe consultarse a un asesor financiero u otro experto antes de tomar cualquier decisi\u00f3n de inversi\u00f3n.<\/p>\n\n\n\n<!-- Page-list plugin v.5.9 wordpress.org\/plugins\/page-list\/ -->\n<ul class=\"page-list subpages-page-list \">\n<li class=\"page_item page-item-22137\"><a href=\"https:\/\/allin1bitcoins.com\/es\/crypto\/lingose\/apple-pay\/\">C\u00f3mo Comprar Lingose (LING) Con Apple Pay<\/a><\/li>\n<li class=\"page_item page-item-22146\"><a href=\"https:\/\/allin1bitcoins.com\/es\/crypto\/lingose\/paypal\/\">C\u00f3mo Comprar Lingose (LING) Con PayPal<\/a><\/li>\n<li class=\"page_item page-item-22170\"><a href=\"https:\/\/allin1bitcoins.com\/es\/crypto\/lingose\/credit-card\/\">C\u00f3mo Comprar Lingose (LING) Con Una Tarjeta De Cr\u00e9dito<\/a><\/li>\n<li class=\"page_item page-item-22156\"><a href=\"https:\/\/allin1bitcoins.com\/es\/crypto\/lingose\/debit-card\/\">C\u00f3mo Comprar Lingose (LING) Con Una Tarjeta De D\u00e9bito<\/a><\/li>\n<li class=\"page_item page-item-22129\"><a href=\"https:\/\/allin1bitcoins.com\/es\/crypto\/lingose\/canada\/\">C\u00f3mo Comprar Lingose (LING) En Canad\u00e1<\/a><\/li>\n<li class=\"page_item page-item-22105\"><a href=\"https:\/\/allin1bitcoins.com\/es\/crypto\/lingose\/united-kingdom\/\">C\u00f3mo Comprar Lingose (LING) En El Reino Unido<\/a><\/li>\n<li class=\"page_item page-item-22115\"><a href=\"https:\/\/allin1bitcoins.com\/es\/crypto\/lingose\/united-states\/\">C\u00f3mo Comprar Lingose (LING) En Estados Unidos<\/a><\/li>\n\n<\/ul>\n","protected":false},"excerpt":{"rendered":"<p>Comprar la moneda Lingose (LING) &#8211; Respuesta corta Lingose (LING) es una criptomoneda que puede comprarse en diversas plataformas en l\u00ednea. Para comprar Lingose, necesitas elegir una plataforma, crear una cuenta, financiarla, comprar Lingose y, posiblemente, retirarlo a una billetera personal. Este proceso es bastante sencillo y consta de algunos pasos clave que cubriremos con&#8230;<\/p>\n","protected":false},"author":5,"featured_media":15966,"parent":18924,"menu_order":0,"comment_status":"closed","ping_status":"closed","template":"","meta":{"cybocfi_hide_featured_image":"","footnotes":""},"acf":[],"yoast_head":"<!-- This site is optimized with the Yoast SEO plugin v21.7 - https:\/\/yoast.com\/wordpress\/plugins\/seo\/ -->\n<title>C\u00f3mo Comprar Lingose (LING) - Gu\u00eda Paso A Paso<\/title>\n<meta name=\"description\" content=\"Las compras de la moneda Lingose siguen un procedimiento similar al de otras criptomonedas como Bitcoin o Ethereum. Sigue leyendo.\" \/>\n<meta name=\"robots\" content=\"index, follow, max-snippet:-1, max-image-preview:large, max-video-preview:-1\" \/>\n<link rel=\"canonical\" href=\"https:\/\/allin1bitcoins.com\/es\/crypto\/lingose\/\" \/>\n<meta property=\"og:locale\" content=\"es_ES\" \/>\n<meta property=\"og:type\" content=\"article\" \/>\n<meta property=\"og:title\" content=\"C\u00f3mo Comprar Lingose (LING) - Gu\u00eda Paso A Paso\" \/>\n<meta property=\"og:description\" content=\"Las compras de la moneda Lingose siguen un procedimiento similar al de otras criptomonedas como Bitcoin o Ethereum. Sigue leyendo.\" \/>\n<meta property=\"og:url\" content=\"https:\/\/allin1bitcoins.com\/es\/crypto\/lingose\/\" \/>\n<meta property=\"og:site_name\" content=\"Allin1Bitcoins\" \/>\n<meta property=\"article:modified_time\" content=\"2023-02-24T07:24:49+00:00\" \/>\n<meta property=\"og:image\" content=\"https:\/\/allin1bitcoins.com\/wp-content\/uploads\/2023\/01\/pexels-alesia-kozik-6781390.jpg\" \/>\n\t<meta property=\"og:image:width\" content=\"640\" \/>\n\t<meta property=\"og:image:height\" content=\"960\" \/>\n\t<meta property=\"og:image:type\" content=\"image\/jpeg\" \/>\n<meta name=\"twitter:card\" content=\"summary_large_image\" \/>\n<meta name=\"twitter:label1\" content=\"Est. reading time\" \/>\n\t<meta name=\"twitter:data1\" content=\"3 minutes\" \/>\n<!-- \/ Yoast SEO plugin. -->","yoast_head_json":{"title":"C\u00f3mo Comprar Lingose (LING) - Gu\u00eda Paso A Paso","description":"Las compras de la moneda Lingose siguen un procedimiento similar al de otras criptomonedas como Bitcoin o Ethereum. Sigue leyendo.","robots":{"index":"index","follow":"follow","max-snippet":"max-snippet:-1","max-image-preview":"max-image-preview:large","max-video-preview":"max-video-preview:-1"},"canonical":"https:\/\/allin1bitcoins.com\/es\/crypto\/lingose\/","og_locale":"es_ES","og_type":"article","og_title":"C\u00f3mo Comprar Lingose (LING) - Gu\u00eda Paso A Paso","og_description":"Las compras de la moneda Lingose siguen un procedimiento similar al de otras criptomonedas como Bitcoin o Ethereum. Sigue leyendo.","og_url":"https:\/\/allin1bitcoins.com\/es\/crypto\/lingose\/","og_site_name":"Allin1Bitcoins","article_modified_time":"2023-02-24T07:24:49+00:00","og_image":[{"width":640,"height":960,"url":"https:\/\/allin1bitcoins.com\/wp-content\/uploads\/2023\/01\/pexels-alesia-kozik-6781390.jpg","type":"image\/jpeg"}],"twitter_card":"summary_large_image","twitter_misc":{"Est. reading time":"3 minutes"},"schema":{"@context":"https:\/\/schema.org","@graph":[{"@type":"WebPage","@id":"https:\/\/allin1bitcoins.com\/es\/crypto\/lingose\/","url":"https:\/\/allin1bitcoins.com\/es\/crypto\/lingose\/","name":"C\u00f3mo Comprar Lingose (LING) - Gu\u00eda Paso A Paso","isPartOf":{"@id":"https:\/\/allin1bitcoins.com\/es\/#website"},"datePublished":"2023-02-24T07:24:45+00:00","dateModified":"2023-02-24T07:24:49+00:00","description":"Las compras de la moneda Lingose siguen un procedimiento similar al de otras criptomonedas como Bitcoin o Ethereum. Sigue leyendo.","breadcrumb":{"@id":"https:\/\/allin1bitcoins.com\/es\/crypto\/lingose\/#breadcrumb"},"inLanguage":"es","potentialAction":[{"@type":"ReadAction","target":["https:\/\/allin1bitcoins.com\/es\/crypto\/lingose\/"]}]},{"@type":"BreadcrumbList","@id":"https:\/\/allin1bitcoins.com\/es\/crypto\/lingose\/#breadcrumb","itemListElement":[{"@type":"ListItem","position":1,"name":"Home","item":"https:\/\/allin1bitcoins.com\/es\/"},{"@type":"ListItem","position":2,"name":"Cripto","item":"https:\/\/allin1bitcoins.com\/es\/crypto\/"},{"@type":"ListItem","position":3,"name":"C\u00f3mo Comprar Lingose (LING) &#8211; Gu\u00eda Paso A Paso"}]},{"@type":"WebSite","@id":"https:\/\/allin1bitcoins.com\/es\/#website","url":"https:\/\/allin1bitcoins.com\/es\/","name":"Allin1Bitcoins","description":"","publisher":{"@id":"https:\/\/allin1bitcoins.com\/es\/#organization"},"potentialAction":[{"@type":"SearchAction","target":{"@type":"EntryPoint","urlTemplate":"https:\/\/allin1bitcoins.com\/es\/?s={search_term_string}"},"query-input":"required name=search_term_string"}],"inLanguage":"es"},{"@type":"Organization","@id":"https:\/\/allin1bitcoins.com\/es\/#organization","name":"allin1bitcoins","url":"https:\/\/allin1bitcoins.com\/es\/","logo":{"@type":"ImageObject","inLanguage":"es","@id":"https:\/\/allin1bitcoins.com\/es\/#\/schema\/logo\/image\/","url":"https:\/\/allin1bitcoins.com\/wp-content\/uploads\/2019\/01\/logo-new.png","contentUrl":"https:\/\/allin1bitcoins.com\/wp-content\/uploads\/2019\/01\/logo-new.png","width":178,"height":71,"caption":"allin1bitcoins"},"image":{"@id":"https:\/\/allin1bitcoins.com\/es\/#\/schema\/logo\/image\/"}}]}},"_links":{"self":[{"href":"https:\/\/allin1bitcoins.com\/es\/wp-json\/wp\/v2\/pages\/22092"}],"collection":[{"href":"https:\/\/allin1bitcoins.com\/es\/wp-json\/wp\/v2\/pages"}],"about":[{"href":"https:\/\/allin1bitcoins.com\/es\/wp-json\/wp\/v2\/types\/page"}],"author":[{"embeddable":true,"href":"https:\/\/allin1bitcoins.com\/es\/wp-json\/wp\/v2\/users\/5"}],"replies":[{"embeddable":true,"href":"https:\/\/allin1bitcoins.com\/es\/wp-json\/wp\/v2\/comments?post=22092"}],"version-history":[{"count":1,"href":"https:\/\/allin1bitcoins.com\/es\/wp-json\/wp\/v2\/pages\/22092\/revisions"}],"predecessor-version":[{"id":22096,"href":"https:\/\/allin1bitcoins.com\/es\/wp-json\/wp\/v2\/pages\/22092\/revisions\/22096"}],"up":[{"embeddable":true,"href":"https:\/\/allin1bitcoins.com\/es\/wp-json\/wp\/v2\/pages\/18924"}],"wp:featuredmedia":[{"embeddable":true,"href":"https:\/\/allin1bitcoins.com\/es\/wp-json\/wp\/v2\/media\/15966"}],"wp:attachment":[{"href":"https:\/\/allin1bitcoins.com\/es\/wp-json\/wp\/v2\/media?parent=22092"}],"curies":[{"name":"wp","href":"https:\/\/api.w.org\/{rel}","templated":true}]}}