{"id":22146,"date":"2023-02-24T10:02:12","date_gmt":"2023-02-24T10:02:12","guid":{"rendered":"https:\/\/allin1bitcoins.com\/?page_id=22146"},"modified":"2023-02-24T10:04:52","modified_gmt":"2023-02-24T10:04:52","slug":"paypal","status":"publish","type":"page","link":"https:\/\/allin1bitcoins.com\/es\/crypto\/lingose\/paypal\/","title":{"rendered":"C\u00f3mo Comprar Lingose (LING) Con PayPal"},"content":{"rendered":"\n<p><strong>Comprar Lingose coin a trav\u00e9s de PayPal es una forma r\u00e1pida y sencilla de obtener esta criptomoneda tan popular.<\/strong><\/p>\n\n\n\n<p>Encuentra un intercambio de criptomonedas que admita Lingose coin y acepte PayPal, luego crea una cuenta all\u00ed y vincula tu cuenta de PayPal como opci\u00f3n de pago. Puedes comprar Lingose currency haciendo un pedido en la plataforma de trading del intercambio una vez que se haya conectado tu cuenta de PayPal. Es importante tener en cuenta que el uso de PayPal puede incurrir en tarifas y que el tipo de cambio para compras realizadas con PayPal puede ser mayor que para otras formas de pago.<\/p>\n\n\n\n<h2 class=\"wp-block-heading\">Descripci\u00f3n general de Lingose coin<\/h2>\n\n\n\n<p> Una criptomoneda llamada Lingose coin fue creada en 2018. Debido a que est\u00e1 construida sobre la cadena de bloques de Ethereum, se utilizan contratos inteligentes para acelerar las transacciones y habilitar una variedad de aplicaciones. Lingose coin est\u00e1 dise\u00f1ada para ser utilizada como reserva de valor y medio de intercambio. Recibe su nombre porque los creadores de la moneda inventaron un lenguaje ficticio llamado Lingose.<\/p>\n\n\n\n<h2 class=\"wp-block-heading\">Por qu\u00e9 quieres comprar Lingose coin a trav\u00e9s de PayPal <\/h2>\n\n\n\n<p><strong>Puedes querer comprar Lingose coin usando PayPal por varias razones, incluyendo:<\/strong><\/p>\n\n\n\n<ul><li><strong>Conveniencia: <\/strong>Las compras en l\u00ednea de Lingose currency y otros bienes y servicios pueden hacerse utilizando PayPal, una opci\u00f3n de pago com\u00fan y pr\u00e1ctica.<br><br><\/li><li><strong>Rapidez:<\/strong> Como los pagos de PayPal suelen completarse r\u00e1pidamente, puedes tener Lingose currency en solo unos minutos.<br><br><\/li><li><strong>Seguridad: <\/strong>PayPal proporciona altos niveles de seguridad para las transacciones en l\u00ednea, lo que te permite comprar Lingose coin con confianza.<\/li><\/ul>\n\n\n\n<h2 class=\"wp-block-heading\">C\u00f3mo comprar Lingose coin usando PayPal en detalle <\/h2>\n\n\n\n<ol><li>Encontrar un intercambio de criptomonedas confiable que admita Lingose coin y acepte PayPal como m\u00e9todo de pago es el primer paso para comprar la moneda con PayPal. Las dos opciones m\u00e1s populares son Coinbase y Binance. Antes de tomar una decisi\u00f3n, es importante realizar tu propia investigaci\u00f3n y evaluar los costos, la seguridad y la reputaci\u00f3n de varios intercambios.<br><br><\/li><li>Despu\u00e9s de decidirte por un intercambio, debes hacerlo ingresando algunos datos personales, como tu nombre, direcci\u00f3n de correo electr\u00f3nico y n\u00famero de tel\u00e9fono. Tambi\u00e9n puede ser necesario un comprobante de identidad emitido por el gobierno para demostrar tu identificaci\u00f3n.<br><br><\/li><li>Despu\u00e9s de crear una cuenta, debes agregar un m\u00e9todo de pago vinculando tu cuenta de PayPal. Dependiendo del exchange que est\u00e9s utilizando, el procedimiento preciso para integrar una cuenta de PayPal variar\u00e1, pero en general implica enviar tus credenciales de inicio de sesi\u00f3n de PayPal y realizar cualquier paso de verificaci\u00f3n necesario.<br><br><\/li><li>Usando el sitio de trading del exchange, puedes comprar Lingose Coin despu\u00e9s de conectar tu cuenta de PayPal. Puedes indicar cu\u00e1nta moneda Lingose deseas comprar, as\u00ed como tu rango de precios. Una vez que tu orden se haya emparejado con un vendedor, se procesar\u00e1.<br><br><\/li><li>Despu\u00e9s de comprar Lingose coin, debes mantenerlo seguro guard\u00e1ndolo en una billetera segura. Las billeteras vienen en diversas formas, como billeteras de software, billeteras de hardware y billeteras de papel. Es crucial elegir una billetera que satisfaga tus necesidades y sea segura.<\/li><\/ol>\n\n\n\n<figure class=\"wp-block-embed is-type-video is-provider-youtube wp-block-embed-youtube wp-embed-aspect-16-9 wp-has-aspect-ratio\"><div class=\"wp-block-embed__wrapper\">\n<iframe title=\"How to Buy Crypto with PayPal - Step-by-step guide...\" width=\"800\" height=\"450\" src=\"https:\/\/www.youtube.com\/embed\/UwdF6Y3wID8?feature=oembed\" frameborder=\"0\" allow=\"accelerometer; autoplay; clipboard-write; encrypted-media; gyroscope; picture-in-picture; web-share\" allowfullscreen><\/iframe>\n<\/div><\/figure>\n\n\n\n<h2 class=\"wp-block-heading\">Desventajas de la compra de Lingose Coin con PayPal<\/h2>\n\n\n\n<p><strong>La compra de Lingose currency con PayPal tiene algunas desventajas, como:<\/strong><\/p>\n\n\n\n<ul><li><strong>Tarifas:<\/strong> Algunos exchanges cobran tarifas por transacciones de PayPal, lo que puede aumentar el precio al que compras Lingose coins. Antes de elegir un exchange espec\u00edfico, es crucial leer la letra peque\u00f1a y evaluar los costos que cada uno impone.<br><br><\/li><li>T<strong>ipo de cambio:<\/strong> En comparaci\u00f3n con otros m\u00e9todos de pago como las transferencias bancarias, el tipo de cambio para las compras de PayPal podr\u00eda ser mayor. Como resultado, utilizar PayPal puede resultar en precios m\u00e1s altos para Lingose coin.<br><br><\/li><li><strong>Disponibilidad limitada: <\/strong>Puede tener menos alternativas al comprar Lingose coin porque no todos los exchanges de criptomonedas ofrecen PayPal como m\u00e9todo de pago.<\/li><\/ul>\n\n\n\n<h2 class=\"wp-block-heading\">Conclusi\u00f3n<\/h2>\n\n\n\n<p>Comprar Lingose coin a trav\u00e9s de PayPal es una forma r\u00e1pida y f\u00e1cil de obtener esta criptomoneda popular. Ofrece las ventajas de rapidez, comodidad y seguridad. Antes de elegir una opci\u00f3n, es crucial estar informado de cualquier posible desventaja, como costos, tipos de cambio y restricciones de disponibilidad. Antes de tomar cualquier decisi\u00f3n de inversi\u00f3n, tambi\u00e9n es recomendable realizar su propia investigaci\u00f3n y debida diligencia, y hablar con un asesor financiero u otro experto.<\/p>\n\n\n\n<!-- Page-list plugin v.5.9 wordpress.org\/plugins\/page-list\/ -->\n<ul class=\"page-list siblings-page-list \">\n<li class=\"page_item page-item-22137\"><a href=\"https:\/\/allin1bitcoins.com\/es\/crypto\/lingose\/apple-pay\/\">C\u00f3mo Comprar Lingose (LING) Con Apple Pay<\/a><\/li>\n<li class=\"page_item page-item-22146\"><a href=\"https:\/\/allin1bitcoins.com\/es\/crypto\/lingose\/paypal\/\">C\u00f3mo Comprar Lingose (LING) Con PayPal<\/a><\/li>\n<li class=\"page_item page-item-22170\"><a href=\"https:\/\/allin1bitcoins.com\/es\/crypto\/lingose\/credit-card\/\">C\u00f3mo Comprar Lingose (LING) Con Una Tarjeta De Cr\u00e9dito<\/a><\/li>\n<li class=\"page_item page-item-22156\"><a href=\"https:\/\/allin1bitcoins.com\/es\/crypto\/lingose\/debit-card\/\">C\u00f3mo Comprar Lingose (LING) Con Una Tarjeta De D\u00e9bito<\/a><\/li>\n<li class=\"page_item page-item-22129\"><a href=\"https:\/\/allin1bitcoins.com\/es\/crypto\/lingose\/canada\/\">C\u00f3mo Comprar Lingose (LING) En Canad\u00e1<\/a><\/li>\n<li class=\"page_item page-item-22105\"><a href=\"https:\/\/allin1bitcoins.com\/es\/crypto\/lingose\/united-kingdom\/\">C\u00f3mo Comprar Lingose (LING) En El Reino Unido<\/a><\/li>\n<li class=\"page_item page-item-22115\"><a href=\"https:\/\/allin1bitcoins.com\/es\/crypto\/lingose\/united-states\/\">C\u00f3mo Comprar Lingose (LING) En Estados Unidos<\/a><\/li>\n\n<\/ul>\n","protected":false},"excerpt":{"rendered":"<p>Comprar Lingose coin a trav\u00e9s de PayPal es una forma r\u00e1pida y sencilla de obtener esta criptomoneda tan popular. Encuentra un intercambio de criptomonedas que admita Lingose coin y acepte PayPal, luego crea una cuenta all\u00ed y vincula tu cuenta de PayPal como opci\u00f3n de pago. Puedes comprar Lingose currency haciendo un pedido en la&#8230;<\/p>\n","protected":false},"author":5,"featured_media":16290,"parent":22092,"menu_order":0,"comment_status":"closed","ping_status":"closed","template":"","meta":{"cybocfi_hide_featured_image":"","footnotes":""},"acf":[],"yoast_head":"<!-- This site is optimized with the Yoast SEO plugin v21.7 - https:\/\/yoast.com\/wordpress\/plugins\/seo\/ -->\n<title>C\u00f3mo Comprar Lingose (LING) Con PayPal<\/title>\n<meta name=\"description\" content=\"Comprar monedas de Lingose a trav\u00e9s de PayPal es una forma r\u00e1pida y sencilla de obtener esta criptomoneda muy popular. \u00a1Sigue leyendo!\" \/>\n<meta name=\"robots\" content=\"index, follow, max-snippet:-1, max-image-preview:large, max-video-preview:-1\" \/>\n<link rel=\"canonical\" href=\"https:\/\/allin1bitcoins.com\/es\/crypto\/lingose\/paypal\/\" \/>\n<meta property=\"og:locale\" content=\"es_ES\" \/>\n<meta property=\"og:type\" content=\"article\" \/>\n<meta property=\"og:title\" content=\"C\u00f3mo Comprar Lingose (LING) Con PayPal\" \/>\n<meta property=\"og:description\" content=\"Comprar monedas de Lingose a trav\u00e9s de PayPal es una forma r\u00e1pida y sencilla de obtener esta criptomoneda muy popular. \u00a1Sigue leyendo!\" \/>\n<meta property=\"og:url\" content=\"https:\/\/allin1bitcoins.com\/es\/crypto\/lingose\/paypal\/\" \/>\n<meta property=\"og:site_name\" content=\"Allin1Bitcoins\" \/>\n<meta property=\"article:modified_time\" content=\"2023-02-24T10:04:52+00:00\" \/>\n<meta property=\"og:image\" content=\"https:\/\/allin1bitcoins.com\/wp-content\/uploads\/2023\/01\/rami-al-zayat-w33-zg-dNL4-unsplash.jpg\" \/>\n\t<meta property=\"og:image:width\" content=\"1920\" \/>\n\t<meta property=\"og:image:height\" content=\"1280\" \/>\n\t<meta property=\"og:image:type\" content=\"image\/jpeg\" \/>\n<meta name=\"twitter:card\" content=\"summary_large_image\" \/>\n<meta name=\"twitter:label1\" content=\"Est. reading time\" \/>\n\t<meta name=\"twitter:data1\" content=\"4 minutes\" \/>\n<!-- \/ Yoast SEO plugin. -->","yoast_head_json":{"title":"C\u00f3mo Comprar Lingose (LING) Con PayPal","description":"Comprar monedas de Lingose a trav\u00e9s de PayPal es una forma r\u00e1pida y sencilla de obtener esta criptomoneda muy popular. \u00a1Sigue leyendo!","robots":{"index":"index","follow":"follow","max-snippet":"max-snippet:-1","max-image-preview":"max-image-preview:large","max-video-preview":"max-video-preview:-1"},"canonical":"https:\/\/allin1bitcoins.com\/es\/crypto\/lingose\/paypal\/","og_locale":"es_ES","og_type":"article","og_title":"C\u00f3mo Comprar Lingose (LING) Con PayPal","og_description":"Comprar monedas de Lingose a trav\u00e9s de PayPal es una forma r\u00e1pida y sencilla de obtener esta criptomoneda muy popular. \u00a1Sigue leyendo!","og_url":"https:\/\/allin1bitcoins.com\/es\/crypto\/lingose\/paypal\/","og_site_name":"Allin1Bitcoins","article_modified_time":"2023-02-24T10:04:52+00:00","og_image":[{"width":1920,"height":1280,"url":"https:\/\/allin1bitcoins.com\/wp-content\/uploads\/2023\/01\/rami-al-zayat-w33-zg-dNL4-unsplash.jpg","type":"image\/jpeg"}],"twitter_card":"summary_large_image","twitter_misc":{"Est. reading time":"4 minutes"},"schema":{"@context":"https:\/\/schema.org","@graph":[{"@type":"WebPage","@id":"https:\/\/allin1bitcoins.com\/es\/crypto\/lingose\/paypal\/","url":"https:\/\/allin1bitcoins.com\/es\/crypto\/lingose\/paypal\/","name":"C\u00f3mo Comprar Lingose (LING) Con PayPal","isPartOf":{"@id":"https:\/\/allin1bitcoins.com\/es\/#website"},"datePublished":"2023-02-24T10:02:12+00:00","dateModified":"2023-02-24T10:04:52+00:00","description":"Comprar monedas de Lingose a trav\u00e9s de PayPal es una forma r\u00e1pida y sencilla de obtener esta criptomoneda muy popular. \u00a1Sigue leyendo!","breadcrumb":{"@id":"https:\/\/allin1bitcoins.com\/es\/crypto\/lingose\/paypal\/#breadcrumb"},"inLanguage":"es","potentialAction":[{"@type":"ReadAction","target":["https:\/\/allin1bitcoins.com\/es\/crypto\/lingose\/paypal\/"]}]},{"@type":"BreadcrumbList","@id":"https:\/\/allin1bitcoins.com\/es\/crypto\/lingose\/paypal\/#breadcrumb","itemListElement":[{"@type":"ListItem","position":1,"name":"Home","item":"https:\/\/allin1bitcoins.com\/es\/"},{"@type":"ListItem","position":2,"name":"Cripto","item":"https:\/\/allin1bitcoins.com\/es\/crypto\/"},{"@type":"ListItem","position":3,"name":"C\u00f3mo Comprar Lingose (LING) &#8211; Gu\u00eda Paso A Paso","item":"https:\/\/allin1bitcoins.com\/es\/crypto\/lingose\/"},{"@type":"ListItem","position":4,"name":"C\u00f3mo Comprar Lingose (LING) Con PayPal"}]},{"@type":"WebSite","@id":"https:\/\/allin1bitcoins.com\/es\/#website","url":"https:\/\/allin1bitcoins.com\/es\/","name":"Allin1Bitcoins","description":"","publisher":{"@id":"https:\/\/allin1bitcoins.com\/es\/#organization"},"potentialAction":[{"@type":"SearchAction","target":{"@type":"EntryPoint","urlTemplate":"https:\/\/allin1bitcoins.com\/es\/?s={search_term_string}"},"query-input":"required name=search_term_string"}],"inLanguage":"es"},{"@type":"Organization","@id":"https:\/\/allin1bitcoins.com\/es\/#organization","name":"allin1bitcoins","url":"https:\/\/allin1bitcoins.com\/es\/","logo":{"@type":"ImageObject","inLanguage":"es","@id":"https:\/\/allin1bitcoins.com\/es\/#\/schema\/logo\/image\/","url":"https:\/\/allin1bitcoins.com\/wp-content\/uploads\/2019\/01\/logo-new.png","contentUrl":"https:\/\/allin1bitcoins.com\/wp-content\/uploads\/2019\/01\/logo-new.png","width":178,"height":71,"caption":"allin1bitcoins"},"image":{"@id":"https:\/\/allin1bitcoins.com\/es\/#\/schema\/logo\/image\/"}}]}},"_links":{"self":[{"href":"https:\/\/allin1bitcoins.com\/es\/wp-json\/wp\/v2\/pages\/22146"}],"collection":[{"href":"https:\/\/allin1bitcoins.com\/es\/wp-json\/wp\/v2\/pages"}],"about":[{"href":"https:\/\/allin1bitcoins.com\/es\/wp-json\/wp\/v2\/types\/page"}],"author":[{"embeddable":true,"href":"https:\/\/allin1bitcoins.com\/es\/wp-json\/wp\/v2\/users\/5"}],"replies":[{"embeddable":true,"href":"https:\/\/allin1bitcoins.com\/es\/wp-json\/wp\/v2\/comments?post=22146"}],"version-history":[{"count":2,"href":"https:\/\/allin1bitcoins.com\/es\/wp-json\/wp\/v2\/pages\/22146\/revisions"}],"predecessor-version":[{"id":22154,"href":"https:\/\/allin1bitcoins.com\/es\/wp-json\/wp\/v2\/pages\/22146\/revisions\/22154"}],"up":[{"embeddable":true,"href":"https:\/\/allin1bitcoins.com\/es\/wp-json\/wp\/v2\/pages\/22092"}],"wp:featuredmedia":[{"embeddable":true,"href":"https:\/\/allin1bitcoins.com\/es\/wp-json\/wp\/v2\/media\/16290"}],"wp:attachment":[{"href":"https:\/\/allin1bitcoins.com\/es\/wp-json\/wp\/v2\/media?parent=22146"}],"curies":[{"name":"wp","href":"https:\/\/api.w.org\/{rel}","templated":true}]}}