{"id":22156,"date":"2023-02-24T10:19:05","date_gmt":"2023-02-24T10:19:05","guid":{"rendered":"https:\/\/allin1bitcoins.com\/?page_id=22156"},"modified":"2023-02-24T10:19:07","modified_gmt":"2023-02-24T10:19:07","slug":"debit-card","status":"publish","type":"page","link":"https:\/\/allin1bitcoins.com\/es\/crypto\/lingose\/debit-card\/","title":{"rendered":"C\u00f3mo Comprar Lingose (LING) Con Una Tarjeta De D\u00e9bito"},"content":{"rendered":"\n<p>Comprar Lingose coin con una tarjeta de d\u00e9bito es una forma r\u00e1pida y conveniente de obtener esta popular criptomoneda. Los mismos pasos se siguen al comprar cualquier otro bien o servicio en l\u00ednea. Encontrar un intercambio de criptomonedas confiable que admita Lingose coin y acepte pagos con tarjeta de d\u00e9bito es el primer paso. Una vez que tenga una cuenta de trading, puede comprar Lingose coin en l\u00ednea usando su tarjeta de d\u00e9bito como lo har\u00eda con cualquier otro art\u00edculo. La tasa de cambio para las compras con tarjeta de d\u00e9bito podr\u00eda ser m\u00e1s alta que para otros m\u00e9todos de pago, y puede haber tarifas asociadas con el uso de una tarjeta de d\u00e9bito.<\/p>\n\n\n\n<h2 class=\"wp-block-heading\">Descripci\u00f3n general de Lingose coin<\/h2>\n\n\n\n<p>Se cre\u00f3 una criptomoneda llamada Lingose coin en 2018. Como est\u00e1 construida sobre la cadena de bloques Ethereum, se utilizan contratos inteligentes para acelerar las transacciones y permitir una variedad de aplicaciones. Se pretende que Lingose coin se use tanto como reserva de valor como medio de intercambio. Se llama as\u00ed porque los creadores de la moneda inventaron un lenguaje ficticio llamado Lingose.<\/p>\n\n\n\n<h2 class=\"wp-block-heading\">Por qu\u00e9 desea utilizar una tarjeta de d\u00e9bito para comprar Lingose coin<\/h2>\n\n\n\n<p><strong>Es posible que desee comprar Lingose coin con una tarjeta de d\u00e9bito por varias razones, como:<\/strong><\/p>\n\n\n\n<ul><li><strong>Conveniencia: <\/strong>Las tarjetas de d\u00e9bito son una forma popular y pr\u00e1ctica de pagar compras en l\u00ednea de Lingose coin, as\u00ed como otros bienes y servicios.<br><br><\/li><li><strong>Velocidad:<\/strong> Como los pagos con tarjeta de d\u00e9bito se procesan t\u00edpicamente con rapidez, puede obtener Lingose coin en solo unos minutos.<br><br><\/li><li><strong>Acceso directo a fondos:<\/strong> Cuando utiliza una tarjeta de d\u00e9bito para comprar Lingose coin, el dinero se deduce directamente de su cuenta bancaria, por lo que no tiene que preocuparse por saldar un saldo de tarjeta de cr\u00e9dito o pagar intereses.<\/li><\/ul>\n\n\n\n<h2 class=\"wp-block-heading\">C\u00f3mo comprar Lingose coins usando una tarjeta de d\u00e9bito en detalle<\/h2>\n\n\n\n<ol><li>El primer paso para comprar Lingose coin con una tarjeta de d\u00e9bito es seleccionar un intercambio. El intercambio debe admitir Lingose coin y aceptar pagos con tarjeta de d\u00e9bito. Las dos opciones m\u00e1s populares son Coinbase y Binance. Antes de tomar una decisi\u00f3n, es crucial realizar su propia investigaci\u00f3n y evaluar los costos, la seguridad y la reputaci\u00f3n de varios intercambios.<br><br><\/li><li>Despu\u00e9s de decidir sobre un intercambio, debe hacerlo ingresando algunos datos personales, incluido su nombre, direcci\u00f3n de correo electr\u00f3nico y n\u00famero de tel\u00e9fono. Tambi\u00e9n puede ser necesario un comprobante de identidad emitido por el gobierno para verificar su identidad.<br><br><\/li><li>Despu\u00e9s de crear una cuenta, debes agregar tu tarjeta de d\u00e9bito como opci\u00f3n de pago. Dependiendo del intercambio que est\u00e9s usando, el procedimiento espec\u00edfico para vincular una tarjeta de d\u00e9bito puede variar, pero en general implica ingresar la informaci\u00f3n de tu tarjeta de d\u00e9bito y pasar por cualquier paso de verificaci\u00f3n necesario.<br><br><\/li><li>Usando la plataforma de negociaci\u00f3n del intercambio, puedes comprar Lingose Coin despu\u00e9s de vincular tu tarjeta de d\u00e9bito. Puedes especificar cu\u00e1nto Lingose coin deseas comprar y tu rango de precios. Una vez que tu pedido se haya emparejado con un vendedor, se procesar\u00e1.<br><br><\/li><li>Despu\u00e9s de comprar Lingose coin, debes mantenerlo seguro guard\u00e1ndolo en una billetera segura. Las billeteras vienen en varias formas, como billeteras de software, billeteras de hardware y billeteras de papel. Es crucial elegir una billetera que satisfaga tus necesidades y sea segura.<\/li><\/ol>\n\n\n\n<figure class=\"wp-block-embed is-type-video is-provider-youtube wp-block-embed-youtube wp-embed-aspect-16-9 wp-has-aspect-ratio\"><div class=\"wp-block-embed__wrapper\">\n<iframe title=\"Lingose - Estabilishing a Game ID protocol bound by smart contract!\" width=\"800\" height=\"450\" src=\"https:\/\/www.youtube.com\/embed\/07YE1dbp2gA?feature=oembed\" frameborder=\"0\" allow=\"accelerometer; autoplay; clipboard-write; encrypted-media; gyroscope; picture-in-picture; web-share\" allowfullscreen><\/iframe>\n<\/div><\/figure>\n\n\n\n<h2 class=\"wp-block-heading\">Contras de usar una tarjeta de d\u00e9bito para comprar Lingose coin<\/h2>\n\n\n\n<p><strong>Usar una tarjeta de d\u00e9bito para comprar Lingose coin tiene algunas desventajas, como:<\/strong><\/p>\n\n\n\n<ul><li><strong>Tarifas: <\/strong>Algunos intercambios cobran tarifas de transacci\u00f3n con tarjeta de d\u00e9bito, lo que podr\u00eda aumentar el precio al que compras Lingose coins. Antes de elegir qu\u00e9 intercambio utilizar, es crucial leer la letra peque\u00f1a y evaluar los costos.<br><br><\/li><li><strong>Tipo de cambio variable: <\/strong>Las compras con tarjeta de d\u00e9bito podr\u00edan tener un tipo de cambio m\u00e1s alto que otros tipos de pagos, como transferencias bancarias. Esto significa que cuando usas una tarjeta de d\u00e9bito, podr\u00edas pagar m\u00e1s por tus Lingose coin.<br><br><\/li><li><strong>Fondos limitados: <\/strong>Tu transacci\u00f3n con tarjeta de d\u00e9bito puede ser denegada si no tienes suficiente dinero en tu cuenta bancaria para cubrir tu compra de Lingose coin. Esto puede ser molesto, y es posible que debas encontrar otra forma de pagar.<\/li><\/ul>\n\n\n\n<h2 class=\"wp-block-heading\">Conclusi\u00f3n <\/h2>\n\n\n\n<p>Las compras de Lingose coin con tarjeta de d\u00e9bito son una forma r\u00e1pida y pr\u00e1ctica de obtener esta criptomoneda popular. Junto con la ventaja de tener tu dinero deducido directamente de tu cuenta bancaria, ofrece las ventajas de rapidez y conveniencia.<\/p>\n\n\n\n<p>Antes de tomar una decisi\u00f3n, es crucial ser consciente de posibles desventajas, como tarifas, tipos de cambio y limitaciones de fondos. Antes de tomar cualquier decisi\u00f3n de inversi\u00f3n, tambi\u00e9n es una buena idea realizar tu propia investigaci\u00f3n y debida diligencia y hablar con un asesor financiero u otro experto.<\/p>\n\n\n\n<!-- Page-list plugin v.5.9 wordpress.org\/plugins\/page-list\/ -->\n<ul class=\"page-list siblings-page-list \">\n<li class=\"page_item page-item-22137\"><a href=\"https:\/\/allin1bitcoins.com\/es\/crypto\/lingose\/apple-pay\/\">C\u00f3mo Comprar Lingose (LING) Con Apple Pay<\/a><\/li>\n<li class=\"page_item page-item-22146\"><a href=\"https:\/\/allin1bitcoins.com\/es\/crypto\/lingose\/paypal\/\">C\u00f3mo Comprar Lingose (LING) Con PayPal<\/a><\/li>\n<li class=\"page_item page-item-22170\"><a href=\"https:\/\/allin1bitcoins.com\/es\/crypto\/lingose\/credit-card\/\">C\u00f3mo Comprar Lingose (LING) Con Una Tarjeta De Cr\u00e9dito<\/a><\/li>\n<li class=\"page_item page-item-22156\"><a href=\"https:\/\/allin1bitcoins.com\/es\/crypto\/lingose\/debit-card\/\">C\u00f3mo Comprar Lingose (LING) Con Una Tarjeta De D\u00e9bito<\/a><\/li>\n<li class=\"page_item page-item-22129\"><a href=\"https:\/\/allin1bitcoins.com\/es\/crypto\/lingose\/canada\/\">C\u00f3mo Comprar Lingose (LING) En Canad\u00e1<\/a><\/li>\n<li class=\"page_item page-item-22105\"><a href=\"https:\/\/allin1bitcoins.com\/es\/crypto\/lingose\/united-kingdom\/\">C\u00f3mo Comprar Lingose (LING) En El Reino Unido<\/a><\/li>\n<li class=\"page_item page-item-22115\"><a href=\"https:\/\/allin1bitcoins.com\/es\/crypto\/lingose\/united-states\/\">C\u00f3mo Comprar Lingose (LING) En Estados Unidos<\/a><\/li>\n\n<\/ul>\n","protected":false},"excerpt":{"rendered":"<p>Comprar Lingose coin con una tarjeta de d\u00e9bito es una forma r\u00e1pida y conveniente de obtener esta popular criptomoneda. Los mismos pasos se siguen al comprar cualquier otro bien o servicio en l\u00ednea. Encontrar un intercambio de criptomonedas confiable que admita Lingose coin y acepte pagos con tarjeta de d\u00e9bito es el primer paso. Una&#8230;<\/p>\n","protected":false},"author":5,"featured_media":16279,"parent":22092,"menu_order":0,"comment_status":"closed","ping_status":"closed","template":"","meta":{"cybocfi_hide_featured_image":"","footnotes":""},"acf":[],"yoast_head":"<!-- This site is optimized with the Yoast SEO plugin v21.7 - https:\/\/yoast.com\/wordpress\/plugins\/seo\/ -->\n<title>C\u00f3mo Comprar Lingose (LING) Con Una Tarjeta De D\u00e9bito<\/title>\n<meta name=\"description\" content=\"Las compras de Lingose coin con tarjeta de d\u00e9bito son una forma r\u00e1pida y pr\u00e1ctica de obtener esta criptomoneda muy popular. Sigue leyendo.\" \/>\n<meta name=\"robots\" content=\"index, follow, max-snippet:-1, max-image-preview:large, max-video-preview:-1\" \/>\n<link rel=\"canonical\" href=\"https:\/\/allin1bitcoins.com\/es\/crypto\/lingose\/debit-card\/\" \/>\n<meta property=\"og:locale\" content=\"es_ES\" \/>\n<meta property=\"og:type\" content=\"article\" \/>\n<meta property=\"og:title\" content=\"C\u00f3mo Comprar Lingose (LING) Con Una Tarjeta De D\u00e9bito\" \/>\n<meta property=\"og:description\" content=\"Las compras de Lingose coin con tarjeta de d\u00e9bito son una forma r\u00e1pida y pr\u00e1ctica de obtener esta criptomoneda muy popular. Sigue leyendo.\" \/>\n<meta property=\"og:url\" content=\"https:\/\/allin1bitcoins.com\/es\/crypto\/lingose\/debit-card\/\" \/>\n<meta property=\"og:site_name\" content=\"Allin1Bitcoins\" \/>\n<meta property=\"article:modified_time\" content=\"2023-02-24T10:19:07+00:00\" \/>\n<meta property=\"og:image\" content=\"https:\/\/allin1bitcoins.com\/wp-content\/uploads\/2023\/01\/tred-earth-PG78hq3Gzq8-unsplash.jpg\" \/>\n\t<meta property=\"og:image:width\" content=\"1920\" \/>\n\t<meta property=\"og:image:height\" content=\"1280\" \/>\n\t<meta property=\"og:image:type\" content=\"image\/jpeg\" \/>\n<meta name=\"twitter:card\" content=\"summary_large_image\" \/>\n<meta name=\"twitter:label1\" content=\"Est. reading time\" \/>\n\t<meta name=\"twitter:data1\" content=\"4 minutes\" \/>\n<!-- \/ Yoast SEO plugin. -->","yoast_head_json":{"title":"C\u00f3mo Comprar Lingose (LING) Con Una Tarjeta De D\u00e9bito","description":"Las compras de Lingose coin con tarjeta de d\u00e9bito son una forma r\u00e1pida y pr\u00e1ctica de obtener esta criptomoneda muy popular. Sigue leyendo.","robots":{"index":"index","follow":"follow","max-snippet":"max-snippet:-1","max-image-preview":"max-image-preview:large","max-video-preview":"max-video-preview:-1"},"canonical":"https:\/\/allin1bitcoins.com\/es\/crypto\/lingose\/debit-card\/","og_locale":"es_ES","og_type":"article","og_title":"C\u00f3mo Comprar Lingose (LING) Con Una Tarjeta De D\u00e9bito","og_description":"Las compras de Lingose coin con tarjeta de d\u00e9bito son una forma r\u00e1pida y pr\u00e1ctica de obtener esta criptomoneda muy popular. Sigue leyendo.","og_url":"https:\/\/allin1bitcoins.com\/es\/crypto\/lingose\/debit-card\/","og_site_name":"Allin1Bitcoins","article_modified_time":"2023-02-24T10:19:07+00:00","og_image":[{"width":1920,"height":1280,"url":"https:\/\/allin1bitcoins.com\/wp-content\/uploads\/2023\/01\/tred-earth-PG78hq3Gzq8-unsplash.jpg","type":"image\/jpeg"}],"twitter_card":"summary_large_image","twitter_misc":{"Est. reading time":"4 minutes"},"schema":{"@context":"https:\/\/schema.org","@graph":[{"@type":"WebPage","@id":"https:\/\/allin1bitcoins.com\/es\/crypto\/lingose\/debit-card\/","url":"https:\/\/allin1bitcoins.com\/es\/crypto\/lingose\/debit-card\/","name":"C\u00f3mo Comprar Lingose (LING) Con Una Tarjeta De D\u00e9bito","isPartOf":{"@id":"https:\/\/allin1bitcoins.com\/es\/#website"},"datePublished":"2023-02-24T10:19:05+00:00","dateModified":"2023-02-24T10:19:07+00:00","description":"Las compras de Lingose coin con tarjeta de d\u00e9bito son una forma r\u00e1pida y pr\u00e1ctica de obtener esta criptomoneda muy popular. Sigue leyendo.","breadcrumb":{"@id":"https:\/\/allin1bitcoins.com\/es\/crypto\/lingose\/debit-card\/#breadcrumb"},"inLanguage":"es","potentialAction":[{"@type":"ReadAction","target":["https:\/\/allin1bitcoins.com\/es\/crypto\/lingose\/debit-card\/"]}]},{"@type":"BreadcrumbList","@id":"https:\/\/allin1bitcoins.com\/es\/crypto\/lingose\/debit-card\/#breadcrumb","itemListElement":[{"@type":"ListItem","position":1,"name":"Home","item":"https:\/\/allin1bitcoins.com\/es\/"},{"@type":"ListItem","position":2,"name":"Cripto","item":"https:\/\/allin1bitcoins.com\/es\/crypto\/"},{"@type":"ListItem","position":3,"name":"C\u00f3mo Comprar Lingose (LING) &#8211; Gu\u00eda Paso A Paso","item":"https:\/\/allin1bitcoins.com\/es\/crypto\/lingose\/"},{"@type":"ListItem","position":4,"name":"C\u00f3mo Comprar Lingose (LING) Con Una Tarjeta De D\u00e9bito"}]},{"@type":"WebSite","@id":"https:\/\/allin1bitcoins.com\/es\/#website","url":"https:\/\/allin1bitcoins.com\/es\/","name":"Allin1Bitcoins","description":"","publisher":{"@id":"https:\/\/allin1bitcoins.com\/es\/#organization"},"potentialAction":[{"@type":"SearchAction","target":{"@type":"EntryPoint","urlTemplate":"https:\/\/allin1bitcoins.com\/es\/?s={search_term_string}"},"query-input":"required name=search_term_string"}],"inLanguage":"es"},{"@type":"Organization","@id":"https:\/\/allin1bitcoins.com\/es\/#organization","name":"allin1bitcoins","url":"https:\/\/allin1bitcoins.com\/es\/","logo":{"@type":"ImageObject","inLanguage":"es","@id":"https:\/\/allin1bitcoins.com\/es\/#\/schema\/logo\/image\/","url":"https:\/\/allin1bitcoins.com\/wp-content\/uploads\/2019\/01\/logo-new.png","contentUrl":"https:\/\/allin1bitcoins.com\/wp-content\/uploads\/2019\/01\/logo-new.png","width":178,"height":71,"caption":"allin1bitcoins"},"image":{"@id":"https:\/\/allin1bitcoins.com\/es\/#\/schema\/logo\/image\/"}}]}},"_links":{"self":[{"href":"https:\/\/allin1bitcoins.com\/es\/wp-json\/wp\/v2\/pages\/22156"}],"collection":[{"href":"https:\/\/allin1bitcoins.com\/es\/wp-json\/wp\/v2\/pages"}],"about":[{"href":"https:\/\/allin1bitcoins.com\/es\/wp-json\/wp\/v2\/types\/page"}],"author":[{"embeddable":true,"href":"https:\/\/allin1bitcoins.com\/es\/wp-json\/wp\/v2\/users\/5"}],"replies":[{"embeddable":true,"href":"https:\/\/allin1bitcoins.com\/es\/wp-json\/wp\/v2\/comments?post=22156"}],"version-history":[{"count":1,"href":"https:\/\/allin1bitcoins.com\/es\/wp-json\/wp\/v2\/pages\/22156\/revisions"}],"predecessor-version":[{"id":22160,"href":"https:\/\/allin1bitcoins.com\/es\/wp-json\/wp\/v2\/pages\/22156\/revisions\/22160"}],"up":[{"embeddable":true,"href":"https:\/\/allin1bitcoins.com\/es\/wp-json\/wp\/v2\/pages\/22092"}],"wp:featuredmedia":[{"embeddable":true,"href":"https:\/\/allin1bitcoins.com\/es\/wp-json\/wp\/v2\/media\/16279"}],"wp:attachment":[{"href":"https:\/\/allin1bitcoins.com\/es\/wp-json\/wp\/v2\/media?parent=22156"}],"curies":[{"name":"wp","href":"https:\/\/api.w.org\/{rel}","templated":true}]}}