{"id":22233,"date":"2023-02-24T12:15:57","date_gmt":"2023-02-24T12:15:57","guid":{"rendered":"https:\/\/allin1bitcoins.com\/?page_id=22233"},"modified":"2023-02-24T12:15:59","modified_gmt":"2023-02-24T12:15:59","slug":"american-express","status":"publish","type":"page","link":"https:\/\/allin1bitcoins.com\/es\/crypto\/cardano\/american-express\/","title":{"rendered":"Come Comprare Cardano (ADA) Con American Express"},"content":{"rendered":"\n<p>Encontrar una casa de cambio de criptomonedas que permita la compra de Cardano con una tarjeta American Express es el primer paso si deseas comprarla usando esa tarjeta. Binance, Bitfinex y Coinbase son algunas de las casas de cambio conocidas donde puedes comprar Cardano con una tarjeta de cr\u00e9dito American Express. Debes registrarte para crear una cuenta, verificar tu identidad y luego vincular tu tarjeta American Express a tu cuenta una vez que hayas encontrado una casa de cambio que te permita comprar Cardano con este m\u00e9todo de pago. Una vez creada tu cuenta, puedes comprar Cardano con tu tarjeta American Express realizando un pedido.<\/p>\n\n\n\n<h2 class=\"wp-block-heading\">Resumen de Cardano<\/h2>\n\n\n\n<p>Cardano es una tecnolog\u00eda de blockchain descentralizada y de c\u00f3digo abierto que permite dise\u00f1ar y utilizar contratos inteligentes y otras aplicaciones descentralizadas. Fue establecida en 2015 por Charles Hoskinson, cofundador de Ethereum, y tiene como objetivo superar las plataformas de blockchain actuales en t\u00e9rminos de seguridad, escalabilidad y flexibilidad.<\/p>\n\n\n\n<p>Cardano emplea el mecanismo de consenso de prueba de participaci\u00f3n Ouroboros, que permite a los usuarios validar transacciones y obtener incentivos por su participaci\u00f3n en la red. Adem\u00e1s, utiliza un dise\u00f1o de m\u00faltiples capas que divide la capa de c\u00f3mputo, que gestiona la ejecuci\u00f3n de contratos inteligentes y aplicaciones descentralizadas, de la capa de liquidaci\u00f3n, que se ocupa de las transacciones y transferencias de valor.<\/p>\n\n\n\n<h2 class=\"wp-block-heading\">Por qu\u00e9 desear\u00edas utilizar una tarjeta American Express para comprar Cardano<\/h2>\n\n\n\n<p><strong>Podr\u00edas desear comprar Cardano con una tarjeta American Express por varias razones, como:<\/strong><\/p>\n\n\n\n<ul><li><strong>Conveniencia: <\/strong>Comprar Cardano con una tarjeta American Express suele ser bastante sencillo y r\u00e1pido, ya que todo se puede hacer en l\u00ednea.<br><br><\/li><li><strong>Velocidad: <\/strong>Puedes adquirir Cardano pr\u00e1cticamente al instante con una tarjeta American Express, ya que el dinero se transfiere a tu cuenta en cuanto se completa la transacci\u00f3n.<br><br><\/li><li><strong>Recompensas:<\/strong> Algunas tarjetas de cr\u00e9dito American Express ofrecen devoluci\u00f3n de efectivo, puntos o millas por transacciones realizadas con la tarjeta. Puedes obtener m\u00e1s ventajas comprando Cardano con una tarjeta American Express que tenga recompensas.<\/li><\/ul>\n\n\n\n<h2 class=\"wp-block-heading\">Instrucciones detalladas sobre c\u00f3mo comprar Cardano con una tarjeta American Express<\/h2>\n\n\n\n<ol><li><strong>Busca una casa de cambio de criptomonedas que permita compras de Cardano con tarjeta American Express:<\/strong> El primer paso para comprar Cardano con una tarjeta American Express es encontrar una casa de cambio de criptomonedas que permita este tipo de transacci\u00f3n. Binance, Bitfinex y Coinbase son algunas de las casas de cambio conocidas donde puedes comprar Cardano con una tarjeta de cr\u00e9dito American Express.<br><br><\/li><li><strong>Crea un perfil: <\/strong>Una vez que hayas encontrado una casa de cambio que permita comprar Cardano con una tarjeta American Express, debes registrarte para crear una cuenta. Por lo general, esto implica proporcionar algunos datos personales y verificar tu identidad.<br><br><\/li><li><strong>Conecta tu cuenta a tu tarjeta American Express: <\/strong>Despu\u00e9s de configurar tu cuenta, debes conectar tu tarjeta American Express a ella. Por lo general, esto implica proporcionar informaci\u00f3n sobre la tarjeta American Express y validarla.<br><br><\/li><li><strong>Compra: <\/strong>Despu\u00e9s de que tu tarjeta American Express haya sido conectada a tu cuenta, puedes realizar una orden de compra de Cardano. Debes estar seguro de cu\u00e1nto Cardano deseas comprar y de tu rango de precios. La plataforma de intercambio finalizar\u00e1 la transacci\u00f3n mediante la coincidencia de tu orden con un vendedor.<\/li><\/ol>\n\n\n\n<figure class=\"wp-block-embed is-type-video is-provider-youtube wp-block-embed-youtube wp-embed-aspect-16-9 wp-has-aspect-ratio\"><div class=\"wp-block-embed__wrapper\">\n<iframe title=\"How to Buy USDT &amp; other Crypto from Binance from  credit Debit Master and Visa Card Amex Payoneer\" width=\"800\" height=\"450\" src=\"https:\/\/www.youtube.com\/embed\/TodDqg1co_w?feature=oembed\" frameborder=\"0\" allow=\"accelerometer; autoplay; clipboard-write; encrypted-media; gyroscope; picture-in-picture; web-share\" allowfullscreen><\/iframe>\n<\/div><\/figure>\n\n\n\n<h2 class=\"wp-block-heading\">Desventajas de usar una tarjeta American Express para comprar Cardano<\/h2>\n\n\n\n<p><strong>Debes tener en cuenta las siguientes desventajas al comprar Cardano con tu tarjeta American Express:<\/strong><\/p>\n\n\n\n<ul><li><strong>Tarifas: <\/strong>En comparaci\u00f3n con otras opciones de pago, ciertas plataformas de intercambio de criptomonedas cobran una tarifa m\u00e1s alta al comprar Cardano con una tarjeta American Express. Estas tarifas pueden aumentar significativamente el costo total de tu compra.<br><br><\/li><li><strong>Intereses: <\/strong>Si no pagas el saldo completo de tu tarjeta American Express cada mes, puedes ser objeto de intereses por tus compras. Esto puede aumentar dr\u00e1sticamente el precio de tu Cardano.<br><br><\/li><li><strong>L\u00edmites: <\/strong>La cantidad de Cardano que puedes comprar con una tarjeta American Express a menudo est\u00e1 limitada a uno por transacci\u00f3n. Si deseas adquirir una gran cantidad de Cardano de una sola vez, esto podr\u00eda ser un problema.<br><br><\/li><li><strong>Riesgo de fraude:<\/strong> En comparaci\u00f3n con otras opciones de pago, la compra de Cardano con una tarjeta American Express conlleva un mayor riesgo de fraude, ya que estas tarjetas pueden ser robadas o utilizadas para compras il\u00edcitas.<\/li><\/ul>\n\n\n\n<h2 class=\"wp-block-heading\">Conclusi\u00f3n<\/h2>\n\n\n\n<p>En conclusi\u00f3n, la compra de Cardano con una tarjeta American Express implica encontrar una plataforma de intercambio de criptomonedas que permita tales transacciones, configurar una cuenta, conectar tu tarjeta American Express a la cuenta y realizar una orden de compra. Si bien el uso de una tarjeta American Express para comprar Cardano es generalmente r\u00e1pido y conveniente, es crucial evaluar cuidadosamente cualquier posible desventaja, como tarifas, intereses, restricciones y riesgo de fraude.<\/p>\n\n\n\n<p>En general, comprar Cardano usando una tarjeta American Express puede ser una forma simple y segura de hacerlo, siempre y cuando tomes las precauciones adecuadas para proteger tu inversi\u00f3n y pagues el saldo total de tu tarjeta American Express cada mes. Es posible que debas buscar una plataforma de intercambio que acepte tarjetas American Express, ya que, como tambi\u00e9n es importante tener en cuenta, no todas las plataformas lo hacen.<\/p>\n\n\n\n<!-- Page-list plugin v.5.9 wordpress.org\/plugins\/page-list\/ -->\n<ul class=\"page-list siblings-page-list \">\n<li class=\"page_item page-item-22233\"><a href=\"https:\/\/allin1bitcoins.com\/es\/crypto\/cardano\/american-express\/\">Come Comprare Cardano (ADA) Con American Express<\/a><\/li>\n<li class=\"page_item page-item-22256\"><a href=\"https:\/\/allin1bitcoins.com\/es\/crypto\/cardano\/apple-pay\/\">C\u00f3mo Comprar Cardano (ADA) Con Apple Pay<\/a><\/li>\n<li class=\"page_item page-item-22318\"><a href=\"https:\/\/allin1bitcoins.com\/es\/crypto\/cardano\/google-pay\/\">C\u00f3mo Comprar Cardano (ADA) Con Google Pay<\/a><\/li>\n<li class=\"page_item page-item-22310\"><a href=\"https:\/\/allin1bitcoins.com\/es\/crypto\/cardano\/neteller\/\">C\u00f3mo Comprar Cardano (ADA) Con Neteller<\/a><\/li>\n<li class=\"page_item page-item-22198\"><a href=\"https:\/\/allin1bitcoins.com\/es\/crypto\/cardano\/paypal\/\">C\u00f3mo Comprar Cardano (ADA) Con Paypal<\/a><\/li>\n<li class=\"page_item page-item-22269\"><a href=\"https:\/\/allin1bitcoins.com\/es\/crypto\/cardano\/paysafecard\/\">C\u00f3mo Comprar Cardano (ADA) Con Paysafecard<\/a><\/li>\n<li class=\"page_item page-item-22358\"><a href=\"https:\/\/allin1bitcoins.com\/es\/crypto\/cardano\/skrill\/\">C\u00f3mo Comprar Cardano (ADA) Con Skrill<\/a><\/li>\n<li class=\"page_item page-item-22212\"><a href=\"https:\/\/allin1bitcoins.com\/es\/crypto\/cardano\/debit-card\/\">C\u00f3mo Comprar Cardano (ADA) Con Tarjeta De D\u00e9bito<\/a><\/li>\n<li class=\"page_item page-item-22334\"><a href=\"https:\/\/allin1bitcoins.com\/es\/crypto\/cardano\/bank-account\/\">C\u00f3mo Comprar Cardano (ADA) Con Una Cuenta Bancaria<\/a><\/li>\n<li class=\"page_item page-item-22223\"><a href=\"https:\/\/allin1bitcoins.com\/es\/crypto\/cardano\/credit-card\/\">C\u00f3mo Comprar Cardano (ADA) Con Una Tarjeta De Cr\u00e9dito<\/a><\/li>\n<li class=\"page_item page-item-22246\"><a href=\"https:\/\/allin1bitcoins.com\/es\/crypto\/cardano\/venmo\/\">C\u00f3mo Comprar Cardano (ADA) Con Venmo<\/a><\/li>\n<li class=\"page_item page-item-22242\"><a href=\"https:\/\/allin1bitcoins.com\/es\/crypto\/cardano\/crypto-anonymously\/\">C\u00f3mo Comprar Cardano (ADA) De Manera An\u00f3nima Con Criptomonedas<\/a><\/li>\n\n<\/ul>\n","protected":false},"excerpt":{"rendered":"<p>Encontrar una casa de cambio de criptomonedas que permita la compra de Cardano con una tarjeta American Express es el primer paso si deseas comprarla usando esa tarjeta. Binance, Bitfinex y Coinbase son algunas de las casas de cambio conocidas donde puedes comprar Cardano con una tarjeta de cr\u00e9dito American Express. Debes registrarte para crear&#8230;<\/p>\n","protected":false},"author":5,"featured_media":13246,"parent":22184,"menu_order":0,"comment_status":"closed","ping_status":"closed","template":"","meta":{"cybocfi_hide_featured_image":"","footnotes":""},"acf":[],"yoast_head":"<!-- This site is optimized with the Yoast SEO plugin v21.7 - https:\/\/yoast.com\/wordpress\/plugins\/seo\/ -->\n<title>Come Comprare Cardano (ADA) Con American Express<\/title>\n<meta name=\"description\" content=\"Encontrar una casa de cambio de criptomonedas que permita la compra de Cardano con una tarjeta American Express es el primer paso.\" \/>\n<meta name=\"robots\" content=\"index, follow, max-snippet:-1, max-image-preview:large, max-video-preview:-1\" \/>\n<link rel=\"canonical\" href=\"https:\/\/allin1bitcoins.com\/es\/crypto\/cardano\/american-express\/\" \/>\n<meta property=\"og:locale\" content=\"es_ES\" \/>\n<meta property=\"og:type\" content=\"article\" \/>\n<meta property=\"og:title\" content=\"Come Comprare Cardano (ADA) Con American Express\" \/>\n<meta property=\"og:description\" content=\"Encontrar una casa de cambio de criptomonedas que permita la compra de Cardano con una tarjeta American Express es el primer paso.\" \/>\n<meta property=\"og:url\" content=\"https:\/\/allin1bitcoins.com\/es\/crypto\/cardano\/american-express\/\" \/>\n<meta property=\"og:site_name\" content=\"Allin1Bitcoins\" \/>\n<meta property=\"article:modified_time\" content=\"2023-02-24T12:15:59+00:00\" \/>\n<meta property=\"og:image\" content=\"https:\/\/allin1bitcoins.com\/wp-content\/uploads\/2023\/01\/kanchanara-RqorX1pfF7k-unsplash.jpg\" \/>\n\t<meta property=\"og:image:width\" content=\"1920\" \/>\n\t<meta property=\"og:image:height\" content=\"1277\" \/>\n\t<meta property=\"og:image:type\" content=\"image\/jpeg\" \/>\n<meta name=\"twitter:card\" content=\"summary_large_image\" \/>\n<meta name=\"twitter:label1\" content=\"Est. reading time\" \/>\n\t<meta name=\"twitter:data1\" content=\"4 minutes\" \/>\n<!-- \/ Yoast SEO plugin. -->","yoast_head_json":{"title":"Come Comprare Cardano (ADA) Con American Express","description":"Encontrar una casa de cambio de criptomonedas que permita la compra de Cardano con una tarjeta American Express es el primer paso.","robots":{"index":"index","follow":"follow","max-snippet":"max-snippet:-1","max-image-preview":"max-image-preview:large","max-video-preview":"max-video-preview:-1"},"canonical":"https:\/\/allin1bitcoins.com\/es\/crypto\/cardano\/american-express\/","og_locale":"es_ES","og_type":"article","og_title":"Come Comprare Cardano (ADA) Con American Express","og_description":"Encontrar una casa de cambio de criptomonedas que permita la compra de Cardano con una tarjeta American Express es el primer paso.","og_url":"https:\/\/allin1bitcoins.com\/es\/crypto\/cardano\/american-express\/","og_site_name":"Allin1Bitcoins","article_modified_time":"2023-02-24T12:15:59+00:00","og_image":[{"width":1920,"height":1277,"url":"https:\/\/allin1bitcoins.com\/wp-content\/uploads\/2023\/01\/kanchanara-RqorX1pfF7k-unsplash.jpg","type":"image\/jpeg"}],"twitter_card":"summary_large_image","twitter_misc":{"Est. reading time":"4 minutes"},"schema":{"@context":"https:\/\/schema.org","@graph":[{"@type":"WebPage","@id":"https:\/\/allin1bitcoins.com\/es\/crypto\/cardano\/american-express\/","url":"https:\/\/allin1bitcoins.com\/es\/crypto\/cardano\/american-express\/","name":"Come Comprare Cardano (ADA) Con American Express","isPartOf":{"@id":"https:\/\/allin1bitcoins.com\/es\/#website"},"datePublished":"2023-02-24T12:15:57+00:00","dateModified":"2023-02-24T12:15:59+00:00","description":"Encontrar una casa de cambio de criptomonedas que permita la compra de Cardano con una tarjeta American Express es el primer paso.","breadcrumb":{"@id":"https:\/\/allin1bitcoins.com\/es\/crypto\/cardano\/american-express\/#breadcrumb"},"inLanguage":"es","potentialAction":[{"@type":"ReadAction","target":["https:\/\/allin1bitcoins.com\/es\/crypto\/cardano\/american-express\/"]}]},{"@type":"BreadcrumbList","@id":"https:\/\/allin1bitcoins.com\/es\/crypto\/cardano\/american-express\/#breadcrumb","itemListElement":[{"@type":"ListItem","position":1,"name":"Home","item":"https:\/\/allin1bitcoins.com\/es\/"},{"@type":"ListItem","position":2,"name":"Cripto","item":"https:\/\/allin1bitcoins.com\/es\/crypto\/"},{"@type":"ListItem","position":3,"name":"C\u00f3mo Comprar Cardano (ADA) &#8211; Gu\u00eda Paso A Paso (2023)","item":"https:\/\/allin1bitcoins.com\/es\/crypto\/cardano\/"},{"@type":"ListItem","position":4,"name":"Come Comprare Cardano (ADA) Con American Express"}]},{"@type":"WebSite","@id":"https:\/\/allin1bitcoins.com\/es\/#website","url":"https:\/\/allin1bitcoins.com\/es\/","name":"Allin1Bitcoins","description":"","publisher":{"@id":"https:\/\/allin1bitcoins.com\/es\/#organization"},"potentialAction":[{"@type":"SearchAction","target":{"@type":"EntryPoint","urlTemplate":"https:\/\/allin1bitcoins.com\/es\/?s={search_term_string}"},"query-input":"required name=search_term_string"}],"inLanguage":"es"},{"@type":"Organization","@id":"https:\/\/allin1bitcoins.com\/es\/#organization","name":"allin1bitcoins","url":"https:\/\/allin1bitcoins.com\/es\/","logo":{"@type":"ImageObject","inLanguage":"es","@id":"https:\/\/allin1bitcoins.com\/es\/#\/schema\/logo\/image\/","url":"https:\/\/allin1bitcoins.com\/wp-content\/uploads\/2019\/01\/logo-new.png","contentUrl":"https:\/\/allin1bitcoins.com\/wp-content\/uploads\/2019\/01\/logo-new.png","width":178,"height":71,"caption":"allin1bitcoins"},"image":{"@id":"https:\/\/allin1bitcoins.com\/es\/#\/schema\/logo\/image\/"}}]}},"_links":{"self":[{"href":"https:\/\/allin1bitcoins.com\/es\/wp-json\/wp\/v2\/pages\/22233"}],"collection":[{"href":"https:\/\/allin1bitcoins.com\/es\/wp-json\/wp\/v2\/pages"}],"about":[{"href":"https:\/\/allin1bitcoins.com\/es\/wp-json\/wp\/v2\/types\/page"}],"author":[{"embeddable":true,"href":"https:\/\/allin1bitcoins.com\/es\/wp-json\/wp\/v2\/users\/5"}],"replies":[{"embeddable":true,"href":"https:\/\/allin1bitcoins.com\/es\/wp-json\/wp\/v2\/comments?post=22233"}],"version-history":[{"count":1,"href":"https:\/\/allin1bitcoins.com\/es\/wp-json\/wp\/v2\/pages\/22233\/revisions"}],"predecessor-version":[{"id":22237,"href":"https:\/\/allin1bitcoins.com\/es\/wp-json\/wp\/v2\/pages\/22233\/revisions\/22237"}],"up":[{"embeddable":true,"href":"https:\/\/allin1bitcoins.com\/es\/wp-json\/wp\/v2\/pages\/22184"}],"wp:featuredmedia":[{"embeddable":true,"href":"https:\/\/allin1bitcoins.com\/es\/wp-json\/wp\/v2\/media\/13246"}],"wp:attachment":[{"href":"https:\/\/allin1bitcoins.com\/es\/wp-json\/wp\/v2\/media?parent=22233"}],"curies":[{"name":"wp","href":"https:\/\/api.w.org\/{rel}","templated":true}]}}