{"id":22414,"date":"2023-03-02T06:41:37","date_gmt":"2023-03-02T06:41:37","guid":{"rendered":"https:\/\/allin1bitcoins.com\/?page_id=22414"},"modified":"2023-03-02T06:41:43","modified_gmt":"2023-03-02T06:41:43","slug":"american-express","status":"publish","type":"page","link":"https:\/\/allin1bitcoins.com\/es\/crypto\/bitcoin\/american-express\/","title":{"rendered":"C\u00f3mo Comprar Bitcoin (BTC) Con American Express"},"content":{"rendered":"\n<h2 class=\"wp-block-heading\">Puede comprar bitcoin utilizando American Express.<\/h2>\n\n\n\n<p>Si desea comprar Bitcoin utilizando este m\u00e9todo de pago, es necesario encontrar un exchange o un br\u00f3ker de criptomonedas que acepte American Express como opci\u00f3n de pago. Antes de realizar una compra, algunos exchanges y br\u00f3kers pueden pedirle que demuestre su identidad y que pase por verificaciones de seguridad adicionales. Puede comprar Bitcoin siguiendo las instrucciones de compra de la plataforma despu\u00e9s de encontrar un exchange o br\u00f3ker que acepte American Express y completar cualquier proceso requerido.<\/p>\n\n\n\n<h2 class=\"wp-block-heading\">Visi\u00f3n general de Bitcoin<\/h2>\n\n\n\n<p>La moneda digital conocida como Bitcoin es descentralizada y funciona en una red peer-to-peer. Fue desarrollada en 2009 bajo el seud\u00f3nimo de Satoshi Nakamoto por una persona o grupo de personas no identificadas. Sin la ayuda de una entidad centralizada como un banco o gobierno, los usuarios de Bitcoin pueden enviar y recibir pagos. En su lugar, las transacciones se registran en una cadena de bloques, un registro p\u00fablico actualizado por una red de usuarios conocidos como mineros.<\/p>\n\n\n\n<p>Debido a su potencial para cambiar completamente el sector financiero, Bitcoin ha experimentado recientemente un tremendo aumento de popularidad y atenci\u00f3n medi\u00e1tica. Debido a su v\u00ednculo con la actividad criminal y su extrema fluctuaci\u00f3n de precios, tambi\u00e9n ha sido objeto de debate y rumores. A pesar de estas dificultades, Bitcoin ha seguido siendo una inversi\u00f3n popular y ha fomentado el crecimiento de otras criptomonedas.<\/p>\n\n\n\n<h2 class=\"wp-block-heading\">Por qu\u00e9 querr\u00eda usar American Express para comprar bitcoin<\/h2>\n\n\n\n<p>Puede querer comprar Bitcoin con American Express por varias razones diferentes. En primer lugar, si ya tiene una tarjeta American Express y est\u00e1 seguro de utilizarla para compras en l\u00ednea, puede ser una forma sencilla y pr\u00e1ctica de comprar Bitcoin. Adem\u00e1s, algunos exchanges y br\u00f3kers pueden ofrecer bonificaciones o premios, como devoluci\u00f3n de efectivo o puntos, por utilizar American Express.<\/p>\n\n\n\n<p>La seguridad adicional y la protecci\u00f3n contra el fraude proporcionada por American Express al comprar Bitcoin es otro factor a tener en cuenta. Al realizar una compra en l\u00ednea, puede sentirse seguro sabiendo que American Express ofrece s\u00f3lidas medidas de seguridad como la monitorizaci\u00f3n de fraudes y est\u00e1ndares de responsabilidad cero.<\/p>\n\n\n\n<h2 class=\"wp-block-heading\">C\u00f3mo comprar Bitcoin utilizando American Express en detalle<\/h2>\n\n\n\n<p><strong>Los siguientes pasos le mostrar\u00e1n c\u00f3mo comprar bitcoin con American Express:<\/strong><\/p>\n\n\n\n<ul><li>Busque un br\u00f3ker o exchange de Bitcoin que acepte American Express como forma de pago. American Express es aceptado por numerosos exchanges y br\u00f3kers, pero no todos pueden estar disponibles en su pa\u00eds. Los exchanges populares como Coinbase, Coinmama y Bitpanda aceptan American Express.<br><br><\/li><li>Abra un perfil en el br\u00f3ker o exchange. Por lo general, se le pedir\u00e1 que ingrese algunos datos personales, incluido su nombre y direcci\u00f3n de correo electr\u00f3nico, as\u00ed como una contrase\u00f1a de inicio de sesi\u00f3n. Tambi\u00e9n puede que se le solicite confirmar su identificaci\u00f3n y pasar por verificaciones de seguridad adicionales.<br><br><\/li><li>Conecte su cuenta a su tarjeta American Express. Para agregar una tarjeta a su cuenta, debe proporcionar el n\u00famero de la tarjeta, la fecha de vencimiento y el c\u00f3digo de seguridad.<br><br><\/li><li>Realice un pedido despu\u00e9s de decidir cu\u00e1nto bitcoin desea comprar. C\u00f3mo realizar un pedido ser\u00e1 explicado por el exchange o br\u00f3ker. Debe especificar cu\u00e1nto Bitcoin desea comprar y utilizar su tarjeta American Express para autorizar la transacci\u00f3n.<br><br><\/li><li>Est\u00e9 atento al procesamiento de su pedido. Dependiendo del intercambio o corredor y la demanda actual de Bitcoin, puede tardar algunos minutos o m\u00e1s en procesar su pedido.<br><br><\/li><li>Guarde su Bitcoin de manera segura. Su Bitcoin se transferir\u00e1 a su cuenta de intercambio o corredor una vez que se haya cumplido su pedido. Para evitar robos o p\u00e9rdidas, es crucial mantener su Bitcoin en una billetera segura. Tiene la opci\u00f3n de transferir su Bitcoin a una billetera de hardware o software o mantenerlo en el intercambio o corredor.<\/li><\/ul>\n\n\n\n<figure class=\"wp-block-embed is-type-video is-provider-youtube wp-block-embed-youtube wp-embed-aspect-16-9 wp-has-aspect-ratio\"><div class=\"wp-block-embed__wrapper\">\n<iframe title=\"How To Buy Bitcoins instantly With Credit Card and Debit Card LocalBitcoins Tutorial\" width=\"800\" height=\"450\" src=\"https:\/\/www.youtube.com\/embed\/ef_I05ppdEY?feature=oembed\" frameborder=\"0\" allow=\"accelerometer; autoplay; clipboard-write; encrypted-media; gyroscope; picture-in-picture; web-share\" allowfullscreen><\/iframe>\n<\/div><\/figure>\n\n\n\n<h2 class=\"wp-block-heading\">Contras de usar American Express para comprar Bitcoin<\/h2>\n\n\n\n<p><strong>Debe tener en cuenta las siguientes posibles desventajas al comprar Bitcoin con American Express:<\/strong><\/p>\n\n\n\n<h3 class=\"wp-block-heading\">Tarifas<\/h3>\n\n\n\n<p>En comparaci\u00f3n con otros m\u00e9todos de pago, American Express puede resultar en mayores tarifas cuando se usa para comprar Bitcoin. Las tarjetas American Express pueden tener costos mayores que otros tipos de tarjeta, y algunos intercambios y corredores pueden cobrar tarifas adicionales por usar una tarjeta de cr\u00e9dito. Antes de realizar una compra, es crucial examinar los costos de varios intercambios y opciones de pago para asegurarse de obtener el mejor precio.<\/p>\n\n\n\n<h3 class=\"wp-block-heading\">Disponibilidad limitada<\/h3>\n\n\n\n<p>Puede tener menos opciones porque no todos los intercambios y corredores ofrecen American Express como forma de pago. Como resultado, puede terminar pagando m\u00e1s tarifas y teniendo m\u00e1s dificultades para comparar precios.<\/p>\n\n\n\n<h3 class=\"wp-block-heading\">Riesgo de contracargo<\/h3>\n\n\n\n<p>Debido a la irreversibilidad de las transacciones de Bitcoin, se debe tener precauci\u00f3n al realizar compras. No podr\u00e1 recuperar su dinero si transfiere Bitcoin a la direcci\u00f3n incorrecta por error o si es v\u00edctima de fraude. Sin embargo, si compra Bitcoin con American Express, es posible que pueda disputar la transacci\u00f3n y recuperar su dinero presentando un contracargo. Aunque esta es una funci\u00f3n que puede ser \u00fatil, tambi\u00e9n implica que los intercambios y corredores pueden ser menos propensos a aceptar American Express como forma de pago, lo que puede limitar sus alternativas.<\/p>\n\n\n\n<h2 class=\"wp-block-heading\">Conclusi\u00f3n<\/h2>\n\n\n\n<p>En conclusi\u00f3n, la compra de Bitcoin con una tarjeta American Express puede ser un proceso simple y seguro. Antes de realizar una compra, es crucial pesar cuidadosamente los costos y riesgos, as\u00ed como examinar varios intercambios y opciones de pago. Siguiendo estas recomendaciones, puede decidir si la compra de Bitcoin con American Express es la mejor opci\u00f3n para usted.<\/p>\n\n\n\n<!-- Page-list plugin v.5.9 wordpress.org\/plugins\/page-list\/ -->\n<ul class=\"page-list siblings-page-list \">\n<li class=\"page_item page-item-22414\"><a href=\"https:\/\/allin1bitcoins.com\/es\/crypto\/bitcoin\/american-express\/\">C\u00f3mo Comprar Bitcoin (BTC) Con American Express<\/a><\/li>\n<li class=\"page_item page-item-22422\"><a href=\"https:\/\/allin1bitcoins.com\/es\/crypto\/bitcoin\/apple-pay\/\">C\u00f3mo Comprar Bitcoin (BTC) Con Apple Pay<\/a><\/li>\n<li class=\"page_item page-item-22488\"><a href=\"https:\/\/allin1bitcoins.com\/es\/crypto\/bitcoin\/crypto-anonymously\/\">C\u00f3mo Comprar Bitcoin (BTC) Con Criptomonedas De Forma An\u00f3nima<\/a><\/li>\n<li class=\"page_item page-item-22438\"><a href=\"https:\/\/allin1bitcoins.com\/es\/crypto\/bitcoin\/google-pay\/\">C\u00f3mo Comprar Bitcoin (BTC) Con Google Pay<\/a><\/li>\n<li class=\"page_item page-item-22455\"><a href=\"https:\/\/allin1bitcoins.com\/es\/crypto\/bitcoin\/neteller\/\">C\u00f3mo Comprar Bitcoin (BTC) Con Neteller<\/a><\/li>\n<li class=\"page_item page-item-22409\"><a href=\"https:\/\/allin1bitcoins.com\/es\/crypto\/bitcoin\/paypal\/\">C\u00f3mo Comprar Bitcoin (BTC) Con Paypal<\/a><\/li>\n<li class=\"page_item page-item-22463\"><a href=\"https:\/\/allin1bitcoins.com\/es\/crypto\/bitcoin\/paysafecard\/\">C\u00f3mo Comprar Bitcoin (BTC) Con Paysafecard<\/a><\/li>\n<li class=\"page_item page-item-22472\"><a href=\"https:\/\/allin1bitcoins.com\/es\/crypto\/bitcoin\/skrill\/\">C\u00f3mo Comprar Bitcoin (BTC) Con Skrill<\/a><\/li>\n<li class=\"page_item page-item-22390\"><a href=\"https:\/\/allin1bitcoins.com\/es\/crypto\/bitcoin\/credit-card\/\">C\u00f3mo Comprar Bitcoin (BTC) Con Tarjeta De Cr\u00e9dito<\/a><\/li>\n<li class=\"page_item page-item-22430\"><a href=\"https:\/\/allin1bitcoins.com\/es\/crypto\/bitcoin\/bank-account\/\">C\u00f3mo Comprar Bitcoin (BTC) Con Una Cuenta Bancaria<\/a><\/li>\n<li class=\"page_item page-item-22580\"><a href=\"https:\/\/allin1bitcoins.com\/es\/crypto\/bitcoin\/debit-card\/\">C\u00f3mo Comprar Bitcoin (BTC) Con Una Tarjeta De D\u00e9bito<\/a><\/li>\n<li class=\"page_item page-item-22480\"><a href=\"https:\/\/allin1bitcoins.com\/es\/crypto\/bitcoin\/venmo\/\">C\u00f3mo Comprar Bitcoin (BTC) Con Venmo<\/a><\/li>\n<li class=\"page_item page-item-22526\"><a href=\"https:\/\/allin1bitcoins.com\/es\/crypto\/bitcoin\/australia\/\">C\u00f3mo Comprar Bitcoin (BTC) En Australia<\/a><\/li>\n<li class=\"page_item page-item-22547\"><a href=\"https:\/\/allin1bitcoins.com\/es\/crypto\/bitcoin\/canada\/\">C\u00f3mo Comprar Bitcoin (BTC) En Canad\u00e1<\/a><\/li>\n<li class=\"page_item page-item-22507\"><a href=\"https:\/\/allin1bitcoins.com\/es\/crypto\/bitcoin\/united-kingdom\/\">C\u00f3mo Comprar Bitcoin (BTC) En El Reino Unido<\/a><\/li>\n<li class=\"page_item page-item-22515\"><a href=\"https:\/\/allin1bitcoins.com\/es\/crypto\/bitcoin\/united-states\/\">C\u00f3mo Comprar Bitcoin (BTC) En Los Estados Unidos<\/a><\/li>\n<li class=\"page_item page-item-22539\"><a href=\"https:\/\/allin1bitcoins.com\/es\/crypto\/bitcoin\/the-netherlands\/\">C\u00f3mo Comprar Bitcoin (BTC) En Los Pa\u00edses Bajos<\/a><\/li>\n<li class=\"page_item page-item-22555\"><a href=\"https:\/\/allin1bitcoins.com\/es\/crypto\/bitcoin\/norway\/\">C\u00f3mo Comprar Bitcoin (BTC) En Noruega<\/a><\/li>\n<li class=\"page_item page-item-22498\"><a href=\"https:\/\/allin1bitcoins.com\/es\/crypto\/bitcoin\/new-zealand\/\">C\u00f3mo Comprar Bitcoin (BTC) En Nueva Zelanda<\/a><\/li>\n<li class=\"page_item page-item-22564\"><a href=\"https:\/\/allin1bitcoins.com\/es\/crypto\/bitcoin\/switzerland\/\">C\u00f3mo Comprar Bitcoin (BTC) En Suiza<\/a><\/li>\n\n<\/ul>\n","protected":false},"excerpt":{"rendered":"<p>Puede comprar bitcoin utilizando American Express. Si desea comprar Bitcoin utilizando este m\u00e9todo de pago, es necesario encontrar un exchange o un br\u00f3ker de criptomonedas que acepte American Express como opci\u00f3n de pago. Antes de realizar una compra, algunos exchanges y br\u00f3kers pueden pedirle que demuestre su identidad y que pase por verificaciones de seguridad&#8230;<\/p>\n","protected":false},"author":5,"featured_media":12633,"parent":22371,"menu_order":0,"comment_status":"closed","ping_status":"closed","template":"","meta":{"cybocfi_hide_featured_image":"","footnotes":""},"acf":[],"yoast_head":"<!-- This site is optimized with the Yoast SEO plugin v21.7 - https:\/\/yoast.com\/wordpress\/plugins\/seo\/ -->\n<title>C\u00f3mo Comprar Bitcoin (BTC) Con American Express<\/title>\n<meta name=\"description\" content=\"Encontrar un intercambio o corredor de criptomonedas que acepte American Express como opci\u00f3n de pago es necesario. Obt\u00e9n m\u00e1s informaci\u00f3n.\" \/>\n<meta name=\"robots\" content=\"index, follow, max-snippet:-1, max-image-preview:large, max-video-preview:-1\" \/>\n<link rel=\"canonical\" href=\"https:\/\/allin1bitcoins.com\/es\/crypto\/bitcoin\/american-express\/\" \/>\n<meta property=\"og:locale\" content=\"es_ES\" \/>\n<meta property=\"og:type\" content=\"article\" \/>\n<meta property=\"og:title\" content=\"C\u00f3mo Comprar Bitcoin (BTC) Con American Express\" \/>\n<meta property=\"og:description\" content=\"Encontrar un intercambio o corredor de criptomonedas que acepte American Express como opci\u00f3n de pago es necesario. Obt\u00e9n m\u00e1s informaci\u00f3n.\" \/>\n<meta property=\"og:url\" content=\"https:\/\/allin1bitcoins.com\/es\/crypto\/bitcoin\/american-express\/\" \/>\n<meta property=\"og:site_name\" content=\"Allin1Bitcoins\" \/>\n<meta property=\"article:modified_time\" content=\"2023-03-02T06:41:43+00:00\" \/>\n<meta property=\"og:image\" content=\"https:\/\/allin1bitcoins.com\/wp-content\/uploads\/2022\/12\/andre-francois-mckenzie-JrjhtBJ-pGU-unsplash.jpg\" \/>\n\t<meta property=\"og:image:width\" content=\"1920\" \/>\n\t<meta property=\"og:image:height\" content=\"1282\" \/>\n\t<meta property=\"og:image:type\" content=\"image\/jpeg\" \/>\n<meta name=\"twitter:card\" content=\"summary_large_image\" \/>\n<meta name=\"twitter:label1\" content=\"Est. reading time\" \/>\n\t<meta name=\"twitter:data1\" content=\"4 minutes\" \/>\n<!-- \/ Yoast SEO plugin. -->","yoast_head_json":{"title":"C\u00f3mo Comprar Bitcoin (BTC) Con American Express","description":"Encontrar un intercambio o corredor de criptomonedas que acepte American Express como opci\u00f3n de pago es necesario. Obt\u00e9n m\u00e1s informaci\u00f3n.","robots":{"index":"index","follow":"follow","max-snippet":"max-snippet:-1","max-image-preview":"max-image-preview:large","max-video-preview":"max-video-preview:-1"},"canonical":"https:\/\/allin1bitcoins.com\/es\/crypto\/bitcoin\/american-express\/","og_locale":"es_ES","og_type":"article","og_title":"C\u00f3mo Comprar Bitcoin (BTC) Con American Express","og_description":"Encontrar un intercambio o corredor de criptomonedas que acepte American Express como opci\u00f3n de pago es necesario. Obt\u00e9n m\u00e1s informaci\u00f3n.","og_url":"https:\/\/allin1bitcoins.com\/es\/crypto\/bitcoin\/american-express\/","og_site_name":"Allin1Bitcoins","article_modified_time":"2023-03-02T06:41:43+00:00","og_image":[{"width":1920,"height":1282,"url":"https:\/\/allin1bitcoins.com\/wp-content\/uploads\/2022\/12\/andre-francois-mckenzie-JrjhtBJ-pGU-unsplash.jpg","type":"image\/jpeg"}],"twitter_card":"summary_large_image","twitter_misc":{"Est. reading time":"4 minutes"},"schema":{"@context":"https:\/\/schema.org","@graph":[{"@type":"WebPage","@id":"https:\/\/allin1bitcoins.com\/es\/crypto\/bitcoin\/american-express\/","url":"https:\/\/allin1bitcoins.com\/es\/crypto\/bitcoin\/american-express\/","name":"C\u00f3mo Comprar Bitcoin (BTC) Con American Express","isPartOf":{"@id":"https:\/\/allin1bitcoins.com\/es\/#website"},"datePublished":"2023-03-02T06:41:37+00:00","dateModified":"2023-03-02T06:41:43+00:00","description":"Encontrar un intercambio o corredor de criptomonedas que acepte American Express como opci\u00f3n de pago es necesario. Obt\u00e9n m\u00e1s informaci\u00f3n.","breadcrumb":{"@id":"https:\/\/allin1bitcoins.com\/es\/crypto\/bitcoin\/american-express\/#breadcrumb"},"inLanguage":"es","potentialAction":[{"@type":"ReadAction","target":["https:\/\/allin1bitcoins.com\/es\/crypto\/bitcoin\/american-express\/"]}]},{"@type":"BreadcrumbList","@id":"https:\/\/allin1bitcoins.com\/es\/crypto\/bitcoin\/american-express\/#breadcrumb","itemListElement":[{"@type":"ListItem","position":1,"name":"Home","item":"https:\/\/allin1bitcoins.com\/es\/"},{"@type":"ListItem","position":2,"name":"Cripto","item":"https:\/\/allin1bitcoins.com\/es\/crypto\/"},{"@type":"ListItem","position":3,"name":"C\u00f3mo Comprar Bitcoin (BTC)","item":"https:\/\/allin1bitcoins.com\/es\/crypto\/bitcoin\/"},{"@type":"ListItem","position":4,"name":"C\u00f3mo Comprar Bitcoin (BTC) Con American Express"}]},{"@type":"WebSite","@id":"https:\/\/allin1bitcoins.com\/es\/#website","url":"https:\/\/allin1bitcoins.com\/es\/","name":"Allin1Bitcoins","description":"","publisher":{"@id":"https:\/\/allin1bitcoins.com\/es\/#organization"},"potentialAction":[{"@type":"SearchAction","target":{"@type":"EntryPoint","urlTemplate":"https:\/\/allin1bitcoins.com\/es\/?s={search_term_string}"},"query-input":"required name=search_term_string"}],"inLanguage":"es"},{"@type":"Organization","@id":"https:\/\/allin1bitcoins.com\/es\/#organization","name":"allin1bitcoins","url":"https:\/\/allin1bitcoins.com\/es\/","logo":{"@type":"ImageObject","inLanguage":"es","@id":"https:\/\/allin1bitcoins.com\/es\/#\/schema\/logo\/image\/","url":"https:\/\/allin1bitcoins.com\/wp-content\/uploads\/2019\/01\/logo-new.png","contentUrl":"https:\/\/allin1bitcoins.com\/wp-content\/uploads\/2019\/01\/logo-new.png","width":178,"height":71,"caption":"allin1bitcoins"},"image":{"@id":"https:\/\/allin1bitcoins.com\/es\/#\/schema\/logo\/image\/"}}]}},"_links":{"self":[{"href":"https:\/\/allin1bitcoins.com\/es\/wp-json\/wp\/v2\/pages\/22414"}],"collection":[{"href":"https:\/\/allin1bitcoins.com\/es\/wp-json\/wp\/v2\/pages"}],"about":[{"href":"https:\/\/allin1bitcoins.com\/es\/wp-json\/wp\/v2\/types\/page"}],"author":[{"embeddable":true,"href":"https:\/\/allin1bitcoins.com\/es\/wp-json\/wp\/v2\/users\/5"}],"replies":[{"embeddable":true,"href":"https:\/\/allin1bitcoins.com\/es\/wp-json\/wp\/v2\/comments?post=22414"}],"version-history":[{"count":1,"href":"https:\/\/allin1bitcoins.com\/es\/wp-json\/wp\/v2\/pages\/22414\/revisions"}],"predecessor-version":[{"id":22415,"href":"https:\/\/allin1bitcoins.com\/es\/wp-json\/wp\/v2\/pages\/22414\/revisions\/22415"}],"up":[{"embeddable":true,"href":"https:\/\/allin1bitcoins.com\/es\/wp-json\/wp\/v2\/pages\/22371"}],"wp:featuredmedia":[{"embeddable":true,"href":"https:\/\/allin1bitcoins.com\/es\/wp-json\/wp\/v2\/media\/12633"}],"wp:attachment":[{"href":"https:\/\/allin1bitcoins.com\/es\/wp-json\/wp\/v2\/media?parent=22414"}],"curies":[{"name":"wp","href":"https:\/\/api.w.org\/{rel}","templated":true}]}}