{"id":22438,"date":"2023-03-02T07:36:08","date_gmt":"2023-03-02T07:36:08","guid":{"rendered":"https:\/\/allin1bitcoins.com\/?page_id=22438"},"modified":"2023-03-02T07:38:41","modified_gmt":"2023-03-02T07:38:41","slug":"google-pay","status":"publish","type":"page","link":"https:\/\/allin1bitcoins.com\/es\/crypto\/bitcoin\/google-pay\/","title":{"rendered":"C\u00f3mo Comprar Bitcoin (BTC) Con Google Pay"},"content":{"rendered":"\n<p>Crea una cuenta, encuentra el exchange o plataforma de pares que acepte Google Pay, y luego sigue las instrucciones en pantalla para completar la transacci\u00f3n. Antes de realizar una compra, es crucial investigar a fondo el exchange o la plataforma que planeas utilizar y asegurarte de que sea confiable y seguro.<\/p>\n\n\n\n<h2 class=\"wp-block-heading\">Resumen de Bitcoin<\/h2>\n\n\n\n<p>Sin necesidad de una entidad centralizada, las transacciones entre pares pueden ser realizadas mediante la moneda digital descentralizada bitcoin. Fue desarrollada en 2009 por Satoshi Nakamoto, una persona o grupo de personas no identificado. La cadena de bloques, un registro p\u00fablico y transparente de todas las transacciones de Bitcoin, es la base sobre la que se construye Bitcoin.<\/p>\n\n\n\n<p>La oferta limitada de Bitcoin es una de sus caracter\u00edsticas clave. Solo habr\u00e1 un m\u00e1ximo de 21 millones de bitcoins, de los cuales actualmente hay 18,7 millones en uso. El precio de Bitcoin ha fluctuado mucho a lo largo de los a\u00f1os debido a esta oferta limitada y la creciente demanda.<\/p>\n\n\n\n<h2 class=\"wp-block-heading\">Por qu\u00e9 quieres comprar bitcoin usando Google Pay<\/h2>\n\n\n\n<p>Puede que desees comprar Bitcoin con Google Pay por varias razones. Una explicaci\u00f3n es que Google Pay facilita y agiliza los pagos en l\u00ednea. Puedes utilizar tu cuenta de Google Pay para realizar compras en una variedad de minoristas en l\u00ednea despu\u00e9s de configurarla y conectarla a tu cuenta bancaria o tarjeta de d\u00e9bito.<\/p>\n\n\n\n<p>La capacidad de comprar Bitcoin con Google Pay tambi\u00e9n puede ofrecer cierto grado de privacidad. Tu informaci\u00f3n privada no se revela al vendedor cuando compras Bitcoin utilizando Google Pay. A algunas personas que prefieren mantener sus transacciones financieras privadas les puede resultar atractivo.<\/p>\n\n\n\n<h2 class=\"wp-block-heading\">C\u00f3mo comprar Bitcoin con Google Pay en detalle<\/h2>\n\n\n\n<p><strong>Aqu\u00ed tienes una gu\u00eda detallada sobre c\u00f3mo comprar Bitcoin con Google Pay:<\/strong><\/p>\n\n\n\n<ol><li><strong>Crea una cuenta de Google Pay: <\/strong>Primero debes crear una cuenta de Google Pay para comprar Bitcoin con Google Pay. La aplicaci\u00f3n de Google Pay, disponible tanto para smartphones Android como iOS, se puede utilizar para lograr esto. Para realizar compras, debes conectar tu cuenta de Google Pay a una cuenta bancaria o tarjeta de d\u00e9bito.<br><br><br><\/li><li><strong>Encuentra una red de pares o un exchange de Bitcoin que acepte Google Pay: <\/strong>Google Pay es un m\u00e9todo de pago que puedes utilizar para comprar Bitcoin en varios exchanges y servicios. Coinbase, Paxful y LocalBitcoins son algunas opciones populares. Para encontrar una plataforma que satisfaga tus necesidades y acepte Google Pay como opci\u00f3n de pago, puedes buscar en l\u00ednea.<br><br><\/li><li><strong>Reg\u00edstrate:<\/strong> Una vez que hayas encontrado un exchange que acepte Google Pay, debes registrarte para obtener una cuenta. Por lo general, esto implica proporcionar informaci\u00f3n personal y comprobar tu identificaci\u00f3n.<br><br><\/li><li><strong>Deposita dinero en tu cuenta: <\/strong>Antes de poder comprar Bitcoin, debes depositar dinero en tu cuenta de exchange o plataforma. Esto se puede hacer conectando tu tarjeta de d\u00e9bito o cuenta bancaria a tu cuenta y transfiriendo dinero desde all\u00ed.<br><br><\/li><li><strong>Realiza una orden de compra de Bitcoin:<\/strong> Una vez que tengas dinero en tu cuenta, puedes hacer una orden de compra de Bitcoin. Debes ser espec\u00edfico acerca de cu\u00e1nto Bitcoin deseas comprar y tu rango de precios. Luego, el exchange o la plataforma ejecutar\u00e1 la transacci\u00f3n conect\u00e1ndote con un vendC\u00f3mo comprar Bitcoin (BTC) con Google Payedor.<\/li><\/ol>\n\n\n\n<figure class=\"wp-block-embed is-type-video is-provider-youtube wp-block-embed-youtube wp-embed-aspect-16-9 wp-has-aspect-ratio\"><div class=\"wp-block-embed__wrapper\">\n<iframe title=\"How to Buy Crypto with Google Pay \u2013 Easy &amp; Fast! (Crypto.com Google Pay Guide)\" width=\"800\" height=\"450\" src=\"https:\/\/www.youtube.com\/embed\/I0VUJ3Wp21E?feature=oembed\" frameborder=\"0\" allow=\"accelerometer; autoplay; clipboard-write; encrypted-media; gyroscope; picture-in-picture; web-share\" allowfullscreen><\/iframe>\n<\/div><\/figure>\n\n\n\n<h2 class=\"wp-block-heading\">Desventajas de usar Google Pay para comprar Bitcoin<\/h2>\n\n\n\n<p>El uso de Google Pay para comprar Bitcoin puede tener algunas desventajas. Una de ellas es que no todas las plataformas y exchanges aceptan Google Pay, lo que puede limitar las opciones de d\u00f3nde adquirir Bitcoin. Adem\u00e1s, dado que tu informaci\u00f3n personal sigue conectada a tu cuenta de Google Pay, comprar Bitcoin con Google Pay puede no ser tan privado como hacerlo de otra manera.<\/p>\n\n\n\n<p>Otra desventaja es que no hay garant\u00eda de que tu inversi\u00f3n mejorar\u00e1 su valor con el tiempo debido a la volatilidad del precio de Bitcoin. Es imposible predecir el precio de Bitcoin porque ha variado ampliamente en el pasado. Esto indica que existe el riesgo de p\u00e9rdida financiera si compras Bitcoin y el precio baja.<\/p>\n\n\n\n<p>Tambi\u00e9n es importante comprender que la compra de Bitcoin conlleva ciertos riesgos debido a la posibilidad de fraude o estafas. Antes de realizar una compra, es crucial investigar exhaustivamente el exchange o plataforma que planeas utilizar y asegurarte de que sea confiable y seguro.<\/p>\n\n\n\n<h2 class=\"wp-block-heading\">Conclusi\u00f3n<\/h2>\n\n\n\n<p>Una forma r\u00e1pida y sencilla de invertir en criptomonedas es comprar Bitcoin con Google Pay. Puedes hacer compras en plataformas y exchanges que admitan Google Pay creando una cuenta de Google Pay y conect\u00e1ndola a una cuenta bancaria o tarjeta de d\u00e9bito. Sin embargo, es importante investigar a fondo el exchange o plataforma que planeas utilizar y estar informado sobre los riesgos involucrados en la inversi\u00f3n en Bitcoin.<\/p>\n\n\n\n<!-- Page-list plugin v.5.9 wordpress.org\/plugins\/page-list\/ -->\n<ul class=\"page-list siblings-page-list \">\n<li class=\"page_item page-item-22414\"><a href=\"https:\/\/allin1bitcoins.com\/es\/crypto\/bitcoin\/american-express\/\">C\u00f3mo Comprar Bitcoin (BTC) Con American Express<\/a><\/li>\n<li class=\"page_item page-item-22422\"><a href=\"https:\/\/allin1bitcoins.com\/es\/crypto\/bitcoin\/apple-pay\/\">C\u00f3mo Comprar Bitcoin (BTC) Con Apple Pay<\/a><\/li>\n<li class=\"page_item page-item-22488\"><a href=\"https:\/\/allin1bitcoins.com\/es\/crypto\/bitcoin\/crypto-anonymously\/\">C\u00f3mo Comprar Bitcoin (BTC) Con Criptomonedas De Forma An\u00f3nima<\/a><\/li>\n<li class=\"page_item page-item-22438\"><a href=\"https:\/\/allin1bitcoins.com\/es\/crypto\/bitcoin\/google-pay\/\">C\u00f3mo Comprar Bitcoin (BTC) Con Google Pay<\/a><\/li>\n<li class=\"page_item page-item-22455\"><a href=\"https:\/\/allin1bitcoins.com\/es\/crypto\/bitcoin\/neteller\/\">C\u00f3mo Comprar Bitcoin (BTC) Con Neteller<\/a><\/li>\n<li class=\"page_item page-item-22409\"><a href=\"https:\/\/allin1bitcoins.com\/es\/crypto\/bitcoin\/paypal\/\">C\u00f3mo Comprar Bitcoin (BTC) Con Paypal<\/a><\/li>\n<li class=\"page_item page-item-22463\"><a href=\"https:\/\/allin1bitcoins.com\/es\/crypto\/bitcoin\/paysafecard\/\">C\u00f3mo Comprar Bitcoin (BTC) Con Paysafecard<\/a><\/li>\n<li class=\"page_item page-item-22472\"><a href=\"https:\/\/allin1bitcoins.com\/es\/crypto\/bitcoin\/skrill\/\">C\u00f3mo Comprar Bitcoin (BTC) Con Skrill<\/a><\/li>\n<li class=\"page_item page-item-22390\"><a href=\"https:\/\/allin1bitcoins.com\/es\/crypto\/bitcoin\/credit-card\/\">C\u00f3mo Comprar Bitcoin (BTC) Con Tarjeta De Cr\u00e9dito<\/a><\/li>\n<li class=\"page_item page-item-22430\"><a href=\"https:\/\/allin1bitcoins.com\/es\/crypto\/bitcoin\/bank-account\/\">C\u00f3mo Comprar Bitcoin (BTC) Con Una Cuenta Bancaria<\/a><\/li>\n<li class=\"page_item page-item-22580\"><a href=\"https:\/\/allin1bitcoins.com\/es\/crypto\/bitcoin\/debit-card\/\">C\u00f3mo Comprar Bitcoin (BTC) Con Una Tarjeta De D\u00e9bito<\/a><\/li>\n<li class=\"page_item page-item-22480\"><a href=\"https:\/\/allin1bitcoins.com\/es\/crypto\/bitcoin\/venmo\/\">C\u00f3mo Comprar Bitcoin (BTC) Con Venmo<\/a><\/li>\n<li class=\"page_item page-item-22526\"><a href=\"https:\/\/allin1bitcoins.com\/es\/crypto\/bitcoin\/australia\/\">C\u00f3mo Comprar Bitcoin (BTC) En Australia<\/a><\/li>\n<li class=\"page_item page-item-22547\"><a href=\"https:\/\/allin1bitcoins.com\/es\/crypto\/bitcoin\/canada\/\">C\u00f3mo Comprar Bitcoin (BTC) En Canad\u00e1<\/a><\/li>\n<li class=\"page_item page-item-22507\"><a href=\"https:\/\/allin1bitcoins.com\/es\/crypto\/bitcoin\/united-kingdom\/\">C\u00f3mo Comprar Bitcoin (BTC) En El Reino Unido<\/a><\/li>\n<li class=\"page_item page-item-22515\"><a href=\"https:\/\/allin1bitcoins.com\/es\/crypto\/bitcoin\/united-states\/\">C\u00f3mo Comprar Bitcoin (BTC) En Los Estados Unidos<\/a><\/li>\n<li class=\"page_item page-item-22539\"><a href=\"https:\/\/allin1bitcoins.com\/es\/crypto\/bitcoin\/the-netherlands\/\">C\u00f3mo Comprar Bitcoin (BTC) En Los Pa\u00edses Bajos<\/a><\/li>\n<li class=\"page_item page-item-22555\"><a href=\"https:\/\/allin1bitcoins.com\/es\/crypto\/bitcoin\/norway\/\">C\u00f3mo Comprar Bitcoin (BTC) En Noruega<\/a><\/li>\n<li class=\"page_item page-item-22498\"><a href=\"https:\/\/allin1bitcoins.com\/es\/crypto\/bitcoin\/new-zealand\/\">C\u00f3mo Comprar Bitcoin (BTC) En Nueva Zelanda<\/a><\/li>\n<li class=\"page_item page-item-22564\"><a href=\"https:\/\/allin1bitcoins.com\/es\/crypto\/bitcoin\/switzerland\/\">C\u00f3mo Comprar Bitcoin (BTC) En Suiza<\/a><\/li>\n\n<\/ul>\n","protected":false},"excerpt":{"rendered":"<p>Crea una cuenta, encuentra el exchange o plataforma de pares que acepte Google Pay, y luego sigue las instrucciones en pantalla para completar la transacci\u00f3n. Antes de realizar una compra, es crucial investigar a fondo el exchange o la plataforma que planeas utilizar y asegurarte de que sea confiable y seguro. Resumen de Bitcoin Sin&#8230;<\/p>\n","protected":false},"author":5,"featured_media":22441,"parent":22371,"menu_order":0,"comment_status":"closed","ping_status":"closed","template":"","meta":{"cybocfi_hide_featured_image":"","footnotes":""},"acf":[],"yoast_head":"<!-- This site is optimized with the Yoast SEO plugin v21.7 - https:\/\/yoast.com\/wordpress\/plugins\/seo\/ -->\n<title>C\u00f3mo Comprar Bitcoin (BTC) Con Google Pay<\/title>\n<meta name=\"description\" content=\"Crea una cuenta, encuentra el intercambio o plataforma de igual a igual que acepte Google Pay y sigue las instrucciones en pantalla\" \/>\n<meta name=\"robots\" content=\"index, follow, max-snippet:-1, max-image-preview:large, max-video-preview:-1\" \/>\n<link rel=\"canonical\" href=\"https:\/\/allin1bitcoins.com\/es\/crypto\/bitcoin\/google-pay\/\" \/>\n<meta property=\"og:locale\" content=\"es_ES\" \/>\n<meta property=\"og:type\" content=\"article\" \/>\n<meta property=\"og:title\" content=\"C\u00f3mo Comprar Bitcoin (BTC) Con Google Pay\" \/>\n<meta property=\"og:description\" content=\"Crea una cuenta, encuentra el intercambio o plataforma de igual a igual que acepte Google Pay y sigue las instrucciones en pantalla\" \/>\n<meta property=\"og:url\" content=\"https:\/\/allin1bitcoins.com\/es\/crypto\/bitcoin\/google-pay\/\" \/>\n<meta property=\"og:site_name\" content=\"Allin1Bitcoins\" \/>\n<meta property=\"article:modified_time\" content=\"2023-03-02T07:38:41+00:00\" \/>\n<meta property=\"og:image\" content=\"https:\/\/allin1bitcoins.com\/wp-content\/uploads\/2023\/03\/andre-francois-mckenzie-Q4W8GjjKjuw-unsplash.jpg\" \/>\n\t<meta property=\"og:image:width\" content=\"1920\" \/>\n\t<meta property=\"og:image:height\" content=\"1282\" \/>\n\t<meta property=\"og:image:type\" content=\"image\/jpeg\" \/>\n<meta name=\"twitter:card\" content=\"summary_large_image\" \/>\n<meta name=\"twitter:label1\" content=\"Est. reading time\" \/>\n\t<meta name=\"twitter:data1\" content=\"4 minutes\" \/>\n<!-- \/ Yoast SEO plugin. -->","yoast_head_json":{"title":"C\u00f3mo Comprar Bitcoin (BTC) Con Google Pay","description":"Crea una cuenta, encuentra el intercambio o plataforma de igual a igual que acepte Google Pay y sigue las instrucciones en pantalla","robots":{"index":"index","follow":"follow","max-snippet":"max-snippet:-1","max-image-preview":"max-image-preview:large","max-video-preview":"max-video-preview:-1"},"canonical":"https:\/\/allin1bitcoins.com\/es\/crypto\/bitcoin\/google-pay\/","og_locale":"es_ES","og_type":"article","og_title":"C\u00f3mo Comprar Bitcoin (BTC) Con Google Pay","og_description":"Crea una cuenta, encuentra el intercambio o plataforma de igual a igual que acepte Google Pay y sigue las instrucciones en pantalla","og_url":"https:\/\/allin1bitcoins.com\/es\/crypto\/bitcoin\/google-pay\/","og_site_name":"Allin1Bitcoins","article_modified_time":"2023-03-02T07:38:41+00:00","og_image":[{"width":1920,"height":1282,"url":"https:\/\/allin1bitcoins.com\/wp-content\/uploads\/2023\/03\/andre-francois-mckenzie-Q4W8GjjKjuw-unsplash.jpg","type":"image\/jpeg"}],"twitter_card":"summary_large_image","twitter_misc":{"Est. reading time":"4 minutes"},"schema":{"@context":"https:\/\/schema.org","@graph":[{"@type":"WebPage","@id":"https:\/\/allin1bitcoins.com\/es\/crypto\/bitcoin\/google-pay\/","url":"https:\/\/allin1bitcoins.com\/es\/crypto\/bitcoin\/google-pay\/","name":"C\u00f3mo Comprar Bitcoin (BTC) Con Google Pay","isPartOf":{"@id":"https:\/\/allin1bitcoins.com\/es\/#website"},"datePublished":"2023-03-02T07:36:08+00:00","dateModified":"2023-03-02T07:38:41+00:00","description":"Crea una cuenta, encuentra el intercambio o plataforma de igual a igual que acepte Google Pay y sigue las instrucciones en pantalla","breadcrumb":{"@id":"https:\/\/allin1bitcoins.com\/es\/crypto\/bitcoin\/google-pay\/#breadcrumb"},"inLanguage":"es","potentialAction":[{"@type":"ReadAction","target":["https:\/\/allin1bitcoins.com\/es\/crypto\/bitcoin\/google-pay\/"]}]},{"@type":"BreadcrumbList","@id":"https:\/\/allin1bitcoins.com\/es\/crypto\/bitcoin\/google-pay\/#breadcrumb","itemListElement":[{"@type":"ListItem","position":1,"name":"Home","item":"https:\/\/allin1bitcoins.com\/es\/"},{"@type":"ListItem","position":2,"name":"Cripto","item":"https:\/\/allin1bitcoins.com\/es\/crypto\/"},{"@type":"ListItem","position":3,"name":"C\u00f3mo Comprar Bitcoin (BTC)","item":"https:\/\/allin1bitcoins.com\/es\/crypto\/bitcoin\/"},{"@type":"ListItem","position":4,"name":"C\u00f3mo Comprar Bitcoin (BTC) Con Google Pay"}]},{"@type":"WebSite","@id":"https:\/\/allin1bitcoins.com\/es\/#website","url":"https:\/\/allin1bitcoins.com\/es\/","name":"Allin1Bitcoins","description":"","publisher":{"@id":"https:\/\/allin1bitcoins.com\/es\/#organization"},"potentialAction":[{"@type":"SearchAction","target":{"@type":"EntryPoint","urlTemplate":"https:\/\/allin1bitcoins.com\/es\/?s={search_term_string}"},"query-input":"required name=search_term_string"}],"inLanguage":"es"},{"@type":"Organization","@id":"https:\/\/allin1bitcoins.com\/es\/#organization","name":"allin1bitcoins","url":"https:\/\/allin1bitcoins.com\/es\/","logo":{"@type":"ImageObject","inLanguage":"es","@id":"https:\/\/allin1bitcoins.com\/es\/#\/schema\/logo\/image\/","url":"https:\/\/allin1bitcoins.com\/wp-content\/uploads\/2019\/01\/logo-new.png","contentUrl":"https:\/\/allin1bitcoins.com\/wp-content\/uploads\/2019\/01\/logo-new.png","width":178,"height":71,"caption":"allin1bitcoins"},"image":{"@id":"https:\/\/allin1bitcoins.com\/es\/#\/schema\/logo\/image\/"}}]}},"_links":{"self":[{"href":"https:\/\/allin1bitcoins.com\/es\/wp-json\/wp\/v2\/pages\/22438"}],"collection":[{"href":"https:\/\/allin1bitcoins.com\/es\/wp-json\/wp\/v2\/pages"}],"about":[{"href":"https:\/\/allin1bitcoins.com\/es\/wp-json\/wp\/v2\/types\/page"}],"author":[{"embeddable":true,"href":"https:\/\/allin1bitcoins.com\/es\/wp-json\/wp\/v2\/users\/5"}],"replies":[{"embeddable":true,"href":"https:\/\/allin1bitcoins.com\/es\/wp-json\/wp\/v2\/comments?post=22438"}],"version-history":[{"count":1,"href":"https:\/\/allin1bitcoins.com\/es\/wp-json\/wp\/v2\/pages\/22438\/revisions"}],"predecessor-version":[{"id":22439,"href":"https:\/\/allin1bitcoins.com\/es\/wp-json\/wp\/v2\/pages\/22438\/revisions\/22439"}],"up":[{"embeddable":true,"href":"https:\/\/allin1bitcoins.com\/es\/wp-json\/wp\/v2\/pages\/22371"}],"wp:featuredmedia":[{"embeddable":true,"href":"https:\/\/allin1bitcoins.com\/es\/wp-json\/wp\/v2\/media\/22441"}],"wp:attachment":[{"href":"https:\/\/allin1bitcoins.com\/es\/wp-json\/wp\/v2\/media?parent=22438"}],"curies":[{"name":"wp","href":"https:\/\/api.w.org\/{rel}","templated":true}]}}