{"id":22498,"date":"2023-03-02T14:28:40","date_gmt":"2023-03-02T14:28:40","guid":{"rendered":"https:\/\/allin1bitcoins.com\/?page_id=22498"},"modified":"2023-03-02T14:28:43","modified_gmt":"2023-03-02T14:28:43","slug":"new-zealand","status":"publish","type":"page","link":"https:\/\/allin1bitcoins.com\/es\/crypto\/bitcoin\/new-zealand\/","title":{"rendered":"C\u00f3mo Comprar Bitcoin (BTC) En Nueva Zelanda"},"content":{"rendered":"\n<p>Si est\u00e1s interesado en comprar Bitcoin en Nueva Zelanda, lo primero que debes hacer es encontrar un intercambio de criptomonedas que sea compatible con Bitcoin. Si est\u00e1s interesado en comprar Bitcoin en Nueva Zelanda, ve aqu\u00ed. Coinbase, Bitfinex y Binance son algunos de los intercambios m\u00e1s conocidos en Nueva Zelanda que admiten Bitcoin. Despu\u00e9s de descubrir un intercambio que acepte Bitcoin, deber\u00e1s crear una cuenta, establecer la verificaci\u00f3n de identificaci\u00f3n y transferir dinero a tu cuenta. Despu\u00e9s de financiar tu cuenta, podr\u00e1s realizar un pedido para comprar Bitcoin utilizando tu m\u00e9todo de pago preferido.<\/p>\n\n\n\n<h2 class=\"wp-block-heading\">Resumen de Bitcoin<\/h2>\n\n\n\n<p>Dise\u00f1ado para ser utilizado como medio de intercambio y almac\u00e9n de valor, Bitcoin es una criptomoneda descentralizada. Fue fundada en 2009 por una persona o grupo desconocido bajo el seud\u00f3nimo de Satoshi Nakamoto, y es la primera y m\u00e1s conocida criptomoneda. Bitcoin recibi\u00f3 su nombre en honor a la persona que cre\u00f3 el nombre.<\/p>\n\n\n\n<p>Bitcoin se basa en una red peer-to-peer descentralizada, lo que elimina la necesidad de una autoridad central y permite a los usuarios enviar y recibir pagos directamente entre ellos. Rastrea y verifica las transacciones utilizando una cadena de bloques, un libro mayor p\u00fablico descentralizado, que contribuye a la seguridad e integridad de la red.<\/p>\n\n\n\n<h2 class=\"wp-block-heading\">Comprar Bitcoin tiene ventajas.<\/h2>\n\n\n\n<p><strong>Comprar Bitcoin tiene diversas ventajas, como:<\/strong><\/p>\n\n\n\n<ul><li><strong>Descentralizado:<\/strong> Bitcoin es una criptomoneda descentralizada, lo que significa que no est\u00e1 gobernada por ninguna entidad central, como un banco o el gobierno. Como resultado, es menos susceptible al fraude, la censura y otros tipos de intervenci\u00f3n. Bitcoin utiliza la criptograf\u00eda de vanguardia para cifrar las transacciones y proteger contra el fraude. Por lo tanto, es un medio seguro y seguro para almacenar y transmitir valor.<br><br><\/li><li><strong>Bajas comisiones: <\/strong>La red de Bitcoin suele cobrar relativamente poco por las transacciones, lo que lo convierte en una opci\u00f3n razonable tanto para transacciones peque\u00f1as como grandes.<br><br><\/li><li><strong>Accesibilidad:<\/strong> Cualquier persona con una conexi\u00f3n a internet puede usar Bitcoin, independientemente de su nivel de conocimientos t\u00e9cnicos o recursos financieros. Es accesible desde cualquier parte del mundo y es f\u00e1cil de usar.<br><br><\/li><li><strong>Amplia aceptaci\u00f3n:<\/strong> Un n\u00famero creciente de tiendas y empresas aceptan Bitcoin como forma de pago, lo que lo convierte en un m\u00e9todo pr\u00e1ctico y popular de intercambio.<\/li><\/ul>\n\n\n\n<h2 class=\"wp-block-heading\">C\u00f3mo conseguir Bitcoin en Nueva Zelanda: una gu\u00eda paso a paso<\/h2>\n\n\n\n<ol><li>El primer paso para comprar Bitcoin en Nueva Zelanda es identificar un intercambio de criptomonedas que admita Bitcoin. Coinbase, Bitfinex y Binance son algunos de los intercambios m\u00e1s conocidos en Nueva Zelanda que aceptan Bitcoin.<br><br><\/li><li>Una vez que hayas localizado un intercambio que acepte Bitcoin, deber\u00e1s registrarte en la plataforma. Normalmente, para hacer esto, debes autenticar tu identidad y proporcionar alguna informaci\u00f3n personal.<br><br><\/li><li>Despu\u00e9s de haber configurado tu cuenta, deber\u00e1s hacer esto antes de poder comprar Bitcoin. Transferencias bancarias, tarjetas de cr\u00e9dito o otra criptomoneda se utilizan frecuentemente para esto.<br><br><\/li><li>Una vez que tu cuenta haya sido cargada, puedes hacer un pedido para comprar Bitcoin usando tu m\u00e9todo de pago preferido. Deber\u00e1s especificar tanto la cantidad de Bitcoin que deseas comprar como el precio que est\u00e1s dispuesto a pagar.<br><br><\/li><li>Despu\u00e9s de que se complete tu pedido, debes retirar tus Bitcoins a una billetera. Debes utilizar una billetera segura. Esto es crucial porque te da la capacidad de administrar tus propias claves privadas, que son necesarias para acceder a tus Bitcoins.<\/li><\/ol>\n\n\n\n<figure class=\"wp-block-embed is-type-video is-provider-youtube wp-block-embed-youtube wp-embed-aspect-16-9 wp-has-aspect-ratio\"><div class=\"wp-block-embed__wrapper\">\n<iframe title=\"How To Buy Bitcoin In Less Than 10 Minutes (NZ)\" width=\"800\" height=\"450\" src=\"https:\/\/www.youtube.com\/embed\/jMkryBRsWk4?feature=oembed\" frameborder=\"0\" allow=\"accelerometer; autoplay; clipboard-write; encrypted-media; gyroscope; picture-in-picture; web-share\" allowfullscreen><\/iframe>\n<\/div><\/figure>\n\n\n\n<h2 class=\"wp-block-heading\">Impuestos en Nueva Zelanda sobre las compras de Bitcoin<\/h2>\n\n\n\n<p>Aunque la tributaci\u00f3n de las criptomonedas en Nueva Zelanda a\u00fan no se ha determinado por completo, generalmente se consideran activos financieros y, por lo tanto, est\u00e1n sujetos a impuestos sobre ganancias de capital. Sin embargo, las repercusiones fiscales particulares de la compra y retenci\u00f3n de Bitcoin depender\u00e1n de tu situaci\u00f3n \u00fanica, incluido tu estado de residencia y el tiempo que mantengas la criptomoneda.<\/p>\n\n\n\n<p>Es importante recordar que el panorama legal en torno a c\u00f3mo se tratan las criptomonedas como Bitcoin en t\u00e9rminos de impuestos todav\u00eda est\u00e1 en desarrollo. Por lo tanto, antes de comprar o vender Bitcoin en Nueva Zelanda, es importante consultar con un especialista fiscal certificado.<\/p>\n\n\n\n<h2 class=\"wp-block-heading\">Conclusi\u00f3n<\/h2>\n\n\n\n<p>En resumen, para comprar Bitcoin en Nueva Zelanda, primero deber\u00e1s localizar un intercambio de criptomonedas que ofrezca Bitcoin, luego crear una cuenta con ese intercambio, transferir fondos y luego hacer un pedido para comprar Bitcoin. Al comprar y mantener Bitcoin, es vital considerar las posibles implicaciones fiscales y, si es necesario, buscar la orientaci\u00f3n de un profesional tributario experimentado al respecto. Considerando todo, comprar Bitcoin puede ser una forma pr\u00e1ctica y segura de ahorrar y mover dinero, siempre y cuando tomes las medidas de seguridad adecuadas para proteger tu inversi\u00f3n.<\/p>\n\n\n\n<!-- Page-list plugin v.5.9 wordpress.org\/plugins\/page-list\/ -->\n<ul class=\"page-list siblings-page-list \">\n<li class=\"page_item page-item-22414\"><a href=\"https:\/\/allin1bitcoins.com\/es\/crypto\/bitcoin\/american-express\/\">C\u00f3mo Comprar Bitcoin (BTC) Con American Express<\/a><\/li>\n<li class=\"page_item page-item-22422\"><a href=\"https:\/\/allin1bitcoins.com\/es\/crypto\/bitcoin\/apple-pay\/\">C\u00f3mo Comprar Bitcoin (BTC) Con Apple Pay<\/a><\/li>\n<li class=\"page_item page-item-22488\"><a href=\"https:\/\/allin1bitcoins.com\/es\/crypto\/bitcoin\/crypto-anonymously\/\">C\u00f3mo Comprar Bitcoin (BTC) Con Criptomonedas De Forma An\u00f3nima<\/a><\/li>\n<li class=\"page_item page-item-22438\"><a href=\"https:\/\/allin1bitcoins.com\/es\/crypto\/bitcoin\/google-pay\/\">C\u00f3mo Comprar Bitcoin (BTC) Con Google Pay<\/a><\/li>\n<li class=\"page_item page-item-22455\"><a href=\"https:\/\/allin1bitcoins.com\/es\/crypto\/bitcoin\/neteller\/\">C\u00f3mo Comprar Bitcoin (BTC) Con Neteller<\/a><\/li>\n<li class=\"page_item page-item-22409\"><a href=\"https:\/\/allin1bitcoins.com\/es\/crypto\/bitcoin\/paypal\/\">C\u00f3mo Comprar Bitcoin (BTC) Con Paypal<\/a><\/li>\n<li class=\"page_item page-item-22463\"><a href=\"https:\/\/allin1bitcoins.com\/es\/crypto\/bitcoin\/paysafecard\/\">C\u00f3mo Comprar Bitcoin (BTC) Con Paysafecard<\/a><\/li>\n<li class=\"page_item page-item-22472\"><a href=\"https:\/\/allin1bitcoins.com\/es\/crypto\/bitcoin\/skrill\/\">C\u00f3mo Comprar Bitcoin (BTC) Con Skrill<\/a><\/li>\n<li class=\"page_item page-item-22390\"><a href=\"https:\/\/allin1bitcoins.com\/es\/crypto\/bitcoin\/credit-card\/\">C\u00f3mo Comprar Bitcoin (BTC) Con Tarjeta De Cr\u00e9dito<\/a><\/li>\n<li class=\"page_item page-item-22430\"><a href=\"https:\/\/allin1bitcoins.com\/es\/crypto\/bitcoin\/bank-account\/\">C\u00f3mo Comprar Bitcoin (BTC) Con Una Cuenta Bancaria<\/a><\/li>\n<li class=\"page_item page-item-22580\"><a href=\"https:\/\/allin1bitcoins.com\/es\/crypto\/bitcoin\/debit-card\/\">C\u00f3mo Comprar Bitcoin (BTC) Con Una Tarjeta De D\u00e9bito<\/a><\/li>\n<li class=\"page_item page-item-22480\"><a href=\"https:\/\/allin1bitcoins.com\/es\/crypto\/bitcoin\/venmo\/\">C\u00f3mo Comprar Bitcoin (BTC) Con Venmo<\/a><\/li>\n<li class=\"page_item page-item-22526\"><a href=\"https:\/\/allin1bitcoins.com\/es\/crypto\/bitcoin\/australia\/\">C\u00f3mo Comprar Bitcoin (BTC) En Australia<\/a><\/li>\n<li class=\"page_item page-item-22547\"><a href=\"https:\/\/allin1bitcoins.com\/es\/crypto\/bitcoin\/canada\/\">C\u00f3mo Comprar Bitcoin (BTC) En Canad\u00e1<\/a><\/li>\n<li class=\"page_item page-item-22507\"><a href=\"https:\/\/allin1bitcoins.com\/es\/crypto\/bitcoin\/united-kingdom\/\">C\u00f3mo Comprar Bitcoin (BTC) En El Reino Unido<\/a><\/li>\n<li class=\"page_item page-item-22515\"><a href=\"https:\/\/allin1bitcoins.com\/es\/crypto\/bitcoin\/united-states\/\">C\u00f3mo Comprar Bitcoin (BTC) En Los Estados Unidos<\/a><\/li>\n<li class=\"page_item page-item-22539\"><a href=\"https:\/\/allin1bitcoins.com\/es\/crypto\/bitcoin\/the-netherlands\/\">C\u00f3mo Comprar Bitcoin (BTC) En Los Pa\u00edses Bajos<\/a><\/li>\n<li class=\"page_item page-item-22555\"><a href=\"https:\/\/allin1bitcoins.com\/es\/crypto\/bitcoin\/norway\/\">C\u00f3mo Comprar Bitcoin (BTC) En Noruega<\/a><\/li>\n<li class=\"page_item page-item-22498\"><a href=\"https:\/\/allin1bitcoins.com\/es\/crypto\/bitcoin\/new-zealand\/\">C\u00f3mo Comprar Bitcoin (BTC) En Nueva Zelanda<\/a><\/li>\n<li class=\"page_item page-item-22564\"><a href=\"https:\/\/allin1bitcoins.com\/es\/crypto\/bitcoin\/switzerland\/\">C\u00f3mo Comprar Bitcoin (BTC) En Suiza<\/a><\/li>\n\n<\/ul>\n","protected":false},"excerpt":{"rendered":"<p>Si est\u00e1s interesado en comprar Bitcoin en Nueva Zelanda, lo primero que debes hacer es encontrar un intercambio de criptomonedas que sea compatible con Bitcoin. Si est\u00e1s interesado en comprar Bitcoin en Nueva Zelanda, ve aqu\u00ed. Coinbase, Bitfinex y Binance son algunos de los intercambios m\u00e1s conocidos en Nueva Zelanda que admiten Bitcoin. Despu\u00e9s de&#8230;<\/p>\n","protected":false},"author":5,"featured_media":13061,"parent":22371,"menu_order":0,"comment_status":"closed","ping_status":"closed","template":"","meta":{"cybocfi_hide_featured_image":"","footnotes":""},"acf":[],"yoast_head":"<!-- This site is optimized with the Yoast SEO plugin v21.7 - https:\/\/yoast.com\/wordpress\/plugins\/seo\/ -->\n<title>C\u00f3mo Comprar Bitcoin (BTC) En Nueva Zelanda<\/title>\n<meta name=\"description\" content=\"Si est\u00e1s interesado en comprar Bitcoin en NZ, busca un exchange de criptomonedas que sea compatible con Bitcoin.\" \/>\n<meta name=\"robots\" content=\"index, follow, max-snippet:-1, max-image-preview:large, max-video-preview:-1\" \/>\n<link rel=\"canonical\" href=\"https:\/\/allin1bitcoins.com\/es\/crypto\/bitcoin\/new-zealand\/\" \/>\n<meta property=\"og:locale\" content=\"es_ES\" \/>\n<meta property=\"og:type\" content=\"article\" \/>\n<meta property=\"og:title\" content=\"C\u00f3mo Comprar Bitcoin (BTC) En Nueva Zelanda\" \/>\n<meta property=\"og:description\" content=\"Si est\u00e1s interesado en comprar Bitcoin en NZ, busca un exchange de criptomonedas que sea compatible con Bitcoin.\" \/>\n<meta property=\"og:url\" content=\"https:\/\/allin1bitcoins.com\/es\/crypto\/bitcoin\/new-zealand\/\" \/>\n<meta property=\"og:site_name\" content=\"Allin1Bitcoins\" \/>\n<meta property=\"article:modified_time\" content=\"2023-03-02T14:28:43+00:00\" \/>\n<meta property=\"og:image\" content=\"https:\/\/allin1bitcoins.com\/wp-content\/uploads\/2023\/01\/pexels-moose-photos-1036635.jpg\" \/>\n\t<meta property=\"og:image:width\" content=\"639\" \/>\n\t<meta property=\"og:image:height\" content=\"391\" \/>\n\t<meta property=\"og:image:type\" content=\"image\/jpeg\" \/>\n<meta name=\"twitter:card\" content=\"summary_large_image\" \/>\n<meta name=\"twitter:label1\" content=\"Est. reading time\" \/>\n\t<meta name=\"twitter:data1\" content=\"4 minutes\" \/>\n<!-- \/ Yoast SEO plugin. -->","yoast_head_json":{"title":"C\u00f3mo Comprar Bitcoin (BTC) En Nueva Zelanda","description":"Si est\u00e1s interesado en comprar Bitcoin en NZ, busca un exchange de criptomonedas que sea compatible con Bitcoin.","robots":{"index":"index","follow":"follow","max-snippet":"max-snippet:-1","max-image-preview":"max-image-preview:large","max-video-preview":"max-video-preview:-1"},"canonical":"https:\/\/allin1bitcoins.com\/es\/crypto\/bitcoin\/new-zealand\/","og_locale":"es_ES","og_type":"article","og_title":"C\u00f3mo Comprar Bitcoin (BTC) En Nueva Zelanda","og_description":"Si est\u00e1s interesado en comprar Bitcoin en NZ, busca un exchange de criptomonedas que sea compatible con Bitcoin.","og_url":"https:\/\/allin1bitcoins.com\/es\/crypto\/bitcoin\/new-zealand\/","og_site_name":"Allin1Bitcoins","article_modified_time":"2023-03-02T14:28:43+00:00","og_image":[{"width":639,"height":391,"url":"https:\/\/allin1bitcoins.com\/wp-content\/uploads\/2023\/01\/pexels-moose-photos-1036635.jpg","type":"image\/jpeg"}],"twitter_card":"summary_large_image","twitter_misc":{"Est. reading time":"4 minutes"},"schema":{"@context":"https:\/\/schema.org","@graph":[{"@type":"WebPage","@id":"https:\/\/allin1bitcoins.com\/es\/crypto\/bitcoin\/new-zealand\/","url":"https:\/\/allin1bitcoins.com\/es\/crypto\/bitcoin\/new-zealand\/","name":"C\u00f3mo Comprar Bitcoin (BTC) En Nueva Zelanda","isPartOf":{"@id":"https:\/\/allin1bitcoins.com\/es\/#website"},"datePublished":"2023-03-02T14:28:40+00:00","dateModified":"2023-03-02T14:28:43+00:00","description":"Si est\u00e1s interesado en comprar Bitcoin en NZ, busca un exchange de criptomonedas que sea compatible con Bitcoin.","breadcrumb":{"@id":"https:\/\/allin1bitcoins.com\/es\/crypto\/bitcoin\/new-zealand\/#breadcrumb"},"inLanguage":"es","potentialAction":[{"@type":"ReadAction","target":["https:\/\/allin1bitcoins.com\/es\/crypto\/bitcoin\/new-zealand\/"]}]},{"@type":"BreadcrumbList","@id":"https:\/\/allin1bitcoins.com\/es\/crypto\/bitcoin\/new-zealand\/#breadcrumb","itemListElement":[{"@type":"ListItem","position":1,"name":"Home","item":"https:\/\/allin1bitcoins.com\/es\/"},{"@type":"ListItem","position":2,"name":"Cripto","item":"https:\/\/allin1bitcoins.com\/es\/crypto\/"},{"@type":"ListItem","position":3,"name":"C\u00f3mo Comprar Bitcoin (BTC)","item":"https:\/\/allin1bitcoins.com\/es\/crypto\/bitcoin\/"},{"@type":"ListItem","position":4,"name":"C\u00f3mo Comprar Bitcoin (BTC) En Nueva Zelanda"}]},{"@type":"WebSite","@id":"https:\/\/allin1bitcoins.com\/es\/#website","url":"https:\/\/allin1bitcoins.com\/es\/","name":"Allin1Bitcoins","description":"","publisher":{"@id":"https:\/\/allin1bitcoins.com\/es\/#organization"},"potentialAction":[{"@type":"SearchAction","target":{"@type":"EntryPoint","urlTemplate":"https:\/\/allin1bitcoins.com\/es\/?s={search_term_string}"},"query-input":"required name=search_term_string"}],"inLanguage":"es"},{"@type":"Organization","@id":"https:\/\/allin1bitcoins.com\/es\/#organization","name":"allin1bitcoins","url":"https:\/\/allin1bitcoins.com\/es\/","logo":{"@type":"ImageObject","inLanguage":"es","@id":"https:\/\/allin1bitcoins.com\/es\/#\/schema\/logo\/image\/","url":"https:\/\/allin1bitcoins.com\/wp-content\/uploads\/2019\/01\/logo-new.png","contentUrl":"https:\/\/allin1bitcoins.com\/wp-content\/uploads\/2019\/01\/logo-new.png","width":178,"height":71,"caption":"allin1bitcoins"},"image":{"@id":"https:\/\/allin1bitcoins.com\/es\/#\/schema\/logo\/image\/"}}]}},"_links":{"self":[{"href":"https:\/\/allin1bitcoins.com\/es\/wp-json\/wp\/v2\/pages\/22498"}],"collection":[{"href":"https:\/\/allin1bitcoins.com\/es\/wp-json\/wp\/v2\/pages"}],"about":[{"href":"https:\/\/allin1bitcoins.com\/es\/wp-json\/wp\/v2\/types\/page"}],"author":[{"embeddable":true,"href":"https:\/\/allin1bitcoins.com\/es\/wp-json\/wp\/v2\/users\/5"}],"replies":[{"embeddable":true,"href":"https:\/\/allin1bitcoins.com\/es\/wp-json\/wp\/v2\/comments?post=22498"}],"version-history":[{"count":2,"href":"https:\/\/allin1bitcoins.com\/es\/wp-json\/wp\/v2\/pages\/22498\/revisions"}],"predecessor-version":[{"id":22503,"href":"https:\/\/allin1bitcoins.com\/es\/wp-json\/wp\/v2\/pages\/22498\/revisions\/22503"}],"up":[{"embeddable":true,"href":"https:\/\/allin1bitcoins.com\/es\/wp-json\/wp\/v2\/pages\/22371"}],"wp:featuredmedia":[{"embeddable":true,"href":"https:\/\/allin1bitcoins.com\/es\/wp-json\/wp\/v2\/media\/13061"}],"wp:attachment":[{"href":"https:\/\/allin1bitcoins.com\/es\/wp-json\/wp\/v2\/media?parent=22498"}],"curies":[{"name":"wp","href":"https:\/\/api.w.org\/{rel}","templated":true}]}}