{"id":22515,"date":"2023-03-02T15:48:54","date_gmt":"2023-03-02T15:48:54","guid":{"rendered":"https:\/\/allin1bitcoins.com\/?page_id=22515"},"modified":"2023-03-02T15:48:57","modified_gmt":"2023-03-02T15:48:57","slug":"united-states","status":"publish","type":"page","link":"https:\/\/allin1bitcoins.com\/es\/crypto\/bitcoin\/united-states\/","title":{"rendered":"C\u00f3mo Comprar Bitcoin (BTC) En Los Estados Unidos"},"content":{"rendered":"\n<p><strong>El procedimiento es comparativamente sencillo si deseas comprar Bitcoin en los Estados Unidos. Aqu\u00ed hay un resumen r\u00e1pido de las acciones que debes tomar:<\/strong><\/p>\n\n\n\n<ol><li>Elige un intercambio de Bitcoin confiable como Coinbase, Bitstamp o Kraken.<\/li><li>Reg\u00edstrate para obtener una cuenta en el intercambio y autentica tu identidad.<\/li><li>Conecta un m\u00e9todo de pago, como una tarjeta de cr\u00e9dito o una cuenta bancaria.<\/li><li>Utiliza la interfaz del intercambio para comprar Bitcoin.<\/li><li>Transferir tu Bitcoin a una billetera que poseas lo mantendr\u00e1 seguro.<\/li><li>El procedimiento general es el siguiente, aunque hay algunas consideraciones adicionales. Para obtener una explicaci\u00f3n detallada de c\u00f3mo comprar Bitcoin en los Estados Unidos, sigue leyendo.<\/li><\/ol>\n\n\n\n<h2 class=\"wp-block-heading\">Resumen de Bitcoin<\/h2>\n\n\n\n<p>Satoshi Nakamoto cre\u00f3 Bitcoin, una moneda digital y sistema de pago descentralizado. Sin la necesidad de una autoridad centralizada, permite transacciones peer-to-peer. En la cadena de bloques, un libro mayor compartido, se registran las transacciones.<\/p>\n\n\n\n<p>A trav\u00e9s de un procedimiento llamado &#8220;miner\u00eda&#8221;, en el que los usuarios donan la capacidad de procesamiento de su computadora para verificar y registrar transacciones en la cadena de bloques, la cantidad de Bitcoin est\u00e1 limitada y regulada. Al hacer esto, m\u00e1s Bitcoins ingresan al mercado. Solo se crear\u00e1n 21 millones de Bitcoins, y hasta enero de 2021, se han extra\u00eddo m\u00e1s de 18 millones.<\/p>\n\n\n\n<h2 class=\"wp-block-heading\">Ventajas de comprar Bitcoin<\/h2>\n\n\n\n<p><strong>Hay varios factores a considerar antes de comprar Bitcoin. Algunas de las ventajas principales son las siguientes:<\/strong><\/p>\n\n\n\n<ul><li><strong>Posibilidad de apreciaci\u00f3n: <\/strong>El precio de los bitcoins puede cambiar, al igual que cualquier otro activo. Aunque hist\u00f3ricamente extremadamente vol\u00e1til, algunas personas piensan que tiene el potencial de apreciarse enormemente en valor a largo plazo.<br><br><\/li><li><strong>Descentralizado:<\/strong> Bitcoin no est\u00e1 sujeto a los caprichos de los gobiernos o los bancos centrales debido a su naturaleza descentralizada. Para aquellos que desconf\u00edan de las instituciones bancarias convencionales, esto puede ser ventajoso.<br><br><\/li><li><strong>Anonimato:<\/strong> Aunque la cadena de bloques es accesible para todos, los usuarios de Bitcoin solo son identificados por sus largas cadenas de letras y n\u00fameros que conforman sus direcciones de Bitcoin. Esto significa que puedes hacer negocios sin revelar tu identidad.<\/li><\/ul>\n\n\n\n<h2 class=\"wp-block-heading\">Instrucciones detalladas sobre c\u00f3mo comprar Bitcoin en los Estados Unidos<\/h2>\n\n\n\n<p><strong>Aqu\u00ed hay una instrucci\u00f3n paso a paso sobre c\u00f3mo comprar Bitcoin en los Estados Unidos:<\/strong><\/p>\n\n\n\n<ol><li><strong>Selecciona un intercambio de Bitcoin confiable: <\/strong>Hay varios para elegir, pero algunos de los m\u00e1s populares para los usuarios de EE. UU. son Kraken, Bitstamp y Coinbase. Para proteger la seguridad de tu dinero, es cruvcial seleccionar un intercambio confiable.<br><br><\/li><li><strong>Crea una cuenta:<\/strong> Una vez que hayas elegido un intercambio, debes crear una cuenta primero. Por lo general, esto implica proporcionar informaci\u00f3n personal y demostrar tu identificaci\u00f3n.<br><br><\/li><li><strong>Conecta un m\u00e9todo de pago:<\/strong> La mayor\u00eda de los intercambios permiten vincular una tarjeta de cr\u00e9dito o una cuenta bancaria a tu cuenta. Podr\u00e1s comprar Bitcoin utilizando este m\u00e9todo.<br><br><\/li><li><strong>Compra Bitcoin:<\/strong> Utilizando la interfaz de usuario del intercambio, puedes comprar Bitcoin despu\u00e9s de configurar tu cuenta y conectar tu m\u00e9todo de pago. Normalmente, esto implica hacer un pedido y especificar la cantidad de Bitcoin que deseas comprar.<br><br><\/li><li><strong>Todo hecho: <\/strong>Aseg\u00farate de la seguridad de tu Bitcoin transfiri\u00e9ndolo a una billetera que poseas despu\u00e9s de comprarlo. Puede ser una billetera de papel, una billetera de hardware o una billetera de software. Al hacer esto, puedes asegurarte de que tu Bitcoin est\u00e9 seguro y que tengas un control total sobre \u00e9l.<\/li><\/ol>\n\n\n\n<figure class=\"wp-block-embed is-type-video is-provider-youtube wp-block-embed-youtube wp-embed-aspect-16-9 wp-has-aspect-ratio\"><div class=\"wp-block-embed__wrapper\">\n<iframe title=\"How to Buy Bitcoin (in 2 minutes) - 2023 Updated\" width=\"800\" height=\"450\" src=\"https:\/\/www.youtube.com\/embed\/3QH7ZTibV-Q?feature=oembed\" frameborder=\"0\" allow=\"accelerometer; autoplay; clipboard-write; encrypted-media; gyroscope; picture-in-picture; web-share\" allowfullscreen><\/iframe>\n<\/div><\/figure>\n\n\n\n<h2 class=\"wp-block-heading\">Impuestos sobre las compras de Bitcoin en los Estados Unidos<\/h2>\n\n\n\n<p>Si compras y vendes Bitcoin con fines de lucro en los Estados Unidos, deber\u00e1s pagar impuestos sobre tus ganancias. Tu situaci\u00f3n particular determinar\u00e1 los detalles de c\u00f3mo funciona esto, pero en t\u00e9rminos generales, dependiendo de cu\u00e1nto tiempo hayas mantenido el Bitcoin, deber\u00e1s declarar tus ganancias como ganancias de capital o ingresos regulares. Si mantuviste el Bitcoin durante menos de un a\u00f1o antes de venderlo, tus ganancias se gravar\u00e1n como ingresos ordinarios a tu tasa de impuestos correspondiente. Si mantuviste el Bitcoin durante m\u00e1s de un a\u00f1o antes de venderlo, tus ganancias se gravar\u00e1n como ganancias de capital a largo plazo, que normalmente se gravan a una tasa m\u00e1s baja que los ingresos regulares.<\/p>\n\n\n\n<p>Es crucial llevar un registro de tus transacciones de Bitcoin para declarar adecuadamente tus ganancias en tu declaraci\u00f3n de impuestos. Seg\u00fan las instrucciones del IRS sobre el estado tributario de las monedas virtuales, la falta de declaraci\u00f3n de las ganancias de Bitcoin podr\u00eda resultar en multas e intereses.<\/p>\n\n\n\n<h2 class=\"wp-block-heading\">Conclusi\u00f3n<\/h2>\n\n\n\n<p>Aunque comprar Bitcoin en los Estados Unidos es bastante simple, es crucial elegir un intercambio confiable y tomar precauciones para proteger tu Bitcoin una vez que lo hayas hecho. Las ramificaciones fiscales de comprar y vender Bitcoin tambi\u00e9n son cruciales de entender, ya que deber\u00e1s declarar cualquier ganancia en tu declaraci\u00f3n de impuestos. Si tienes esto en cuenta, deber\u00edas estar listo para comenzar a comprar Bitcoin en los Estados Unidos.<\/p>\n\n\n\n<!-- Page-list plugin v.5.9 wordpress.org\/plugins\/page-list\/ -->\n<ul class=\"page-list siblings-page-list \">\n<li class=\"page_item page-item-22414\"><a href=\"https:\/\/allin1bitcoins.com\/es\/crypto\/bitcoin\/american-express\/\">C\u00f3mo Comprar Bitcoin (BTC) Con American Express<\/a><\/li>\n<li class=\"page_item page-item-22422\"><a href=\"https:\/\/allin1bitcoins.com\/es\/crypto\/bitcoin\/apple-pay\/\">C\u00f3mo Comprar Bitcoin (BTC) Con Apple Pay<\/a><\/li>\n<li class=\"page_item page-item-22488\"><a href=\"https:\/\/allin1bitcoins.com\/es\/crypto\/bitcoin\/crypto-anonymously\/\">C\u00f3mo Comprar Bitcoin (BTC) Con Criptomonedas De Forma An\u00f3nima<\/a><\/li>\n<li class=\"page_item page-item-22438\"><a href=\"https:\/\/allin1bitcoins.com\/es\/crypto\/bitcoin\/google-pay\/\">C\u00f3mo Comprar Bitcoin (BTC) Con Google Pay<\/a><\/li>\n<li class=\"page_item page-item-22455\"><a href=\"https:\/\/allin1bitcoins.com\/es\/crypto\/bitcoin\/neteller\/\">C\u00f3mo Comprar Bitcoin (BTC) Con Neteller<\/a><\/li>\n<li class=\"page_item page-item-22409\"><a href=\"https:\/\/allin1bitcoins.com\/es\/crypto\/bitcoin\/paypal\/\">C\u00f3mo Comprar Bitcoin (BTC) Con Paypal<\/a><\/li>\n<li class=\"page_item page-item-22463\"><a href=\"https:\/\/allin1bitcoins.com\/es\/crypto\/bitcoin\/paysafecard\/\">C\u00f3mo Comprar Bitcoin (BTC) Con Paysafecard<\/a><\/li>\n<li class=\"page_item page-item-22472\"><a href=\"https:\/\/allin1bitcoins.com\/es\/crypto\/bitcoin\/skrill\/\">C\u00f3mo Comprar Bitcoin (BTC) Con Skrill<\/a><\/li>\n<li class=\"page_item page-item-22390\"><a href=\"https:\/\/allin1bitcoins.com\/es\/crypto\/bitcoin\/credit-card\/\">C\u00f3mo Comprar Bitcoin (BTC) Con Tarjeta De Cr\u00e9dito<\/a><\/li>\n<li class=\"page_item page-item-22430\"><a href=\"https:\/\/allin1bitcoins.com\/es\/crypto\/bitcoin\/bank-account\/\">C\u00f3mo Comprar Bitcoin (BTC) Con Una Cuenta Bancaria<\/a><\/li>\n<li class=\"page_item page-item-22580\"><a href=\"https:\/\/allin1bitcoins.com\/es\/crypto\/bitcoin\/debit-card\/\">C\u00f3mo Comprar Bitcoin (BTC) Con Una Tarjeta De D\u00e9bito<\/a><\/li>\n<li class=\"page_item page-item-22480\"><a href=\"https:\/\/allin1bitcoins.com\/es\/crypto\/bitcoin\/venmo\/\">C\u00f3mo Comprar Bitcoin (BTC) Con Venmo<\/a><\/li>\n<li class=\"page_item page-item-22526\"><a href=\"https:\/\/allin1bitcoins.com\/es\/crypto\/bitcoin\/australia\/\">C\u00f3mo Comprar Bitcoin (BTC) En Australia<\/a><\/li>\n<li class=\"page_item page-item-22547\"><a href=\"https:\/\/allin1bitcoins.com\/es\/crypto\/bitcoin\/canada\/\">C\u00f3mo Comprar Bitcoin (BTC) En Canad\u00e1<\/a><\/li>\n<li class=\"page_item page-item-22507\"><a href=\"https:\/\/allin1bitcoins.com\/es\/crypto\/bitcoin\/united-kingdom\/\">C\u00f3mo Comprar Bitcoin (BTC) En El Reino Unido<\/a><\/li>\n<li class=\"page_item page-item-22515\"><a href=\"https:\/\/allin1bitcoins.com\/es\/crypto\/bitcoin\/united-states\/\">C\u00f3mo Comprar Bitcoin (BTC) En Los Estados Unidos<\/a><\/li>\n<li class=\"page_item page-item-22539\"><a href=\"https:\/\/allin1bitcoins.com\/es\/crypto\/bitcoin\/the-netherlands\/\">C\u00f3mo Comprar Bitcoin (BTC) En Los Pa\u00edses Bajos<\/a><\/li>\n<li class=\"page_item page-item-22555\"><a href=\"https:\/\/allin1bitcoins.com\/es\/crypto\/bitcoin\/norway\/\">C\u00f3mo Comprar Bitcoin (BTC) En Noruega<\/a><\/li>\n<li class=\"page_item page-item-22498\"><a href=\"https:\/\/allin1bitcoins.com\/es\/crypto\/bitcoin\/new-zealand\/\">C\u00f3mo Comprar Bitcoin (BTC) En Nueva Zelanda<\/a><\/li>\n<li class=\"page_item page-item-22564\"><a href=\"https:\/\/allin1bitcoins.com\/es\/crypto\/bitcoin\/switzerland\/\">C\u00f3mo Comprar Bitcoin (BTC) En Suiza<\/a><\/li>\n\n<\/ul>\n","protected":false},"excerpt":{"rendered":"<p>El procedimiento es comparativamente sencillo si deseas comprar Bitcoin en los Estados Unidos. Aqu\u00ed hay un resumen r\u00e1pido de las acciones que debes tomar: Elige un intercambio de Bitcoin confiable como Coinbase, Bitstamp o Kraken. Reg\u00edstrate para obtener una cuenta en el intercambio y autentica tu identidad. Conecta un m\u00e9todo de pago, como una tarjeta&#8230;<\/p>\n","protected":false},"author":5,"featured_media":13677,"parent":22371,"menu_order":0,"comment_status":"closed","ping_status":"closed","template":"","meta":{"cybocfi_hide_featured_image":"","footnotes":""},"acf":[],"yoast_head":"<!-- This site is optimized with the Yoast SEO plugin v21.7 - https:\/\/yoast.com\/wordpress\/plugins\/seo\/ -->\n<title>C\u00f3mo Comprar Bitcoin (BTC) En Los Estados Unidos<\/title>\n<meta name=\"description\" content=\"El procedimiento es relativamente sencillo si deseas comprar Bitcoin (BTC) en EE. UU. Aqu\u00ed hay un resumen r\u00e1pido.\" \/>\n<meta name=\"robots\" content=\"index, follow, max-snippet:-1, max-image-preview:large, max-video-preview:-1\" \/>\n<link rel=\"canonical\" href=\"https:\/\/allin1bitcoins.com\/es\/crypto\/bitcoin\/united-states\/\" \/>\n<meta property=\"og:locale\" content=\"es_ES\" \/>\n<meta property=\"og:type\" content=\"article\" \/>\n<meta property=\"og:title\" content=\"C\u00f3mo Comprar Bitcoin (BTC) En Los Estados Unidos\" \/>\n<meta property=\"og:description\" content=\"El procedimiento es relativamente sencillo si deseas comprar Bitcoin (BTC) en EE. UU. Aqu\u00ed hay un resumen r\u00e1pido.\" \/>\n<meta property=\"og:url\" content=\"https:\/\/allin1bitcoins.com\/es\/crypto\/bitcoin\/united-states\/\" \/>\n<meta property=\"og:site_name\" content=\"Allin1Bitcoins\" \/>\n<meta property=\"article:modified_time\" content=\"2023-03-02T15:48:57+00:00\" \/>\n<meta property=\"og:image\" content=\"https:\/\/allin1bitcoins.com\/wp-content\/uploads\/2023\/01\/pexels-david-mcbee-730564.jpg\" \/>\n\t<meta property=\"og:image:width\" content=\"1280\" \/>\n\t<meta property=\"og:image:height\" content=\"960\" \/>\n\t<meta property=\"og:image:type\" content=\"image\/jpeg\" \/>\n<meta name=\"twitter:card\" content=\"summary_large_image\" \/>\n<meta name=\"twitter:label1\" content=\"Est. reading time\" \/>\n\t<meta name=\"twitter:data1\" content=\"4 minutes\" \/>\n<!-- \/ Yoast SEO plugin. -->","yoast_head_json":{"title":"C\u00f3mo Comprar Bitcoin (BTC) En Los Estados Unidos","description":"El procedimiento es relativamente sencillo si deseas comprar Bitcoin (BTC) en EE. UU. Aqu\u00ed hay un resumen r\u00e1pido.","robots":{"index":"index","follow":"follow","max-snippet":"max-snippet:-1","max-image-preview":"max-image-preview:large","max-video-preview":"max-video-preview:-1"},"canonical":"https:\/\/allin1bitcoins.com\/es\/crypto\/bitcoin\/united-states\/","og_locale":"es_ES","og_type":"article","og_title":"C\u00f3mo Comprar Bitcoin (BTC) En Los Estados Unidos","og_description":"El procedimiento es relativamente sencillo si deseas comprar Bitcoin (BTC) en EE. UU. Aqu\u00ed hay un resumen r\u00e1pido.","og_url":"https:\/\/allin1bitcoins.com\/es\/crypto\/bitcoin\/united-states\/","og_site_name":"Allin1Bitcoins","article_modified_time":"2023-03-02T15:48:57+00:00","og_image":[{"width":1280,"height":960,"url":"https:\/\/allin1bitcoins.com\/wp-content\/uploads\/2023\/01\/pexels-david-mcbee-730564.jpg","type":"image\/jpeg"}],"twitter_card":"summary_large_image","twitter_misc":{"Est. reading time":"4 minutes"},"schema":{"@context":"https:\/\/schema.org","@graph":[{"@type":"WebPage","@id":"https:\/\/allin1bitcoins.com\/es\/crypto\/bitcoin\/united-states\/","url":"https:\/\/allin1bitcoins.com\/es\/crypto\/bitcoin\/united-states\/","name":"C\u00f3mo Comprar Bitcoin (BTC) En Los Estados Unidos","isPartOf":{"@id":"https:\/\/allin1bitcoins.com\/es\/#website"},"datePublished":"2023-03-02T15:48:54+00:00","dateModified":"2023-03-02T15:48:57+00:00","description":"El procedimiento es relativamente sencillo si deseas comprar Bitcoin (BTC) en EE. UU. Aqu\u00ed hay un resumen r\u00e1pido.","breadcrumb":{"@id":"https:\/\/allin1bitcoins.com\/es\/crypto\/bitcoin\/united-states\/#breadcrumb"},"inLanguage":"es","potentialAction":[{"@type":"ReadAction","target":["https:\/\/allin1bitcoins.com\/es\/crypto\/bitcoin\/united-states\/"]}]},{"@type":"BreadcrumbList","@id":"https:\/\/allin1bitcoins.com\/es\/crypto\/bitcoin\/united-states\/#breadcrumb","itemListElement":[{"@type":"ListItem","position":1,"name":"Home","item":"https:\/\/allin1bitcoins.com\/es\/"},{"@type":"ListItem","position":2,"name":"Cripto","item":"https:\/\/allin1bitcoins.com\/es\/crypto\/"},{"@type":"ListItem","position":3,"name":"C\u00f3mo Comprar Bitcoin (BTC)","item":"https:\/\/allin1bitcoins.com\/es\/crypto\/bitcoin\/"},{"@type":"ListItem","position":4,"name":"C\u00f3mo Comprar Bitcoin (BTC) En Los Estados Unidos"}]},{"@type":"WebSite","@id":"https:\/\/allin1bitcoins.com\/es\/#website","url":"https:\/\/allin1bitcoins.com\/es\/","name":"Allin1Bitcoins","description":"","publisher":{"@id":"https:\/\/allin1bitcoins.com\/es\/#organization"},"potentialAction":[{"@type":"SearchAction","target":{"@type":"EntryPoint","urlTemplate":"https:\/\/allin1bitcoins.com\/es\/?s={search_term_string}"},"query-input":"required name=search_term_string"}],"inLanguage":"es"},{"@type":"Organization","@id":"https:\/\/allin1bitcoins.com\/es\/#organization","name":"allin1bitcoins","url":"https:\/\/allin1bitcoins.com\/es\/","logo":{"@type":"ImageObject","inLanguage":"es","@id":"https:\/\/allin1bitcoins.com\/es\/#\/schema\/logo\/image\/","url":"https:\/\/allin1bitcoins.com\/wp-content\/uploads\/2019\/01\/logo-new.png","contentUrl":"https:\/\/allin1bitcoins.com\/wp-content\/uploads\/2019\/01\/logo-new.png","width":178,"height":71,"caption":"allin1bitcoins"},"image":{"@id":"https:\/\/allin1bitcoins.com\/es\/#\/schema\/logo\/image\/"}}]}},"_links":{"self":[{"href":"https:\/\/allin1bitcoins.com\/es\/wp-json\/wp\/v2\/pages\/22515"}],"collection":[{"href":"https:\/\/allin1bitcoins.com\/es\/wp-json\/wp\/v2\/pages"}],"about":[{"href":"https:\/\/allin1bitcoins.com\/es\/wp-json\/wp\/v2\/types\/page"}],"author":[{"embeddable":true,"href":"https:\/\/allin1bitcoins.com\/es\/wp-json\/wp\/v2\/users\/5"}],"replies":[{"embeddable":true,"href":"https:\/\/allin1bitcoins.com\/es\/wp-json\/wp\/v2\/comments?post=22515"}],"version-history":[{"count":1,"href":"https:\/\/allin1bitcoins.com\/es\/wp-json\/wp\/v2\/pages\/22515\/revisions"}],"predecessor-version":[{"id":22516,"href":"https:\/\/allin1bitcoins.com\/es\/wp-json\/wp\/v2\/pages\/22515\/revisions\/22516"}],"up":[{"embeddable":true,"href":"https:\/\/allin1bitcoins.com\/es\/wp-json\/wp\/v2\/pages\/22371"}],"wp:featuredmedia":[{"embeddable":true,"href":"https:\/\/allin1bitcoins.com\/es\/wp-json\/wp\/v2\/media\/13677"}],"wp:attachment":[{"href":"https:\/\/allin1bitcoins.com\/es\/wp-json\/wp\/v2\/media?parent=22515"}],"curies":[{"name":"wp","href":"https:\/\/api.w.org\/{rel}","templated":true}]}}